{"id":290930,"date":"2024-04-06T16:46:04","date_gmt":"2024-04-06T14:46:04","guid":{"rendered":"https:\/\/miomiorun.com\/prodotto\/reusable-race-day-cup\/"},"modified":"2026-05-07T16:02:47","modified_gmt":"2026-05-07T14:02:47","slug":"reusable-race-day-cup","status":"publish","type":"product","link":"https:\/\/www.miomiorun.com\/es\/producto\/reusable-race-day-cup\/","title":{"rendered":"Reusable race day cup"},"content":{"rendered":"<h2>POR QU\u00c9 TE ENCANTAR\u00c1N<\/h2>\n<p>Perfectas para el d\u00eda de la carrera, estas copas flexibles son plegables y se pueden guardar f\u00e1cilmente en el cintur\u00f3n o en el bolsillo. Cumplen con los requisitos de muchas competiciones en 2022.<\/p>\n<h3>CARACTER\u00cdSTICAS<\/h3>\n<ul>\n<li>Dos vasos plegables que se pliegan para guardarlos r\u00e1pidamente<\/li>\n<li>Borde estriado para beber f\u00e1cilmente<\/li>\n<li>Anilla de sujeci\u00f3n<\/li>\n<li>200 ml \/ 6,7 onzas l\u00edquidas<\/li>\n<li>Dimensiones: 6 x 2 x 2 pulgadas<\/li>\n<li>0,0025 libras \u2013 1,133 g<\/li>\n<li>100 % TPU<\/li>\n<\/ul>\n<p>Caracter\u00edsticas y tecnolog\u00eda<\/p>\n<p>ECOL\u00d3GICO<\/p>\n<p>Paquete de dos vasos flexibles y plegables dise\u00f1ados para usarse r\u00e1pidamente, guardarse f\u00e1cilmente y reutilizarse seg\u00fan sea necesario.<\/p>\n<p>F\u00c1CIL DE USAR<\/p>\n<p>El borde estriado permite beber a sorbos r\u00e1pidamente y con facilidad.<\/p>\n","protected":false},"excerpt":{"rendered":"<p>POR QU\u00c9 TE ENCANTAR\u00c1N Perfectas para el d\u00eda de la carrera, estas copas flexibles son plegables y se pueden guardar f\u00e1cilmente en el cintur\u00f3n o en el bolsillo. Cumplen con los requisitos de muchas competiciones en 2022. CARACTER\u00cdSTICAS Dos vasos plegables que se pliegan para guardarlos r\u00e1pidamente Borde estriado para beber f\u00e1cilmente Anilla de sujeci\u00f3n &hellip; <a href=\"https:\/\/www.miomiorun.com\/es\/producto\/reusable-race-day-cup\/\">Continued<\/a><\/p>\n","protected":false},"featured_media":246333,"template":"","meta":{"_acf_changed":false,"inline_featured_image":false},"product_brand":[],"product_cat":[24205,24217,24216],"product_tag":[23510],"class_list":{"0":"post-290930","1":"product","2":"type-product","3":"status-publish","4":"has-post-thumbnail","6":"product_cat-accesorios","7":"product_cat-frascos","8":"product_cat-hidratacion","9":"product_tag-nathan-es","10":"pa_attivita-caminar","11":"pa_attivita-outdoor-es","12":"pa_attivita-trail-es","13":"pa_marca-nathan-es","14":"pa_sesso-hombre","15":"pa_sesso-mujer","17":"first","18":"instock","19":"sale","20":"taxable","21":"shipping-taxable","22":"purchasable","23":"product-type-simple"},"acf":[],"yoast_head":"<!-- This site is optimized with the Yoast SEO plugin v26.8 - https:\/\/yoast.com\/product\/yoast-seo-wordpress\/ -->\n<title>Reusable race day cup - Copa corriendo - MioMioRun<\/title>\n<meta name=\"description\" content=\"Cuida el medio ambiente y disfruta de tu carrera con este vaso reutilizable para el d\u00eda de la prueba. Ligero y resistente\" \/>\n<meta name=\"robots\" content=\"index, follow, max-snippet:-1, max-image-preview:large, max-video-preview:-1\" \/>\n<link rel=\"canonical\" href=\"https:\/\/www.miomiorun.com\/es\/producto\/reusable-race-day-cup\/\" \/>\n<meta property=\"og:locale\" content=\"es_ES\" \/>\n<meta property=\"og:type\" content=\"article\" \/>\n<meta property=\"og:title\" content=\"Reusable race day cup - Copa corriendo - MioMioRun\" \/>\n<meta property=\"og:description\" content=\"Cuida el medio ambiente y disfruta de tu carrera con este vaso reutilizable para el d\u00eda de la prueba. Ligero y resistente\" \/>\n<meta property=\"og:url\" content=\"https:\/\/www.miomiorun.com\/es\/producto\/reusable-race-day-cup\/\" \/>\n<meta property=\"og:site_name\" content=\"MioMioRun\" \/>\n<meta property=\"article:publisher\" content=\"https:\/\/www.facebook.com\/miomiorun\/\" \/>\n<meta property=\"article:modified_time\" content=\"2026-05-07T14:02:47+00:00\" \/>\n<meta property=\"og:image\" content=\"https:\/\/www.miomiorun.com\/app\/uploads\/2024\/04\/nathan-Reusable-race-day-cup-40320.webp\" \/>\n\t<meta property=\"og:image:width\" content=\"600\" \/>\n\t<meta property=\"og:image:height\" content=\"600\" \/>\n\t<meta property=\"og:image:type\" content=\"image\/webp\" \/>\n<meta name=\"twitter:card\" content=\"summary_large_image\" \/>\n<meta name=\"twitter:label1\" content=\"Est. reading time\" \/>\n\t<meta name=\"twitter:data1\" content=\"1 minute\" \/>\n<script type=\"application\/ld+json\" class=\"yoast-schema-graph\">{\"@context\":\"https:\/\/schema.org\",\"@graph\":[{\"@type\":\"WebPage\",\"@id\":\"https:\/\/www.miomiorun.com\/es\/producto\/reusable-race-day-cup\/\",\"url\":\"https:\/\/www.miomiorun.com\/es\/producto\/reusable-race-day-cup\/\",\"name\":\"Reusable race day cup - Copa corriendo - MioMioRun\",\"isPartOf\":{\"@id\":\"https:\/\/www.miomiorun.com\/es\/#website\"},\"primaryImageOfPage\":{\"@id\":\"https:\/\/www.miomiorun.com\/es\/producto\/reusable-race-day-cup\/#primaryimage\"},\"image\":{\"@id\":\"https:\/\/www.miomiorun.com\/es\/producto\/reusable-race-day-cup\/#primaryimage\"},\"thumbnailUrl\":\"https:\/\/www.miomiorun.com\/app\/uploads\/2024\/04\/nathan-Reusable-race-day-cup-40320.webp\",\"datePublished\":\"2024-04-06T14:46:04+00:00\",\"dateModified\":\"2026-05-07T14:02:47+00:00\",\"description\":\"Cuida el medio ambiente y disfruta de tu carrera con este vaso reutilizable para el d\u00eda de la prueba. Ligero y resistente\",\"breadcrumb\":{\"@id\":\"https:\/\/www.miomiorun.com\/es\/producto\/reusable-race-day-cup\/#breadcrumb\"},\"inLanguage\":\"es-ES\",\"potentialAction\":[{\"@type\":\"ReadAction\",\"target\":[\"https:\/\/www.miomiorun.com\/es\/producto\/reusable-race-day-cup\/\"]}]},{\"@type\":\"ImageObject\",\"inLanguage\":\"es-ES\",\"@id\":\"https:\/\/www.miomiorun.com\/es\/producto\/reusable-race-day-cup\/#primaryimage\",\"url\":\"https:\/\/www.miomiorun.com\/app\/uploads\/2024\/04\/nathan-Reusable-race-day-cup-40320.webp\",\"contentUrl\":\"https:\/\/www.miomiorun.com\/app\/uploads\/2024\/04\/nathan-Reusable-race-day-cup-40320.webp\",\"width\":600,\"height\":600,\"caption\":\"nathan Reusable race day cup 40320\"},{\"@type\":\"BreadcrumbList\",\"@id\":\"https:\/\/www.miomiorun.com\/es\/producto\/reusable-race-day-cup\/#breadcrumb\",\"itemListElement\":[{\"@type\":\"ListItem\",\"position\":1,\"name\":\"Home\",\"item\":\"https:\/\/www.miomiorun.com\/es\/\"},{\"@type\":\"ListItem\",\"position\":2,\"name\":\"Shop\",\"item\":\"https:\/\/www.miomiorun.com\/shop\/\"},{\"@type\":\"ListItem\",\"position\":3,\"name\":\"Reusable race day cup\"}]},{\"@type\":\"WebSite\",\"@id\":\"https:\/\/www.miomiorun.com\/es\/#website\",\"url\":\"https:\/\/www.miomiorun.com\/es\/\",\"name\":\"MioMioRun\",\"description\":\"Tienda 100% running y trail\",\"publisher\":{\"@id\":\"https:\/\/www.miomiorun.com\/es\/#organization\"},\"potentialAction\":[{\"@type\":\"SearchAction\",\"target\":{\"@type\":\"EntryPoint\",\"urlTemplate\":\"https:\/\/www.miomiorun.com\/es\/?s={search_term_string}\"},\"query-input\":{\"@type\":\"PropertyValueSpecification\",\"valueRequired\":true,\"valueName\":\"search_term_string\"}}],\"inLanguage\":\"es-ES\"},{\"@type\":\"Organization\",\"@id\":\"https:\/\/www.miomiorun.com\/es\/#organization\",\"name\":\"MioMio Run\",\"url\":\"https:\/\/www.miomiorun.com\/es\/\",\"logo\":{\"@type\":\"ImageObject\",\"inLanguage\":\"es-ES\",\"@id\":\"https:\/\/www.miomiorun.com\/es\/#\/schema\/logo\/image\/\",\"url\":\"https:\/\/www.miomiorun.com\/app\/uploads\/2019\/12\/logomio.png\",\"contentUrl\":\"https:\/\/www.miomiorun.com\/app\/uploads\/2019\/12\/logomio.png\",\"width\":115,\"height\":82,\"caption\":\"MioMio Run\"},\"image\":{\"@id\":\"https:\/\/www.miomiorun.com\/es\/#\/schema\/logo\/image\/\"},\"sameAs\":[\"https:\/\/www.facebook.com\/miomiorun\/\",\"https:\/\/www.instagram.com\/miomiorun\/\"]}]}<\/script>\n<!-- \/ Yoast SEO plugin. -->","yoast_head_json":{"title":"Reusable race day cup - Copa corriendo - MioMioRun","description":"Cuida el medio ambiente y disfruta de tu carrera con este vaso reutilizable para el d\u00eda de la prueba. Ligero y resistente","robots":{"index":"index","follow":"follow","max-snippet":"max-snippet:-1","max-image-preview":"max-image-preview:large","max-video-preview":"max-video-preview:-1"},"canonical":"https:\/\/www.miomiorun.com\/es\/producto\/reusable-race-day-cup\/","og_locale":"es_ES","og_type":"article","og_title":"Reusable race day cup - Copa corriendo - MioMioRun","og_description":"Cuida el medio ambiente y disfruta de tu carrera con este vaso reutilizable para el d\u00eda de la prueba. Ligero y resistente","og_url":"https:\/\/www.miomiorun.com\/es\/producto\/reusable-race-day-cup\/","og_site_name":"MioMioRun","article_publisher":"https:\/\/www.facebook.com\/miomiorun\/","article_modified_time":"2026-05-07T14:02:47+00:00","og_image":[{"width":600,"height":600,"url":"https:\/\/www.miomiorun.com\/app\/uploads\/2024\/04\/nathan-Reusable-race-day-cup-40320.webp","type":"image\/webp"}],"twitter_card":"summary_large_image","twitter_misc":{"Est. reading time":"1 minute"},"schema":{"@context":"https:\/\/schema.org","@graph":[{"@type":"WebPage","@id":"https:\/\/www.miomiorun.com\/es\/producto\/reusable-race-day-cup\/","url":"https:\/\/www.miomiorun.com\/es\/producto\/reusable-race-day-cup\/","name":"Reusable race day cup - Copa corriendo - MioMioRun","isPartOf":{"@id":"https:\/\/www.miomiorun.com\/es\/#website"},"primaryImageOfPage":{"@id":"https:\/\/www.miomiorun.com\/es\/producto\/reusable-race-day-cup\/#primaryimage"},"image":{"@id":"https:\/\/www.miomiorun.com\/es\/producto\/reusable-race-day-cup\/#primaryimage"},"thumbnailUrl":"https:\/\/www.miomiorun.com\/app\/uploads\/2024\/04\/nathan-Reusable-race-day-cup-40320.webp","datePublished":"2024-04-06T14:46:04+00:00","dateModified":"2026-05-07T14:02:47+00:00","description":"Cuida el medio ambiente y disfruta de tu carrera con este vaso reutilizable para el d\u00eda de la prueba. Ligero y resistente","breadcrumb":{"@id":"https:\/\/www.miomiorun.com\/es\/producto\/reusable-race-day-cup\/#breadcrumb"},"inLanguage":"es-ES","potentialAction":[{"@type":"ReadAction","target":["https:\/\/www.miomiorun.com\/es\/producto\/reusable-race-day-cup\/"]}]},{"@type":"ImageObject","inLanguage":"es-ES","@id":"https:\/\/www.miomiorun.com\/es\/producto\/reusable-race-day-cup\/#primaryimage","url":"https:\/\/www.miomiorun.com\/app\/uploads\/2024\/04\/nathan-Reusable-race-day-cup-40320.webp","contentUrl":"https:\/\/www.miomiorun.com\/app\/uploads\/2024\/04\/nathan-Reusable-race-day-cup-40320.webp","width":600,"height":600,"caption":"nathan Reusable race day cup 40320"},{"@type":"BreadcrumbList","@id":"https:\/\/www.miomiorun.com\/es\/producto\/reusable-race-day-cup\/#breadcrumb","itemListElement":[{"@type":"ListItem","position":1,"name":"Home","item":"https:\/\/www.miomiorun.com\/es\/"},{"@type":"ListItem","position":2,"name":"Shop","item":"https:\/\/www.miomiorun.com\/shop\/"},{"@type":"ListItem","position":3,"name":"Reusable race day cup"}]},{"@type":"WebSite","@id":"https:\/\/www.miomiorun.com\/es\/#website","url":"https:\/\/www.miomiorun.com\/es\/","name":"MioMioRun","description":"Tienda 100% running y trail","publisher":{"@id":"https:\/\/www.miomiorun.com\/es\/#organization"},"potentialAction":[{"@type":"SearchAction","target":{"@type":"EntryPoint","urlTemplate":"https:\/\/www.miomiorun.com\/es\/?s={search_term_string}"},"query-input":{"@type":"PropertyValueSpecification","valueRequired":true,"valueName":"search_term_string"}}],"inLanguage":"es-ES"},{"@type":"Organization","@id":"https:\/\/www.miomiorun.com\/es\/#organization","name":"MioMio Run","url":"https:\/\/www.miomiorun.com\/es\/","logo":{"@type":"ImageObject","inLanguage":"es-ES","@id":"https:\/\/www.miomiorun.com\/es\/#\/schema\/logo\/image\/","url":"https:\/\/www.miomiorun.com\/app\/uploads\/2019\/12\/logomio.png","contentUrl":"https:\/\/www.miomiorun.com\/app\/uploads\/2019\/12\/logomio.png","width":115,"height":82,"caption":"MioMio Run"},"image":{"@id":"https:\/\/www.miomiorun.com\/es\/#\/schema\/logo\/image\/"},"sameAs":["https:\/\/www.facebook.com\/miomiorun\/","https:\/\/www.instagram.com\/miomiorun\/"]}]}},"_links":{"self":[{"href":"https:\/\/www.miomiorun.com\/es\/wp-json\/wp\/v2\/product\/290930","targetHints":{"allow":["GET"]}}],"collection":[{"href":"https:\/\/www.miomiorun.com\/es\/wp-json\/wp\/v2\/product"}],"about":[{"href":"https:\/\/www.miomiorun.com\/es\/wp-json\/wp\/v2\/types\/product"}],"wp:featuredmedia":[{"embeddable":true,"href":"https:\/\/www.miomiorun.com\/es\/wp-json\/wp\/v2\/media\/246333"}],"wp:attachment":[{"href":"https:\/\/www.miomiorun.com\/es\/wp-json\/wp\/v2\/media?parent=290930"}],"wp:term":[{"taxonomy":"product_brand","embeddable":true,"href":"https:\/\/www.miomiorun.com\/es\/wp-json\/wp\/v2\/product_brand?post=290930"},{"taxonomy":"product_cat","embeddable":true,"href":"https:\/\/www.miomiorun.com\/es\/wp-json\/wp\/v2\/product_cat?post=290930"},{"taxonomy":"product_tag","embeddable":true,"href":"https:\/\/www.miomiorun.com\/es\/wp-json\/wp\/v2\/product_tag?post=290930"}],"curies":[{"name":"wp","href":"https:\/\/api.w.org\/{rel}","templated":true}]}}