{"id":290905,"date":"2024-04-09T13:37:59","date_gmt":"2024-04-09T11:37:59","guid":{"rendered":"https:\/\/miomiorun.com\/prodotto\/fresh-light-t-shirt-uomo\/"},"modified":"2026-05-08T22:02:25","modified_gmt":"2026-05-08T20:02:25","slug":"fresh-light-t-shirt-hombre","status":"publish","type":"product","link":"https:\/\/www.miomiorun.com\/es\/producto\/fresh-light-t-shirt-hombre\/","title":{"rendered":"Fresh Light  T-Shirt hombre"},"content":{"rendered":"<p>La camiseta <strong>Fresh Light<\/strong> para hombre controla el sudor gracias al poli\u00e9ster <strong>Micro-Fresh<\/strong>.<\/p>\n<p>Esta camiseta ligera favorece la circulaci\u00f3n del aire para que no pases calor durante las actividades de verano al aire libre.<\/p>\n<p>El tejido <strong>Micro-Fresh<\/strong> absorbe el sudor durante los esfuerzos m\u00e1s intensos, mientras que el tratamiento antimicrobiano te mantiene fresco durante m\u00e1s tiempo. Gracias al tejido el\u00e1stico en cuatro direcciones que no limita los movimientos y a la protecci\u00f3n UV, la camiseta Fresh Light para hombre de secado r\u00e1pido es una prenda informal de verano ideal tambi\u00e9n para el tiempo libre.<\/p>\n<h3>Caracter\u00edsticas:<\/h3>\n<ul class=\"tw-list-disc\">\n<li class=\"tw-text-xs\">Camiseta para hombre<\/li>\n<li class=\"tw-text-xs\">Tejido Microfresh jersey el\u00e1stico de poli\u00e9ster ultraligero con control activo de la transpiraci\u00f3n y propiedades de secado r\u00e1pido, que garantiza la m\u00e1xima ventilaci\u00f3n y protecci\u00f3n contra los rayos UV<\/li>\n<li class=\"tw-text-xs\">Prenda ideal para diversas actividades al aire libre<\/li>\n<\/ul>\n<p>Peso: 120,0 g<\/p>\n<p>&nbsp;<\/p>\n<div class=\"content__image-wrapper tw-w-fit\">\n<div class=\"content__image tw-relative tw-w-[5rem]\"><img loading=\"lazy\" decoding=\"async\" class=\"tw-absolute tw-top-0 tw-left-0 tw-w-full tw-h-full\" src=\"https:\/\/www.montura.com\/cdn\/shop\/files\/004_Breathable_Black.svg?v=1709125473&amp;width=200\" alt=\"\" width=\"103\" height=\"103\"> &nbsp; <strong>TRANSPIRABLE: <\/strong>Gracias a sus tejidos transpirables, esta prenda favorece la transpiraci\u00f3n natural de la piel, manteniendo el cuerpo siempre a la temperatura \u00f3ptima.<\/div>\n<\/div>\n<div><\/div>\n<div><\/div>\n<h3>Ideal para:<\/h3>\n<div class=\"content__image-wrapper tw-w-fit\">\n<div><\/div>\n<div><\/div>\n<div class=\"content__image tw-relative tw-w-[5rem]\"><img loading=\"lazy\" decoding=\"async\" class=\"tw-absolute tw-top-0 tw-left-0 tw-w-full tw-h-full\" src=\"https:\/\/www.montura.com\/cdn\/shop\/files\/017_TrekkingHiking_Black.svg?v=1709126467&amp;width=200\" alt=\"\" width=\"104\" height=\"104\"> &nbsp;<strong> SENDERISMO \/ EXCURSIONISMO<\/strong><\/div>\n<\/div>\n<div><\/div>\n<div><\/div>\n<div><\/div>\n<div><\/div>\n<div><\/div>\n<div>\n<div class=\"content__image-wrapper tw-w-fit\">\n<div class=\"content__image tw-relative tw-w-[5rem]\"><img loading=\"lazy\" decoding=\"async\" class=\"tw-absolute tw-top-0 tw-left-0 tw-w-full tw-h-full\" src=\"https:\/\/www.montura.com\/cdn\/shop\/files\/015_Everyday_Black.svg?v=1709126253&amp;width=200\" alt=\"\" width=\"104\" height=\"104\"><strong> &nbsp; USO DIARIO<\/strong><\/div>\n<\/div>\n<\/div>\n","protected":false},"excerpt":{"rendered":"<ul>\n<li>Camiseta de Micro-Fresh para absorber el sudor.<\/li>\n<li>Prenda ideal para diversas actividades al aire libre y de ocio.<\/li>\n<\/ul>\n","protected":false},"featured_media":246399,"template":"","meta":{"_acf_changed":false,"inline_featured_image":false},"product_brand":[],"product_cat":[24455,24463,24464],"product_tag":[23513,23592],"class_list":{"0":"post-290905","1":"product","2":"type-product","3":"status-publish","4":"has-post-thumbnail","6":"product_cat-camiseta-es-2","7":"product_cat-ropa-de-hombre-es","8":"product_cat-hombre","9":"product_tag-montura-es","10":"product_tag-montura-hombre","11":"pa_attivita-caminar","12":"pa_attivita-lifestyle-es","13":"pa_attivita-outdoor-es","14":"pa_colore-fresh-light-t-shirt-sunny-lime-es","15":"pa_marca-montura-es","16":"pa_sesso-hombre","17":"pa_size-medium-es","19":"first","20":"instock","21":"taxable","22":"shipping-taxable","23":"purchasable","24":"product-type-variable","25":"wvs-archive-product-wrapper"},"acf":[],"yoast_head":"<!-- This site is optimized with the Yoast SEO plugin v26.8 - https:\/\/yoast.com\/product\/yoast-seo-wordpress\/ -->\n<title>Montura Fresh Light T-Shirt hombre - Camiseta para correr - MioMioRun.com<\/title>\n<meta name=\"description\" content=\"La camiseta Fresh Light para hombre controla el sudor gracias al poli\u00e9ster Micro-Fresh. Esta camiseta ligera favorece la circulaci\u00f3n del aire.\" \/>\n<meta name=\"robots\" content=\"index, follow, max-snippet:-1, max-image-preview:large, max-video-preview:-1\" \/>\n<link rel=\"canonical\" href=\"https:\/\/www.miomiorun.com\/es\/producto\/fresh-light-t-shirt-hombre\/\" \/>\n<meta property=\"og:locale\" content=\"es_ES\" \/>\n<meta property=\"og:type\" content=\"article\" \/>\n<meta property=\"og:title\" content=\"Montura Fresh Light T-Shirt hombre - Camiseta para correr - MioMioRun.com\" \/>\n<meta property=\"og:description\" content=\"La camiseta Fresh Light para hombre controla el sudor gracias al poli\u00e9ster Micro-Fresh. Esta camiseta ligera favorece la circulaci\u00f3n del aire.\" \/>\n<meta property=\"og:url\" content=\"https:\/\/www.miomiorun.com\/es\/producto\/fresh-light-t-shirt-hombre\/\" \/>\n<meta property=\"og:site_name\" content=\"MioMioRun\" \/>\n<meta property=\"article:publisher\" content=\"https:\/\/www.facebook.com\/miomiorun\/\" \/>\n<meta property=\"article:modified_time\" content=\"2026-05-08T20:02:25+00:00\" \/>\n<meta property=\"og:image\" content=\"https:\/\/www.miomiorun.com\/app\/uploads\/2024\/04\/Montura-Fresh-light-t-shirt-verde-lime-MTGN80X-47.webp\" \/>\n\t<meta property=\"og:image:width\" content=\"600\" \/>\n\t<meta property=\"og:image:height\" content=\"600\" \/>\n\t<meta property=\"og:image:type\" content=\"image\/webp\" \/>\n<meta name=\"twitter:card\" content=\"summary_large_image\" \/>\n<meta name=\"twitter:label1\" content=\"Est. reading time\" \/>\n\t<meta name=\"twitter:data1\" content=\"1 minute\" \/>\n<script type=\"application\/ld+json\" class=\"yoast-schema-graph\">{\"@context\":\"https:\/\/schema.org\",\"@graph\":[{\"@type\":\"WebPage\",\"@id\":\"https:\/\/www.miomiorun.com\/es\/producto\/fresh-light-t-shirt-hombre\/\",\"url\":\"https:\/\/www.miomiorun.com\/es\/producto\/fresh-light-t-shirt-hombre\/\",\"name\":\"Montura Fresh Light T-Shirt hombre - Camiseta para correr - MioMioRun.com\",\"isPartOf\":{\"@id\":\"https:\/\/www.miomiorun.com\/es\/#website\"},\"primaryImageOfPage\":{\"@id\":\"https:\/\/www.miomiorun.com\/es\/producto\/fresh-light-t-shirt-hombre\/#primaryimage\"},\"image\":{\"@id\":\"https:\/\/www.miomiorun.com\/es\/producto\/fresh-light-t-shirt-hombre\/#primaryimage\"},\"thumbnailUrl\":\"https:\/\/www.miomiorun.com\/app\/uploads\/2024\/04\/Montura-Fresh-light-t-shirt-verde-lime-MTGN80X-47.webp\",\"datePublished\":\"2024-04-09T11:37:59+00:00\",\"dateModified\":\"2026-05-08T20:02:25+00:00\",\"description\":\"La camiseta Fresh Light para hombre controla el sudor gracias al poli\u00e9ster Micro-Fresh. Esta camiseta ligera favorece la circulaci\u00f3n del aire.\",\"breadcrumb\":{\"@id\":\"https:\/\/www.miomiorun.com\/es\/producto\/fresh-light-t-shirt-hombre\/#breadcrumb\"},\"inLanguage\":\"es-ES\",\"potentialAction\":[{\"@type\":\"ReadAction\",\"target\":[\"https:\/\/www.miomiorun.com\/es\/producto\/fresh-light-t-shirt-hombre\/\"]}]},{\"@type\":\"ImageObject\",\"inLanguage\":\"es-ES\",\"@id\":\"https:\/\/www.miomiorun.com\/es\/producto\/fresh-light-t-shirt-hombre\/#primaryimage\",\"url\":\"https:\/\/www.miomiorun.com\/app\/uploads\/2024\/04\/Montura-Fresh-light-t-shirt-verde-lime-MTGN80X-47.webp\",\"contentUrl\":\"https:\/\/www.miomiorun.com\/app\/uploads\/2024\/04\/Montura-Fresh-light-t-shirt-verde-lime-MTGN80X-47.webp\",\"width\":600,\"height\":600,\"caption\":\"Montura Fresh light t-shirt verde lime MTGN80X 47\"},{\"@type\":\"BreadcrumbList\",\"@id\":\"https:\/\/www.miomiorun.com\/es\/producto\/fresh-light-t-shirt-hombre\/#breadcrumb\",\"itemListElement\":[{\"@type\":\"ListItem\",\"position\":1,\"name\":\"Home\",\"item\":\"https:\/\/www.miomiorun.com\/es\/home-page\/\"},{\"@type\":\"ListItem\",\"position\":2,\"name\":\"Shop\",\"item\":\"https:\/\/www.miomiorun.com\/shop\/\"},{\"@type\":\"ListItem\",\"position\":3,\"name\":\"Fresh Light T-Shirt hombre\"}]},{\"@type\":\"WebSite\",\"@id\":\"https:\/\/www.miomiorun.com\/es\/#website\",\"url\":\"https:\/\/www.miomiorun.com\/es\/\",\"name\":\"MioMioRun\",\"description\":\"Tienda 100% running y trail\",\"publisher\":{\"@id\":\"https:\/\/www.miomiorun.com\/es\/#organization\"},\"potentialAction\":[{\"@type\":\"SearchAction\",\"target\":{\"@type\":\"EntryPoint\",\"urlTemplate\":\"https:\/\/www.miomiorun.com\/es\/?s={search_term_string}\"},\"query-input\":{\"@type\":\"PropertyValueSpecification\",\"valueRequired\":true,\"valueName\":\"search_term_string\"}}],\"inLanguage\":\"es-ES\"},{\"@type\":\"Organization\",\"@id\":\"https:\/\/www.miomiorun.com\/es\/#organization\",\"name\":\"MioMio Run\",\"url\":\"https:\/\/www.miomiorun.com\/es\/\",\"logo\":{\"@type\":\"ImageObject\",\"inLanguage\":\"es-ES\",\"@id\":\"https:\/\/www.miomiorun.com\/es\/#\/schema\/logo\/image\/\",\"url\":\"https:\/\/www.miomiorun.com\/app\/uploads\/2019\/12\/logomio.png\",\"contentUrl\":\"https:\/\/www.miomiorun.com\/app\/uploads\/2019\/12\/logomio.png\",\"width\":115,\"height\":82,\"caption\":\"MioMio Run\"},\"image\":{\"@id\":\"https:\/\/www.miomiorun.com\/es\/#\/schema\/logo\/image\/\"},\"sameAs\":[\"https:\/\/www.facebook.com\/miomiorun\/\",\"https:\/\/www.instagram.com\/miomiorun\/\"]}]}<\/script>\n<!-- \/ Yoast SEO plugin. -->","yoast_head_json":{"title":"Montura Fresh Light T-Shirt hombre - Camiseta para correr - MioMioRun.com","description":"La camiseta Fresh Light para hombre controla el sudor gracias al poli\u00e9ster Micro-Fresh. Esta camiseta ligera favorece la circulaci\u00f3n del aire.","robots":{"index":"index","follow":"follow","max-snippet":"max-snippet:-1","max-image-preview":"max-image-preview:large","max-video-preview":"max-video-preview:-1"},"canonical":"https:\/\/www.miomiorun.com\/es\/producto\/fresh-light-t-shirt-hombre\/","og_locale":"es_ES","og_type":"article","og_title":"Montura Fresh Light T-Shirt hombre - Camiseta para correr - MioMioRun.com","og_description":"La camiseta Fresh Light para hombre controla el sudor gracias al poli\u00e9ster Micro-Fresh. Esta camiseta ligera favorece la circulaci\u00f3n del aire.","og_url":"https:\/\/www.miomiorun.com\/es\/producto\/fresh-light-t-shirt-hombre\/","og_site_name":"MioMioRun","article_publisher":"https:\/\/www.facebook.com\/miomiorun\/","article_modified_time":"2026-05-08T20:02:25+00:00","og_image":[{"width":600,"height":600,"url":"https:\/\/www.miomiorun.com\/app\/uploads\/2024\/04\/Montura-Fresh-light-t-shirt-verde-lime-MTGN80X-47.webp","type":"image\/webp"}],"twitter_card":"summary_large_image","twitter_misc":{"Est. reading time":"1 minute"},"schema":{"@context":"https:\/\/schema.org","@graph":[{"@type":"WebPage","@id":"https:\/\/www.miomiorun.com\/es\/producto\/fresh-light-t-shirt-hombre\/","url":"https:\/\/www.miomiorun.com\/es\/producto\/fresh-light-t-shirt-hombre\/","name":"Montura Fresh Light T-Shirt hombre - Camiseta para correr - MioMioRun.com","isPartOf":{"@id":"https:\/\/www.miomiorun.com\/es\/#website"},"primaryImageOfPage":{"@id":"https:\/\/www.miomiorun.com\/es\/producto\/fresh-light-t-shirt-hombre\/#primaryimage"},"image":{"@id":"https:\/\/www.miomiorun.com\/es\/producto\/fresh-light-t-shirt-hombre\/#primaryimage"},"thumbnailUrl":"https:\/\/www.miomiorun.com\/app\/uploads\/2024\/04\/Montura-Fresh-light-t-shirt-verde-lime-MTGN80X-47.webp","datePublished":"2024-04-09T11:37:59+00:00","dateModified":"2026-05-08T20:02:25+00:00","description":"La camiseta Fresh Light para hombre controla el sudor gracias al poli\u00e9ster Micro-Fresh. Esta camiseta ligera favorece la circulaci\u00f3n del aire.","breadcrumb":{"@id":"https:\/\/www.miomiorun.com\/es\/producto\/fresh-light-t-shirt-hombre\/#breadcrumb"},"inLanguage":"es-ES","potentialAction":[{"@type":"ReadAction","target":["https:\/\/www.miomiorun.com\/es\/producto\/fresh-light-t-shirt-hombre\/"]}]},{"@type":"ImageObject","inLanguage":"es-ES","@id":"https:\/\/www.miomiorun.com\/es\/producto\/fresh-light-t-shirt-hombre\/#primaryimage","url":"https:\/\/www.miomiorun.com\/app\/uploads\/2024\/04\/Montura-Fresh-light-t-shirt-verde-lime-MTGN80X-47.webp","contentUrl":"https:\/\/www.miomiorun.com\/app\/uploads\/2024\/04\/Montura-Fresh-light-t-shirt-verde-lime-MTGN80X-47.webp","width":600,"height":600,"caption":"Montura Fresh light t-shirt verde lime MTGN80X 47"},{"@type":"BreadcrumbList","@id":"https:\/\/www.miomiorun.com\/es\/producto\/fresh-light-t-shirt-hombre\/#breadcrumb","itemListElement":[{"@type":"ListItem","position":1,"name":"Home","item":"https:\/\/www.miomiorun.com\/es\/home-page\/"},{"@type":"ListItem","position":2,"name":"Shop","item":"https:\/\/www.miomiorun.com\/shop\/"},{"@type":"ListItem","position":3,"name":"Fresh Light T-Shirt hombre"}]},{"@type":"WebSite","@id":"https:\/\/www.miomiorun.com\/es\/#website","url":"https:\/\/www.miomiorun.com\/es\/","name":"MioMioRun","description":"Tienda 100% running y trail","publisher":{"@id":"https:\/\/www.miomiorun.com\/es\/#organization"},"potentialAction":[{"@type":"SearchAction","target":{"@type":"EntryPoint","urlTemplate":"https:\/\/www.miomiorun.com\/es\/?s={search_term_string}"},"query-input":{"@type":"PropertyValueSpecification","valueRequired":true,"valueName":"search_term_string"}}],"inLanguage":"es-ES"},{"@type":"Organization","@id":"https:\/\/www.miomiorun.com\/es\/#organization","name":"MioMio Run","url":"https:\/\/www.miomiorun.com\/es\/","logo":{"@type":"ImageObject","inLanguage":"es-ES","@id":"https:\/\/www.miomiorun.com\/es\/#\/schema\/logo\/image\/","url":"https:\/\/www.miomiorun.com\/app\/uploads\/2019\/12\/logomio.png","contentUrl":"https:\/\/www.miomiorun.com\/app\/uploads\/2019\/12\/logomio.png","width":115,"height":82,"caption":"MioMio Run"},"image":{"@id":"https:\/\/www.miomiorun.com\/es\/#\/schema\/logo\/image\/"},"sameAs":["https:\/\/www.facebook.com\/miomiorun\/","https:\/\/www.instagram.com\/miomiorun\/"]}]}},"_links":{"self":[{"href":"https:\/\/www.miomiorun.com\/es\/wp-json\/wp\/v2\/product\/290905","targetHints":{"allow":["GET"]}}],"collection":[{"href":"https:\/\/www.miomiorun.com\/es\/wp-json\/wp\/v2\/product"}],"about":[{"href":"https:\/\/www.miomiorun.com\/es\/wp-json\/wp\/v2\/types\/product"}],"wp:featuredmedia":[{"embeddable":true,"href":"https:\/\/www.miomiorun.com\/es\/wp-json\/wp\/v2\/media\/246399"}],"wp:attachment":[{"href":"https:\/\/www.miomiorun.com\/es\/wp-json\/wp\/v2\/media?parent=290905"}],"wp:term":[{"taxonomy":"product_brand","embeddable":true,"href":"https:\/\/www.miomiorun.com\/es\/wp-json\/wp\/v2\/product_brand?post=290905"},{"taxonomy":"product_cat","embeddable":true,"href":"https:\/\/www.miomiorun.com\/es\/wp-json\/wp\/v2\/product_cat?post=290905"},{"taxonomy":"product_tag","embeddable":true,"href":"https:\/\/www.miomiorun.com\/es\/wp-json\/wp\/v2\/product_tag?post=290905"}],"curies":[{"name":"wp","href":"https:\/\/api.w.org\/{rel}","templated":true}]}}