{"id":290872,"date":"2024-04-09T15:02:20","date_gmt":"2024-04-09T13:02:20","guid":{"rendered":"https:\/\/miomiorun.com\/prodotto\/outdoor-stretch-skirt-donna\/"},"modified":"2026-05-08T18:58:59","modified_gmt":"2026-05-08T16:58:59","slug":"outdoor-stretch-skirt-mujer","status":"publish","type":"product","link":"https:\/\/www.miomiorun.com\/es\/producto\/outdoor-stretch-skirt-mujer\/","title":{"rendered":"Outdoor Stretch Skirt mujer"},"content":{"rendered":"<p>La falda-pantal\u00f3n <strong>Outdoor Stretch<\/strong> para mujer es c\u00f3moda y resistente al agua, para disfrutar del aire libre con estilo.<\/p>\n<p>Esta falda corta de nailon el\u00e1stico en cuatro direcciones cuenta con un tratamiento repelente al agua DWR para mantenerte seca en caso de chaparrones veraniegos.<\/p>\n<p>Los pantalones cortos integrados de poli\u00e9ster el\u00e1stico en dos direcciones te permiten moverte con libertad durante todo el d\u00eda, mientras que la abertura lateral con cremallera y los bolsillos de ojal para las manos te ofrecen todo el espacio necesario para llevar contigo los objetos esenciales.<\/p>\n<p style=\"text-align: center\"><strong>Esta falda con pantalones cortos 2 en 1 es ideal para el senderismo, el golf y muchas otras actividades al aire libre, tanto en la ciudad como en la naturaleza. A\u00f1ade un toque de estilo a tu armario deportivo con la falda-pantal\u00f3n corta Outdoor Stretch.<\/strong><\/p>\n<p><strong>Caracter\u00edsticas:<\/strong><\/p>\n<ul class=\"tw-list-disc\">\n<li class=\"tw-text-xs\">Falda con pantalones cortos para mujer<\/li>\n<li class=\"tw-text-xs\">Tejido de nailon DWR el\u00e1stico en 4 direcciones<\/li>\n<li class=\"tw-text-xs\">Pantalones cortos interiores de tejido de poli\u00e9ster el\u00e1stico en dos direcciones<\/li>\n<li class=\"tw-text-xs\">Apertura lateral con cremallera<\/li>\n<li class=\"tw-text-xs\">Bolsillos abiertos para las manos<\/li>\n<li class=\"tw-text-xs\">Prenda ideal para diversas actividades al aire libre y de ocio<\/li>\n<\/ul>\n<p>Peso: 150,0 g<\/p>\n<p>&nbsp;<\/p>\n<p>&nbsp;<\/p>\n<div class=\"content__image-wrapper tw-w-fit\">\n<div class=\"content__image tw-relative tw-w-[5rem]\"><img loading=\"lazy\" decoding=\"async\" class=\"tw-absolute tw-top-0 tw-left-0 tw-w-full tw-h-full\" src=\"https:\/\/www.montura.com\/cdn\/shop\/files\/004_Breathable_Black.svg?v=1709125473&amp;width=200\" alt=\"\" width=\"102\" height=\"102\"> &nbsp; <strong>TRANSPIRABLE:&nbsp;<\/strong>Gracias a sus tejidos transpirables, esta prenda favorece la transpiraci\u00f3n natural de la piel, manteniendo el cuerpo siempre a la temperatura \u00f3ptima.<\/div>\n<\/div>\n<div><\/div>\n<div><\/div>\n<div><\/div>\n<div>\n<div class=\"content__image-wrapper tw-w-fit\">\n<div class=\"content__image tw-relative tw-w-[5rem]\"><img loading=\"lazy\" decoding=\"async\" class=\"tw-absolute tw-top-0 tw-left-0 tw-w-full tw-h-full\" src=\"https:\/\/www.montura.com\/cdn\/shop\/files\/002_WaterResistantDWR_Black.svg?v=1709125500&amp;width=200\" alt=\"\" width=\"102\" height=\"102\"> &nbsp; <strong>HIDR\u00d3FUGOS:&nbsp;<\/strong>Una capa hidr\u00f3fuga aplicada al tejido garantiza una ligera protecci\u00f3n contra la humedad exterior.<\/div>\n<\/div>\n<\/div>\n<div><\/div>\n<div><\/div>\n<h3><strong>Ideal para:<\/strong><\/h3>\n<p>&nbsp;<\/p>\n<div class=\"content__image-wrapper tw-w-fit\">\n<div class=\"content__image tw-relative tw-w-[5rem]\"><img loading=\"lazy\" decoding=\"async\" class=\"tw-absolute tw-top-0 tw-left-0 tw-w-full tw-h-full\" src=\"https:\/\/www.montura.com\/cdn\/shop\/files\/015_Everyday_Black.svg?v=1709126253&amp;width=200\" alt=\"\" width=\"102\" height=\"102\"> &nbsp; <strong>EVERYDAY<\/strong><\/div>\n<\/div>\n","protected":false},"excerpt":{"rendered":"<ul>\n<li>Falda-pantal\u00f3n ideal para practicar actividades al aire libre.<\/li>\n<li>Resistente al agua.<\/li>\n<\/ul>\n","protected":false},"featured_media":246411,"template":"","meta":{"_acf_changed":false,"inline_featured_image":false},"product_brand":[],"product_cat":[24395,24401,24402],"product_tag":[23513,23631],"class_list":{"0":"post-290872","1":"product","2":"type-product","3":"status-publish","4":"has-post-thumbnail","6":"product_cat-pantalones-cortos","7":"product_cat-ropa-de-mujer","8":"product_cat-mujer","9":"product_tag-montura-es","10":"product_tag-montura-mujer","11":"pa_attivita-caminar","12":"pa_attivita-outdoor-es","13":"pa_colore-outdoor-stretch-skirt-w-nero-es","14":"pa_marca-montura-es","15":"pa_sesso-mujer","16":"pa_size-small-es","17":"pa_size-medium-es","18":"pa_size-large-es","20":"first","21":"instock","22":"sale","23":"taxable","24":"shipping-taxable","25":"purchasable","26":"product-type-variable","27":"wvs-archive-product-wrapper"},"acf":[],"yoast_head":"<!-- This site is optimized with the Yoast SEO plugin v26.8 - https:\/\/yoast.com\/product\/yoast-seo-wordpress\/ -->\n<title>Montura Outdoor Stretch Skirt mujer - falda corriendo MioMioRun<\/title>\n<meta name=\"description\" content=\"La falda Outdoor Stretch para mujer es c\u00f3moda y resistente al agua, para disfrutar del aire libre con estilo. Falda con tratamiento repelente al agua\" \/>\n<meta name=\"robots\" content=\"index, follow, max-snippet:-1, max-image-preview:large, max-video-preview:-1\" \/>\n<link rel=\"canonical\" href=\"https:\/\/www.miomiorun.com\/es\/producto\/outdoor-stretch-skirt-mujer\/\" \/>\n<meta property=\"og:locale\" content=\"es_ES\" \/>\n<meta property=\"og:type\" content=\"article\" \/>\n<meta property=\"og:title\" content=\"Montura Outdoor Stretch Skirt mujer - falda corriendo MioMioRun\" \/>\n<meta property=\"og:description\" content=\"La falda Outdoor Stretch para mujer es c\u00f3moda y resistente al agua, para disfrutar del aire libre con estilo. Falda con tratamiento repelente al agua\" \/>\n<meta property=\"og:url\" content=\"https:\/\/www.miomiorun.com\/es\/producto\/outdoor-stretch-skirt-mujer\/\" \/>\n<meta property=\"og:site_name\" content=\"MioMioRun\" \/>\n<meta property=\"article:publisher\" content=\"https:\/\/www.facebook.com\/miomiorun\/\" \/>\n<meta property=\"article:modified_time\" content=\"2026-05-08T16:58:59+00:00\" \/>\n<meta property=\"og:image\" content=\"https:\/\/www.miomiorun.com\/app\/uploads\/2024\/04\/Montura-Outdoor-stretch-skirt-W-nero-MPGG11W-90.webp\" \/>\n\t<meta property=\"og:image:width\" content=\"600\" \/>\n\t<meta property=\"og:image:height\" content=\"600\" \/>\n\t<meta property=\"og:image:type\" content=\"image\/webp\" \/>\n<meta name=\"twitter:card\" content=\"summary_large_image\" \/>\n<meta name=\"twitter:label1\" content=\"Est. reading time\" \/>\n\t<meta name=\"twitter:data1\" content=\"1 minute\" \/>\n<script type=\"application\/ld+json\" class=\"yoast-schema-graph\">{\"@context\":\"https:\/\/schema.org\",\"@graph\":[{\"@type\":\"WebPage\",\"@id\":\"https:\/\/www.miomiorun.com\/es\/producto\/outdoor-stretch-skirt-mujer\/\",\"url\":\"https:\/\/www.miomiorun.com\/es\/producto\/outdoor-stretch-skirt-mujer\/\",\"name\":\"Montura Outdoor Stretch Skirt mujer - falda corriendo MioMioRun\",\"isPartOf\":{\"@id\":\"https:\/\/www.miomiorun.com\/es\/#website\"},\"primaryImageOfPage\":{\"@id\":\"https:\/\/www.miomiorun.com\/es\/producto\/outdoor-stretch-skirt-mujer\/#primaryimage\"},\"image\":{\"@id\":\"https:\/\/www.miomiorun.com\/es\/producto\/outdoor-stretch-skirt-mujer\/#primaryimage\"},\"thumbnailUrl\":\"https:\/\/www.miomiorun.com\/app\/uploads\/2024\/04\/Montura-Outdoor-stretch-skirt-W-nero-MPGG11W-90.webp\",\"datePublished\":\"2024-04-09T13:02:20+00:00\",\"dateModified\":\"2026-05-08T16:58:59+00:00\",\"description\":\"La falda Outdoor Stretch para mujer es c\u00f3moda y resistente al agua, para disfrutar del aire libre con estilo. Falda con tratamiento repelente al agua\",\"breadcrumb\":{\"@id\":\"https:\/\/www.miomiorun.com\/es\/producto\/outdoor-stretch-skirt-mujer\/#breadcrumb\"},\"inLanguage\":\"es-ES\",\"potentialAction\":[{\"@type\":\"ReadAction\",\"target\":[\"https:\/\/www.miomiorun.com\/es\/producto\/outdoor-stretch-skirt-mujer\/\"]}]},{\"@type\":\"ImageObject\",\"inLanguage\":\"es-ES\",\"@id\":\"https:\/\/www.miomiorun.com\/es\/producto\/outdoor-stretch-skirt-mujer\/#primaryimage\",\"url\":\"https:\/\/www.miomiorun.com\/app\/uploads\/2024\/04\/Montura-Outdoor-stretch-skirt-W-nero-MPGG11W-90.webp\",\"contentUrl\":\"https:\/\/www.miomiorun.com\/app\/uploads\/2024\/04\/Montura-Outdoor-stretch-skirt-W-nero-MPGG11W-90.webp\",\"width\":600,\"height\":600,\"caption\":\"Montura Outdoor stretch skirt W nero MPGG11W 90\"},{\"@type\":\"BreadcrumbList\",\"@id\":\"https:\/\/www.miomiorun.com\/es\/producto\/outdoor-stretch-skirt-mujer\/#breadcrumb\",\"itemListElement\":[{\"@type\":\"ListItem\",\"position\":1,\"name\":\"Home\",\"item\":\"https:\/\/www.miomiorun.com\/es\/\"},{\"@type\":\"ListItem\",\"position\":2,\"name\":\"Shop\",\"item\":\"https:\/\/www.miomiorun.com\/shop\/\"},{\"@type\":\"ListItem\",\"position\":3,\"name\":\"Outdoor Stretch Skirt mujer\"}]},{\"@type\":\"WebSite\",\"@id\":\"https:\/\/www.miomiorun.com\/es\/#website\",\"url\":\"https:\/\/www.miomiorun.com\/es\/\",\"name\":\"MioMioRun\",\"description\":\"Tienda 100% running y trail\",\"publisher\":{\"@id\":\"https:\/\/www.miomiorun.com\/es\/#organization\"},\"potentialAction\":[{\"@type\":\"SearchAction\",\"target\":{\"@type\":\"EntryPoint\",\"urlTemplate\":\"https:\/\/www.miomiorun.com\/es\/?s={search_term_string}\"},\"query-input\":{\"@type\":\"PropertyValueSpecification\",\"valueRequired\":true,\"valueName\":\"search_term_string\"}}],\"inLanguage\":\"es-ES\"},{\"@type\":\"Organization\",\"@id\":\"https:\/\/www.miomiorun.com\/es\/#organization\",\"name\":\"MioMio Run\",\"url\":\"https:\/\/www.miomiorun.com\/es\/\",\"logo\":{\"@type\":\"ImageObject\",\"inLanguage\":\"es-ES\",\"@id\":\"https:\/\/www.miomiorun.com\/es\/#\/schema\/logo\/image\/\",\"url\":\"https:\/\/www.miomiorun.com\/app\/uploads\/2019\/12\/logomio.png\",\"contentUrl\":\"https:\/\/www.miomiorun.com\/app\/uploads\/2019\/12\/logomio.png\",\"width\":115,\"height\":82,\"caption\":\"MioMio Run\"},\"image\":{\"@id\":\"https:\/\/www.miomiorun.com\/es\/#\/schema\/logo\/image\/\"},\"sameAs\":[\"https:\/\/www.facebook.com\/miomiorun\/\",\"https:\/\/www.instagram.com\/miomiorun\/\"]}]}<\/script>\n<!-- \/ Yoast SEO plugin. -->","yoast_head_json":{"title":"Montura Outdoor Stretch Skirt mujer - falda corriendo MioMioRun","description":"La falda Outdoor Stretch para mujer es c\u00f3moda y resistente al agua, para disfrutar del aire libre con estilo. Falda con tratamiento repelente al agua","robots":{"index":"index","follow":"follow","max-snippet":"max-snippet:-1","max-image-preview":"max-image-preview:large","max-video-preview":"max-video-preview:-1"},"canonical":"https:\/\/www.miomiorun.com\/es\/producto\/outdoor-stretch-skirt-mujer\/","og_locale":"es_ES","og_type":"article","og_title":"Montura Outdoor Stretch Skirt mujer - falda corriendo MioMioRun","og_description":"La falda Outdoor Stretch para mujer es c\u00f3moda y resistente al agua, para disfrutar del aire libre con estilo. Falda con tratamiento repelente al agua","og_url":"https:\/\/www.miomiorun.com\/es\/producto\/outdoor-stretch-skirt-mujer\/","og_site_name":"MioMioRun","article_publisher":"https:\/\/www.facebook.com\/miomiorun\/","article_modified_time":"2026-05-08T16:58:59+00:00","og_image":[{"width":600,"height":600,"url":"https:\/\/www.miomiorun.com\/app\/uploads\/2024\/04\/Montura-Outdoor-stretch-skirt-W-nero-MPGG11W-90.webp","type":"image\/webp"}],"twitter_card":"summary_large_image","twitter_misc":{"Est. reading time":"1 minute"},"schema":{"@context":"https:\/\/schema.org","@graph":[{"@type":"WebPage","@id":"https:\/\/www.miomiorun.com\/es\/producto\/outdoor-stretch-skirt-mujer\/","url":"https:\/\/www.miomiorun.com\/es\/producto\/outdoor-stretch-skirt-mujer\/","name":"Montura Outdoor Stretch Skirt mujer - falda corriendo MioMioRun","isPartOf":{"@id":"https:\/\/www.miomiorun.com\/es\/#website"},"primaryImageOfPage":{"@id":"https:\/\/www.miomiorun.com\/es\/producto\/outdoor-stretch-skirt-mujer\/#primaryimage"},"image":{"@id":"https:\/\/www.miomiorun.com\/es\/producto\/outdoor-stretch-skirt-mujer\/#primaryimage"},"thumbnailUrl":"https:\/\/www.miomiorun.com\/app\/uploads\/2024\/04\/Montura-Outdoor-stretch-skirt-W-nero-MPGG11W-90.webp","datePublished":"2024-04-09T13:02:20+00:00","dateModified":"2026-05-08T16:58:59+00:00","description":"La falda Outdoor Stretch para mujer es c\u00f3moda y resistente al agua, para disfrutar del aire libre con estilo. Falda con tratamiento repelente al agua","breadcrumb":{"@id":"https:\/\/www.miomiorun.com\/es\/producto\/outdoor-stretch-skirt-mujer\/#breadcrumb"},"inLanguage":"es-ES","potentialAction":[{"@type":"ReadAction","target":["https:\/\/www.miomiorun.com\/es\/producto\/outdoor-stretch-skirt-mujer\/"]}]},{"@type":"ImageObject","inLanguage":"es-ES","@id":"https:\/\/www.miomiorun.com\/es\/producto\/outdoor-stretch-skirt-mujer\/#primaryimage","url":"https:\/\/www.miomiorun.com\/app\/uploads\/2024\/04\/Montura-Outdoor-stretch-skirt-W-nero-MPGG11W-90.webp","contentUrl":"https:\/\/www.miomiorun.com\/app\/uploads\/2024\/04\/Montura-Outdoor-stretch-skirt-W-nero-MPGG11W-90.webp","width":600,"height":600,"caption":"Montura Outdoor stretch skirt W nero MPGG11W 90"},{"@type":"BreadcrumbList","@id":"https:\/\/www.miomiorun.com\/es\/producto\/outdoor-stretch-skirt-mujer\/#breadcrumb","itemListElement":[{"@type":"ListItem","position":1,"name":"Home","item":"https:\/\/www.miomiorun.com\/es\/"},{"@type":"ListItem","position":2,"name":"Shop","item":"https:\/\/www.miomiorun.com\/shop\/"},{"@type":"ListItem","position":3,"name":"Outdoor Stretch Skirt mujer"}]},{"@type":"WebSite","@id":"https:\/\/www.miomiorun.com\/es\/#website","url":"https:\/\/www.miomiorun.com\/es\/","name":"MioMioRun","description":"Tienda 100% running y trail","publisher":{"@id":"https:\/\/www.miomiorun.com\/es\/#organization"},"potentialAction":[{"@type":"SearchAction","target":{"@type":"EntryPoint","urlTemplate":"https:\/\/www.miomiorun.com\/es\/?s={search_term_string}"},"query-input":{"@type":"PropertyValueSpecification","valueRequired":true,"valueName":"search_term_string"}}],"inLanguage":"es-ES"},{"@type":"Organization","@id":"https:\/\/www.miomiorun.com\/es\/#organization","name":"MioMio Run","url":"https:\/\/www.miomiorun.com\/es\/","logo":{"@type":"ImageObject","inLanguage":"es-ES","@id":"https:\/\/www.miomiorun.com\/es\/#\/schema\/logo\/image\/","url":"https:\/\/www.miomiorun.com\/app\/uploads\/2019\/12\/logomio.png","contentUrl":"https:\/\/www.miomiorun.com\/app\/uploads\/2019\/12\/logomio.png","width":115,"height":82,"caption":"MioMio Run"},"image":{"@id":"https:\/\/www.miomiorun.com\/es\/#\/schema\/logo\/image\/"},"sameAs":["https:\/\/www.facebook.com\/miomiorun\/","https:\/\/www.instagram.com\/miomiorun\/"]}]}},"_links":{"self":[{"href":"https:\/\/www.miomiorun.com\/es\/wp-json\/wp\/v2\/product\/290872","targetHints":{"allow":["GET"]}}],"collection":[{"href":"https:\/\/www.miomiorun.com\/es\/wp-json\/wp\/v2\/product"}],"about":[{"href":"https:\/\/www.miomiorun.com\/es\/wp-json\/wp\/v2\/types\/product"}],"wp:featuredmedia":[{"embeddable":true,"href":"https:\/\/www.miomiorun.com\/es\/wp-json\/wp\/v2\/media\/246411"}],"wp:attachment":[{"href":"https:\/\/www.miomiorun.com\/es\/wp-json\/wp\/v2\/media?parent=290872"}],"wp:term":[{"taxonomy":"product_brand","embeddable":true,"href":"https:\/\/www.miomiorun.com\/es\/wp-json\/wp\/v2\/product_brand?post=290872"},{"taxonomy":"product_cat","embeddable":true,"href":"https:\/\/www.miomiorun.com\/es\/wp-json\/wp\/v2\/product_cat?post=290872"},{"taxonomy":"product_tag","embeddable":true,"href":"https:\/\/www.miomiorun.com\/es\/wp-json\/wp\/v2\/product_tag?post=290872"}],"curies":[{"name":"wp","href":"https:\/\/api.w.org\/{rel}","templated":true}]}}