{"id":290852,"date":"2024-04-10T17:40:41","date_gmt":"2024-04-10T15:40:41","guid":{"rendered":"https:\/\/miomiorun.com\/prodotto\/boulder-t-shirt-kids\/"},"modified":"2026-05-08T22:01:56","modified_gmt":"2026-05-08T20:01:56","slug":"boulder-t-shirt-camiseta-para-correr","status":"publish","type":"product","link":"https:\/\/www.miomiorun.com\/es\/producto\/boulder-t-shirt-camiseta-para-correr\/","title":{"rendered":"Boulder T-Shirt ni\u00f1os"},"content":{"rendered":"<h3 style=\"text-align: center\">\u00a1Todos a bordo: comienza una nueva aventura vertical!<\/h3>\n<p><strong>Camiseta Boulder <\/strong>para ni\u00f1o. Una divertida camiseta con el logotipo de La Sportiva con un dise\u00f1o totalmente dedicado a la escalada. \u00a1Dedicada a los peque\u00f1os escaladores de b\u00falder que se inician en este fant\u00e1stico mundo de la escalada!<\/p>\n<h3><\/h3>\n<h3>Tecnolog\u00edas<\/h3>\n<p><a href=\"https:\/\/www.lasportiva.com\/it\/cinquecento-t-shirt-k-giallo-r03100100#\"> <img loading=\"lazy\" decoding=\"async\" class=\"lazyloaded\" src=\"https:\/\/www.lasportiva.com\/media\/techinfo_icons\/regular-fit.png\" alt=\"La Sportiva\" width=\"75\" height=\"75\" data-src=\"https:\/\/www.lasportiva.com\/media\/techinfo_icons\/regular-fit.png\" \/> <\/a><\/p>\n<p><strong>Corte regular: <\/strong>Corte t\u00e9cnico y c\u00f3modo.<\/p>\n<p>&nbsp;<\/p>\n<p><a href=\"https:\/\/www.lasportiva.com\/it\/cinquecento-t-shirt-k-giallo-r03100100#\"> <img loading=\"lazy\" decoding=\"async\" class=\"lazyloaded\" src=\"https:\/\/www.lasportiva.com\/media\/techinfo_icons\/leggerezza.png\" alt=\"La Sportiva\" width=\"75\" height=\"75\" data-src=\"https:\/\/www.lasportiva.com\/media\/techinfo_icons\/leggerezza.png\" \/> <\/a><\/p>\n<p><strong>Ligereza: <\/strong>Productos que mantienen el peso al m\u00ednimo<\/p>\n<p>&nbsp;<\/p>\n<p><a href=\"https:\/\/www.lasportiva.com\/it\/cinquecento-t-shirt-k-giallo-r03100100#\"> <img loading=\"lazy\" decoding=\"async\" class=\"lazyloaded\" src=\"https:\/\/www.lasportiva.com\/media\/techinfo_icons\/organic-cotton.png\" alt=\"La Sportiva\" width=\"75\" height=\"75\" data-src=\"https:\/\/www.lasportiva.com\/media\/techinfo_icons\/organic-cotton.png\" \/> <\/a><\/p>\n<p><strong>Para la creaci\u00f3n de la l\u00ednea de camisetas de algod\u00f3n, La Sportiva ha tomado una decisi\u00f3n clara:<\/strong><strong>utilizar \u00fanicamente algod\u00f3n 100 % org\u00e1nico certificado, respetando plenamente el medio ambiente que nos rodea y con beneficios evidentes tambi\u00e9n para el usuario final. <\/strong><br \/>\nEl algod\u00f3n org\u00e1nico se obtiene de plantaciones tratadas sin el uso de pesticidas ni sustancias qu\u00edmicas, utilizando menos agua que los cultivos tradicionales y sin el uso de semillas transg\u00e9nicas. Quien lo lleve puesto, adem\u00e1s de optar por una elecci\u00f3n ecosostenible, podr\u00e1 percibir inmediatamente la diferencia: no produce irritaciones al contacto con la piel, es m\u00e1s suave que el algod\u00f3n tradicional, m\u00e1s transpirable y mucho m\u00e1s c\u00f3modo.<\/p>\n<p>&nbsp;<\/p>\n<p><a class=\"d-flex flex-column align-items-center text-center\"><img loading=\"lazy\" decoding=\"async\" class=\"lazyloaded\" src=\"https:\/\/www.lasportiva.com\/media\/techinfo_icons\/L1.png\" alt=\"La Sportiva\" width=\"75\" height=\"75\" data-src=\"https:\/\/www.lasportiva.com\/media\/techinfo_icons\/L1.png\" \/> <\/a><\/p>\n<p><a class=\"d-flex flex-column align-items-center text-center\"><strong>L1 (capa base)<\/strong> <\/a><\/p>\n<p>Capa en contacto directo con la piel. Favorece la evacuaci\u00f3n del sudor para una mayor comodidad t\u00e9rmica durante la actividad f\u00edsica.<\/p>\n<p>&nbsp;<\/p>\n<p>&nbsp;<\/p>\n<p><b>Tejido: <\/b>Tejido principal: (KNM01) 100 % algod\u00f3n org\u00e1nico<br \/>\n<b>Peso: <\/b>72 g<br \/>\n<b>Corte: <\/b>Corte regular<\/p>\n<p>&nbsp;<\/p>\n<div>\n<\/div>\n","protected":false},"excerpt":{"rendered":"<ul>\n<li>Camiseta para ni\u00f1o ideal para todas las actividades al aire libre y el tiempo libre.<\/li>\n<li>De algod\u00f3n org\u00e1nico.<\/li>\n<\/ul>\n","protected":false},"featured_media":246459,"template":"","meta":{"_acf_changed":false,"inline_featured_image":false},"product_brand":[],"product_cat":[24403,24404,24407],"product_tag":[23598,24198,24197],"class_list":{"0":"post-290852","1":"product","2":"type-product","3":"status-publish","4":"has-post-thumbnail","6":"product_cat-ropa-chica","7":"product_cat-ropa-chico","8":"product_cat-chico","9":"product_tag-la-sportiva-es","10":"product_tag-la-sportiva-chica","11":"product_tag-la-sportiva-chico","12":"pa_attivita-caminar","13":"pa_attivita-lifestyle-es","14":"pa_attivita-outdoor-es","15":"pa_colore-boulder-t-shirt-k-cherry-tomato-es","16":"pa_marca-la-sportiva-es","17":"pa_sesso-hombre","18":"pa_sesso-mujer","19":"pa_size-110-es","21":"first","22":"instock","23":"sale","24":"taxable","25":"shipping-taxable","26":"purchasable","27":"product-type-variable","28":"wvs-archive-product-wrapper"},"acf":[],"yoast_head":"<!-- This site is optimized with the Yoast SEO plugin v26.8 - https:\/\/yoast.com\/product\/yoast-seo-wordpress\/ -->\n<title>La SportivaBoulder T-Shirt ni\u00f1os - Camiseta para correr - MioMioRun.com<\/title>\n<meta name=\"description\" content=\"Camiseta Boulder para ni\u00f1o. Una divertida camiseta con el logotipo de La Sportiva con un dise\u00f1o totalmente dedicado a la escalada\" \/>\n<meta name=\"robots\" content=\"index, follow, max-snippet:-1, max-image-preview:large, max-video-preview:-1\" \/>\n<link rel=\"canonical\" href=\"https:\/\/www.miomiorun.com\/es\/producto\/boulder-t-shirt-camiseta-para-correr\/\" \/>\n<meta property=\"og:locale\" content=\"es_ES\" \/>\n<meta property=\"og:type\" content=\"article\" \/>\n<meta property=\"og:title\" content=\"La SportivaBoulder T-Shirt ni\u00f1os - Camiseta para correr - MioMioRun.com\" \/>\n<meta property=\"og:description\" content=\"Camiseta Boulder para ni\u00f1o. Una divertida camiseta con el logotipo de La Sportiva con un dise\u00f1o totalmente dedicado a la escalada\" \/>\n<meta property=\"og:url\" content=\"https:\/\/www.miomiorun.com\/es\/producto\/boulder-t-shirt-camiseta-para-correr\/\" \/>\n<meta property=\"og:site_name\" content=\"MioMioRun\" \/>\n<meta property=\"article:publisher\" content=\"https:\/\/www.facebook.com\/miomiorun\/\" \/>\n<meta property=\"article:modified_time\" content=\"2026-05-08T20:01:56+00:00\" \/>\n<meta property=\"og:image\" content=\"https:\/\/www.miomiorun.com\/app\/uploads\/2024\/04\/La-sportiva-Boulder-t-shirt-K-cherry-tomato-R07322322.webp\" \/>\n\t<meta property=\"og:image:width\" content=\"600\" \/>\n\t<meta property=\"og:image:height\" content=\"600\" \/>\n\t<meta property=\"og:image:type\" content=\"image\/webp\" \/>\n<meta name=\"twitter:card\" content=\"summary_large_image\" \/>\n<meta name=\"twitter:label1\" content=\"Est. reading time\" \/>\n\t<meta name=\"twitter:data1\" content=\"1 minute\" \/>\n<script type=\"application\/ld+json\" class=\"yoast-schema-graph\">{\"@context\":\"https:\/\/schema.org\",\"@graph\":[{\"@type\":\"WebPage\",\"@id\":\"https:\/\/www.miomiorun.com\/es\/producto\/boulder-t-shirt-camiseta-para-correr\/\",\"url\":\"https:\/\/www.miomiorun.com\/es\/producto\/boulder-t-shirt-camiseta-para-correr\/\",\"name\":\"La SportivaBoulder T-Shirt ni\u00f1os - Camiseta para correr - MioMioRun.com\",\"isPartOf\":{\"@id\":\"https:\/\/www.miomiorun.com\/es\/#website\"},\"primaryImageOfPage\":{\"@id\":\"https:\/\/www.miomiorun.com\/es\/producto\/boulder-t-shirt-camiseta-para-correr\/#primaryimage\"},\"image\":{\"@id\":\"https:\/\/www.miomiorun.com\/es\/producto\/boulder-t-shirt-camiseta-para-correr\/#primaryimage\"},\"thumbnailUrl\":\"https:\/\/www.miomiorun.com\/app\/uploads\/2024\/04\/La-sportiva-Boulder-t-shirt-K-cherry-tomato-R07322322.webp\",\"datePublished\":\"2024-04-10T15:40:41+00:00\",\"dateModified\":\"2026-05-08T20:01:56+00:00\",\"description\":\"Camiseta Boulder para ni\u00f1o. Una divertida camiseta con el logotipo de La Sportiva con un dise\u00f1o totalmente dedicado a la escalada\",\"breadcrumb\":{\"@id\":\"https:\/\/www.miomiorun.com\/es\/producto\/boulder-t-shirt-camiseta-para-correr\/#breadcrumb\"},\"inLanguage\":\"es-ES\",\"potentialAction\":[{\"@type\":\"ReadAction\",\"target\":[\"https:\/\/www.miomiorun.com\/es\/producto\/boulder-t-shirt-camiseta-para-correr\/\"]}]},{\"@type\":\"ImageObject\",\"inLanguage\":\"es-ES\",\"@id\":\"https:\/\/www.miomiorun.com\/es\/producto\/boulder-t-shirt-camiseta-para-correr\/#primaryimage\",\"url\":\"https:\/\/www.miomiorun.com\/app\/uploads\/2024\/04\/La-sportiva-Boulder-t-shirt-K-cherry-tomato-R07322322.webp\",\"contentUrl\":\"https:\/\/www.miomiorun.com\/app\/uploads\/2024\/04\/La-sportiva-Boulder-t-shirt-K-cherry-tomato-R07322322.webp\",\"width\":600,\"height\":600,\"caption\":\"La sportiva Boulder t-shirt K cherry tomato R07322322\"},{\"@type\":\"BreadcrumbList\",\"@id\":\"https:\/\/www.miomiorun.com\/es\/producto\/boulder-t-shirt-camiseta-para-correr\/#breadcrumb\",\"itemListElement\":[{\"@type\":\"ListItem\",\"position\":1,\"name\":\"Home\",\"item\":\"https:\/\/www.miomiorun.com\/es\/\"},{\"@type\":\"ListItem\",\"position\":2,\"name\":\"Shop\",\"item\":\"https:\/\/www.miomiorun.com\/shop\/\"},{\"@type\":\"ListItem\",\"position\":3,\"name\":\"Boulder T-Shirt ni\u00f1os\"}]},{\"@type\":\"WebSite\",\"@id\":\"https:\/\/www.miomiorun.com\/es\/#website\",\"url\":\"https:\/\/www.miomiorun.com\/es\/\",\"name\":\"MioMioRun\",\"description\":\"Tienda 100% running y trail\",\"publisher\":{\"@id\":\"https:\/\/www.miomiorun.com\/es\/#organization\"},\"potentialAction\":[{\"@type\":\"SearchAction\",\"target\":{\"@type\":\"EntryPoint\",\"urlTemplate\":\"https:\/\/www.miomiorun.com\/es\/?s={search_term_string}\"},\"query-input\":{\"@type\":\"PropertyValueSpecification\",\"valueRequired\":true,\"valueName\":\"search_term_string\"}}],\"inLanguage\":\"es-ES\"},{\"@type\":\"Organization\",\"@id\":\"https:\/\/www.miomiorun.com\/es\/#organization\",\"name\":\"MioMio Run\",\"url\":\"https:\/\/www.miomiorun.com\/es\/\",\"logo\":{\"@type\":\"ImageObject\",\"inLanguage\":\"es-ES\",\"@id\":\"https:\/\/www.miomiorun.com\/es\/#\/schema\/logo\/image\/\",\"url\":\"https:\/\/www.miomiorun.com\/app\/uploads\/2019\/12\/logomio.png\",\"contentUrl\":\"https:\/\/www.miomiorun.com\/app\/uploads\/2019\/12\/logomio.png\",\"width\":115,\"height\":82,\"caption\":\"MioMio Run\"},\"image\":{\"@id\":\"https:\/\/www.miomiorun.com\/es\/#\/schema\/logo\/image\/\"},\"sameAs\":[\"https:\/\/www.facebook.com\/miomiorun\/\",\"https:\/\/www.instagram.com\/miomiorun\/\"]}]}<\/script>\n<!-- \/ Yoast SEO plugin. -->","yoast_head_json":{"title":"La SportivaBoulder T-Shirt ni\u00f1os - Camiseta para correr - MioMioRun.com","description":"Camiseta Boulder para ni\u00f1o. Una divertida camiseta con el logotipo de La Sportiva con un dise\u00f1o totalmente dedicado a la escalada","robots":{"index":"index","follow":"follow","max-snippet":"max-snippet:-1","max-image-preview":"max-image-preview:large","max-video-preview":"max-video-preview:-1"},"canonical":"https:\/\/www.miomiorun.com\/es\/producto\/boulder-t-shirt-camiseta-para-correr\/","og_locale":"es_ES","og_type":"article","og_title":"La SportivaBoulder T-Shirt ni\u00f1os - Camiseta para correr - MioMioRun.com","og_description":"Camiseta Boulder para ni\u00f1o. Una divertida camiseta con el logotipo de La Sportiva con un dise\u00f1o totalmente dedicado a la escalada","og_url":"https:\/\/www.miomiorun.com\/es\/producto\/boulder-t-shirt-camiseta-para-correr\/","og_site_name":"MioMioRun","article_publisher":"https:\/\/www.facebook.com\/miomiorun\/","article_modified_time":"2026-05-08T20:01:56+00:00","og_image":[{"width":600,"height":600,"url":"https:\/\/www.miomiorun.com\/app\/uploads\/2024\/04\/La-sportiva-Boulder-t-shirt-K-cherry-tomato-R07322322.webp","type":"image\/webp"}],"twitter_card":"summary_large_image","twitter_misc":{"Est. reading time":"1 minute"},"schema":{"@context":"https:\/\/schema.org","@graph":[{"@type":"WebPage","@id":"https:\/\/www.miomiorun.com\/es\/producto\/boulder-t-shirt-camiseta-para-correr\/","url":"https:\/\/www.miomiorun.com\/es\/producto\/boulder-t-shirt-camiseta-para-correr\/","name":"La SportivaBoulder T-Shirt ni\u00f1os - Camiseta para correr - MioMioRun.com","isPartOf":{"@id":"https:\/\/www.miomiorun.com\/es\/#website"},"primaryImageOfPage":{"@id":"https:\/\/www.miomiorun.com\/es\/producto\/boulder-t-shirt-camiseta-para-correr\/#primaryimage"},"image":{"@id":"https:\/\/www.miomiorun.com\/es\/producto\/boulder-t-shirt-camiseta-para-correr\/#primaryimage"},"thumbnailUrl":"https:\/\/www.miomiorun.com\/app\/uploads\/2024\/04\/La-sportiva-Boulder-t-shirt-K-cherry-tomato-R07322322.webp","datePublished":"2024-04-10T15:40:41+00:00","dateModified":"2026-05-08T20:01:56+00:00","description":"Camiseta Boulder para ni\u00f1o. Una divertida camiseta con el logotipo de La Sportiva con un dise\u00f1o totalmente dedicado a la escalada","breadcrumb":{"@id":"https:\/\/www.miomiorun.com\/es\/producto\/boulder-t-shirt-camiseta-para-correr\/#breadcrumb"},"inLanguage":"es-ES","potentialAction":[{"@type":"ReadAction","target":["https:\/\/www.miomiorun.com\/es\/producto\/boulder-t-shirt-camiseta-para-correr\/"]}]},{"@type":"ImageObject","inLanguage":"es-ES","@id":"https:\/\/www.miomiorun.com\/es\/producto\/boulder-t-shirt-camiseta-para-correr\/#primaryimage","url":"https:\/\/www.miomiorun.com\/app\/uploads\/2024\/04\/La-sportiva-Boulder-t-shirt-K-cherry-tomato-R07322322.webp","contentUrl":"https:\/\/www.miomiorun.com\/app\/uploads\/2024\/04\/La-sportiva-Boulder-t-shirt-K-cherry-tomato-R07322322.webp","width":600,"height":600,"caption":"La sportiva Boulder t-shirt K cherry tomato R07322322"},{"@type":"BreadcrumbList","@id":"https:\/\/www.miomiorun.com\/es\/producto\/boulder-t-shirt-camiseta-para-correr\/#breadcrumb","itemListElement":[{"@type":"ListItem","position":1,"name":"Home","item":"https:\/\/www.miomiorun.com\/es\/"},{"@type":"ListItem","position":2,"name":"Shop","item":"https:\/\/www.miomiorun.com\/shop\/"},{"@type":"ListItem","position":3,"name":"Boulder T-Shirt ni\u00f1os"}]},{"@type":"WebSite","@id":"https:\/\/www.miomiorun.com\/es\/#website","url":"https:\/\/www.miomiorun.com\/es\/","name":"MioMioRun","description":"Tienda 100% running y trail","publisher":{"@id":"https:\/\/www.miomiorun.com\/es\/#organization"},"potentialAction":[{"@type":"SearchAction","target":{"@type":"EntryPoint","urlTemplate":"https:\/\/www.miomiorun.com\/es\/?s={search_term_string}"},"query-input":{"@type":"PropertyValueSpecification","valueRequired":true,"valueName":"search_term_string"}}],"inLanguage":"es-ES"},{"@type":"Organization","@id":"https:\/\/www.miomiorun.com\/es\/#organization","name":"MioMio Run","url":"https:\/\/www.miomiorun.com\/es\/","logo":{"@type":"ImageObject","inLanguage":"es-ES","@id":"https:\/\/www.miomiorun.com\/es\/#\/schema\/logo\/image\/","url":"https:\/\/www.miomiorun.com\/app\/uploads\/2019\/12\/logomio.png","contentUrl":"https:\/\/www.miomiorun.com\/app\/uploads\/2019\/12\/logomio.png","width":115,"height":82,"caption":"MioMio Run"},"image":{"@id":"https:\/\/www.miomiorun.com\/es\/#\/schema\/logo\/image\/"},"sameAs":["https:\/\/www.facebook.com\/miomiorun\/","https:\/\/www.instagram.com\/miomiorun\/"]}]}},"_links":{"self":[{"href":"https:\/\/www.miomiorun.com\/es\/wp-json\/wp\/v2\/product\/290852","targetHints":{"allow":["GET"]}}],"collection":[{"href":"https:\/\/www.miomiorun.com\/es\/wp-json\/wp\/v2\/product"}],"about":[{"href":"https:\/\/www.miomiorun.com\/es\/wp-json\/wp\/v2\/types\/product"}],"wp:featuredmedia":[{"embeddable":true,"href":"https:\/\/www.miomiorun.com\/es\/wp-json\/wp\/v2\/media\/246459"}],"wp:attachment":[{"href":"https:\/\/www.miomiorun.com\/es\/wp-json\/wp\/v2\/media?parent=290852"}],"wp:term":[{"taxonomy":"product_brand","embeddable":true,"href":"https:\/\/www.miomiorun.com\/es\/wp-json\/wp\/v2\/product_brand?post=290852"},{"taxonomy":"product_cat","embeddable":true,"href":"https:\/\/www.miomiorun.com\/es\/wp-json\/wp\/v2\/product_cat?post=290852"},{"taxonomy":"product_tag","embeddable":true,"href":"https:\/\/www.miomiorun.com\/es\/wp-json\/wp\/v2\/product_tag?post=290852"}],"curies":[{"name":"wp","href":"https:\/\/api.w.org\/{rel}","templated":true}]}}