{"id":290830,"date":"2024-04-09T15:50:37","date_gmt":"2024-04-09T13:50:37","guid":{"rendered":"https:\/\/miomiorun.com\/prodotto\/fresh-light-maglia-uomo\/"},"modified":"2026-05-07T16:12:24","modified_gmt":"2026-05-07T14:12:24","slug":"fresh-light-maglia-hombre","status":"publish","type":"product","link":"https:\/\/www.miomiorun.com\/es\/producto\/fresh-light-maglia-hombre\/","title":{"rendered":"Fresh Light Maglia hombre"},"content":{"rendered":"<p>El maillot <strong>Fresh Light<\/strong> para hombre ofrece ligereza y comodidad para las salidas de verano.<\/p>\n<p>Confeccionado en poli\u00e9ster ultratranspirable, este maillot de manga larga se seca r\u00e1pidamente y te mantiene fresco y seco durante las salidas de verano.<\/p>\n<p>La tecnolog\u00eda Micro-Fresh\u00ae evita que la prenda se pegue a la piel, favoreciendo la evaporaci\u00f3n del exceso de humedad y permitiendo mantener la temperatura corporal siempre bajo control en las estaciones c\u00e1lidas.<\/p>\n<p>El tejido el\u00e1stico en cuatro direcciones garantiza la m\u00e1xima libertad de movimiento durante las actividades al aire libre y te protege de los rayos UV en los d\u00edas soleados.<\/p>\n<p style=\"text-align: center\"><strong>Con un corte cl\u00e1sico, el jersey Fresh Light para hombre es la prenda ideal para llevar contigo en aquellas aventuras en las que la ligereza y la practicidad son fundamentales.<\/strong><\/p>\n<p>&nbsp;<\/p>\n<p><strong>Caracter\u00edsticas:<\/strong><\/p>\n<ul class=\"tw-list-disc\">\n<li class=\"tw-text-xs\">Jersey de hombre<\/li>\n<li class=\"tw-text-xs\">Tejido Microfresh de jersey el\u00e1stico de poli\u00e9ster ultraligero con control activo de la transpiraci\u00f3n y propiedades de secado r\u00e1pido, que garantiza la m\u00e1xima ventilaci\u00f3n y protecci\u00f3n contra los rayos UV<\/li>\n<li class=\"tw-text-xs\">Una prenda ideal para diversas actividades al aire libre<\/li>\n<\/ul>\n<p>Peso: 150,0 g<\/p>\n<p>&nbsp;<\/p>\n<div class=\"content__image-wrapper tw-w-fit\">\n<div class=\"content__image tw-relative tw-w-[5rem]\"><img loading=\"lazy\" decoding=\"async\" class=\"tw-absolute tw-top-0 tw-left-0 tw-w-full tw-h-full\" src=\"https:\/\/www.montura.com\/cdn\/shop\/files\/004_Breathable_Black.svg?v=1709125473&amp;width=200\" alt=\"\" width=\"102\" height=\"102\" \/> \u00a0 <strong>TRANSPIRABLE: <\/strong>Gracias a sus tejidos transpirables, esta prenda favorece la transpiraci\u00f3n natural de la piel y mantiene el cuerpo siempre a la temperatura \u00f3ptima.<\/div>\n<\/div>\n<div><\/div>\n<div><\/div>\n<div><strong>Ideal para:<\/strong><\/div>\n<div><\/div>\n<div><\/div>\n<div>\n<div class=\"content__image-wrapper tw-w-fit\">\n<div class=\"content__image tw-relative tw-w-[5rem]\"><img loading=\"lazy\" decoding=\"async\" class=\"tw-absolute tw-top-0 tw-left-0 tw-w-full tw-h-full\" src=\"https:\/\/www.montura.com\/cdn\/shop\/files\/017_TrekkingHiking_Black.svg?v=1709126467&amp;width=200\" alt=\"\" width=\"102\" height=\"102\" \/>\u00a0 <strong>SENDERISMO<\/strong><\/div>\n<\/div>\n<\/div>\n<div><\/div>\n<div><\/div>\n<div><\/div>\n<div>\n<div class=\"content__image-wrapper tw-w-fit\">\n<div class=\"content__image tw-relative tw-w-[5rem]\"><img loading=\"lazy\" decoding=\"async\" class=\"tw-absolute tw-top-0 tw-left-0 tw-w-full tw-h-full\" src=\"https:\/\/www.montura.com\/cdn\/shop\/files\/015_Everyday_Black.svg?v=1709126253&amp;width=200\" alt=\"\" width=\"102\" height=\"102\" \/> \u00a0 <strong>TODOS LOS D\u00cdAS<\/strong><\/div>\n<div>\n<\/div>\n<\/div>\n<\/div>\n","protected":false},"excerpt":{"rendered":"<ul>\n<li>Camiseta de manga larga ligera y de secado r\u00e1pido.<\/li>\n<li>Ideal para llevar en cualquier actividad al aire libre en la monta\u00f1a.<\/li>\n<\/ul>\n","protected":false},"featured_media":246431,"template":"","meta":{"_acf_changed":false,"inline_featured_image":false},"product_brand":[],"product_cat":[24458,24463,24464],"product_tag":[23513,23592],"class_list":{"0":"post-290830","1":"product","2":"type-product","3":"status-publish","4":"has-post-thumbnail","6":"product_cat-camisetas-es-2","7":"product_cat-ropa-de-hombre-es","8":"product_cat-hombre","9":"product_tag-montura-es","10":"product_tag-montura-hombre","11":"pa_attivita-caminar","12":"pa_attivita-outdoor-es","13":"pa_colore-fresh-light-maglia-b-blue-es","14":"pa_colore-fresh-light-maglia-verde-salvia-es","15":"pa_marca-montura-es","16":"pa_sesso-hombre","17":"pa_size-medium-es","18":"pa_size-extra-large-es","20":"first","21":"instock","22":"sale","23":"taxable","24":"shipping-taxable","25":"purchasable","26":"product-type-variable","27":"wvs-archive-product-wrapper"},"acf":[],"yoast_head":"<!-- This site is optimized with the Yoast SEO plugin v26.8 - https:\/\/yoast.com\/product\/yoast-seo-wordpress\/ -->\n<title>Montura Fresh Light Maglia hombre - camisa para correr - MioMioRun.com<\/title>\n<meta name=\"description\" content=\"El maillot Fresh Light para hombre ofrece ligereza y comodidad para las salidas de verano. Confeccionado en poli\u00e9ster ultratranspirable, se seca r\u00e1pidamente\" \/>\n<meta name=\"robots\" content=\"index, follow, max-snippet:-1, max-image-preview:large, max-video-preview:-1\" \/>\n<link rel=\"canonical\" href=\"https:\/\/www.miomiorun.com\/es\/producto\/fresh-light-maglia-hombre\/\" \/>\n<meta property=\"og:locale\" content=\"es_ES\" \/>\n<meta property=\"og:type\" content=\"article\" \/>\n<meta property=\"og:title\" content=\"Montura Fresh Light Maglia hombre - camisa para correr - MioMioRun.com\" \/>\n<meta property=\"og:description\" content=\"El maillot Fresh Light para hombre ofrece ligereza y comodidad para las salidas de verano. Confeccionado en poli\u00e9ster ultratranspirable, se seca r\u00e1pidamente\" \/>\n<meta property=\"og:url\" content=\"https:\/\/www.miomiorun.com\/es\/producto\/fresh-light-maglia-hombre\/\" \/>\n<meta property=\"og:site_name\" content=\"MioMioRun\" \/>\n<meta property=\"article:publisher\" content=\"https:\/\/www.facebook.com\/miomiorun\/\" \/>\n<meta property=\"article:modified_time\" content=\"2026-05-07T14:12:24+00:00\" \/>\n<meta property=\"og:image\" content=\"https:\/\/www.miomiorun.com\/app\/uploads\/2024\/04\/Montura-Fresh-light-maglia-verde-salvia-MMGN80X-49.webp\" \/>\n\t<meta property=\"og:image:width\" content=\"600\" \/>\n\t<meta property=\"og:image:height\" content=\"600\" \/>\n\t<meta property=\"og:image:type\" content=\"image\/webp\" \/>\n<meta name=\"twitter:card\" content=\"summary_large_image\" \/>\n<meta name=\"twitter:label1\" content=\"Est. reading time\" \/>\n\t<meta name=\"twitter:data1\" content=\"1 minute\" \/>\n<script type=\"application\/ld+json\" class=\"yoast-schema-graph\">{\"@context\":\"https:\/\/schema.org\",\"@graph\":[{\"@type\":\"WebPage\",\"@id\":\"https:\/\/www.miomiorun.com\/es\/producto\/fresh-light-maglia-hombre\/\",\"url\":\"https:\/\/www.miomiorun.com\/es\/producto\/fresh-light-maglia-hombre\/\",\"name\":\"Montura Fresh Light Maglia hombre - camisa para correr - MioMioRun.com\",\"isPartOf\":{\"@id\":\"https:\/\/www.miomiorun.com\/es\/#website\"},\"primaryImageOfPage\":{\"@id\":\"https:\/\/www.miomiorun.com\/es\/producto\/fresh-light-maglia-hombre\/#primaryimage\"},\"image\":{\"@id\":\"https:\/\/www.miomiorun.com\/es\/producto\/fresh-light-maglia-hombre\/#primaryimage\"},\"thumbnailUrl\":\"https:\/\/www.miomiorun.com\/app\/uploads\/2024\/04\/Montura-Fresh-light-maglia-verde-salvia-MMGN80X-49.webp\",\"datePublished\":\"2024-04-09T13:50:37+00:00\",\"dateModified\":\"2026-05-07T14:12:24+00:00\",\"description\":\"El maillot Fresh Light para hombre ofrece ligereza y comodidad para las salidas de verano. Confeccionado en poli\u00e9ster ultratranspirable, se seca r\u00e1pidamente\",\"breadcrumb\":{\"@id\":\"https:\/\/www.miomiorun.com\/es\/producto\/fresh-light-maglia-hombre\/#breadcrumb\"},\"inLanguage\":\"es-ES\",\"potentialAction\":[{\"@type\":\"ReadAction\",\"target\":[\"https:\/\/www.miomiorun.com\/es\/producto\/fresh-light-maglia-hombre\/\"]}]},{\"@type\":\"ImageObject\",\"inLanguage\":\"es-ES\",\"@id\":\"https:\/\/www.miomiorun.com\/es\/producto\/fresh-light-maglia-hombre\/#primaryimage\",\"url\":\"https:\/\/www.miomiorun.com\/app\/uploads\/2024\/04\/Montura-Fresh-light-maglia-verde-salvia-MMGN80X-49.webp\",\"contentUrl\":\"https:\/\/www.miomiorun.com\/app\/uploads\/2024\/04\/Montura-Fresh-light-maglia-verde-salvia-MMGN80X-49.webp\",\"width\":600,\"height\":600,\"caption\":\"Montura Fresh light maglia verde salvia MMGN80X 49\"},{\"@type\":\"BreadcrumbList\",\"@id\":\"https:\/\/www.miomiorun.com\/es\/producto\/fresh-light-maglia-hombre\/#breadcrumb\",\"itemListElement\":[{\"@type\":\"ListItem\",\"position\":1,\"name\":\"Home\",\"item\":\"https:\/\/www.miomiorun.com\/es\/\"},{\"@type\":\"ListItem\",\"position\":2,\"name\":\"Shop\",\"item\":\"https:\/\/www.miomiorun.com\/shop\/\"},{\"@type\":\"ListItem\",\"position\":3,\"name\":\"Fresh Light Maglia hombre\"}]},{\"@type\":\"WebSite\",\"@id\":\"https:\/\/www.miomiorun.com\/es\/#website\",\"url\":\"https:\/\/www.miomiorun.com\/es\/\",\"name\":\"MioMioRun\",\"description\":\"Tienda 100% running y trail\",\"publisher\":{\"@id\":\"https:\/\/www.miomiorun.com\/es\/#organization\"},\"potentialAction\":[{\"@type\":\"SearchAction\",\"target\":{\"@type\":\"EntryPoint\",\"urlTemplate\":\"https:\/\/www.miomiorun.com\/es\/?s={search_term_string}\"},\"query-input\":{\"@type\":\"PropertyValueSpecification\",\"valueRequired\":true,\"valueName\":\"search_term_string\"}}],\"inLanguage\":\"es-ES\"},{\"@type\":\"Organization\",\"@id\":\"https:\/\/www.miomiorun.com\/es\/#organization\",\"name\":\"MioMio Run\",\"url\":\"https:\/\/www.miomiorun.com\/es\/\",\"logo\":{\"@type\":\"ImageObject\",\"inLanguage\":\"es-ES\",\"@id\":\"https:\/\/www.miomiorun.com\/es\/#\/schema\/logo\/image\/\",\"url\":\"https:\/\/www.miomiorun.com\/app\/uploads\/2019\/12\/logomio.png\",\"contentUrl\":\"https:\/\/www.miomiorun.com\/app\/uploads\/2019\/12\/logomio.png\",\"width\":115,\"height\":82,\"caption\":\"MioMio Run\"},\"image\":{\"@id\":\"https:\/\/www.miomiorun.com\/es\/#\/schema\/logo\/image\/\"},\"sameAs\":[\"https:\/\/www.facebook.com\/miomiorun\/\",\"https:\/\/www.instagram.com\/miomiorun\/\"]}]}<\/script>\n<!-- \/ Yoast SEO plugin. -->","yoast_head_json":{"title":"Montura Fresh Light Maglia hombre - camisa para correr - MioMioRun.com","description":"El maillot Fresh Light para hombre ofrece ligereza y comodidad para las salidas de verano. Confeccionado en poli\u00e9ster ultratranspirable, se seca r\u00e1pidamente","robots":{"index":"index","follow":"follow","max-snippet":"max-snippet:-1","max-image-preview":"max-image-preview:large","max-video-preview":"max-video-preview:-1"},"canonical":"https:\/\/www.miomiorun.com\/es\/producto\/fresh-light-maglia-hombre\/","og_locale":"es_ES","og_type":"article","og_title":"Montura Fresh Light Maglia hombre - camisa para correr - MioMioRun.com","og_description":"El maillot Fresh Light para hombre ofrece ligereza y comodidad para las salidas de verano. Confeccionado en poli\u00e9ster ultratranspirable, se seca r\u00e1pidamente","og_url":"https:\/\/www.miomiorun.com\/es\/producto\/fresh-light-maglia-hombre\/","og_site_name":"MioMioRun","article_publisher":"https:\/\/www.facebook.com\/miomiorun\/","article_modified_time":"2026-05-07T14:12:24+00:00","og_image":[{"width":600,"height":600,"url":"https:\/\/www.miomiorun.com\/app\/uploads\/2024\/04\/Montura-Fresh-light-maglia-verde-salvia-MMGN80X-49.webp","type":"image\/webp"}],"twitter_card":"summary_large_image","twitter_misc":{"Est. reading time":"1 minute"},"schema":{"@context":"https:\/\/schema.org","@graph":[{"@type":"WebPage","@id":"https:\/\/www.miomiorun.com\/es\/producto\/fresh-light-maglia-hombre\/","url":"https:\/\/www.miomiorun.com\/es\/producto\/fresh-light-maglia-hombre\/","name":"Montura Fresh Light Maglia hombre - camisa para correr - MioMioRun.com","isPartOf":{"@id":"https:\/\/www.miomiorun.com\/es\/#website"},"primaryImageOfPage":{"@id":"https:\/\/www.miomiorun.com\/es\/producto\/fresh-light-maglia-hombre\/#primaryimage"},"image":{"@id":"https:\/\/www.miomiorun.com\/es\/producto\/fresh-light-maglia-hombre\/#primaryimage"},"thumbnailUrl":"https:\/\/www.miomiorun.com\/app\/uploads\/2024\/04\/Montura-Fresh-light-maglia-verde-salvia-MMGN80X-49.webp","datePublished":"2024-04-09T13:50:37+00:00","dateModified":"2026-05-07T14:12:24+00:00","description":"El maillot Fresh Light para hombre ofrece ligereza y comodidad para las salidas de verano. Confeccionado en poli\u00e9ster ultratranspirable, se seca r\u00e1pidamente","breadcrumb":{"@id":"https:\/\/www.miomiorun.com\/es\/producto\/fresh-light-maglia-hombre\/#breadcrumb"},"inLanguage":"es-ES","potentialAction":[{"@type":"ReadAction","target":["https:\/\/www.miomiorun.com\/es\/producto\/fresh-light-maglia-hombre\/"]}]},{"@type":"ImageObject","inLanguage":"es-ES","@id":"https:\/\/www.miomiorun.com\/es\/producto\/fresh-light-maglia-hombre\/#primaryimage","url":"https:\/\/www.miomiorun.com\/app\/uploads\/2024\/04\/Montura-Fresh-light-maglia-verde-salvia-MMGN80X-49.webp","contentUrl":"https:\/\/www.miomiorun.com\/app\/uploads\/2024\/04\/Montura-Fresh-light-maglia-verde-salvia-MMGN80X-49.webp","width":600,"height":600,"caption":"Montura Fresh light maglia verde salvia MMGN80X 49"},{"@type":"BreadcrumbList","@id":"https:\/\/www.miomiorun.com\/es\/producto\/fresh-light-maglia-hombre\/#breadcrumb","itemListElement":[{"@type":"ListItem","position":1,"name":"Home","item":"https:\/\/www.miomiorun.com\/es\/"},{"@type":"ListItem","position":2,"name":"Shop","item":"https:\/\/www.miomiorun.com\/shop\/"},{"@type":"ListItem","position":3,"name":"Fresh Light Maglia hombre"}]},{"@type":"WebSite","@id":"https:\/\/www.miomiorun.com\/es\/#website","url":"https:\/\/www.miomiorun.com\/es\/","name":"MioMioRun","description":"Tienda 100% running y trail","publisher":{"@id":"https:\/\/www.miomiorun.com\/es\/#organization"},"potentialAction":[{"@type":"SearchAction","target":{"@type":"EntryPoint","urlTemplate":"https:\/\/www.miomiorun.com\/es\/?s={search_term_string}"},"query-input":{"@type":"PropertyValueSpecification","valueRequired":true,"valueName":"search_term_string"}}],"inLanguage":"es-ES"},{"@type":"Organization","@id":"https:\/\/www.miomiorun.com\/es\/#organization","name":"MioMio Run","url":"https:\/\/www.miomiorun.com\/es\/","logo":{"@type":"ImageObject","inLanguage":"es-ES","@id":"https:\/\/www.miomiorun.com\/es\/#\/schema\/logo\/image\/","url":"https:\/\/www.miomiorun.com\/app\/uploads\/2019\/12\/logomio.png","contentUrl":"https:\/\/www.miomiorun.com\/app\/uploads\/2019\/12\/logomio.png","width":115,"height":82,"caption":"MioMio Run"},"image":{"@id":"https:\/\/www.miomiorun.com\/es\/#\/schema\/logo\/image\/"},"sameAs":["https:\/\/www.facebook.com\/miomiorun\/","https:\/\/www.instagram.com\/miomiorun\/"]}]}},"_links":{"self":[{"href":"https:\/\/www.miomiorun.com\/es\/wp-json\/wp\/v2\/product\/290830","targetHints":{"allow":["GET"]}}],"collection":[{"href":"https:\/\/www.miomiorun.com\/es\/wp-json\/wp\/v2\/product"}],"about":[{"href":"https:\/\/www.miomiorun.com\/es\/wp-json\/wp\/v2\/types\/product"}],"wp:featuredmedia":[{"embeddable":true,"href":"https:\/\/www.miomiorun.com\/es\/wp-json\/wp\/v2\/media\/246431"}],"wp:attachment":[{"href":"https:\/\/www.miomiorun.com\/es\/wp-json\/wp\/v2\/media?parent=290830"}],"wp:term":[{"taxonomy":"product_brand","embeddable":true,"href":"https:\/\/www.miomiorun.com\/es\/wp-json\/wp\/v2\/product_brand?post=290830"},{"taxonomy":"product_cat","embeddable":true,"href":"https:\/\/www.miomiorun.com\/es\/wp-json\/wp\/v2\/product_cat?post=290830"},{"taxonomy":"product_tag","embeddable":true,"href":"https:\/\/www.miomiorun.com\/es\/wp-json\/wp\/v2\/product_tag?post=290830"}],"curies":[{"name":"wp","href":"https:\/\/api.w.org\/{rel}","templated":true}]}}