{"id":290807,"date":"2024-04-10T19:09:09","date_gmt":"2024-04-10T17:09:09","guid":{"rendered":"https:\/\/miomiorun.com\/prodotto\/scout-short-uomo\/"},"modified":"2026-05-07T16:15:45","modified_gmt":"2026-05-07T14:15:45","slug":"scout-short-hombre","status":"publish","type":"product","link":"https:\/\/www.miomiorun.com\/es\/producto\/scout-short-hombre\/","title":{"rendered":"Scout Short hombre"},"content":{"rendered":"<p><strong>Los pantalones cortos Scout<\/strong> para hombre son unos pantalones cortos vers\u00e1tiles y funcionales gracias a la combinaci\u00f3n t\u00e9cnica de dos tejidos y a sus numerosos bolsillos. Dise\u00f1ados para el excursionista apasionado y exigente que busca comodidad, sujeci\u00f3n y protecci\u00f3n.<\/p>\n<h3>Tecnolog\u00edas:<\/h3>\n<p>&nbsp;<\/p>\n<p><img decoding=\"async\" src=\"https:\/\/www.lasportiva.com\/media\/techinfo_icons\/elasticita.png\" alt=\"La Sportiva\" \/><\/p>\n<p><strong>Elasticidad:<\/strong><br \/>\nPrendas c\u00f3modas y adaptables que garantizan la m\u00e1xima libertad de movimiento.<\/p>\n<div class=\"data item content\" role=\"tabpanel\" aria-labelledby=\"tab-label-techinfo\" data-role=\"content\" aria-hidden=\"false\">\n<div class=\"techinfo-container\">\n<div class=\"techinfo-icons\">\n<div class=\"techinfo-icon\"><\/div>\n<div class=\"techinfo-icon\"><\/div>\n<div class=\"techinfo-icon\"><a><img decoding=\"async\" src=\"https:\/\/www.lasportiva.com\/media\/techinfo_icons\/leggerezza.png\" alt=\"La Sportiva\" \/><\/a><\/div>\n<div><strong>Ligereza: <\/strong>Productos que mantienen el peso al m\u00ednimo<\/div>\n<div><\/div>\n<div class=\"techinfo-icon\"><\/div>\n<div class=\"techinfo-icon\"><\/div>\n<div class=\"techinfo-icon\"><a><img decoding=\"async\" src=\"https:\/\/www.lasportiva.com\/media\/techinfo_icons\/traspirabilita.png\" alt=\"La Sportiva\" \/><\/a><\/div>\n<div><strong>Transpirabilidad: <\/strong>Productos altamente transpirables para un confort clim\u00e1tico \u00f3ptimo.<\/div>\n<\/div>\n<\/div>\n<\/div>\n<div><\/div>\n<div><\/div>\n<div><\/div>\n<div><\/div>\n<div class=\"data item content\" role=\"tabpanel\" aria-labelledby=\"tab-label-techinfo\" data-role=\"content\" aria-hidden=\"false\">\n<div class=\"techinfo-container\">\n<div class=\"techinfo-icons\">\n<div><a class=\"d-flex flex-column align-items-center text-center\"><img loading=\"lazy\" decoding=\"async\" class=\"lazyloaded\" src=\"https:\/\/www.lasportiva.com\/media\/techinfo_icons\/durabilita.png\" alt=\"La Sportiva\" width=\"75\" height=\"75\" data-src=\"https:\/\/www.lasportiva.com\/media\/techinfo_icons\/durabilita.png\" \/><\/a><\/div>\n<div><strong>Durabilidad:<\/strong><br \/>\nProductos de alta resistencia al desgaste.<\/div>\n<\/div>\n<\/div>\n<\/div>\n<div><\/div>\n<div><\/div>\n<div><\/div>\n<div><a class=\"d-flex flex-column align-items-center text-center\"> <img loading=\"lazy\" decoding=\"async\" class=\"lazyloaded\" src=\"https:\/\/www.lasportiva.com\/media\/techinfo_icons\/regular-fit.png\" alt=\"La Sportiva\" width=\"75\" height=\"75\" data-src=\"https:\/\/www.lasportiva.com\/media\/techinfo_icons\/regular-fit.png\" \/><\/a><\/div>\n<div><strong>Corte regular:<\/strong><br \/>\nCorte t\u00e9cnico y c\u00f3modo.<\/div>\n<div><\/div>\n<div><\/div>\n<div><\/div>\n<div><\/div>\n<div><a class=\"d-flex flex-column align-items-center text-center\"> <img loading=\"lazy\" decoding=\"async\" class=\"lazyloaded\" src=\"https:\/\/www.lasportiva.com\/media\/techinfo_icons\/L2.png\" alt=\"La Sportiva\" width=\"75\" height=\"75\" data-src=\"https:\/\/www.lasportiva.com\/media\/techinfo_icons\/L2.png\" \/> <\/a><\/div>\n<div><strong>L2 &#8211; CAPA INTERMEDIA Y CAPA T\u00c9RMICA<\/strong><br \/>\nProporciona un mayor aislamiento t\u00e9rmico y favorece la evacuaci\u00f3n del sudor gracias a su elevada transpirabilidad.<\/div>\n<div><\/div>\n<div><\/div>\n<div><\/div>\n<div class=\"data item content\" role=\"tabpanel\" aria-labelledby=\"tab-label-techinfo\" data-role=\"content\" aria-hidden=\"false\">\n<div class=\"techinfo-container\">\n<div><\/div>\n<div class=\"techinfo-description\"><img decoding=\"async\" src=\"https:\/\/www.lasportiva.com\/media\/RECYCLEDfabric_Icone_75x75_1.png\" \/><\/div>\n<div>\n<p>La Sportiva fabrica productos para la monta\u00f1a desde 1928 a los pies de los Dolomitas: por eso, prestamos la m\u00e1xima atenci\u00f3n a cada detalle que pueda marcar la diferencia, incluso en lo que respecta al entorno que nos rodea. Con los logotipos <strong>RECYCLED FABRIC &amp; INSULATIONS<\/strong> hemos identificado productos ecol\u00f3gicos que, gracias a las decisiones de producci\u00f3n y fabricaci\u00f3n, utilizan materiales derivados de la reutilizaci\u00f3n del pl\u00e1stico y que, por lo tanto, permiten al consumidor realizar una compra consciente y respetuosa con el medio ambiente.<\/p>\n<p><strong>TEJIDO RECICLADO<\/strong><br \/>\nFibras de poli\u00e9ster fabricadas a partir de botellas de pl\u00e1stico recicladas mediante procesos respetuosos con el medio ambiente.<br \/>\n\u2022 Las prendas confeccionadas con tejidos\u00a0<strong>TEJIDO RECICLADO<\/strong>\u00a0contribuyen a reducir el impacto medioambiental<br \/>\n\u2022 Todas las sustancias petroqu\u00edmicas han sido sustituidas por botellas de pl\u00e1stico recicladas<br \/>\n\u2022 El proceso de producci\u00f3n de las fibras recicladas reduce las emisiones de CO\u2082 a la atm\u00f3sfera en aproximadamente un 54 %\u2022 Durabilidad y calidad garantizadas a lo largo del tiempo<\/p>\n<\/div>\n<\/div>\n<\/div>\n<p>&nbsp;<\/p>\n<h3><strong>Caracter\u00edsticas:<\/strong><\/h3>\n<div class=\"data item content\" role=\"tabpanel\" aria-labelledby=\"tab-label-techinfo\" data-role=\"content\" aria-hidden=\"false\">\n<div class=\"techinfo-container\">\n<div>\n<ul>\n<li>Cintura el\u00e1stica con estructura, ajustable y con presillas para el cintur\u00f3n, ligeras pero resistentes<\/li>\n<li>2 bolsillos delanteros<\/li>\n<li>1 bolsillo trasero con cremallera, que tambi\u00e9n sirve como bolsillo de almacenamiento<\/li>\n<li>1 bolsillo en el muslo con cremallera<\/li>\n<li>Longitud interior de la pierna: 26 cm<\/li>\n<\/ul>\n<\/div>\n<\/div>\n<\/div>\n<p><b>Corte: <\/b>Regular<br \/>\n<b> Tejido: <\/b>Principal: (WSM11) 85 % poliamida reciclada, 15 % elastano &#8211; Inserto: (WSM08) 85 % poliamida reciclada, 15 % elastano &#8211; Forro de los bolsillos: (MSL02) 100 % poli\u00e9ster reciclado<br \/>\n<b> Peso: <\/b>226 g<\/p>\n","protected":false},"excerpt":{"rendered":"<ul>\n<li>Calent\u00f3n c\u00f3modo<\/li>\n<li>Ideal para llevarlo en la monta\u00f1a.<\/li>\n<\/ul>\n","protected":false},"featured_media":246487,"template":"","meta":{"_acf_changed":false,"inline_featured_image":false},"product_brand":[],"product_cat":[24457,24463,24464],"product_tag":[23598,23600],"class_list":{"0":"post-290807","1":"product","2":"type-product","3":"status-publish","4":"has-post-thumbnail","6":"product_cat-pantalones-cortos-es-2","7":"product_cat-ropa-de-hombre-es","8":"product_cat-hombre","9":"product_tag-la-sportiva-es","10":"product_tag-la-sportiva-hombre","11":"pa_attivita-caminar","12":"pa_attivita-outdoor-es","13":"pa_colore-scout-short-m-deep-sea-es","14":"pa_marca-la-sportiva-es","15":"pa_sesso-hombre","16":"pa_size-small-es","17":"pa_size-medium-es","18":"pa_size-large-es","19":"pa_size-extra-large-es","21":"first","22":"instock","23":"sale","24":"taxable","25":"shipping-taxable","26":"purchasable","27":"product-type-variable","28":"wvs-archive-product-wrapper"},"acf":[],"yoast_head":"<!-- This site is optimized with the Yoast SEO plugin v26.8 - https:\/\/yoast.com\/product\/yoast-seo-wordpress\/ -->\n<title>La sportivaScout Short hombre - pantalones-<\/title>\n<meta name=\"description\" content=\"Los pantalones cortos Scout para hombre son unos pantalones cortos vers\u00e1tiles y funcionales gracias a la combinaci\u00f3n t\u00e9cnica de dos tejidos\" \/>\n<meta name=\"robots\" content=\"index, follow, max-snippet:-1, max-image-preview:large, max-video-preview:-1\" \/>\n<link rel=\"canonical\" href=\"https:\/\/www.miomiorun.com\/es\/producto\/scout-short-hombre\/\" \/>\n<meta property=\"og:locale\" content=\"es_ES\" \/>\n<meta property=\"og:type\" content=\"article\" \/>\n<meta property=\"og:title\" content=\"La sportivaScout Short hombre - pantalones-\" \/>\n<meta property=\"og:description\" content=\"Los pantalones cortos Scout para hombre son unos pantalones cortos vers\u00e1tiles y funcionales gracias a la combinaci\u00f3n t\u00e9cnica de dos tejidos\" \/>\n<meta property=\"og:url\" content=\"https:\/\/www.miomiorun.com\/es\/producto\/scout-short-hombre\/\" \/>\n<meta property=\"og:site_name\" content=\"MioMioRun\" \/>\n<meta property=\"article:publisher\" content=\"https:\/\/www.facebook.com\/miomiorun\/\" \/>\n<meta property=\"article:modified_time\" content=\"2026-05-07T14:15:45+00:00\" \/>\n<meta property=\"og:image\" content=\"https:\/\/www.miomiorun.com\/app\/uploads\/2024\/04\/La-sportiva-Scout-short-M-deep-sea-P59643643.webp\" \/>\n\t<meta property=\"og:image:width\" content=\"600\" \/>\n\t<meta property=\"og:image:height\" content=\"600\" \/>\n\t<meta property=\"og:image:type\" content=\"image\/webp\" \/>\n<meta name=\"twitter:card\" content=\"summary_large_image\" \/>\n<meta name=\"twitter:label1\" content=\"Est. reading time\" \/>\n\t<meta name=\"twitter:data1\" content=\"2 minutes\" \/>\n<script type=\"application\/ld+json\" class=\"yoast-schema-graph\">{\"@context\":\"https:\/\/schema.org\",\"@graph\":[{\"@type\":\"WebPage\",\"@id\":\"https:\/\/www.miomiorun.com\/es\/producto\/scout-short-hombre\/\",\"url\":\"https:\/\/www.miomiorun.com\/es\/producto\/scout-short-hombre\/\",\"name\":\"La sportivaScout Short hombre - pantalones-\",\"isPartOf\":{\"@id\":\"https:\/\/www.miomiorun.com\/es\/#website\"},\"primaryImageOfPage\":{\"@id\":\"https:\/\/www.miomiorun.com\/es\/producto\/scout-short-hombre\/#primaryimage\"},\"image\":{\"@id\":\"https:\/\/www.miomiorun.com\/es\/producto\/scout-short-hombre\/#primaryimage\"},\"thumbnailUrl\":\"https:\/\/www.miomiorun.com\/app\/uploads\/2024\/04\/La-sportiva-Scout-short-M-deep-sea-P59643643.webp\",\"datePublished\":\"2024-04-10T17:09:09+00:00\",\"dateModified\":\"2026-05-07T14:15:45+00:00\",\"description\":\"Los pantalones cortos Scout para hombre son unos pantalones cortos vers\u00e1tiles y funcionales gracias a la combinaci\u00f3n t\u00e9cnica de dos tejidos\",\"breadcrumb\":{\"@id\":\"https:\/\/www.miomiorun.com\/es\/producto\/scout-short-hombre\/#breadcrumb\"},\"inLanguage\":\"es-ES\",\"potentialAction\":[{\"@type\":\"ReadAction\",\"target\":[\"https:\/\/www.miomiorun.com\/es\/producto\/scout-short-hombre\/\"]}]},{\"@type\":\"ImageObject\",\"inLanguage\":\"es-ES\",\"@id\":\"https:\/\/www.miomiorun.com\/es\/producto\/scout-short-hombre\/#primaryimage\",\"url\":\"https:\/\/www.miomiorun.com\/app\/uploads\/2024\/04\/La-sportiva-Scout-short-M-deep-sea-P59643643.webp\",\"contentUrl\":\"https:\/\/www.miomiorun.com\/app\/uploads\/2024\/04\/La-sportiva-Scout-short-M-deep-sea-P59643643.webp\",\"width\":600,\"height\":600,\"caption\":\"La sportiva Scout short M deep sea P59643643\"},{\"@type\":\"BreadcrumbList\",\"@id\":\"https:\/\/www.miomiorun.com\/es\/producto\/scout-short-hombre\/#breadcrumb\",\"itemListElement\":[{\"@type\":\"ListItem\",\"position\":1,\"name\":\"Home\",\"item\":\"https:\/\/www.miomiorun.com\/es\/\"},{\"@type\":\"ListItem\",\"position\":2,\"name\":\"Shop\",\"item\":\"https:\/\/www.miomiorun.com\/shop\/\"},{\"@type\":\"ListItem\",\"position\":3,\"name\":\"Scout Short hombre\"}]},{\"@type\":\"WebSite\",\"@id\":\"https:\/\/www.miomiorun.com\/es\/#website\",\"url\":\"https:\/\/www.miomiorun.com\/es\/\",\"name\":\"MioMioRun\",\"description\":\"Tienda 100% running y trail\",\"publisher\":{\"@id\":\"https:\/\/www.miomiorun.com\/es\/#organization\"},\"potentialAction\":[{\"@type\":\"SearchAction\",\"target\":{\"@type\":\"EntryPoint\",\"urlTemplate\":\"https:\/\/www.miomiorun.com\/es\/?s={search_term_string}\"},\"query-input\":{\"@type\":\"PropertyValueSpecification\",\"valueRequired\":true,\"valueName\":\"search_term_string\"}}],\"inLanguage\":\"es-ES\"},{\"@type\":\"Organization\",\"@id\":\"https:\/\/www.miomiorun.com\/es\/#organization\",\"name\":\"MioMio Run\",\"url\":\"https:\/\/www.miomiorun.com\/es\/\",\"logo\":{\"@type\":\"ImageObject\",\"inLanguage\":\"es-ES\",\"@id\":\"https:\/\/www.miomiorun.com\/es\/#\/schema\/logo\/image\/\",\"url\":\"https:\/\/www.miomiorun.com\/app\/uploads\/2019\/12\/logomio.png\",\"contentUrl\":\"https:\/\/www.miomiorun.com\/app\/uploads\/2019\/12\/logomio.png\",\"width\":115,\"height\":82,\"caption\":\"MioMio Run\"},\"image\":{\"@id\":\"https:\/\/www.miomiorun.com\/es\/#\/schema\/logo\/image\/\"},\"sameAs\":[\"https:\/\/www.facebook.com\/miomiorun\/\",\"https:\/\/www.instagram.com\/miomiorun\/\"]}]}<\/script>\n<!-- \/ Yoast SEO plugin. -->","yoast_head_json":{"title":"La sportivaScout Short hombre - pantalones-","description":"Los pantalones cortos Scout para hombre son unos pantalones cortos vers\u00e1tiles y funcionales gracias a la combinaci\u00f3n t\u00e9cnica de dos tejidos","robots":{"index":"index","follow":"follow","max-snippet":"max-snippet:-1","max-image-preview":"max-image-preview:large","max-video-preview":"max-video-preview:-1"},"canonical":"https:\/\/www.miomiorun.com\/es\/producto\/scout-short-hombre\/","og_locale":"es_ES","og_type":"article","og_title":"La sportivaScout Short hombre - pantalones-","og_description":"Los pantalones cortos Scout para hombre son unos pantalones cortos vers\u00e1tiles y funcionales gracias a la combinaci\u00f3n t\u00e9cnica de dos tejidos","og_url":"https:\/\/www.miomiorun.com\/es\/producto\/scout-short-hombre\/","og_site_name":"MioMioRun","article_publisher":"https:\/\/www.facebook.com\/miomiorun\/","article_modified_time":"2026-05-07T14:15:45+00:00","og_image":[{"width":600,"height":600,"url":"https:\/\/www.miomiorun.com\/app\/uploads\/2024\/04\/La-sportiva-Scout-short-M-deep-sea-P59643643.webp","type":"image\/webp"}],"twitter_card":"summary_large_image","twitter_misc":{"Est. reading time":"2 minutes"},"schema":{"@context":"https:\/\/schema.org","@graph":[{"@type":"WebPage","@id":"https:\/\/www.miomiorun.com\/es\/producto\/scout-short-hombre\/","url":"https:\/\/www.miomiorun.com\/es\/producto\/scout-short-hombre\/","name":"La sportivaScout Short hombre - pantalones-","isPartOf":{"@id":"https:\/\/www.miomiorun.com\/es\/#website"},"primaryImageOfPage":{"@id":"https:\/\/www.miomiorun.com\/es\/producto\/scout-short-hombre\/#primaryimage"},"image":{"@id":"https:\/\/www.miomiorun.com\/es\/producto\/scout-short-hombre\/#primaryimage"},"thumbnailUrl":"https:\/\/www.miomiorun.com\/app\/uploads\/2024\/04\/La-sportiva-Scout-short-M-deep-sea-P59643643.webp","datePublished":"2024-04-10T17:09:09+00:00","dateModified":"2026-05-07T14:15:45+00:00","description":"Los pantalones cortos Scout para hombre son unos pantalones cortos vers\u00e1tiles y funcionales gracias a la combinaci\u00f3n t\u00e9cnica de dos tejidos","breadcrumb":{"@id":"https:\/\/www.miomiorun.com\/es\/producto\/scout-short-hombre\/#breadcrumb"},"inLanguage":"es-ES","potentialAction":[{"@type":"ReadAction","target":["https:\/\/www.miomiorun.com\/es\/producto\/scout-short-hombre\/"]}]},{"@type":"ImageObject","inLanguage":"es-ES","@id":"https:\/\/www.miomiorun.com\/es\/producto\/scout-short-hombre\/#primaryimage","url":"https:\/\/www.miomiorun.com\/app\/uploads\/2024\/04\/La-sportiva-Scout-short-M-deep-sea-P59643643.webp","contentUrl":"https:\/\/www.miomiorun.com\/app\/uploads\/2024\/04\/La-sportiva-Scout-short-M-deep-sea-P59643643.webp","width":600,"height":600,"caption":"La sportiva Scout short M deep sea P59643643"},{"@type":"BreadcrumbList","@id":"https:\/\/www.miomiorun.com\/es\/producto\/scout-short-hombre\/#breadcrumb","itemListElement":[{"@type":"ListItem","position":1,"name":"Home","item":"https:\/\/www.miomiorun.com\/es\/"},{"@type":"ListItem","position":2,"name":"Shop","item":"https:\/\/www.miomiorun.com\/shop\/"},{"@type":"ListItem","position":3,"name":"Scout Short hombre"}]},{"@type":"WebSite","@id":"https:\/\/www.miomiorun.com\/es\/#website","url":"https:\/\/www.miomiorun.com\/es\/","name":"MioMioRun","description":"Tienda 100% running y trail","publisher":{"@id":"https:\/\/www.miomiorun.com\/es\/#organization"},"potentialAction":[{"@type":"SearchAction","target":{"@type":"EntryPoint","urlTemplate":"https:\/\/www.miomiorun.com\/es\/?s={search_term_string}"},"query-input":{"@type":"PropertyValueSpecification","valueRequired":true,"valueName":"search_term_string"}}],"inLanguage":"es-ES"},{"@type":"Organization","@id":"https:\/\/www.miomiorun.com\/es\/#organization","name":"MioMio Run","url":"https:\/\/www.miomiorun.com\/es\/","logo":{"@type":"ImageObject","inLanguage":"es-ES","@id":"https:\/\/www.miomiorun.com\/es\/#\/schema\/logo\/image\/","url":"https:\/\/www.miomiorun.com\/app\/uploads\/2019\/12\/logomio.png","contentUrl":"https:\/\/www.miomiorun.com\/app\/uploads\/2019\/12\/logomio.png","width":115,"height":82,"caption":"MioMio Run"},"image":{"@id":"https:\/\/www.miomiorun.com\/es\/#\/schema\/logo\/image\/"},"sameAs":["https:\/\/www.facebook.com\/miomiorun\/","https:\/\/www.instagram.com\/miomiorun\/"]}]}},"_links":{"self":[{"href":"https:\/\/www.miomiorun.com\/es\/wp-json\/wp\/v2\/product\/290807","targetHints":{"allow":["GET"]}}],"collection":[{"href":"https:\/\/www.miomiorun.com\/es\/wp-json\/wp\/v2\/product"}],"about":[{"href":"https:\/\/www.miomiorun.com\/es\/wp-json\/wp\/v2\/types\/product"}],"wp:featuredmedia":[{"embeddable":true,"href":"https:\/\/www.miomiorun.com\/es\/wp-json\/wp\/v2\/media\/246487"}],"wp:attachment":[{"href":"https:\/\/www.miomiorun.com\/es\/wp-json\/wp\/v2\/media?parent=290807"}],"wp:term":[{"taxonomy":"product_brand","embeddable":true,"href":"https:\/\/www.miomiorun.com\/es\/wp-json\/wp\/v2\/product_brand?post=290807"},{"taxonomy":"product_cat","embeddable":true,"href":"https:\/\/www.miomiorun.com\/es\/wp-json\/wp\/v2\/product_cat?post=290807"},{"taxonomy":"product_tag","embeddable":true,"href":"https:\/\/www.miomiorun.com\/es\/wp-json\/wp\/v2\/product_tag?post=290807"}],"curies":[{"name":"wp","href":"https:\/\/api.w.org\/{rel}","templated":true}]}}