{"id":290765,"date":"2024-04-11T14:13:10","date_gmt":"2024-04-11T12:13:10","guid":{"rendered":"https:\/\/miomiorun.com\/prodotto\/existence-vest-donna\/"},"modified":"2026-05-07T16:18:27","modified_gmt":"2026-05-07T14:18:27","slug":"existence-vest-mujer","status":"publish","type":"product","link":"https:\/\/www.miomiorun.com\/es\/producto\/existence-vest-mujer\/","title":{"rendered":"Existence Vest mujer"},"content":{"rendered":"<p><strong>Existence Vest<\/strong> para mujer es una prenda intermedia c\u00e1lida, transpirable y c\u00f3moda. El tejido funcional de este chaleco t\u00e9cnico es ligero y resistente, gracias tambi\u00e9n a los refuerzos situados en las zonas m\u00e1s expuestas.<\/p>\n<p>&nbsp;<\/p>\n<h3>Tecnolog\u00edas:<\/h3>\n<p>&nbsp;<\/p>\n<p><a class=\"d-flex flex-column align-items-center text-center\"> <img loading=\"lazy\" decoding=\"async\" class=\"ls-is-cached lazyloaded\" src=\"https:\/\/www.lasportiva.com\/media\/techinfo_icons\/traspirabilita.png\" alt=\"La Sportiva\" width=\"75\" height=\"75\" data-src=\"https:\/\/www.lasportiva.com\/media\/techinfo_icons\/traspirabilita.png\" \/>\u00a0<\/a><\/p>\n<p><strong>Transpirabilidad:<\/strong><br \/>\nProductos altamente transpirables para un confort clim\u00e1tico \u00f3ptimo.<\/p>\n<p>&nbsp;<\/p>\n<p>&nbsp;<\/p>\n<p><a class=\"d-flex flex-column align-items-center text-center\"> <img loading=\"lazy\" decoding=\"async\" class=\"ls-is-cached lazyloaded\" src=\"https:\/\/www.lasportiva.com\/media\/techinfo_icons\/regular-fit.png\" alt=\"La Sportiva\" width=\"75\" height=\"75\" data-src=\"https:\/\/www.lasportiva.com\/media\/techinfo_icons\/regular-fit.png\" \/> <\/a><\/p>\n<p><strong>Corte regular:<\/strong><br \/>\nCorte t\u00e9cnico y c\u00f3modo.<\/p>\n<p>&nbsp;<\/p>\n<p>&nbsp;<\/p>\n<p><a class=\"d-flex flex-column align-items-center text-center\"> <img loading=\"lazy\" decoding=\"async\" class=\"lazyloaded\" src=\"https:\/\/www.lasportiva.com\/media\/techinfo_icons\/durabilita.png\" alt=\"La Sportiva\" width=\"75\" height=\"75\" data-src=\"https:\/\/www.lasportiva.com\/media\/techinfo_icons\/durabilita.png\" \/> <\/a><\/p>\n<p><strong>Durabilidad:<\/strong><br \/>\nProductos de alta resistencia al desgaste.<\/p>\n<p>&nbsp;<\/p>\n<p>&nbsp;<\/p>\n<p><a class=\"d-flex flex-column align-items-center text-center\"> <img loading=\"lazy\" decoding=\"async\" class=\"lazyloaded\" src=\"https:\/\/www.lasportiva.com\/media\/techinfo_icons\/leggerezza.png\" alt=\"La Sportiva\" width=\"75\" height=\"75\" data-src=\"https:\/\/www.lasportiva.com\/media\/techinfo_icons\/leggerezza.png\" \/>\u00a0<\/a><\/p>\n<p><strong>Ligereza:<\/strong><br \/>\nProductos que mantienen el peso al m\u00ednimo<\/p>\n<p>&nbsp;<\/p>\n<p>&nbsp;<\/p>\n<p><a class=\"d-flex flex-column align-items-center text-center\"> <img loading=\"lazy\" decoding=\"async\" class=\"lazyloaded\" src=\"https:\/\/www.lasportiva.com\/media\/techinfo_icons\/polygiene.png\" alt=\"La Sportiva\" width=\"75\" height=\"75\" data-src=\"https:\/\/www.lasportiva.com\/media\/techinfo_icons\/polygiene.png\" \/> <\/a><\/p>\n<p><a class=\"d-flex flex-column align-items-center text-center\"><strong>Polygiene:<\/strong> <\/a><\/p>\n<p>La tecnolog\u00eda antibacteriana y antiolor Polygiene\u00ae es un tratamiento duradero, eficaz y sostenible que utiliza sales de plata para impedir la formaci\u00f3n de las bacterias que causan los malos olores.<\/p>\n<p>&nbsp;<\/p>\n<p>&nbsp;<\/p>\n<p><a class=\"d-flex flex-column align-items-center text-center\"> <img loading=\"lazy\" decoding=\"async\" class=\"lazyloaded\" src=\"https:\/\/www.lasportiva.com\/media\/techinfo_icons\/L2.png\" alt=\"La Sportiva\" width=\"75\" height=\"75\" data-src=\"https:\/\/www.lasportiva.com\/media\/techinfo_icons\/L2.png\" \/> <\/a><\/p>\n<p><strong>L2 &#8211; CAPA INTERMEDIA Y CAPA T\u00c9RMICA<\/strong><br \/>\nProporciona un mayor aislamiento t\u00e9rmico y favorece la evacuaci\u00f3n del sudor gracias a su elevada transpirabilidad.<\/p>\n<p>&nbsp;<\/p>\n<p>&nbsp;<\/p>\n<p><a class=\"d-flex flex-column align-items-center text-center\"> <img loading=\"lazy\" decoding=\"async\" class=\"lazyloaded\" src=\"https:\/\/www.lasportiva.com\/media\/techinfo_icons\/r\/e\/recycledfabric_icone_75x75_6.png\" alt=\"La Sportiva\" width=\"75\" height=\"75\" data-src=\"https:\/\/www.lasportiva.com\/media\/techinfo_icons\/r\/e\/recycledfabric_icone_75x75_6.png\" \/> <\/a><\/p>\n<p>La Sportiva fabrica productos para la monta\u00f1a desde 1928 a los pies de los Dolomitas: por eso, prestamos la m\u00e1xima atenci\u00f3n a cada detalle que pueda marcar la diferencia, incluso en lo que respecta al entorno que nos rodea. Con los logotipos <strong>RECYCLED FABRIC &amp; INSULATIONS<\/strong> hemos identificado productos ecol\u00f3gicos que, gracias a las decisiones de producci\u00f3n y fabricaci\u00f3n, utilizan materiales derivados de la reutilizaci\u00f3n del pl\u00e1stico y que, por lo tanto, permiten al consumidor realizar una compra consciente y respetuosa con el medio ambiente.<\/p>\n<p><strong>TEJIDO RECICLADO<\/strong><br \/>\nFibras de poli\u00e9ster fabricadas a partir de botellas de pl\u00e1stico recicladas mediante procesos respetuosos con el medio ambiente.<br \/>\n\u2022 Las prendas confeccionadas con tejidos <strong>TEJIDO RECICLADO<\/strong> contribuyen a reducir el impacto medioambiental<br \/>\n\u2022 Todas las sustancias petroqu\u00edmicas han sido sustituidas por botellas de pl\u00e1stico recicladas<br \/>\n\u2022 El proceso de producci\u00f3n de las fibras recicladas reduce las emisiones de CO\u2082 a la atm\u00f3sfera en aproximadamente un 54 %\u2022 Durabilidad y calidad garantizadas a lo largo del tiempo<\/p>\n<p>&nbsp;<\/p>\n<p><strong>Caracter\u00edsticas:<\/strong><\/p>\n<ul>\n<li>1 bolsillo en el pecho con cremallera<\/li>\n<li>Secado r\u00e1pido y tratamiento Polygiene antiolor y antibacteriano<\/li>\n<li>Hombros y espalda reforzados<\/li>\n<\/ul>\n<p>&nbsp;<\/p>\n","protected":false},"excerpt":{"rendered":"<ul>\n<li>&nbsp;Chaleco transpirable y ligero, ideal para el verano.<\/li>\n<li>&nbsp;Para llevar en las excursiones por la monta\u00f1a.<\/li>\n<\/ul>\n","protected":false},"featured_media":246535,"template":"","meta":{"_acf_changed":false,"inline_featured_image":false},"product_brand":[],"product_cat":[24398,24401,24402],"product_tag":[23598,23640],"class_list":{"0":"post-290765","1":"product","2":"type-product","3":"status-publish","4":"has-post-thumbnail","6":"product_cat-chaquetas","7":"product_cat-ropa-de-mujer","8":"product_cat-mujer","9":"product_tag-la-sportiva-es","10":"product_tag-la-sportiva-mujer","11":"pa_attivita-caminar","12":"pa_attivita-outdoor-es","13":"pa_colore-existence-vest-w-springtiime-es","14":"pa_marca-la-sportiva-es","15":"pa_sesso-mujer","16":"pa_size-extra-small-es","17":"pa_size-small-es","18":"pa_size-medium-es","19":"pa_size-large-es","21":"first","22":"instock","23":"sale","24":"taxable","25":"shipping-taxable","26":"purchasable","27":"product-type-variable","28":"wvs-archive-product-wrapper"},"acf":[],"yoast_head":"<!-- This site is optimized with the Yoast SEO plugin v26.8 - https:\/\/yoast.com\/product\/yoast-seo-wordpress\/ -->\n<title>La SportivaExistence Vest mujer - Chaleco para correr - MioMioRun<\/title>\n<meta name=\"description\" content=\"El chaleco Existence para mujer es una prenda intermedia c\u00e1lida, transpirable y c\u00f3moda. El tejido funcional de este chaleco t\u00e9cnico es ligero y resistente.\" \/>\n<meta name=\"robots\" content=\"index, follow, max-snippet:-1, max-image-preview:large, max-video-preview:-1\" \/>\n<link rel=\"canonical\" href=\"https:\/\/www.miomiorun.com\/es\/producto\/existence-vest-mujer\/\" \/>\n<meta property=\"og:locale\" content=\"es_ES\" \/>\n<meta property=\"og:type\" content=\"article\" \/>\n<meta property=\"og:title\" content=\"La SportivaExistence Vest mujer - Chaleco para correr - MioMioRun\" \/>\n<meta property=\"og:description\" content=\"El chaleco Existence para mujer es una prenda intermedia c\u00e1lida, transpirable y c\u00f3moda. El tejido funcional de este chaleco t\u00e9cnico es ligero y resistente.\" \/>\n<meta property=\"og:url\" content=\"https:\/\/www.miomiorun.com\/es\/producto\/existence-vest-mujer\/\" \/>\n<meta property=\"og:site_name\" content=\"MioMioRun\" \/>\n<meta property=\"article:publisher\" content=\"https:\/\/www.facebook.com\/miomiorun\/\" \/>\n<meta property=\"article:modified_time\" content=\"2026-05-07T14:18:27+00:00\" \/>\n<meta property=\"og:image\" content=\"https:\/\/www.miomiorun.com\/app\/uploads\/2024\/04\/La-sportiva-Existence-vest-W-springtiime-Q72411411.webp\" \/>\n\t<meta property=\"og:image:width\" content=\"600\" \/>\n\t<meta property=\"og:image:height\" content=\"600\" \/>\n\t<meta property=\"og:image:type\" content=\"image\/webp\" \/>\n<meta name=\"twitter:card\" content=\"summary_large_image\" \/>\n<meta name=\"twitter:label1\" content=\"Est. reading time\" \/>\n\t<meta name=\"twitter:data1\" content=\"2 minutes\" \/>\n<script type=\"application\/ld+json\" class=\"yoast-schema-graph\">{\"@context\":\"https:\/\/schema.org\",\"@graph\":[{\"@type\":\"WebPage\",\"@id\":\"https:\/\/www.miomiorun.com\/es\/producto\/existence-vest-mujer\/\",\"url\":\"https:\/\/www.miomiorun.com\/es\/producto\/existence-vest-mujer\/\",\"name\":\"La SportivaExistence Vest mujer - Chaleco para correr - MioMioRun\",\"isPartOf\":{\"@id\":\"https:\/\/www.miomiorun.com\/es\/#website\"},\"primaryImageOfPage\":{\"@id\":\"https:\/\/www.miomiorun.com\/es\/producto\/existence-vest-mujer\/#primaryimage\"},\"image\":{\"@id\":\"https:\/\/www.miomiorun.com\/es\/producto\/existence-vest-mujer\/#primaryimage\"},\"thumbnailUrl\":\"https:\/\/www.miomiorun.com\/app\/uploads\/2024\/04\/La-sportiva-Existence-vest-W-springtiime-Q72411411.webp\",\"datePublished\":\"2024-04-11T12:13:10+00:00\",\"dateModified\":\"2026-05-07T14:18:27+00:00\",\"description\":\"El chaleco Existence para mujer es una prenda intermedia c\u00e1lida, transpirable y c\u00f3moda. El tejido funcional de este chaleco t\u00e9cnico es ligero y resistente.\",\"breadcrumb\":{\"@id\":\"https:\/\/www.miomiorun.com\/es\/producto\/existence-vest-mujer\/#breadcrumb\"},\"inLanguage\":\"es-ES\",\"potentialAction\":[{\"@type\":\"ReadAction\",\"target\":[\"https:\/\/www.miomiorun.com\/es\/producto\/existence-vest-mujer\/\"]}]},{\"@type\":\"ImageObject\",\"inLanguage\":\"es-ES\",\"@id\":\"https:\/\/www.miomiorun.com\/es\/producto\/existence-vest-mujer\/#primaryimage\",\"url\":\"https:\/\/www.miomiorun.com\/app\/uploads\/2024\/04\/La-sportiva-Existence-vest-W-springtiime-Q72411411.webp\",\"contentUrl\":\"https:\/\/www.miomiorun.com\/app\/uploads\/2024\/04\/La-sportiva-Existence-vest-W-springtiime-Q72411411.webp\",\"width\":600,\"height\":600,\"caption\":\"La sportiva Existence vest W springtiime Q72411411\"},{\"@type\":\"BreadcrumbList\",\"@id\":\"https:\/\/www.miomiorun.com\/es\/producto\/existence-vest-mujer\/#breadcrumb\",\"itemListElement\":[{\"@type\":\"ListItem\",\"position\":1,\"name\":\"Home\",\"item\":\"https:\/\/www.miomiorun.com\/es\/\"},{\"@type\":\"ListItem\",\"position\":2,\"name\":\"Shop\",\"item\":\"https:\/\/www.miomiorun.com\/shop\/\"},{\"@type\":\"ListItem\",\"position\":3,\"name\":\"Existence Vest mujer\"}]},{\"@type\":\"WebSite\",\"@id\":\"https:\/\/www.miomiorun.com\/es\/#website\",\"url\":\"https:\/\/www.miomiorun.com\/es\/\",\"name\":\"MioMioRun\",\"description\":\"Tienda 100% running y trail\",\"publisher\":{\"@id\":\"https:\/\/www.miomiorun.com\/es\/#organization\"},\"potentialAction\":[{\"@type\":\"SearchAction\",\"target\":{\"@type\":\"EntryPoint\",\"urlTemplate\":\"https:\/\/www.miomiorun.com\/es\/?s={search_term_string}\"},\"query-input\":{\"@type\":\"PropertyValueSpecification\",\"valueRequired\":true,\"valueName\":\"search_term_string\"}}],\"inLanguage\":\"es-ES\"},{\"@type\":\"Organization\",\"@id\":\"https:\/\/www.miomiorun.com\/es\/#organization\",\"name\":\"MioMio Run\",\"url\":\"https:\/\/www.miomiorun.com\/es\/\",\"logo\":{\"@type\":\"ImageObject\",\"inLanguage\":\"es-ES\",\"@id\":\"https:\/\/www.miomiorun.com\/es\/#\/schema\/logo\/image\/\",\"url\":\"https:\/\/www.miomiorun.com\/app\/uploads\/2019\/12\/logomio.png\",\"contentUrl\":\"https:\/\/www.miomiorun.com\/app\/uploads\/2019\/12\/logomio.png\",\"width\":115,\"height\":82,\"caption\":\"MioMio Run\"},\"image\":{\"@id\":\"https:\/\/www.miomiorun.com\/es\/#\/schema\/logo\/image\/\"},\"sameAs\":[\"https:\/\/www.facebook.com\/miomiorun\/\",\"https:\/\/www.instagram.com\/miomiorun\/\"]}]}<\/script>\n<!-- \/ Yoast SEO plugin. -->","yoast_head_json":{"title":"La SportivaExistence Vest mujer - Chaleco para correr - MioMioRun","description":"El chaleco Existence para mujer es una prenda intermedia c\u00e1lida, transpirable y c\u00f3moda. El tejido funcional de este chaleco t\u00e9cnico es ligero y resistente.","robots":{"index":"index","follow":"follow","max-snippet":"max-snippet:-1","max-image-preview":"max-image-preview:large","max-video-preview":"max-video-preview:-1"},"canonical":"https:\/\/www.miomiorun.com\/es\/producto\/existence-vest-mujer\/","og_locale":"es_ES","og_type":"article","og_title":"La SportivaExistence Vest mujer - Chaleco para correr - MioMioRun","og_description":"El chaleco Existence para mujer es una prenda intermedia c\u00e1lida, transpirable y c\u00f3moda. El tejido funcional de este chaleco t\u00e9cnico es ligero y resistente.","og_url":"https:\/\/www.miomiorun.com\/es\/producto\/existence-vest-mujer\/","og_site_name":"MioMioRun","article_publisher":"https:\/\/www.facebook.com\/miomiorun\/","article_modified_time":"2026-05-07T14:18:27+00:00","og_image":[{"width":600,"height":600,"url":"https:\/\/www.miomiorun.com\/app\/uploads\/2024\/04\/La-sportiva-Existence-vest-W-springtiime-Q72411411.webp","type":"image\/webp"}],"twitter_card":"summary_large_image","twitter_misc":{"Est. reading time":"2 minutes"},"schema":{"@context":"https:\/\/schema.org","@graph":[{"@type":"WebPage","@id":"https:\/\/www.miomiorun.com\/es\/producto\/existence-vest-mujer\/","url":"https:\/\/www.miomiorun.com\/es\/producto\/existence-vest-mujer\/","name":"La SportivaExistence Vest mujer - Chaleco para correr - MioMioRun","isPartOf":{"@id":"https:\/\/www.miomiorun.com\/es\/#website"},"primaryImageOfPage":{"@id":"https:\/\/www.miomiorun.com\/es\/producto\/existence-vest-mujer\/#primaryimage"},"image":{"@id":"https:\/\/www.miomiorun.com\/es\/producto\/existence-vest-mujer\/#primaryimage"},"thumbnailUrl":"https:\/\/www.miomiorun.com\/app\/uploads\/2024\/04\/La-sportiva-Existence-vest-W-springtiime-Q72411411.webp","datePublished":"2024-04-11T12:13:10+00:00","dateModified":"2026-05-07T14:18:27+00:00","description":"El chaleco Existence para mujer es una prenda intermedia c\u00e1lida, transpirable y c\u00f3moda. El tejido funcional de este chaleco t\u00e9cnico es ligero y resistente.","breadcrumb":{"@id":"https:\/\/www.miomiorun.com\/es\/producto\/existence-vest-mujer\/#breadcrumb"},"inLanguage":"es-ES","potentialAction":[{"@type":"ReadAction","target":["https:\/\/www.miomiorun.com\/es\/producto\/existence-vest-mujer\/"]}]},{"@type":"ImageObject","inLanguage":"es-ES","@id":"https:\/\/www.miomiorun.com\/es\/producto\/existence-vest-mujer\/#primaryimage","url":"https:\/\/www.miomiorun.com\/app\/uploads\/2024\/04\/La-sportiva-Existence-vest-W-springtiime-Q72411411.webp","contentUrl":"https:\/\/www.miomiorun.com\/app\/uploads\/2024\/04\/La-sportiva-Existence-vest-W-springtiime-Q72411411.webp","width":600,"height":600,"caption":"La sportiva Existence vest W springtiime Q72411411"},{"@type":"BreadcrumbList","@id":"https:\/\/www.miomiorun.com\/es\/producto\/existence-vest-mujer\/#breadcrumb","itemListElement":[{"@type":"ListItem","position":1,"name":"Home","item":"https:\/\/www.miomiorun.com\/es\/"},{"@type":"ListItem","position":2,"name":"Shop","item":"https:\/\/www.miomiorun.com\/shop\/"},{"@type":"ListItem","position":3,"name":"Existence Vest mujer"}]},{"@type":"WebSite","@id":"https:\/\/www.miomiorun.com\/es\/#website","url":"https:\/\/www.miomiorun.com\/es\/","name":"MioMioRun","description":"Tienda 100% running y trail","publisher":{"@id":"https:\/\/www.miomiorun.com\/es\/#organization"},"potentialAction":[{"@type":"SearchAction","target":{"@type":"EntryPoint","urlTemplate":"https:\/\/www.miomiorun.com\/es\/?s={search_term_string}"},"query-input":{"@type":"PropertyValueSpecification","valueRequired":true,"valueName":"search_term_string"}}],"inLanguage":"es-ES"},{"@type":"Organization","@id":"https:\/\/www.miomiorun.com\/es\/#organization","name":"MioMio Run","url":"https:\/\/www.miomiorun.com\/es\/","logo":{"@type":"ImageObject","inLanguage":"es-ES","@id":"https:\/\/www.miomiorun.com\/es\/#\/schema\/logo\/image\/","url":"https:\/\/www.miomiorun.com\/app\/uploads\/2019\/12\/logomio.png","contentUrl":"https:\/\/www.miomiorun.com\/app\/uploads\/2019\/12\/logomio.png","width":115,"height":82,"caption":"MioMio Run"},"image":{"@id":"https:\/\/www.miomiorun.com\/es\/#\/schema\/logo\/image\/"},"sameAs":["https:\/\/www.facebook.com\/miomiorun\/","https:\/\/www.instagram.com\/miomiorun\/"]}]}},"_links":{"self":[{"href":"https:\/\/www.miomiorun.com\/es\/wp-json\/wp\/v2\/product\/290765","targetHints":{"allow":["GET"]}}],"collection":[{"href":"https:\/\/www.miomiorun.com\/es\/wp-json\/wp\/v2\/product"}],"about":[{"href":"https:\/\/www.miomiorun.com\/es\/wp-json\/wp\/v2\/types\/product"}],"wp:featuredmedia":[{"embeddable":true,"href":"https:\/\/www.miomiorun.com\/es\/wp-json\/wp\/v2\/media\/246535"}],"wp:attachment":[{"href":"https:\/\/www.miomiorun.com\/es\/wp-json\/wp\/v2\/media?parent=290765"}],"wp:term":[{"taxonomy":"product_brand","embeddable":true,"href":"https:\/\/www.miomiorun.com\/es\/wp-json\/wp\/v2\/product_brand?post=290765"},{"taxonomy":"product_cat","embeddable":true,"href":"https:\/\/www.miomiorun.com\/es\/wp-json\/wp\/v2\/product_cat?post=290765"},{"taxonomy":"product_tag","embeddable":true,"href":"https:\/\/www.miomiorun.com\/es\/wp-json\/wp\/v2\/product_tag?post=290765"}],"curies":[{"name":"wp","href":"https:\/\/api.w.org\/{rel}","templated":true}]}}