{"id":290723,"date":"2024-04-11T15:19:01","date_gmt":"2024-04-11T13:19:01","guid":{"rendered":"https:\/\/miomiorun.com\/prodotto\/compass-t-shirt-donna\/"},"modified":"2026-05-08T18:31:48","modified_gmt":"2026-05-08T16:31:48","slug":"compass-t-shirt-mujer","status":"publish","type":"product","link":"https:\/\/www.miomiorun.com\/es\/producto\/compass-t-shirt-mujer\/","title":{"rendered":"Compass T-Shirt mujer"},"content":{"rendered":"<p><strong>La camiseta Compass<\/strong> para mujer es una prenda t\u00e9cnica dise\u00f1ada para excursiones de varios d\u00edas. Las zonas reforzadas ofrecen una protecci\u00f3n adicional contra la abrasi\u00f3n y los insertos de malla garantizan una excelente transpirabilidad.<\/p>\n<p style=\"text-align: center\"><strong>Mant\u00e9n la vista puesta en tu br\u00fajula, sin distracciones.<\/strong><\/p>\n<h3><\/h3>\n<h3>Tecnolog\u00edas:<\/h3>\n<p>&nbsp;<\/p>\n<p><a class=\"d-flex flex-column align-items-center text-center\"> <img loading=\"lazy\" decoding=\"async\" class=\"lazyloaded\" src=\"https:\/\/www.lasportiva.com\/media\/techinfo_icons\/traspirabilita.png\" alt=\"La Sportiva\" width=\"75\" height=\"75\" data-src=\"https:\/\/www.lasportiva.com\/media\/techinfo_icons\/traspirabilita.png\" \/> <\/a><\/p>\n<p><strong>Transpirabilidad:<\/strong><br \/>\nProductos altamente transpirables para un confort clim\u00e1tico \u00f3ptimo.<\/p>\n<p>&nbsp;<\/p>\n<p>&nbsp;<\/p>\n<p><a class=\"d-flex flex-column align-items-center text-center\"> <img loading=\"lazy\" decoding=\"async\" class=\"lazyloaded\" src=\"https:\/\/www.lasportiva.com\/media\/techinfo_icons\/regular-fit.png\" alt=\"La Sportiva\" width=\"75\" height=\"75\" data-src=\"https:\/\/www.lasportiva.com\/media\/techinfo_icons\/regular-fit.png\" \/> <\/a><\/p>\n<p><strong>Corte regular:<\/strong><br \/>\nCorte t\u00e9cnico y c\u00f3modo.<\/p>\n<p>&nbsp;<\/p>\n<p>&nbsp;<\/p>\n<p><a class=\"d-flex flex-column align-items-center text-center\"> <img loading=\"lazy\" decoding=\"async\" class=\"lazyloaded\" src=\"https:\/\/www.lasportiva.com\/media\/techinfo_icons\/durabilita.png\" alt=\"La Sportiva\" width=\"75\" height=\"75\" data-src=\"https:\/\/www.lasportiva.com\/media\/techinfo_icons\/durabilita.png\" \/><\/a><\/p>\n<p><strong>Durabilidad:<\/strong><br \/>\nProductos de alta resistencia al desgaste.<\/p>\n<p>&nbsp;<\/p>\n<p>&nbsp;<\/p>\n<p><a class=\"d-flex flex-column align-items-center text-center\"> <img loading=\"lazy\" decoding=\"async\" class=\"lazyloaded\" src=\"https:\/\/www.lasportiva.com\/media\/techinfo_icons\/leggerezza.png\" alt=\"La Sportiva\" width=\"75\" height=\"75\" data-src=\"https:\/\/www.lasportiva.com\/media\/techinfo_icons\/leggerezza.png\" \/> <\/a><\/p>\n<p><strong>Ligereza:<\/strong><br \/>\nProductos que mantienen el peso al m\u00ednimo.<\/p>\n<p>&nbsp;<\/p>\n<p>&nbsp;<\/p>\n<p><a class=\"d-flex flex-column align-items-center text-center\"> <img loading=\"lazy\" decoding=\"async\" class=\"lazyloaded\" src=\"https:\/\/www.lasportiva.com\/media\/techinfo_icons\/polygiene.png\" alt=\"La Sportiva\" width=\"75\" height=\"75\" data-src=\"https:\/\/www.lasportiva.com\/media\/techinfo_icons\/polygiene.png\" \/> <\/a><\/p>\n<p><strong><a class=\"d-flex flex-column align-items-center text-center\">Polygiene:<\/a><\/strong><\/p>\n<p>La tecnolog\u00eda antibacteriana y antiolor Polygiene\u00ae es un tratamiento duradero, eficaz y sostenible que utiliza sales de plata para impedir la formaci\u00f3n de las bacterias que causan los malos olores.<\/p>\n<p>&nbsp;<\/p>\n<p>&nbsp;<\/p>\n<p><a class=\"d-flex flex-column align-items-center text-center\"> <img loading=\"lazy\" decoding=\"async\" class=\"lazyloaded\" src=\"https:\/\/www.lasportiva.com\/media\/techinfo_icons\/L1.png\" alt=\"La Sportiva\" width=\"75\" height=\"75\" data-src=\"https:\/\/www.lasportiva.com\/media\/techinfo_icons\/L1.png\" \/> <\/a><\/p>\n<p><strong>L1 &#8211; CAPA BASE<\/strong><br \/>\nCapa que est\u00e1 en contacto directo con la piel. Favorece la evacuaci\u00f3n del sudor para proporcionar una mayor comodidad t\u00e9rmica durante la actividad f\u00edsica.<\/p>\n<p>&nbsp;<\/p>\n<p>&nbsp;<\/p>\n<p><a class=\"d-flex flex-column align-items-center text-center\"> <img loading=\"lazy\" decoding=\"async\" class=\"lazyloaded\" src=\"https:\/\/www.lasportiva.com\/media\/techinfo_icons\/r\/e\/recycledfabric_icone_75x75_6.png\" alt=\"La Sportiva\" width=\"75\" height=\"75\" data-src=\"https:\/\/www.lasportiva.com\/media\/techinfo_icons\/r\/e\/recycledfabric_icone_75x75_6.png\" \/> <\/a><\/p>\n<p><a class=\"d-flex flex-column align-items-center text-center\"><strong>Tejido reciclado<\/strong> <\/a><\/p>\n<p>La Sportiva fabrica productos para la monta\u00f1a desde 1928 a los pies de los Dolomitas: por eso, prestamos la m\u00e1xima atenci\u00f3n a cada detalle que pueda marcar la diferencia, incluso en lo que respecta al entorno que nos rodea. Con los logotipos <strong>RECYCLED FABRIC &amp; INSULATIONS<\/strong> hemos identificado productos ecol\u00f3gicos que, gracias a las decisiones de producci\u00f3n y fabricaci\u00f3n, utilizan materiales derivados de la reutilizaci\u00f3n del pl\u00e1stico y que, por lo tanto, permiten al consumidor realizar una compra consciente y respetuosa con el medio ambiente.<\/p>\n<p><strong>TEJIDO RECICLADO<\/strong><br \/>\nFibras de poli\u00e9ster fabricadas a partir de botellas de pl\u00e1stico recicladas mediante procesos respetuosos con el medio ambiente.<br \/>\n\u2022 Las prendas confeccionadas con tejidos <strong>TEJIDO RECICLADO<\/strong> contribuyen a reducir el impacto medioambiental<br \/>\n\u2022 Todas las sustancias petroqu\u00edmicas han sido sustituidas por botellas de pl\u00e1stico recicladas<br \/>\n\u2022 El proceso de producci\u00f3n de las fibras recicladas reduce las emisiones de CO\u2082 a la atm\u00f3sfera en aproximadamente un 54 %\u2022 Durabilidad y calidad garantizadas a lo largo del tiempo<\/p>\n<p>&nbsp;<\/p>\n<p><strong>Caracter\u00edsticas:<\/strong><\/p>\n<ul>\n<li>Tejido reforzado resistente a la abrasi\u00f3n en los hombros<\/li>\n<li>Inserciones de malla para una mayor transpirabilidad<\/li>\n<li>Tejido reforzado en la zona lumbar<\/li>\n<li>Tratamiento antibacteriano y antiolor<\/li>\n<\/ul>\n<p><b>Ajuste: <\/b>Regular<br \/>\n<b> Tejido: <\/b>Principal: (KSM11) 100 % poli\u00e9ster reciclado &#8211; Inserto: (MSL03) 100 % poli\u00e9ster reciclado &#8211; Refuerzo: (WSL06) 85 % poliamida reciclada, 15 % elastano<br \/>\n<b> Peso: <\/b>116 g<\/p>\n","protected":false},"excerpt":{"rendered":"<ul>\n<li>Camiseta t\u00e9cnica para excursiones de monta\u00f1a.<\/li>\n<li>Camiseta con una excelente transpirabilidad.<\/li>\n<\/ul>\n","protected":false},"featured_media":246515,"template":"","meta":{"_acf_changed":false,"inline_featured_image":false},"product_brand":[],"product_cat":[24226,24401,24402],"product_tag":[23598,23640],"class_list":{"0":"post-290723","1":"product","2":"type-product","3":"status-publish","4":"has-post-thumbnail","6":"product_cat-camiseta","7":"product_cat-ropa-de-mujer","8":"product_cat-mujer","9":"product_tag-la-sportiva-es","10":"product_tag-la-sportiva-mujer","11":"pa_attivita-caminar","12":"pa_attivita-outdoor-es","13":"pa_colore-compass-t-shirt-w-springtime-cherry-toma-es","14":"pa_marca-la-sportiva-es","15":"pa_sesso-mujer","16":"pa_size-medium-es","18":"first","19":"instock","20":"sale","21":"taxable","22":"shipping-taxable","23":"purchasable","24":"product-type-variable","25":"wvs-archive-product-wrapper"},"acf":[],"yoast_head":"<!-- This site is optimized with the Yoast SEO plugin v26.8 - https:\/\/yoast.com\/product\/yoast-seo-wordpress\/ -->\n<title>La Sportiva Compass T-Shirt mujer - Camiseta para correr - MioMioRun<\/title>\n<meta name=\"description\" content=\"La camiseta Compass para mujer es una prenda t\u00e9cnica dise\u00f1ada para excursiones de varios d\u00edas. Las zonas reforzadas ofrecen una protecci\u00f3n adicional\" \/>\n<meta name=\"robots\" content=\"index, follow, max-snippet:-1, max-image-preview:large, max-video-preview:-1\" \/>\n<link rel=\"canonical\" href=\"https:\/\/www.miomiorun.com\/es\/producto\/compass-t-shirt-mujer\/\" \/>\n<meta property=\"og:locale\" content=\"es_ES\" \/>\n<meta property=\"og:type\" content=\"article\" \/>\n<meta property=\"og:title\" content=\"La Sportiva Compass T-Shirt mujer - Camiseta para correr - MioMioRun\" \/>\n<meta property=\"og:description\" content=\"La camiseta Compass para mujer es una prenda t\u00e9cnica dise\u00f1ada para excursiones de varios d\u00edas. Las zonas reforzadas ofrecen una protecci\u00f3n adicional\" \/>\n<meta property=\"og:url\" content=\"https:\/\/www.miomiorun.com\/es\/producto\/compass-t-shirt-mujer\/\" \/>\n<meta property=\"og:site_name\" content=\"MioMioRun\" \/>\n<meta property=\"article:publisher\" content=\"https:\/\/www.facebook.com\/miomiorun\/\" \/>\n<meta property=\"article:modified_time\" content=\"2026-05-08T16:31:48+00:00\" \/>\n<meta property=\"og:image\" content=\"https:\/\/www.miomiorun.com\/app\/uploads\/2024\/04\/La-sportiva-Compass-t-shirt-W-springtime-cherry-toma-Q31411322.webp\" \/>\n\t<meta property=\"og:image:width\" content=\"600\" \/>\n\t<meta property=\"og:image:height\" content=\"600\" \/>\n\t<meta property=\"og:image:type\" content=\"image\/webp\" \/>\n<meta name=\"twitter:card\" content=\"summary_large_image\" \/>\n<meta name=\"twitter:label1\" content=\"Est. reading time\" \/>\n\t<meta name=\"twitter:data1\" content=\"2 minutes\" \/>\n<script type=\"application\/ld+json\" class=\"yoast-schema-graph\">{\"@context\":\"https:\/\/schema.org\",\"@graph\":[{\"@type\":\"WebPage\",\"@id\":\"https:\/\/www.miomiorun.com\/es\/producto\/compass-t-shirt-mujer\/\",\"url\":\"https:\/\/www.miomiorun.com\/es\/producto\/compass-t-shirt-mujer\/\",\"name\":\"La Sportiva Compass T-Shirt mujer - Camiseta para correr - MioMioRun\",\"isPartOf\":{\"@id\":\"https:\/\/www.miomiorun.com\/es\/#website\"},\"primaryImageOfPage\":{\"@id\":\"https:\/\/www.miomiorun.com\/es\/producto\/compass-t-shirt-mujer\/#primaryimage\"},\"image\":{\"@id\":\"https:\/\/www.miomiorun.com\/es\/producto\/compass-t-shirt-mujer\/#primaryimage\"},\"thumbnailUrl\":\"https:\/\/www.miomiorun.com\/app\/uploads\/2024\/04\/La-sportiva-Compass-t-shirt-W-springtime-cherry-toma-Q31411322.webp\",\"datePublished\":\"2024-04-11T13:19:01+00:00\",\"dateModified\":\"2026-05-08T16:31:48+00:00\",\"description\":\"La camiseta Compass para mujer es una prenda t\u00e9cnica dise\u00f1ada para excursiones de varios d\u00edas. Las zonas reforzadas ofrecen una protecci\u00f3n adicional\",\"breadcrumb\":{\"@id\":\"https:\/\/www.miomiorun.com\/es\/producto\/compass-t-shirt-mujer\/#breadcrumb\"},\"inLanguage\":\"es-ES\",\"potentialAction\":[{\"@type\":\"ReadAction\",\"target\":[\"https:\/\/www.miomiorun.com\/es\/producto\/compass-t-shirt-mujer\/\"]}]},{\"@type\":\"ImageObject\",\"inLanguage\":\"es-ES\",\"@id\":\"https:\/\/www.miomiorun.com\/es\/producto\/compass-t-shirt-mujer\/#primaryimage\",\"url\":\"https:\/\/www.miomiorun.com\/app\/uploads\/2024\/04\/La-sportiva-Compass-t-shirt-W-springtime-cherry-toma-Q31411322.webp\",\"contentUrl\":\"https:\/\/www.miomiorun.com\/app\/uploads\/2024\/04\/La-sportiva-Compass-t-shirt-W-springtime-cherry-toma-Q31411322.webp\",\"width\":600,\"height\":600,\"caption\":\"La sportiva Compass t-shirt W springtime cherry toma Q31411322\"},{\"@type\":\"BreadcrumbList\",\"@id\":\"https:\/\/www.miomiorun.com\/es\/producto\/compass-t-shirt-mujer\/#breadcrumb\",\"itemListElement\":[{\"@type\":\"ListItem\",\"position\":1,\"name\":\"Home\",\"item\":\"https:\/\/www.miomiorun.com\/es\/\"},{\"@type\":\"ListItem\",\"position\":2,\"name\":\"Shop\",\"item\":\"https:\/\/www.miomiorun.com\/shop\/\"},{\"@type\":\"ListItem\",\"position\":3,\"name\":\"Compass T-Shirt mujer\"}]},{\"@type\":\"WebSite\",\"@id\":\"https:\/\/www.miomiorun.com\/es\/#website\",\"url\":\"https:\/\/www.miomiorun.com\/es\/\",\"name\":\"MioMioRun\",\"description\":\"Tienda 100% running y trail\",\"publisher\":{\"@id\":\"https:\/\/www.miomiorun.com\/es\/#organization\"},\"potentialAction\":[{\"@type\":\"SearchAction\",\"target\":{\"@type\":\"EntryPoint\",\"urlTemplate\":\"https:\/\/www.miomiorun.com\/es\/?s={search_term_string}\"},\"query-input\":{\"@type\":\"PropertyValueSpecification\",\"valueRequired\":true,\"valueName\":\"search_term_string\"}}],\"inLanguage\":\"es-ES\"},{\"@type\":\"Organization\",\"@id\":\"https:\/\/www.miomiorun.com\/es\/#organization\",\"name\":\"MioMio Run\",\"url\":\"https:\/\/www.miomiorun.com\/es\/\",\"logo\":{\"@type\":\"ImageObject\",\"inLanguage\":\"es-ES\",\"@id\":\"https:\/\/www.miomiorun.com\/es\/#\/schema\/logo\/image\/\",\"url\":\"https:\/\/www.miomiorun.com\/app\/uploads\/2019\/12\/logomio.png\",\"contentUrl\":\"https:\/\/www.miomiorun.com\/app\/uploads\/2019\/12\/logomio.png\",\"width\":115,\"height\":82,\"caption\":\"MioMio Run\"},\"image\":{\"@id\":\"https:\/\/www.miomiorun.com\/es\/#\/schema\/logo\/image\/\"},\"sameAs\":[\"https:\/\/www.facebook.com\/miomiorun\/\",\"https:\/\/www.instagram.com\/miomiorun\/\"]}]}<\/script>\n<!-- \/ Yoast SEO plugin. -->","yoast_head_json":{"title":"La Sportiva Compass T-Shirt mujer - Camiseta para correr - MioMioRun","description":"La camiseta Compass para mujer es una prenda t\u00e9cnica dise\u00f1ada para excursiones de varios d\u00edas. Las zonas reforzadas ofrecen una protecci\u00f3n adicional","robots":{"index":"index","follow":"follow","max-snippet":"max-snippet:-1","max-image-preview":"max-image-preview:large","max-video-preview":"max-video-preview:-1"},"canonical":"https:\/\/www.miomiorun.com\/es\/producto\/compass-t-shirt-mujer\/","og_locale":"es_ES","og_type":"article","og_title":"La Sportiva Compass T-Shirt mujer - Camiseta para correr - MioMioRun","og_description":"La camiseta Compass para mujer es una prenda t\u00e9cnica dise\u00f1ada para excursiones de varios d\u00edas. Las zonas reforzadas ofrecen una protecci\u00f3n adicional","og_url":"https:\/\/www.miomiorun.com\/es\/producto\/compass-t-shirt-mujer\/","og_site_name":"MioMioRun","article_publisher":"https:\/\/www.facebook.com\/miomiorun\/","article_modified_time":"2026-05-08T16:31:48+00:00","og_image":[{"width":600,"height":600,"url":"https:\/\/www.miomiorun.com\/app\/uploads\/2024\/04\/La-sportiva-Compass-t-shirt-W-springtime-cherry-toma-Q31411322.webp","type":"image\/webp"}],"twitter_card":"summary_large_image","twitter_misc":{"Est. reading time":"2 minutes"},"schema":{"@context":"https:\/\/schema.org","@graph":[{"@type":"WebPage","@id":"https:\/\/www.miomiorun.com\/es\/producto\/compass-t-shirt-mujer\/","url":"https:\/\/www.miomiorun.com\/es\/producto\/compass-t-shirt-mujer\/","name":"La Sportiva Compass T-Shirt mujer - Camiseta para correr - MioMioRun","isPartOf":{"@id":"https:\/\/www.miomiorun.com\/es\/#website"},"primaryImageOfPage":{"@id":"https:\/\/www.miomiorun.com\/es\/producto\/compass-t-shirt-mujer\/#primaryimage"},"image":{"@id":"https:\/\/www.miomiorun.com\/es\/producto\/compass-t-shirt-mujer\/#primaryimage"},"thumbnailUrl":"https:\/\/www.miomiorun.com\/app\/uploads\/2024\/04\/La-sportiva-Compass-t-shirt-W-springtime-cherry-toma-Q31411322.webp","datePublished":"2024-04-11T13:19:01+00:00","dateModified":"2026-05-08T16:31:48+00:00","description":"La camiseta Compass para mujer es una prenda t\u00e9cnica dise\u00f1ada para excursiones de varios d\u00edas. Las zonas reforzadas ofrecen una protecci\u00f3n adicional","breadcrumb":{"@id":"https:\/\/www.miomiorun.com\/es\/producto\/compass-t-shirt-mujer\/#breadcrumb"},"inLanguage":"es-ES","potentialAction":[{"@type":"ReadAction","target":["https:\/\/www.miomiorun.com\/es\/producto\/compass-t-shirt-mujer\/"]}]},{"@type":"ImageObject","inLanguage":"es-ES","@id":"https:\/\/www.miomiorun.com\/es\/producto\/compass-t-shirt-mujer\/#primaryimage","url":"https:\/\/www.miomiorun.com\/app\/uploads\/2024\/04\/La-sportiva-Compass-t-shirt-W-springtime-cherry-toma-Q31411322.webp","contentUrl":"https:\/\/www.miomiorun.com\/app\/uploads\/2024\/04\/La-sportiva-Compass-t-shirt-W-springtime-cherry-toma-Q31411322.webp","width":600,"height":600,"caption":"La sportiva Compass t-shirt W springtime cherry toma Q31411322"},{"@type":"BreadcrumbList","@id":"https:\/\/www.miomiorun.com\/es\/producto\/compass-t-shirt-mujer\/#breadcrumb","itemListElement":[{"@type":"ListItem","position":1,"name":"Home","item":"https:\/\/www.miomiorun.com\/es\/"},{"@type":"ListItem","position":2,"name":"Shop","item":"https:\/\/www.miomiorun.com\/shop\/"},{"@type":"ListItem","position":3,"name":"Compass T-Shirt mujer"}]},{"@type":"WebSite","@id":"https:\/\/www.miomiorun.com\/es\/#website","url":"https:\/\/www.miomiorun.com\/es\/","name":"MioMioRun","description":"Tienda 100% running y trail","publisher":{"@id":"https:\/\/www.miomiorun.com\/es\/#organization"},"potentialAction":[{"@type":"SearchAction","target":{"@type":"EntryPoint","urlTemplate":"https:\/\/www.miomiorun.com\/es\/?s={search_term_string}"},"query-input":{"@type":"PropertyValueSpecification","valueRequired":true,"valueName":"search_term_string"}}],"inLanguage":"es-ES"},{"@type":"Organization","@id":"https:\/\/www.miomiorun.com\/es\/#organization","name":"MioMio Run","url":"https:\/\/www.miomiorun.com\/es\/","logo":{"@type":"ImageObject","inLanguage":"es-ES","@id":"https:\/\/www.miomiorun.com\/es\/#\/schema\/logo\/image\/","url":"https:\/\/www.miomiorun.com\/app\/uploads\/2019\/12\/logomio.png","contentUrl":"https:\/\/www.miomiorun.com\/app\/uploads\/2019\/12\/logomio.png","width":115,"height":82,"caption":"MioMio Run"},"image":{"@id":"https:\/\/www.miomiorun.com\/es\/#\/schema\/logo\/image\/"},"sameAs":["https:\/\/www.facebook.com\/miomiorun\/","https:\/\/www.instagram.com\/miomiorun\/"]}]}},"_links":{"self":[{"href":"https:\/\/www.miomiorun.com\/es\/wp-json\/wp\/v2\/product\/290723","targetHints":{"allow":["GET"]}}],"collection":[{"href":"https:\/\/www.miomiorun.com\/es\/wp-json\/wp\/v2\/product"}],"about":[{"href":"https:\/\/www.miomiorun.com\/es\/wp-json\/wp\/v2\/types\/product"}],"wp:featuredmedia":[{"embeddable":true,"href":"https:\/\/www.miomiorun.com\/es\/wp-json\/wp\/v2\/media\/246515"}],"wp:attachment":[{"href":"https:\/\/www.miomiorun.com\/es\/wp-json\/wp\/v2\/media?parent=290723"}],"wp:term":[{"taxonomy":"product_brand","embeddable":true,"href":"https:\/\/www.miomiorun.com\/es\/wp-json\/wp\/v2\/product_brand?post=290723"},{"taxonomy":"product_cat","embeddable":true,"href":"https:\/\/www.miomiorun.com\/es\/wp-json\/wp\/v2\/product_cat?post=290723"},{"taxonomy":"product_tag","embeddable":true,"href":"https:\/\/www.miomiorun.com\/es\/wp-json\/wp\/v2\/product_tag?post=290723"}],"curies":[{"name":"wp","href":"https:\/\/api.w.org\/{rel}","templated":true}]}}