{"id":290459,"date":"2024-04-12T18:16:19","date_gmt":"2024-04-12T16:16:19","guid":{"rendered":"https:\/\/miomiorun.com\/prodotto\/lycan-ii-donna\/"},"modified":"2026-03-05T10:09:53","modified_gmt":"2026-03-05T09:09:53","slug":"lycan-ii-mujer","status":"publish","type":"product","link":"https:\/\/www.miomiorun.com\/es\/producto\/lycan-ii-mujer\/","title":{"rendered":"Lycan II mujer"},"content":{"rendered":"<div class=\"vc-row container\"><div class=\"vc-column\"><div class=\"vc-column-text\"><\/p>\n<p><strong>Especificaciones t\u00e9cnicas<\/strong><\/p>\n<p>Categor\u00eda: amortiguaci\u00f3n superior<br \/>\nOffset: 7 mm<br \/>\nPeso: 305 g<br \/>\nIdeal para: corredores y caminantes que buscan un modelo con buena tracci\u00f3n para actividades todoterreno, incluso en monta\u00f1a.<br \/>\nPeso del atleta: 60-80 kg<br \/>\nRitmo de carrera: medio-lento (&gt;5,00 min\/km)<br \/>\n<a href=\"https:\/\/miomiorun.com\/es\/guia-especifica\/\">Gu\u00eda de especificaciones t\u00e9cnicas<\/a><\/p>\n<p><\/div><\/div><div class=\"vc-column\"><div class=\"vc-column-text\">Lycan II para mujer es una zapatilla de trail con un calzado perfecto para carreras de media distancia, entrenamientos y skyrace.<\/p>\n<p><strong>C\u00f3moda y confortable, es ideal para todos los amantes del running todoterreno.<\/strong><\/p>\n<p>Se ha realizado una actualizaci\u00f3n t\u00e9cnica\/est\u00e9tica del modelo Lycan con nuevo dise\u00f1o, nuevo revestimiento de alta resistencia a la abrasi\u00f3n y nueva banda de rodadura con mezcla <strong>FriXion Blue Ultra Aderente<\/strong>, perfecta para correr sobre terrenos blandos y fangosos.<\/p>\n<p>Modelo de trail running extremadamente vers\u00e1til gracias a su elevada amortiguaci\u00f3n y a la predisposici\u00f3n de la suela para el montaje de clavos extra\u00edbles AT Grip Spike. La parte superior es de malla transpirable con refuerzos de microfibra recubierta antiabrasi\u00f3n para mayor protecci\u00f3n y ligereza, y los vol\u00famenes son amplios para ofrecer la m\u00e1xima comodidad al calzarse. La entresuela es inyectada y proporciona una excelente amortiguaci\u00f3n y comodidad general.<\/p>\n<p><b>Parte superior: <\/b><br \/>\nMalla transpirable con refuerzos de microfibra recubierta antiabrasi\u00f3n + puntera protectora de TPU<br \/>\n<b>Forro:<\/b><br \/>\nMalla de alta resistencia a la abrasi\u00f3n<br \/>\n<b>Plantilla: <\/b><br \/>\nOrtholite\u00ae Mountain Running Ergonomic 4 mm<br \/>\n<b>Entresuela:<\/b><br \/>\nEVA inyectada amortiguante<br \/>\n<b>Suela: <\/b><br \/>\nFriXion\u00ae Blue con Impact Brake System<\/p>\n<h3>Tecnolog\u00edas:<\/h3>\n<p><a class=\"d-flex flex-column align-items-center text-center\"> <img loading=\"lazy\" decoding=\"async\" class=\"ls-is-cached lazyloaded\" src=\"https:\/\/www.lasportiva.com\/media\/techinfo_icons\/Mud-terrain.png\" alt=\"La Sportiva\" width=\"75\" height=\"75\" data-src=\"https:\/\/www.lasportiva.com\/media\/techinfo_icons\/Mud-terrain.png\" \/> <\/a><\/p>\n<p><strong>MUD GROUNDS:<br \/>\n<\/strong>Suelas dise\u00f1adas para correr sobre terrenos blandos y fangosos gracias al grosor, la forma y la distancia entre los tacos que componen la banda de rodadura.<\/p>\n<p>&nbsp;<\/p>\n<p><a class=\"d-flex flex-column align-items-center text-center\"> <img loading=\"lazy\" decoding=\"async\" class=\"ls-is-cached lazyloaded\" src=\"https:\/\/www.lasportiva.com\/media\/techinfo_icons\/friction-blue.png\" alt=\"La Sportiva\" width=\"75\" height=\"75\" data-src=\"https:\/\/www.lasportiva.com\/media\/techinfo_icons\/friction-blue.png\" \/><\/a><\/p>\n<p>Las mezclas <strong>La Sportiva FriXion\u00ae<\/strong> se crean con el objetivo de crear bandas de rodadura con diferentes par\u00e1metros de agarre y durabilidad en funci\u00f3n del tipo de uso y del terreno en el que se utilizan las zapatillas La Sportiva.<\/p>\n<p>&nbsp;<\/p>\n<p><a class=\"d-flex flex-column align-items-center text-center\"><img loading=\"lazy\" decoding=\"async\" class=\"ls-is-cached lazyloaded\" src=\"https:\/\/www.lasportiva.com\/media\/techinfo_icons\/Injected.png\" alt=\"La Sportiva\" width=\"75\" height=\"75\" data-src=\"https:\/\/www.lasportiva.com\/media\/techinfo_icons\/Injected.png\" \/> <\/a><\/p>\n<p><strong>EVA &#8211; INYECTADO<br \/>\n<\/strong>Las suelas inyectadas tienen un alto grado de amortiguaci\u00f3n y una gran elasticidad del material. Estas propiedades permiten recibir un impulso propulsor del terreno, lo que favorece la carrera en terrenos todoterreno. Adem\u00e1s, el EVA inyectado reduce considerablemente el efecto de aplastamiento con el paso del tiempo, lo que permite que el material mantenga las mismas caracter\u00edsticas de rendimiento a lo largo del tiempo.<\/p>\n<p>&nbsp;<\/p>\n<p>&nbsp;<\/p>\n<p><a class=\"d-flex flex-column align-items-center text-center\"><img loading=\"lazy\" decoding=\"async\" class=\"lazyloaded\" src=\"https:\/\/www.lasportiva.com\/media\/techinfo_icons\/o\/r\/ortholitehybridred_75x75_1.png\" alt=\"La Sportiva\" width=\"75\" height=\"75\" data-src=\"https:\/\/www.lasportiva.com\/media\/techinfo_icons\/o\/r\/ortholitehybridred_75x75_1.png\" \/><\/a><\/p>\n<p>Los modelos de la l\u00ednea <strong>Mountain Running\u00ae<\/strong> incorporan las exclusivas plantillas ecol\u00f3gicas La Sportiva by<strong> OrthoLite\u00ae Hybrid,<\/strong> fabricadas con un 20 % de materiales reciclados derivados del ciclo de producci\u00f3n. Se trata de plantillas dise\u00f1adas tanto para pies masculinos como femeninos, que adoptan diferentes grosores y materiales en funci\u00f3n del peso medio del usuario.<\/p>\n<p>\u2022 Ecol\u00f3gicas y lavables: contienen goma reciclada y se pueden lavar en la lavadora.<br \/>\n\u2022 M\u00e1ximo confort gracias a la ventilaci\u00f3n de la plantilla y a las celdas de espuma de PU altamente transpirables, para mantener los pies siempre secos y disfrutar de un confort clim\u00e1tico perfecto.<br \/>\n\u2022 Favorecen la eliminaci\u00f3n del sudor y mantienen los pies secos.<br \/>\n\u2022 Gran durabilidad gracias a una tecnolog\u00eda que evita el aplastamiento excesivo del material: la compresi\u00f3n con el paso del tiempo es inferior al 5 %.<\/p>\n<p>&nbsp;<\/p>\n<p><a class=\"d-flex flex-column align-items-center text-center\"><img loading=\"lazy\" decoding=\"async\" class=\"ls-is-cached lazyloaded\" src=\"https:\/\/www.lasportiva.com\/media\/techinfo_icons\/normal-volume.png\" alt=\"La Sportiva\" width=\"75\" height=\"75\" data-src=\"https:\/\/www.lasportiva.com\/media\/techinfo_icons\/normal-volume.png\" \/>\u00a0<\/a><\/p>\n<p><strong>Plantilla media:<br \/>\n<\/strong>Zapatillas para pies con una conformaci\u00f3n \u00abmedia\u00bb, con una plantilla neutra, ni demasiado estrecha ni demasiado ancha. Adecuadas para pies con plantilla ancha, pero tambi\u00e9n para pies con plantilla estrecha.<\/p>\n<p>&nbsp;<\/p>\n<p><a class=\"d-flex flex-column align-items-center text-center\"><img loading=\"lazy\" decoding=\"async\" class=\"lazyloaded\" src=\"https:\/\/www.lasportiva.com\/media\/techinfo_icons\/e\/r\/ergonomic_1.png\" alt=\"La Sportiva\" width=\"75\" height=\"75\" data-src=\"https:\/\/www.lasportiva.com\/media\/techinfo_icons\/e\/r\/ergonomic_1.png\" \/> <\/a><\/p>\n<p>Ergon\u00f3mico<\/p>\n<p>&nbsp;<\/p>\n<p><strong>Caracter\u00edsticas:<\/strong><\/p>\n<ul>\n<li>Cu\u00f1a con gran amortiguaci\u00f3n<\/li>\n<li>Malla transpirable con refuerzos de microfibra recubierta antiabrasi\u00f3n para mayor protecci\u00f3n y ligereza.<\/li>\n<li>Entresuela inyectada con estructuras externas que favorecen la amortiguaci\u00f3n.<\/li>\n<li>Amplio volumen para un m\u00e1ximo confort al calzarse<\/li>\n<\/ul>\n<p><\/div><\/div><\/div>\n","protected":false},"excerpt":{"rendered":"<ul>\n<li>Zapatilla de trail running ideal para correr fuera de pista.<\/li>\n<li>Perfecta para correr sobre terrenos blandos y embarrados.<\/li>\n<\/ul>\n","protected":false},"featured_media":246543,"template":"","meta":{"_acf_changed":false,"inline_featured_image":false},"product_brand":[],"product_cat":[24227,24230],"product_tag":[23598,23640],"class_list":{"0":"post-290459","1":"product","2":"type-product","3":"status-publish","4":"has-post-thumbnail","6":"product_cat-calzado-femenino","7":"product_cat-trail-es","8":"product_tag-la-sportiva-es","9":"product_tag-la-sportiva-mujer","10":"pa_attivita-outdoor-es","11":"pa_attivita-trail-es","12":"pa_colore-lycan-ii-w-cherry-tomato-springtime-es","13":"pa_colore-lycan-ii-w-night-sky-cypress-es","14":"pa_colore-lycan-ii-w-storm-blue-lagoon-es","15":"pa_marca-la-sportiva-es","16":"pa_sesso-mujer","17":"pa_size-38-es","18":"pa_size-38-5-es","19":"pa_size-39-es","20":"pa_size-39-5-es","21":"pa_size-40-es","22":"pa_size-40-5-es","23":"pa_size-41-es","25":"first","26":"instock","27":"sale","28":"taxable","29":"shipping-taxable","30":"purchasable","31":"product-type-variable","32":"wvs-archive-product-wrapper"},"acf":[],"yoast_head":"<!-- This site is optimized with the Yoast SEO plugin v26.8 - https:\/\/yoast.com\/product\/yoast-seo-wordpress\/ -->\n<title>La sportiva Lycan II mujer - Zapatillas de trail para mujer - MioMioRun<\/title>\n<meta name=\"description\" content=\"Lycan II para mujer es una zapatilla de trail con un calzado perfecto para carreras de media distancia, entrenamientos y skyrace. C\u00f3moda y confortable.\" \/>\n<meta name=\"robots\" content=\"index, follow, max-snippet:-1, max-image-preview:large, max-video-preview:-1\" \/>\n<link rel=\"canonical\" href=\"https:\/\/www.miomiorun.com\/es\/producto\/lycan-ii-mujer\/\" \/>\n<meta property=\"og:locale\" content=\"es_ES\" \/>\n<meta property=\"og:type\" content=\"article\" \/>\n<meta property=\"og:title\" content=\"La sportiva Lycan II mujer - Zapatillas de trail para mujer - MioMioRun\" \/>\n<meta property=\"og:description\" content=\"Lycan II para mujer es una zapatilla de trail con un calzado perfecto para carreras de media distancia, entrenamientos y skyrace. C\u00f3moda y confortable.\" \/>\n<meta property=\"og:url\" content=\"https:\/\/www.miomiorun.com\/es\/producto\/lycan-ii-mujer\/\" \/>\n<meta property=\"og:site_name\" content=\"MioMioRun\" \/>\n<meta property=\"article:publisher\" content=\"https:\/\/www.facebook.com\/miomiorun\/\" \/>\n<meta property=\"article:modified_time\" content=\"2026-03-05T09:09:53+00:00\" \/>\n<meta property=\"og:image\" content=\"https:\/\/www.miomiorun.com\/app\/uploads\/2024\/04\/La-Sportiva-lycan-II-W-storm-blue-lagoon-46I639638.jpg\" \/>\n\t<meta property=\"og:image:width\" content=\"600\" \/>\n\t<meta property=\"og:image:height\" content=\"600\" \/>\n\t<meta property=\"og:image:type\" content=\"image\/jpeg\" \/>\n<meta name=\"twitter:card\" content=\"summary_large_image\" \/>\n<meta name=\"twitter:label1\" content=\"Est. reading time\" \/>\n\t<meta name=\"twitter:data1\" content=\"3 minutes\" \/>\n<script type=\"application\/ld+json\" class=\"yoast-schema-graph\">{\"@context\":\"https:\/\/schema.org\",\"@graph\":[{\"@type\":\"WebPage\",\"@id\":\"https:\/\/www.miomiorun.com\/es\/producto\/lycan-ii-mujer\/\",\"url\":\"https:\/\/www.miomiorun.com\/es\/producto\/lycan-ii-mujer\/\",\"name\":\"La sportiva Lycan II mujer - Zapatillas de trail para mujer - MioMioRun\",\"isPartOf\":{\"@id\":\"https:\/\/www.miomiorun.com\/es\/#website\"},\"primaryImageOfPage\":{\"@id\":\"https:\/\/www.miomiorun.com\/es\/producto\/lycan-ii-mujer\/#primaryimage\"},\"image\":{\"@id\":\"https:\/\/www.miomiorun.com\/es\/producto\/lycan-ii-mujer\/#primaryimage\"},\"thumbnailUrl\":\"https:\/\/www.miomiorun.com\/app\/uploads\/2024\/04\/La-Sportiva-lycan-II-W-storm-blue-lagoon-46I639638.jpg\",\"datePublished\":\"2024-04-12T16:16:19+00:00\",\"dateModified\":\"2026-03-05T09:09:53+00:00\",\"description\":\"Lycan II para mujer es una zapatilla de trail con un calzado perfecto para carreras de media distancia, entrenamientos y skyrace. C\u00f3moda y confortable.\",\"breadcrumb\":{\"@id\":\"https:\/\/www.miomiorun.com\/es\/producto\/lycan-ii-mujer\/#breadcrumb\"},\"inLanguage\":\"es-ES\",\"potentialAction\":[{\"@type\":\"ReadAction\",\"target\":[\"https:\/\/www.miomiorun.com\/es\/producto\/lycan-ii-mujer\/\"]}]},{\"@type\":\"ImageObject\",\"inLanguage\":\"es-ES\",\"@id\":\"https:\/\/www.miomiorun.com\/es\/producto\/lycan-ii-mujer\/#primaryimage\",\"url\":\"https:\/\/www.miomiorun.com\/app\/uploads\/2024\/04\/La-Sportiva-lycan-II-W-storm-blue-lagoon-46I639638.jpg\",\"contentUrl\":\"https:\/\/www.miomiorun.com\/app\/uploads\/2024\/04\/La-Sportiva-lycan-II-W-storm-blue-lagoon-46I639638.jpg\",\"width\":600,\"height\":600,\"caption\":\"La-Sportiva-lycan-II-W-storm-blue-lagoon-46I639638\"},{\"@type\":\"BreadcrumbList\",\"@id\":\"https:\/\/www.miomiorun.com\/es\/producto\/lycan-ii-mujer\/#breadcrumb\",\"itemListElement\":[{\"@type\":\"ListItem\",\"position\":1,\"name\":\"Home\",\"item\":\"https:\/\/www.miomiorun.com\/es\/\"},{\"@type\":\"ListItem\",\"position\":2,\"name\":\"Shop\",\"item\":\"https:\/\/www.miomiorun.com\/shop\/\"},{\"@type\":\"ListItem\",\"position\":3,\"name\":\"Lycan II mujer\"}]},{\"@type\":\"WebSite\",\"@id\":\"https:\/\/www.miomiorun.com\/es\/#website\",\"url\":\"https:\/\/www.miomiorun.com\/es\/\",\"name\":\"MioMioRun\",\"description\":\"Tienda 100% running y trail\",\"publisher\":{\"@id\":\"https:\/\/www.miomiorun.com\/es\/#organization\"},\"potentialAction\":[{\"@type\":\"SearchAction\",\"target\":{\"@type\":\"EntryPoint\",\"urlTemplate\":\"https:\/\/www.miomiorun.com\/es\/?s={search_term_string}\"},\"query-input\":{\"@type\":\"PropertyValueSpecification\",\"valueRequired\":true,\"valueName\":\"search_term_string\"}}],\"inLanguage\":\"es-ES\"},{\"@type\":\"Organization\",\"@id\":\"https:\/\/www.miomiorun.com\/es\/#organization\",\"name\":\"MioMio Run\",\"url\":\"https:\/\/www.miomiorun.com\/es\/\",\"logo\":{\"@type\":\"ImageObject\",\"inLanguage\":\"es-ES\",\"@id\":\"https:\/\/www.miomiorun.com\/es\/#\/schema\/logo\/image\/\",\"url\":\"https:\/\/www.miomiorun.com\/app\/uploads\/2019\/12\/logomio.png\",\"contentUrl\":\"https:\/\/www.miomiorun.com\/app\/uploads\/2019\/12\/logomio.png\",\"width\":115,\"height\":82,\"caption\":\"MioMio Run\"},\"image\":{\"@id\":\"https:\/\/www.miomiorun.com\/es\/#\/schema\/logo\/image\/\"},\"sameAs\":[\"https:\/\/www.facebook.com\/miomiorun\/\",\"https:\/\/www.instagram.com\/miomiorun\/\"]}]}<\/script>\n<!-- \/ Yoast SEO plugin. -->","yoast_head_json":{"title":"La sportiva Lycan II mujer - Zapatillas de trail para mujer - MioMioRun","description":"Lycan II para mujer es una zapatilla de trail con un calzado perfecto para carreras de media distancia, entrenamientos y skyrace. C\u00f3moda y confortable.","robots":{"index":"index","follow":"follow","max-snippet":"max-snippet:-1","max-image-preview":"max-image-preview:large","max-video-preview":"max-video-preview:-1"},"canonical":"https:\/\/www.miomiorun.com\/es\/producto\/lycan-ii-mujer\/","og_locale":"es_ES","og_type":"article","og_title":"La sportiva Lycan II mujer - Zapatillas de trail para mujer - MioMioRun","og_description":"Lycan II para mujer es una zapatilla de trail con un calzado perfecto para carreras de media distancia, entrenamientos y skyrace. C\u00f3moda y confortable.","og_url":"https:\/\/www.miomiorun.com\/es\/producto\/lycan-ii-mujer\/","og_site_name":"MioMioRun","article_publisher":"https:\/\/www.facebook.com\/miomiorun\/","article_modified_time":"2026-03-05T09:09:53+00:00","og_image":[{"width":600,"height":600,"url":"https:\/\/www.miomiorun.com\/app\/uploads\/2024\/04\/La-Sportiva-lycan-II-W-storm-blue-lagoon-46I639638.jpg","type":"image\/jpeg"}],"twitter_card":"summary_large_image","twitter_misc":{"Est. reading time":"3 minutes"},"schema":{"@context":"https:\/\/schema.org","@graph":[{"@type":"WebPage","@id":"https:\/\/www.miomiorun.com\/es\/producto\/lycan-ii-mujer\/","url":"https:\/\/www.miomiorun.com\/es\/producto\/lycan-ii-mujer\/","name":"La sportiva Lycan II mujer - Zapatillas de trail para mujer - MioMioRun","isPartOf":{"@id":"https:\/\/www.miomiorun.com\/es\/#website"},"primaryImageOfPage":{"@id":"https:\/\/www.miomiorun.com\/es\/producto\/lycan-ii-mujer\/#primaryimage"},"image":{"@id":"https:\/\/www.miomiorun.com\/es\/producto\/lycan-ii-mujer\/#primaryimage"},"thumbnailUrl":"https:\/\/www.miomiorun.com\/app\/uploads\/2024\/04\/La-Sportiva-lycan-II-W-storm-blue-lagoon-46I639638.jpg","datePublished":"2024-04-12T16:16:19+00:00","dateModified":"2026-03-05T09:09:53+00:00","description":"Lycan II para mujer es una zapatilla de trail con un calzado perfecto para carreras de media distancia, entrenamientos y skyrace. C\u00f3moda y confortable.","breadcrumb":{"@id":"https:\/\/www.miomiorun.com\/es\/producto\/lycan-ii-mujer\/#breadcrumb"},"inLanguage":"es-ES","potentialAction":[{"@type":"ReadAction","target":["https:\/\/www.miomiorun.com\/es\/producto\/lycan-ii-mujer\/"]}]},{"@type":"ImageObject","inLanguage":"es-ES","@id":"https:\/\/www.miomiorun.com\/es\/producto\/lycan-ii-mujer\/#primaryimage","url":"https:\/\/www.miomiorun.com\/app\/uploads\/2024\/04\/La-Sportiva-lycan-II-W-storm-blue-lagoon-46I639638.jpg","contentUrl":"https:\/\/www.miomiorun.com\/app\/uploads\/2024\/04\/La-Sportiva-lycan-II-W-storm-blue-lagoon-46I639638.jpg","width":600,"height":600,"caption":"La-Sportiva-lycan-II-W-storm-blue-lagoon-46I639638"},{"@type":"BreadcrumbList","@id":"https:\/\/www.miomiorun.com\/es\/producto\/lycan-ii-mujer\/#breadcrumb","itemListElement":[{"@type":"ListItem","position":1,"name":"Home","item":"https:\/\/www.miomiorun.com\/es\/"},{"@type":"ListItem","position":2,"name":"Shop","item":"https:\/\/www.miomiorun.com\/shop\/"},{"@type":"ListItem","position":3,"name":"Lycan II mujer"}]},{"@type":"WebSite","@id":"https:\/\/www.miomiorun.com\/es\/#website","url":"https:\/\/www.miomiorun.com\/es\/","name":"MioMioRun","description":"Tienda 100% running y trail","publisher":{"@id":"https:\/\/www.miomiorun.com\/es\/#organization"},"potentialAction":[{"@type":"SearchAction","target":{"@type":"EntryPoint","urlTemplate":"https:\/\/www.miomiorun.com\/es\/?s={search_term_string}"},"query-input":{"@type":"PropertyValueSpecification","valueRequired":true,"valueName":"search_term_string"}}],"inLanguage":"es-ES"},{"@type":"Organization","@id":"https:\/\/www.miomiorun.com\/es\/#organization","name":"MioMio Run","url":"https:\/\/www.miomiorun.com\/es\/","logo":{"@type":"ImageObject","inLanguage":"es-ES","@id":"https:\/\/www.miomiorun.com\/es\/#\/schema\/logo\/image\/","url":"https:\/\/www.miomiorun.com\/app\/uploads\/2019\/12\/logomio.png","contentUrl":"https:\/\/www.miomiorun.com\/app\/uploads\/2019\/12\/logomio.png","width":115,"height":82,"caption":"MioMio Run"},"image":{"@id":"https:\/\/www.miomiorun.com\/es\/#\/schema\/logo\/image\/"},"sameAs":["https:\/\/www.facebook.com\/miomiorun\/","https:\/\/www.instagram.com\/miomiorun\/"]}]}},"_links":{"self":[{"href":"https:\/\/www.miomiorun.com\/es\/wp-json\/wp\/v2\/product\/290459","targetHints":{"allow":["GET"]}}],"collection":[{"href":"https:\/\/www.miomiorun.com\/es\/wp-json\/wp\/v2\/product"}],"about":[{"href":"https:\/\/www.miomiorun.com\/es\/wp-json\/wp\/v2\/types\/product"}],"wp:featuredmedia":[{"embeddable":true,"href":"https:\/\/www.miomiorun.com\/es\/wp-json\/wp\/v2\/media\/246543"}],"wp:attachment":[{"href":"https:\/\/www.miomiorun.com\/es\/wp-json\/wp\/v2\/media?parent=290459"}],"wp:term":[{"taxonomy":"product_brand","embeddable":true,"href":"https:\/\/www.miomiorun.com\/es\/wp-json\/wp\/v2\/product_brand?post=290459"},{"taxonomy":"product_cat","embeddable":true,"href":"https:\/\/www.miomiorun.com\/es\/wp-json\/wp\/v2\/product_cat?post=290459"},{"taxonomy":"product_tag","embeddable":true,"href":"https:\/\/www.miomiorun.com\/es\/wp-json\/wp\/v2\/product_tag?post=290459"}],"curies":[{"name":"wp","href":"https:\/\/api.w.org\/{rel}","templated":true}]}}