{"id":290314,"date":"2024-04-16T14:28:47","date_gmt":"2024-04-16T12:28:47","guid":{"rendered":"https:\/\/miomiorun.com\/prodotto\/endorphin-rift-donna\/"},"modified":"2026-05-07T16:37:20","modified_gmt":"2026-05-07T14:37:20","slug":"endorphin-rift-mujer","status":"publish","type":"product","link":"https:\/\/www.miomiorun.com\/es\/producto\/endorphin-rift-mujer\/","title":{"rendered":"Endorphin Rift mujer"},"content":{"rendered":"<div class=\"vc-row container\"><div class=\"vc-column\"><div class=\"vc-column-text\"><\/p>\n<h4>Specifiche tecniche<\/h4>\n<p>Categoria: Ammortizzazione super.<br \/>\nOffset: 6mm (29mm\/23mm)<br \/>\nPeso: 226 g<br \/>\nIdeale per : runners alla ricerca di prestazioni elevate e comfort di corsa allo stesso tempo, per ottenere ottimi risultati in gara e per allenamenti su lunghe distanze su terreni fuori strada.<br \/>\nPeso dell&#8217;atleta : 50-65 kg<br \/>\nPasso di corsa : veloce (&gt;4.00 min\/km)<br \/>\n<a href=\"https:\/\/miomiorun.com\/guida-alle-specifiche-tecniche\/\">Guida alle specifiche tecniche<\/a><\/p>\n<p><\/div><\/div><div class=\"vc-column\"><div class=\"vc-column-text\"><\/p>\n<div class=\"description\">\n<h2>Speed you need for the trails.<\/h2>\n<p>Velocit\u00e0 totale con <strong>Endorphin Rift<\/strong> da donna, che grazie all&#8217;abbondante ammortizzazione <strong>PWRRUN PB<\/strong>, e la tecnologia <strong>SPEEDROLL<\/strong>, \u00e8 in grado di resistere per molti km ad alte prestazioni.<\/p>\n<p>Veloci, leggere ma al contempo naturali, questo modello ti consente di affrontare qualsiasi tipologia di terreno senza compromessi.<\/p>\n<p><strong>Caratteristiche:<\/strong><\/p>\n<ul>\n<li>La tecnologia SPEEDROLL permette una transizione del piede agevolata, qualsiasi sia la tua velocit\u00e0, o il tuo passo, sui sentieri.<\/li>\n<li>L\u2019ammortizzazione PWRRUN PB lascia il piede libero da qualsiasi sovrastruttura, con la massima leggerezza e il massimo ritorno di energia.<\/li>\n<li>Suola in composto PWRTRAC con scanalature aggressive che assicurano presa e trazione, ideale su qualsiasi superficie percorsa.<\/li>\n<\/ul>\n<h2><strong>Tecnologie<\/strong><\/h2>\n<div class=\"modal\" role=\"Button\">\n<div class=\"modal-dialog\">\n<div class=\"modal-content clearfix\">\n<div class=\"modal-content__header\">\n<div class=\"modal-content__header-text\"><strong>PWRRUN PB<\/strong><\/div>\n<\/div>\n<div class=\"modal-content__body\">\n<div class=\"BackgroundImage flag-image\"><\/div>\n<p>PWRRUN PB \u00e8 il principale materiale di ammortizzazione di Saucony. La PWRRUN PB \u00e8 una schiuma di perline realizzata con una miscela brevettata di polimeri PeBa\u00ae, che pesa quanto l&#8217;EVA ed \u00e8 eccezionalmente rimbalzante (88% di ritorno di energia). \u00c8 inoltre molto consistente in un&#8217;ampia gamma di temperature e molto pi\u00f9 resistente dell&#8217;EVA.<\/p>\n<\/div>\n<\/div>\n<\/div>\n<\/div>\n<\/div>\n<div><\/div>\n<div>\n<div class=\"modal\" role=\"Button\">\n<div class=\"modal-dialog\">\n<div class=\"modal-content clearfix\">\n<div class=\"modal-content__header\">\n<div><\/div>\n<div class=\"modal-content__header-text\"><strong>PWRTRAC<\/strong><\/div>\n<\/div>\n<div class=\"modal-content__body\">\n<div class=\"BackgroundImage flag-image\"><\/div>\n<p>Gomma resistente e appiccicosa che offre una trazione e una resistenza all&#8217;abrasione eccezionali. La mescola ha un coefficiente di attrito (COF) triplo rispetto alla normale gomma al carbonio.<\/p>\n<\/div>\n<\/div>\n<\/div>\n<\/div>\n<\/div>\n<div><\/div>\n<div><\/div>\n<div><strong>SPEEDROLL<\/strong><\/div>\n<div>Una miscela di ammortizzazione massima e geometria della velocit\u00e0 che vi alimenta con uno slancio ininterrotto, in modo da poter correre pi\u00f9 velocemente, non pi\u00f9 duramente.<\/div>\n<p><\/div><\/div><\/div>\n","protected":false},"excerpt":{"rendered":"<ul>\n<li>&nbsp;Zapatilla de trail running ideal para recorrer largas distancias por terrenos todoterreno.<\/li>\n<li>Excelente amortiguaci\u00f3n y ligereza extrema.<\/li>\n<\/ul>\n","protected":false},"featured_media":246905,"template":"","meta":{"_acf_changed":false,"inline_featured_image":false},"product_brand":[],"product_cat":[24227,24230],"product_tag":[23578,23617],"class_list":{"0":"post-290314","1":"product","2":"type-product","3":"status-publish","4":"has-post-thumbnail","6":"product_cat-calzado-femenino","7":"product_cat-trail-es","8":"product_tag-saucony-es","9":"product_tag-saucony-mujer","10":"pa_attivita-outdoor-es","11":"pa_attivita-trail-es","12":"pa_colore-endorphin-rift-w-fog-flax-es","13":"pa_marca-saucony-es","14":"pa_sesso-mujer","15":"pa_size-39-es","17":"first","18":"instock","19":"sale","20":"taxable","21":"shipping-taxable","22":"purchasable","23":"product-type-variable","24":"wvs-archive-product-wrapper"},"acf":[],"yoast_head":"<!-- This site is optimized with the Yoast SEO plugin v26.8 - https:\/\/yoast.com\/product\/yoast-seo-wordpress\/ -->\n<title>Saucony Endorphin Rift mujer -zapatos para correr - MioMioRun<\/title>\n<meta name=\"description\" content=\"Velocidad total con las Endorphin Rift para mujer, que cuentan con una generosa amortiguaci\u00f3n PWRRUN PB y la tecnolog\u00eda SPEEDROLL.\" \/>\n<meta name=\"robots\" content=\"index, follow, max-snippet:-1, max-image-preview:large, max-video-preview:-1\" \/>\n<link rel=\"canonical\" href=\"https:\/\/www.miomiorun.com\/es\/producto\/endorphin-rift-mujer\/\" \/>\n<meta property=\"og:locale\" content=\"es_ES\" \/>\n<meta property=\"og:type\" content=\"article\" \/>\n<meta property=\"og:title\" content=\"Saucony Endorphin Rift mujer -zapatos para correr - MioMioRun\" \/>\n<meta property=\"og:description\" content=\"Velocidad total con las Endorphin Rift para mujer, que cuentan con una generosa amortiguaci\u00f3n PWRRUN PB y la tecnolog\u00eda SPEEDROLL.\" \/>\n<meta property=\"og:url\" content=\"https:\/\/www.miomiorun.com\/es\/producto\/endorphin-rift-mujer\/\" \/>\n<meta property=\"og:site_name\" content=\"MioMioRun\" \/>\n<meta property=\"article:publisher\" content=\"https:\/\/www.facebook.com\/miomiorun\/\" \/>\n<meta property=\"article:modified_time\" content=\"2026-05-07T14:37:20+00:00\" \/>\n<meta property=\"og:image\" content=\"https:\/\/www.miomiorun.com\/app\/uploads\/2024\/05\/saucony-Endorphin-rift-W-fog-flax-S10856-120.webp\" \/>\n\t<meta property=\"og:image:width\" content=\"600\" \/>\n\t<meta property=\"og:image:height\" content=\"600\" \/>\n\t<meta property=\"og:image:type\" content=\"image\/webp\" \/>\n<meta name=\"twitter:card\" content=\"summary_large_image\" \/>\n<meta name=\"twitter:label1\" content=\"Est. reading time\" \/>\n\t<meta name=\"twitter:data1\" content=\"2 minutes\" \/>\n<script type=\"application\/ld+json\" class=\"yoast-schema-graph\">{\"@context\":\"https:\/\/schema.org\",\"@graph\":[{\"@type\":\"WebPage\",\"@id\":\"https:\/\/www.miomiorun.com\/es\/producto\/endorphin-rift-mujer\/\",\"url\":\"https:\/\/www.miomiorun.com\/es\/producto\/endorphin-rift-mujer\/\",\"name\":\"Saucony Endorphin Rift mujer -zapatos para correr - MioMioRun\",\"isPartOf\":{\"@id\":\"https:\/\/www.miomiorun.com\/es\/#website\"},\"primaryImageOfPage\":{\"@id\":\"https:\/\/www.miomiorun.com\/es\/producto\/endorphin-rift-mujer\/#primaryimage\"},\"image\":{\"@id\":\"https:\/\/www.miomiorun.com\/es\/producto\/endorphin-rift-mujer\/#primaryimage\"},\"thumbnailUrl\":\"https:\/\/www.miomiorun.com\/app\/uploads\/2024\/05\/saucony-Endorphin-rift-W-fog-flax-S10856-120.webp\",\"datePublished\":\"2024-04-16T12:28:47+00:00\",\"dateModified\":\"2026-05-07T14:37:20+00:00\",\"description\":\"Velocidad total con las Endorphin Rift para mujer, que cuentan con una generosa amortiguaci\u00f3n PWRRUN PB y la tecnolog\u00eda SPEEDROLL.\",\"breadcrumb\":{\"@id\":\"https:\/\/www.miomiorun.com\/es\/producto\/endorphin-rift-mujer\/#breadcrumb\"},\"inLanguage\":\"es-ES\",\"potentialAction\":[{\"@type\":\"ReadAction\",\"target\":[\"https:\/\/www.miomiorun.com\/es\/producto\/endorphin-rift-mujer\/\"]}]},{\"@type\":\"ImageObject\",\"inLanguage\":\"es-ES\",\"@id\":\"https:\/\/www.miomiorun.com\/es\/producto\/endorphin-rift-mujer\/#primaryimage\",\"url\":\"https:\/\/www.miomiorun.com\/app\/uploads\/2024\/05\/saucony-Endorphin-rift-W-fog-flax-S10856-120.webp\",\"contentUrl\":\"https:\/\/www.miomiorun.com\/app\/uploads\/2024\/05\/saucony-Endorphin-rift-W-fog-flax-S10856-120.webp\",\"width\":600,\"height\":600,\"caption\":\"saucony Endorphin rift W fog flax S10856-120\"},{\"@type\":\"BreadcrumbList\",\"@id\":\"https:\/\/www.miomiorun.com\/es\/producto\/endorphin-rift-mujer\/#breadcrumb\",\"itemListElement\":[{\"@type\":\"ListItem\",\"position\":1,\"name\":\"Home\",\"item\":\"https:\/\/www.miomiorun.com\/es\/\"},{\"@type\":\"ListItem\",\"position\":2,\"name\":\"Shop\",\"item\":\"https:\/\/www.miomiorun.com\/shop\/\"},{\"@type\":\"ListItem\",\"position\":3,\"name\":\"Endorphin Rift mujer\"}]},{\"@type\":\"WebSite\",\"@id\":\"https:\/\/www.miomiorun.com\/es\/#website\",\"url\":\"https:\/\/www.miomiorun.com\/es\/\",\"name\":\"MioMioRun\",\"description\":\"Tienda 100% running y trail\",\"publisher\":{\"@id\":\"https:\/\/www.miomiorun.com\/es\/#organization\"},\"potentialAction\":[{\"@type\":\"SearchAction\",\"target\":{\"@type\":\"EntryPoint\",\"urlTemplate\":\"https:\/\/www.miomiorun.com\/es\/?s={search_term_string}\"},\"query-input\":{\"@type\":\"PropertyValueSpecification\",\"valueRequired\":true,\"valueName\":\"search_term_string\"}}],\"inLanguage\":\"es-ES\"},{\"@type\":\"Organization\",\"@id\":\"https:\/\/www.miomiorun.com\/es\/#organization\",\"name\":\"MioMio Run\",\"url\":\"https:\/\/www.miomiorun.com\/es\/\",\"logo\":{\"@type\":\"ImageObject\",\"inLanguage\":\"es-ES\",\"@id\":\"https:\/\/www.miomiorun.com\/es\/#\/schema\/logo\/image\/\",\"url\":\"https:\/\/www.miomiorun.com\/app\/uploads\/2019\/12\/logomio.png\",\"contentUrl\":\"https:\/\/www.miomiorun.com\/app\/uploads\/2019\/12\/logomio.png\",\"width\":115,\"height\":82,\"caption\":\"MioMio Run\"},\"image\":{\"@id\":\"https:\/\/www.miomiorun.com\/es\/#\/schema\/logo\/image\/\"},\"sameAs\":[\"https:\/\/www.facebook.com\/miomiorun\/\",\"https:\/\/www.instagram.com\/miomiorun\/\"]}]}<\/script>\n<!-- \/ Yoast SEO plugin. -->","yoast_head_json":{"title":"Saucony Endorphin Rift mujer -zapatos para correr - MioMioRun","description":"Velocidad total con las Endorphin Rift para mujer, que cuentan con una generosa amortiguaci\u00f3n PWRRUN PB y la tecnolog\u00eda SPEEDROLL.","robots":{"index":"index","follow":"follow","max-snippet":"max-snippet:-1","max-image-preview":"max-image-preview:large","max-video-preview":"max-video-preview:-1"},"canonical":"https:\/\/www.miomiorun.com\/es\/producto\/endorphin-rift-mujer\/","og_locale":"es_ES","og_type":"article","og_title":"Saucony Endorphin Rift mujer -zapatos para correr - MioMioRun","og_description":"Velocidad total con las Endorphin Rift para mujer, que cuentan con una generosa amortiguaci\u00f3n PWRRUN PB y la tecnolog\u00eda SPEEDROLL.","og_url":"https:\/\/www.miomiorun.com\/es\/producto\/endorphin-rift-mujer\/","og_site_name":"MioMioRun","article_publisher":"https:\/\/www.facebook.com\/miomiorun\/","article_modified_time":"2026-05-07T14:37:20+00:00","og_image":[{"width":600,"height":600,"url":"https:\/\/www.miomiorun.com\/app\/uploads\/2024\/05\/saucony-Endorphin-rift-W-fog-flax-S10856-120.webp","type":"image\/webp"}],"twitter_card":"summary_large_image","twitter_misc":{"Est. reading time":"2 minutes"},"schema":{"@context":"https:\/\/schema.org","@graph":[{"@type":"WebPage","@id":"https:\/\/www.miomiorun.com\/es\/producto\/endorphin-rift-mujer\/","url":"https:\/\/www.miomiorun.com\/es\/producto\/endorphin-rift-mujer\/","name":"Saucony Endorphin Rift mujer -zapatos para correr - MioMioRun","isPartOf":{"@id":"https:\/\/www.miomiorun.com\/es\/#website"},"primaryImageOfPage":{"@id":"https:\/\/www.miomiorun.com\/es\/producto\/endorphin-rift-mujer\/#primaryimage"},"image":{"@id":"https:\/\/www.miomiorun.com\/es\/producto\/endorphin-rift-mujer\/#primaryimage"},"thumbnailUrl":"https:\/\/www.miomiorun.com\/app\/uploads\/2024\/05\/saucony-Endorphin-rift-W-fog-flax-S10856-120.webp","datePublished":"2024-04-16T12:28:47+00:00","dateModified":"2026-05-07T14:37:20+00:00","description":"Velocidad total con las Endorphin Rift para mujer, que cuentan con una generosa amortiguaci\u00f3n PWRRUN PB y la tecnolog\u00eda SPEEDROLL.","breadcrumb":{"@id":"https:\/\/www.miomiorun.com\/es\/producto\/endorphin-rift-mujer\/#breadcrumb"},"inLanguage":"es-ES","potentialAction":[{"@type":"ReadAction","target":["https:\/\/www.miomiorun.com\/es\/producto\/endorphin-rift-mujer\/"]}]},{"@type":"ImageObject","inLanguage":"es-ES","@id":"https:\/\/www.miomiorun.com\/es\/producto\/endorphin-rift-mujer\/#primaryimage","url":"https:\/\/www.miomiorun.com\/app\/uploads\/2024\/05\/saucony-Endorphin-rift-W-fog-flax-S10856-120.webp","contentUrl":"https:\/\/www.miomiorun.com\/app\/uploads\/2024\/05\/saucony-Endorphin-rift-W-fog-flax-S10856-120.webp","width":600,"height":600,"caption":"saucony Endorphin rift W fog flax S10856-120"},{"@type":"BreadcrumbList","@id":"https:\/\/www.miomiorun.com\/es\/producto\/endorphin-rift-mujer\/#breadcrumb","itemListElement":[{"@type":"ListItem","position":1,"name":"Home","item":"https:\/\/www.miomiorun.com\/es\/"},{"@type":"ListItem","position":2,"name":"Shop","item":"https:\/\/www.miomiorun.com\/shop\/"},{"@type":"ListItem","position":3,"name":"Endorphin Rift mujer"}]},{"@type":"WebSite","@id":"https:\/\/www.miomiorun.com\/es\/#website","url":"https:\/\/www.miomiorun.com\/es\/","name":"MioMioRun","description":"Tienda 100% running y trail","publisher":{"@id":"https:\/\/www.miomiorun.com\/es\/#organization"},"potentialAction":[{"@type":"SearchAction","target":{"@type":"EntryPoint","urlTemplate":"https:\/\/www.miomiorun.com\/es\/?s={search_term_string}"},"query-input":{"@type":"PropertyValueSpecification","valueRequired":true,"valueName":"search_term_string"}}],"inLanguage":"es-ES"},{"@type":"Organization","@id":"https:\/\/www.miomiorun.com\/es\/#organization","name":"MioMio Run","url":"https:\/\/www.miomiorun.com\/es\/","logo":{"@type":"ImageObject","inLanguage":"es-ES","@id":"https:\/\/www.miomiorun.com\/es\/#\/schema\/logo\/image\/","url":"https:\/\/www.miomiorun.com\/app\/uploads\/2019\/12\/logomio.png","contentUrl":"https:\/\/www.miomiorun.com\/app\/uploads\/2019\/12\/logomio.png","width":115,"height":82,"caption":"MioMio Run"},"image":{"@id":"https:\/\/www.miomiorun.com\/es\/#\/schema\/logo\/image\/"},"sameAs":["https:\/\/www.facebook.com\/miomiorun\/","https:\/\/www.instagram.com\/miomiorun\/"]}]}},"_links":{"self":[{"href":"https:\/\/www.miomiorun.com\/es\/wp-json\/wp\/v2\/product\/290314","targetHints":{"allow":["GET"]}}],"collection":[{"href":"https:\/\/www.miomiorun.com\/es\/wp-json\/wp\/v2\/product"}],"about":[{"href":"https:\/\/www.miomiorun.com\/es\/wp-json\/wp\/v2\/types\/product"}],"wp:featuredmedia":[{"embeddable":true,"href":"https:\/\/www.miomiorun.com\/es\/wp-json\/wp\/v2\/media\/246905"}],"wp:attachment":[{"href":"https:\/\/www.miomiorun.com\/es\/wp-json\/wp\/v2\/media?parent=290314"}],"wp:term":[{"taxonomy":"product_brand","embeddable":true,"href":"https:\/\/www.miomiorun.com\/es\/wp-json\/wp\/v2\/product_brand?post=290314"},{"taxonomy":"product_cat","embeddable":true,"href":"https:\/\/www.miomiorun.com\/es\/wp-json\/wp\/v2\/product_cat?post=290314"},{"taxonomy":"product_tag","embeddable":true,"href":"https:\/\/www.miomiorun.com\/es\/wp-json\/wp\/v2\/product_tag?post=290314"}],"curies":[{"name":"wp","href":"https:\/\/api.w.org\/{rel}","templated":true}]}}