{"id":290237,"date":"2024-04-16T16:27:01","date_gmt":"2024-04-16T14:27:01","guid":{"rendered":"https:\/\/miomiorun.com\/prodotto\/adv-tone-tee-2-donna\/"},"modified":"2026-05-07T16:43:46","modified_gmt":"2026-05-07T14:43:46","slug":"adv-tone-tee-2-mujer","status":"publish","type":"product","link":"https:\/\/www.miomiorun.com\/es\/producto\/adv-tone-tee-2-mujer\/","title":{"rendered":"Adv Tone Tee 2 mujer"},"content":{"rendered":"<p><strong>ADV HiT Tee 2<\/strong> para mujer es una camiseta de entrenamiento altamente funcional dise\u00f1ada para entrenamientos de alta intensidad en interiores.<\/p>\n<p>Esta camiseta deportiva de \u00faltima generaci\u00f3n est\u00e1 confeccionada con un tejido de jersey de poli\u00e9ster reciclado, el\u00e1stico y de secado r\u00e1pido, que garantiza una eficaz evacuaci\u00f3n de la humedad durante las actividades f\u00edsicas intensas. Adem\u00e1s, el dise\u00f1o ergon\u00f3mico de la prenda, junto con su gran elasticidad, garantiza una excelente libertad de movimiento y una comodidad \u00f3ptima.<\/p>\n<p>Cuenta con detalles calados para una mayor ventilaci\u00f3n y una parte inferior curvada que le da un aspecto elegante.<\/p>\n<p><strong>Caracter\u00edsticas:<\/strong><\/p>\n<ul>\n<li>Tejido suave de jersey de poli\u00e9ster reciclado y elast\u00e1n<\/li>\n<li>Detalles calados en la parte delantera<\/li>\n<li>Fondo curvo<\/li>\n<li>Corte regular<\/li>\n<\/ul>\n<p>&nbsp;<\/p>\n<p><img loading=\"lazy\" decoding=\"async\" class=\"\" src=\"https:\/\/www.craftsportswear.com\/static\/media\/moisture_transport.27f437d8.svg\" alt=\"MoistureTransport\" width=\"51\" height=\"51\" \/><\/p>\n<div class=\"css-1a2wd23\">\n<p><strong>Transporte de humedad<\/strong><\/p>\n<\/div>\n<p>&nbsp;<\/p>\n<p><img loading=\"lazy\" decoding=\"async\" class=\"\" src=\"https:\/\/www.craftsportswear.com\/static\/media\/wind_protective.86c2c73c.svg\" alt=\"Stretch\" width=\"52\" height=\"52\" \/><\/p>\n<p><strong>Estiramiento<\/strong><\/p>\n<p>&nbsp;<\/p>\n<h3>Material:<\/h3>\n<p>PES reciclado<\/p>\n<div class=\"css-1a2wd23\">\n<p class=\"css-8rgusf\">Lavar a m\u00e1quina a 40 grados.<\/p>\n<\/div>\n","protected":false},"excerpt":{"rendered":"<ul>\n<li><span style=\"font-weight: 400\">Camiseta t\u00e9cnica ligera y transpirable.<\/span><\/li>\n<li>Ideal para entrenamientos de larga duraci\u00f3n y alta intensidad.<\/li>\n<\/ul>\n","protected":false},"featured_media":246599,"template":"","meta":{"_acf_changed":false,"inline_featured_image":false},"product_brand":[],"product_cat":[24226,24401,24402],"product_tag":[23553,23659],"class_list":{"0":"post-290237","1":"product","2":"type-product","3":"status-publish","4":"has-post-thumbnail","6":"product_cat-camiseta","7":"product_cat-ropa-de-mujer","8":"product_cat-mujer","9":"product_tag-craft-es","10":"product_tag-craft-mujer","11":"pa_attivita-caminar","12":"pa_attivita-fitness-es","13":"pa_attivita-running-es","14":"pa_colore-adv-tone-tee-2-w-black-es","15":"pa_marca-craft-es","16":"pa_sesso-mujer","17":"pa_size-small-es","18":"pa_size-medium-es","19":"pa_size-large-es","21":"first","22":"instock","23":"sale","24":"taxable","25":"shipping-taxable","26":"purchasable","27":"product-type-variable","28":"wvs-archive-product-wrapper"},"acf":[],"yoast_head":"<!-- This site is optimized with the Yoast SEO plugin v26.8 - https:\/\/yoast.com\/product\/yoast-seo-wordpress\/ -->\n<title>Craft Adv Tone Tee 2 mujer - Camiseta para correr - MioMioRun.com<\/title>\n<meta name=\"description\" content=\"La ADV HiT Tee 2 para mujer es una camiseta de entrenamiento altamente funcional dise\u00f1ada para sesiones de entrenamiento de alta intensidad en interiores.\" \/>\n<meta name=\"robots\" content=\"index, follow, max-snippet:-1, max-image-preview:large, max-video-preview:-1\" \/>\n<link rel=\"canonical\" href=\"https:\/\/www.miomiorun.com\/es\/producto\/adv-tone-tee-2-mujer\/\" \/>\n<meta property=\"og:locale\" content=\"es_ES\" \/>\n<meta property=\"og:type\" content=\"article\" \/>\n<meta property=\"og:title\" content=\"Craft Adv Tone Tee 2 mujer - Camiseta para correr - MioMioRun.com\" \/>\n<meta property=\"og:description\" content=\"La ADV HiT Tee 2 para mujer es una camiseta de entrenamiento altamente funcional dise\u00f1ada para sesiones de entrenamiento de alta intensidad en interiores.\" \/>\n<meta property=\"og:url\" content=\"https:\/\/www.miomiorun.com\/es\/producto\/adv-tone-tee-2-mujer\/\" \/>\n<meta property=\"og:site_name\" content=\"MioMioRun\" \/>\n<meta property=\"article:publisher\" content=\"https:\/\/www.facebook.com\/miomiorun\/\" \/>\n<meta property=\"article:modified_time\" content=\"2026-05-07T14:43:46+00:00\" \/>\n<meta property=\"og:image\" content=\"https:\/\/www.miomiorun.com\/app\/uploads\/2024\/04\/craft-ADV-tone-tee-2-W-black-1913739-999000.webp\" \/>\n\t<meta property=\"og:image:width\" content=\"600\" \/>\n\t<meta property=\"og:image:height\" content=\"600\" \/>\n\t<meta property=\"og:image:type\" content=\"image\/webp\" \/>\n<meta name=\"twitter:card\" content=\"summary_large_image\" \/>\n<meta name=\"twitter:label1\" content=\"Est. reading time\" \/>\n\t<meta name=\"twitter:data1\" content=\"1 minute\" \/>\n<script type=\"application\/ld+json\" class=\"yoast-schema-graph\">{\"@context\":\"https:\/\/schema.org\",\"@graph\":[{\"@type\":\"WebPage\",\"@id\":\"https:\/\/www.miomiorun.com\/es\/producto\/adv-tone-tee-2-mujer\/\",\"url\":\"https:\/\/www.miomiorun.com\/es\/producto\/adv-tone-tee-2-mujer\/\",\"name\":\"Craft Adv Tone Tee 2 mujer - Camiseta para correr - MioMioRun.com\",\"isPartOf\":{\"@id\":\"https:\/\/www.miomiorun.com\/es\/#website\"},\"primaryImageOfPage\":{\"@id\":\"https:\/\/www.miomiorun.com\/es\/producto\/adv-tone-tee-2-mujer\/#primaryimage\"},\"image\":{\"@id\":\"https:\/\/www.miomiorun.com\/es\/producto\/adv-tone-tee-2-mujer\/#primaryimage\"},\"thumbnailUrl\":\"https:\/\/www.miomiorun.com\/app\/uploads\/2024\/04\/craft-ADV-tone-tee-2-W-black-1913739-999000.webp\",\"datePublished\":\"2024-04-16T14:27:01+00:00\",\"dateModified\":\"2026-05-07T14:43:46+00:00\",\"description\":\"La ADV HiT Tee 2 para mujer es una camiseta de entrenamiento altamente funcional dise\u00f1ada para sesiones de entrenamiento de alta intensidad en interiores.\",\"breadcrumb\":{\"@id\":\"https:\/\/www.miomiorun.com\/es\/producto\/adv-tone-tee-2-mujer\/#breadcrumb\"},\"inLanguage\":\"es-ES\",\"potentialAction\":[{\"@type\":\"ReadAction\",\"target\":[\"https:\/\/www.miomiorun.com\/es\/producto\/adv-tone-tee-2-mujer\/\"]}]},{\"@type\":\"ImageObject\",\"inLanguage\":\"es-ES\",\"@id\":\"https:\/\/www.miomiorun.com\/es\/producto\/adv-tone-tee-2-mujer\/#primaryimage\",\"url\":\"https:\/\/www.miomiorun.com\/app\/uploads\/2024\/04\/craft-ADV-tone-tee-2-W-black-1913739-999000.webp\",\"contentUrl\":\"https:\/\/www.miomiorun.com\/app\/uploads\/2024\/04\/craft-ADV-tone-tee-2-W-black-1913739-999000.webp\",\"width\":600,\"height\":600,\"caption\":\"craft ADV tone tee 2 W black 1913739-999000\"},{\"@type\":\"BreadcrumbList\",\"@id\":\"https:\/\/www.miomiorun.com\/es\/producto\/adv-tone-tee-2-mujer\/#breadcrumb\",\"itemListElement\":[{\"@type\":\"ListItem\",\"position\":1,\"name\":\"Home\",\"item\":\"https:\/\/www.miomiorun.com\/es\/\"},{\"@type\":\"ListItem\",\"position\":2,\"name\":\"Shop\",\"item\":\"https:\/\/www.miomiorun.com\/shop\/\"},{\"@type\":\"ListItem\",\"position\":3,\"name\":\"Adv Tone Tee 2 mujer\"}]},{\"@type\":\"WebSite\",\"@id\":\"https:\/\/www.miomiorun.com\/es\/#website\",\"url\":\"https:\/\/www.miomiorun.com\/es\/\",\"name\":\"MioMioRun\",\"description\":\"Tienda 100% running y trail\",\"publisher\":{\"@id\":\"https:\/\/www.miomiorun.com\/es\/#organization\"},\"potentialAction\":[{\"@type\":\"SearchAction\",\"target\":{\"@type\":\"EntryPoint\",\"urlTemplate\":\"https:\/\/www.miomiorun.com\/es\/?s={search_term_string}\"},\"query-input\":{\"@type\":\"PropertyValueSpecification\",\"valueRequired\":true,\"valueName\":\"search_term_string\"}}],\"inLanguage\":\"es-ES\"},{\"@type\":\"Organization\",\"@id\":\"https:\/\/www.miomiorun.com\/es\/#organization\",\"name\":\"MioMio Run\",\"url\":\"https:\/\/www.miomiorun.com\/es\/\",\"logo\":{\"@type\":\"ImageObject\",\"inLanguage\":\"es-ES\",\"@id\":\"https:\/\/www.miomiorun.com\/es\/#\/schema\/logo\/image\/\",\"url\":\"https:\/\/www.miomiorun.com\/app\/uploads\/2019\/12\/logomio.png\",\"contentUrl\":\"https:\/\/www.miomiorun.com\/app\/uploads\/2019\/12\/logomio.png\",\"width\":115,\"height\":82,\"caption\":\"MioMio Run\"},\"image\":{\"@id\":\"https:\/\/www.miomiorun.com\/es\/#\/schema\/logo\/image\/\"},\"sameAs\":[\"https:\/\/www.facebook.com\/miomiorun\/\",\"https:\/\/www.instagram.com\/miomiorun\/\"]}]}<\/script>\n<!-- \/ Yoast SEO plugin. -->","yoast_head_json":{"title":"Craft Adv Tone Tee 2 mujer - Camiseta para correr - MioMioRun.com","description":"La ADV HiT Tee 2 para mujer es una camiseta de entrenamiento altamente funcional dise\u00f1ada para sesiones de entrenamiento de alta intensidad en interiores.","robots":{"index":"index","follow":"follow","max-snippet":"max-snippet:-1","max-image-preview":"max-image-preview:large","max-video-preview":"max-video-preview:-1"},"canonical":"https:\/\/www.miomiorun.com\/es\/producto\/adv-tone-tee-2-mujer\/","og_locale":"es_ES","og_type":"article","og_title":"Craft Adv Tone Tee 2 mujer - Camiseta para correr - MioMioRun.com","og_description":"La ADV HiT Tee 2 para mujer es una camiseta de entrenamiento altamente funcional dise\u00f1ada para sesiones de entrenamiento de alta intensidad en interiores.","og_url":"https:\/\/www.miomiorun.com\/es\/producto\/adv-tone-tee-2-mujer\/","og_site_name":"MioMioRun","article_publisher":"https:\/\/www.facebook.com\/miomiorun\/","article_modified_time":"2026-05-07T14:43:46+00:00","og_image":[{"width":600,"height":600,"url":"https:\/\/www.miomiorun.com\/app\/uploads\/2024\/04\/craft-ADV-tone-tee-2-W-black-1913739-999000.webp","type":"image\/webp"}],"twitter_card":"summary_large_image","twitter_misc":{"Est. reading time":"1 minute"},"schema":{"@context":"https:\/\/schema.org","@graph":[{"@type":"WebPage","@id":"https:\/\/www.miomiorun.com\/es\/producto\/adv-tone-tee-2-mujer\/","url":"https:\/\/www.miomiorun.com\/es\/producto\/adv-tone-tee-2-mujer\/","name":"Craft Adv Tone Tee 2 mujer - Camiseta para correr - MioMioRun.com","isPartOf":{"@id":"https:\/\/www.miomiorun.com\/es\/#website"},"primaryImageOfPage":{"@id":"https:\/\/www.miomiorun.com\/es\/producto\/adv-tone-tee-2-mujer\/#primaryimage"},"image":{"@id":"https:\/\/www.miomiorun.com\/es\/producto\/adv-tone-tee-2-mujer\/#primaryimage"},"thumbnailUrl":"https:\/\/www.miomiorun.com\/app\/uploads\/2024\/04\/craft-ADV-tone-tee-2-W-black-1913739-999000.webp","datePublished":"2024-04-16T14:27:01+00:00","dateModified":"2026-05-07T14:43:46+00:00","description":"La ADV HiT Tee 2 para mujer es una camiseta de entrenamiento altamente funcional dise\u00f1ada para sesiones de entrenamiento de alta intensidad en interiores.","breadcrumb":{"@id":"https:\/\/www.miomiorun.com\/es\/producto\/adv-tone-tee-2-mujer\/#breadcrumb"},"inLanguage":"es-ES","potentialAction":[{"@type":"ReadAction","target":["https:\/\/www.miomiorun.com\/es\/producto\/adv-tone-tee-2-mujer\/"]}]},{"@type":"ImageObject","inLanguage":"es-ES","@id":"https:\/\/www.miomiorun.com\/es\/producto\/adv-tone-tee-2-mujer\/#primaryimage","url":"https:\/\/www.miomiorun.com\/app\/uploads\/2024\/04\/craft-ADV-tone-tee-2-W-black-1913739-999000.webp","contentUrl":"https:\/\/www.miomiorun.com\/app\/uploads\/2024\/04\/craft-ADV-tone-tee-2-W-black-1913739-999000.webp","width":600,"height":600,"caption":"craft ADV tone tee 2 W black 1913739-999000"},{"@type":"BreadcrumbList","@id":"https:\/\/www.miomiorun.com\/es\/producto\/adv-tone-tee-2-mujer\/#breadcrumb","itemListElement":[{"@type":"ListItem","position":1,"name":"Home","item":"https:\/\/www.miomiorun.com\/es\/"},{"@type":"ListItem","position":2,"name":"Shop","item":"https:\/\/www.miomiorun.com\/shop\/"},{"@type":"ListItem","position":3,"name":"Adv Tone Tee 2 mujer"}]},{"@type":"WebSite","@id":"https:\/\/www.miomiorun.com\/es\/#website","url":"https:\/\/www.miomiorun.com\/es\/","name":"MioMioRun","description":"Tienda 100% running y trail","publisher":{"@id":"https:\/\/www.miomiorun.com\/es\/#organization"},"potentialAction":[{"@type":"SearchAction","target":{"@type":"EntryPoint","urlTemplate":"https:\/\/www.miomiorun.com\/es\/?s={search_term_string}"},"query-input":{"@type":"PropertyValueSpecification","valueRequired":true,"valueName":"search_term_string"}}],"inLanguage":"es-ES"},{"@type":"Organization","@id":"https:\/\/www.miomiorun.com\/es\/#organization","name":"MioMio Run","url":"https:\/\/www.miomiorun.com\/es\/","logo":{"@type":"ImageObject","inLanguage":"es-ES","@id":"https:\/\/www.miomiorun.com\/es\/#\/schema\/logo\/image\/","url":"https:\/\/www.miomiorun.com\/app\/uploads\/2019\/12\/logomio.png","contentUrl":"https:\/\/www.miomiorun.com\/app\/uploads\/2019\/12\/logomio.png","width":115,"height":82,"caption":"MioMio Run"},"image":{"@id":"https:\/\/www.miomiorun.com\/es\/#\/schema\/logo\/image\/"},"sameAs":["https:\/\/www.facebook.com\/miomiorun\/","https:\/\/www.instagram.com\/miomiorun\/"]}]}},"_links":{"self":[{"href":"https:\/\/www.miomiorun.com\/es\/wp-json\/wp\/v2\/product\/290237","targetHints":{"allow":["GET"]}}],"collection":[{"href":"https:\/\/www.miomiorun.com\/es\/wp-json\/wp\/v2\/product"}],"about":[{"href":"https:\/\/www.miomiorun.com\/es\/wp-json\/wp\/v2\/types\/product"}],"wp:featuredmedia":[{"embeddable":true,"href":"https:\/\/www.miomiorun.com\/es\/wp-json\/wp\/v2\/media\/246599"}],"wp:attachment":[{"href":"https:\/\/www.miomiorun.com\/es\/wp-json\/wp\/v2\/media?parent=290237"}],"wp:term":[{"taxonomy":"product_brand","embeddable":true,"href":"https:\/\/www.miomiorun.com\/es\/wp-json\/wp\/v2\/product_brand?post=290237"},{"taxonomy":"product_cat","embeddable":true,"href":"https:\/\/www.miomiorun.com\/es\/wp-json\/wp\/v2\/product_cat?post=290237"},{"taxonomy":"product_tag","embeddable":true,"href":"https:\/\/www.miomiorun.com\/es\/wp-json\/wp\/v2\/product_tag?post=290237"}],"curies":[{"name":"wp","href":"https:\/\/api.w.org\/{rel}","templated":true}]}}