{"id":290129,"date":"2024-01-30T12:05:21","date_gmt":"2024-01-30T11:05:21","guid":{"rendered":"https:\/\/miomiorun.com\/prodotto\/timp-5-donna\/"},"modified":"2026-04-20T12:31:39","modified_gmt":"2026-04-20T10:31:39","slug":"timp-5-mujer","status":"publish","type":"product","link":"https:\/\/www.miomiorun.com\/es\/producto\/timp-5-mujer\/","title":{"rendered":"Timp 5 mujer"},"content":{"rendered":"<div class=\"vc-row container\"><div class=\"vc-column\"><div class=\"vc-column-text\"><\/p>\n<p><strong>Especificaciones t\u00e9cnicas<\/strong><\/p>\n<p>Categor\u00eda: amortiguaci\u00f3n superior<br \/>\nAltura de la suela: 29 mm<br \/>\nOffset: 0 mm<br \/>\nPeso: 243 g<br \/>\nIdeal para: corredores de trail y amantes de las caminatas o carreras por la monta\u00f1a, que buscan un modelo ligero, bien amortiguado y protector, capaz de adaptarse a cualquier terreno.<br \/>\nPeso del atleta: 50-70 kg<br \/>\nRitmo de carrera: medio-r\u00e1pido (4,30-6,00 min\/km)<br \/>\n<a href=\"https:\/\/miomiorun.com\/es\/guia-especifica\/\">Gu\u00eda de especificaciones t\u00e9cnicas<\/a><\/p>\n<p><\/div><\/div><div class=\"vc-column\"><div class=\"vc-column-text\"><\/p>\n<h2>Las Timp 5 ofrecen el agarre, la comodidad y la seguridad que buscabas para tus d\u00edas de aventura por los senderos.<\/h2>\n<h3>Agarre. Ligereza. Car\u00e1cter. As\u00ed es el trail running con las nuevas Timp 5.<\/h3>\n<p>La misma comodidad de siempre, con una estructura a\u00fan m\u00e1s ligera. Peso reducido para un rendimiento m\u00e1ximo en los senderos durante todo el d\u00eda. La nueva suela adherente ofrece mayor seguridad en los terrenos m\u00e1s dif\u00edciles. Vibram\u00ae afirma que la suela <strong>Vibram\u00ae Megagrip<\/strong> est\u00e1 dise\u00f1ada para garantizar un agarre inigualable en superficies secas y mojadas.<\/p>\n<h3>Aseg\u00farate el m\u00e1ximo confort incluso en los senderos m\u00e1s dif\u00edciles con el nuevo compuesto de espuma de la entresuela Altra EGO\u2122 MAX.<\/h3>\n<p>Est\u00e1 dise\u00f1ada para ofrecer ligereza y un gran rendimiento con mayor reactividad y resistencia. Mu\u00e9vete con naturalidad. La nueva <strong>Timp 5<\/strong> para mujer te ofrece una puntera espaciosa y un drop cero para que puedas moverte con naturalidad.<\/p>\n<h3>Caracter\u00edsticas:<\/h3>\n<div id=\"product.info.feature\" class=\"details-content\" role=\"tabpanel\" data-role=\"content\" aria-hidden=\"true\">\n<ul>\n<li>Entresuela: Altra EGO\u2122 MAX<\/li>\n<li>Suela: Vibram\u00ae Megagrip<\/li>\n<li>Amortiguaci\u00f3n alta<\/li>\n<li>Parte superior de malla transpirable de secado r\u00e1pido<\/li>\n<li>Mayor reactividad y mayor resistencia<\/li>\n<li>Con su drop cero, te mover\u00e1s y correr\u00e1s de forma totalmente natural<\/li>\n<\/ul>\n<h3>Ventajas<\/h3>\n<div class=\"product-benefits swiper-slide swiper-slide-visible swiper-slide-active\">\n<div class=\"text-container\">\n<h4 class=\"title\">VIBRAM\u00ae MEGAGRIP\u2122<\/h4>\n<div id=\"ct-field-64\" class=\"ct-field ct-field-area \">\n<p><span data-sheets-value=\"{&quot;1&quot;:2,&quot;2&quot;:&quot;Un composto di gomma aderente altamente performante con un grip senza eguali su superfici bagnate ed asciutte, una solida longevit\u00e0 e un\u2019ottima capacit\u00e0 di adattamento al terreno.&quot;}\" data-sheets-userformat=\"{&quot;2&quot;:7041,&quot;3&quot;:{&quot;1&quot;:0},&quot;10&quot;:2,&quot;11&quot;:4,&quot;12&quot;:0,&quot;14&quot;:&#091;null,2,0&#093;,&quot;15&quot;:&quot;Arial, sans-serif&quot;}\">Un compuesto de goma adherente de alto rendimiento con un agarre inigualable en superficies h\u00famedas y secas, una gran durabilidad y una excelente capacidad de adaptaci\u00f3n al terreno.<\/span><\/p>\n<\/div>\n<p>&nbsp;<\/p>\n<\/div>\n<\/div>\n<div class=\"product-benefits swiper-slide swiper-slide-visible swiper-slide-next\">\n<div class=\"text-container\">\n<h4 class=\"title\">EGOMAX<\/h4>\n<div id=\"ct-field-64\" class=\"ct-field ct-field-area \">\n<p>Nuestra entresuela de espuma Altra EGO\u2122 Max ofrece un rendimiento ligero y lujoso y garantiza una mayor reactividad y resistencia.<\/p>\n<\/div>\n<\/div>\n<\/div>\n<\/div>\n<p><\/div><\/div><\/div>\n","protected":false},"excerpt":{"rendered":"<ul>\n<li>Zapatillas ideales para trail running<\/li>\n<li>S\u00faper amortiguadas<\/li>\n<li>Drop cero para un movimiento a\u00fan m\u00e1s natural<\/li>\n<\/ul>\n","protected":false},"featured_media":261935,"template":"","meta":{"_acf_changed":false,"inline_featured_image":false},"product_brand":[],"product_cat":[24415,24412],"product_tag":[23459,23674],"class_list":{"0":"post-290129","1":"product","2":"type-product","3":"status-publish","4":"has-post-thumbnail","6":"product_cat-calzado-de-mujer","7":"product_cat-trail-es-2","8":"product_tag-altra-es","9":"product_tag-altra-mujer","10":"pa_attivita-outdoor-es","11":"pa_attivita-trail-es","12":"pa_colore-timp-5-w-dusty-olive-es","13":"pa_colore-timp-5-w-neon-coral-es","14":"pa_marca-altra-es","15":"pa_sesso-mujer","16":"pa_size-38-es","18":"first","19":"instock","20":"sale","21":"taxable","22":"shipping-taxable","23":"purchasable","24":"product-type-variable","25":"wvs-archive-product-wrapper"},"acf":[],"yoast_head":"<!-- This site is optimized with the Yoast SEO plugin v26.8 - https:\/\/yoast.com\/product\/yoast-seo-wordpress\/ -->\n<title>Altra Timp 5 mujer -zapatillas de trail - MioMioRun.com<\/title>\n<meta name=\"description\" content=\"Esto es trail running con las nuevas Timp 5, con una estructura a\u00fan m\u00e1s ligera. Peso reducido y m\u00e1ximo rendimiento en los senderos.\" \/>\n<meta name=\"robots\" content=\"index, follow, max-snippet:-1, max-image-preview:large, max-video-preview:-1\" \/>\n<link rel=\"canonical\" href=\"https:\/\/www.miomiorun.com\/es\/producto\/timp-5-mujer\/\" \/>\n<meta property=\"og:locale\" content=\"es_ES\" \/>\n<meta property=\"og:type\" content=\"article\" \/>\n<meta property=\"og:title\" content=\"Altra Timp 5 mujer -zapatillas de trail - MioMioRun.com\" \/>\n<meta property=\"og:description\" content=\"Esto es trail running con las nuevas Timp 5, con una estructura a\u00fan m\u00e1s ligera. Peso reducido y m\u00e1ximo rendimiento en los senderos.\" \/>\n<meta property=\"og:url\" content=\"https:\/\/www.miomiorun.com\/es\/producto\/timp-5-mujer\/\" \/>\n<meta property=\"og:site_name\" content=\"MioMioRun\" \/>\n<meta property=\"article:publisher\" content=\"https:\/\/www.facebook.com\/miomiorun\/\" \/>\n<meta property=\"article:modified_time\" content=\"2026-04-20T10:31:39+00:00\" \/>\n<meta property=\"og:image\" content=\"https:\/\/www.miomiorun.com\/app\/uploads\/2025\/03\/altra-Timp-5-W-dusty-olive-AL0A85P63151.webp\" \/>\n\t<meta property=\"og:image:width\" content=\"600\" \/>\n\t<meta property=\"og:image:height\" content=\"600\" \/>\n\t<meta property=\"og:image:type\" content=\"image\/webp\" \/>\n<meta name=\"twitter:card\" content=\"summary_large_image\" \/>\n<meta name=\"twitter:label1\" content=\"Est. reading time\" \/>\n\t<meta name=\"twitter:data1\" content=\"2 minutes\" \/>\n<script type=\"application\/ld+json\" class=\"yoast-schema-graph\">{\"@context\":\"https:\/\/schema.org\",\"@graph\":[{\"@type\":\"WebPage\",\"@id\":\"https:\/\/www.miomiorun.com\/es\/producto\/timp-5-mujer\/\",\"url\":\"https:\/\/www.miomiorun.com\/es\/producto\/timp-5-mujer\/\",\"name\":\"Altra Timp 5 mujer -zapatillas de trail - MioMioRun.com\",\"isPartOf\":{\"@id\":\"https:\/\/www.miomiorun.com\/es\/#website\"},\"primaryImageOfPage\":{\"@id\":\"https:\/\/www.miomiorun.com\/es\/producto\/timp-5-mujer\/#primaryimage\"},\"image\":{\"@id\":\"https:\/\/www.miomiorun.com\/es\/producto\/timp-5-mujer\/#primaryimage\"},\"thumbnailUrl\":\"https:\/\/www.miomiorun.com\/app\/uploads\/2025\/03\/altra-Timp-5-W-dusty-olive-AL0A85P63151.webp\",\"datePublished\":\"2024-01-30T11:05:21+00:00\",\"dateModified\":\"2026-04-20T10:31:39+00:00\",\"description\":\"Esto es trail running con las nuevas Timp 5, con una estructura a\u00fan m\u00e1s ligera. Peso reducido y m\u00e1ximo rendimiento en los senderos.\",\"breadcrumb\":{\"@id\":\"https:\/\/www.miomiorun.com\/es\/producto\/timp-5-mujer\/#breadcrumb\"},\"inLanguage\":\"es-ES\",\"potentialAction\":[{\"@type\":\"ReadAction\",\"target\":[\"https:\/\/www.miomiorun.com\/es\/producto\/timp-5-mujer\/\"]}]},{\"@type\":\"ImageObject\",\"inLanguage\":\"es-ES\",\"@id\":\"https:\/\/www.miomiorun.com\/es\/producto\/timp-5-mujer\/#primaryimage\",\"url\":\"https:\/\/www.miomiorun.com\/app\/uploads\/2025\/03\/altra-Timp-5-W-dusty-olive-AL0A85P63151.webp\",\"contentUrl\":\"https:\/\/www.miomiorun.com\/app\/uploads\/2025\/03\/altra-Timp-5-W-dusty-olive-AL0A85P63151.webp\",\"width\":600,\"height\":600,\"caption\":\"altra Timp 5 W dusty olive AL0A85P63151\"},{\"@type\":\"BreadcrumbList\",\"@id\":\"https:\/\/www.miomiorun.com\/es\/producto\/timp-5-mujer\/#breadcrumb\",\"itemListElement\":[{\"@type\":\"ListItem\",\"position\":1,\"name\":\"Home\",\"item\":\"https:\/\/www.miomiorun.com\/es\/\"},{\"@type\":\"ListItem\",\"position\":2,\"name\":\"Shop\",\"item\":\"https:\/\/www.miomiorun.com\/shop\/\"},{\"@type\":\"ListItem\",\"position\":3,\"name\":\"Timp 5 mujer\"}]},{\"@type\":\"WebSite\",\"@id\":\"https:\/\/www.miomiorun.com\/es\/#website\",\"url\":\"https:\/\/www.miomiorun.com\/es\/\",\"name\":\"MioMioRun\",\"description\":\"Tienda 100% running y trail\",\"publisher\":{\"@id\":\"https:\/\/www.miomiorun.com\/es\/#organization\"},\"potentialAction\":[{\"@type\":\"SearchAction\",\"target\":{\"@type\":\"EntryPoint\",\"urlTemplate\":\"https:\/\/www.miomiorun.com\/es\/?s={search_term_string}\"},\"query-input\":{\"@type\":\"PropertyValueSpecification\",\"valueRequired\":true,\"valueName\":\"search_term_string\"}}],\"inLanguage\":\"es-ES\"},{\"@type\":\"Organization\",\"@id\":\"https:\/\/www.miomiorun.com\/es\/#organization\",\"name\":\"MioMio Run\",\"url\":\"https:\/\/www.miomiorun.com\/es\/\",\"logo\":{\"@type\":\"ImageObject\",\"inLanguage\":\"es-ES\",\"@id\":\"https:\/\/www.miomiorun.com\/es\/#\/schema\/logo\/image\/\",\"url\":\"https:\/\/www.miomiorun.com\/app\/uploads\/2019\/12\/logomio.png\",\"contentUrl\":\"https:\/\/www.miomiorun.com\/app\/uploads\/2019\/12\/logomio.png\",\"width\":115,\"height\":82,\"caption\":\"MioMio Run\"},\"image\":{\"@id\":\"https:\/\/www.miomiorun.com\/es\/#\/schema\/logo\/image\/\"},\"sameAs\":[\"https:\/\/www.facebook.com\/miomiorun\/\",\"https:\/\/www.instagram.com\/miomiorun\/\"]}]}<\/script>\n<!-- \/ Yoast SEO plugin. -->","yoast_head_json":{"title":"Altra Timp 5 mujer -zapatillas de trail - MioMioRun.com","description":"Esto es trail running con las nuevas Timp 5, con una estructura a\u00fan m\u00e1s ligera. Peso reducido y m\u00e1ximo rendimiento en los senderos.","robots":{"index":"index","follow":"follow","max-snippet":"max-snippet:-1","max-image-preview":"max-image-preview:large","max-video-preview":"max-video-preview:-1"},"canonical":"https:\/\/www.miomiorun.com\/es\/producto\/timp-5-mujer\/","og_locale":"es_ES","og_type":"article","og_title":"Altra Timp 5 mujer -zapatillas de trail - MioMioRun.com","og_description":"Esto es trail running con las nuevas Timp 5, con una estructura a\u00fan m\u00e1s ligera. Peso reducido y m\u00e1ximo rendimiento en los senderos.","og_url":"https:\/\/www.miomiorun.com\/es\/producto\/timp-5-mujer\/","og_site_name":"MioMioRun","article_publisher":"https:\/\/www.facebook.com\/miomiorun\/","article_modified_time":"2026-04-20T10:31:39+00:00","og_image":[{"width":600,"height":600,"url":"https:\/\/www.miomiorun.com\/app\/uploads\/2025\/03\/altra-Timp-5-W-dusty-olive-AL0A85P63151.webp","type":"image\/webp"}],"twitter_card":"summary_large_image","twitter_misc":{"Est. reading time":"2 minutes"},"schema":{"@context":"https:\/\/schema.org","@graph":[{"@type":"WebPage","@id":"https:\/\/www.miomiorun.com\/es\/producto\/timp-5-mujer\/","url":"https:\/\/www.miomiorun.com\/es\/producto\/timp-5-mujer\/","name":"Altra Timp 5 mujer -zapatillas de trail - MioMioRun.com","isPartOf":{"@id":"https:\/\/www.miomiorun.com\/es\/#website"},"primaryImageOfPage":{"@id":"https:\/\/www.miomiorun.com\/es\/producto\/timp-5-mujer\/#primaryimage"},"image":{"@id":"https:\/\/www.miomiorun.com\/es\/producto\/timp-5-mujer\/#primaryimage"},"thumbnailUrl":"https:\/\/www.miomiorun.com\/app\/uploads\/2025\/03\/altra-Timp-5-W-dusty-olive-AL0A85P63151.webp","datePublished":"2024-01-30T11:05:21+00:00","dateModified":"2026-04-20T10:31:39+00:00","description":"Esto es trail running con las nuevas Timp 5, con una estructura a\u00fan m\u00e1s ligera. Peso reducido y m\u00e1ximo rendimiento en los senderos.","breadcrumb":{"@id":"https:\/\/www.miomiorun.com\/es\/producto\/timp-5-mujer\/#breadcrumb"},"inLanguage":"es-ES","potentialAction":[{"@type":"ReadAction","target":["https:\/\/www.miomiorun.com\/es\/producto\/timp-5-mujer\/"]}]},{"@type":"ImageObject","inLanguage":"es-ES","@id":"https:\/\/www.miomiorun.com\/es\/producto\/timp-5-mujer\/#primaryimage","url":"https:\/\/www.miomiorun.com\/app\/uploads\/2025\/03\/altra-Timp-5-W-dusty-olive-AL0A85P63151.webp","contentUrl":"https:\/\/www.miomiorun.com\/app\/uploads\/2025\/03\/altra-Timp-5-W-dusty-olive-AL0A85P63151.webp","width":600,"height":600,"caption":"altra Timp 5 W dusty olive AL0A85P63151"},{"@type":"BreadcrumbList","@id":"https:\/\/www.miomiorun.com\/es\/producto\/timp-5-mujer\/#breadcrumb","itemListElement":[{"@type":"ListItem","position":1,"name":"Home","item":"https:\/\/www.miomiorun.com\/es\/"},{"@type":"ListItem","position":2,"name":"Shop","item":"https:\/\/www.miomiorun.com\/shop\/"},{"@type":"ListItem","position":3,"name":"Timp 5 mujer"}]},{"@type":"WebSite","@id":"https:\/\/www.miomiorun.com\/es\/#website","url":"https:\/\/www.miomiorun.com\/es\/","name":"MioMioRun","description":"Tienda 100% running y trail","publisher":{"@id":"https:\/\/www.miomiorun.com\/es\/#organization"},"potentialAction":[{"@type":"SearchAction","target":{"@type":"EntryPoint","urlTemplate":"https:\/\/www.miomiorun.com\/es\/?s={search_term_string}"},"query-input":{"@type":"PropertyValueSpecification","valueRequired":true,"valueName":"search_term_string"}}],"inLanguage":"es-ES"},{"@type":"Organization","@id":"https:\/\/www.miomiorun.com\/es\/#organization","name":"MioMio Run","url":"https:\/\/www.miomiorun.com\/es\/","logo":{"@type":"ImageObject","inLanguage":"es-ES","@id":"https:\/\/www.miomiorun.com\/es\/#\/schema\/logo\/image\/","url":"https:\/\/www.miomiorun.com\/app\/uploads\/2019\/12\/logomio.png","contentUrl":"https:\/\/www.miomiorun.com\/app\/uploads\/2019\/12\/logomio.png","width":115,"height":82,"caption":"MioMio Run"},"image":{"@id":"https:\/\/www.miomiorun.com\/es\/#\/schema\/logo\/image\/"},"sameAs":["https:\/\/www.facebook.com\/miomiorun\/","https:\/\/www.instagram.com\/miomiorun\/"]}]}},"_links":{"self":[{"href":"https:\/\/www.miomiorun.com\/es\/wp-json\/wp\/v2\/product\/290129","targetHints":{"allow":["GET"]}}],"collection":[{"href":"https:\/\/www.miomiorun.com\/es\/wp-json\/wp\/v2\/product"}],"about":[{"href":"https:\/\/www.miomiorun.com\/es\/wp-json\/wp\/v2\/types\/product"}],"wp:featuredmedia":[{"embeddable":true,"href":"https:\/\/www.miomiorun.com\/es\/wp-json\/wp\/v2\/media\/261935"}],"wp:attachment":[{"href":"https:\/\/www.miomiorun.com\/es\/wp-json\/wp\/v2\/media?parent=290129"}],"wp:term":[{"taxonomy":"product_brand","embeddable":true,"href":"https:\/\/www.miomiorun.com\/es\/wp-json\/wp\/v2\/product_brand?post=290129"},{"taxonomy":"product_cat","embeddable":true,"href":"https:\/\/www.miomiorun.com\/es\/wp-json\/wp\/v2\/product_cat?post=290129"},{"taxonomy":"product_tag","embeddable":true,"href":"https:\/\/www.miomiorun.com\/es\/wp-json\/wp\/v2\/product_tag?post=290129"}],"curies":[{"name":"wp","href":"https:\/\/api.w.org\/{rel}","templated":true}]}}