{"id":290083,"date":"2024-01-30T13:07:18","date_gmt":"2024-01-30T12:07:18","guid":{"rendered":"https:\/\/miomiorun.com\/prodotto\/outroad-2-donna\/"},"modified":"2026-05-08T21:59:25","modified_gmt":"2026-05-08T19:59:25","slug":"outroad-2-mujer","status":"publish","type":"product","link":"https:\/\/www.miomiorun.com\/es\/producto\/outroad-2-mujer\/","title":{"rendered":"Outroad 2 mujer"},"content":{"rendered":"<div class=\"vc-row container\"><div class=\"vc-column\"><div class=\"vc-column-text\"><\/p>\n<p><strong>Especificaciones t\u00e9cnicas<\/strong><\/p>\n<p>Categor\u00eda: amortiguaci\u00f3n moderada<br \/>\nAltura de la pila: 27 mm<br \/>\nOffset: 0 mm<br \/>\nPeso: 246 g<br \/>\nIdeal para : corredores de monta\u00f1a que buscan un modelo ligero, bien amortiguado y protector que se adapte a cualquier terreno.<br \/>\nPeso del atleta : 50-70 kg<br \/>\nRitmo de carrera : medio-r\u00e1pido (4,30-6,00 min\/km)<br \/>\n<a href=\"https:\/\/miomiorun.com\/es\/guia-especifica\/\">Gu\u00eda de especificaciones<\/a><\/p>\n<p><\/div><\/div><div class=\"vc-column\"><div class=\"vc-column-text\"><\/p>\n<h2 style=\"text-align: center;\">La nueva Outroad 2 est\u00e1 dise\u00f1ada para correr por carretera y trail ligero.<\/h2>\n<h3 style=\"text-align: center;\">De la carretera al trail, la nueva Outroad 2 est\u00e1 dise\u00f1ada para correr sin l\u00edmites.<\/h3>\n<p>La <strong>Outroad<\/strong> 2 para mujer est\u00e1 dise\u00f1ada para correr por carretera y trail ligero, esta nueva versi\u00f3n cuenta con una parte superior revisada para ofrecer lo \u00faltimo en durabilidad y comodidad. De la carretera al trail, esta zapatilla est\u00e1 dise\u00f1ada con las caracter\u00edsticas m\u00e1s apreciadas por los corredores, como la suela <strong>MaxTrac\u2122<\/strong>, la entresuela de espuma <strong>Altra EGO\u2122<\/strong> y nuestro Slim <strong>FootShape\u2122 Fit<\/strong>. Un modelo dise\u00f1ado para corredores de carretera que quieren explorar los senderos.<\/p>\n<h3>Caracter\u00edsticas:<\/h3>\n<ul>\n<li>Suela intermedia: Altra EGO\u2122<\/li>\n<li>Suela: MaxTrac\u2122.<\/li>\n<li>Amortiguaci\u00f3n: moderada<\/li>\n<li>Parte superior de malla t\u00e9cnica<\/li>\n<li>Drop zero para una conducci\u00f3n lo m\u00e1s natural posible<\/li>\n<\/ul>\n<h3>Ventajas:<\/h3>\n<div class=\"product-benefits swiper-slide swiper-slide-visible swiper-slide-active\">\n<div class=\"text-container\">\n<h4 class=\"title\">PUNTERA FOOTSHAPE<\/h4>\n<div id=\"ct-field-64\" class=\"ct-field ct-field-area\">\n<p><span data-sheets-userformat=\"{&quot;2&quot;:7043,&quot;3&quot;:{&quot;1&quot;:0},&quot;4&quot;:&#091;null,2,16777215&#093;,&quot;10&quot;:2,&quot;11&quot;:4,&quot;12&quot;:0,&quot;14&quot;:&#091;null,2,0&#093;,&quot;15&quot;:&quot;Arial, sans-serif&quot;}\" data-sheets-value=\"{&quot;1&quot;:2,&quot;2&quot;:&quot;Permette alle dita dei tuoi piedi di rilassarsi e di distendersi naturalmente, garantendoti ancora pi\u00f9 comfort e stabilit\u00e0 sia in salita che in discesa.&quot;}\">Permite que los dedos de los pies se relajen y se separen de forma natural, proporcionando a\u00fan m\u00e1s comodidad y estabilidad tanto en los ascensos como en los descensos.<\/span><\/p>\n<\/div>\n<p>&nbsp;<\/p>\n<\/div>\n<\/div>\n<div class=\"product-benefits swiper-slide swiper-slide-visible swiper-slide-next\">\n<div class=\"text-container\">\n<h4 class=\"title\">AMORTIGUACI\u00d3N EQUILIBRADA<\/h4>\n<div id=\"ct-field-64\" class=\"ct-field ct-field-area\">\n<p>La plataforma Balanced Cushioning\u2122 permite que el tal\u00f3n y el antepi\u00e9 se sit\u00faen a un nivel equidistante del suelo para mejorar el posicionamiento y la alineaci\u00f3n y amortiguar el impacto contra el suelo.<\/p>\n<\/div>\n<p>&nbsp;<\/p>\n<\/div>\n<\/div>\n<div class=\"product-benefits swiper-slide swiper-slide-visible\">\n<div class=\"text-container\">\n<h4 class=\"title\">OTRO EGO\u2122<\/h4>\n<div id=\"ct-field-64\" class=\"ct-field ct-field-area\">\n<p><span data-sheets-userformat=\"{&quot;2&quot;:7041,&quot;3&quot;:{&quot;1&quot;:0},&quot;10&quot;:2,&quot;11&quot;:4,&quot;12&quot;:0,&quot;14&quot;:&#091;null,2,0&#093;,&quot;15&quot;:&quot;Arial, sans-serif&quot;}\" data-sheets-value=\"{&quot;1&quot;:2,&quot;2&quot;:&quot;Intersuola doppia abbinata ad una sensazione reattiva, ma delicata che garantisce una forza di rimbalzo ancora pi\u00f9 vigorosa.&quot;}\">Entresuela dual combinada con una sensaci\u00f3n de respuesta, pero suave, para una fuerza de rebote a\u00fan mayor.<\/span><\/p>\n<\/div>\n<p>&nbsp;<\/p>\n<\/div>\n<\/div>\n<div class=\"product-benefits swiper-slide swiper-slide-visible\">\n<div class=\"text-container\">\n<h4 class=\"title\">MAXTRAC\u2122<\/h4>\n<div id=\"ct-field-64\" class=\"ct-field ct-field-area\">\n<p><span data-sheets-userformat=\"{&quot;2&quot;:7041,&quot;3&quot;:{&quot;1&quot;:0},&quot;10&quot;:2,&quot;11&quot;:4,&quot;12&quot;:0,&quot;14&quot;:&#091;null,2,0&#093;,&quot;15&quot;:&quot;Arial, sans-serif&quot;}\" data-sheets-value=\"{&quot;1&quot;:2,&quot;2&quot;:&quot;Una combinazione perfetta tra grip, trazione e durevolezza che divorer\u00e0 i terreni impervi come un tiranno.&quot;}\">Una combinaci\u00f3n perfecta de agarre, tracci\u00f3n y durabilidad que devorar\u00e1 los terrenos abruptos como un tirano.<\/span><\/p>\n<\/div>\n<\/div>\n<\/div>\n<p><\/div><\/div><\/div>\n","protected":false},"excerpt":{"rendered":"<ul>\n<li>Ideal para todos los corredores que disfrutan corriendo tanto por carretera como por senderos de monta\u00f1a<\/li>\n<li>Amortiguaci\u00f3n moderada<\/li>\n<li>Drop zero para que tus carreras sean m\u00e1s naturales<\/li>\n<\/ul>\n","protected":false},"featured_media":245671,"template":"","meta":{"_acf_changed":false,"inline_featured_image":false},"product_brand":[],"product_cat":[24227,24230],"product_tag":[23459,23674],"class_list":{"0":"post-290083","1":"product","2":"type-product","3":"status-publish","4":"has-post-thumbnail","6":"product_cat-calzado-femenino","7":"product_cat-trail-es","8":"product_tag-altra-es","9":"product_tag-altra-mujer","10":"pa_attivita-caminar","11":"pa_attivita-running-es","12":"pa_attivita-trail-es","13":"pa_colore-outroad-2-w-yellow-es","14":"pa_marca-altra-es","15":"pa_sesso-mujer","16":"pa_size-38-es","18":"first","19":"instock","20":"taxable","21":"shipping-taxable","22":"purchasable","23":"product-type-variable","24":"wvs-archive-product-wrapper"},"acf":[],"yoast_head":"<!-- This site is optimized with the Yoast SEO plugin v26.8 - https:\/\/yoast.com\/product\/yoast-seo-wordpress\/ -->\n<title>Altra Outroad 2 mujer -zapatillas de trail - MioMioRun.com<\/title>\n<meta name=\"description\" content=\"La Outroad 2 para mujer est\u00e1 dise\u00f1ada para correr por carretera y senderos ligeros e incorpora una parte superior revisada para ofrecer el m\u00e1ximo\" \/>\n<meta name=\"robots\" content=\"index, follow, max-snippet:-1, max-image-preview:large, max-video-preview:-1\" \/>\n<link rel=\"canonical\" href=\"https:\/\/www.miomiorun.com\/es\/producto\/outroad-2-mujer\/\" \/>\n<meta property=\"og:locale\" content=\"es_ES\" \/>\n<meta property=\"og:type\" content=\"article\" \/>\n<meta property=\"og:title\" content=\"Altra Outroad 2 mujer -zapatillas de trail - MioMioRun.com\" \/>\n<meta property=\"og:description\" content=\"La Outroad 2 para mujer est\u00e1 dise\u00f1ada para correr por carretera y senderos ligeros e incorpora una parte superior revisada para ofrecer el m\u00e1ximo\" \/>\n<meta property=\"og:url\" content=\"https:\/\/www.miomiorun.com\/es\/producto\/outroad-2-mujer\/\" \/>\n<meta property=\"og:site_name\" content=\"MioMioRun\" \/>\n<meta property=\"article:publisher\" content=\"https:\/\/www.facebook.com\/miomiorun\/\" \/>\n<meta property=\"article:modified_time\" content=\"2026-05-08T19:59:25+00:00\" \/>\n<meta property=\"og:image\" content=\"https:\/\/www.miomiorun.com\/app\/uploads\/2024\/03\/altra-Outroad-2-W-yellow-AL0A82CY7701.webp\" \/>\n\t<meta property=\"og:image:width\" content=\"600\" \/>\n\t<meta property=\"og:image:height\" content=\"600\" \/>\n\t<meta property=\"og:image:type\" content=\"image\/webp\" \/>\n<meta name=\"twitter:card\" content=\"summary_large_image\" \/>\n<meta name=\"twitter:label1\" content=\"Est. reading time\" \/>\n\t<meta name=\"twitter:data1\" content=\"2 minutes\" \/>\n<script type=\"application\/ld+json\" class=\"yoast-schema-graph\">{\"@context\":\"https:\/\/schema.org\",\"@graph\":[{\"@type\":\"WebPage\",\"@id\":\"https:\/\/www.miomiorun.com\/es\/producto\/outroad-2-mujer\/\",\"url\":\"https:\/\/www.miomiorun.com\/es\/producto\/outroad-2-mujer\/\",\"name\":\"Altra Outroad 2 mujer -zapatillas de trail - MioMioRun.com\",\"isPartOf\":{\"@id\":\"https:\/\/www.miomiorun.com\/es\/#website\"},\"primaryImageOfPage\":{\"@id\":\"https:\/\/www.miomiorun.com\/es\/producto\/outroad-2-mujer\/#primaryimage\"},\"image\":{\"@id\":\"https:\/\/www.miomiorun.com\/es\/producto\/outroad-2-mujer\/#primaryimage\"},\"thumbnailUrl\":\"https:\/\/www.miomiorun.com\/app\/uploads\/2024\/03\/altra-Outroad-2-W-yellow-AL0A82CY7701.webp\",\"datePublished\":\"2024-01-30T12:07:18+00:00\",\"dateModified\":\"2026-05-08T19:59:25+00:00\",\"description\":\"La Outroad 2 para mujer est\u00e1 dise\u00f1ada para correr por carretera y senderos ligeros e incorpora una parte superior revisada para ofrecer el m\u00e1ximo\",\"breadcrumb\":{\"@id\":\"https:\/\/www.miomiorun.com\/es\/producto\/outroad-2-mujer\/#breadcrumb\"},\"inLanguage\":\"es-ES\",\"potentialAction\":[{\"@type\":\"ReadAction\",\"target\":[\"https:\/\/www.miomiorun.com\/es\/producto\/outroad-2-mujer\/\"]}]},{\"@type\":\"ImageObject\",\"inLanguage\":\"es-ES\",\"@id\":\"https:\/\/www.miomiorun.com\/es\/producto\/outroad-2-mujer\/#primaryimage\",\"url\":\"https:\/\/www.miomiorun.com\/app\/uploads\/2024\/03\/altra-Outroad-2-W-yellow-AL0A82CY7701.webp\",\"contentUrl\":\"https:\/\/www.miomiorun.com\/app\/uploads\/2024\/03\/altra-Outroad-2-W-yellow-AL0A82CY7701.webp\",\"width\":600,\"height\":600,\"caption\":\"altra Outroad 2 W yellow AL0A82CY7701\"},{\"@type\":\"BreadcrumbList\",\"@id\":\"https:\/\/www.miomiorun.com\/es\/producto\/outroad-2-mujer\/#breadcrumb\",\"itemListElement\":[{\"@type\":\"ListItem\",\"position\":1,\"name\":\"Home\",\"item\":\"https:\/\/www.miomiorun.com\/es\/\"},{\"@type\":\"ListItem\",\"position\":2,\"name\":\"Shop\",\"item\":\"https:\/\/www.miomiorun.com\/shop\/\"},{\"@type\":\"ListItem\",\"position\":3,\"name\":\"Outroad 2 mujer\"}]},{\"@type\":\"WebSite\",\"@id\":\"https:\/\/www.miomiorun.com\/es\/#website\",\"url\":\"https:\/\/www.miomiorun.com\/es\/\",\"name\":\"MioMioRun\",\"description\":\"Tienda 100% running y trail\",\"publisher\":{\"@id\":\"https:\/\/www.miomiorun.com\/es\/#organization\"},\"potentialAction\":[{\"@type\":\"SearchAction\",\"target\":{\"@type\":\"EntryPoint\",\"urlTemplate\":\"https:\/\/www.miomiorun.com\/es\/?s={search_term_string}\"},\"query-input\":{\"@type\":\"PropertyValueSpecification\",\"valueRequired\":true,\"valueName\":\"search_term_string\"}}],\"inLanguage\":\"es-ES\"},{\"@type\":\"Organization\",\"@id\":\"https:\/\/www.miomiorun.com\/es\/#organization\",\"name\":\"MioMio Run\",\"url\":\"https:\/\/www.miomiorun.com\/es\/\",\"logo\":{\"@type\":\"ImageObject\",\"inLanguage\":\"es-ES\",\"@id\":\"https:\/\/www.miomiorun.com\/es\/#\/schema\/logo\/image\/\",\"url\":\"https:\/\/www.miomiorun.com\/app\/uploads\/2019\/12\/logomio.png\",\"contentUrl\":\"https:\/\/www.miomiorun.com\/app\/uploads\/2019\/12\/logomio.png\",\"width\":115,\"height\":82,\"caption\":\"MioMio Run\"},\"image\":{\"@id\":\"https:\/\/www.miomiorun.com\/es\/#\/schema\/logo\/image\/\"},\"sameAs\":[\"https:\/\/www.facebook.com\/miomiorun\/\",\"https:\/\/www.instagram.com\/miomiorun\/\"]}]}<\/script>\n<!-- \/ Yoast SEO plugin. -->","yoast_head_json":{"title":"Altra Outroad 2 mujer -zapatillas de trail - MioMioRun.com","description":"La Outroad 2 para mujer est\u00e1 dise\u00f1ada para correr por carretera y senderos ligeros e incorpora una parte superior revisada para ofrecer el m\u00e1ximo","robots":{"index":"index","follow":"follow","max-snippet":"max-snippet:-1","max-image-preview":"max-image-preview:large","max-video-preview":"max-video-preview:-1"},"canonical":"https:\/\/www.miomiorun.com\/es\/producto\/outroad-2-mujer\/","og_locale":"es_ES","og_type":"article","og_title":"Altra Outroad 2 mujer -zapatillas de trail - MioMioRun.com","og_description":"La Outroad 2 para mujer est\u00e1 dise\u00f1ada para correr por carretera y senderos ligeros e incorpora una parte superior revisada para ofrecer el m\u00e1ximo","og_url":"https:\/\/www.miomiorun.com\/es\/producto\/outroad-2-mujer\/","og_site_name":"MioMioRun","article_publisher":"https:\/\/www.facebook.com\/miomiorun\/","article_modified_time":"2026-05-08T19:59:25+00:00","og_image":[{"width":600,"height":600,"url":"https:\/\/www.miomiorun.com\/app\/uploads\/2024\/03\/altra-Outroad-2-W-yellow-AL0A82CY7701.webp","type":"image\/webp"}],"twitter_card":"summary_large_image","twitter_misc":{"Est. reading time":"2 minutes"},"schema":{"@context":"https:\/\/schema.org","@graph":[{"@type":"WebPage","@id":"https:\/\/www.miomiorun.com\/es\/producto\/outroad-2-mujer\/","url":"https:\/\/www.miomiorun.com\/es\/producto\/outroad-2-mujer\/","name":"Altra Outroad 2 mujer -zapatillas de trail - MioMioRun.com","isPartOf":{"@id":"https:\/\/www.miomiorun.com\/es\/#website"},"primaryImageOfPage":{"@id":"https:\/\/www.miomiorun.com\/es\/producto\/outroad-2-mujer\/#primaryimage"},"image":{"@id":"https:\/\/www.miomiorun.com\/es\/producto\/outroad-2-mujer\/#primaryimage"},"thumbnailUrl":"https:\/\/www.miomiorun.com\/app\/uploads\/2024\/03\/altra-Outroad-2-W-yellow-AL0A82CY7701.webp","datePublished":"2024-01-30T12:07:18+00:00","dateModified":"2026-05-08T19:59:25+00:00","description":"La Outroad 2 para mujer est\u00e1 dise\u00f1ada para correr por carretera y senderos ligeros e incorpora una parte superior revisada para ofrecer el m\u00e1ximo","breadcrumb":{"@id":"https:\/\/www.miomiorun.com\/es\/producto\/outroad-2-mujer\/#breadcrumb"},"inLanguage":"es-ES","potentialAction":[{"@type":"ReadAction","target":["https:\/\/www.miomiorun.com\/es\/producto\/outroad-2-mujer\/"]}]},{"@type":"ImageObject","inLanguage":"es-ES","@id":"https:\/\/www.miomiorun.com\/es\/producto\/outroad-2-mujer\/#primaryimage","url":"https:\/\/www.miomiorun.com\/app\/uploads\/2024\/03\/altra-Outroad-2-W-yellow-AL0A82CY7701.webp","contentUrl":"https:\/\/www.miomiorun.com\/app\/uploads\/2024\/03\/altra-Outroad-2-W-yellow-AL0A82CY7701.webp","width":600,"height":600,"caption":"altra Outroad 2 W yellow AL0A82CY7701"},{"@type":"BreadcrumbList","@id":"https:\/\/www.miomiorun.com\/es\/producto\/outroad-2-mujer\/#breadcrumb","itemListElement":[{"@type":"ListItem","position":1,"name":"Home","item":"https:\/\/www.miomiorun.com\/es\/"},{"@type":"ListItem","position":2,"name":"Shop","item":"https:\/\/www.miomiorun.com\/shop\/"},{"@type":"ListItem","position":3,"name":"Outroad 2 mujer"}]},{"@type":"WebSite","@id":"https:\/\/www.miomiorun.com\/es\/#website","url":"https:\/\/www.miomiorun.com\/es\/","name":"MioMioRun","description":"Tienda 100% running y trail","publisher":{"@id":"https:\/\/www.miomiorun.com\/es\/#organization"},"potentialAction":[{"@type":"SearchAction","target":{"@type":"EntryPoint","urlTemplate":"https:\/\/www.miomiorun.com\/es\/?s={search_term_string}"},"query-input":{"@type":"PropertyValueSpecification","valueRequired":true,"valueName":"search_term_string"}}],"inLanguage":"es-ES"},{"@type":"Organization","@id":"https:\/\/www.miomiorun.com\/es\/#organization","name":"MioMio Run","url":"https:\/\/www.miomiorun.com\/es\/","logo":{"@type":"ImageObject","inLanguage":"es-ES","@id":"https:\/\/www.miomiorun.com\/es\/#\/schema\/logo\/image\/","url":"https:\/\/www.miomiorun.com\/app\/uploads\/2019\/12\/logomio.png","contentUrl":"https:\/\/www.miomiorun.com\/app\/uploads\/2019\/12\/logomio.png","width":115,"height":82,"caption":"MioMio Run"},"image":{"@id":"https:\/\/www.miomiorun.com\/es\/#\/schema\/logo\/image\/"},"sameAs":["https:\/\/www.facebook.com\/miomiorun\/","https:\/\/www.instagram.com\/miomiorun\/"]}]}},"_links":{"self":[{"href":"https:\/\/www.miomiorun.com\/es\/wp-json\/wp\/v2\/product\/290083","targetHints":{"allow":["GET"]}}],"collection":[{"href":"https:\/\/www.miomiorun.com\/es\/wp-json\/wp\/v2\/product"}],"about":[{"href":"https:\/\/www.miomiorun.com\/es\/wp-json\/wp\/v2\/types\/product"}],"wp:featuredmedia":[{"embeddable":true,"href":"https:\/\/www.miomiorun.com\/es\/wp-json\/wp\/v2\/media\/245671"}],"wp:attachment":[{"href":"https:\/\/www.miomiorun.com\/es\/wp-json\/wp\/v2\/media?parent=290083"}],"wp:term":[{"taxonomy":"product_brand","embeddable":true,"href":"https:\/\/www.miomiorun.com\/es\/wp-json\/wp\/v2\/product_brand?post=290083"},{"taxonomy":"product_cat","embeddable":true,"href":"https:\/\/www.miomiorun.com\/es\/wp-json\/wp\/v2\/product_cat?post=290083"},{"taxonomy":"product_tag","embeddable":true,"href":"https:\/\/www.miomiorun.com\/es\/wp-json\/wp\/v2\/product_tag?post=290083"}],"curies":[{"name":"wp","href":"https:\/\/api.w.org\/{rel}","templated":true}]}}