{"id":289886,"date":"2024-02-06T14:28:09","date_gmt":"2024-02-06T13:28:09","guid":{"rendered":"https:\/\/miomiorun.com\/prodotto\/fusion-4-0-uomo\/"},"modified":"2026-02-25T12:23:49","modified_gmt":"2026-02-25T11:23:49","slug":"fusion-4-0-hombre","status":"publish","type":"product","link":"https:\/\/www.miomiorun.com\/es\/producto\/fusion-4-0-hombre\/","title":{"rendered":"Fusion 4.0 hombre"},"content":{"rendered":"<div class=\"vc-row container\"><div class=\"vc-column\"><div class=\"vc-column-text\"><\/p>\n<h4>Especificaciones t\u00e9cnicas<\/h4>\n<p>Categor\u00eda: Excelente amortiguaci\u00f3n.<br \/>\nOffset: 6 mm.<br \/>\nPeso: 302 g<br \/>\nIdeal para: corredores que buscan una zapatilla con buena amortiguaci\u00f3n y excelente estabilidad, con una transici\u00f3n fluida, para carreras de media y larga distancia.<br \/>\nPeso del atleta: 75-85 kg<br \/>\nRitmo de carrera: medio (5,00-6,00 min\/km)<br \/>\n<a href=\"https:\/\/miomiorun.com\/es\/guia-especifica\/\">Gu\u00eda de especificaciones t\u00e9cnicas<\/a><\/p>\n<p><\/div><\/div><div class=\"vc-column\"><div class=\"vc-column-text\">Las KARHU <strong>Fusion 4.0<\/strong> para hombre ofrecen una carrera suave y propulsora, ideal para corredores neutros. Las nuevas incorporaciones y ajustes realizados en las Fusion 4.0 hacen que estas zapatillas sean excepcionales a la hora de acelerar sin interrupciones la transici\u00f3n del tal\u00f3n a la puntera, lo que garantiza una experiencia reactiva bajo el pie independientemente del ritmo.<\/p>\n<p>Esta actualizaci\u00f3n utiliza la suave malla <strong>IdealKnit<\/strong> para mejorar la transpirabilidad y la comodidad. Lo m\u00e1s importante es la incorporaci\u00f3n de la nueva espuma AeroFoam inyectada con nitr\u00f3geno en la entresuela. Esta espuma actualizada ofrece un mayor rebote, mientras que la incorporaci\u00f3n de un canal de deflexi\u00f3n en la parte inferior de la entresuela ayuda a absorber los impactos y garantiza una experiencia m\u00e1s amortiguada.<\/p>\n<h2 style=\"text-align: center\">Las KARHU Fusion 4.0 son las zapatillas todoterreno por excelencia para los corredores que buscan una combinaci\u00f3n \u00fanica de comodidad, reactividad y rendimiento.<\/h2>\n<p><strong>Caracter\u00edsticas:<\/strong><\/p>\n<ul>\n<li>Unidad de propulsi\u00f3n + Fulcrum<\/li>\n<li>IdealKnit<\/li>\n<li>Ortix Fit<\/li>\n<li>Entresuela de AeroFoam con inyecci\u00f3n de nitr\u00f3geno<\/li>\n<li>Sistema de cordones M-Lock<\/li>\n<\/ul>\n<p><strong>TECNOLOG\u00cdA<\/strong><\/p>\n<p>&nbsp;<\/p>\n<p><img loading=\"lazy\" decoding=\"async\" class=\"\" src=\"https:\/\/cdn.shopify.com\/s\/files\/1\/0519\/4570\/1549\/files\/fulcrum_800x.png?v=1612961012\" width=\"205\" height=\"91\"><\/p>\n<p>La tecnolog\u00eda KARHU Fulcrum est\u00e1 dise\u00f1ada para mantener todas las fuerzas hacia adelante, reduciendo las fuerzas de frenado y utilizando la energ\u00eda natural de tu cuerpo para crear una conducci\u00f3n m\u00e1s fluida. Es lo que llamamos Efecto Rolling. La tecnolog\u00eda Fulcrum proporciona: amortiguaci\u00f3n equilibrada, mayor soporte y m\u00e1s energ\u00eda. El Fusion presenta un punto de apoyo de tres cuartos de longitud.<\/div><\/div><\/div>\n","protected":false},"excerpt":{"rendered":"<ul>\n<li>Zapatilla con amortiguaci\u00f3n superior.<\/li>\n<li>Tecnolog\u00eda Fulcrum.<\/li>\n<li>Entresuela con infusi\u00f3n de nitr\u00f3geno.<\/li>\n<\/ul>\n","protected":false},"featured_media":245689,"template":"","meta":{"_acf_changed":false,"inline_featured_image":false},"product_brand":[],"product_cat":[24468,24467],"product_tag":[23475,23603],"class_list":{"0":"post-289886","1":"product","2":"type-product","3":"status-publish","4":"has-post-thumbnail","6":"product_cat-calzado-para-hombre-es","7":"product_cat-neutre-es-4","8":"product_tag-karhu-es","9":"product_tag-karhu-hombre","10":"pa_attivita-caminar","11":"pa_attivita-fitness-es","12":"pa_attivita-running-es","13":"pa_colore-fusion-4-0-lunar-rock-turmeric-es","14":"pa_colore-fusion-4-0-m-black-stormy-weather-es","15":"pa_colore-fusion-4-0-m-ibiza-blue-mood-indigo-es","16":"pa_colore-fusion-4-0-mood-indigo-stone-blue-es","17":"pa_marca-karhu-es","18":"pa_sesso-hombre","19":"pa_size-41-5-es","20":"pa_size-42-es","21":"pa_size-46-5-es","23":"first","24":"instock","25":"sale","26":"taxable","27":"shipping-taxable","28":"purchasable","29":"product-type-variable","30":"wvs-archive-product-wrapper"},"acf":[],"yoast_head":"<!-- This site is optimized with the Yoast SEO plugin v26.8 - https:\/\/yoast.com\/product\/yoast-seo-wordpress\/ -->\n<title>Karhu Fusion 4.0 hombre - zapatillas de running hombre - MioMioRun<\/title>\n<meta name=\"description\" content=\"Las KARHU Fusion 4.0 para hombre ofrecen una pisada suave y propulsora ideal para corredores neutros. Nueva espuma AeroFoam inyectada con nitr\u00f3geno en la entresuela.\" \/>\n<meta name=\"robots\" content=\"index, follow, max-snippet:-1, max-image-preview:large, max-video-preview:-1\" \/>\n<link rel=\"canonical\" href=\"https:\/\/www.miomiorun.com\/es\/producto\/fusion-4-0-hombre\/\" \/>\n<meta property=\"og:locale\" content=\"es_ES\" \/>\n<meta property=\"og:type\" content=\"article\" \/>\n<meta property=\"og:title\" content=\"Karhu Fusion 4.0 hombre - zapatillas de running hombre - MioMioRun\" \/>\n<meta property=\"og:description\" content=\"Las KARHU Fusion 4.0 para hombre ofrecen una pisada suave y propulsora ideal para corredores neutros. Nueva espuma AeroFoam inyectada con nitr\u00f3geno en la entresuela.\" \/>\n<meta property=\"og:url\" content=\"https:\/\/www.miomiorun.com\/es\/producto\/fusion-4-0-hombre\/\" \/>\n<meta property=\"og:site_name\" content=\"MioMioRun\" \/>\n<meta property=\"article:publisher\" content=\"https:\/\/www.facebook.com\/miomiorun\/\" \/>\n<meta property=\"article:modified_time\" content=\"2026-02-25T11:23:49+00:00\" \/>\n<meta property=\"og:image\" content=\"https:\/\/www.miomiorun.com\/app\/uploads\/2024\/03\/karhu-Fusion-4.0-M-summer-green-black-F101007.webp\" \/>\n\t<meta property=\"og:image:width\" content=\"600\" \/>\n\t<meta property=\"og:image:height\" content=\"600\" \/>\n\t<meta property=\"og:image:type\" content=\"image\/webp\" \/>\n<meta name=\"twitter:card\" content=\"summary_large_image\" \/>\n<meta name=\"twitter:label1\" content=\"Est. reading time\" \/>\n\t<meta name=\"twitter:data1\" content=\"2 minutes\" \/>\n<script type=\"application\/ld+json\" class=\"yoast-schema-graph\">{\"@context\":\"https:\/\/schema.org\",\"@graph\":[{\"@type\":\"WebPage\",\"@id\":\"https:\/\/www.miomiorun.com\/es\/producto\/fusion-4-0-hombre\/\",\"url\":\"https:\/\/www.miomiorun.com\/es\/producto\/fusion-4-0-hombre\/\",\"name\":\"Karhu Fusion 4.0 hombre - zapatillas de running hombre - MioMioRun\",\"isPartOf\":{\"@id\":\"https:\/\/www.miomiorun.com\/es\/#website\"},\"primaryImageOfPage\":{\"@id\":\"https:\/\/www.miomiorun.com\/es\/producto\/fusion-4-0-hombre\/#primaryimage\"},\"image\":{\"@id\":\"https:\/\/www.miomiorun.com\/es\/producto\/fusion-4-0-hombre\/#primaryimage\"},\"thumbnailUrl\":\"https:\/\/www.miomiorun.com\/app\/uploads\/2024\/03\/karhu-Fusion-4.0-M-summer-green-black-F101007.webp\",\"datePublished\":\"2024-02-06T13:28:09+00:00\",\"dateModified\":\"2026-02-25T11:23:49+00:00\",\"description\":\"Las KARHU Fusion 4.0 para hombre ofrecen una pisada suave y propulsora ideal para corredores neutros. Nueva espuma AeroFoam inyectada con nitr\u00f3geno en la entresuela.\",\"breadcrumb\":{\"@id\":\"https:\/\/www.miomiorun.com\/es\/producto\/fusion-4-0-hombre\/#breadcrumb\"},\"inLanguage\":\"es-ES\",\"potentialAction\":[{\"@type\":\"ReadAction\",\"target\":[\"https:\/\/www.miomiorun.com\/es\/producto\/fusion-4-0-hombre\/\"]}]},{\"@type\":\"ImageObject\",\"inLanguage\":\"es-ES\",\"@id\":\"https:\/\/www.miomiorun.com\/es\/producto\/fusion-4-0-hombre\/#primaryimage\",\"url\":\"https:\/\/www.miomiorun.com\/app\/uploads\/2024\/03\/karhu-Fusion-4.0-M-summer-green-black-F101007.webp\",\"contentUrl\":\"https:\/\/www.miomiorun.com\/app\/uploads\/2024\/03\/karhu-Fusion-4.0-M-summer-green-black-F101007.webp\",\"width\":600,\"height\":600,\"caption\":\"karhu Fusion 4.0 M summer green black F101007\"},{\"@type\":\"BreadcrumbList\",\"@id\":\"https:\/\/www.miomiorun.com\/es\/producto\/fusion-4-0-hombre\/#breadcrumb\",\"itemListElement\":[{\"@type\":\"ListItem\",\"position\":1,\"name\":\"Home\",\"item\":\"https:\/\/www.miomiorun.com\/es\/\"},{\"@type\":\"ListItem\",\"position\":2,\"name\":\"Shop\",\"item\":\"https:\/\/www.miomiorun.com\/shop\/\"},{\"@type\":\"ListItem\",\"position\":3,\"name\":\"Fusion 4.0 hombre\"}]},{\"@type\":\"WebSite\",\"@id\":\"https:\/\/www.miomiorun.com\/es\/#website\",\"url\":\"https:\/\/www.miomiorun.com\/es\/\",\"name\":\"MioMioRun\",\"description\":\"Tienda 100% running y trail\",\"publisher\":{\"@id\":\"https:\/\/www.miomiorun.com\/es\/#organization\"},\"potentialAction\":[{\"@type\":\"SearchAction\",\"target\":{\"@type\":\"EntryPoint\",\"urlTemplate\":\"https:\/\/www.miomiorun.com\/es\/?s={search_term_string}\"},\"query-input\":{\"@type\":\"PropertyValueSpecification\",\"valueRequired\":true,\"valueName\":\"search_term_string\"}}],\"inLanguage\":\"es-ES\"},{\"@type\":\"Organization\",\"@id\":\"https:\/\/www.miomiorun.com\/es\/#organization\",\"name\":\"MioMio Run\",\"url\":\"https:\/\/www.miomiorun.com\/es\/\",\"logo\":{\"@type\":\"ImageObject\",\"inLanguage\":\"es-ES\",\"@id\":\"https:\/\/www.miomiorun.com\/es\/#\/schema\/logo\/image\/\",\"url\":\"https:\/\/www.miomiorun.com\/app\/uploads\/2019\/12\/logomio.png\",\"contentUrl\":\"https:\/\/www.miomiorun.com\/app\/uploads\/2019\/12\/logomio.png\",\"width\":115,\"height\":82,\"caption\":\"MioMio Run\"},\"image\":{\"@id\":\"https:\/\/www.miomiorun.com\/es\/#\/schema\/logo\/image\/\"},\"sameAs\":[\"https:\/\/www.facebook.com\/miomiorun\/\",\"https:\/\/www.instagram.com\/miomiorun\/\"]}]}<\/script>\n<!-- \/ Yoast SEO plugin. -->","yoast_head_json":{"title":"Karhu Fusion 4.0 hombre - zapatillas de running hombre - MioMioRun","description":"Las KARHU Fusion 4.0 para hombre ofrecen una pisada suave y propulsora ideal para corredores neutros. Nueva espuma AeroFoam inyectada con nitr\u00f3geno en la entresuela.","robots":{"index":"index","follow":"follow","max-snippet":"max-snippet:-1","max-image-preview":"max-image-preview:large","max-video-preview":"max-video-preview:-1"},"canonical":"https:\/\/www.miomiorun.com\/es\/producto\/fusion-4-0-hombre\/","og_locale":"es_ES","og_type":"article","og_title":"Karhu Fusion 4.0 hombre - zapatillas de running hombre - MioMioRun","og_description":"Las KARHU Fusion 4.0 para hombre ofrecen una pisada suave y propulsora ideal para corredores neutros. Nueva espuma AeroFoam inyectada con nitr\u00f3geno en la entresuela.","og_url":"https:\/\/www.miomiorun.com\/es\/producto\/fusion-4-0-hombre\/","og_site_name":"MioMioRun","article_publisher":"https:\/\/www.facebook.com\/miomiorun\/","article_modified_time":"2026-02-25T11:23:49+00:00","og_image":[{"width":600,"height":600,"url":"https:\/\/www.miomiorun.com\/app\/uploads\/2024\/03\/karhu-Fusion-4.0-M-summer-green-black-F101007.webp","type":"image\/webp"}],"twitter_card":"summary_large_image","twitter_misc":{"Est. reading time":"2 minutes"},"schema":{"@context":"https:\/\/schema.org","@graph":[{"@type":"WebPage","@id":"https:\/\/www.miomiorun.com\/es\/producto\/fusion-4-0-hombre\/","url":"https:\/\/www.miomiorun.com\/es\/producto\/fusion-4-0-hombre\/","name":"Karhu Fusion 4.0 hombre - zapatillas de running hombre - MioMioRun","isPartOf":{"@id":"https:\/\/www.miomiorun.com\/es\/#website"},"primaryImageOfPage":{"@id":"https:\/\/www.miomiorun.com\/es\/producto\/fusion-4-0-hombre\/#primaryimage"},"image":{"@id":"https:\/\/www.miomiorun.com\/es\/producto\/fusion-4-0-hombre\/#primaryimage"},"thumbnailUrl":"https:\/\/www.miomiorun.com\/app\/uploads\/2024\/03\/karhu-Fusion-4.0-M-summer-green-black-F101007.webp","datePublished":"2024-02-06T13:28:09+00:00","dateModified":"2026-02-25T11:23:49+00:00","description":"Las KARHU Fusion 4.0 para hombre ofrecen una pisada suave y propulsora ideal para corredores neutros. Nueva espuma AeroFoam inyectada con nitr\u00f3geno en la entresuela.","breadcrumb":{"@id":"https:\/\/www.miomiorun.com\/es\/producto\/fusion-4-0-hombre\/#breadcrumb"},"inLanguage":"es-ES","potentialAction":[{"@type":"ReadAction","target":["https:\/\/www.miomiorun.com\/es\/producto\/fusion-4-0-hombre\/"]}]},{"@type":"ImageObject","inLanguage":"es-ES","@id":"https:\/\/www.miomiorun.com\/es\/producto\/fusion-4-0-hombre\/#primaryimage","url":"https:\/\/www.miomiorun.com\/app\/uploads\/2024\/03\/karhu-Fusion-4.0-M-summer-green-black-F101007.webp","contentUrl":"https:\/\/www.miomiorun.com\/app\/uploads\/2024\/03\/karhu-Fusion-4.0-M-summer-green-black-F101007.webp","width":600,"height":600,"caption":"karhu Fusion 4.0 M summer green black F101007"},{"@type":"BreadcrumbList","@id":"https:\/\/www.miomiorun.com\/es\/producto\/fusion-4-0-hombre\/#breadcrumb","itemListElement":[{"@type":"ListItem","position":1,"name":"Home","item":"https:\/\/www.miomiorun.com\/es\/"},{"@type":"ListItem","position":2,"name":"Shop","item":"https:\/\/www.miomiorun.com\/shop\/"},{"@type":"ListItem","position":3,"name":"Fusion 4.0 hombre"}]},{"@type":"WebSite","@id":"https:\/\/www.miomiorun.com\/es\/#website","url":"https:\/\/www.miomiorun.com\/es\/","name":"MioMioRun","description":"Tienda 100% running y trail","publisher":{"@id":"https:\/\/www.miomiorun.com\/es\/#organization"},"potentialAction":[{"@type":"SearchAction","target":{"@type":"EntryPoint","urlTemplate":"https:\/\/www.miomiorun.com\/es\/?s={search_term_string}"},"query-input":{"@type":"PropertyValueSpecification","valueRequired":true,"valueName":"search_term_string"}}],"inLanguage":"es-ES"},{"@type":"Organization","@id":"https:\/\/www.miomiorun.com\/es\/#organization","name":"MioMio Run","url":"https:\/\/www.miomiorun.com\/es\/","logo":{"@type":"ImageObject","inLanguage":"es-ES","@id":"https:\/\/www.miomiorun.com\/es\/#\/schema\/logo\/image\/","url":"https:\/\/www.miomiorun.com\/app\/uploads\/2019\/12\/logomio.png","contentUrl":"https:\/\/www.miomiorun.com\/app\/uploads\/2019\/12\/logomio.png","width":115,"height":82,"caption":"MioMio Run"},"image":{"@id":"https:\/\/www.miomiorun.com\/es\/#\/schema\/logo\/image\/"},"sameAs":["https:\/\/www.facebook.com\/miomiorun\/","https:\/\/www.instagram.com\/miomiorun\/"]}]}},"_links":{"self":[{"href":"https:\/\/www.miomiorun.com\/es\/wp-json\/wp\/v2\/product\/289886","targetHints":{"allow":["GET"]}}],"collection":[{"href":"https:\/\/www.miomiorun.com\/es\/wp-json\/wp\/v2\/product"}],"about":[{"href":"https:\/\/www.miomiorun.com\/es\/wp-json\/wp\/v2\/types\/product"}],"wp:featuredmedia":[{"embeddable":true,"href":"https:\/\/www.miomiorun.com\/es\/wp-json\/wp\/v2\/media\/245689"}],"wp:attachment":[{"href":"https:\/\/www.miomiorun.com\/es\/wp-json\/wp\/v2\/media?parent=289886"}],"wp:term":[{"taxonomy":"product_brand","embeddable":true,"href":"https:\/\/www.miomiorun.com\/es\/wp-json\/wp\/v2\/product_brand?post=289886"},{"taxonomy":"product_cat","embeddable":true,"href":"https:\/\/www.miomiorun.com\/es\/wp-json\/wp\/v2\/product_cat?post=289886"},{"taxonomy":"product_tag","embeddable":true,"href":"https:\/\/www.miomiorun.com\/es\/wp-json\/wp\/v2\/product_tag?post=289886"}],"curies":[{"name":"wp","href":"https:\/\/api.w.org\/{rel}","templated":true}]}}