{"id":289721,"date":"2024-02-08T14:54:22","date_gmt":"2024-02-08T13:54:22","guid":{"rendered":"https:\/\/miomiorun.com\/prodotto\/bushido-iii-uomo\/"},"modified":"2026-03-05T18:21:12","modified_gmt":"2026-03-05T17:21:12","slug":"bushido-iii-hombre","status":"publish","type":"product","link":"https:\/\/www.miomiorun.com\/es\/producto\/bushido-iii-hombre\/","title":{"rendered":"Bushido III hombre"},"content":{"rendered":"<div class=\"vc-row container\"><div class=\"vc-column\"><div class=\"vc-column-text\"><\/p>\n<p><strong>Especificaciones t\u00e9cnicas<\/strong><\/p>\n<p>Categor\u00eda: amortiguaci\u00f3n media<br \/>\nOffset: 6 mm<br \/>\nPeso: 300 g<br \/>\nIdeal para: amantes del running y el senderismo de monta\u00f1a que buscan un modelo vers\u00e1til capaz de garantizar tracci\u00f3n, protecci\u00f3n y comodidad, tanto en distancias largas como medias.<br \/>\nPeso del atleta: 65-80 kg<br \/>\nRitmo de carrera: medio-lento (5,00 min\/km)<br \/>\n<a href=\"https:\/\/miomiorun.com\/es\/guia-especifica\/\">Gu\u00eda de especificaciones t\u00e9cnicas<\/a><\/p>\n<p><\/div><\/div><div class=\"vc-column\"><div class=\"vc-column-text\"><\/p>\n<h3 style=\"text-align: center\">Prep\u00e1rate para conquistar los senderos m\u00e1s t\u00e9cnicos con las nuevas zapatillas Bushido III Mountain Running\u00ae.<\/h3>\n<p>Basada en la incre\u00edble herencia de diez a\u00f1os de la Bushido original, esta versi\u00f3n actualizada presenta un nuevo dise\u00f1o de suela y mezcla de goma, una est\u00e9tica renovada y una mayor transpirabilidad. Tanto si eres un corredor de trail experimentado como si est\u00e1s empezando, la <strong>Bushido III<\/strong> para hombre es una elecci\u00f3n f\u00e1cil si quieres llevar tu rendimiento al siguiente nivel.<\/p>\n<p><strong>Caracter\u00edsticas:<\/strong><\/p>\n<ul>\n<li>Paneles laterales actualizados para una mayor transpirabilidad.<\/li>\n<li>La estructura slip-on envuelve el pie como un calcet\u00edn sin comprimirlo ni ejercer puntos de presi\u00f3n.<\/li>\n<li>Suela renovada con un aspecto agresivo y una tracci\u00f3n a\u00fan mejor. <\/li>\n<li>Las aletas de la suela envuelven la entresuela para proporcionar una mayor tracci\u00f3n y una mejor estabilidad en terrenos irregulares.<\/li>\n<li>La suela de doble compuesto Frixion\u00ae red presenta diferentes superficies de contacto que garantizan la m\u00e1xima adherencia en todo tipo de terrenos.<\/li>\n<\/ul>\n<h3 style=\"text-align: center\">Tecnolog\u00edas<\/h3>\n<h3>Materiales ECO<\/h3>\n<p>Calzado fabricado con materiales reciclados o ecol\u00f3gicamente responsables.<\/p>\n<h3>Vegano<\/h3>\n<p>Los productos no contienen materiales de origen animal.<\/p>\n<h3>FriXion\u00ae Red<\/h3>\n<p>Doble mezcla de goma con goma m\u00e1s adherente en el centro y goma resistente en los laterales de la suela.<\/p>\n<h3>Ortholite\u00ae Hybrid\u2122<\/h3>\n<p>Plantilla ecol\u00f3gica y lavable fabricada con c\u00e9lulas de espuma de PU transpirable y resistente y goma reciclada.<\/p>\n<h3>Sistema de frenado Impact Brake\u2122<\/h3>\n<p>Dise\u00f1o de c\u00edrculos con \u00e1ngulos inclinados y opuestos para reducir las fuerzas de impacto y aumentar la tracci\u00f3n. <\/div><\/div><\/div>\n","protected":false},"excerpt":{"rendered":"<ul>\n<li>Zapatillas de trail<\/li>\n<li>Ideales para correr por la monta\u00f1a<\/li>\n<\/ul>\n","protected":false},"featured_media":245839,"template":"","meta":{"_acf_changed":false,"inline_featured_image":false},"product_brand":[],"product_cat":[24454,24451],"product_tag":[23598,23600],"class_list":{"0":"post-289721","1":"product","2":"type-product","3":"status-publish","4":"has-post-thumbnail","6":"product_cat-calzado-para-hombre","7":"product_cat-trail-es-3","8":"product_tag-la-sportiva-es","9":"product_tag-la-sportiva-hombre","10":"pa_attivita-outdoor-es","11":"pa_attivita-trail-es","12":"pa_colore-bushido-iii-carbon-bamboo-es","13":"pa_colore-bushido-iii-cherry-tomato-sangria-es","14":"pa_colore-bushido-iii-cypress-mountain-red-es","15":"pa_colore-bushido-iii-deep-sea-cherry-tomato-es","16":"pa_marca-la-sportiva-es","17":"pa_sesso-hombre","18":"pa_size-41-es","19":"pa_size-41-5-es","20":"pa_size-42-es","21":"pa_size-42-5-es","22":"pa_size-43-es","23":"pa_size-43-5-es","24":"pa_size-44-es","25":"pa_size-44-5-es","26":"pa_size-45-es","27":"pa_size-45-5-es","28":"pa_size-46-es","30":"first","31":"instock","32":"sale","33":"taxable","34":"shipping-taxable","35":"purchasable","36":"product-type-variable","37":"wvs-archive-product-wrapper"},"acf":[],"yoast_head":"<!-- This site is optimized with the Yoast SEO plugin v26.8 - https:\/\/yoast.com\/product\/yoast-seo-wordpress\/ -->\n<title>La sportiva Bushido III hombre -zapatillas de trail hombre - MioMioRun .com<\/title>\n<meta name=\"description\" content=\"Tanto si eres un corredor de trail experimentado como si est\u00e1s empezando, las Bushido III para hombre son una elecci\u00f3n f\u00e1cil si quieres llevar tu rendimiento al siguiente nivel.\" \/>\n<meta name=\"robots\" content=\"index, follow, max-snippet:-1, max-image-preview:large, max-video-preview:-1\" \/>\n<link rel=\"canonical\" href=\"https:\/\/www.miomiorun.com\/es\/producto\/bushido-iii-hombre\/\" \/>\n<meta property=\"og:locale\" content=\"es_ES\" \/>\n<meta property=\"og:type\" content=\"article\" \/>\n<meta property=\"og:title\" content=\"La sportiva Bushido III hombre -zapatillas de trail hombre - MioMioRun .com\" \/>\n<meta property=\"og:description\" content=\"Tanto si eres un corredor de trail experimentado como si est\u00e1s empezando, las Bushido III para hombre son una elecci\u00f3n f\u00e1cil si quieres llevar tu rendimiento al siguiente nivel.\" \/>\n<meta property=\"og:url\" content=\"https:\/\/www.miomiorun.com\/es\/producto\/bushido-iii-hombre\/\" \/>\n<meta property=\"og:site_name\" content=\"MioMioRun\" \/>\n<meta property=\"article:publisher\" content=\"https:\/\/www.facebook.com\/miomiorun\/\" \/>\n<meta property=\"article:modified_time\" content=\"2026-03-05T17:21:12+00:00\" \/>\n<meta property=\"og:image\" content=\"https:\/\/www.miomiorun.com\/app\/uploads\/2024\/03\/La-Sportiva-bushido-III-black-yellow-56S999100.jpg\" \/>\n\t<meta property=\"og:image:width\" content=\"600\" \/>\n\t<meta property=\"og:image:height\" content=\"600\" \/>\n\t<meta property=\"og:image:type\" content=\"image\/jpeg\" \/>\n<meta name=\"twitter:card\" content=\"summary_large_image\" \/>\n<meta name=\"twitter:label1\" content=\"Est. reading time\" \/>\n\t<meta name=\"twitter:data1\" content=\"2 minutes\" \/>\n<script type=\"application\/ld+json\" class=\"yoast-schema-graph\">{\"@context\":\"https:\/\/schema.org\",\"@graph\":[{\"@type\":\"WebPage\",\"@id\":\"https:\/\/www.miomiorun.com\/es\/producto\/bushido-iii-hombre\/\",\"url\":\"https:\/\/www.miomiorun.com\/es\/producto\/bushido-iii-hombre\/\",\"name\":\"La sportiva Bushido III hombre -zapatillas de trail hombre - MioMioRun .com\",\"isPartOf\":{\"@id\":\"https:\/\/www.miomiorun.com\/es\/#website\"},\"primaryImageOfPage\":{\"@id\":\"https:\/\/www.miomiorun.com\/es\/producto\/bushido-iii-hombre\/#primaryimage\"},\"image\":{\"@id\":\"https:\/\/www.miomiorun.com\/es\/producto\/bushido-iii-hombre\/#primaryimage\"},\"thumbnailUrl\":\"https:\/\/www.miomiorun.com\/app\/uploads\/2024\/03\/La-Sportiva-bushido-III-black-yellow-56S999100.jpg\",\"datePublished\":\"2024-02-08T13:54:22+00:00\",\"dateModified\":\"2026-03-05T17:21:12+00:00\",\"description\":\"Tanto si eres un corredor de trail experimentado como si est\u00e1s empezando, las Bushido III para hombre son una elecci\u00f3n f\u00e1cil si quieres llevar tu rendimiento al siguiente nivel.\",\"breadcrumb\":{\"@id\":\"https:\/\/www.miomiorun.com\/es\/producto\/bushido-iii-hombre\/#breadcrumb\"},\"inLanguage\":\"es-ES\",\"potentialAction\":[{\"@type\":\"ReadAction\",\"target\":[\"https:\/\/www.miomiorun.com\/es\/producto\/bushido-iii-hombre\/\"]}]},{\"@type\":\"ImageObject\",\"inLanguage\":\"es-ES\",\"@id\":\"https:\/\/www.miomiorun.com\/es\/producto\/bushido-iii-hombre\/#primaryimage\",\"url\":\"https:\/\/www.miomiorun.com\/app\/uploads\/2024\/03\/La-Sportiva-bushido-III-black-yellow-56S999100.jpg\",\"contentUrl\":\"https:\/\/www.miomiorun.com\/app\/uploads\/2024\/03\/La-Sportiva-bushido-III-black-yellow-56S999100.jpg\",\"width\":600,\"height\":600,\"caption\":\"La-Sportiva-bushido-III-black-yellow-56S999100\"},{\"@type\":\"BreadcrumbList\",\"@id\":\"https:\/\/www.miomiorun.com\/es\/producto\/bushido-iii-hombre\/#breadcrumb\",\"itemListElement\":[{\"@type\":\"ListItem\",\"position\":1,\"name\":\"Home\",\"item\":\"https:\/\/www.miomiorun.com\/es\/\"},{\"@type\":\"ListItem\",\"position\":2,\"name\":\"Shop\",\"item\":\"https:\/\/www.miomiorun.com\/shop\/\"},{\"@type\":\"ListItem\",\"position\":3,\"name\":\"Bushido III hombre\"}]},{\"@type\":\"WebSite\",\"@id\":\"https:\/\/www.miomiorun.com\/es\/#website\",\"url\":\"https:\/\/www.miomiorun.com\/es\/\",\"name\":\"MioMioRun\",\"description\":\"Tienda 100% running y trail\",\"publisher\":{\"@id\":\"https:\/\/www.miomiorun.com\/es\/#organization\"},\"potentialAction\":[{\"@type\":\"SearchAction\",\"target\":{\"@type\":\"EntryPoint\",\"urlTemplate\":\"https:\/\/www.miomiorun.com\/es\/?s={search_term_string}\"},\"query-input\":{\"@type\":\"PropertyValueSpecification\",\"valueRequired\":true,\"valueName\":\"search_term_string\"}}],\"inLanguage\":\"es-ES\"},{\"@type\":\"Organization\",\"@id\":\"https:\/\/www.miomiorun.com\/es\/#organization\",\"name\":\"MioMio Run\",\"url\":\"https:\/\/www.miomiorun.com\/es\/\",\"logo\":{\"@type\":\"ImageObject\",\"inLanguage\":\"es-ES\",\"@id\":\"https:\/\/www.miomiorun.com\/es\/#\/schema\/logo\/image\/\",\"url\":\"https:\/\/www.miomiorun.com\/app\/uploads\/2019\/12\/logomio.png\",\"contentUrl\":\"https:\/\/www.miomiorun.com\/app\/uploads\/2019\/12\/logomio.png\",\"width\":115,\"height\":82,\"caption\":\"MioMio Run\"},\"image\":{\"@id\":\"https:\/\/www.miomiorun.com\/es\/#\/schema\/logo\/image\/\"},\"sameAs\":[\"https:\/\/www.facebook.com\/miomiorun\/\",\"https:\/\/www.instagram.com\/miomiorun\/\"]}]}<\/script>\n<!-- \/ Yoast SEO plugin. -->","yoast_head_json":{"title":"La sportiva Bushido III hombre -zapatillas de trail hombre - MioMioRun .com","description":"Tanto si eres un corredor de trail experimentado como si est\u00e1s empezando, las Bushido III para hombre son una elecci\u00f3n f\u00e1cil si quieres llevar tu rendimiento al siguiente nivel.","robots":{"index":"index","follow":"follow","max-snippet":"max-snippet:-1","max-image-preview":"max-image-preview:large","max-video-preview":"max-video-preview:-1"},"canonical":"https:\/\/www.miomiorun.com\/es\/producto\/bushido-iii-hombre\/","og_locale":"es_ES","og_type":"article","og_title":"La sportiva Bushido III hombre -zapatillas de trail hombre - MioMioRun .com","og_description":"Tanto si eres un corredor de trail experimentado como si est\u00e1s empezando, las Bushido III para hombre son una elecci\u00f3n f\u00e1cil si quieres llevar tu rendimiento al siguiente nivel.","og_url":"https:\/\/www.miomiorun.com\/es\/producto\/bushido-iii-hombre\/","og_site_name":"MioMioRun","article_publisher":"https:\/\/www.facebook.com\/miomiorun\/","article_modified_time":"2026-03-05T17:21:12+00:00","og_image":[{"width":600,"height":600,"url":"https:\/\/www.miomiorun.com\/app\/uploads\/2024\/03\/La-Sportiva-bushido-III-black-yellow-56S999100.jpg","type":"image\/jpeg"}],"twitter_card":"summary_large_image","twitter_misc":{"Est. reading time":"2 minutes"},"schema":{"@context":"https:\/\/schema.org","@graph":[{"@type":"WebPage","@id":"https:\/\/www.miomiorun.com\/es\/producto\/bushido-iii-hombre\/","url":"https:\/\/www.miomiorun.com\/es\/producto\/bushido-iii-hombre\/","name":"La sportiva Bushido III hombre -zapatillas de trail hombre - MioMioRun .com","isPartOf":{"@id":"https:\/\/www.miomiorun.com\/es\/#website"},"primaryImageOfPage":{"@id":"https:\/\/www.miomiorun.com\/es\/producto\/bushido-iii-hombre\/#primaryimage"},"image":{"@id":"https:\/\/www.miomiorun.com\/es\/producto\/bushido-iii-hombre\/#primaryimage"},"thumbnailUrl":"https:\/\/www.miomiorun.com\/app\/uploads\/2024\/03\/La-Sportiva-bushido-III-black-yellow-56S999100.jpg","datePublished":"2024-02-08T13:54:22+00:00","dateModified":"2026-03-05T17:21:12+00:00","description":"Tanto si eres un corredor de trail experimentado como si est\u00e1s empezando, las Bushido III para hombre son una elecci\u00f3n f\u00e1cil si quieres llevar tu rendimiento al siguiente nivel.","breadcrumb":{"@id":"https:\/\/www.miomiorun.com\/es\/producto\/bushido-iii-hombre\/#breadcrumb"},"inLanguage":"es-ES","potentialAction":[{"@type":"ReadAction","target":["https:\/\/www.miomiorun.com\/es\/producto\/bushido-iii-hombre\/"]}]},{"@type":"ImageObject","inLanguage":"es-ES","@id":"https:\/\/www.miomiorun.com\/es\/producto\/bushido-iii-hombre\/#primaryimage","url":"https:\/\/www.miomiorun.com\/app\/uploads\/2024\/03\/La-Sportiva-bushido-III-black-yellow-56S999100.jpg","contentUrl":"https:\/\/www.miomiorun.com\/app\/uploads\/2024\/03\/La-Sportiva-bushido-III-black-yellow-56S999100.jpg","width":600,"height":600,"caption":"La-Sportiva-bushido-III-black-yellow-56S999100"},{"@type":"BreadcrumbList","@id":"https:\/\/www.miomiorun.com\/es\/producto\/bushido-iii-hombre\/#breadcrumb","itemListElement":[{"@type":"ListItem","position":1,"name":"Home","item":"https:\/\/www.miomiorun.com\/es\/"},{"@type":"ListItem","position":2,"name":"Shop","item":"https:\/\/www.miomiorun.com\/shop\/"},{"@type":"ListItem","position":3,"name":"Bushido III hombre"}]},{"@type":"WebSite","@id":"https:\/\/www.miomiorun.com\/es\/#website","url":"https:\/\/www.miomiorun.com\/es\/","name":"MioMioRun","description":"Tienda 100% running y trail","publisher":{"@id":"https:\/\/www.miomiorun.com\/es\/#organization"},"potentialAction":[{"@type":"SearchAction","target":{"@type":"EntryPoint","urlTemplate":"https:\/\/www.miomiorun.com\/es\/?s={search_term_string}"},"query-input":{"@type":"PropertyValueSpecification","valueRequired":true,"valueName":"search_term_string"}}],"inLanguage":"es-ES"},{"@type":"Organization","@id":"https:\/\/www.miomiorun.com\/es\/#organization","name":"MioMio Run","url":"https:\/\/www.miomiorun.com\/es\/","logo":{"@type":"ImageObject","inLanguage":"es-ES","@id":"https:\/\/www.miomiorun.com\/es\/#\/schema\/logo\/image\/","url":"https:\/\/www.miomiorun.com\/app\/uploads\/2019\/12\/logomio.png","contentUrl":"https:\/\/www.miomiorun.com\/app\/uploads\/2019\/12\/logomio.png","width":115,"height":82,"caption":"MioMio Run"},"image":{"@id":"https:\/\/www.miomiorun.com\/es\/#\/schema\/logo\/image\/"},"sameAs":["https:\/\/www.facebook.com\/miomiorun\/","https:\/\/www.instagram.com\/miomiorun\/"]}]}},"_links":{"self":[{"href":"https:\/\/www.miomiorun.com\/es\/wp-json\/wp\/v2\/product\/289721","targetHints":{"allow":["GET"]}}],"collection":[{"href":"https:\/\/www.miomiorun.com\/es\/wp-json\/wp\/v2\/product"}],"about":[{"href":"https:\/\/www.miomiorun.com\/es\/wp-json\/wp\/v2\/types\/product"}],"wp:featuredmedia":[{"embeddable":true,"href":"https:\/\/www.miomiorun.com\/es\/wp-json\/wp\/v2\/media\/245839"}],"wp:attachment":[{"href":"https:\/\/www.miomiorun.com\/es\/wp-json\/wp\/v2\/media?parent=289721"}],"wp:term":[{"taxonomy":"product_brand","embeddable":true,"href":"https:\/\/www.miomiorun.com\/es\/wp-json\/wp\/v2\/product_brand?post=289721"},{"taxonomy":"product_cat","embeddable":true,"href":"https:\/\/www.miomiorun.com\/es\/wp-json\/wp\/v2\/product_cat?post=289721"},{"taxonomy":"product_tag","embeddable":true,"href":"https:\/\/www.miomiorun.com\/es\/wp-json\/wp\/v2\/product_tag?post=289721"}],"curies":[{"name":"wp","href":"https:\/\/api.w.org\/{rel}","templated":true}]}}