{"id":289656,"date":"2024-02-08T14:25:41","date_gmt":"2024-02-08T13:25:41","guid":{"rendered":"https:\/\/miomiorun.com\/prodotto\/timp-hiker-gore-tex-uomo\/"},"modified":"2026-04-23T19:23:15","modified_gmt":"2026-04-23T17:23:15","slug":"timp-hiker-gore-tex-uomo","status":"publish","type":"product","link":"https:\/\/www.miomiorun.com\/es\/producto\/timp-hiker-gore-tex-uomo\/","title":{"rendered":"Timp Hiker Gore-Tex hombre"},"content":{"rendered":"<div class=\"vc-row container\"><div class=\"vc-column\"><div class=\"vc-column-text\"><\/p>\n<p><strong>Especificaciones t\u00e9cnicas<\/strong><\/p>\n<p>Categor\u00eda: amortiguaci\u00f3n superior<br \/>\nAltura de la suela: 29 mm<br \/>\nDesnivel: 0 mm<br \/>\nPeso: 402 g<br \/>\nIdeal para: corredores de trail y amantes de las caminatas por la monta\u00f1a que buscan una zapatilla de trekking impermeable, ligera, con buena amortiguaci\u00f3n y protectora, capaz de adaptarse a cualquier terreno y hacer frente a las inclemencias del tiempo.<br \/>\nPeso del deportista: 60-90 kg<br \/>\nRitmo de carrera: medio-r\u00e1pido (4,30-6,00 min\/km)<br \/>\n<a href=\"https:\/\/miomiorun.com\/guida-alle-specifiche-tecniche\/\">Gu\u00eda de especificaciones t\u00e9cnicas<\/a><\/p>\n<p><\/div><\/div><div class=\"vc-column\"><div class=\"vc-column-text\"><\/p>\n<h3>Toda la amortiguaci\u00f3n, la comodidad y el agarre de las Timp de trail, en una bota de senderismo impermeable. Desaf\u00eda las inclemencias del tiempo y explora sin l\u00edmites.<\/h3>\n<p>Las condiciones nunca son perfectas en los senderos. Pero con las <strong>Timp Hiker Gore-Tex<\/strong> para hombre, ya no tendr\u00e1s que temer a las inclemencias del tiempo. Este modelo cuenta con la misma entresuela con amortiguaci\u00f3n Altra <strong>EGO\u2122 MAX<\/strong> y la suela <strong>Vibram\u00ae Megagrip<\/strong> que las Timp de running. Adem\u00e1s, cuenta con tecnolog\u00eda impermeable <strong>GORE-TEX<\/strong>, probada para garantizar resistencia, impermeabilidad, protecci\u00f3n contra el viento y transpirabilidad. La parte superior ligera, el soporte a media tobillo y los insertos de piel alrededor de la puntera ofrecen mayor protecci\u00f3n y resistencia. Mu\u00e9vete con naturalidad. La Timp Hiker Gore-Tex te ofrece una puntera espaciosa y un drop cero. \u00bfImpermeable, antideslizante y c\u00f3moda? No le tengas miedo a la lluvia. Sigue caminando.<\/p>\n<p><strong>Caracter\u00edsticas:<\/strong><\/p>\n<ul>\n<li>Suela intermedia: Altra EGO\u2122 MAX<\/li>\n<li>Suela: Vibram\u00ae Megagrip<\/li>\n<li>Amortiguaci\u00f3n: alta<\/li>\n<li>Empeine: tejido GORE-TEX<\/li>\n<\/ul>\n<h3>Tecnolog\u00edas<\/h3>\n<div class=\"product-benefits swiper-slide swiper-slide-active swiper-slide-visible\">\n<div class=\"text-container\">\n<h4 class=\"title\">VIBRAM\u00ae MEGAGRIP\u2122<\/h4>\n<p class=\"text\"><span data-sheets-value=\"{&quot;1&quot;:2,&quot;2&quot;:&quot;Un composto di gomma aderente altamente performante con un grip senza eguali su superfici bagnate ed asciutte, una solida longevit\u00e0 e un\u2019ottima capacit\u00e0 di adattamento al terreno.&quot;}\" data-sheets-userformat=\"{&quot;2&quot;:7041,&quot;3&quot;:{&quot;1&quot;:0},&quot;10&quot;:2,&quot;11&quot;:4,&quot;12&quot;:0,&quot;14&quot;:&#091;null,2,0&#093;,&quot;15&quot;:&quot;Arial, sans-serif&quot;}\">Una mezcla de goma de alto rendimiento que ofrece un agarre inigualable tanto en superficies mojadas como secas, una gran durabilidad y una excelente capacidad de adaptaci\u00f3n al terreno.<\/span><\/p>\n<h4>EGOMAX<\/h4>\n<\/div>\n<\/div>\n<div class=\"product-benefits swiper-slide swiper-slide-next swiper-slide-visible\">\n<div class=\"text-container\">\n<p class=\"text\">Nuestra entresuela de espuma Altra EGO\u2122 Max ofrece un rendimiento ligero y lujoso, y garantiza una mayor reactividad y resistencia.<\/p>\n<h4>TECNOLOG\u00cdA DE LOS PRODUCTOS GORE-TEX<\/h4>\n<\/div>\n<\/div>\n<div class=\"product-benefits swiper-slide swiper-slide-visible\">\n<div class=\"text-container\">\n<p class=\"text\">Probado para garantizar resistencia, impermeabilidad, protecci\u00f3n contra el viento y transpirabilidad, gracias a la tecnolog\u00eda GORE-TEX GUARANTEED TO KEEP YOU DRY\u2122.<\/p>\n<h4>Ajuste natural<\/h4>\n<\/div>\n<\/div>\n<div class=\"product-benefits swiper-slide swiper-slide-visible\">\n<div class=\"text-container\">\n<p class=\"text\"><span data-sheets-value=\"{&quot;1&quot;:2,&quot;2&quot;:&quot;Con un puntale spazioso e un drop da zero a basso, le nostre scarpe sono realizzate per correre nel massimo comfort. Muoviti naturalmente.&quot;}\" data-sheets-userformat=\"{&quot;2&quot;:7043,&quot;3&quot;:{&quot;1&quot;:0},&quot;4&quot;:&#091;null,2,16777215&#093;,&quot;10&quot;:2,&quot;11&quot;:4,&quot;12&quot;:0,&quot;14&quot;:&#091;null,2,0&#093;,&quot;15&quot;:&quot;Arial, sans-serif&quot;}\">Con una puntera espaciosa y un drop de cero a bajo, nuestras zapatillas est\u00e1n dise\u00f1adas para correr con la m\u00e1xima comodidad. Mu\u00e9vete con naturalidad.<\/span><\/p>\n<\/div>\n<\/div>\n<p><\/div><\/div><\/div>\n","protected":false},"excerpt":{"rendered":"<ul>\n<li>Botas de monta\u00f1a de Gore-Tex.<\/li>\n<li>Ideal para largas caminatas por los senderos.<\/li>\n<\/ul>\n","protected":false},"featured_media":245365,"template":"","meta":{"_acf_changed":false,"inline_featured_image":false},"product_brand":[],"product_cat":[24454,24451],"product_tag":[23459,23673],"class_list":{"0":"post-289656","1":"product","2":"type-product","3":"status-publish","4":"has-post-thumbnail","6":"product_cat-calzado-para-hombre","7":"product_cat-trail-es-3","8":"product_tag-altra-es","9":"product_tag-altra-hombre","10":"pa_attivita-outdoor-es","11":"pa_colore-timp-hiker-gtx-dusty-olive-es","12":"pa_marca-altra-es","13":"pa_sesso-hombre","14":"pa_size-42-es","16":"first","17":"outofstock","18":"taxable","19":"shipping-taxable","20":"product-type-variable","21":"wvs-archive-product-wrapper"},"acf":[],"yoast_head":"<!-- This site is optimized with the Yoast SEO plugin v26.8 - https:\/\/yoast.com\/product\/yoast-seo-wordpress\/ -->\n<title>Altra Timp Hiker Gore-Tex hombre -zapatillas de trail MioMioRun.com<\/title>\n<meta name=\"description\" content=\"Las condiciones nunca son perfectas en los senderos. Pero con las Timp Hiker Gore-Tex para hombre, ya no tendr\u00e1s que temer a las inclemencias del tiempo.\" \/>\n<meta name=\"robots\" content=\"index, follow, max-snippet:-1, max-image-preview:large, max-video-preview:-1\" \/>\n<link rel=\"canonical\" href=\"https:\/\/www.miomiorun.com\/es\/producto\/timp-hiker-gore-tex-uomo\/\" \/>\n<meta property=\"og:locale\" content=\"es_ES\" \/>\n<meta property=\"og:type\" content=\"article\" \/>\n<meta property=\"og:title\" content=\"Altra Timp Hiker Gore-Tex hombre -zapatillas de trail MioMioRun.com\" \/>\n<meta property=\"og:description\" content=\"Las condiciones nunca son perfectas en los senderos. Pero con las Timp Hiker Gore-Tex para hombre, ya no tendr\u00e1s que temer a las inclemencias del tiempo.\" \/>\n<meta property=\"og:url\" content=\"https:\/\/www.miomiorun.com\/es\/producto\/timp-hiker-gore-tex-uomo\/\" \/>\n<meta property=\"og:site_name\" content=\"MioMioRun\" \/>\n<meta property=\"article:publisher\" content=\"https:\/\/www.facebook.com\/miomiorun\/\" \/>\n<meta property=\"article:modified_time\" content=\"2026-04-23T17:23:15+00:00\" \/>\n<meta property=\"og:image\" content=\"https:\/\/www.miomiorun.com\/app\/uploads\/2024\/02\/altra-timp-hiker-gtx-dusty-olive-AL0A85P73151.webp\" \/>\n\t<meta property=\"og:image:width\" content=\"600\" \/>\n\t<meta property=\"og:image:height\" content=\"600\" \/>\n\t<meta property=\"og:image:type\" content=\"image\/webp\" \/>\n<meta name=\"twitter:card\" content=\"summary_large_image\" \/>\n<meta name=\"twitter:label1\" content=\"Est. reading time\" \/>\n\t<meta name=\"twitter:data1\" content=\"2 minutes\" \/>\n<script type=\"application\/ld+json\" class=\"yoast-schema-graph\">{\"@context\":\"https:\/\/schema.org\",\"@graph\":[{\"@type\":\"WebPage\",\"@id\":\"https:\/\/www.miomiorun.com\/es\/producto\/timp-hiker-gore-tex-uomo\/\",\"url\":\"https:\/\/www.miomiorun.com\/es\/producto\/timp-hiker-gore-tex-uomo\/\",\"name\":\"Altra Timp Hiker Gore-Tex hombre -zapatillas de trail MioMioRun.com\",\"isPartOf\":{\"@id\":\"https:\/\/www.miomiorun.com\/es\/#website\"},\"primaryImageOfPage\":{\"@id\":\"https:\/\/www.miomiorun.com\/es\/producto\/timp-hiker-gore-tex-uomo\/#primaryimage\"},\"image\":{\"@id\":\"https:\/\/www.miomiorun.com\/es\/producto\/timp-hiker-gore-tex-uomo\/#primaryimage\"},\"thumbnailUrl\":\"https:\/\/www.miomiorun.com\/app\/uploads\/2024\/02\/altra-timp-hiker-gtx-dusty-olive-AL0A85P73151.webp\",\"datePublished\":\"2024-02-08T13:25:41+00:00\",\"dateModified\":\"2026-04-23T17:23:15+00:00\",\"description\":\"Las condiciones nunca son perfectas en los senderos. Pero con las Timp Hiker Gore-Tex para hombre, ya no tendr\u00e1s que temer a las inclemencias del tiempo.\",\"breadcrumb\":{\"@id\":\"https:\/\/www.miomiorun.com\/es\/producto\/timp-hiker-gore-tex-uomo\/#breadcrumb\"},\"inLanguage\":\"es-ES\",\"potentialAction\":[{\"@type\":\"ReadAction\",\"target\":[\"https:\/\/www.miomiorun.com\/es\/producto\/timp-hiker-gore-tex-uomo\/\"]}]},{\"@type\":\"ImageObject\",\"inLanguage\":\"es-ES\",\"@id\":\"https:\/\/www.miomiorun.com\/es\/producto\/timp-hiker-gore-tex-uomo\/#primaryimage\",\"url\":\"https:\/\/www.miomiorun.com\/app\/uploads\/2024\/02\/altra-timp-hiker-gtx-dusty-olive-AL0A85P73151.webp\",\"contentUrl\":\"https:\/\/www.miomiorun.com\/app\/uploads\/2024\/02\/altra-timp-hiker-gtx-dusty-olive-AL0A85P73151.webp\",\"width\":600,\"height\":600,\"caption\":\"altra timp hiker gtx dusty olive AL0A85P73151\"},{\"@type\":\"BreadcrumbList\",\"@id\":\"https:\/\/www.miomiorun.com\/es\/producto\/timp-hiker-gore-tex-uomo\/#breadcrumb\",\"itemListElement\":[{\"@type\":\"ListItem\",\"position\":1,\"name\":\"Home\",\"item\":\"https:\/\/www.miomiorun.com\/es\/\"},{\"@type\":\"ListItem\",\"position\":2,\"name\":\"Shop\",\"item\":\"https:\/\/www.miomiorun.com\/shop\/\"},{\"@type\":\"ListItem\",\"position\":3,\"name\":\"Timp Hiker Gore-Tex hombre\"}]},{\"@type\":\"WebSite\",\"@id\":\"https:\/\/www.miomiorun.com\/es\/#website\",\"url\":\"https:\/\/www.miomiorun.com\/es\/\",\"name\":\"MioMioRun\",\"description\":\"Tienda 100% running y trail\",\"publisher\":{\"@id\":\"https:\/\/www.miomiorun.com\/es\/#organization\"},\"potentialAction\":[{\"@type\":\"SearchAction\",\"target\":{\"@type\":\"EntryPoint\",\"urlTemplate\":\"https:\/\/www.miomiorun.com\/es\/?s={search_term_string}\"},\"query-input\":{\"@type\":\"PropertyValueSpecification\",\"valueRequired\":true,\"valueName\":\"search_term_string\"}}],\"inLanguage\":\"es-ES\"},{\"@type\":\"Organization\",\"@id\":\"https:\/\/www.miomiorun.com\/es\/#organization\",\"name\":\"MioMio Run\",\"url\":\"https:\/\/www.miomiorun.com\/es\/\",\"logo\":{\"@type\":\"ImageObject\",\"inLanguage\":\"es-ES\",\"@id\":\"https:\/\/www.miomiorun.com\/es\/#\/schema\/logo\/image\/\",\"url\":\"https:\/\/www.miomiorun.com\/app\/uploads\/2019\/12\/logomio.png\",\"contentUrl\":\"https:\/\/www.miomiorun.com\/app\/uploads\/2019\/12\/logomio.png\",\"width\":115,\"height\":82,\"caption\":\"MioMio Run\"},\"image\":{\"@id\":\"https:\/\/www.miomiorun.com\/es\/#\/schema\/logo\/image\/\"},\"sameAs\":[\"https:\/\/www.facebook.com\/miomiorun\/\",\"https:\/\/www.instagram.com\/miomiorun\/\"]}]}<\/script>\n<!-- \/ Yoast SEO plugin. -->","yoast_head_json":{"title":"Altra Timp Hiker Gore-Tex hombre -zapatillas de trail MioMioRun.com","description":"Las condiciones nunca son perfectas en los senderos. Pero con las Timp Hiker Gore-Tex para hombre, ya no tendr\u00e1s que temer a las inclemencias del tiempo.","robots":{"index":"index","follow":"follow","max-snippet":"max-snippet:-1","max-image-preview":"max-image-preview:large","max-video-preview":"max-video-preview:-1"},"canonical":"https:\/\/www.miomiorun.com\/es\/producto\/timp-hiker-gore-tex-uomo\/","og_locale":"es_ES","og_type":"article","og_title":"Altra Timp Hiker Gore-Tex hombre -zapatillas de trail MioMioRun.com","og_description":"Las condiciones nunca son perfectas en los senderos. Pero con las Timp Hiker Gore-Tex para hombre, ya no tendr\u00e1s que temer a las inclemencias del tiempo.","og_url":"https:\/\/www.miomiorun.com\/es\/producto\/timp-hiker-gore-tex-uomo\/","og_site_name":"MioMioRun","article_publisher":"https:\/\/www.facebook.com\/miomiorun\/","article_modified_time":"2026-04-23T17:23:15+00:00","og_image":[{"width":600,"height":600,"url":"https:\/\/www.miomiorun.com\/app\/uploads\/2024\/02\/altra-timp-hiker-gtx-dusty-olive-AL0A85P73151.webp","type":"image\/webp"}],"twitter_card":"summary_large_image","twitter_misc":{"Est. reading time":"2 minutes"},"schema":{"@context":"https:\/\/schema.org","@graph":[{"@type":"WebPage","@id":"https:\/\/www.miomiorun.com\/es\/producto\/timp-hiker-gore-tex-uomo\/","url":"https:\/\/www.miomiorun.com\/es\/producto\/timp-hiker-gore-tex-uomo\/","name":"Altra Timp Hiker Gore-Tex hombre -zapatillas de trail MioMioRun.com","isPartOf":{"@id":"https:\/\/www.miomiorun.com\/es\/#website"},"primaryImageOfPage":{"@id":"https:\/\/www.miomiorun.com\/es\/producto\/timp-hiker-gore-tex-uomo\/#primaryimage"},"image":{"@id":"https:\/\/www.miomiorun.com\/es\/producto\/timp-hiker-gore-tex-uomo\/#primaryimage"},"thumbnailUrl":"https:\/\/www.miomiorun.com\/app\/uploads\/2024\/02\/altra-timp-hiker-gtx-dusty-olive-AL0A85P73151.webp","datePublished":"2024-02-08T13:25:41+00:00","dateModified":"2026-04-23T17:23:15+00:00","description":"Las condiciones nunca son perfectas en los senderos. Pero con las Timp Hiker Gore-Tex para hombre, ya no tendr\u00e1s que temer a las inclemencias del tiempo.","breadcrumb":{"@id":"https:\/\/www.miomiorun.com\/es\/producto\/timp-hiker-gore-tex-uomo\/#breadcrumb"},"inLanguage":"es-ES","potentialAction":[{"@type":"ReadAction","target":["https:\/\/www.miomiorun.com\/es\/producto\/timp-hiker-gore-tex-uomo\/"]}]},{"@type":"ImageObject","inLanguage":"es-ES","@id":"https:\/\/www.miomiorun.com\/es\/producto\/timp-hiker-gore-tex-uomo\/#primaryimage","url":"https:\/\/www.miomiorun.com\/app\/uploads\/2024\/02\/altra-timp-hiker-gtx-dusty-olive-AL0A85P73151.webp","contentUrl":"https:\/\/www.miomiorun.com\/app\/uploads\/2024\/02\/altra-timp-hiker-gtx-dusty-olive-AL0A85P73151.webp","width":600,"height":600,"caption":"altra timp hiker gtx dusty olive AL0A85P73151"},{"@type":"BreadcrumbList","@id":"https:\/\/www.miomiorun.com\/es\/producto\/timp-hiker-gore-tex-uomo\/#breadcrumb","itemListElement":[{"@type":"ListItem","position":1,"name":"Home","item":"https:\/\/www.miomiorun.com\/es\/"},{"@type":"ListItem","position":2,"name":"Shop","item":"https:\/\/www.miomiorun.com\/shop\/"},{"@type":"ListItem","position":3,"name":"Timp Hiker Gore-Tex hombre"}]},{"@type":"WebSite","@id":"https:\/\/www.miomiorun.com\/es\/#website","url":"https:\/\/www.miomiorun.com\/es\/","name":"MioMioRun","description":"Tienda 100% running y trail","publisher":{"@id":"https:\/\/www.miomiorun.com\/es\/#organization"},"potentialAction":[{"@type":"SearchAction","target":{"@type":"EntryPoint","urlTemplate":"https:\/\/www.miomiorun.com\/es\/?s={search_term_string}"},"query-input":{"@type":"PropertyValueSpecification","valueRequired":true,"valueName":"search_term_string"}}],"inLanguage":"es-ES"},{"@type":"Organization","@id":"https:\/\/www.miomiorun.com\/es\/#organization","name":"MioMio Run","url":"https:\/\/www.miomiorun.com\/es\/","logo":{"@type":"ImageObject","inLanguage":"es-ES","@id":"https:\/\/www.miomiorun.com\/es\/#\/schema\/logo\/image\/","url":"https:\/\/www.miomiorun.com\/app\/uploads\/2019\/12\/logomio.png","contentUrl":"https:\/\/www.miomiorun.com\/app\/uploads\/2019\/12\/logomio.png","width":115,"height":82,"caption":"MioMio Run"},"image":{"@id":"https:\/\/www.miomiorun.com\/es\/#\/schema\/logo\/image\/"},"sameAs":["https:\/\/www.facebook.com\/miomiorun\/","https:\/\/www.instagram.com\/miomiorun\/"]}]}},"_links":{"self":[{"href":"https:\/\/www.miomiorun.com\/es\/wp-json\/wp\/v2\/product\/289656","targetHints":{"allow":["GET"]}}],"collection":[{"href":"https:\/\/www.miomiorun.com\/es\/wp-json\/wp\/v2\/product"}],"about":[{"href":"https:\/\/www.miomiorun.com\/es\/wp-json\/wp\/v2\/types\/product"}],"wp:featuredmedia":[{"embeddable":true,"href":"https:\/\/www.miomiorun.com\/es\/wp-json\/wp\/v2\/media\/245365"}],"wp:attachment":[{"href":"https:\/\/www.miomiorun.com\/es\/wp-json\/wp\/v2\/media?parent=289656"}],"wp:term":[{"taxonomy":"product_brand","embeddable":true,"href":"https:\/\/www.miomiorun.com\/es\/wp-json\/wp\/v2\/product_brand?post=289656"},{"taxonomy":"product_cat","embeddable":true,"href":"https:\/\/www.miomiorun.com\/es\/wp-json\/wp\/v2\/product_cat?post=289656"},{"taxonomy":"product_tag","embeddable":true,"href":"https:\/\/www.miomiorun.com\/es\/wp-json\/wp\/v2\/product_tag?post=289656"}],"curies":[{"name":"wp","href":"https:\/\/api.w.org\/{rel}","templated":true}]}}