{"id":289495,"date":"2024-02-15T13:58:30","date_gmt":"2024-02-15T12:58:30","guid":{"rendered":"https:\/\/miomiorun.com\/prodotto\/endorphin-pro-4-donna\/"},"modified":"2025-11-25T17:39:23","modified_gmt":"2025-11-25T16:39:23","slug":"endorphin-pro-4-mujer","status":"publish","type":"product","link":"https:\/\/www.miomiorun.com\/es\/producto\/endorphin-pro-4-mujer\/","title":{"rendered":"Endorphin Pro 4 mujer"},"content":{"rendered":"<div class=\"vc-row container\"><div class=\"vc-column\"><div class=\"vc-column-text\"><\/p>\n<h4>Especificaciones t\u00e9cnicas<\/h4>\n<p>Categor\u00eda: Alta amortiguaci\u00f3n<br \/>\nOffset: 8mm (39.5\/31.5)<br \/>\nPeso: 185 g<br \/>\nIdeal para : corredores avanzados, que buscan alto rendimiento y confort de carrera al mismo tiempo, para conseguir excelentes resultados en carreras o para entrenamientos de alta intensidad.<br \/>\nPeso del atleta : 50-65 kg<br \/>\nRitmo de carrera : r\u00e1pido (&gt;4.00 min\/km)<br \/>\n<a href=\"https:\/\/miomiorun.com\/es\/guia-especifica\/\">Gu\u00eda de especificaciones<\/a><\/p>\n<p><\/div><\/div><div class=\"vc-column\"><div class=\"vc-column-text\"><\/p>\n<h3>Rendimiento excepcional para el d\u00eda de la carrera<\/h3>\n<p>D\u00e9 la bienvenida a <strong>la Endorphin Pro 4<\/strong> en su versi\u00f3n femenina. Una zapatilla \u00e1gil y reactiva desde el principio, pero suave y eficiente por naturaleza. Un resultado milagroso conseguido mediante la fusi\u00f3n de las espumas PWRRUN <strong>HG<\/strong> y <strong>PWRRUN PB <\/strong>en la entresuela. Esta combinaci\u00f3n se asienta sobre una placa completa de carbono, dise\u00f1ada para ofrecer rigidez longitudinal y la m\u00e1xima eficiencia metab\u00f3lica.<\/p>\n<p>Tambi\u00e9n incorpora la tecnolog\u00eda SPEEDROLL para facilitar el empuje, una cubierta del tal\u00f3n suave como la seda y un sistema de leng\u00fceta integrado.<\/p>\n<p><strong>Caracter\u00edsticas:<\/strong><\/p>\n<ul>\n<li>Tecnolog\u00eda <strong>SPEEDROLL<\/strong> para mejorar la velocidad y la capacidad de respuesta.<\/li>\n<li>Nueva placa de carbono de alto rendimiento.<\/li>\n<li>Parte superior ligera y leng\u00fceta integrada.<\/li>\n<li>Plantilla <strong>SRS<\/strong>.<\/li>\n<\/ul>\n<p><strong>PWRRUN HG<\/strong><\/p>\n<p>Cuanta m\u00e1s energ\u00eda das, m\u00e1s energ\u00eda recibes. Amortiguaci\u00f3n suave y ligera que no se rinde el d\u00eda de la carrera.<\/p>\n<p><strong>PWRRUN PB<\/strong><\/p>\n<p>PWRRUN PB es el principal material de amortiguaci\u00f3n de Saucony. PWRRUN PB es una espuma de microesferas fabricada a partir de una mezcla patentada de pol\u00edmeros PeBa\u00ae, que pesa tanto como la EVA y tiene un rebote excepcional (88% de retorno de energ\u00eda). Adem\u00e1s, es muy consistente en un amplio rango de temperaturas y mucho m\u00e1s duradera que la EVA.<\/p>\n<h2>Mejoras con respecto a la versi\u00f3n anterior<\/h2>\n<h2>M\u00c1S rebote<\/h2>\n<p>La fusi\u00f3n de las espumas m\u00e1s reactivas y amortiguadas ha dado como resultado una zapatilla a\u00fan m\u00e1s r\u00e1pida y un movimiento de avance propulsivo m\u00e1s natural.<\/p>\n<h2>CONFORT MEJORADO<\/h2>\n<p>Un peque\u00f1o detalle con grandes actualizaciones: La Super ResponsiveSockliner.<\/p>\n<h2>AJUSTE MEJORADO<\/h2>\n<p>Leng\u00fceta integrada para un ajuste y comodidad \u00f3ptimos.<\/p>\n<h2 style=\"text-align: center;\">Tecnolog\u00edas<\/h2>\n<h2>TECNOLOG\u00cdA SNAPPY SPEEDROLL<\/h2>\n<p>La fusi\u00f3n de la espuma con mayor capacidad de respuesta y amortiguaci\u00f3n ha dado como resultado una zapatilla r\u00e1pida con propulsi\u00f3n hacia delante.<\/p>\n<h2>PLACA COMPLETA DE CARBONO<\/h2>\n<p>Dise\u00f1ada para una propulsi\u00f3n m\u00e1xima y un cambio inmediato.<\/p>\n<p>&nbsp;<\/p>\n<h2>AJUSTE DE COMPETICI\u00d3N<\/h2>\n<p>Forro del tal\u00f3n m\u00e1s suave y leng\u00fceta integrada para un ajuste ce\u00f1ido y c\u00f3modo.<\/div><\/div><\/div>\n","protected":false},"excerpt":{"rendered":"<ul>\n<li>Zapato de competici\u00f3n<\/li>\n<li>Equipado con cuchilla de carbono<\/li>\n<\/ul>\n","protected":false},"featured_media":251385,"template":"","meta":{"_acf_changed":false,"inline_featured_image":false},"product_brand":[],"product_cat":[24227,24228],"product_tag":[23578,23617],"class_list":{"0":"post-289495","1":"product","2":"type-product","3":"status-publish","4":"has-post-thumbnail","6":"product_cat-calzado-femenino","7":"product_cat-neutre-es","8":"product_tag-saucony-es","9":"product_tag-saucony-mujer","10":"pa_attivita-running-es","11":"pa_colore-endorphin-pro-4-w-magenta-es","12":"pa_colore-endorphin-pro-4-w-mirage-citron-es","13":"pa_colore-endorphin-pro-4-w-white-crocus-es","14":"pa_marca-saucony-es","15":"pa_sesso-mujer","16":"pa_size-37-5-es","17":"pa_size-38-5-es","18":"pa_size-41-es","20":"first","21":"instock","22":"sale","23":"taxable","24":"shipping-taxable","25":"purchasable","26":"product-type-variable","27":"wvs-archive-product-wrapper"},"acf":[],"yoast_head":"<!-- This site is optimized with the Yoast SEO plugin v26.8 - https:\/\/yoast.com\/product\/yoast-seo-wordpress\/ -->\n<title>Saucony Endorphin Pro 4 mujer - Zapatillas de running - MioMioRun<\/title>\n<meta name=\"description\" content=\"La nueva Endorphin Pro 4 de mujer con tecnolog\u00eda SPEEDROLL ofrece una velocidad y una capacidad de respuesta inigualables. Equipada con placa de carbono\" \/>\n<meta name=\"robots\" content=\"index, follow, max-snippet:-1, max-image-preview:large, max-video-preview:-1\" \/>\n<link rel=\"canonical\" href=\"https:\/\/www.miomiorun.com\/es\/producto\/endorphin-pro-4-mujer\/\" \/>\n<meta property=\"og:locale\" content=\"es_ES\" \/>\n<meta property=\"og:type\" content=\"article\" \/>\n<meta property=\"og:title\" content=\"Saucony Endorphin Pro 4 mujer - Zapatillas de running - MioMioRun\" \/>\n<meta property=\"og:description\" content=\"La nueva Endorphin Pro 4 de mujer con tecnolog\u00eda SPEEDROLL ofrece una velocidad y una capacidad de respuesta inigualables. Equipada con placa de carbono\" \/>\n<meta property=\"og:url\" content=\"https:\/\/www.miomiorun.com\/es\/producto\/endorphin-pro-4-mujer\/\" \/>\n<meta property=\"og:site_name\" content=\"MioMioRun\" \/>\n<meta property=\"article:publisher\" content=\"https:\/\/www.facebook.com\/miomiorun\/\" \/>\n<meta property=\"article:modified_time\" content=\"2025-11-25T16:39:23+00:00\" \/>\n<meta property=\"og:image\" content=\"https:\/\/www.miomiorun.com\/app\/uploads\/2025\/01\/saucony-Endorphin-Pro-4-W-magenta-S10939-40.webp\" \/>\n\t<meta property=\"og:image:width\" content=\"600\" \/>\n\t<meta property=\"og:image:height\" content=\"600\" \/>\n\t<meta property=\"og:image:type\" content=\"image\/webp\" \/>\n<meta name=\"twitter:card\" content=\"summary_large_image\" \/>\n<meta name=\"twitter:label1\" content=\"Est. reading time\" \/>\n\t<meta name=\"twitter:data1\" content=\"2 minutes\" \/>\n<script type=\"application\/ld+json\" class=\"yoast-schema-graph\">{\"@context\":\"https:\/\/schema.org\",\"@graph\":[{\"@type\":\"WebPage\",\"@id\":\"https:\/\/www.miomiorun.com\/es\/producto\/endorphin-pro-4-mujer\/\",\"url\":\"https:\/\/www.miomiorun.com\/es\/producto\/endorphin-pro-4-mujer\/\",\"name\":\"Saucony Endorphin Pro 4 mujer - Zapatillas de running - MioMioRun\",\"isPartOf\":{\"@id\":\"https:\/\/www.miomiorun.com\/es\/#website\"},\"primaryImageOfPage\":{\"@id\":\"https:\/\/www.miomiorun.com\/es\/producto\/endorphin-pro-4-mujer\/#primaryimage\"},\"image\":{\"@id\":\"https:\/\/www.miomiorun.com\/es\/producto\/endorphin-pro-4-mujer\/#primaryimage\"},\"thumbnailUrl\":\"https:\/\/www.miomiorun.com\/app\/uploads\/2025\/01\/saucony-Endorphin-Pro-4-W-magenta-S10939-40.webp\",\"datePublished\":\"2024-02-15T12:58:30+00:00\",\"dateModified\":\"2025-11-25T16:39:23+00:00\",\"description\":\"La nueva Endorphin Pro 4 de mujer con tecnolog\u00eda SPEEDROLL ofrece una velocidad y una capacidad de respuesta inigualables. Equipada con placa de carbono\",\"breadcrumb\":{\"@id\":\"https:\/\/www.miomiorun.com\/es\/producto\/endorphin-pro-4-mujer\/#breadcrumb\"},\"inLanguage\":\"es-ES\",\"potentialAction\":[{\"@type\":\"ReadAction\",\"target\":[\"https:\/\/www.miomiorun.com\/es\/producto\/endorphin-pro-4-mujer\/\"]}]},{\"@type\":\"ImageObject\",\"inLanguage\":\"es-ES\",\"@id\":\"https:\/\/www.miomiorun.com\/es\/producto\/endorphin-pro-4-mujer\/#primaryimage\",\"url\":\"https:\/\/www.miomiorun.com\/app\/uploads\/2025\/01\/saucony-Endorphin-Pro-4-W-magenta-S10939-40.webp\",\"contentUrl\":\"https:\/\/www.miomiorun.com\/app\/uploads\/2025\/01\/saucony-Endorphin-Pro-4-W-magenta-S10939-40.webp\",\"width\":600,\"height\":600,\"caption\":\"saucony Endorphin Pro 4 W magenta S10939-40\"},{\"@type\":\"BreadcrumbList\",\"@id\":\"https:\/\/www.miomiorun.com\/es\/producto\/endorphin-pro-4-mujer\/#breadcrumb\",\"itemListElement\":[{\"@type\":\"ListItem\",\"position\":1,\"name\":\"Home\",\"item\":\"https:\/\/www.miomiorun.com\/es\/\"},{\"@type\":\"ListItem\",\"position\":2,\"name\":\"Shop\",\"item\":\"https:\/\/www.miomiorun.com\/shop\/\"},{\"@type\":\"ListItem\",\"position\":3,\"name\":\"Endorphin Pro 4 mujer\"}]},{\"@type\":\"WebSite\",\"@id\":\"https:\/\/www.miomiorun.com\/es\/#website\",\"url\":\"https:\/\/www.miomiorun.com\/es\/\",\"name\":\"MioMioRun\",\"description\":\"Tienda 100% running y trail\",\"publisher\":{\"@id\":\"https:\/\/www.miomiorun.com\/es\/#organization\"},\"potentialAction\":[{\"@type\":\"SearchAction\",\"target\":{\"@type\":\"EntryPoint\",\"urlTemplate\":\"https:\/\/www.miomiorun.com\/es\/?s={search_term_string}\"},\"query-input\":{\"@type\":\"PropertyValueSpecification\",\"valueRequired\":true,\"valueName\":\"search_term_string\"}}],\"inLanguage\":\"es-ES\"},{\"@type\":\"Organization\",\"@id\":\"https:\/\/www.miomiorun.com\/es\/#organization\",\"name\":\"MioMio Run\",\"url\":\"https:\/\/www.miomiorun.com\/es\/\",\"logo\":{\"@type\":\"ImageObject\",\"inLanguage\":\"es-ES\",\"@id\":\"https:\/\/www.miomiorun.com\/es\/#\/schema\/logo\/image\/\",\"url\":\"https:\/\/www.miomiorun.com\/app\/uploads\/2019\/12\/logomio.png\",\"contentUrl\":\"https:\/\/www.miomiorun.com\/app\/uploads\/2019\/12\/logomio.png\",\"width\":115,\"height\":82,\"caption\":\"MioMio Run\"},\"image\":{\"@id\":\"https:\/\/www.miomiorun.com\/es\/#\/schema\/logo\/image\/\"},\"sameAs\":[\"https:\/\/www.facebook.com\/miomiorun\/\",\"https:\/\/www.instagram.com\/miomiorun\/\"]}]}<\/script>\n<!-- \/ Yoast SEO plugin. -->","yoast_head_json":{"title":"Saucony Endorphin Pro 4 mujer - Zapatillas de running - MioMioRun","description":"La nueva Endorphin Pro 4 de mujer con tecnolog\u00eda SPEEDROLL ofrece una velocidad y una capacidad de respuesta inigualables. Equipada con placa de carbono","robots":{"index":"index","follow":"follow","max-snippet":"max-snippet:-1","max-image-preview":"max-image-preview:large","max-video-preview":"max-video-preview:-1"},"canonical":"https:\/\/www.miomiorun.com\/es\/producto\/endorphin-pro-4-mujer\/","og_locale":"es_ES","og_type":"article","og_title":"Saucony Endorphin Pro 4 mujer - Zapatillas de running - MioMioRun","og_description":"La nueva Endorphin Pro 4 de mujer con tecnolog\u00eda SPEEDROLL ofrece una velocidad y una capacidad de respuesta inigualables. Equipada con placa de carbono","og_url":"https:\/\/www.miomiorun.com\/es\/producto\/endorphin-pro-4-mujer\/","og_site_name":"MioMioRun","article_publisher":"https:\/\/www.facebook.com\/miomiorun\/","article_modified_time":"2025-11-25T16:39:23+00:00","og_image":[{"width":600,"height":600,"url":"https:\/\/www.miomiorun.com\/app\/uploads\/2025\/01\/saucony-Endorphin-Pro-4-W-magenta-S10939-40.webp","type":"image\/webp"}],"twitter_card":"summary_large_image","twitter_misc":{"Est. reading time":"2 minutes"},"schema":{"@context":"https:\/\/schema.org","@graph":[{"@type":"WebPage","@id":"https:\/\/www.miomiorun.com\/es\/producto\/endorphin-pro-4-mujer\/","url":"https:\/\/www.miomiorun.com\/es\/producto\/endorphin-pro-4-mujer\/","name":"Saucony Endorphin Pro 4 mujer - Zapatillas de running - MioMioRun","isPartOf":{"@id":"https:\/\/www.miomiorun.com\/es\/#website"},"primaryImageOfPage":{"@id":"https:\/\/www.miomiorun.com\/es\/producto\/endorphin-pro-4-mujer\/#primaryimage"},"image":{"@id":"https:\/\/www.miomiorun.com\/es\/producto\/endorphin-pro-4-mujer\/#primaryimage"},"thumbnailUrl":"https:\/\/www.miomiorun.com\/app\/uploads\/2025\/01\/saucony-Endorphin-Pro-4-W-magenta-S10939-40.webp","datePublished":"2024-02-15T12:58:30+00:00","dateModified":"2025-11-25T16:39:23+00:00","description":"La nueva Endorphin Pro 4 de mujer con tecnolog\u00eda SPEEDROLL ofrece una velocidad y una capacidad de respuesta inigualables. Equipada con placa de carbono","breadcrumb":{"@id":"https:\/\/www.miomiorun.com\/es\/producto\/endorphin-pro-4-mujer\/#breadcrumb"},"inLanguage":"es-ES","potentialAction":[{"@type":"ReadAction","target":["https:\/\/www.miomiorun.com\/es\/producto\/endorphin-pro-4-mujer\/"]}]},{"@type":"ImageObject","inLanguage":"es-ES","@id":"https:\/\/www.miomiorun.com\/es\/producto\/endorphin-pro-4-mujer\/#primaryimage","url":"https:\/\/www.miomiorun.com\/app\/uploads\/2025\/01\/saucony-Endorphin-Pro-4-W-magenta-S10939-40.webp","contentUrl":"https:\/\/www.miomiorun.com\/app\/uploads\/2025\/01\/saucony-Endorphin-Pro-4-W-magenta-S10939-40.webp","width":600,"height":600,"caption":"saucony Endorphin Pro 4 W magenta S10939-40"},{"@type":"BreadcrumbList","@id":"https:\/\/www.miomiorun.com\/es\/producto\/endorphin-pro-4-mujer\/#breadcrumb","itemListElement":[{"@type":"ListItem","position":1,"name":"Home","item":"https:\/\/www.miomiorun.com\/es\/"},{"@type":"ListItem","position":2,"name":"Shop","item":"https:\/\/www.miomiorun.com\/shop\/"},{"@type":"ListItem","position":3,"name":"Endorphin Pro 4 mujer"}]},{"@type":"WebSite","@id":"https:\/\/www.miomiorun.com\/es\/#website","url":"https:\/\/www.miomiorun.com\/es\/","name":"MioMioRun","description":"Tienda 100% running y trail","publisher":{"@id":"https:\/\/www.miomiorun.com\/es\/#organization"},"potentialAction":[{"@type":"SearchAction","target":{"@type":"EntryPoint","urlTemplate":"https:\/\/www.miomiorun.com\/es\/?s={search_term_string}"},"query-input":{"@type":"PropertyValueSpecification","valueRequired":true,"valueName":"search_term_string"}}],"inLanguage":"es-ES"},{"@type":"Organization","@id":"https:\/\/www.miomiorun.com\/es\/#organization","name":"MioMio Run","url":"https:\/\/www.miomiorun.com\/es\/","logo":{"@type":"ImageObject","inLanguage":"es-ES","@id":"https:\/\/www.miomiorun.com\/es\/#\/schema\/logo\/image\/","url":"https:\/\/www.miomiorun.com\/app\/uploads\/2019\/12\/logomio.png","contentUrl":"https:\/\/www.miomiorun.com\/app\/uploads\/2019\/12\/logomio.png","width":115,"height":82,"caption":"MioMio Run"},"image":{"@id":"https:\/\/www.miomiorun.com\/es\/#\/schema\/logo\/image\/"},"sameAs":["https:\/\/www.facebook.com\/miomiorun\/","https:\/\/www.instagram.com\/miomiorun\/"]}]}},"_links":{"self":[{"href":"https:\/\/www.miomiorun.com\/es\/wp-json\/wp\/v2\/product\/289495","targetHints":{"allow":["GET"]}}],"collection":[{"href":"https:\/\/www.miomiorun.com\/es\/wp-json\/wp\/v2\/product"}],"about":[{"href":"https:\/\/www.miomiorun.com\/es\/wp-json\/wp\/v2\/types\/product"}],"wp:featuredmedia":[{"embeddable":true,"href":"https:\/\/www.miomiorun.com\/es\/wp-json\/wp\/v2\/media\/251385"}],"wp:attachment":[{"href":"https:\/\/www.miomiorun.com\/es\/wp-json\/wp\/v2\/media?parent=289495"}],"wp:term":[{"taxonomy":"product_brand","embeddable":true,"href":"https:\/\/www.miomiorun.com\/es\/wp-json\/wp\/v2\/product_brand?post=289495"},{"taxonomy":"product_cat","embeddable":true,"href":"https:\/\/www.miomiorun.com\/es\/wp-json\/wp\/v2\/product_cat?post=289495"},{"taxonomy":"product_tag","embeddable":true,"href":"https:\/\/www.miomiorun.com\/es\/wp-json\/wp\/v2\/product_tag?post=289495"}],"curies":[{"name":"wp","href":"https:\/\/api.w.org\/{rel}","templated":true}]}}