{"id":289323,"date":"2024-03-05T11:45:30","date_gmt":"2024-03-05T10:45:30","guid":{"rendered":"https:\/\/miomiorun.com\/prodotto\/mach-6-kdz-2\/"},"modified":"2026-05-08T18:56:17","modified_gmt":"2026-05-08T16:56:17","slug":"mach-6-kdz","status":"publish","type":"product","link":"https:\/\/www.miomiorun.com\/es\/producto\/mach-6-kdz\/","title":{"rendered":"Mach 6 KDZ"},"content":{"rendered":"<div class=\"vc-row container\"><div class=\"vc-column\"><div class=\"vc-column-text\"><\/p>\n<p><strong>Especificaciones t\u00e9cnicas<\/strong><\/p>\n<p>Categor\u00eda: amortiguaci\u00f3n reactiva<br \/>\nDrop: 4 mm<br \/>\nPeso: 191 g<br \/>\nIdeal para: j\u00f3venes que necesitan una zapatilla m\u00e1s reactiva porque ya cuentan con una buena t\u00e9cnica de carrera o que se orientan hacia disciplinas de distancias medias y largas.<\/p>\n<p><a href=\"https:\/\/miomiorun.com\/guida-alle-specifiche-tecniche\/\">Gu\u00eda de especificaciones t\u00e9cnicas<\/a><\/p>\n<p><\/div> <\/div><div class=\"vc-column\"><div class=\"vc-column-text\"><\/p>\n<h2 style=\"text-align: center\">\u00bfHay alg\u00fan ni\u00f1o o ni\u00f1a que no quiera correr a la velocidad de la luz? Creemos que no.<\/h2>\n<p>Con la misma experiencia de uso \u00e1gil que la versi\u00f3n para adultos, la <strong>Mach 6<\/strong> para ni\u00f1os es ligera, r\u00e1pida e innegablemente c\u00f3moda. Un calzado din\u00e1mico e imparable, dise\u00f1ado para recorrer largas distancias, que cuenta con una parte superior de tejido reciclado (44 %), una suave entresuela de EVA de ca\u00f1a de az\u00facar (50 %), refuerzo protector en la puntera y suela de Durabrasion <strong>Rubber\u2122<\/strong> m\u00e1s gruesa que la de la versi\u00f3n para adultos, para ofrecer la resistencia adicional que necesitan los ni\u00f1os.<\/p>\n<h3>Caracter\u00edsticas:<\/h3>\n<div class=\"description-techspecs__items\">\n<ul class=\"features-container\">\n<li class=\"feature-item\">Empeine de tejido reciclado (44 %)<\/li>\n<li class=\"feature-item\">Entresuela de EVA de ca\u00f1a de az\u00facar (50 %)<\/li>\n<li class=\"feature-item\">Refuerzo protector en la puntera<\/li>\n<li class=\"feature-item\">Suela de Durabrasion Rubber\u2122<\/li>\n<li class=\"feature-item\">Plantilla extra\u00edble<\/li>\n<\/ul>\n<h2>Estabilidad<\/h2>\n<p>Mach 6 cuenta con una plantilla amortiguada sim\u00e9trica, sin tecnolog\u00edas ortop\u00e9dicas adicionales. Dise\u00f1ada para ofrecerte la sujeci\u00f3n que necesitas, sin caracter\u00edsticas superfluas.<\/p>\n<h2>Amortiguaci\u00f3n<\/h2>\n<p>Mach 6 presenta una amortiguaci\u00f3n de perfil bajo que mantiene el pie m\u00e1s cerca del suelo y utiliza un material m\u00e1s compacto, dise\u00f1ado para que el impulso sea eficiente.<\/p>\n<p>&nbsp;<\/p>\n<\/div>\n<p><\/div><\/div><\/div>\n","protected":false},"excerpt":{"rendered":"<ul>\n<li>zapatos de poner y quitar muy r\u00e1pido para ni\u00f1os<\/li>\n<li>ideales para llevar a diario<\/li>\n<\/ul>\n","protected":false},"featured_media":246129,"template":"","meta":{"_acf_changed":false,"inline_featured_image":false},"product_brand":[],"product_cat":[24405,24406,24407],"product_tag":[23479,24200,24199],"class_list":{"0":"post-289323","1":"product","2":"type-product","3":"status-publish","4":"has-post-thumbnail","6":"product_cat-zapatos-chica","7":"product_cat-zapatos-chico","8":"product_cat-chico","9":"product_tag-hoka-one-one-es","10":"product_tag-hoka-chica","11":"product_tag-hoka-chico","12":"pa_attivita-caminar","13":"pa_attivita-fitness-es","14":"pa_attivita-lifestyle-es","15":"pa_attivita-running-es","16":"pa_colore-mach-6-y-black-white-es","17":"pa_colore-mach-6-youth-ultramarine-electric-tanger-es","18":"pa_marca-hoka-es","19":"pa_sesso-hombre","20":"pa_sesso-mujer","21":"pa_size-37-es","22":"pa_size-38-es","24":"first","25":"instock","26":"sale","27":"taxable","28":"shipping-taxable","29":"purchasable","30":"product-type-variable","31":"wvs-archive-product-wrapper"},"acf":[],"yoast_head":"<!-- This site is optimized with the Yoast SEO plugin v26.8 - https:\/\/yoast.com\/product\/yoast-seo-wordpress\/ -->\n<title>Hoka Mach 6 KDZ - venden zapatillas para correr - MioMioRun<\/title>\n<meta name=\"description\" content=\"La Mach 6 para ni\u00f1os es ligera, r\u00e1pida e indudablemente c\u00f3moda. Un calzado din\u00e1mico e imparable, dise\u00f1ado para recorrer largas distancias,\" \/>\n<meta name=\"robots\" content=\"index, follow, max-snippet:-1, max-image-preview:large, max-video-preview:-1\" \/>\n<link rel=\"canonical\" href=\"https:\/\/www.miomiorun.com\/es\/producto\/mach-6-kdz\/\" \/>\n<meta property=\"og:locale\" content=\"es_ES\" \/>\n<meta property=\"og:type\" content=\"article\" \/>\n<meta property=\"og:title\" content=\"Hoka Mach 6 KDZ - venden zapatillas para correr - MioMioRun\" \/>\n<meta property=\"og:description\" content=\"La Mach 6 para ni\u00f1os es ligera, r\u00e1pida e indudablemente c\u00f3moda. Un calzado din\u00e1mico e imparable, dise\u00f1ado para recorrer largas distancias,\" \/>\n<meta property=\"og:url\" content=\"https:\/\/www.miomiorun.com\/es\/producto\/mach-6-kdz\/\" \/>\n<meta property=\"og:site_name\" content=\"MioMioRun\" \/>\n<meta property=\"article:publisher\" content=\"https:\/\/www.facebook.com\/miomiorun\/\" \/>\n<meta property=\"article:modified_time\" content=\"2026-05-08T16:56:17+00:00\" \/>\n<meta property=\"og:image\" content=\"https:\/\/www.miomiorun.com\/app\/uploads\/2024\/03\/Hoka-Mach-6-youth-peony-cerise-1147553-PNYC.webp\" \/>\n\t<meta property=\"og:image:width\" content=\"600\" \/>\n\t<meta property=\"og:image:height\" content=\"600\" \/>\n\t<meta property=\"og:image:type\" content=\"image\/webp\" \/>\n<meta name=\"twitter:card\" content=\"summary_large_image\" \/>\n<meta name=\"twitter:label1\" content=\"Est. reading time\" \/>\n\t<meta name=\"twitter:data1\" content=\"1 minute\" \/>\n<script type=\"application\/ld+json\" class=\"yoast-schema-graph\">{\"@context\":\"https:\/\/schema.org\",\"@graph\":[{\"@type\":\"WebPage\",\"@id\":\"https:\/\/www.miomiorun.com\/es\/producto\/mach-6-kdz\/\",\"url\":\"https:\/\/www.miomiorun.com\/es\/producto\/mach-6-kdz\/\",\"name\":\"Hoka Mach 6 KDZ - venden zapatillas para correr - MioMioRun\",\"isPartOf\":{\"@id\":\"https:\/\/www.miomiorun.com\/es\/#website\"},\"primaryImageOfPage\":{\"@id\":\"https:\/\/www.miomiorun.com\/es\/producto\/mach-6-kdz\/#primaryimage\"},\"image\":{\"@id\":\"https:\/\/www.miomiorun.com\/es\/producto\/mach-6-kdz\/#primaryimage\"},\"thumbnailUrl\":\"https:\/\/www.miomiorun.com\/app\/uploads\/2024\/03\/Hoka-Mach-6-youth-peony-cerise-1147553-PNYC.webp\",\"datePublished\":\"2024-03-05T10:45:30+00:00\",\"dateModified\":\"2026-05-08T16:56:17+00:00\",\"description\":\"La Mach 6 para ni\u00f1os es ligera, r\u00e1pida e indudablemente c\u00f3moda. Un calzado din\u00e1mico e imparable, dise\u00f1ado para recorrer largas distancias,\",\"breadcrumb\":{\"@id\":\"https:\/\/www.miomiorun.com\/es\/producto\/mach-6-kdz\/#breadcrumb\"},\"inLanguage\":\"es-ES\",\"potentialAction\":[{\"@type\":\"ReadAction\",\"target\":[\"https:\/\/www.miomiorun.com\/es\/producto\/mach-6-kdz\/\"]}]},{\"@type\":\"ImageObject\",\"inLanguage\":\"es-ES\",\"@id\":\"https:\/\/www.miomiorun.com\/es\/producto\/mach-6-kdz\/#primaryimage\",\"url\":\"https:\/\/www.miomiorun.com\/app\/uploads\/2024\/03\/Hoka-Mach-6-youth-peony-cerise-1147553-PNYC.webp\",\"contentUrl\":\"https:\/\/www.miomiorun.com\/app\/uploads\/2024\/03\/Hoka-Mach-6-youth-peony-cerise-1147553-PNYC.webp\",\"width\":600,\"height\":600,\"caption\":\"Hoka Mach 6 youth peony cerise 1147553 PNYC\"},{\"@type\":\"BreadcrumbList\",\"@id\":\"https:\/\/www.miomiorun.com\/es\/producto\/mach-6-kdz\/#breadcrumb\",\"itemListElement\":[{\"@type\":\"ListItem\",\"position\":1,\"name\":\"Home\",\"item\":\"https:\/\/www.miomiorun.com\/es\/\"},{\"@type\":\"ListItem\",\"position\":2,\"name\":\"Shop\",\"item\":\"https:\/\/www.miomiorun.com\/shop\/\"},{\"@type\":\"ListItem\",\"position\":3,\"name\":\"Mach 6 KDZ\"}]},{\"@type\":\"WebSite\",\"@id\":\"https:\/\/www.miomiorun.com\/es\/#website\",\"url\":\"https:\/\/www.miomiorun.com\/es\/\",\"name\":\"MioMioRun\",\"description\":\"Tienda 100% running y trail\",\"publisher\":{\"@id\":\"https:\/\/www.miomiorun.com\/es\/#organization\"},\"potentialAction\":[{\"@type\":\"SearchAction\",\"target\":{\"@type\":\"EntryPoint\",\"urlTemplate\":\"https:\/\/www.miomiorun.com\/es\/?s={search_term_string}\"},\"query-input\":{\"@type\":\"PropertyValueSpecification\",\"valueRequired\":true,\"valueName\":\"search_term_string\"}}],\"inLanguage\":\"es-ES\"},{\"@type\":\"Organization\",\"@id\":\"https:\/\/www.miomiorun.com\/es\/#organization\",\"name\":\"MioMio Run\",\"url\":\"https:\/\/www.miomiorun.com\/es\/\",\"logo\":{\"@type\":\"ImageObject\",\"inLanguage\":\"es-ES\",\"@id\":\"https:\/\/www.miomiorun.com\/es\/#\/schema\/logo\/image\/\",\"url\":\"https:\/\/www.miomiorun.com\/app\/uploads\/2019\/12\/logomio.png\",\"contentUrl\":\"https:\/\/www.miomiorun.com\/app\/uploads\/2019\/12\/logomio.png\",\"width\":115,\"height\":82,\"caption\":\"MioMio Run\"},\"image\":{\"@id\":\"https:\/\/www.miomiorun.com\/es\/#\/schema\/logo\/image\/\"},\"sameAs\":[\"https:\/\/www.facebook.com\/miomiorun\/\",\"https:\/\/www.instagram.com\/miomiorun\/\"]}]}<\/script>\n<!-- \/ Yoast SEO plugin. -->","yoast_head_json":{"title":"Hoka Mach 6 KDZ - venden zapatillas para correr - MioMioRun","description":"La Mach 6 para ni\u00f1os es ligera, r\u00e1pida e indudablemente c\u00f3moda. Un calzado din\u00e1mico e imparable, dise\u00f1ado para recorrer largas distancias,","robots":{"index":"index","follow":"follow","max-snippet":"max-snippet:-1","max-image-preview":"max-image-preview:large","max-video-preview":"max-video-preview:-1"},"canonical":"https:\/\/www.miomiorun.com\/es\/producto\/mach-6-kdz\/","og_locale":"es_ES","og_type":"article","og_title":"Hoka Mach 6 KDZ - venden zapatillas para correr - MioMioRun","og_description":"La Mach 6 para ni\u00f1os es ligera, r\u00e1pida e indudablemente c\u00f3moda. Un calzado din\u00e1mico e imparable, dise\u00f1ado para recorrer largas distancias,","og_url":"https:\/\/www.miomiorun.com\/es\/producto\/mach-6-kdz\/","og_site_name":"MioMioRun","article_publisher":"https:\/\/www.facebook.com\/miomiorun\/","article_modified_time":"2026-05-08T16:56:17+00:00","og_image":[{"width":600,"height":600,"url":"https:\/\/www.miomiorun.com\/app\/uploads\/2024\/03\/Hoka-Mach-6-youth-peony-cerise-1147553-PNYC.webp","type":"image\/webp"}],"twitter_card":"summary_large_image","twitter_misc":{"Est. reading time":"1 minute"},"schema":{"@context":"https:\/\/schema.org","@graph":[{"@type":"WebPage","@id":"https:\/\/www.miomiorun.com\/es\/producto\/mach-6-kdz\/","url":"https:\/\/www.miomiorun.com\/es\/producto\/mach-6-kdz\/","name":"Hoka Mach 6 KDZ - venden zapatillas para correr - MioMioRun","isPartOf":{"@id":"https:\/\/www.miomiorun.com\/es\/#website"},"primaryImageOfPage":{"@id":"https:\/\/www.miomiorun.com\/es\/producto\/mach-6-kdz\/#primaryimage"},"image":{"@id":"https:\/\/www.miomiorun.com\/es\/producto\/mach-6-kdz\/#primaryimage"},"thumbnailUrl":"https:\/\/www.miomiorun.com\/app\/uploads\/2024\/03\/Hoka-Mach-6-youth-peony-cerise-1147553-PNYC.webp","datePublished":"2024-03-05T10:45:30+00:00","dateModified":"2026-05-08T16:56:17+00:00","description":"La Mach 6 para ni\u00f1os es ligera, r\u00e1pida e indudablemente c\u00f3moda. Un calzado din\u00e1mico e imparable, dise\u00f1ado para recorrer largas distancias,","breadcrumb":{"@id":"https:\/\/www.miomiorun.com\/es\/producto\/mach-6-kdz\/#breadcrumb"},"inLanguage":"es-ES","potentialAction":[{"@type":"ReadAction","target":["https:\/\/www.miomiorun.com\/es\/producto\/mach-6-kdz\/"]}]},{"@type":"ImageObject","inLanguage":"es-ES","@id":"https:\/\/www.miomiorun.com\/es\/producto\/mach-6-kdz\/#primaryimage","url":"https:\/\/www.miomiorun.com\/app\/uploads\/2024\/03\/Hoka-Mach-6-youth-peony-cerise-1147553-PNYC.webp","contentUrl":"https:\/\/www.miomiorun.com\/app\/uploads\/2024\/03\/Hoka-Mach-6-youth-peony-cerise-1147553-PNYC.webp","width":600,"height":600,"caption":"Hoka Mach 6 youth peony cerise 1147553 PNYC"},{"@type":"BreadcrumbList","@id":"https:\/\/www.miomiorun.com\/es\/producto\/mach-6-kdz\/#breadcrumb","itemListElement":[{"@type":"ListItem","position":1,"name":"Home","item":"https:\/\/www.miomiorun.com\/es\/"},{"@type":"ListItem","position":2,"name":"Shop","item":"https:\/\/www.miomiorun.com\/shop\/"},{"@type":"ListItem","position":3,"name":"Mach 6 KDZ"}]},{"@type":"WebSite","@id":"https:\/\/www.miomiorun.com\/es\/#website","url":"https:\/\/www.miomiorun.com\/es\/","name":"MioMioRun","description":"Tienda 100% running y trail","publisher":{"@id":"https:\/\/www.miomiorun.com\/es\/#organization"},"potentialAction":[{"@type":"SearchAction","target":{"@type":"EntryPoint","urlTemplate":"https:\/\/www.miomiorun.com\/es\/?s={search_term_string}"},"query-input":{"@type":"PropertyValueSpecification","valueRequired":true,"valueName":"search_term_string"}}],"inLanguage":"es-ES"},{"@type":"Organization","@id":"https:\/\/www.miomiorun.com\/es\/#organization","name":"MioMio Run","url":"https:\/\/www.miomiorun.com\/es\/","logo":{"@type":"ImageObject","inLanguage":"es-ES","@id":"https:\/\/www.miomiorun.com\/es\/#\/schema\/logo\/image\/","url":"https:\/\/www.miomiorun.com\/app\/uploads\/2019\/12\/logomio.png","contentUrl":"https:\/\/www.miomiorun.com\/app\/uploads\/2019\/12\/logomio.png","width":115,"height":82,"caption":"MioMio Run"},"image":{"@id":"https:\/\/www.miomiorun.com\/es\/#\/schema\/logo\/image\/"},"sameAs":["https:\/\/www.facebook.com\/miomiorun\/","https:\/\/www.instagram.com\/miomiorun\/"]}]}},"_links":{"self":[{"href":"https:\/\/www.miomiorun.com\/es\/wp-json\/wp\/v2\/product\/289323","targetHints":{"allow":["GET"]}}],"collection":[{"href":"https:\/\/www.miomiorun.com\/es\/wp-json\/wp\/v2\/product"}],"about":[{"href":"https:\/\/www.miomiorun.com\/es\/wp-json\/wp\/v2\/types\/product"}],"wp:featuredmedia":[{"embeddable":true,"href":"https:\/\/www.miomiorun.com\/es\/wp-json\/wp\/v2\/media\/246129"}],"wp:attachment":[{"href":"https:\/\/www.miomiorun.com\/es\/wp-json\/wp\/v2\/media?parent=289323"}],"wp:term":[{"taxonomy":"product_brand","embeddable":true,"href":"https:\/\/www.miomiorun.com\/es\/wp-json\/wp\/v2\/product_brand?post=289323"},{"taxonomy":"product_cat","embeddable":true,"href":"https:\/\/www.miomiorun.com\/es\/wp-json\/wp\/v2\/product_cat?post=289323"},{"taxonomy":"product_tag","embeddable":true,"href":"https:\/\/www.miomiorun.com\/es\/wp-json\/wp\/v2\/product_tag?post=289323"}],"curies":[{"name":"wp","href":"https:\/\/api.w.org\/{rel}","templated":true}]}}