{"id":289186,"date":"2024-02-22T13:38:07","date_gmt":"2024-02-22T12:38:07","guid":{"rendered":"https:\/\/miomiorun.com\/prodotto\/mach-6-uomo\/"},"modified":"2025-12-02T19:25:56","modified_gmt":"2025-12-02T18:25:56","slug":"mach-6-hombre","status":"publish","type":"product","link":"https:\/\/www.miomiorun.com\/es\/producto\/mach-6-hombre\/","title":{"rendered":"Mach 6 hombre"},"content":{"rendered":"<div class=\"vc-row container\"><div class=\"vc-column\"><div class=\"vc-column-text\"><\/p>\n<h4>Especificaciones t\u00e9cnicas<\/h4>\n<p>Categor\u00eda: Amortiguaci\u00f3n reactiva.<br \/>\nOffset: 5 mm.<br \/>\nPeso: 232 g<br \/>\nIdeal para: esta zapatilla, ideal para atletas r\u00e1pidos y para entrenamientos de competici\u00f3n, gracias a su amortiguaci\u00f3n suave y reactiva, tambi\u00e9n se adapta bien a atletas con caracter\u00edsticas menos exigentes que buscan una zapatilla reactiva para entrenamientos de media y corta duraci\u00f3n.<br \/>\nPeso del atleta: &lt; 70 kg<br \/>\nPaso de carrera: &lt; 4,30 min\/km<br \/>\n<a href=\"https:\/\/miomiorun.com\/es\/guia-especifica\/\">Gu\u00eda de especificaciones t\u00e9cnicas<\/a><\/p>\n<p><\/div><\/div><div class=\"vc-column\"><div class=\"vc-column-text\"><\/p>\n<h2 style=\"text-align: center\">HA LLEGADO EL MOMENTO DE PRESENTAROS LA NUEVA MACH 6<\/h2>\n<p><strong>Mach 6<\/strong> en su versi\u00f3n para hombre es la zapatilla de running m\u00e1s r\u00e1pida y reactiva de la historia, dise\u00f1ada para ofrecer el mejor rendimiento. Se ha aumentado el retorno de energ\u00eda gracias a la entresuela con espuma EVA, aplicada mediante un proceso innovador que la hace a\u00fan m\u00e1s reactiva, al tiempo que garantiza sujeci\u00f3n y amortiguaci\u00f3n en los impactos.<\/p>\n<p>La colocaci\u00f3n estrat\u00e9gica de la goma en la suela ofrece una cobertura, resistencia y tracci\u00f3n superiores para darte seguridad en los recorridos y nuevos ritmos de carrera.<\/p>\n<p>La nueva parte superior en <strong>creel jacquard<\/strong> proporciona un ajuste ligero y una transpirabilidad variable seg\u00fan las zonas, mientras que el doble fuelle interno garantiza una mayor comodidad y se adapta al pie.<\/p>\n<h4>Caracter\u00edsticas:<\/h4>\n<ul class=\"features-container\">\n<li class=\"feature-item\">Parte superior en creel jacquard<\/li>\n<li class=\"feature-item\">Delgado elemento de espuma en el cuello<\/li>\n<li class=\"feature-item\">Doble fuelle interno<\/li>\n<li class=\"feature-item\">Entresuela con espuma aplicada mediante un proceso innovador<\/li>\n<li class=\"feature-item\">Colocaci\u00f3n estrat\u00e9gica de la goma en la suela<\/li>\n<li class=\"feature-item\">Leng\u00fceta anat\u00f3mica<\/li>\n<\/ul>\n<h3>Estabilidad<\/h3>\n<p>Mach 6 cuenta con una plantilla amortiguada sim\u00e9trica, sin tecnolog\u00edas ortop\u00e9dicas adicionales. Dise\u00f1ada para ofrecerte el apoyo que necesitas, sin caracter\u00edsticas superfluas.<\/p>\n<h3>Amortiguaci\u00f3n<\/h3>\n<p>Mach 6 presenta una amortiguaci\u00f3n de perfil bajo que mantiene el pie m\u00e1s cerca del suelo y utiliza un material m\u00e1s compacto, dise\u00f1ado para hacer m\u00e1s eficiente el impulso.<\/div><\/div><\/div>\n","protected":false},"excerpt":{"rendered":"<ul class=\"m-long-description__features\">\n<li class=\"m-long-description__feature\">Ultraligera y reactiva<\/li>\n<li class=\"m-long-description__feature\">Transiciones r\u00e1pidas<\/li>\n<\/ul>\n","protected":false},"featured_media":310420,"template":"","meta":{"_acf_changed":false,"inline_featured_image":false},"product_brand":[],"product_cat":[24468,24467],"product_tag":[23479,23605],"class_list":{"0":"post-289186","1":"product","2":"type-product","3":"status-publish","4":"has-post-thumbnail","6":"product_cat-calzado-para-hombre-es","7":"product_cat-neutre-es-4","8":"product_tag-hoka-one-one-es","9":"product_tag-hoka-hombre","10":"pa_attivita-caminar","11":"pa_attivita-fitness-es","12":"pa_attivita-running-es","13":"pa_colore-mach-6-black-outer-orbit-es","14":"pa_colore-mach-6-clear-sea-sea-water-es","15":"pa_marca-hoka-es","16":"pa_sesso-hombre","17":"pa_size-45-es","18":"pa_size-46-es","20":"first","21":"instock","22":"sale","23":"taxable","24":"shipping-taxable","25":"purchasable","26":"product-type-variable","27":"wvs-archive-product-wrapper"},"acf":[],"yoast_head":"<!-- This site is optimized with the Yoast SEO plugin v26.8 - https:\/\/yoast.com\/product\/yoast-seo-wordpress\/ -->\n<title>Hoka Mach 6 hombre - zapatillas de correr - MioMioRun.com<\/title>\n<meta name=\"description\" content=\"La versi\u00f3n para hombre del Mach 6 es la zapatilla de running m\u00e1s r\u00e1pida y reactiva de la historia, dise\u00f1ada para ofrecer el m\u00e1ximo rendimiento y alcanzar nuevas metas.\" \/>\n<meta name=\"robots\" content=\"index, follow, max-snippet:-1, max-image-preview:large, max-video-preview:-1\" \/>\n<link rel=\"canonical\" href=\"https:\/\/www.miomiorun.com\/es\/producto\/mach-6-hombre\/\" \/>\n<meta property=\"og:locale\" content=\"es_ES\" \/>\n<meta property=\"og:type\" content=\"article\" \/>\n<meta property=\"og:title\" content=\"Hoka Mach 6 hombre - zapatillas de correr - MioMioRun.com\" \/>\n<meta property=\"og:description\" content=\"La versi\u00f3n para hombre del Mach 6 es la zapatilla de running m\u00e1s r\u00e1pida y reactiva de la historia, dise\u00f1ada para ofrecer el m\u00e1ximo rendimiento y alcanzar nuevas metas.\" \/>\n<meta property=\"og:url\" content=\"https:\/\/www.miomiorun.com\/es\/producto\/mach-6-hombre\/\" \/>\n<meta property=\"og:site_name\" content=\"MioMioRun\" \/>\n<meta property=\"article:publisher\" content=\"https:\/\/www.facebook.com\/miomiorun\/\" \/>\n<meta property=\"article:modified_time\" content=\"2025-12-02T18:25:56+00:00\" \/>\n<meta property=\"og:image\" content=\"https:\/\/www.miomiorun.com\/app\/uploads\/2025\/05\/hoka-Mach-6-frost-starlight-glow-1147790-FTST.webp\" \/>\n\t<meta property=\"og:image:width\" content=\"600\" \/>\n\t<meta property=\"og:image:height\" content=\"600\" \/>\n\t<meta property=\"og:image:type\" content=\"image\/webp\" \/>\n<meta name=\"twitter:card\" content=\"summary_large_image\" \/>\n<meta name=\"twitter:label1\" content=\"Est. reading time\" \/>\n\t<meta name=\"twitter:data1\" content=\"2 minutes\" \/>\n<script type=\"application\/ld+json\" class=\"yoast-schema-graph\">{\"@context\":\"https:\/\/schema.org\",\"@graph\":[{\"@type\":\"WebPage\",\"@id\":\"https:\/\/www.miomiorun.com\/es\/producto\/mach-6-hombre\/\",\"url\":\"https:\/\/www.miomiorun.com\/es\/producto\/mach-6-hombre\/\",\"name\":\"Hoka Mach 6 hombre - zapatillas de correr - MioMioRun.com\",\"isPartOf\":{\"@id\":\"https:\/\/www.miomiorun.com\/es\/#website\"},\"primaryImageOfPage\":{\"@id\":\"https:\/\/www.miomiorun.com\/es\/producto\/mach-6-hombre\/#primaryimage\"},\"image\":{\"@id\":\"https:\/\/www.miomiorun.com\/es\/producto\/mach-6-hombre\/#primaryimage\"},\"thumbnailUrl\":\"https:\/\/www.miomiorun.com\/app\/uploads\/2025\/05\/hoka-Mach-6-frost-starlight-glow-1147790-FTST.webp\",\"datePublished\":\"2024-02-22T12:38:07+00:00\",\"dateModified\":\"2025-12-02T18:25:56+00:00\",\"description\":\"La versi\u00f3n para hombre del Mach 6 es la zapatilla de running m\u00e1s r\u00e1pida y reactiva de la historia, dise\u00f1ada para ofrecer el m\u00e1ximo rendimiento y alcanzar nuevas metas.\",\"breadcrumb\":{\"@id\":\"https:\/\/www.miomiorun.com\/es\/producto\/mach-6-hombre\/#breadcrumb\"},\"inLanguage\":\"es-ES\",\"potentialAction\":[{\"@type\":\"ReadAction\",\"target\":[\"https:\/\/www.miomiorun.com\/es\/producto\/mach-6-hombre\/\"]}]},{\"@type\":\"ImageObject\",\"inLanguage\":\"es-ES\",\"@id\":\"https:\/\/www.miomiorun.com\/es\/producto\/mach-6-hombre\/#primaryimage\",\"url\":\"https:\/\/www.miomiorun.com\/app\/uploads\/2025\/05\/hoka-Mach-6-frost-starlight-glow-1147790-FTST.webp\",\"contentUrl\":\"https:\/\/www.miomiorun.com\/app\/uploads\/2025\/05\/hoka-Mach-6-frost-starlight-glow-1147790-FTST.webp\",\"width\":600,\"height\":600,\"caption\":\"hoka Mach 6 frost starlight glow 1147790 FTST\"},{\"@type\":\"BreadcrumbList\",\"@id\":\"https:\/\/www.miomiorun.com\/es\/producto\/mach-6-hombre\/#breadcrumb\",\"itemListElement\":[{\"@type\":\"ListItem\",\"position\":1,\"name\":\"Home\",\"item\":\"https:\/\/www.miomiorun.com\/es\/\"},{\"@type\":\"ListItem\",\"position\":2,\"name\":\"Shop\",\"item\":\"https:\/\/www.miomiorun.com\/shop\/\"},{\"@type\":\"ListItem\",\"position\":3,\"name\":\"Mach 6 hombre\"}]},{\"@type\":\"WebSite\",\"@id\":\"https:\/\/www.miomiorun.com\/es\/#website\",\"url\":\"https:\/\/www.miomiorun.com\/es\/\",\"name\":\"MioMioRun\",\"description\":\"Tienda 100% running y trail\",\"publisher\":{\"@id\":\"https:\/\/www.miomiorun.com\/es\/#organization\"},\"potentialAction\":[{\"@type\":\"SearchAction\",\"target\":{\"@type\":\"EntryPoint\",\"urlTemplate\":\"https:\/\/www.miomiorun.com\/es\/?s={search_term_string}\"},\"query-input\":{\"@type\":\"PropertyValueSpecification\",\"valueRequired\":true,\"valueName\":\"search_term_string\"}}],\"inLanguage\":\"es-ES\"},{\"@type\":\"Organization\",\"@id\":\"https:\/\/www.miomiorun.com\/es\/#organization\",\"name\":\"MioMio Run\",\"url\":\"https:\/\/www.miomiorun.com\/es\/\",\"logo\":{\"@type\":\"ImageObject\",\"inLanguage\":\"es-ES\",\"@id\":\"https:\/\/www.miomiorun.com\/es\/#\/schema\/logo\/image\/\",\"url\":\"https:\/\/www.miomiorun.com\/app\/uploads\/2019\/12\/logomio.png\",\"contentUrl\":\"https:\/\/www.miomiorun.com\/app\/uploads\/2019\/12\/logomio.png\",\"width\":115,\"height\":82,\"caption\":\"MioMio Run\"},\"image\":{\"@id\":\"https:\/\/www.miomiorun.com\/es\/#\/schema\/logo\/image\/\"},\"sameAs\":[\"https:\/\/www.facebook.com\/miomiorun\/\",\"https:\/\/www.instagram.com\/miomiorun\/\"]}]}<\/script>\n<!-- \/ Yoast SEO plugin. -->","yoast_head_json":{"title":"Hoka Mach 6 hombre - zapatillas de correr - MioMioRun.com","description":"La versi\u00f3n para hombre del Mach 6 es la zapatilla de running m\u00e1s r\u00e1pida y reactiva de la historia, dise\u00f1ada para ofrecer el m\u00e1ximo rendimiento y alcanzar nuevas metas.","robots":{"index":"index","follow":"follow","max-snippet":"max-snippet:-1","max-image-preview":"max-image-preview:large","max-video-preview":"max-video-preview:-1"},"canonical":"https:\/\/www.miomiorun.com\/es\/producto\/mach-6-hombre\/","og_locale":"es_ES","og_type":"article","og_title":"Hoka Mach 6 hombre - zapatillas de correr - MioMioRun.com","og_description":"La versi\u00f3n para hombre del Mach 6 es la zapatilla de running m\u00e1s r\u00e1pida y reactiva de la historia, dise\u00f1ada para ofrecer el m\u00e1ximo rendimiento y alcanzar nuevas metas.","og_url":"https:\/\/www.miomiorun.com\/es\/producto\/mach-6-hombre\/","og_site_name":"MioMioRun","article_publisher":"https:\/\/www.facebook.com\/miomiorun\/","article_modified_time":"2025-12-02T18:25:56+00:00","og_image":[{"width":600,"height":600,"url":"https:\/\/www.miomiorun.com\/app\/uploads\/2025\/05\/hoka-Mach-6-frost-starlight-glow-1147790-FTST.webp","type":"image\/webp"}],"twitter_card":"summary_large_image","twitter_misc":{"Est. reading time":"2 minutes"},"schema":{"@context":"https:\/\/schema.org","@graph":[{"@type":"WebPage","@id":"https:\/\/www.miomiorun.com\/es\/producto\/mach-6-hombre\/","url":"https:\/\/www.miomiorun.com\/es\/producto\/mach-6-hombre\/","name":"Hoka Mach 6 hombre - zapatillas de correr - MioMioRun.com","isPartOf":{"@id":"https:\/\/www.miomiorun.com\/es\/#website"},"primaryImageOfPage":{"@id":"https:\/\/www.miomiorun.com\/es\/producto\/mach-6-hombre\/#primaryimage"},"image":{"@id":"https:\/\/www.miomiorun.com\/es\/producto\/mach-6-hombre\/#primaryimage"},"thumbnailUrl":"https:\/\/www.miomiorun.com\/app\/uploads\/2025\/05\/hoka-Mach-6-frost-starlight-glow-1147790-FTST.webp","datePublished":"2024-02-22T12:38:07+00:00","dateModified":"2025-12-02T18:25:56+00:00","description":"La versi\u00f3n para hombre del Mach 6 es la zapatilla de running m\u00e1s r\u00e1pida y reactiva de la historia, dise\u00f1ada para ofrecer el m\u00e1ximo rendimiento y alcanzar nuevas metas.","breadcrumb":{"@id":"https:\/\/www.miomiorun.com\/es\/producto\/mach-6-hombre\/#breadcrumb"},"inLanguage":"es-ES","potentialAction":[{"@type":"ReadAction","target":["https:\/\/www.miomiorun.com\/es\/producto\/mach-6-hombre\/"]}]},{"@type":"ImageObject","inLanguage":"es-ES","@id":"https:\/\/www.miomiorun.com\/es\/producto\/mach-6-hombre\/#primaryimage","url":"https:\/\/www.miomiorun.com\/app\/uploads\/2025\/05\/hoka-Mach-6-frost-starlight-glow-1147790-FTST.webp","contentUrl":"https:\/\/www.miomiorun.com\/app\/uploads\/2025\/05\/hoka-Mach-6-frost-starlight-glow-1147790-FTST.webp","width":600,"height":600,"caption":"hoka Mach 6 frost starlight glow 1147790 FTST"},{"@type":"BreadcrumbList","@id":"https:\/\/www.miomiorun.com\/es\/producto\/mach-6-hombre\/#breadcrumb","itemListElement":[{"@type":"ListItem","position":1,"name":"Home","item":"https:\/\/www.miomiorun.com\/es\/"},{"@type":"ListItem","position":2,"name":"Shop","item":"https:\/\/www.miomiorun.com\/shop\/"},{"@type":"ListItem","position":3,"name":"Mach 6 hombre"}]},{"@type":"WebSite","@id":"https:\/\/www.miomiorun.com\/es\/#website","url":"https:\/\/www.miomiorun.com\/es\/","name":"MioMioRun","description":"Tienda 100% running y trail","publisher":{"@id":"https:\/\/www.miomiorun.com\/es\/#organization"},"potentialAction":[{"@type":"SearchAction","target":{"@type":"EntryPoint","urlTemplate":"https:\/\/www.miomiorun.com\/es\/?s={search_term_string}"},"query-input":{"@type":"PropertyValueSpecification","valueRequired":true,"valueName":"search_term_string"}}],"inLanguage":"es-ES"},{"@type":"Organization","@id":"https:\/\/www.miomiorun.com\/es\/#organization","name":"MioMio Run","url":"https:\/\/www.miomiorun.com\/es\/","logo":{"@type":"ImageObject","inLanguage":"es-ES","@id":"https:\/\/www.miomiorun.com\/es\/#\/schema\/logo\/image\/","url":"https:\/\/www.miomiorun.com\/app\/uploads\/2019\/12\/logomio.png","contentUrl":"https:\/\/www.miomiorun.com\/app\/uploads\/2019\/12\/logomio.png","width":115,"height":82,"caption":"MioMio Run"},"image":{"@id":"https:\/\/www.miomiorun.com\/es\/#\/schema\/logo\/image\/"},"sameAs":["https:\/\/www.facebook.com\/miomiorun\/","https:\/\/www.instagram.com\/miomiorun\/"]}]}},"_links":{"self":[{"href":"https:\/\/www.miomiorun.com\/es\/wp-json\/wp\/v2\/product\/289186","targetHints":{"allow":["GET"]}}],"collection":[{"href":"https:\/\/www.miomiorun.com\/es\/wp-json\/wp\/v2\/product"}],"about":[{"href":"https:\/\/www.miomiorun.com\/es\/wp-json\/wp\/v2\/types\/product"}],"wp:featuredmedia":[{"embeddable":true,"href":"https:\/\/www.miomiorun.com\/es\/wp-json\/wp\/v2\/media\/310420"}],"wp:attachment":[{"href":"https:\/\/www.miomiorun.com\/es\/wp-json\/wp\/v2\/media?parent=289186"}],"wp:term":[{"taxonomy":"product_brand","embeddable":true,"href":"https:\/\/www.miomiorun.com\/es\/wp-json\/wp\/v2\/product_brand?post=289186"},{"taxonomy":"product_cat","embeddable":true,"href":"https:\/\/www.miomiorun.com\/es\/wp-json\/wp\/v2\/product_cat?post=289186"},{"taxonomy":"product_tag","embeddable":true,"href":"https:\/\/www.miomiorun.com\/es\/wp-json\/wp\/v2\/product_tag?post=289186"}],"curies":[{"name":"wp","href":"https:\/\/api.w.org\/{rel}","templated":true}]}}