{"id":289163,"date":"2024-03-07T13:16:02","date_gmt":"2024-03-07T12:16:02","guid":{"rendered":"https:\/\/miomiorun.com\/prodotto\/pacer-tank-uomo\/"},"modified":"2026-05-07T15:44:04","modified_gmt":"2026-05-07T13:44:04","slug":"pacer-tank-hombre","status":"publish","type":"product","link":"https:\/\/www.miomiorun.com\/es\/producto\/pacer-tank-hombre\/","title":{"rendered":"Pacer Tank hombre"},"content":{"rendered":"<p>No te preocupes por mantener el ritmo durante las sesiones de entrenamiento m\u00e1s largas y las carreras de media distancia. La camiseta <strong>Pacer Tank<\/strong> para hombre es ligera, suave al tacto y presenta un nuevo dise\u00f1o din\u00e1mico y fresco.<\/p>\n<h3><strong>Tratada con Polygiene\u00ae para que la puedas llevar puesta m\u00e1s tiempo y la laves menos.<\/strong><\/h3>\n<h2>Tecnolog\u00edas<\/h2>\n<div class=\"data item content\" role=\"tabpanel\" aria-labelledby=\"tab-label-techinfo\" data-role=\"content\" aria-hidden=\"false\">\n<div class=\"techinfo-container\">\n<div class=\"techinfo-icons\">\n<div class=\"techinfo-icon\"><a> <img decoding=\"async\" src=\"https:\/\/www.lasportiva.com\/media\/techinfo_icons\/polygiene.png\" alt=\"La Sportiva\">&nbsp; <\/a><\/div>\n<div class=\"techinfo-icon\">La tecnolog\u00eda antibacteriana y antiolor Polygiene\u00ae es un tratamiento duradero, eficaz y sostenible que utiliza sales de plata para impedir la formaci\u00f3n de las bacterias que causan los malos olores. \u00bfEl resultado? <strong>Se pueden llevar las prendas durante m\u00e1s tiempo sin lavarlas.<\/strong><\/div>\n<div><\/div>\n<div class=\"techinfo-icon\"><\/div>\n<div class=\"techinfo-icon\"><a><img decoding=\"async\" src=\"https:\/\/www.lasportiva.com\/media\/techinfo_icons\/leggerezza.png\" alt=\"La Sportiva\"><\/a><\/div>\n<div class=\"techinfo-icon\"><strong>Ligereza: <\/strong>Productos que mantienen el peso al m\u00ednimo<\/div>\n<div class=\"techinfo-icon\"><\/div>\n<div class=\"techinfo-icon\"><\/div>\n<div class=\"techinfo-icon\"><a><img decoding=\"async\" src=\"https:\/\/www.lasportiva.com\/media\/techinfo_icons\/traspirabilita.png\" alt=\"La Sportiva\"><\/a><\/div>\n<div><strong>Transpirabilidad: <\/strong>Productos altamente transpirables para un excelente confort clim\u00e1tico.<\/div>\n<div><\/div>\n<div><\/div>\n<div><img decoding=\"async\" src=\"https:\/\/www.lasportiva.com\/media\/RECYCLEDfabric_Icone_75x75_1.png\"><\/div>\n<div>\n<p>La Sportiva fabrica productos para la monta\u00f1a desde 1928 a los pies de los Dolomitas: por eso, la atenci\u00f3n a cada detalle capaz de marcar la diferencia, incluso con respecto al entorno circundante, es m\u00e1xima. Los logotipos <strong>RECYCLED FABRIC &amp; INSULATIONS<\/strong> identifican los productos ecol\u00f3gicos que, gracias a las decisiones de producci\u00f3n y fabricaci\u00f3n, utilizan materiales derivados de la reutilizaci\u00f3n del pl\u00e1stico y que, por lo tanto, permiten al consumidor realizar una compra consciente y respetuosa con el medio ambiente.<\/p>\n<p><strong>RECYCLED FABRIC<\/strong><\/p>\n<ul>\n<li>Fibras de poli\u00e9ster fabricadas a partir de botellas de pl\u00e1stico recicladas y mediante procesos ecol\u00f3gicos.<\/li>\n<li>Las prendas confeccionadas con tejidos <strong>RECYCLED FABRIC<\/strong> contribuyen a reducir el impacto medioambiental<\/li>\n<li>Todas las sustancias petroqu\u00edmicas han sido sustituidas por el reciclaje de botellas de pl\u00e1stico<\/li>\n<li>El proceso de producci\u00f3n de las fibras recicladas reduce las emisiones de CO2 a la atm\u00f3sfera en aproximadamente un 54 %\u2022 Durabilidad y calidad garantizadas a lo largo del tiempo<\/li>\n<\/ul>\n<\/div>\n<\/div>\n<div class=\"techinfo-description\">\n<h3>Caracter\u00edsticas:<\/h3>\n<ul>\n<li>Tratamiento antiolor y antibacteriano<\/li>\n<\/ul>\n<p><b>Tejido: <\/b>principal: KSL06 100 % poli\u00e9ster reciclado<br \/>\n<b>Peso: <\/b>46<br \/>\n<b>Ajuste: <\/b>REGULAR<\/p>\n<\/div>\n<\/div>\n<\/div>\n","protected":false},"excerpt":{"rendered":"<ul>\n<li>Camiseta sin mangas ideal para tus carreras por la monta\u00f1a<\/li>\n<li>Transpirable, ligera y con protecci\u00f3n contra los olores<\/li>\n<\/ul>\n","protected":false},"featured_media":246223,"template":"","meta":{"_acf_changed":false,"inline_featured_image":false},"product_brand":[],"product_cat":[24461,24463,24464],"product_tag":[23598,23600],"class_list":{"0":"post-289163","1":"product","2":"type-product","3":"status-publish","4":"has-post-thumbnail","6":"product_cat-chalecos-es-2","7":"product_cat-ropa-de-hombre-es","8":"product_cat-hombre","9":"product_tag-la-sportiva-es","10":"product_tag-la-sportiva-hombre","11":"pa_attivita-caminar","12":"pa_attivita-trail-es","13":"pa_colore-pacer-tank-m-deep-sea-tropic-blue-es","14":"pa_marca-la-sportiva-es","15":"pa_sesso-hombre","16":"pa_size-extra-large-es","18":"first","19":"instock","20":"sale","21":"taxable","22":"shipping-taxable","23":"purchasable","24":"product-type-variable","25":"wvs-archive-product-wrapper"},"acf":[],"yoast_head":"<!-- This site is optimized with the Yoast SEO plugin v26.8 - https:\/\/yoast.com\/product\/yoast-seo-wordpress\/ -->\n<title>La Sportiva Pacer Tank hombre -camiseta sin mangas para correr -MioMioRun<\/title>\n<meta name=\"description\" content=\"No te preocupes por mantener el ritmo durante las sesiones de entrenamiento m\u00e1s largas y las carreras de media distancia.\" \/>\n<meta name=\"robots\" content=\"index, follow, max-snippet:-1, max-image-preview:large, max-video-preview:-1\" \/>\n<link rel=\"canonical\" href=\"https:\/\/www.miomiorun.com\/es\/producto\/pacer-tank-hombre\/\" \/>\n<meta property=\"og:locale\" content=\"es_ES\" \/>\n<meta property=\"og:type\" content=\"article\" \/>\n<meta property=\"og:title\" content=\"La Sportiva Pacer Tank hombre -camiseta sin mangas para correr -MioMioRun\" \/>\n<meta property=\"og:description\" content=\"No te preocupes por mantener el ritmo durante las sesiones de entrenamiento m\u00e1s largas y las carreras de media distancia.\" \/>\n<meta property=\"og:url\" content=\"https:\/\/www.miomiorun.com\/es\/producto\/pacer-tank-hombre\/\" \/>\n<meta property=\"og:site_name\" content=\"MioMioRun\" \/>\n<meta property=\"article:publisher\" content=\"https:\/\/www.facebook.com\/miomiorun\/\" \/>\n<meta property=\"article:modified_time\" content=\"2026-05-07T13:44:04+00:00\" \/>\n<meta property=\"og:image\" content=\"https:\/\/www.miomiorun.com\/app\/uploads\/2024\/04\/La-sportiva-Pacer-tank-M-bamboo-cherry-tomato-P72735322.webp\" \/>\n\t<meta property=\"og:image:width\" content=\"600\" \/>\n\t<meta property=\"og:image:height\" content=\"600\" \/>\n\t<meta property=\"og:image:type\" content=\"image\/webp\" \/>\n<meta name=\"twitter:card\" content=\"summary_large_image\" \/>\n<meta name=\"twitter:label1\" content=\"Est. reading time\" \/>\n\t<meta name=\"twitter:data1\" content=\"2 minutes\" \/>\n<script type=\"application\/ld+json\" class=\"yoast-schema-graph\">{\"@context\":\"https:\/\/schema.org\",\"@graph\":[{\"@type\":\"WebPage\",\"@id\":\"https:\/\/www.miomiorun.com\/es\/producto\/pacer-tank-hombre\/\",\"url\":\"https:\/\/www.miomiorun.com\/es\/producto\/pacer-tank-hombre\/\",\"name\":\"La Sportiva Pacer Tank hombre -camiseta sin mangas para correr -MioMioRun\",\"isPartOf\":{\"@id\":\"https:\/\/www.miomiorun.com\/es\/#website\"},\"primaryImageOfPage\":{\"@id\":\"https:\/\/www.miomiorun.com\/es\/producto\/pacer-tank-hombre\/#primaryimage\"},\"image\":{\"@id\":\"https:\/\/www.miomiorun.com\/es\/producto\/pacer-tank-hombre\/#primaryimage\"},\"thumbnailUrl\":\"https:\/\/www.miomiorun.com\/app\/uploads\/2024\/04\/La-sportiva-Pacer-tank-M-bamboo-cherry-tomato-P72735322.webp\",\"datePublished\":\"2024-03-07T12:16:02+00:00\",\"dateModified\":\"2026-05-07T13:44:04+00:00\",\"description\":\"No te preocupes por mantener el ritmo durante las sesiones de entrenamiento m\u00e1s largas y las carreras de media distancia.\",\"breadcrumb\":{\"@id\":\"https:\/\/www.miomiorun.com\/es\/producto\/pacer-tank-hombre\/#breadcrumb\"},\"inLanguage\":\"es-ES\",\"potentialAction\":[{\"@type\":\"ReadAction\",\"target\":[\"https:\/\/www.miomiorun.com\/es\/producto\/pacer-tank-hombre\/\"]}]},{\"@type\":\"ImageObject\",\"inLanguage\":\"es-ES\",\"@id\":\"https:\/\/www.miomiorun.com\/es\/producto\/pacer-tank-hombre\/#primaryimage\",\"url\":\"https:\/\/www.miomiorun.com\/app\/uploads\/2024\/04\/La-sportiva-Pacer-tank-M-bamboo-cherry-tomato-P72735322.webp\",\"contentUrl\":\"https:\/\/www.miomiorun.com\/app\/uploads\/2024\/04\/La-sportiva-Pacer-tank-M-bamboo-cherry-tomato-P72735322.webp\",\"width\":600,\"height\":600,\"caption\":\"La sportiva Pacer tank M bamboo cherry tomato P72735322\"},{\"@type\":\"BreadcrumbList\",\"@id\":\"https:\/\/www.miomiorun.com\/es\/producto\/pacer-tank-hombre\/#breadcrumb\",\"itemListElement\":[{\"@type\":\"ListItem\",\"position\":1,\"name\":\"Home\",\"item\":\"https:\/\/www.miomiorun.com\/es\/\"},{\"@type\":\"ListItem\",\"position\":2,\"name\":\"Shop\",\"item\":\"https:\/\/www.miomiorun.com\/shop\/\"},{\"@type\":\"ListItem\",\"position\":3,\"name\":\"Pacer Tank hombre\"}]},{\"@type\":\"WebSite\",\"@id\":\"https:\/\/www.miomiorun.com\/es\/#website\",\"url\":\"https:\/\/www.miomiorun.com\/es\/\",\"name\":\"MioMioRun\",\"description\":\"Tienda 100% running y trail\",\"publisher\":{\"@id\":\"https:\/\/www.miomiorun.com\/es\/#organization\"},\"potentialAction\":[{\"@type\":\"SearchAction\",\"target\":{\"@type\":\"EntryPoint\",\"urlTemplate\":\"https:\/\/www.miomiorun.com\/es\/?s={search_term_string}\"},\"query-input\":{\"@type\":\"PropertyValueSpecification\",\"valueRequired\":true,\"valueName\":\"search_term_string\"}}],\"inLanguage\":\"es-ES\"},{\"@type\":\"Organization\",\"@id\":\"https:\/\/www.miomiorun.com\/es\/#organization\",\"name\":\"MioMio Run\",\"url\":\"https:\/\/www.miomiorun.com\/es\/\",\"logo\":{\"@type\":\"ImageObject\",\"inLanguage\":\"es-ES\",\"@id\":\"https:\/\/www.miomiorun.com\/es\/#\/schema\/logo\/image\/\",\"url\":\"https:\/\/www.miomiorun.com\/app\/uploads\/2019\/12\/logomio.png\",\"contentUrl\":\"https:\/\/www.miomiorun.com\/app\/uploads\/2019\/12\/logomio.png\",\"width\":115,\"height\":82,\"caption\":\"MioMio Run\"},\"image\":{\"@id\":\"https:\/\/www.miomiorun.com\/es\/#\/schema\/logo\/image\/\"},\"sameAs\":[\"https:\/\/www.facebook.com\/miomiorun\/\",\"https:\/\/www.instagram.com\/miomiorun\/\"]}]}<\/script>\n<!-- \/ Yoast SEO plugin. -->","yoast_head_json":{"title":"La Sportiva Pacer Tank hombre -camiseta sin mangas para correr -MioMioRun","description":"No te preocupes por mantener el ritmo durante las sesiones de entrenamiento m\u00e1s largas y las carreras de media distancia.","robots":{"index":"index","follow":"follow","max-snippet":"max-snippet:-1","max-image-preview":"max-image-preview:large","max-video-preview":"max-video-preview:-1"},"canonical":"https:\/\/www.miomiorun.com\/es\/producto\/pacer-tank-hombre\/","og_locale":"es_ES","og_type":"article","og_title":"La Sportiva Pacer Tank hombre -camiseta sin mangas para correr -MioMioRun","og_description":"No te preocupes por mantener el ritmo durante las sesiones de entrenamiento m\u00e1s largas y las carreras de media distancia.","og_url":"https:\/\/www.miomiorun.com\/es\/producto\/pacer-tank-hombre\/","og_site_name":"MioMioRun","article_publisher":"https:\/\/www.facebook.com\/miomiorun\/","article_modified_time":"2026-05-07T13:44:04+00:00","og_image":[{"width":600,"height":600,"url":"https:\/\/www.miomiorun.com\/app\/uploads\/2024\/04\/La-sportiva-Pacer-tank-M-bamboo-cherry-tomato-P72735322.webp","type":"image\/webp"}],"twitter_card":"summary_large_image","twitter_misc":{"Est. reading time":"2 minutes"},"schema":{"@context":"https:\/\/schema.org","@graph":[{"@type":"WebPage","@id":"https:\/\/www.miomiorun.com\/es\/producto\/pacer-tank-hombre\/","url":"https:\/\/www.miomiorun.com\/es\/producto\/pacer-tank-hombre\/","name":"La Sportiva Pacer Tank hombre -camiseta sin mangas para correr -MioMioRun","isPartOf":{"@id":"https:\/\/www.miomiorun.com\/es\/#website"},"primaryImageOfPage":{"@id":"https:\/\/www.miomiorun.com\/es\/producto\/pacer-tank-hombre\/#primaryimage"},"image":{"@id":"https:\/\/www.miomiorun.com\/es\/producto\/pacer-tank-hombre\/#primaryimage"},"thumbnailUrl":"https:\/\/www.miomiorun.com\/app\/uploads\/2024\/04\/La-sportiva-Pacer-tank-M-bamboo-cherry-tomato-P72735322.webp","datePublished":"2024-03-07T12:16:02+00:00","dateModified":"2026-05-07T13:44:04+00:00","description":"No te preocupes por mantener el ritmo durante las sesiones de entrenamiento m\u00e1s largas y las carreras de media distancia.","breadcrumb":{"@id":"https:\/\/www.miomiorun.com\/es\/producto\/pacer-tank-hombre\/#breadcrumb"},"inLanguage":"es-ES","potentialAction":[{"@type":"ReadAction","target":["https:\/\/www.miomiorun.com\/es\/producto\/pacer-tank-hombre\/"]}]},{"@type":"ImageObject","inLanguage":"es-ES","@id":"https:\/\/www.miomiorun.com\/es\/producto\/pacer-tank-hombre\/#primaryimage","url":"https:\/\/www.miomiorun.com\/app\/uploads\/2024\/04\/La-sportiva-Pacer-tank-M-bamboo-cherry-tomato-P72735322.webp","contentUrl":"https:\/\/www.miomiorun.com\/app\/uploads\/2024\/04\/La-sportiva-Pacer-tank-M-bamboo-cherry-tomato-P72735322.webp","width":600,"height":600,"caption":"La sportiva Pacer tank M bamboo cherry tomato P72735322"},{"@type":"BreadcrumbList","@id":"https:\/\/www.miomiorun.com\/es\/producto\/pacer-tank-hombre\/#breadcrumb","itemListElement":[{"@type":"ListItem","position":1,"name":"Home","item":"https:\/\/www.miomiorun.com\/es\/"},{"@type":"ListItem","position":2,"name":"Shop","item":"https:\/\/www.miomiorun.com\/shop\/"},{"@type":"ListItem","position":3,"name":"Pacer Tank hombre"}]},{"@type":"WebSite","@id":"https:\/\/www.miomiorun.com\/es\/#website","url":"https:\/\/www.miomiorun.com\/es\/","name":"MioMioRun","description":"Tienda 100% running y trail","publisher":{"@id":"https:\/\/www.miomiorun.com\/es\/#organization"},"potentialAction":[{"@type":"SearchAction","target":{"@type":"EntryPoint","urlTemplate":"https:\/\/www.miomiorun.com\/es\/?s={search_term_string}"},"query-input":{"@type":"PropertyValueSpecification","valueRequired":true,"valueName":"search_term_string"}}],"inLanguage":"es-ES"},{"@type":"Organization","@id":"https:\/\/www.miomiorun.com\/es\/#organization","name":"MioMio Run","url":"https:\/\/www.miomiorun.com\/es\/","logo":{"@type":"ImageObject","inLanguage":"es-ES","@id":"https:\/\/www.miomiorun.com\/es\/#\/schema\/logo\/image\/","url":"https:\/\/www.miomiorun.com\/app\/uploads\/2019\/12\/logomio.png","contentUrl":"https:\/\/www.miomiorun.com\/app\/uploads\/2019\/12\/logomio.png","width":115,"height":82,"caption":"MioMio Run"},"image":{"@id":"https:\/\/www.miomiorun.com\/es\/#\/schema\/logo\/image\/"},"sameAs":["https:\/\/www.facebook.com\/miomiorun\/","https:\/\/www.instagram.com\/miomiorun\/"]}]}},"_links":{"self":[{"href":"https:\/\/www.miomiorun.com\/es\/wp-json\/wp\/v2\/product\/289163","targetHints":{"allow":["GET"]}}],"collection":[{"href":"https:\/\/www.miomiorun.com\/es\/wp-json\/wp\/v2\/product"}],"about":[{"href":"https:\/\/www.miomiorun.com\/es\/wp-json\/wp\/v2\/types\/product"}],"wp:featuredmedia":[{"embeddable":true,"href":"https:\/\/www.miomiorun.com\/es\/wp-json\/wp\/v2\/media\/246223"}],"wp:attachment":[{"href":"https:\/\/www.miomiorun.com\/es\/wp-json\/wp\/v2\/media?parent=289163"}],"wp:term":[{"taxonomy":"product_brand","embeddable":true,"href":"https:\/\/www.miomiorun.com\/es\/wp-json\/wp\/v2\/product_brand?post=289163"},{"taxonomy":"product_cat","embeddable":true,"href":"https:\/\/www.miomiorun.com\/es\/wp-json\/wp\/v2\/product_cat?post=289163"},{"taxonomy":"product_tag","embeddable":true,"href":"https:\/\/www.miomiorun.com\/es\/wp-json\/wp\/v2\/product_tag?post=289163"}],"curies":[{"name":"wp","href":"https:\/\/api.w.org\/{rel}","templated":true}]}}