{"id":289004,"date":"2023-11-16T14:07:46","date_gmt":"2023-11-16T13:07:46","guid":{"rendered":"https:\/\/miomiorun.com\/prodotto\/camisole-ultralight-cool-donna-2\/"},"modified":"2026-05-07T12:14:16","modified_gmt":"2026-05-07T10:14:16","slug":"camisole-ultralight-cool-mujer-2","status":"publish","type":"product","link":"https:\/\/www.miomiorun.com\/es\/producto\/camisole-ultralight-cool-mujer-2\/","title":{"rendered":"Camisole Ultralight Cool mujer"},"content":{"rendered":"<p><strong>Camisola Ultralight Cool<\/strong> para mujer es una prenda interior funcional dise\u00f1ada para ayudarte a ahorrar energ\u00eda en los entrenamientos m\u00e1s intensos. La prenda interior funcional Ultralight Cool ayuda al cuerpo a mantener baja la temperatura, lo que te permite dedicar toda tu energ\u00eda al deporte. La poliamida reciclada aleja la humedad del cuerpo y se seca r\u00e1pidamente, proporcionando una sensaci\u00f3n de frescor, sequedad y comodidad en todo momento. Gracias a su corte anat\u00f3mico y a la t\u00e9cnica de tejido sin costuras, la prenda se adapta perfectamente al cuerpo y ofrece una sujeci\u00f3n \u00f3ptima durante la pr\u00e1ctica deportiva.<\/p>\n<h3>Caracter\u00edsticas:<\/h3>\n<ul>\n<li class=\"product-specification__symbol\">Apto para temperaturas c\u00e1lidas a muy c\u00e1lidas<\/li>\n<li class=\"product-specification__symbol\">Extremadamente ligera: peso inferior a 50 gramos<\/li>\n<li class=\"product-specification__symbol\">100 % poliamida reciclada: una elecci\u00f3n consciente, sin renunciar a la ligereza, la resistencia y la durabilidad<\/li>\n<li class=\"product-specification__symbol\">Estructura transpirable de poliamida reciclada de secado r\u00e1pido, para una sensaci\u00f3n de frescor, sequedad y comodidad en todo momento<\/li>\n<li class=\"product-specification__symbol\">Tejido de punto anat\u00f3mico que garantiza la m\u00e1xima libertad de movimiento durante la pr\u00e1ctica deportiva<\/li>\n<li class=\"product-specification__symbol\">Apto para actividades de alta intensidad<\/li>\n<li>Corte ajustado<\/li>\n<\/ul>\n<div>\n<div class=\"product-features\"><\/div>\n<\/div>\n<p><strong><img decoding=\"async\" class=\"product-functional-symbols__image\" src=\"https:\/\/www.falke.com\/it_it\/c5c163f4c436a6d5cac26cfd6ed02ad465473f2a\/assets\/base\/staticImages\/functionalsymbols\/icon_feuchtigkeitsregulierend.svg\"><\/strong><\/p>\n<p><strong>Regula la humedad: <\/strong>una sensaci\u00f3n \u00fanica y seca sobre la piel gracias a su capacidad para absorber la humedad.<\/p>\n<p><img loading=\"lazy\" decoding=\"async\" class=\"product-functional-symbols__image\" src=\"https:\/\/www.falke.com\/it_it\/c5c163f4c436a6d5cac26cfd6ed02ad465473f2a\/assets\/base\/staticImages\/functionalsymbols\/icon_schnellste_ruecktrocknung.svg\" width=\"99\" height=\"99\"><\/p>\n<p><strong>Secado m\u00e1s r\u00e1pido:&nbsp;<\/strong>material de secado r\u00e1pido.<\/p>\n<p>&nbsp;<\/p>\n<p><img loading=\"lazy\" decoding=\"async\" class=\"product-functional-symbols__image\" src=\"https:\/\/www.falke.com\/it_it\/10300ba30d2fee935faacdb4a1d756485b8d4223\/assets\/base\/staticImages\/functionalsymbols\/icon_cooling-effect.svg\" alt=\"\" width=\"100\" height=\"100\"><\/p>\n<div class=\"product-functional-symbols__content\">\n<p class=\"product-functional-symbols__content-name\"><strong>Efecto refrescante: <\/strong>garantiza una temperatura \u00f3ptima.<\/p>\n<\/div>\n<p>&nbsp;<\/p>\n<p><img loading=\"lazy\" decoding=\"async\" class=\"product-functional-symbols__image\" src=\"https:\/\/www.falke.com\/it_it\/10300ba30d2fee935faacdb4a1d756485b8d4223\/assets\/base\/staticImages\/functionalsymbols\/icon_cool.svg\" alt=\"\" width=\"101\" height=\"101\"><\/p>\n<div class=\"product-functional-symbols__content\">\n<p class=\"product-functional-symbols__content-name\"><strong>Protecci\u00f3n frente a temperaturas exteriores templadas\/calientes: <\/strong>transporte \u00f3ptimo de la humedad y efecto refrescante.<\/p>\n<p>&nbsp;<\/p>\n<\/div>\n","protected":false},"excerpt":{"rendered":"<ul>\n<li>Camiseta sin mangas ideal para los d\u00edas de calor.<\/li>\n<li>Corte ajustado.<\/li>\n<\/ul>\n","protected":false},"featured_media":244185,"template":"","meta":{"_acf_changed":false,"inline_featured_image":false},"product_brand":[],"product_cat":[24401,24397,24402],"product_tag":[23483,23642],"class_list":{"0":"post-289004","1":"product","2":"type-product","3":"status-publish","4":"has-post-thumbnail","6":"product_cat-ropa-de-mujer","7":"product_cat-ropa-interior","8":"product_cat-mujer","9":"product_tag-falke-es","10":"product_tag-falke-mujer","11":"pa_attivita-caminar","12":"pa_attivita-fitness-es","13":"pa_attivita-running-es","14":"pa_colore-camise-cool-w-rose-es","15":"pa_colore-camise-cool-w-white-es","16":"pa_marca-craft-es","17":"pa_sesso-mujer","18":"pa_size-extra-small-es","19":"pa_size-small-es","20":"pa_size-medium-es","21":"pa_size-large-es","23":"first","24":"instock","25":"sale","26":"taxable","27":"shipping-taxable","28":"purchasable","29":"product-type-variable","30":"wvs-archive-product-wrapper"},"acf":[],"yoast_head":"<!-- This site is optimized with the Yoast SEO plugin v26.8 - https:\/\/yoast.com\/product\/yoast-seo-wordpress\/ -->\n<title>FalkeCamisole Ultralight Cool mujer - ropa interior deportiva - MioMioRun<\/title>\n<meta name=\"description\" content=\"Ultralight Cool para mujer es una prenda funcional dise\u00f1ada para ayudarte a ahorrar energ\u00eda en los entrenamientos m\u00e1s intensos. Se seca r\u00e1pidamente.\" \/>\n<meta name=\"robots\" content=\"index, follow, max-snippet:-1, max-image-preview:large, max-video-preview:-1\" \/>\n<link rel=\"canonical\" href=\"https:\/\/www.miomiorun.com\/es\/producto\/camisole-ultralight-cool-mujer-2\/\" \/>\n<meta property=\"og:locale\" content=\"es_ES\" \/>\n<meta property=\"og:type\" content=\"article\" \/>\n<meta property=\"og:title\" content=\"FalkeCamisole Ultralight Cool mujer - ropa interior deportiva - MioMioRun\" \/>\n<meta property=\"og:description\" content=\"Ultralight Cool para mujer es una prenda funcional dise\u00f1ada para ayudarte a ahorrar energ\u00eda en los entrenamientos m\u00e1s intensos. Se seca r\u00e1pidamente.\" \/>\n<meta property=\"og:url\" content=\"https:\/\/www.miomiorun.com\/es\/producto\/camisole-ultralight-cool-mujer-2\/\" \/>\n<meta property=\"og:site_name\" content=\"MioMioRun\" \/>\n<meta property=\"article:publisher\" content=\"https:\/\/www.facebook.com\/miomiorun\/\" \/>\n<meta property=\"article:modified_time\" content=\"2026-05-07T10:14:16+00:00\" \/>\n<meta property=\"og:image\" content=\"https:\/\/www.miomiorun.com\/app\/uploads\/2023\/12\/falke-camise-cool-W-white-33272-2860.jpg\" \/>\n\t<meta property=\"og:image:width\" content=\"600\" \/>\n\t<meta property=\"og:image:height\" content=\"600\" \/>\n\t<meta property=\"og:image:type\" content=\"image\/jpeg\" \/>\n<meta name=\"twitter:card\" content=\"summary_large_image\" \/>\n<meta name=\"twitter:label1\" content=\"Est. reading time\" \/>\n\t<meta name=\"twitter:data1\" content=\"1 minute\" \/>\n<script type=\"application\/ld+json\" class=\"yoast-schema-graph\">{\"@context\":\"https:\/\/schema.org\",\"@graph\":[{\"@type\":\"WebPage\",\"@id\":\"https:\/\/www.miomiorun.com\/es\/producto\/camisole-ultralight-cool-mujer-2\/\",\"url\":\"https:\/\/www.miomiorun.com\/es\/producto\/camisole-ultralight-cool-mujer-2\/\",\"name\":\"FalkeCamisole Ultralight Cool mujer - ropa interior deportiva - MioMioRun\",\"isPartOf\":{\"@id\":\"https:\/\/www.miomiorun.com\/es\/#website\"},\"primaryImageOfPage\":{\"@id\":\"https:\/\/www.miomiorun.com\/es\/producto\/camisole-ultralight-cool-mujer-2\/#primaryimage\"},\"image\":{\"@id\":\"https:\/\/www.miomiorun.com\/es\/producto\/camisole-ultralight-cool-mujer-2\/#primaryimage\"},\"thumbnailUrl\":\"https:\/\/www.miomiorun.com\/app\/uploads\/2023\/12\/falke-camise-cool-W-white-33272-2860.jpg\",\"datePublished\":\"2023-11-16T13:07:46+00:00\",\"dateModified\":\"2026-05-07T10:14:16+00:00\",\"description\":\"Ultralight Cool para mujer es una prenda funcional dise\u00f1ada para ayudarte a ahorrar energ\u00eda en los entrenamientos m\u00e1s intensos. Se seca r\u00e1pidamente.\",\"breadcrumb\":{\"@id\":\"https:\/\/www.miomiorun.com\/es\/producto\/camisole-ultralight-cool-mujer-2\/#breadcrumb\"},\"inLanguage\":\"es-ES\",\"potentialAction\":[{\"@type\":\"ReadAction\",\"target\":[\"https:\/\/www.miomiorun.com\/es\/producto\/camisole-ultralight-cool-mujer-2\/\"]}]},{\"@type\":\"ImageObject\",\"inLanguage\":\"es-ES\",\"@id\":\"https:\/\/www.miomiorun.com\/es\/producto\/camisole-ultralight-cool-mujer-2\/#primaryimage\",\"url\":\"https:\/\/www.miomiorun.com\/app\/uploads\/2023\/12\/falke-camise-cool-W-white-33272-2860.jpg\",\"contentUrl\":\"https:\/\/www.miomiorun.com\/app\/uploads\/2023\/12\/falke-camise-cool-W-white-33272-2860.jpg\",\"width\":600,\"height\":600,\"caption\":\"falke-camise-cool-W-white-33272-2860\"},{\"@type\":\"BreadcrumbList\",\"@id\":\"https:\/\/www.miomiorun.com\/es\/producto\/camisole-ultralight-cool-mujer-2\/#breadcrumb\",\"itemListElement\":[{\"@type\":\"ListItem\",\"position\":1,\"name\":\"Home\",\"item\":\"https:\/\/www.miomiorun.com\/es\/\"},{\"@type\":\"ListItem\",\"position\":2,\"name\":\"Shop\",\"item\":\"https:\/\/www.miomiorun.com\/shop\/\"},{\"@type\":\"ListItem\",\"position\":3,\"name\":\"Camisole Ultralight Cool mujer\"}]},{\"@type\":\"WebSite\",\"@id\":\"https:\/\/www.miomiorun.com\/es\/#website\",\"url\":\"https:\/\/www.miomiorun.com\/es\/\",\"name\":\"MioMioRun\",\"description\":\"Tienda 100% running y trail\",\"publisher\":{\"@id\":\"https:\/\/www.miomiorun.com\/es\/#organization\"},\"potentialAction\":[{\"@type\":\"SearchAction\",\"target\":{\"@type\":\"EntryPoint\",\"urlTemplate\":\"https:\/\/www.miomiorun.com\/es\/?s={search_term_string}\"},\"query-input\":{\"@type\":\"PropertyValueSpecification\",\"valueRequired\":true,\"valueName\":\"search_term_string\"}}],\"inLanguage\":\"es-ES\"},{\"@type\":\"Organization\",\"@id\":\"https:\/\/www.miomiorun.com\/es\/#organization\",\"name\":\"MioMio Run\",\"url\":\"https:\/\/www.miomiorun.com\/es\/\",\"logo\":{\"@type\":\"ImageObject\",\"inLanguage\":\"es-ES\",\"@id\":\"https:\/\/www.miomiorun.com\/es\/#\/schema\/logo\/image\/\",\"url\":\"https:\/\/www.miomiorun.com\/app\/uploads\/2019\/12\/logomio.png\",\"contentUrl\":\"https:\/\/www.miomiorun.com\/app\/uploads\/2019\/12\/logomio.png\",\"width\":115,\"height\":82,\"caption\":\"MioMio Run\"},\"image\":{\"@id\":\"https:\/\/www.miomiorun.com\/es\/#\/schema\/logo\/image\/\"},\"sameAs\":[\"https:\/\/www.facebook.com\/miomiorun\/\",\"https:\/\/www.instagram.com\/miomiorun\/\"]}]}<\/script>\n<!-- \/ Yoast SEO plugin. -->","yoast_head_json":{"title":"FalkeCamisole Ultralight Cool mujer - ropa interior deportiva - MioMioRun","description":"Ultralight Cool para mujer es una prenda funcional dise\u00f1ada para ayudarte a ahorrar energ\u00eda en los entrenamientos m\u00e1s intensos. Se seca r\u00e1pidamente.","robots":{"index":"index","follow":"follow","max-snippet":"max-snippet:-1","max-image-preview":"max-image-preview:large","max-video-preview":"max-video-preview:-1"},"canonical":"https:\/\/www.miomiorun.com\/es\/producto\/camisole-ultralight-cool-mujer-2\/","og_locale":"es_ES","og_type":"article","og_title":"FalkeCamisole Ultralight Cool mujer - ropa interior deportiva - MioMioRun","og_description":"Ultralight Cool para mujer es una prenda funcional dise\u00f1ada para ayudarte a ahorrar energ\u00eda en los entrenamientos m\u00e1s intensos. Se seca r\u00e1pidamente.","og_url":"https:\/\/www.miomiorun.com\/es\/producto\/camisole-ultralight-cool-mujer-2\/","og_site_name":"MioMioRun","article_publisher":"https:\/\/www.facebook.com\/miomiorun\/","article_modified_time":"2026-05-07T10:14:16+00:00","og_image":[{"width":600,"height":600,"url":"https:\/\/www.miomiorun.com\/app\/uploads\/2023\/12\/falke-camise-cool-W-white-33272-2860.jpg","type":"image\/jpeg"}],"twitter_card":"summary_large_image","twitter_misc":{"Est. reading time":"1 minute"},"schema":{"@context":"https:\/\/schema.org","@graph":[{"@type":"WebPage","@id":"https:\/\/www.miomiorun.com\/es\/producto\/camisole-ultralight-cool-mujer-2\/","url":"https:\/\/www.miomiorun.com\/es\/producto\/camisole-ultralight-cool-mujer-2\/","name":"FalkeCamisole Ultralight Cool mujer - ropa interior deportiva - MioMioRun","isPartOf":{"@id":"https:\/\/www.miomiorun.com\/es\/#website"},"primaryImageOfPage":{"@id":"https:\/\/www.miomiorun.com\/es\/producto\/camisole-ultralight-cool-mujer-2\/#primaryimage"},"image":{"@id":"https:\/\/www.miomiorun.com\/es\/producto\/camisole-ultralight-cool-mujer-2\/#primaryimage"},"thumbnailUrl":"https:\/\/www.miomiorun.com\/app\/uploads\/2023\/12\/falke-camise-cool-W-white-33272-2860.jpg","datePublished":"2023-11-16T13:07:46+00:00","dateModified":"2026-05-07T10:14:16+00:00","description":"Ultralight Cool para mujer es una prenda funcional dise\u00f1ada para ayudarte a ahorrar energ\u00eda en los entrenamientos m\u00e1s intensos. Se seca r\u00e1pidamente.","breadcrumb":{"@id":"https:\/\/www.miomiorun.com\/es\/producto\/camisole-ultralight-cool-mujer-2\/#breadcrumb"},"inLanguage":"es-ES","potentialAction":[{"@type":"ReadAction","target":["https:\/\/www.miomiorun.com\/es\/producto\/camisole-ultralight-cool-mujer-2\/"]}]},{"@type":"ImageObject","inLanguage":"es-ES","@id":"https:\/\/www.miomiorun.com\/es\/producto\/camisole-ultralight-cool-mujer-2\/#primaryimage","url":"https:\/\/www.miomiorun.com\/app\/uploads\/2023\/12\/falke-camise-cool-W-white-33272-2860.jpg","contentUrl":"https:\/\/www.miomiorun.com\/app\/uploads\/2023\/12\/falke-camise-cool-W-white-33272-2860.jpg","width":600,"height":600,"caption":"falke-camise-cool-W-white-33272-2860"},{"@type":"BreadcrumbList","@id":"https:\/\/www.miomiorun.com\/es\/producto\/camisole-ultralight-cool-mujer-2\/#breadcrumb","itemListElement":[{"@type":"ListItem","position":1,"name":"Home","item":"https:\/\/www.miomiorun.com\/es\/"},{"@type":"ListItem","position":2,"name":"Shop","item":"https:\/\/www.miomiorun.com\/shop\/"},{"@type":"ListItem","position":3,"name":"Camisole Ultralight Cool mujer"}]},{"@type":"WebSite","@id":"https:\/\/www.miomiorun.com\/es\/#website","url":"https:\/\/www.miomiorun.com\/es\/","name":"MioMioRun","description":"Tienda 100% running y trail","publisher":{"@id":"https:\/\/www.miomiorun.com\/es\/#organization"},"potentialAction":[{"@type":"SearchAction","target":{"@type":"EntryPoint","urlTemplate":"https:\/\/www.miomiorun.com\/es\/?s={search_term_string}"},"query-input":{"@type":"PropertyValueSpecification","valueRequired":true,"valueName":"search_term_string"}}],"inLanguage":"es-ES"},{"@type":"Organization","@id":"https:\/\/www.miomiorun.com\/es\/#organization","name":"MioMio Run","url":"https:\/\/www.miomiorun.com\/es\/","logo":{"@type":"ImageObject","inLanguage":"es-ES","@id":"https:\/\/www.miomiorun.com\/es\/#\/schema\/logo\/image\/","url":"https:\/\/www.miomiorun.com\/app\/uploads\/2019\/12\/logomio.png","contentUrl":"https:\/\/www.miomiorun.com\/app\/uploads\/2019\/12\/logomio.png","width":115,"height":82,"caption":"MioMio Run"},"image":{"@id":"https:\/\/www.miomiorun.com\/es\/#\/schema\/logo\/image\/"},"sameAs":["https:\/\/www.facebook.com\/miomiorun\/","https:\/\/www.instagram.com\/miomiorun\/"]}]}},"_links":{"self":[{"href":"https:\/\/www.miomiorun.com\/es\/wp-json\/wp\/v2\/product\/289004","targetHints":{"allow":["GET"]}}],"collection":[{"href":"https:\/\/www.miomiorun.com\/es\/wp-json\/wp\/v2\/product"}],"about":[{"href":"https:\/\/www.miomiorun.com\/es\/wp-json\/wp\/v2\/types\/product"}],"wp:featuredmedia":[{"embeddable":true,"href":"https:\/\/www.miomiorun.com\/es\/wp-json\/wp\/v2\/media\/244185"}],"wp:attachment":[{"href":"https:\/\/www.miomiorun.com\/es\/wp-json\/wp\/v2\/media?parent=289004"}],"wp:term":[{"taxonomy":"product_brand","embeddable":true,"href":"https:\/\/www.miomiorun.com\/es\/wp-json\/wp\/v2\/product_brand?post=289004"},{"taxonomy":"product_cat","embeddable":true,"href":"https:\/\/www.miomiorun.com\/es\/wp-json\/wp\/v2\/product_cat?post=289004"},{"taxonomy":"product_tag","embeddable":true,"href":"https:\/\/www.miomiorun.com\/es\/wp-json\/wp\/v2\/product_tag?post=289004"}],"curies":[{"name":"wp","href":"https:\/\/api.w.org\/{rel}","templated":true}]}}