{"id":288984,"date":"2023-11-17T16:01:49","date_gmt":"2023-11-17T15:01:49","guid":{"rendered":"https:\/\/miomiorun.com\/prodotto\/staffa-da-tubolare-per-piccolo-diametro-virb\/"},"modified":"2026-05-07T12:16:16","modified_gmt":"2026-05-07T10:16:16","slug":"soporte-para-tubo-de-diametro-pequeno-virb","status":"publish","type":"product","link":"https:\/\/www.miomiorun.com\/es\/producto\/soporte-para-tubo-de-diametro-pequeno-virb\/","title":{"rendered":"Soporte para tubo de di\u00e1metro peque\u00f1o VIRB"},"content":{"rendered":"<div class=\"vc-row container\"><div class=\"vc-column\"><div class=\"vc-column-text\">Instala la VIRB en una estructura tubular de di\u00e1metro reducido para capturar todos los momentos de tu aventura. Utiliza el adaptador grueso o fino para ajustar perfectamente el soporte y fijar con firmeza la c\u00e1mara de acci\u00f3n en la posici\u00f3n deseada.<\/p>\n<p>Los di\u00e1metros flexibles para tubos var\u00edan entre 0,35&#8243; y 0,95&#8243;, y el soporte se puede utilizar en m\u00faltiples estructuras tubulares, incluyendo bastones de esqu\u00ed, culatas de rifle y mucho m\u00e1s. El soporte incluye juntas de encaje que permiten una fijaci\u00f3n segura en su sitio para un bloqueo m\u00e1s fiable, duradero y antivibraci\u00f3n.<\/div> <\/div><\/div>\n","protected":false},"excerpt":{"rendered":"","protected":false},"featured_media":243979,"template":"","meta":{"_acf_changed":false,"inline_featured_image":false},"product_brand":[],"product_cat":[24208,22536],"product_tag":[23481],"class_list":{"0":"post-288984","1":"product","2":"type-product","3":"status-publish","4":"has-post-thumbnail","6":"product_cat-accesorios-es","7":"product_cat-garmin-es","8":"product_tag-garmin-es","9":"pa_marca-garmin-es","10":"pa_sesso-hombre","11":"pa_sesso-mujer","13":"first","14":"instock","15":"sale","16":"taxable","17":"shipping-taxable","18":"purchasable","19":"product-type-simple"},"acf":[],"yoast_head":"<!-- This site is optimized with the Yoast SEO plugin v26.8 - https:\/\/yoast.com\/product\/yoast-seo-wordpress\/ -->\n<title>Garmin Soporte para tubo de di\u00e1metro peque\u00f1o VIRB - MioMioRun<\/title>\n<meta name=\"description\" content=\"Instala la VIRB en una estructura tubular de di\u00e1metro reducido para capturar todos los momentos de tu aventura. Fijaci\u00f3n para un agarre m\u00e1s seguro.\" \/>\n<meta name=\"robots\" content=\"index, follow, max-snippet:-1, max-image-preview:large, max-video-preview:-1\" \/>\n<link rel=\"canonical\" href=\"https:\/\/www.miomiorun.com\/es\/producto\/soporte-para-tubo-de-diametro-pequeno-virb\/\" \/>\n<meta property=\"og:locale\" content=\"es_ES\" \/>\n<meta property=\"og:type\" content=\"article\" \/>\n<meta property=\"og:title\" content=\"Garmin Soporte para tubo de di\u00e1metro peque\u00f1o VIRB - MioMioRun\" \/>\n<meta property=\"og:description\" content=\"Instala la VIRB en una estructura tubular de di\u00e1metro reducido para capturar todos los momentos de tu aventura. Fijaci\u00f3n para un agarre m\u00e1s seguro.\" \/>\n<meta property=\"og:url\" content=\"https:\/\/www.miomiorun.com\/es\/producto\/soporte-para-tubo-de-diametro-pequeno-virb\/\" \/>\n<meta property=\"og:site_name\" content=\"MioMioRun\" \/>\n<meta property=\"article:publisher\" content=\"https:\/\/www.facebook.com\/miomiorun\/\" \/>\n<meta property=\"article:modified_time\" content=\"2026-05-07T10:16:16+00:00\" \/>\n<meta property=\"og:image\" content=\"https:\/\/www.miomiorun.com\/app\/uploads\/2023\/11\/garmin-STAFFA-VIRB-010-11921-15.jpg\" \/>\n\t<meta property=\"og:image:width\" content=\"600\" \/>\n\t<meta property=\"og:image:height\" content=\"600\" \/>\n\t<meta property=\"og:image:type\" content=\"image\/jpeg\" \/>\n<meta name=\"twitter:card\" content=\"summary_large_image\" \/>\n<meta name=\"twitter:label1\" content=\"Est. reading time\" \/>\n\t<meta name=\"twitter:data1\" content=\"1 minute\" \/>\n<script type=\"application\/ld+json\" class=\"yoast-schema-graph\">{\"@context\":\"https:\/\/schema.org\",\"@graph\":[{\"@type\":\"WebPage\",\"@id\":\"https:\/\/www.miomiorun.com\/es\/producto\/soporte-para-tubo-de-diametro-pequeno-virb\/\",\"url\":\"https:\/\/www.miomiorun.com\/es\/producto\/soporte-para-tubo-de-diametro-pequeno-virb\/\",\"name\":\"Garmin Soporte para tubo de di\u00e1metro peque\u00f1o VIRB - MioMioRun\",\"isPartOf\":{\"@id\":\"https:\/\/www.miomiorun.com\/es\/#website\"},\"primaryImageOfPage\":{\"@id\":\"https:\/\/www.miomiorun.com\/es\/producto\/soporte-para-tubo-de-diametro-pequeno-virb\/#primaryimage\"},\"image\":{\"@id\":\"https:\/\/www.miomiorun.com\/es\/producto\/soporte-para-tubo-de-diametro-pequeno-virb\/#primaryimage\"},\"thumbnailUrl\":\"https:\/\/www.miomiorun.com\/app\/uploads\/2023\/11\/garmin-STAFFA-VIRB-010-11921-15.jpg\",\"datePublished\":\"2023-11-17T15:01:49+00:00\",\"dateModified\":\"2026-05-07T10:16:16+00:00\",\"description\":\"Instala la VIRB en una estructura tubular de di\u00e1metro reducido para capturar todos los momentos de tu aventura. Fijaci\u00f3n para un agarre m\u00e1s seguro.\",\"breadcrumb\":{\"@id\":\"https:\/\/www.miomiorun.com\/es\/producto\/soporte-para-tubo-de-diametro-pequeno-virb\/#breadcrumb\"},\"inLanguage\":\"es-ES\",\"potentialAction\":[{\"@type\":\"ReadAction\",\"target\":[\"https:\/\/www.miomiorun.com\/es\/producto\/soporte-para-tubo-de-diametro-pequeno-virb\/\"]}]},{\"@type\":\"ImageObject\",\"inLanguage\":\"es-ES\",\"@id\":\"https:\/\/www.miomiorun.com\/es\/producto\/soporte-para-tubo-de-diametro-pequeno-virb\/#primaryimage\",\"url\":\"https:\/\/www.miomiorun.com\/app\/uploads\/2023\/11\/garmin-STAFFA-VIRB-010-11921-15.jpg\",\"contentUrl\":\"https:\/\/www.miomiorun.com\/app\/uploads\/2023\/11\/garmin-STAFFA-VIRB-010-11921-15.jpg\",\"width\":600,\"height\":600,\"caption\":\"garmin-STAFFA-VIRB-010-11921-15\"},{\"@type\":\"BreadcrumbList\",\"@id\":\"https:\/\/www.miomiorun.com\/es\/producto\/soporte-para-tubo-de-diametro-pequeno-virb\/#breadcrumb\",\"itemListElement\":[{\"@type\":\"ListItem\",\"position\":1,\"name\":\"Home\",\"item\":\"https:\/\/www.miomiorun.com\/es\/\"},{\"@type\":\"ListItem\",\"position\":2,\"name\":\"Shop\",\"item\":\"https:\/\/www.miomiorun.com\/shop\/\"},{\"@type\":\"ListItem\",\"position\":3,\"name\":\"Soporte para tubo de di\u00e1metro peque\u00f1o VIRB\"}]},{\"@type\":\"WebSite\",\"@id\":\"https:\/\/www.miomiorun.com\/es\/#website\",\"url\":\"https:\/\/www.miomiorun.com\/es\/\",\"name\":\"MioMioRun\",\"description\":\"Tienda 100% running y trail\",\"publisher\":{\"@id\":\"https:\/\/www.miomiorun.com\/es\/#organization\"},\"potentialAction\":[{\"@type\":\"SearchAction\",\"target\":{\"@type\":\"EntryPoint\",\"urlTemplate\":\"https:\/\/www.miomiorun.com\/es\/?s={search_term_string}\"},\"query-input\":{\"@type\":\"PropertyValueSpecification\",\"valueRequired\":true,\"valueName\":\"search_term_string\"}}],\"inLanguage\":\"es-ES\"},{\"@type\":\"Organization\",\"@id\":\"https:\/\/www.miomiorun.com\/es\/#organization\",\"name\":\"MioMio Run\",\"url\":\"https:\/\/www.miomiorun.com\/es\/\",\"logo\":{\"@type\":\"ImageObject\",\"inLanguage\":\"es-ES\",\"@id\":\"https:\/\/www.miomiorun.com\/es\/#\/schema\/logo\/image\/\",\"url\":\"https:\/\/www.miomiorun.com\/app\/uploads\/2019\/12\/logomio.png\",\"contentUrl\":\"https:\/\/www.miomiorun.com\/app\/uploads\/2019\/12\/logomio.png\",\"width\":115,\"height\":82,\"caption\":\"MioMio Run\"},\"image\":{\"@id\":\"https:\/\/www.miomiorun.com\/es\/#\/schema\/logo\/image\/\"},\"sameAs\":[\"https:\/\/www.facebook.com\/miomiorun\/\",\"https:\/\/www.instagram.com\/miomiorun\/\"]}]}<\/script>\n<!-- \/ Yoast SEO plugin. -->","yoast_head_json":{"title":"Garmin Soporte para tubo de di\u00e1metro peque\u00f1o VIRB - MioMioRun","description":"Instala la VIRB en una estructura tubular de di\u00e1metro reducido para capturar todos los momentos de tu aventura. Fijaci\u00f3n para un agarre m\u00e1s seguro.","robots":{"index":"index","follow":"follow","max-snippet":"max-snippet:-1","max-image-preview":"max-image-preview:large","max-video-preview":"max-video-preview:-1"},"canonical":"https:\/\/www.miomiorun.com\/es\/producto\/soporte-para-tubo-de-diametro-pequeno-virb\/","og_locale":"es_ES","og_type":"article","og_title":"Garmin Soporte para tubo de di\u00e1metro peque\u00f1o VIRB - MioMioRun","og_description":"Instala la VIRB en una estructura tubular de di\u00e1metro reducido para capturar todos los momentos de tu aventura. Fijaci\u00f3n para un agarre m\u00e1s seguro.","og_url":"https:\/\/www.miomiorun.com\/es\/producto\/soporte-para-tubo-de-diametro-pequeno-virb\/","og_site_name":"MioMioRun","article_publisher":"https:\/\/www.facebook.com\/miomiorun\/","article_modified_time":"2026-05-07T10:16:16+00:00","og_image":[{"width":600,"height":600,"url":"https:\/\/www.miomiorun.com\/app\/uploads\/2023\/11\/garmin-STAFFA-VIRB-010-11921-15.jpg","type":"image\/jpeg"}],"twitter_card":"summary_large_image","twitter_misc":{"Est. reading time":"1 minute"},"schema":{"@context":"https:\/\/schema.org","@graph":[{"@type":"WebPage","@id":"https:\/\/www.miomiorun.com\/es\/producto\/soporte-para-tubo-de-diametro-pequeno-virb\/","url":"https:\/\/www.miomiorun.com\/es\/producto\/soporte-para-tubo-de-diametro-pequeno-virb\/","name":"Garmin Soporte para tubo de di\u00e1metro peque\u00f1o VIRB - MioMioRun","isPartOf":{"@id":"https:\/\/www.miomiorun.com\/es\/#website"},"primaryImageOfPage":{"@id":"https:\/\/www.miomiorun.com\/es\/producto\/soporte-para-tubo-de-diametro-pequeno-virb\/#primaryimage"},"image":{"@id":"https:\/\/www.miomiorun.com\/es\/producto\/soporte-para-tubo-de-diametro-pequeno-virb\/#primaryimage"},"thumbnailUrl":"https:\/\/www.miomiorun.com\/app\/uploads\/2023\/11\/garmin-STAFFA-VIRB-010-11921-15.jpg","datePublished":"2023-11-17T15:01:49+00:00","dateModified":"2026-05-07T10:16:16+00:00","description":"Instala la VIRB en una estructura tubular de di\u00e1metro reducido para capturar todos los momentos de tu aventura. Fijaci\u00f3n para un agarre m\u00e1s seguro.","breadcrumb":{"@id":"https:\/\/www.miomiorun.com\/es\/producto\/soporte-para-tubo-de-diametro-pequeno-virb\/#breadcrumb"},"inLanguage":"es-ES","potentialAction":[{"@type":"ReadAction","target":["https:\/\/www.miomiorun.com\/es\/producto\/soporte-para-tubo-de-diametro-pequeno-virb\/"]}]},{"@type":"ImageObject","inLanguage":"es-ES","@id":"https:\/\/www.miomiorun.com\/es\/producto\/soporte-para-tubo-de-diametro-pequeno-virb\/#primaryimage","url":"https:\/\/www.miomiorun.com\/app\/uploads\/2023\/11\/garmin-STAFFA-VIRB-010-11921-15.jpg","contentUrl":"https:\/\/www.miomiorun.com\/app\/uploads\/2023\/11\/garmin-STAFFA-VIRB-010-11921-15.jpg","width":600,"height":600,"caption":"garmin-STAFFA-VIRB-010-11921-15"},{"@type":"BreadcrumbList","@id":"https:\/\/www.miomiorun.com\/es\/producto\/soporte-para-tubo-de-diametro-pequeno-virb\/#breadcrumb","itemListElement":[{"@type":"ListItem","position":1,"name":"Home","item":"https:\/\/www.miomiorun.com\/es\/"},{"@type":"ListItem","position":2,"name":"Shop","item":"https:\/\/www.miomiorun.com\/shop\/"},{"@type":"ListItem","position":3,"name":"Soporte para tubo de di\u00e1metro peque\u00f1o VIRB"}]},{"@type":"WebSite","@id":"https:\/\/www.miomiorun.com\/es\/#website","url":"https:\/\/www.miomiorun.com\/es\/","name":"MioMioRun","description":"Tienda 100% running y trail","publisher":{"@id":"https:\/\/www.miomiorun.com\/es\/#organization"},"potentialAction":[{"@type":"SearchAction","target":{"@type":"EntryPoint","urlTemplate":"https:\/\/www.miomiorun.com\/es\/?s={search_term_string}"},"query-input":{"@type":"PropertyValueSpecification","valueRequired":true,"valueName":"search_term_string"}}],"inLanguage":"es-ES"},{"@type":"Organization","@id":"https:\/\/www.miomiorun.com\/es\/#organization","name":"MioMio Run","url":"https:\/\/www.miomiorun.com\/es\/","logo":{"@type":"ImageObject","inLanguage":"es-ES","@id":"https:\/\/www.miomiorun.com\/es\/#\/schema\/logo\/image\/","url":"https:\/\/www.miomiorun.com\/app\/uploads\/2019\/12\/logomio.png","contentUrl":"https:\/\/www.miomiorun.com\/app\/uploads\/2019\/12\/logomio.png","width":115,"height":82,"caption":"MioMio Run"},"image":{"@id":"https:\/\/www.miomiorun.com\/es\/#\/schema\/logo\/image\/"},"sameAs":["https:\/\/www.facebook.com\/miomiorun\/","https:\/\/www.instagram.com\/miomiorun\/"]}]}},"_links":{"self":[{"href":"https:\/\/www.miomiorun.com\/es\/wp-json\/wp\/v2\/product\/288984","targetHints":{"allow":["GET"]}}],"collection":[{"href":"https:\/\/www.miomiorun.com\/es\/wp-json\/wp\/v2\/product"}],"about":[{"href":"https:\/\/www.miomiorun.com\/es\/wp-json\/wp\/v2\/types\/product"}],"wp:featuredmedia":[{"embeddable":true,"href":"https:\/\/www.miomiorun.com\/es\/wp-json\/wp\/v2\/media\/243979"}],"wp:attachment":[{"href":"https:\/\/www.miomiorun.com\/es\/wp-json\/wp\/v2\/media?parent=288984"}],"wp:term":[{"taxonomy":"product_brand","embeddable":true,"href":"https:\/\/www.miomiorun.com\/es\/wp-json\/wp\/v2\/product_brand?post=288984"},{"taxonomy":"product_cat","embeddable":true,"href":"https:\/\/www.miomiorun.com\/es\/wp-json\/wp\/v2\/product_cat?post=288984"},{"taxonomy":"product_tag","embeddable":true,"href":"https:\/\/www.miomiorun.com\/es\/wp-json\/wp\/v2\/product_tag?post=288984"}],"curies":[{"name":"wp","href":"https:\/\/api.w.org\/{rel}","templated":true}]}}