{"id":288839,"date":"2023-12-14T14:02:37","date_gmt":"2023-12-14T13:02:37","guid":{"rendered":"https:\/\/miomiorun.com\/prodotto\/destiny-duvet-donna\/"},"modified":"2025-11-05T16:34:19","modified_gmt":"2025-11-05T15:34:19","slug":"destiny-duvet-mujer","status":"publish","type":"product","link":"https:\/\/www.miomiorun.com\/es\/producto\/destiny-duvet-mujer\/","title":{"rendered":"Destiny Duvet mujer"},"content":{"rendered":"<div class=\"product-attribute product-attribute-passion\">\n<p><strong>Destiny Duvet<\/strong> para mujer es una chaqueta acolchada, pero ultraligera, confeccionada en tejido de nailon de 2 capas DWR con membrana 15K\/15K, una prenda ideal para la escalada, el alpinismo y diversas actividades al aire libre.<\/p>\n<p><strong>Caracter\u00edsticas:<\/strong><\/p>\n<p>\u2022 Chaqueta acolchada para mujer con capucha.<br \/>\n\u2022 Tejido de nailon de 2 capas DWR con membrana 15K\/15K.<br \/>\n\u2022 Forro de nailon DWR.<br \/>\n\u2022 Acolchado 100 % poli\u00e9ster reciclado Comfortemp Down feel.<br \/>\n\u2022 Acolchado secundario ultraligero de poli\u00e9ster Comfortemp\u00ae 60 g.<br \/>\n\u2022 Cremallera central delantera, bolsillos con cremallera.<br \/>\n\u2022 Capucha con banda ajustable en la frente con acabado el\u00e1stico<br \/>\n\u2022 Pu\u00f1os y bajo con acabado el\u00e1stico<br \/>\n\u2022 Prenda ideal para diversas actividades al aire libre y de ocio en climas fr\u00edos<\/p>\n<p class=\"product-weight\">Peso: 0,5 kg<\/p>\n<div class=\"product-info-main\">\n<div>\n<div class=\"attribute_container tw-pb-24 last-of-type:tw-pb-0\">\n<div class=\"content__image-wrapper tw-w-fit \">\n<div class=\"content__image tw-relative tw-w-[3.2rem]\"><img loading=\"lazy\" decoding=\"async\" class=\"tw-absolute tw-top-0 tw-left-0 tw-w-full tw-h-full\" src=\"https:\/\/www.montura.com\/cdn\/shop\/files\/002_WaterResistantDWR_Black.svg?v=1709125500&amp;width=200\" srcset=\"\/\/www.montura.com\/cdn\/shop\/files\/002_WaterResistantDWR_Black.svg?v=1709125500&amp;width=200 200w\" alt=\"\" width=\"200\" height=\"200\"><\/div>\n<\/div>\n<h3 class=\"tw-text-s tw-pt-[1.2rem] tw-pb-[0.4rem] tw-font-medium\">Repelente al agua (DWR)<\/h3>\n<p class=\"tw-text-greyish-brown tw-text-xs tw-pt-[0.4rem]\">Una capa repelente al agua aplicada al tejido garantiza una ligera protecci\u00f3n contra la humedad exterior.<\/p>\n<\/div>\n<div class=\"attribute_container tw-pb-24 last-of-type:tw-pb-0\">\n<div class=\"content__image-wrapper tw-w-fit \">\n<div class=\"content__image tw-relative tw-w-[3.2rem]\"><img loading=\"lazy\" decoding=\"async\" class=\"tw-absolute tw-top-0 tw-left-0 tw-w-full tw-h-full\" src=\"https:\/\/www.montura.com\/cdn\/shop\/files\/003_Windproof_Black.svg?v=1709125529&amp;width=200\" srcset=\"\/\/www.montura.com\/cdn\/shop\/files\/003_Windproof_Black.svg?v=1709125529&amp;width=200 200w\" alt=\"\" width=\"200\" height=\"200\"><\/div>\n<\/div>\n<h3 class=\"tw-text-s tw-pt-[1.2rem] tw-pb-[0.4rem] tw-font-medium\">Cortavientos<\/h3>\n<p class=\"tw-text-greyish-brown tw-text-xs tw-pt-[0.4rem]\">El tejido impide que penetre el viento, lo que reduce el riesgo de enfriamiento.<\/p>\n<\/div>\n<div class=\"attribute_container tw-pb-24 last-of-type:tw-pb-0\">\n<div class=\"content__image-wrapper tw-w-fit \">\n<div class=\"content__image tw-relative tw-w-[3.2rem]\"><img loading=\"lazy\" decoding=\"async\" class=\"tw-absolute tw-top-0 tw-left-0 tw-w-full tw-h-full\" src=\"https:\/\/www.montura.com\/cdn\/shop\/files\/014_PiumaSintetica_Black.svg?v=1709126185&amp;width=200\" srcset=\"\/\/www.montura.com\/cdn\/shop\/files\/014_PiumaSintetica_Black.svg?v=1709126185&amp;width=200 200w\" alt=\"\" width=\"200\" height=\"200\"><\/div>\n<\/div>\n<h3 class=\"tw-text-s tw-pt-[1.2rem] tw-pb-[0.4rem] tw-font-medium\">Plum\u00f3n sint\u00e9tico<\/h3>\n<p class=\"tw-text-greyish-brown tw-text-xs tw-pt-[0.4rem]\">El relleno sint\u00e9tico garantiza el calor incluso en condiciones de humedad<\/p>\n<\/div>\n<\/div>\n<\/div>\n<\/div>\n<p>&nbsp;<\/p>\n<h2>Actividad<\/h2>\n<p>&nbsp;<\/p>\n<div class=\"attribute_container tw-pb-24 last-of-type:tw-pb-0\">\n<div class=\"content__image-wrapper tw-w-fit \">\n<div class=\"content__image tw-relative tw-w-[3.2rem]\"><img loading=\"lazy\" decoding=\"async\" class=\"tw-absolute tw-top-0 tw-left-0 tw-w-full tw-h-full\" src=\"https:\/\/www.montura.com\/cdn\/shop\/files\/017_TrekkingHiking_Black.svg?v=1709126467&amp;width=200\" srcset=\"\/\/www.montura.com\/cdn\/shop\/files\/017_TrekkingHiking_Black.svg?v=1709126467&amp;width=200 200w\" alt=\"\" width=\"200\" height=\"200\"><\/div>\n<\/div>\n<h3 class=\"tw-text-s tw-pt-[1.2rem] tw-pb-[0.4rem] tw-font-medium\">Trekking \/ Senderismo<\/h3>\n<p class=\"tw-text-greyish-brown tw-text-wrap tw-text-xs tw-pt-[0.4rem]\">Prenda dise\u00f1ada para el senderismo<\/p>\n<\/div>\n<div class=\"attribute_container tw-pb-24 last-of-type:tw-pb-0\">\n<div class=\"content__image-wrapper tw-w-fit \">\n<div class=\"content__image tw-relative tw-w-[3.2rem]\"><img loading=\"lazy\" decoding=\"async\" class=\"tw-absolute tw-top-0 tw-left-0 tw-w-full tw-h-full\" src=\"https:\/\/www.montura.com\/cdn\/shop\/files\/016_SkiMountaineering_Black.svg?v=1709126405&amp;width=200\" srcset=\"\/\/www.montura.com\/cdn\/shop\/files\/016_SkiMountaineering_Black.svg?v=1709126405&amp;width=200 200w\" alt=\"\" width=\"200\" height=\"188\"><\/div>\n<\/div>\n<h3 class=\"tw-text-s tw-pt-[1.2rem] tw-pb-[0.4rem] tw-font-medium\">Esqu\u00ed de traves\u00eda<\/h3>\n<p class=\"tw-text-greyish-brown tw-text-wrap tw-text-xs tw-pt-[0.4rem]\">Prenda dise\u00f1ada para el esqu\u00ed de traves\u00eda<\/p>\n<\/div>\n<div class=\"attribute_container tw-pb-24 last-of-type:tw-pb-0\">\n<div class=\"content__image-wrapper tw-w-fit \">\n<div class=\"content__image tw-relative tw-w-[3.2rem]\"><img loading=\"lazy\" decoding=\"async\" class=\"tw-absolute tw-top-0 tw-left-0 tw-w-full tw-h-full\" src=\"https:\/\/www.montura.com\/cdn\/shop\/files\/019_Climbing_Black.svg?v=1709126445&amp;width=200\" srcset=\"\/\/www.montura.com\/cdn\/shop\/files\/019_Climbing_Black.svg?v=1709126445&amp;width=200 200w\" alt=\"\" width=\"200\" height=\"267\"><\/div>\n<\/div>\n<h3 class=\"tw-text-s tw-pt-[1.2rem] tw-pb-[0.4rem] tw-font-medium\">Escalada<\/h3>\n<p class=\"tw-text-greyish-brown tw-text-wrap tw-text-xs tw-pt-[0.4rem]\">Prenda dise\u00f1ada para la escalada<\/p>\n<\/div>\n","protected":false},"excerpt":{"rendered":"<ul>\n<li>Chaqueta ideal para la monta\u00f1a<\/li>\n<li>Ultraligera<\/li>\n<li>Ideal para climas fr\u00edos<\/li>\n<\/ul>\n","protected":false},"featured_media":244425,"template":"","meta":{"_acf_changed":false,"inline_featured_image":false},"product_brand":[],"product_cat":[24398,24401,24402],"product_tag":[23513,23631],"class_list":{"0":"post-288839","1":"product","2":"type-product","3":"status-publish","4":"has-post-thumbnail","6":"product_cat-chaquetas","7":"product_cat-ropa-de-mujer","8":"product_cat-mujer","9":"product_tag-montura-es","10":"product_tag-montura-mujer","11":"pa_attivita-caminar","12":"pa_attivita-lifestyle-es","13":"pa_attivita-outdoor-es","14":"pa_colore-destiny-duvet-w-shell-es","15":"pa_colore-destiny-duvet-woman-light-rose","16":"pa_marca-montura-es","17":"pa_sesso-mujer","18":"pa_size-small-es","19":"pa_size-large-es","21":"first","22":"instock","23":"sale","24":"taxable","25":"shipping-taxable","26":"purchasable","27":"product-type-variable","28":"wvs-archive-product-wrapper"},"acf":[],"yoast_head":"<!-- This site is optimized with the Yoast SEO plugin v26.8 - https:\/\/yoast.com\/product\/yoast-seo-wordpress\/ -->\n<title>Montura Destiny Duvet mujer - Chaqueta de invierno - MioMioRun<\/title>\n<meta name=\"description\" content=\"Destiny Duvet para mujer es una chaqueta acolchada, pero ultraligera, confeccionada en tejido de nailon de 2 capas DWR con membrana 15K\/15K, una prenda ideal para el alpinismo.\" \/>\n<meta name=\"robots\" content=\"index, follow, max-snippet:-1, max-image-preview:large, max-video-preview:-1\" \/>\n<link rel=\"canonical\" href=\"https:\/\/www.miomiorun.com\/es\/producto\/destiny-duvet-mujer\/\" \/>\n<meta property=\"og:locale\" content=\"es_ES\" \/>\n<meta property=\"og:type\" content=\"article\" \/>\n<meta property=\"og:title\" content=\"Montura Destiny Duvet mujer - Chaqueta de invierno - MioMioRun\" \/>\n<meta property=\"og:description\" content=\"Destiny Duvet para mujer es una chaqueta acolchada, pero ultraligera, confeccionada en tejido de nailon de 2 capas DWR con membrana 15K\/15K, una prenda ideal para el alpinismo.\" \/>\n<meta property=\"og:url\" content=\"https:\/\/www.miomiorun.com\/es\/producto\/destiny-duvet-mujer\/\" \/>\n<meta property=\"og:site_name\" content=\"MioMioRun\" \/>\n<meta property=\"article:publisher\" content=\"https:\/\/www.facebook.com\/miomiorun\/\" \/>\n<meta property=\"article:modified_time\" content=\"2025-11-05T15:34:19+00:00\" \/>\n<meta property=\"og:image\" content=\"https:\/\/www.miomiorun.com\/app\/uploads\/2023\/12\/montura-destiny-duvet-woman-light-rose-MJAD92W.01.jpg\" \/>\n\t<meta property=\"og:image:width\" content=\"600\" \/>\n\t<meta property=\"og:image:height\" content=\"600\" \/>\n\t<meta property=\"og:image:type\" content=\"image\/jpeg\" \/>\n<meta name=\"twitter:card\" content=\"summary_large_image\" \/>\n<meta name=\"twitter:label1\" content=\"Est. reading time\" \/>\n\t<meta name=\"twitter:data1\" content=\"1 minute\" \/>\n<script type=\"application\/ld+json\" class=\"yoast-schema-graph\">{\"@context\":\"https:\/\/schema.org\",\"@graph\":[{\"@type\":\"WebPage\",\"@id\":\"https:\/\/www.miomiorun.com\/es\/producto\/destiny-duvet-mujer\/\",\"url\":\"https:\/\/www.miomiorun.com\/es\/producto\/destiny-duvet-mujer\/\",\"name\":\"Montura Destiny Duvet mujer - Chaqueta de invierno - MioMioRun\",\"isPartOf\":{\"@id\":\"https:\/\/www.miomiorun.com\/es\/#website\"},\"primaryImageOfPage\":{\"@id\":\"https:\/\/www.miomiorun.com\/es\/producto\/destiny-duvet-mujer\/#primaryimage\"},\"image\":{\"@id\":\"https:\/\/www.miomiorun.com\/es\/producto\/destiny-duvet-mujer\/#primaryimage\"},\"thumbnailUrl\":\"https:\/\/www.miomiorun.com\/app\/uploads\/2023\/12\/montura-destiny-duvet-woman-light-rose-MJAD92W.01.jpg\",\"datePublished\":\"2023-12-14T13:02:37+00:00\",\"dateModified\":\"2025-11-05T15:34:19+00:00\",\"description\":\"Destiny Duvet para mujer es una chaqueta acolchada, pero ultraligera, confeccionada en tejido de nailon de 2 capas DWR con membrana 15K\/15K, una prenda ideal para el alpinismo.\",\"breadcrumb\":{\"@id\":\"https:\/\/www.miomiorun.com\/es\/producto\/destiny-duvet-mujer\/#breadcrumb\"},\"inLanguage\":\"es-ES\",\"potentialAction\":[{\"@type\":\"ReadAction\",\"target\":[\"https:\/\/www.miomiorun.com\/es\/producto\/destiny-duvet-mujer\/\"]}]},{\"@type\":\"ImageObject\",\"inLanguage\":\"es-ES\",\"@id\":\"https:\/\/www.miomiorun.com\/es\/producto\/destiny-duvet-mujer\/#primaryimage\",\"url\":\"https:\/\/www.miomiorun.com\/app\/uploads\/2023\/12\/montura-destiny-duvet-woman-light-rose-MJAD92W.01.jpg\",\"contentUrl\":\"https:\/\/www.miomiorun.com\/app\/uploads\/2023\/12\/montura-destiny-duvet-woman-light-rose-MJAD92W.01.jpg\",\"width\":600,\"height\":600,\"caption\":\"montura-destiny-duvet-woman-light-rose-MJAD92W.01\"},{\"@type\":\"BreadcrumbList\",\"@id\":\"https:\/\/www.miomiorun.com\/es\/producto\/destiny-duvet-mujer\/#breadcrumb\",\"itemListElement\":[{\"@type\":\"ListItem\",\"position\":1,\"name\":\"Home\",\"item\":\"https:\/\/www.miomiorun.com\/es\/\"},{\"@type\":\"ListItem\",\"position\":2,\"name\":\"Shop\",\"item\":\"https:\/\/www.miomiorun.com\/shop\/\"},{\"@type\":\"ListItem\",\"position\":3,\"name\":\"Destiny Duvet mujer\"}]},{\"@type\":\"WebSite\",\"@id\":\"https:\/\/www.miomiorun.com\/es\/#website\",\"url\":\"https:\/\/www.miomiorun.com\/es\/\",\"name\":\"MioMioRun\",\"description\":\"Tienda 100% running y trail\",\"publisher\":{\"@id\":\"https:\/\/www.miomiorun.com\/es\/#organization\"},\"potentialAction\":[{\"@type\":\"SearchAction\",\"target\":{\"@type\":\"EntryPoint\",\"urlTemplate\":\"https:\/\/www.miomiorun.com\/es\/?s={search_term_string}\"},\"query-input\":{\"@type\":\"PropertyValueSpecification\",\"valueRequired\":true,\"valueName\":\"search_term_string\"}}],\"inLanguage\":\"es-ES\"},{\"@type\":\"Organization\",\"@id\":\"https:\/\/www.miomiorun.com\/es\/#organization\",\"name\":\"MioMio Run\",\"url\":\"https:\/\/www.miomiorun.com\/es\/\",\"logo\":{\"@type\":\"ImageObject\",\"inLanguage\":\"es-ES\",\"@id\":\"https:\/\/www.miomiorun.com\/es\/#\/schema\/logo\/image\/\",\"url\":\"https:\/\/www.miomiorun.com\/app\/uploads\/2019\/12\/logomio.png\",\"contentUrl\":\"https:\/\/www.miomiorun.com\/app\/uploads\/2019\/12\/logomio.png\",\"width\":115,\"height\":82,\"caption\":\"MioMio Run\"},\"image\":{\"@id\":\"https:\/\/www.miomiorun.com\/es\/#\/schema\/logo\/image\/\"},\"sameAs\":[\"https:\/\/www.facebook.com\/miomiorun\/\",\"https:\/\/www.instagram.com\/miomiorun\/\"]}]}<\/script>\n<!-- \/ Yoast SEO plugin. -->","yoast_head_json":{"title":"Montura Destiny Duvet mujer - Chaqueta de invierno - MioMioRun","description":"Destiny Duvet para mujer es una chaqueta acolchada, pero ultraligera, confeccionada en tejido de nailon de 2 capas DWR con membrana 15K\/15K, una prenda ideal para el alpinismo.","robots":{"index":"index","follow":"follow","max-snippet":"max-snippet:-1","max-image-preview":"max-image-preview:large","max-video-preview":"max-video-preview:-1"},"canonical":"https:\/\/www.miomiorun.com\/es\/producto\/destiny-duvet-mujer\/","og_locale":"es_ES","og_type":"article","og_title":"Montura Destiny Duvet mujer - Chaqueta de invierno - MioMioRun","og_description":"Destiny Duvet para mujer es una chaqueta acolchada, pero ultraligera, confeccionada en tejido de nailon de 2 capas DWR con membrana 15K\/15K, una prenda ideal para el alpinismo.","og_url":"https:\/\/www.miomiorun.com\/es\/producto\/destiny-duvet-mujer\/","og_site_name":"MioMioRun","article_publisher":"https:\/\/www.facebook.com\/miomiorun\/","article_modified_time":"2025-11-05T15:34:19+00:00","og_image":[{"width":600,"height":600,"url":"https:\/\/www.miomiorun.com\/app\/uploads\/2023\/12\/montura-destiny-duvet-woman-light-rose-MJAD92W.01.jpg","type":"image\/jpeg"}],"twitter_card":"summary_large_image","twitter_misc":{"Est. reading time":"1 minute"},"schema":{"@context":"https:\/\/schema.org","@graph":[{"@type":"WebPage","@id":"https:\/\/www.miomiorun.com\/es\/producto\/destiny-duvet-mujer\/","url":"https:\/\/www.miomiorun.com\/es\/producto\/destiny-duvet-mujer\/","name":"Montura Destiny Duvet mujer - Chaqueta de invierno - MioMioRun","isPartOf":{"@id":"https:\/\/www.miomiorun.com\/es\/#website"},"primaryImageOfPage":{"@id":"https:\/\/www.miomiorun.com\/es\/producto\/destiny-duvet-mujer\/#primaryimage"},"image":{"@id":"https:\/\/www.miomiorun.com\/es\/producto\/destiny-duvet-mujer\/#primaryimage"},"thumbnailUrl":"https:\/\/www.miomiorun.com\/app\/uploads\/2023\/12\/montura-destiny-duvet-woman-light-rose-MJAD92W.01.jpg","datePublished":"2023-12-14T13:02:37+00:00","dateModified":"2025-11-05T15:34:19+00:00","description":"Destiny Duvet para mujer es una chaqueta acolchada, pero ultraligera, confeccionada en tejido de nailon de 2 capas DWR con membrana 15K\/15K, una prenda ideal para el alpinismo.","breadcrumb":{"@id":"https:\/\/www.miomiorun.com\/es\/producto\/destiny-duvet-mujer\/#breadcrumb"},"inLanguage":"es-ES","potentialAction":[{"@type":"ReadAction","target":["https:\/\/www.miomiorun.com\/es\/producto\/destiny-duvet-mujer\/"]}]},{"@type":"ImageObject","inLanguage":"es-ES","@id":"https:\/\/www.miomiorun.com\/es\/producto\/destiny-duvet-mujer\/#primaryimage","url":"https:\/\/www.miomiorun.com\/app\/uploads\/2023\/12\/montura-destiny-duvet-woman-light-rose-MJAD92W.01.jpg","contentUrl":"https:\/\/www.miomiorun.com\/app\/uploads\/2023\/12\/montura-destiny-duvet-woman-light-rose-MJAD92W.01.jpg","width":600,"height":600,"caption":"montura-destiny-duvet-woman-light-rose-MJAD92W.01"},{"@type":"BreadcrumbList","@id":"https:\/\/www.miomiorun.com\/es\/producto\/destiny-duvet-mujer\/#breadcrumb","itemListElement":[{"@type":"ListItem","position":1,"name":"Home","item":"https:\/\/www.miomiorun.com\/es\/"},{"@type":"ListItem","position":2,"name":"Shop","item":"https:\/\/www.miomiorun.com\/shop\/"},{"@type":"ListItem","position":3,"name":"Destiny Duvet mujer"}]},{"@type":"WebSite","@id":"https:\/\/www.miomiorun.com\/es\/#website","url":"https:\/\/www.miomiorun.com\/es\/","name":"MioMioRun","description":"Tienda 100% running y trail","publisher":{"@id":"https:\/\/www.miomiorun.com\/es\/#organization"},"potentialAction":[{"@type":"SearchAction","target":{"@type":"EntryPoint","urlTemplate":"https:\/\/www.miomiorun.com\/es\/?s={search_term_string}"},"query-input":{"@type":"PropertyValueSpecification","valueRequired":true,"valueName":"search_term_string"}}],"inLanguage":"es-ES"},{"@type":"Organization","@id":"https:\/\/www.miomiorun.com\/es\/#organization","name":"MioMio Run","url":"https:\/\/www.miomiorun.com\/es\/","logo":{"@type":"ImageObject","inLanguage":"es-ES","@id":"https:\/\/www.miomiorun.com\/es\/#\/schema\/logo\/image\/","url":"https:\/\/www.miomiorun.com\/app\/uploads\/2019\/12\/logomio.png","contentUrl":"https:\/\/www.miomiorun.com\/app\/uploads\/2019\/12\/logomio.png","width":115,"height":82,"caption":"MioMio Run"},"image":{"@id":"https:\/\/www.miomiorun.com\/es\/#\/schema\/logo\/image\/"},"sameAs":["https:\/\/www.facebook.com\/miomiorun\/","https:\/\/www.instagram.com\/miomiorun\/"]}]}},"_links":{"self":[{"href":"https:\/\/www.miomiorun.com\/es\/wp-json\/wp\/v2\/product\/288839","targetHints":{"allow":["GET"]}}],"collection":[{"href":"https:\/\/www.miomiorun.com\/es\/wp-json\/wp\/v2\/product"}],"about":[{"href":"https:\/\/www.miomiorun.com\/es\/wp-json\/wp\/v2\/types\/product"}],"wp:featuredmedia":[{"embeddable":true,"href":"https:\/\/www.miomiorun.com\/es\/wp-json\/wp\/v2\/media\/244425"}],"wp:attachment":[{"href":"https:\/\/www.miomiorun.com\/es\/wp-json\/wp\/v2\/media?parent=288839"}],"wp:term":[{"taxonomy":"product_brand","embeddable":true,"href":"https:\/\/www.miomiorun.com\/es\/wp-json\/wp\/v2\/product_brand?post=288839"},{"taxonomy":"product_cat","embeddable":true,"href":"https:\/\/www.miomiorun.com\/es\/wp-json\/wp\/v2\/product_cat?post=288839"},{"taxonomy":"product_tag","embeddable":true,"href":"https:\/\/www.miomiorun.com\/es\/wp-json\/wp\/v2\/product_tag?post=288839"}],"curies":[{"name":"wp","href":"https:\/\/api.w.org\/{rel}","templated":true}]}}