{"id":288789,"date":"2023-12-14T15:53:25","date_gmt":"2023-12-14T14:53:25","guid":{"rendered":"https:\/\/miomiorun.com\/prodotto\/inox-pants-uomo\/"},"modified":"2026-05-07T12:28:32","modified_gmt":"2026-05-07T10:28:32","slug":"inox-pants-hombre","status":"publish","type":"product","link":"https:\/\/www.miomiorun.com\/es\/producto\/inox-pants-hombre\/","title":{"rendered":"Inox Pants hombre"},"content":{"rendered":"<p><strong>Los pantalones Inox<\/strong> para hombre son unos pantalones largos confeccionados en tejido de nailon DWR el\u00e1stico en cuatro direcciones, una prenda ideal para el esqu\u00ed de traves\u00eda, el senderismo, diversas actividades al aire libre y el tiempo libre en climas fr\u00edos<\/p>\n<p><strong>Caracter\u00edsticas:<\/strong><\/p>\n<div id=\"description\" class=\"data item content\" role=\"tabpanel\" aria-labelledby=\"tab-label-description\" data-role=\"content\" aria-hidden=\"false\">\u2022 Pantal\u00f3n largo para hombre<br \/>\n\u2022 Tejido de nailon DWR el\u00e1stico en 4 direcciones<br \/>\n\u2022 Refuerzos en rodillas y trasero de tejido de nailon el\u00e1stico<br \/>\n\u2022 Bajo de nailon el\u00e1stico resistente a desgarros y abrasiones<br \/>\n\u2022 Cintura con el\u00e1stico, ajuste mediante cord\u00f3n y abertura con solapa<br \/>\n\u2022 Bolsillos laterales con cremallera, bolsillo trasero con cremallera<br \/>\n\u2022 Ajuste del bajo con cremallera y fuelle<br \/>\n\u2022 Bajo rematado con el\u00e1stico antideslizante de silicona<br \/>\n\u2022 Confecci\u00f3n por ultrasonidos y encintado para reducir el grosor<br \/>\n\u2022 Prenda ideal para alpinismo, senderismo, diversas actividades al aire libre y tiempo libre en climas fr\u00edos<\/p>\n<p class=\"product-weight\">Peso: 0,41 kg<\/p>\n<\/div>\n<p>&nbsp;<\/p>\n<p>&nbsp;<\/p>\n<p>&nbsp;<\/p>\n<p>&nbsp;<\/p>\n","protected":false},"excerpt":{"rendered":"<ul>\n<li>Pantal\u00f3n de invierno<\/li>\n<li>Ideal para actividades al aire libre en climas fr\u00edos.<\/li>\n<\/ul>\n","protected":false},"featured_media":244473,"template":"","meta":{"_acf_changed":false,"inline_featured_image":false},"product_brand":[],"product_cat":[24456,24463],"product_tag":[23513,23592],"class_list":{"0":"post-288789","1":"product","2":"type-product","3":"status-publish","4":"has-post-thumbnail","6":"product_cat-pantalones-largos-es-2","7":"product_cat-ropa-de-hombre-es","8":"product_tag-montura-es","9":"product_tag-montura-hombre","10":"pa_attivita-caminar","11":"pa_attivita-outdoor-es","12":"pa_colore-inox-pants-antracite-giallo-fluo-es","13":"pa_marca-montura-es","14":"pa_sesso-hombre","15":"pa_size-large-es","17":"first","18":"instock","19":"taxable","20":"shipping-taxable","21":"purchasable","22":"product-type-variable","23":"wvs-archive-product-wrapper"},"acf":[],"yoast_head":"<!-- This site is optimized with the Yoast SEO plugin v26.8 - https:\/\/yoast.com\/product\/yoast-seo-wordpress\/ -->\n<title>Montura Inox Pants hombre - pantalones de monta\u00f1a - MioMioRun<\/title>\n<meta name=\"description\" content=\"Son unos pantalones largos confeccionados en tejido de nailon DWR el\u00e1stico en cuatro direcciones, una prenda ideal para el esqu\u00ed de traves\u00eda, el senderismo\" \/>\n<meta name=\"robots\" content=\"index, follow, max-snippet:-1, max-image-preview:large, max-video-preview:-1\" \/>\n<link rel=\"canonical\" href=\"https:\/\/www.miomiorun.com\/es\/producto\/inox-pants-hombre\/\" \/>\n<meta property=\"og:locale\" content=\"es_ES\" \/>\n<meta property=\"og:type\" content=\"article\" \/>\n<meta property=\"og:title\" content=\"Montura Inox Pants hombre - pantalones de monta\u00f1a - MioMioRun\" \/>\n<meta property=\"og:description\" content=\"Son unos pantalones largos confeccionados en tejido de nailon DWR el\u00e1stico en cuatro direcciones, una prenda ideal para el esqu\u00ed de traves\u00eda, el senderismo\" \/>\n<meta property=\"og:url\" content=\"https:\/\/www.miomiorun.com\/es\/producto\/inox-pants-hombre\/\" \/>\n<meta property=\"og:site_name\" content=\"MioMioRun\" \/>\n<meta property=\"article:publisher\" content=\"https:\/\/www.facebook.com\/miomiorun\/\" \/>\n<meta property=\"article:modified_time\" content=\"2026-05-07T10:28:32+00:00\" \/>\n<meta property=\"og:image\" content=\"https:\/\/www.miomiorun.com\/app\/uploads\/2023\/12\/montura-inox-pants-antracite-giallo-fluo-MPLK01X.9270F.jpg\" \/>\n\t<meta property=\"og:image:width\" content=\"600\" \/>\n\t<meta property=\"og:image:height\" content=\"600\" \/>\n\t<meta property=\"og:image:type\" content=\"image\/jpeg\" \/>\n<meta name=\"twitter:card\" content=\"summary_large_image\" \/>\n<meta name=\"twitter:label1\" content=\"Est. reading time\" \/>\n\t<meta name=\"twitter:data1\" content=\"1 minute\" \/>\n<script type=\"application\/ld+json\" class=\"yoast-schema-graph\">{\"@context\":\"https:\/\/schema.org\",\"@graph\":[{\"@type\":\"WebPage\",\"@id\":\"https:\/\/www.miomiorun.com\/es\/producto\/inox-pants-hombre\/\",\"url\":\"https:\/\/www.miomiorun.com\/es\/producto\/inox-pants-hombre\/\",\"name\":\"Montura Inox Pants hombre - pantalones de monta\u00f1a - MioMioRun\",\"isPartOf\":{\"@id\":\"https:\/\/www.miomiorun.com\/es\/#website\"},\"primaryImageOfPage\":{\"@id\":\"https:\/\/www.miomiorun.com\/es\/producto\/inox-pants-hombre\/#primaryimage\"},\"image\":{\"@id\":\"https:\/\/www.miomiorun.com\/es\/producto\/inox-pants-hombre\/#primaryimage\"},\"thumbnailUrl\":\"https:\/\/www.miomiorun.com\/app\/uploads\/2023\/12\/montura-inox-pants-antracite-giallo-fluo-MPLK01X.9270F.jpg\",\"datePublished\":\"2023-12-14T14:53:25+00:00\",\"dateModified\":\"2026-05-07T10:28:32+00:00\",\"description\":\"Son unos pantalones largos confeccionados en tejido de nailon DWR el\u00e1stico en cuatro direcciones, una prenda ideal para el esqu\u00ed de traves\u00eda, el senderismo\",\"breadcrumb\":{\"@id\":\"https:\/\/www.miomiorun.com\/es\/producto\/inox-pants-hombre\/#breadcrumb\"},\"inLanguage\":\"es-ES\",\"potentialAction\":[{\"@type\":\"ReadAction\",\"target\":[\"https:\/\/www.miomiorun.com\/es\/producto\/inox-pants-hombre\/\"]}]},{\"@type\":\"ImageObject\",\"inLanguage\":\"es-ES\",\"@id\":\"https:\/\/www.miomiorun.com\/es\/producto\/inox-pants-hombre\/#primaryimage\",\"url\":\"https:\/\/www.miomiorun.com\/app\/uploads\/2023\/12\/montura-inox-pants-antracite-giallo-fluo-MPLK01X.9270F.jpg\",\"contentUrl\":\"https:\/\/www.miomiorun.com\/app\/uploads\/2023\/12\/montura-inox-pants-antracite-giallo-fluo-MPLK01X.9270F.jpg\",\"width\":600,\"height\":600,\"caption\":\"montura-inox-pants-antracite-giallo-fluo-MPLK01X.9270F\"},{\"@type\":\"BreadcrumbList\",\"@id\":\"https:\/\/www.miomiorun.com\/es\/producto\/inox-pants-hombre\/#breadcrumb\",\"itemListElement\":[{\"@type\":\"ListItem\",\"position\":1,\"name\":\"Home\",\"item\":\"https:\/\/www.miomiorun.com\/es\/\"},{\"@type\":\"ListItem\",\"position\":2,\"name\":\"Shop\",\"item\":\"https:\/\/www.miomiorun.com\/shop\/\"},{\"@type\":\"ListItem\",\"position\":3,\"name\":\"Inox Pants hombre\"}]},{\"@type\":\"WebSite\",\"@id\":\"https:\/\/www.miomiorun.com\/es\/#website\",\"url\":\"https:\/\/www.miomiorun.com\/es\/\",\"name\":\"MioMioRun\",\"description\":\"Tienda 100% running y trail\",\"publisher\":{\"@id\":\"https:\/\/www.miomiorun.com\/es\/#organization\"},\"potentialAction\":[{\"@type\":\"SearchAction\",\"target\":{\"@type\":\"EntryPoint\",\"urlTemplate\":\"https:\/\/www.miomiorun.com\/es\/?s={search_term_string}\"},\"query-input\":{\"@type\":\"PropertyValueSpecification\",\"valueRequired\":true,\"valueName\":\"search_term_string\"}}],\"inLanguage\":\"es-ES\"},{\"@type\":\"Organization\",\"@id\":\"https:\/\/www.miomiorun.com\/es\/#organization\",\"name\":\"MioMio Run\",\"url\":\"https:\/\/www.miomiorun.com\/es\/\",\"logo\":{\"@type\":\"ImageObject\",\"inLanguage\":\"es-ES\",\"@id\":\"https:\/\/www.miomiorun.com\/es\/#\/schema\/logo\/image\/\",\"url\":\"https:\/\/www.miomiorun.com\/app\/uploads\/2019\/12\/logomio.png\",\"contentUrl\":\"https:\/\/www.miomiorun.com\/app\/uploads\/2019\/12\/logomio.png\",\"width\":115,\"height\":82,\"caption\":\"MioMio Run\"},\"image\":{\"@id\":\"https:\/\/www.miomiorun.com\/es\/#\/schema\/logo\/image\/\"},\"sameAs\":[\"https:\/\/www.facebook.com\/miomiorun\/\",\"https:\/\/www.instagram.com\/miomiorun\/\"]}]}<\/script>\n<!-- \/ Yoast SEO plugin. -->","yoast_head_json":{"title":"Montura Inox Pants hombre - pantalones de monta\u00f1a - MioMioRun","description":"Son unos pantalones largos confeccionados en tejido de nailon DWR el\u00e1stico en cuatro direcciones, una prenda ideal para el esqu\u00ed de traves\u00eda, el senderismo","robots":{"index":"index","follow":"follow","max-snippet":"max-snippet:-1","max-image-preview":"max-image-preview:large","max-video-preview":"max-video-preview:-1"},"canonical":"https:\/\/www.miomiorun.com\/es\/producto\/inox-pants-hombre\/","og_locale":"es_ES","og_type":"article","og_title":"Montura Inox Pants hombre - pantalones de monta\u00f1a - MioMioRun","og_description":"Son unos pantalones largos confeccionados en tejido de nailon DWR el\u00e1stico en cuatro direcciones, una prenda ideal para el esqu\u00ed de traves\u00eda, el senderismo","og_url":"https:\/\/www.miomiorun.com\/es\/producto\/inox-pants-hombre\/","og_site_name":"MioMioRun","article_publisher":"https:\/\/www.facebook.com\/miomiorun\/","article_modified_time":"2026-05-07T10:28:32+00:00","og_image":[{"width":600,"height":600,"url":"https:\/\/www.miomiorun.com\/app\/uploads\/2023\/12\/montura-inox-pants-antracite-giallo-fluo-MPLK01X.9270F.jpg","type":"image\/jpeg"}],"twitter_card":"summary_large_image","twitter_misc":{"Est. reading time":"1 minute"},"schema":{"@context":"https:\/\/schema.org","@graph":[{"@type":"WebPage","@id":"https:\/\/www.miomiorun.com\/es\/producto\/inox-pants-hombre\/","url":"https:\/\/www.miomiorun.com\/es\/producto\/inox-pants-hombre\/","name":"Montura Inox Pants hombre - pantalones de monta\u00f1a - MioMioRun","isPartOf":{"@id":"https:\/\/www.miomiorun.com\/es\/#website"},"primaryImageOfPage":{"@id":"https:\/\/www.miomiorun.com\/es\/producto\/inox-pants-hombre\/#primaryimage"},"image":{"@id":"https:\/\/www.miomiorun.com\/es\/producto\/inox-pants-hombre\/#primaryimage"},"thumbnailUrl":"https:\/\/www.miomiorun.com\/app\/uploads\/2023\/12\/montura-inox-pants-antracite-giallo-fluo-MPLK01X.9270F.jpg","datePublished":"2023-12-14T14:53:25+00:00","dateModified":"2026-05-07T10:28:32+00:00","description":"Son unos pantalones largos confeccionados en tejido de nailon DWR el\u00e1stico en cuatro direcciones, una prenda ideal para el esqu\u00ed de traves\u00eda, el senderismo","breadcrumb":{"@id":"https:\/\/www.miomiorun.com\/es\/producto\/inox-pants-hombre\/#breadcrumb"},"inLanguage":"es-ES","potentialAction":[{"@type":"ReadAction","target":["https:\/\/www.miomiorun.com\/es\/producto\/inox-pants-hombre\/"]}]},{"@type":"ImageObject","inLanguage":"es-ES","@id":"https:\/\/www.miomiorun.com\/es\/producto\/inox-pants-hombre\/#primaryimage","url":"https:\/\/www.miomiorun.com\/app\/uploads\/2023\/12\/montura-inox-pants-antracite-giallo-fluo-MPLK01X.9270F.jpg","contentUrl":"https:\/\/www.miomiorun.com\/app\/uploads\/2023\/12\/montura-inox-pants-antracite-giallo-fluo-MPLK01X.9270F.jpg","width":600,"height":600,"caption":"montura-inox-pants-antracite-giallo-fluo-MPLK01X.9270F"},{"@type":"BreadcrumbList","@id":"https:\/\/www.miomiorun.com\/es\/producto\/inox-pants-hombre\/#breadcrumb","itemListElement":[{"@type":"ListItem","position":1,"name":"Home","item":"https:\/\/www.miomiorun.com\/es\/"},{"@type":"ListItem","position":2,"name":"Shop","item":"https:\/\/www.miomiorun.com\/shop\/"},{"@type":"ListItem","position":3,"name":"Inox Pants hombre"}]},{"@type":"WebSite","@id":"https:\/\/www.miomiorun.com\/es\/#website","url":"https:\/\/www.miomiorun.com\/es\/","name":"MioMioRun","description":"Tienda 100% running y trail","publisher":{"@id":"https:\/\/www.miomiorun.com\/es\/#organization"},"potentialAction":[{"@type":"SearchAction","target":{"@type":"EntryPoint","urlTemplate":"https:\/\/www.miomiorun.com\/es\/?s={search_term_string}"},"query-input":{"@type":"PropertyValueSpecification","valueRequired":true,"valueName":"search_term_string"}}],"inLanguage":"es-ES"},{"@type":"Organization","@id":"https:\/\/www.miomiorun.com\/es\/#organization","name":"MioMio Run","url":"https:\/\/www.miomiorun.com\/es\/","logo":{"@type":"ImageObject","inLanguage":"es-ES","@id":"https:\/\/www.miomiorun.com\/es\/#\/schema\/logo\/image\/","url":"https:\/\/www.miomiorun.com\/app\/uploads\/2019\/12\/logomio.png","contentUrl":"https:\/\/www.miomiorun.com\/app\/uploads\/2019\/12\/logomio.png","width":115,"height":82,"caption":"MioMio Run"},"image":{"@id":"https:\/\/www.miomiorun.com\/es\/#\/schema\/logo\/image\/"},"sameAs":["https:\/\/www.facebook.com\/miomiorun\/","https:\/\/www.instagram.com\/miomiorun\/"]}]}},"_links":{"self":[{"href":"https:\/\/www.miomiorun.com\/es\/wp-json\/wp\/v2\/product\/288789","targetHints":{"allow":["GET"]}}],"collection":[{"href":"https:\/\/www.miomiorun.com\/es\/wp-json\/wp\/v2\/product"}],"about":[{"href":"https:\/\/www.miomiorun.com\/es\/wp-json\/wp\/v2\/types\/product"}],"wp:featuredmedia":[{"embeddable":true,"href":"https:\/\/www.miomiorun.com\/es\/wp-json\/wp\/v2\/media\/244473"}],"wp:attachment":[{"href":"https:\/\/www.miomiorun.com\/es\/wp-json\/wp\/v2\/media?parent=288789"}],"wp:term":[{"taxonomy":"product_brand","embeddable":true,"href":"https:\/\/www.miomiorun.com\/es\/wp-json\/wp\/v2\/product_brand?post=288789"},{"taxonomy":"product_cat","embeddable":true,"href":"https:\/\/www.miomiorun.com\/es\/wp-json\/wp\/v2\/product_cat?post=288789"},{"taxonomy":"product_tag","embeddable":true,"href":"https:\/\/www.miomiorun.com\/es\/wp-json\/wp\/v2\/product_tag?post=288789"}],"curies":[{"name":"wp","href":"https:\/\/api.w.org\/{rel}","templated":true}]}}