{"id":288453,"date":"2023-10-30T18:49:06","date_gmt":"2023-10-30T17:49:06","guid":{"rendered":"https:\/\/miomiorun.com\/prodotto\/band-stem\/"},"modified":"2025-11-04T11:16:57","modified_gmt":"2025-11-04T10:16:57","slug":"band-stem","status":"publish","type":"product","link":"https:\/\/www.miomiorun.com\/es\/producto\/band-stem\/","title":{"rendered":"Band Stem"},"content":{"rendered":"<p>Banda <strong>Band Stem<\/strong> sin moldear y con corte vivo para carreras de alta intensidad y esqu\u00ed de monta\u00f1a, ideal tambi\u00e9n como pasamonta\u00f1as. Fabricada en microfibra ligera con estampado Graphene. Nuestra pol\u00edtica empresarial es prestar mucha atenci\u00f3n a no desperdiciar materias primas valiosas, por lo que los mismos tejidos utilizados para fabricar chaquetas o jers\u00e9is se cortan con cuidado para reducir al m\u00ednimo los residuos.<\/p>\n<p><strong>CARACTER\u00cdSTICAS:<\/strong><\/p>\n<ul>\n<li>Banda unisex<\/li>\n<li>Banda sin moldear<\/li>\n<li>Fabricada en microfibra ligera<\/li>\n<\/ul>\n<p>&nbsp;<\/p>\n","protected":false},"excerpt":{"rendered":"<ul>\n<li>ideal para entrenamientos de alta intensidad<\/li>\n<li>tambi\u00e9n ideal como pasamonta\u00f1as<\/li>\n<\/ul>\n","protected":false},"featured_media":243591,"template":"","meta":{"_acf_changed":false,"inline_featured_image":false},"product_brand":[],"product_cat":[24205,24221,24222],"product_tag":[23488],"class_list":{"0":"post-288453","1":"product","2":"type-product","3":"status-publish","4":"has-post-thumbnail","6":"product_cat-accesorios","7":"product_cat-calefaccion","8":"product_cat-sombreros-gorras","9":"product_tag-crazy-idea-es","10":"pa_attivita-caminar","11":"pa_attivita-outdoor-es","12":"pa_attivita-running-es","13":"pa_attivita-trail-es","14":"pa_colore-band-stem-big-white-es","15":"pa_colore-band-stem-clarabelle-es","16":"pa_colore-band-stem-early-es","17":"pa_colore-band-stem-pop-es","18":"pa_colore-band-stem-selfie-es","19":"pa_colore-band-stem-selfie-es-2","20":"pa_colore-band-stem-start-and-go-es","21":"pa_marca-crazy-idea-es","22":"pa_sesso-hombre","23":"pa_sesso-mujer","24":"pa_size-medium-es","25":"pa_size-large-es","27":"first","28":"instock","29":"sale","30":"taxable","31":"shipping-taxable","32":"purchasable","33":"product-type-variable","34":"wvs-archive-product-wrapper"},"acf":[],"yoast_head":"<!-- This site is optimized with the Yoast SEO plugin v26.8 - https:\/\/yoast.com\/product\/yoast-seo-wordpress\/ -->\n<title>Crazy Band Stem - Faja para correr- MioMioRun<\/title>\n<meta name=\"description\" content=\"Banda sin moldear con corte vivo para carreras de alta intensidad y esqu\u00ed de monta\u00f1a, ideal tambi\u00e9n como pasamonta\u00f1as. Fabricada en microfibra ligera.\" \/>\n<meta name=\"robots\" content=\"index, follow, max-snippet:-1, max-image-preview:large, max-video-preview:-1\" \/>\n<link rel=\"canonical\" href=\"https:\/\/www.miomiorun.com\/es\/producto\/band-stem\/\" \/>\n<meta property=\"og:locale\" content=\"es_ES\" \/>\n<meta property=\"og:type\" content=\"article\" \/>\n<meta property=\"og:title\" content=\"Crazy Band Stem - Faja para correr- MioMioRun\" \/>\n<meta property=\"og:description\" content=\"Banda sin moldear con corte vivo para carreras de alta intensidad y esqu\u00ed de monta\u00f1a, ideal tambi\u00e9n como pasamonta\u00f1as. Fabricada en microfibra ligera.\" \/>\n<meta property=\"og:url\" content=\"https:\/\/www.miomiorun.com\/es\/producto\/band-stem\/\" \/>\n<meta property=\"og:site_name\" content=\"MioMioRun\" \/>\n<meta property=\"article:publisher\" content=\"https:\/\/www.facebook.com\/miomiorun\/\" \/>\n<meta property=\"article:modified_time\" content=\"2025-11-04T10:16:57+00:00\" \/>\n<meta property=\"og:image\" content=\"https:\/\/www.miomiorun.com\/app\/uploads\/2023\/10\/crazy-idea-Band-stem-big-white-W23126027X-00X181.jpg\" \/>\n\t<meta property=\"og:image:width\" content=\"600\" \/>\n\t<meta property=\"og:image:height\" content=\"600\" \/>\n\t<meta property=\"og:image:type\" content=\"image\/jpeg\" \/>\n<meta name=\"twitter:card\" content=\"summary_large_image\" \/>\n<script type=\"application\/ld+json\" class=\"yoast-schema-graph\">{\"@context\":\"https:\/\/schema.org\",\"@graph\":[{\"@type\":\"WebPage\",\"@id\":\"https:\/\/www.miomiorun.com\/es\/producto\/band-stem\/\",\"url\":\"https:\/\/www.miomiorun.com\/es\/producto\/band-stem\/\",\"name\":\"Crazy Band Stem - Faja para correr- MioMioRun\",\"isPartOf\":{\"@id\":\"https:\/\/www.miomiorun.com\/es\/#website\"},\"primaryImageOfPage\":{\"@id\":\"https:\/\/www.miomiorun.com\/es\/producto\/band-stem\/#primaryimage\"},\"image\":{\"@id\":\"https:\/\/www.miomiorun.com\/es\/producto\/band-stem\/#primaryimage\"},\"thumbnailUrl\":\"https:\/\/www.miomiorun.com\/app\/uploads\/2023\/10\/crazy-idea-Band-stem-big-white-W23126027X-00X181.jpg\",\"datePublished\":\"2023-10-30T17:49:06+00:00\",\"dateModified\":\"2025-11-04T10:16:57+00:00\",\"description\":\"Banda sin moldear con corte vivo para carreras de alta intensidad y esqu\u00ed de monta\u00f1a, ideal tambi\u00e9n como pasamonta\u00f1as. Fabricada en microfibra ligera.\",\"breadcrumb\":{\"@id\":\"https:\/\/www.miomiorun.com\/es\/producto\/band-stem\/#breadcrumb\"},\"inLanguage\":\"es-ES\",\"potentialAction\":[{\"@type\":\"ReadAction\",\"target\":[\"https:\/\/www.miomiorun.com\/es\/producto\/band-stem\/\"]}]},{\"@type\":\"ImageObject\",\"inLanguage\":\"es-ES\",\"@id\":\"https:\/\/www.miomiorun.com\/es\/producto\/band-stem\/#primaryimage\",\"url\":\"https:\/\/www.miomiorun.com\/app\/uploads\/2023\/10\/crazy-idea-Band-stem-big-white-W23126027X-00X181.jpg\",\"contentUrl\":\"https:\/\/www.miomiorun.com\/app\/uploads\/2023\/10\/crazy-idea-Band-stem-big-white-W23126027X-00X181.jpg\",\"width\":600,\"height\":600,\"caption\":\"crazy-idea-Band-stem-big-white-W23126027X-00X181\"},{\"@type\":\"BreadcrumbList\",\"@id\":\"https:\/\/www.miomiorun.com\/es\/producto\/band-stem\/#breadcrumb\",\"itemListElement\":[{\"@type\":\"ListItem\",\"position\":1,\"name\":\"Home\",\"item\":\"https:\/\/www.miomiorun.com\/es\/\"},{\"@type\":\"ListItem\",\"position\":2,\"name\":\"Shop\",\"item\":\"https:\/\/www.miomiorun.com\/shop\/\"},{\"@type\":\"ListItem\",\"position\":3,\"name\":\"Band Stem\"}]},{\"@type\":\"WebSite\",\"@id\":\"https:\/\/www.miomiorun.com\/es\/#website\",\"url\":\"https:\/\/www.miomiorun.com\/es\/\",\"name\":\"MioMioRun\",\"description\":\"Tienda 100% running y trail\",\"publisher\":{\"@id\":\"https:\/\/www.miomiorun.com\/es\/#organization\"},\"potentialAction\":[{\"@type\":\"SearchAction\",\"target\":{\"@type\":\"EntryPoint\",\"urlTemplate\":\"https:\/\/www.miomiorun.com\/es\/?s={search_term_string}\"},\"query-input\":{\"@type\":\"PropertyValueSpecification\",\"valueRequired\":true,\"valueName\":\"search_term_string\"}}],\"inLanguage\":\"es-ES\"},{\"@type\":\"Organization\",\"@id\":\"https:\/\/www.miomiorun.com\/es\/#organization\",\"name\":\"MioMio Run\",\"url\":\"https:\/\/www.miomiorun.com\/es\/\",\"logo\":{\"@type\":\"ImageObject\",\"inLanguage\":\"es-ES\",\"@id\":\"https:\/\/www.miomiorun.com\/es\/#\/schema\/logo\/image\/\",\"url\":\"https:\/\/www.miomiorun.com\/app\/uploads\/2019\/12\/logomio.png\",\"contentUrl\":\"https:\/\/www.miomiorun.com\/app\/uploads\/2019\/12\/logomio.png\",\"width\":115,\"height\":82,\"caption\":\"MioMio Run\"},\"image\":{\"@id\":\"https:\/\/www.miomiorun.com\/es\/#\/schema\/logo\/image\/\"},\"sameAs\":[\"https:\/\/www.facebook.com\/miomiorun\/\",\"https:\/\/www.instagram.com\/miomiorun\/\"]}]}<\/script>\n<!-- \/ Yoast SEO plugin. -->","yoast_head_json":{"title":"Crazy Band Stem - Faja para correr- MioMioRun","description":"Banda sin moldear con corte vivo para carreras de alta intensidad y esqu\u00ed de monta\u00f1a, ideal tambi\u00e9n como pasamonta\u00f1as. Fabricada en microfibra ligera.","robots":{"index":"index","follow":"follow","max-snippet":"max-snippet:-1","max-image-preview":"max-image-preview:large","max-video-preview":"max-video-preview:-1"},"canonical":"https:\/\/www.miomiorun.com\/es\/producto\/band-stem\/","og_locale":"es_ES","og_type":"article","og_title":"Crazy Band Stem - Faja para correr- MioMioRun","og_description":"Banda sin moldear con corte vivo para carreras de alta intensidad y esqu\u00ed de monta\u00f1a, ideal tambi\u00e9n como pasamonta\u00f1as. Fabricada en microfibra ligera.","og_url":"https:\/\/www.miomiorun.com\/es\/producto\/band-stem\/","og_site_name":"MioMioRun","article_publisher":"https:\/\/www.facebook.com\/miomiorun\/","article_modified_time":"2025-11-04T10:16:57+00:00","og_image":[{"width":600,"height":600,"url":"https:\/\/www.miomiorun.com\/app\/uploads\/2023\/10\/crazy-idea-Band-stem-big-white-W23126027X-00X181.jpg","type":"image\/jpeg"}],"twitter_card":"summary_large_image","schema":{"@context":"https:\/\/schema.org","@graph":[{"@type":"WebPage","@id":"https:\/\/www.miomiorun.com\/es\/producto\/band-stem\/","url":"https:\/\/www.miomiorun.com\/es\/producto\/band-stem\/","name":"Crazy Band Stem - Faja para correr- MioMioRun","isPartOf":{"@id":"https:\/\/www.miomiorun.com\/es\/#website"},"primaryImageOfPage":{"@id":"https:\/\/www.miomiorun.com\/es\/producto\/band-stem\/#primaryimage"},"image":{"@id":"https:\/\/www.miomiorun.com\/es\/producto\/band-stem\/#primaryimage"},"thumbnailUrl":"https:\/\/www.miomiorun.com\/app\/uploads\/2023\/10\/crazy-idea-Band-stem-big-white-W23126027X-00X181.jpg","datePublished":"2023-10-30T17:49:06+00:00","dateModified":"2025-11-04T10:16:57+00:00","description":"Banda sin moldear con corte vivo para carreras de alta intensidad y esqu\u00ed de monta\u00f1a, ideal tambi\u00e9n como pasamonta\u00f1as. Fabricada en microfibra ligera.","breadcrumb":{"@id":"https:\/\/www.miomiorun.com\/es\/producto\/band-stem\/#breadcrumb"},"inLanguage":"es-ES","potentialAction":[{"@type":"ReadAction","target":["https:\/\/www.miomiorun.com\/es\/producto\/band-stem\/"]}]},{"@type":"ImageObject","inLanguage":"es-ES","@id":"https:\/\/www.miomiorun.com\/es\/producto\/band-stem\/#primaryimage","url":"https:\/\/www.miomiorun.com\/app\/uploads\/2023\/10\/crazy-idea-Band-stem-big-white-W23126027X-00X181.jpg","contentUrl":"https:\/\/www.miomiorun.com\/app\/uploads\/2023\/10\/crazy-idea-Band-stem-big-white-W23126027X-00X181.jpg","width":600,"height":600,"caption":"crazy-idea-Band-stem-big-white-W23126027X-00X181"},{"@type":"BreadcrumbList","@id":"https:\/\/www.miomiorun.com\/es\/producto\/band-stem\/#breadcrumb","itemListElement":[{"@type":"ListItem","position":1,"name":"Home","item":"https:\/\/www.miomiorun.com\/es\/"},{"@type":"ListItem","position":2,"name":"Shop","item":"https:\/\/www.miomiorun.com\/shop\/"},{"@type":"ListItem","position":3,"name":"Band Stem"}]},{"@type":"WebSite","@id":"https:\/\/www.miomiorun.com\/es\/#website","url":"https:\/\/www.miomiorun.com\/es\/","name":"MioMioRun","description":"Tienda 100% running y trail","publisher":{"@id":"https:\/\/www.miomiorun.com\/es\/#organization"},"potentialAction":[{"@type":"SearchAction","target":{"@type":"EntryPoint","urlTemplate":"https:\/\/www.miomiorun.com\/es\/?s={search_term_string}"},"query-input":{"@type":"PropertyValueSpecification","valueRequired":true,"valueName":"search_term_string"}}],"inLanguage":"es-ES"},{"@type":"Organization","@id":"https:\/\/www.miomiorun.com\/es\/#organization","name":"MioMio Run","url":"https:\/\/www.miomiorun.com\/es\/","logo":{"@type":"ImageObject","inLanguage":"es-ES","@id":"https:\/\/www.miomiorun.com\/es\/#\/schema\/logo\/image\/","url":"https:\/\/www.miomiorun.com\/app\/uploads\/2019\/12\/logomio.png","contentUrl":"https:\/\/www.miomiorun.com\/app\/uploads\/2019\/12\/logomio.png","width":115,"height":82,"caption":"MioMio Run"},"image":{"@id":"https:\/\/www.miomiorun.com\/es\/#\/schema\/logo\/image\/"},"sameAs":["https:\/\/www.facebook.com\/miomiorun\/","https:\/\/www.instagram.com\/miomiorun\/"]}]}},"_links":{"self":[{"href":"https:\/\/www.miomiorun.com\/es\/wp-json\/wp\/v2\/product\/288453","targetHints":{"allow":["GET"]}}],"collection":[{"href":"https:\/\/www.miomiorun.com\/es\/wp-json\/wp\/v2\/product"}],"about":[{"href":"https:\/\/www.miomiorun.com\/es\/wp-json\/wp\/v2\/types\/product"}],"wp:featuredmedia":[{"embeddable":true,"href":"https:\/\/www.miomiorun.com\/es\/wp-json\/wp\/v2\/media\/243591"}],"wp:attachment":[{"href":"https:\/\/www.miomiorun.com\/es\/wp-json\/wp\/v2\/media?parent=288453"}],"wp:term":[{"taxonomy":"product_brand","embeddable":true,"href":"https:\/\/www.miomiorun.com\/es\/wp-json\/wp\/v2\/product_brand?post=288453"},{"taxonomy":"product_cat","embeddable":true,"href":"https:\/\/www.miomiorun.com\/es\/wp-json\/wp\/v2\/product_cat?post=288453"},{"taxonomy":"product_tag","embeddable":true,"href":"https:\/\/www.miomiorun.com\/es\/wp-json\/wp\/v2\/product_tag?post=288453"}],"curies":[{"name":"wp","href":"https:\/\/api.w.org\/{rel}","templated":true}]}}