{"id":288448,"date":"2023-10-30T17:56:15","date_gmt":"2023-10-30T16:56:15","guid":{"rendered":"https:\/\/miomiorun.com\/prodotto\/challenger-atr-7-gtx-donna\/"},"modified":"2025-10-07T11:42:39","modified_gmt":"2025-10-07T09:42:39","slug":"challenger-atr-7-gtx-mujer","status":"publish","type":"product","link":"https:\/\/www.miomiorun.com\/es\/producto\/challenger-atr-7-gtx-mujer\/","title":{"rendered":"Challenger ATR 7 Gtx mujer"},"content":{"rendered":"<table style=\"border-collapse: collapse; width: 100%;\">\n<tbody>\n<tr>\n<td style=\"width: 33.3333%; vertical-align: top; text-align: center;\"><strong>Especificaciones t\u00e9cnicas<\/strong><\/p>\n<p>Categor\u00eda: amortiguaci\u00f3n superior.<br \/>\nDesviaci\u00f3n: 5 mm.<br \/>\nPeso: 198 g.<br \/>\nIdeal para: corredores amantes del trail running que buscan un modelo con buena amortiguaci\u00f3n que se pueda utilizar para distancias largas y medias, tanto en monta\u00f1a como en caminos de tierra y, ocasionalmente, en asfalto.<br \/>\nPeso del atleta: 60-70 kg<br \/>\nRitmo de carrera: medio (5,00 min\/km)<br \/>\n<a href=\"https:\/\/miomiorun.com\/guida-alle-specifiche-tecniche\/\">Gu\u00eda de especificaciones t\u00e9cnicas<\/a><\/td>\n<td style=\"width: 66.6666%; vertical-align: top; text-align: center;\"><strong>Llueva o haga sol. De la carretera a la cima.<\/strong><\/p>\n<p>Buscando el equilibrio entre el modelo de carretera y el de trail, hemos redise\u00f1ado desde cero las <strong>Challenger 7 GTX<\/strong> para mujer. Combinando la parte superior de malla simplificada con la nueva espuma suave, hemos aumentado la altura de la suela para una sensaci\u00f3n de suavidad y hemos a\u00f1adido la tecnolog\u00eda GORE-TEX INVISIBLE FIT con material parcialmente reciclado para una mayor protecci\u00f3n contra las inclemencias del tiempo. Inspir\u00e1ndonos en los neum\u00e1ticos de gravel, hemos dise\u00f1ado una suela con elementos m\u00e1s peque\u00f1os y menos espaciados en el centro y m\u00e1s grandes y agresivos en el per\u00edmetro, para mejorar la tracci\u00f3n en terrenos irregulares.<\/p>\n<h3><strong>Caracter\u00edsticas:<br \/>\n<\/strong><\/h3>\n<ul class=\"features-container\">\n<li class=\"feature-item\">Tirante alargado en el tal\u00f3n<\/li>\n<li class=\"feature-item\">Malla t\u00e9cnica<\/li>\n<li class=\"feature-item\">GORE-TEX Invisible Fit con tejido exterior de poli\u00e9ster reciclado (70 %)<\/li>\n<li class=\"feature-item\">Entresuela de espuma EVA moldeada por compresi\u00f3n<\/li>\n<li class=\"feature-item\">Suela de goma Durabrasion Rubber<\/li>\n<li class=\"feature-item\">Suela de 4 mm<\/li>\n<li class=\"feature-item\">Cordones de nailon reciclado (70 %) y poli\u00e9ster reciclado (30 %), sin incluir la leng\u00fceta<\/li>\n<\/ul>\n<p><strong>\u00bfQu\u00e9 hay de nuevo?<\/strong><\/p>\n<p>M\u00e1s ligera que la \u00faltima versi\u00f3n, presenta una altura de pila superior para una mayor amortiguaci\u00f3n y un dise\u00f1o de suela evolucionado para una mejor tracci\u00f3n.<\/p>\n<h2 class=\"card-title mb-3\"><span title=\"\" data-toggle=\"tooltip\" data-placement=\"bottom\" data-title=\"Alcune scarpe hanno un supporto integrato superiore, pensato per gli iperpronatori; altre sono in minima parte ortopediche, progettate per garantire ammortizzazione senza ostacolarti.\" data-original-title=\"\"><span class=\"techspec-bar-title\">Estabilidad<\/span><\/span><\/h2>\n<p class=\"tech-spec-product-msg active\">Challenger 7 GORE-TEX cuenta con una plantilla amortiguada sim\u00e9trica, sin tecnolog\u00edas ortop\u00e9dicas adicionales. Dise\u00f1ada para ofrecerte el apoyo que necesitas, sin caracter\u00edsticas superfluas.<\/p>\n<h2 class=\"card-title mb-3\"><span title=\"\" data-toggle=\"tooltip\" data-placement=\"bottom\" data-title=\"Tutte le nostre calzature presentano un\u2019intersuola ammortizzata, progettata per ridurre l\u2019impatto e garantire supporto. La quantit\u00e0 di ammortizzazione e quanto sia compatta o morbida varia da modello a modello.\" data-original-title=\"\"><span class=\"techspec-bar-title\">Amortiguaci\u00f3n<\/span><\/span><\/h2>\n<p class=\"tech-spec-product-msg active\">Challenger 7 GORE-TEX presenta una cama m\u00e1s alta de amortiguaci\u00f3n suave, dise\u00f1ada para un impacto y una experiencia de uso m\u00e1s delicados.<\/p>\n<\/td>\n<\/tr>\n<\/tbody>\n<\/table>\n<p>&nbsp;<\/p>\n","protected":false},"excerpt":{"rendered":"<ul class=\"features-container\">\n<li class=\"feature-item\">Tirante alargado en el tal\u00f3n<\/li>\n<li class=\"feature-item\">Malla t\u00e9cnica<\/li>\n<li class=\"feature-item\">Membrana GTX<\/li>\n<\/ul>\n","protected":false},"featured_media":357019,"template":"","meta":{"_acf_changed":false,"inline_featured_image":false},"product_brand":[],"product_cat":[24227,24230],"product_tag":[23479,23645],"class_list":{"0":"post-288448","1":"product","2":"type-product","3":"status-publish","4":"has-post-thumbnail","6":"product_cat-calzado-femenino","7":"product_cat-trail-es","8":"product_tag-hoka-one-one-es","9":"product_tag-hoka-mujer","10":"pa_attivita-caminar","11":"pa_attivita-running-es","12":"pa_attivita-trail-es","13":"pa_colore-challenger-atr-7-gtx-w-raindrop-grout-es","14":"pa_marca-hoka-es","15":"pa_sesso-mujer","16":"pa_size-38-es","17":"pa_size-39-es","18":"pa_size-40-es","19":"pa_size-41-es","20":"pa_size-42-es","22":"first","23":"instock","24":"sale","25":"taxable","26":"shipping-taxable","27":"purchasable","28":"product-type-variable","29":"wvs-archive-product-wrapper"},"acf":[],"yoast_head":"<!-- This site is optimized with the Yoast SEO plugin v26.8 - https:\/\/yoast.com\/product\/yoast-seo-wordpress\/ -->\n<title>Hoka Challenger ATR 7 Gtx mujer - Zapatillas de trail - MioMioRun<\/title>\n<meta name=\"description\" content=\"Hemos redise\u00f1ado las Challenger 7 GTX para mujer desde cero. Combinando la parte superior de malla simplificada con la nueva espuma suave\" \/>\n<meta name=\"robots\" content=\"index, follow, max-snippet:-1, max-image-preview:large, max-video-preview:-1\" \/>\n<link rel=\"canonical\" href=\"https:\/\/www.miomiorun.com\/es\/producto\/challenger-atr-7-gtx-mujer\/\" \/>\n<meta property=\"og:locale\" content=\"es_ES\" \/>\n<meta property=\"og:type\" content=\"article\" \/>\n<meta property=\"og:title\" content=\"Hoka Challenger ATR 7 Gtx mujer - Zapatillas de trail - MioMioRun\" \/>\n<meta property=\"og:description\" content=\"Hemos redise\u00f1ado las Challenger 7 GTX para mujer desde cero. Combinando la parte superior de malla simplificada con la nueva espuma suave\" \/>\n<meta property=\"og:url\" content=\"https:\/\/www.miomiorun.com\/es\/producto\/challenger-atr-7-gtx-mujer\/\" \/>\n<meta property=\"og:site_name\" content=\"MioMioRun\" \/>\n<meta property=\"article:publisher\" content=\"https:\/\/www.facebook.com\/miomiorun\/\" \/>\n<meta property=\"article:modified_time\" content=\"2025-10-07T09:42:39+00:00\" \/>\n<meta property=\"og:image\" content=\"https:\/\/www.miomiorun.com\/app\/uploads\/2025\/10\/hoka-Challenger-ATR-7-GTX-W-raindrop-grout-1134502F-RPG.webp\" \/>\n\t<meta property=\"og:image:width\" content=\"720\" \/>\n\t<meta property=\"og:image:height\" content=\"720\" \/>\n\t<meta property=\"og:image:type\" content=\"image\/webp\" \/>\n<meta name=\"twitter:card\" content=\"summary_large_image\" \/>\n<meta name=\"twitter:label1\" content=\"Est. reading time\" \/>\n\t<meta name=\"twitter:data1\" content=\"2 minutes\" \/>\n<script type=\"application\/ld+json\" class=\"yoast-schema-graph\">{\"@context\":\"https:\/\/schema.org\",\"@graph\":[{\"@type\":\"WebPage\",\"@id\":\"https:\/\/www.miomiorun.com\/es\/producto\/challenger-atr-7-gtx-mujer\/\",\"url\":\"https:\/\/www.miomiorun.com\/es\/producto\/challenger-atr-7-gtx-mujer\/\",\"name\":\"Hoka Challenger ATR 7 Gtx mujer - Zapatillas de trail - MioMioRun\",\"isPartOf\":{\"@id\":\"https:\/\/www.miomiorun.com\/es\/#website\"},\"primaryImageOfPage\":{\"@id\":\"https:\/\/www.miomiorun.com\/es\/producto\/challenger-atr-7-gtx-mujer\/#primaryimage\"},\"image\":{\"@id\":\"https:\/\/www.miomiorun.com\/es\/producto\/challenger-atr-7-gtx-mujer\/#primaryimage\"},\"thumbnailUrl\":\"https:\/\/www.miomiorun.com\/app\/uploads\/2025\/10\/hoka-Challenger-ATR-7-GTX-W-raindrop-grout-1134502F-RPG.webp\",\"datePublished\":\"2023-10-30T16:56:15+00:00\",\"dateModified\":\"2025-10-07T09:42:39+00:00\",\"description\":\"Hemos redise\u00f1ado las Challenger 7 GTX para mujer desde cero. Combinando la parte superior de malla simplificada con la nueva espuma suave\",\"breadcrumb\":{\"@id\":\"https:\/\/www.miomiorun.com\/es\/producto\/challenger-atr-7-gtx-mujer\/#breadcrumb\"},\"inLanguage\":\"es-ES\",\"potentialAction\":[{\"@type\":\"ReadAction\",\"target\":[\"https:\/\/www.miomiorun.com\/es\/producto\/challenger-atr-7-gtx-mujer\/\"]}]},{\"@type\":\"ImageObject\",\"inLanguage\":\"es-ES\",\"@id\":\"https:\/\/www.miomiorun.com\/es\/producto\/challenger-atr-7-gtx-mujer\/#primaryimage\",\"url\":\"https:\/\/www.miomiorun.com\/app\/uploads\/2025\/10\/hoka-Challenger-ATR-7-GTX-W-raindrop-grout-1134502F-RPG.webp\",\"contentUrl\":\"https:\/\/www.miomiorun.com\/app\/uploads\/2025\/10\/hoka-Challenger-ATR-7-GTX-W-raindrop-grout-1134502F-RPG.webp\",\"width\":720,\"height\":720,\"caption\":\"hoka Challenger ATR 7 GTX W raindrop grout 1134502F RPG\"},{\"@type\":\"BreadcrumbList\",\"@id\":\"https:\/\/www.miomiorun.com\/es\/producto\/challenger-atr-7-gtx-mujer\/#breadcrumb\",\"itemListElement\":[{\"@type\":\"ListItem\",\"position\":1,\"name\":\"Home\",\"item\":\"https:\/\/www.miomiorun.com\/es\/\"},{\"@type\":\"ListItem\",\"position\":2,\"name\":\"Shop\",\"item\":\"https:\/\/www.miomiorun.com\/shop\/\"},{\"@type\":\"ListItem\",\"position\":3,\"name\":\"Challenger ATR 7 Gtx mujer\"}]},{\"@type\":\"WebSite\",\"@id\":\"https:\/\/www.miomiorun.com\/es\/#website\",\"url\":\"https:\/\/www.miomiorun.com\/es\/\",\"name\":\"MioMioRun\",\"description\":\"Tienda 100% running y trail\",\"publisher\":{\"@id\":\"https:\/\/www.miomiorun.com\/es\/#organization\"},\"potentialAction\":[{\"@type\":\"SearchAction\",\"target\":{\"@type\":\"EntryPoint\",\"urlTemplate\":\"https:\/\/www.miomiorun.com\/es\/?s={search_term_string}\"},\"query-input\":{\"@type\":\"PropertyValueSpecification\",\"valueRequired\":true,\"valueName\":\"search_term_string\"}}],\"inLanguage\":\"es-ES\"},{\"@type\":\"Organization\",\"@id\":\"https:\/\/www.miomiorun.com\/es\/#organization\",\"name\":\"MioMio Run\",\"url\":\"https:\/\/www.miomiorun.com\/es\/\",\"logo\":{\"@type\":\"ImageObject\",\"inLanguage\":\"es-ES\",\"@id\":\"https:\/\/www.miomiorun.com\/es\/#\/schema\/logo\/image\/\",\"url\":\"https:\/\/www.miomiorun.com\/app\/uploads\/2019\/12\/logomio.png\",\"contentUrl\":\"https:\/\/www.miomiorun.com\/app\/uploads\/2019\/12\/logomio.png\",\"width\":115,\"height\":82,\"caption\":\"MioMio Run\"},\"image\":{\"@id\":\"https:\/\/www.miomiorun.com\/es\/#\/schema\/logo\/image\/\"},\"sameAs\":[\"https:\/\/www.facebook.com\/miomiorun\/\",\"https:\/\/www.instagram.com\/miomiorun\/\"]}]}<\/script>\n<!-- \/ Yoast SEO plugin. -->","yoast_head_json":{"title":"Hoka Challenger ATR 7 Gtx mujer - Zapatillas de trail - MioMioRun","description":"Hemos redise\u00f1ado las Challenger 7 GTX para mujer desde cero. Combinando la parte superior de malla simplificada con la nueva espuma suave","robots":{"index":"index","follow":"follow","max-snippet":"max-snippet:-1","max-image-preview":"max-image-preview:large","max-video-preview":"max-video-preview:-1"},"canonical":"https:\/\/www.miomiorun.com\/es\/producto\/challenger-atr-7-gtx-mujer\/","og_locale":"es_ES","og_type":"article","og_title":"Hoka Challenger ATR 7 Gtx mujer - Zapatillas de trail - MioMioRun","og_description":"Hemos redise\u00f1ado las Challenger 7 GTX para mujer desde cero. Combinando la parte superior de malla simplificada con la nueva espuma suave","og_url":"https:\/\/www.miomiorun.com\/es\/producto\/challenger-atr-7-gtx-mujer\/","og_site_name":"MioMioRun","article_publisher":"https:\/\/www.facebook.com\/miomiorun\/","article_modified_time":"2025-10-07T09:42:39+00:00","og_image":[{"width":720,"height":720,"url":"https:\/\/www.miomiorun.com\/app\/uploads\/2025\/10\/hoka-Challenger-ATR-7-GTX-W-raindrop-grout-1134502F-RPG.webp","type":"image\/webp"}],"twitter_card":"summary_large_image","twitter_misc":{"Est. reading time":"2 minutes"},"schema":{"@context":"https:\/\/schema.org","@graph":[{"@type":"WebPage","@id":"https:\/\/www.miomiorun.com\/es\/producto\/challenger-atr-7-gtx-mujer\/","url":"https:\/\/www.miomiorun.com\/es\/producto\/challenger-atr-7-gtx-mujer\/","name":"Hoka Challenger ATR 7 Gtx mujer - Zapatillas de trail - MioMioRun","isPartOf":{"@id":"https:\/\/www.miomiorun.com\/es\/#website"},"primaryImageOfPage":{"@id":"https:\/\/www.miomiorun.com\/es\/producto\/challenger-atr-7-gtx-mujer\/#primaryimage"},"image":{"@id":"https:\/\/www.miomiorun.com\/es\/producto\/challenger-atr-7-gtx-mujer\/#primaryimage"},"thumbnailUrl":"https:\/\/www.miomiorun.com\/app\/uploads\/2025\/10\/hoka-Challenger-ATR-7-GTX-W-raindrop-grout-1134502F-RPG.webp","datePublished":"2023-10-30T16:56:15+00:00","dateModified":"2025-10-07T09:42:39+00:00","description":"Hemos redise\u00f1ado las Challenger 7 GTX para mujer desde cero. Combinando la parte superior de malla simplificada con la nueva espuma suave","breadcrumb":{"@id":"https:\/\/www.miomiorun.com\/es\/producto\/challenger-atr-7-gtx-mujer\/#breadcrumb"},"inLanguage":"es-ES","potentialAction":[{"@type":"ReadAction","target":["https:\/\/www.miomiorun.com\/es\/producto\/challenger-atr-7-gtx-mujer\/"]}]},{"@type":"ImageObject","inLanguage":"es-ES","@id":"https:\/\/www.miomiorun.com\/es\/producto\/challenger-atr-7-gtx-mujer\/#primaryimage","url":"https:\/\/www.miomiorun.com\/app\/uploads\/2025\/10\/hoka-Challenger-ATR-7-GTX-W-raindrop-grout-1134502F-RPG.webp","contentUrl":"https:\/\/www.miomiorun.com\/app\/uploads\/2025\/10\/hoka-Challenger-ATR-7-GTX-W-raindrop-grout-1134502F-RPG.webp","width":720,"height":720,"caption":"hoka Challenger ATR 7 GTX W raindrop grout 1134502F RPG"},{"@type":"BreadcrumbList","@id":"https:\/\/www.miomiorun.com\/es\/producto\/challenger-atr-7-gtx-mujer\/#breadcrumb","itemListElement":[{"@type":"ListItem","position":1,"name":"Home","item":"https:\/\/www.miomiorun.com\/es\/"},{"@type":"ListItem","position":2,"name":"Shop","item":"https:\/\/www.miomiorun.com\/shop\/"},{"@type":"ListItem","position":3,"name":"Challenger ATR 7 Gtx mujer"}]},{"@type":"WebSite","@id":"https:\/\/www.miomiorun.com\/es\/#website","url":"https:\/\/www.miomiorun.com\/es\/","name":"MioMioRun","description":"Tienda 100% running y trail","publisher":{"@id":"https:\/\/www.miomiorun.com\/es\/#organization"},"potentialAction":[{"@type":"SearchAction","target":{"@type":"EntryPoint","urlTemplate":"https:\/\/www.miomiorun.com\/es\/?s={search_term_string}"},"query-input":{"@type":"PropertyValueSpecification","valueRequired":true,"valueName":"search_term_string"}}],"inLanguage":"es-ES"},{"@type":"Organization","@id":"https:\/\/www.miomiorun.com\/es\/#organization","name":"MioMio Run","url":"https:\/\/www.miomiorun.com\/es\/","logo":{"@type":"ImageObject","inLanguage":"es-ES","@id":"https:\/\/www.miomiorun.com\/es\/#\/schema\/logo\/image\/","url":"https:\/\/www.miomiorun.com\/app\/uploads\/2019\/12\/logomio.png","contentUrl":"https:\/\/www.miomiorun.com\/app\/uploads\/2019\/12\/logomio.png","width":115,"height":82,"caption":"MioMio Run"},"image":{"@id":"https:\/\/www.miomiorun.com\/es\/#\/schema\/logo\/image\/"},"sameAs":["https:\/\/www.facebook.com\/miomiorun\/","https:\/\/www.instagram.com\/miomiorun\/"]}]}},"_links":{"self":[{"href":"https:\/\/www.miomiorun.com\/es\/wp-json\/wp\/v2\/product\/288448","targetHints":{"allow":["GET"]}}],"collection":[{"href":"https:\/\/www.miomiorun.com\/es\/wp-json\/wp\/v2\/product"}],"about":[{"href":"https:\/\/www.miomiorun.com\/es\/wp-json\/wp\/v2\/types\/product"}],"wp:featuredmedia":[{"embeddable":true,"href":"https:\/\/www.miomiorun.com\/es\/wp-json\/wp\/v2\/media\/357019"}],"wp:attachment":[{"href":"https:\/\/www.miomiorun.com\/es\/wp-json\/wp\/v2\/media?parent=288448"}],"wp:term":[{"taxonomy":"product_brand","embeddable":true,"href":"https:\/\/www.miomiorun.com\/es\/wp-json\/wp\/v2\/product_brand?post=288448"},{"taxonomy":"product_cat","embeddable":true,"href":"https:\/\/www.miomiorun.com\/es\/wp-json\/wp\/v2\/product_cat?post=288448"},{"taxonomy":"product_tag","embeddable":true,"href":"https:\/\/www.miomiorun.com\/es\/wp-json\/wp\/v2\/product_tag?post=288448"}],"curies":[{"name":"wp","href":"https:\/\/api.w.org\/{rel}","templated":true}]}}