{"id":288420,"date":"2023-10-31T15:08:13","date_gmt":"2023-10-31T14:08:13","guid":{"rendered":"https:\/\/miomiorun.com\/prodotto\/ultra-raptor-ii-jr\/"},"modified":"2026-05-08T21:53:54","modified_gmt":"2026-05-08T19:53:54","slug":"ultra-raptor-ii-jr","status":"publish","type":"product","link":"https:\/\/www.miomiorun.com\/es\/producto\/ultra-raptor-ii-jr\/","title":{"rendered":"Ultra Raptor II JR"},"content":{"rendered":"<div class=\"vc-row container\"><div class=\"vc-column\"><div class=\"vc-column-text\"><\/p>\n<h4>Especificaciones t\u00e9cnicas<\/h4>\n<p>Categor\u00eda: Amortiguaci\u00f3n estructurada<br \/>\nDesnivel: 4 mm<br \/>\nIdeal para: j\u00f3venes que necesitan un calzado con buena amortiguaci\u00f3n y una estructura s\u00f3lida para afrontar senderos de monta\u00f1a. Ideal para los primeros pasos en el trail o para j\u00f3venes que ya se inclinan por recorrer distancias medias-largas.<br \/>\n<a href=\"https:\/\/miomiorun.com\/guida-alle-specifiche-tecniche\/\">Gu\u00eda de especificaciones t\u00e9cnicas<\/a><\/p>\n<p><\/div><\/div><div class=\"vc-column\"><div class=\"vc-column-text\"><\/p>\n<p class=\"product-name\" data-qa=\"productName\">Calzado pensado para los peque\u00f1os excursionistas, perfecto para el uso diario y para dar los primeros pasos fuera de pista.<\/p>\n<p data-qa=\"productName\"><strong>Ultra Raptor II Junior<\/strong> es el calzado de senderismo para los m\u00e1s peque\u00f1os, perfecto para el uso diario y para dar los primeros pasos fuera de pista. La parte superior es de malla transpirable con refuerzo de microfibra termoadhesiva y borde antiabrasi\u00f3n para mayor ligereza y m\u00e1xima protecci\u00f3n contra los impactos. La plantilla Ortholite\u00ae Hybrid est\u00e1 fabricada con componentes reciclados del ciclo de producci\u00f3n y todos los materiales del calzado son aptos para veganos. La suela de la mezcla FriXion\u00ae Blu ofrece un excelente agarre y durabilidad. Dedicado a nuestros peque\u00f1os Velociraptor.<\/p>\n<p data-qa=\"productName\"><strong>Caracter\u00edsticas:<\/strong><\/p>\n<div class=\"description-techspecs__items\">\n<p><b>Empeine:<\/b><br \/>\nMalla transpirable con refuerzos de microfibra termoadhesiva y borde antiabrasi\u00f3n<br \/>\n<b>Forro:<\/b><br \/>\nmalla antideslizante<br \/>\n<b>Plantilla:<\/b><br \/>\nOtholite\u00ae Hybrid Kid&#8217;s<br \/>\n<b>Entresuela:<\/b><br \/>\nMemlex EVA ligera y amortiguadora<br \/>\n<b>Suela:<\/b><br \/>\nFrixion\u00ae Blue<\/p>\n<p><img decoding=\"async\" src=\"https:\/\/www.lasportiva.com\/media\/techinfo_icons\/friction-blue.png\"><\/p>\n<p>Las mezclas <strong>La Sportiva FriXion\u00ae<\/strong> se han creado con el objetivo de desarrollar bandas de rodadura con diferentes par\u00e1metros de agarre y durabilidad en funci\u00f3n del tipo de uso y del terreno en el que se utilizan las zapatillas La Sportiva.<\/p>\n<p><img decoding=\"async\" src=\"https:\/\/www.lasportiva.com\/media\/techinfo_icons\/impact-brake-system.png\"><\/p>\n<p><strong>Innovador sistema aplicado a la suela que absorbe el impacto, ayuda a la tracci\u00f3n y proporciona agarre en la frenada.<\/strong><br \/>\nConcebido y desarrollado por el centro de Investigaci\u00f3n y Desarrollo de La Sportiva, ofrece ventajas reales durante la carrera al reducir el impacto negativo con el terreno. La disposici\u00f3n particular de los tacos hace que algunos de ellos entren en contacto primero con el terreno, suavizando el apoyo de la suela.<\/p>\n<p><img decoding=\"async\" src=\"https:\/\/www.lasportiva.com\/media\/techinfo_icons\/laspo6.png\"><\/p>\n<p>Los 3 modelos Laspokids favorecen el desarrollo del ni\u00f1o a trav\u00e9s de tecnolog\u00edas pensadas para estimular de forma natural su crecimiento f\u00edsico y mental, gracias a soluciones que fomentan la libertad, la propiocepci\u00f3n, la interacci\u00f3n con el entorno y el \u00abconfort sensorial\u00bb.<br \/>\nCarrera, escalada y senderismo: tres productos para tres de los momentos m\u00e1s divertidos de un d\u00eda en la monta\u00f1a en compa\u00f1\u00eda de LaspoBoy y LaspoGirl, los simp\u00e1ticos personajes que, con los poderes de sus zapatillas, nos gu\u00edan al descubrimiento de la naturaleza y los deportes de monta\u00f1a.<\/p>\n<\/div>\n<p><\/div><\/div><\/div>\n","protected":false},"excerpt":{"rendered":"<ul>\n<li>Zapatillas para ni\u00f1os amantes de la monta\u00f1a.<\/li>\n<li>Con una amortiguaci\u00f3n excelente y un agarre \u00f3ptimo.<\/li>\n<\/ul>\n","protected":false},"featured_media":243641,"template":"","meta":{"_acf_changed":false,"inline_featured_image":false},"product_brand":[],"product_cat":[24405,24406,24407],"product_tag":[23598,24198,24197],"class_list":{"0":"post-288420","1":"product","2":"type-product","3":"status-publish","4":"has-post-thumbnail","6":"product_cat-zapatos-chica","7":"product_cat-zapatos-chico","8":"product_cat-chico","9":"product_tag-la-sportiva-es","10":"product_tag-la-sportiva-chica","11":"product_tag-la-sportiva-chico","12":"pa_attivita-caminar","13":"pa_attivita-outdoor-es","14":"pa_colore-ultra-raptor-ii-jr-carbon-goji-es","15":"pa_colore-ultra-raptor-ii-jr-kale-lime-green-es","16":"pa_colore-ultra-raptor-ii-jr-space-blue-maple-es","17":"pa_colore-ultra-raptor-ii-jr-velvet-flamingo-es","18":"pa_marca-la-sportiva-es","19":"pa_sesso-hombre","20":"pa_sesso-mujer","21":"pa_size-30-es","22":"pa_size-31-es","23":"pa_size-32-es","24":"pa_size-33-es","25":"pa_size-34-es","26":"pa_size-35-es","27":"pa_size-36-es","28":"pa_size-37-es","29":"pa_size-38-es","31":"first","32":"instock","33":"sale","34":"taxable","35":"shipping-taxable","36":"purchasable","37":"product-type-variable","38":"wvs-archive-product-wrapper"},"acf":[],"yoast_head":"<!-- This site is optimized with the Yoast SEO plugin v26.8 - https:\/\/yoast.com\/product\/yoast-seo-wordpress\/ -->\n<title>La SportivaUltra Raptor II JR - zapatillas de correr para ni\u00f1os MioMioRun<\/title>\n<meta name=\"description\" content=\"Las Ultra Raptor II Junior son unas botas de senderismo pensadas para los m\u00e1s peque\u00f1os, perfectas para el uso diario y para dar los primeros pasos fuera de pista.\" \/>\n<meta name=\"robots\" content=\"index, follow, max-snippet:-1, max-image-preview:large, max-video-preview:-1\" \/>\n<link rel=\"canonical\" href=\"https:\/\/www.miomiorun.com\/es\/producto\/ultra-raptor-ii-jr\/\" \/>\n<meta property=\"og:locale\" content=\"es_ES\" \/>\n<meta property=\"og:type\" content=\"article\" \/>\n<meta property=\"og:title\" content=\"La SportivaUltra Raptor II JR - zapatillas de correr para ni\u00f1os MioMioRun\" \/>\n<meta property=\"og:description\" content=\"Las Ultra Raptor II Junior son unas botas de senderismo pensadas para los m\u00e1s peque\u00f1os, perfectas para el uso diario y para dar los primeros pasos fuera de pista.\" \/>\n<meta property=\"og:url\" content=\"https:\/\/www.miomiorun.com\/es\/producto\/ultra-raptor-ii-jr\/\" \/>\n<meta property=\"og:site_name\" content=\"MioMioRun\" \/>\n<meta property=\"article:publisher\" content=\"https:\/\/www.facebook.com\/miomiorun\/\" \/>\n<meta property=\"article:modified_time\" content=\"2026-05-08T19:53:54+00:00\" \/>\n<meta property=\"og:image\" content=\"https:\/\/www.miomiorun.com\/app\/uploads\/2023\/10\/la-sportiva-Ultra-Raptor-II-JR-carbon-goji-34N900314.jpg\" \/>\n\t<meta property=\"og:image:width\" content=\"600\" \/>\n\t<meta property=\"og:image:height\" content=\"600\" \/>\n\t<meta property=\"og:image:type\" content=\"image\/jpeg\" \/>\n<meta name=\"twitter:card\" content=\"summary_large_image\" \/>\n<meta name=\"twitter:label1\" content=\"Est. reading time\" \/>\n\t<meta name=\"twitter:data1\" content=\"2 minutes\" \/>\n<script type=\"application\/ld+json\" class=\"yoast-schema-graph\">{\"@context\":\"https:\/\/schema.org\",\"@graph\":[{\"@type\":\"WebPage\",\"@id\":\"https:\/\/www.miomiorun.com\/es\/producto\/ultra-raptor-ii-jr\/\",\"url\":\"https:\/\/www.miomiorun.com\/es\/producto\/ultra-raptor-ii-jr\/\",\"name\":\"La SportivaUltra Raptor II JR - zapatillas de correr para ni\u00f1os MioMioRun\",\"isPartOf\":{\"@id\":\"https:\/\/www.miomiorun.com\/es\/#website\"},\"primaryImageOfPage\":{\"@id\":\"https:\/\/www.miomiorun.com\/es\/producto\/ultra-raptor-ii-jr\/#primaryimage\"},\"image\":{\"@id\":\"https:\/\/www.miomiorun.com\/es\/producto\/ultra-raptor-ii-jr\/#primaryimage\"},\"thumbnailUrl\":\"https:\/\/www.miomiorun.com\/app\/uploads\/2023\/10\/la-sportiva-Ultra-Raptor-II-JR-carbon-goji-34N900314.jpg\",\"datePublished\":\"2023-10-31T14:08:13+00:00\",\"dateModified\":\"2026-05-08T19:53:54+00:00\",\"description\":\"Las Ultra Raptor II Junior son unas botas de senderismo pensadas para los m\u00e1s peque\u00f1os, perfectas para el uso diario y para dar los primeros pasos fuera de pista.\",\"breadcrumb\":{\"@id\":\"https:\/\/www.miomiorun.com\/es\/producto\/ultra-raptor-ii-jr\/#breadcrumb\"},\"inLanguage\":\"es-ES\",\"potentialAction\":[{\"@type\":\"ReadAction\",\"target\":[\"https:\/\/www.miomiorun.com\/es\/producto\/ultra-raptor-ii-jr\/\"]}]},{\"@type\":\"ImageObject\",\"inLanguage\":\"es-ES\",\"@id\":\"https:\/\/www.miomiorun.com\/es\/producto\/ultra-raptor-ii-jr\/#primaryimage\",\"url\":\"https:\/\/www.miomiorun.com\/app\/uploads\/2023\/10\/la-sportiva-Ultra-Raptor-II-JR-carbon-goji-34N900314.jpg\",\"contentUrl\":\"https:\/\/www.miomiorun.com\/app\/uploads\/2023\/10\/la-sportiva-Ultra-Raptor-II-JR-carbon-goji-34N900314.jpg\",\"width\":600,\"height\":600,\"caption\":\"la-sportiva-Ultra-Raptor-II-JR-carbon-goji-34N900314\"},{\"@type\":\"BreadcrumbList\",\"@id\":\"https:\/\/www.miomiorun.com\/es\/producto\/ultra-raptor-ii-jr\/#breadcrumb\",\"itemListElement\":[{\"@type\":\"ListItem\",\"position\":1,\"name\":\"Home\",\"item\":\"https:\/\/www.miomiorun.com\/es\/\"},{\"@type\":\"ListItem\",\"position\":2,\"name\":\"Shop\",\"item\":\"https:\/\/www.miomiorun.com\/shop\/\"},{\"@type\":\"ListItem\",\"position\":3,\"name\":\"Ultra Raptor II JR\"}]},{\"@type\":\"WebSite\",\"@id\":\"https:\/\/www.miomiorun.com\/es\/#website\",\"url\":\"https:\/\/www.miomiorun.com\/es\/\",\"name\":\"MioMioRun\",\"description\":\"Tienda 100% running y trail\",\"publisher\":{\"@id\":\"https:\/\/www.miomiorun.com\/es\/#organization\"},\"potentialAction\":[{\"@type\":\"SearchAction\",\"target\":{\"@type\":\"EntryPoint\",\"urlTemplate\":\"https:\/\/www.miomiorun.com\/es\/?s={search_term_string}\"},\"query-input\":{\"@type\":\"PropertyValueSpecification\",\"valueRequired\":true,\"valueName\":\"search_term_string\"}}],\"inLanguage\":\"es-ES\"},{\"@type\":\"Organization\",\"@id\":\"https:\/\/www.miomiorun.com\/es\/#organization\",\"name\":\"MioMio Run\",\"url\":\"https:\/\/www.miomiorun.com\/es\/\",\"logo\":{\"@type\":\"ImageObject\",\"inLanguage\":\"es-ES\",\"@id\":\"https:\/\/www.miomiorun.com\/es\/#\/schema\/logo\/image\/\",\"url\":\"https:\/\/www.miomiorun.com\/app\/uploads\/2019\/12\/logomio.png\",\"contentUrl\":\"https:\/\/www.miomiorun.com\/app\/uploads\/2019\/12\/logomio.png\",\"width\":115,\"height\":82,\"caption\":\"MioMio Run\"},\"image\":{\"@id\":\"https:\/\/www.miomiorun.com\/es\/#\/schema\/logo\/image\/\"},\"sameAs\":[\"https:\/\/www.facebook.com\/miomiorun\/\",\"https:\/\/www.instagram.com\/miomiorun\/\"]}]}<\/script>\n<!-- \/ Yoast SEO plugin. -->","yoast_head_json":{"title":"La SportivaUltra Raptor II JR - zapatillas de correr para ni\u00f1os MioMioRun","description":"Las Ultra Raptor II Junior son unas botas de senderismo pensadas para los m\u00e1s peque\u00f1os, perfectas para el uso diario y para dar los primeros pasos fuera de pista.","robots":{"index":"index","follow":"follow","max-snippet":"max-snippet:-1","max-image-preview":"max-image-preview:large","max-video-preview":"max-video-preview:-1"},"canonical":"https:\/\/www.miomiorun.com\/es\/producto\/ultra-raptor-ii-jr\/","og_locale":"es_ES","og_type":"article","og_title":"La SportivaUltra Raptor II JR - zapatillas de correr para ni\u00f1os MioMioRun","og_description":"Las Ultra Raptor II Junior son unas botas de senderismo pensadas para los m\u00e1s peque\u00f1os, perfectas para el uso diario y para dar los primeros pasos fuera de pista.","og_url":"https:\/\/www.miomiorun.com\/es\/producto\/ultra-raptor-ii-jr\/","og_site_name":"MioMioRun","article_publisher":"https:\/\/www.facebook.com\/miomiorun\/","article_modified_time":"2026-05-08T19:53:54+00:00","og_image":[{"width":600,"height":600,"url":"https:\/\/www.miomiorun.com\/app\/uploads\/2023\/10\/la-sportiva-Ultra-Raptor-II-JR-carbon-goji-34N900314.jpg","type":"image\/jpeg"}],"twitter_card":"summary_large_image","twitter_misc":{"Est. reading time":"2 minutes"},"schema":{"@context":"https:\/\/schema.org","@graph":[{"@type":"WebPage","@id":"https:\/\/www.miomiorun.com\/es\/producto\/ultra-raptor-ii-jr\/","url":"https:\/\/www.miomiorun.com\/es\/producto\/ultra-raptor-ii-jr\/","name":"La SportivaUltra Raptor II JR - zapatillas de correr para ni\u00f1os MioMioRun","isPartOf":{"@id":"https:\/\/www.miomiorun.com\/es\/#website"},"primaryImageOfPage":{"@id":"https:\/\/www.miomiorun.com\/es\/producto\/ultra-raptor-ii-jr\/#primaryimage"},"image":{"@id":"https:\/\/www.miomiorun.com\/es\/producto\/ultra-raptor-ii-jr\/#primaryimage"},"thumbnailUrl":"https:\/\/www.miomiorun.com\/app\/uploads\/2023\/10\/la-sportiva-Ultra-Raptor-II-JR-carbon-goji-34N900314.jpg","datePublished":"2023-10-31T14:08:13+00:00","dateModified":"2026-05-08T19:53:54+00:00","description":"Las Ultra Raptor II Junior son unas botas de senderismo pensadas para los m\u00e1s peque\u00f1os, perfectas para el uso diario y para dar los primeros pasos fuera de pista.","breadcrumb":{"@id":"https:\/\/www.miomiorun.com\/es\/producto\/ultra-raptor-ii-jr\/#breadcrumb"},"inLanguage":"es-ES","potentialAction":[{"@type":"ReadAction","target":["https:\/\/www.miomiorun.com\/es\/producto\/ultra-raptor-ii-jr\/"]}]},{"@type":"ImageObject","inLanguage":"es-ES","@id":"https:\/\/www.miomiorun.com\/es\/producto\/ultra-raptor-ii-jr\/#primaryimage","url":"https:\/\/www.miomiorun.com\/app\/uploads\/2023\/10\/la-sportiva-Ultra-Raptor-II-JR-carbon-goji-34N900314.jpg","contentUrl":"https:\/\/www.miomiorun.com\/app\/uploads\/2023\/10\/la-sportiva-Ultra-Raptor-II-JR-carbon-goji-34N900314.jpg","width":600,"height":600,"caption":"la-sportiva-Ultra-Raptor-II-JR-carbon-goji-34N900314"},{"@type":"BreadcrumbList","@id":"https:\/\/www.miomiorun.com\/es\/producto\/ultra-raptor-ii-jr\/#breadcrumb","itemListElement":[{"@type":"ListItem","position":1,"name":"Home","item":"https:\/\/www.miomiorun.com\/es\/"},{"@type":"ListItem","position":2,"name":"Shop","item":"https:\/\/www.miomiorun.com\/shop\/"},{"@type":"ListItem","position":3,"name":"Ultra Raptor II JR"}]},{"@type":"WebSite","@id":"https:\/\/www.miomiorun.com\/es\/#website","url":"https:\/\/www.miomiorun.com\/es\/","name":"MioMioRun","description":"Tienda 100% running y trail","publisher":{"@id":"https:\/\/www.miomiorun.com\/es\/#organization"},"potentialAction":[{"@type":"SearchAction","target":{"@type":"EntryPoint","urlTemplate":"https:\/\/www.miomiorun.com\/es\/?s={search_term_string}"},"query-input":{"@type":"PropertyValueSpecification","valueRequired":true,"valueName":"search_term_string"}}],"inLanguage":"es-ES"},{"@type":"Organization","@id":"https:\/\/www.miomiorun.com\/es\/#organization","name":"MioMio Run","url":"https:\/\/www.miomiorun.com\/es\/","logo":{"@type":"ImageObject","inLanguage":"es-ES","@id":"https:\/\/www.miomiorun.com\/es\/#\/schema\/logo\/image\/","url":"https:\/\/www.miomiorun.com\/app\/uploads\/2019\/12\/logomio.png","contentUrl":"https:\/\/www.miomiorun.com\/app\/uploads\/2019\/12\/logomio.png","width":115,"height":82,"caption":"MioMio Run"},"image":{"@id":"https:\/\/www.miomiorun.com\/es\/#\/schema\/logo\/image\/"},"sameAs":["https:\/\/www.facebook.com\/miomiorun\/","https:\/\/www.instagram.com\/miomiorun\/"]}]}},"_links":{"self":[{"href":"https:\/\/www.miomiorun.com\/es\/wp-json\/wp\/v2\/product\/288420","targetHints":{"allow":["GET"]}}],"collection":[{"href":"https:\/\/www.miomiorun.com\/es\/wp-json\/wp\/v2\/product"}],"about":[{"href":"https:\/\/www.miomiorun.com\/es\/wp-json\/wp\/v2\/types\/product"}],"wp:featuredmedia":[{"embeddable":true,"href":"https:\/\/www.miomiorun.com\/es\/wp-json\/wp\/v2\/media\/243641"}],"wp:attachment":[{"href":"https:\/\/www.miomiorun.com\/es\/wp-json\/wp\/v2\/media?parent=288420"}],"wp:term":[{"taxonomy":"product_brand","embeddable":true,"href":"https:\/\/www.miomiorun.com\/es\/wp-json\/wp\/v2\/product_brand?post=288420"},{"taxonomy":"product_cat","embeddable":true,"href":"https:\/\/www.miomiorun.com\/es\/wp-json\/wp\/v2\/product_cat?post=288420"},{"taxonomy":"product_tag","embeddable":true,"href":"https:\/\/www.miomiorun.com\/es\/wp-json\/wp\/v2\/product_tag?post=288420"}],"curies":[{"name":"wp","href":"https:\/\/api.w.org\/{rel}","templated":true}]}}