{"id":288377,"date":"2023-11-02T14:07:44","date_gmt":"2023-11-02T13:07:44","guid":{"rendered":"https:\/\/miomiorun.com\/prodotto\/warm-longsleeved-uomo\/"},"modified":"2026-05-07T11:00:27","modified_gmt":"2026-05-07T09:00:27","slug":"warm-longsleeved-hombre","status":"publish","type":"product","link":"https:\/\/www.miomiorun.com\/es\/producto\/warm-longsleeved-hombre\/","title":{"rendered":"Warm Longsleeved hombre"},"content":{"rendered":"<p id=\"tw-target-text\" class=\"tw-data-text tw-text-large XcVN5d tw-ta\" dir=\"ltr\" data-placeholder=\"Traduzione\">Este maillot ajustado de manga larga mantiene el cuerpo caliente y seco en temperaturas templadas o fr\u00edas durante actividades de alta intensidad. Adem\u00e1s, la combinaci\u00f3n de materiales t\u00e9rmicos de alta calidad garantiza una excelente gesti\u00f3n de la humedad y el calor. Su ajuste perfecto asegura la m\u00e1xima libertad de movimiento gracias a las zonas flexibles en los hombros y los codos.<\/p>\n<h3 dir=\"ltr\" data-placeholder=\"Traduzione\"><strong>Caracter\u00edsticas:<\/strong><\/h3>\n<ul class=\"product-features-new__list\">\n<li class=\"product-features-new__item\">Apto para temperaturas c\u00e1lidas y fr\u00edas<\/li>\n<li class=\"product-features-new__item\">Mantiene el cuerpo caliente y seco durante actividades de alta intensidad<\/li>\n<li class=\"product-features-new__item\">Estructura transpirable de 2 capas para mantenerte seco y c\u00f3modo<\/li>\n<li class=\"product-features-new__item\">Tejido de punto anat\u00f3mico que garantiza la m\u00e1xima libertad de movimiento durante la pr\u00e1ctica deportiva<\/li>\n<li class=\"product-features-new__item\">Apto para actividades de intensidad media-alta<\/li>\n<li class=\"product-features-new__item\">Zonas de flexi\u00f3n colocadas de forma ergon\u00f3mica<\/li>\n<li class=\"product-features-new__item\">Camiseta ajustada de manga larga<\/li>\n<\/ul>\n<h3><strong>Caracter\u00edsticas:<\/strong><\/h3>\n<p><img decoding=\"async\" src=\"https:\/\/www.falke.com\/it_it\/b3b39c9b226f78e769a04f89f68a6ddf4576fbbb\/assets\/base\/staticImages\/functionalsymbols\/icon_feuchtigkeitsregulierend.svg\"><\/p>\n<p class=\"product-functional-symbols-new__content-name\"><strong>Regula la humedad<\/strong><\/p>\n<p class=\"product-functional-symbols-new__content-description\">Una sensaci\u00f3n \u00fanica y seca sobre la piel gracias a su capacidad para absorber la humedad.<\/p>\n<p><img decoding=\"async\" src=\"https:\/\/www.falke.com\/it_it\/b3b39c9b226f78e769a04f89f68a6ddf4576fbbb\/assets\/base\/staticImages\/functionalsymbols\/icon_schnellste_ruecktrocknung.svg\"><\/p>\n<p class=\"product-functional-symbols-new__content-name\"><strong>Secado m\u00e1s r\u00e1pido<\/strong><\/p>\n<p class=\"product-functional-symbols-new__content-description\">material de secado r\u00e1pido<\/p>\n","protected":false},"excerpt":{"rendered":"<ul class=\"product-features-new__list\">\n<li class=\"product-features-new__item\">Apto para temperaturas c\u00e1lidas y fr\u00edas<\/li>\n<li class=\"product-features-new__item\">Mantiene el cuerpo caliente y seco durante actividades intensas<\/li>\n<\/ul>\n","protected":false},"featured_media":246063,"template":"","meta":{"_acf_changed":false,"inline_featured_image":false},"product_brand":[],"product_cat":[24463,24459,24464],"product_tag":[23483,23607],"class_list":{"0":"post-288377","1":"product","2":"type-product","3":"status-publish","4":"has-post-thumbnail","6":"product_cat-ropa-de-hombre-es","7":"product_cat-ropa-interior-es-2","8":"product_cat-hombre","9":"product_tag-falke-es","10":"product_tag-falke-hombre","11":"pa_attivita-caminar","12":"pa_attivita-outdoor-es","13":"pa_attivita-running-es","14":"pa_attivita-trail-es","15":"pa_colore-m-longsleeved-black-es","16":"pa_colore-maglia-warm-m-white-es","17":"pa_marca-falke-es","18":"pa_sesso-hombre","19":"pa_size-small-es","20":"pa_size-medium-es","21":"pa_size-large-es","22":"pa_size-extra-large-es","24":"first","25":"instock","26":"sale","27":"taxable","28":"shipping-taxable","29":"purchasable","30":"product-type-variable","31":"wvs-archive-product-wrapper"},"acf":[],"yoast_head":"<!-- This site is optimized with the Yoast SEO plugin v26.8 - https:\/\/yoast.com\/product\/yoast-seo-wordpress\/ -->\n<title>Warm Longsleeved hombre - ropa interior termica - MioMioRun<\/title>\n<meta name=\"description\" content=\"El maillot ajustado de manga larga mantiene el cuerpo caliente y seco en temperaturas templadas o fr\u00edas durante actividades de alta intensidad.\" \/>\n<meta name=\"robots\" content=\"index, follow, max-snippet:-1, max-image-preview:large, max-video-preview:-1\" \/>\n<link rel=\"canonical\" href=\"https:\/\/www.miomiorun.com\/es\/producto\/warm-longsleeved-hombre\/\" \/>\n<meta property=\"og:locale\" content=\"es_ES\" \/>\n<meta property=\"og:type\" content=\"article\" \/>\n<meta property=\"og:title\" content=\"Warm Longsleeved hombre - ropa interior termica - MioMioRun\" \/>\n<meta property=\"og:description\" content=\"El maillot ajustado de manga larga mantiene el cuerpo caliente y seco en temperaturas templadas o fr\u00edas durante actividades de alta intensidad.\" \/>\n<meta property=\"og:url\" content=\"https:\/\/www.miomiorun.com\/es\/producto\/warm-longsleeved-hombre\/\" \/>\n<meta property=\"og:site_name\" content=\"MioMioRun\" \/>\n<meta property=\"article:publisher\" content=\"https:\/\/www.facebook.com\/miomiorun\/\" \/>\n<meta property=\"article:modified_time\" content=\"2026-05-07T09:00:27+00:00\" \/>\n<meta property=\"og:image\" content=\"https:\/\/www.miomiorun.com\/app\/uploads\/2024\/03\/falke-M-longsleeved-black-39611-3000.webp\" \/>\n\t<meta property=\"og:image:width\" content=\"600\" \/>\n\t<meta property=\"og:image:height\" content=\"600\" \/>\n\t<meta property=\"og:image:type\" content=\"image\/webp\" \/>\n<meta name=\"twitter:card\" content=\"summary_large_image\" \/>\n<meta name=\"twitter:label1\" content=\"Est. reading time\" \/>\n\t<meta name=\"twitter:data1\" content=\"1 minute\" \/>\n<script type=\"application\/ld+json\" class=\"yoast-schema-graph\">{\"@context\":\"https:\/\/schema.org\",\"@graph\":[{\"@type\":\"WebPage\",\"@id\":\"https:\/\/www.miomiorun.com\/es\/producto\/warm-longsleeved-hombre\/\",\"url\":\"https:\/\/www.miomiorun.com\/es\/producto\/warm-longsleeved-hombre\/\",\"name\":\"Warm Longsleeved hombre - ropa interior termica - MioMioRun\",\"isPartOf\":{\"@id\":\"https:\/\/www.miomiorun.com\/es\/#website\"},\"primaryImageOfPage\":{\"@id\":\"https:\/\/www.miomiorun.com\/es\/producto\/warm-longsleeved-hombre\/#primaryimage\"},\"image\":{\"@id\":\"https:\/\/www.miomiorun.com\/es\/producto\/warm-longsleeved-hombre\/#primaryimage\"},\"thumbnailUrl\":\"https:\/\/www.miomiorun.com\/app\/uploads\/2024\/03\/falke-M-longsleeved-black-39611-3000.webp\",\"datePublished\":\"2023-11-02T13:07:44+00:00\",\"dateModified\":\"2026-05-07T09:00:27+00:00\",\"description\":\"El maillot ajustado de manga larga mantiene el cuerpo caliente y seco en temperaturas templadas o fr\u00edas durante actividades de alta intensidad.\",\"breadcrumb\":{\"@id\":\"https:\/\/www.miomiorun.com\/es\/producto\/warm-longsleeved-hombre\/#breadcrumb\"},\"inLanguage\":\"es-ES\",\"potentialAction\":[{\"@type\":\"ReadAction\",\"target\":[\"https:\/\/www.miomiorun.com\/es\/producto\/warm-longsleeved-hombre\/\"]}]},{\"@type\":\"ImageObject\",\"inLanguage\":\"es-ES\",\"@id\":\"https:\/\/www.miomiorun.com\/es\/producto\/warm-longsleeved-hombre\/#primaryimage\",\"url\":\"https:\/\/www.miomiorun.com\/app\/uploads\/2024\/03\/falke-M-longsleeved-black-39611-3000.webp\",\"contentUrl\":\"https:\/\/www.miomiorun.com\/app\/uploads\/2024\/03\/falke-M-longsleeved-black-39611-3000.webp\",\"width\":600,\"height\":600,\"caption\":\"falke M longsleeved black 39611 3000\"},{\"@type\":\"BreadcrumbList\",\"@id\":\"https:\/\/www.miomiorun.com\/es\/producto\/warm-longsleeved-hombre\/#breadcrumb\",\"itemListElement\":[{\"@type\":\"ListItem\",\"position\":1,\"name\":\"Home\",\"item\":\"https:\/\/www.miomiorun.com\/es\/\"},{\"@type\":\"ListItem\",\"position\":2,\"name\":\"Shop\",\"item\":\"https:\/\/www.miomiorun.com\/shop\/\"},{\"@type\":\"ListItem\",\"position\":3,\"name\":\"Warm Longsleeved hombre\"}]},{\"@type\":\"WebSite\",\"@id\":\"https:\/\/www.miomiorun.com\/es\/#website\",\"url\":\"https:\/\/www.miomiorun.com\/es\/\",\"name\":\"MioMioRun\",\"description\":\"Tienda 100% running y trail\",\"publisher\":{\"@id\":\"https:\/\/www.miomiorun.com\/es\/#organization\"},\"potentialAction\":[{\"@type\":\"SearchAction\",\"target\":{\"@type\":\"EntryPoint\",\"urlTemplate\":\"https:\/\/www.miomiorun.com\/es\/?s={search_term_string}\"},\"query-input\":{\"@type\":\"PropertyValueSpecification\",\"valueRequired\":true,\"valueName\":\"search_term_string\"}}],\"inLanguage\":\"es-ES\"},{\"@type\":\"Organization\",\"@id\":\"https:\/\/www.miomiorun.com\/es\/#organization\",\"name\":\"MioMio Run\",\"url\":\"https:\/\/www.miomiorun.com\/es\/\",\"logo\":{\"@type\":\"ImageObject\",\"inLanguage\":\"es-ES\",\"@id\":\"https:\/\/www.miomiorun.com\/es\/#\/schema\/logo\/image\/\",\"url\":\"https:\/\/www.miomiorun.com\/app\/uploads\/2019\/12\/logomio.png\",\"contentUrl\":\"https:\/\/www.miomiorun.com\/app\/uploads\/2019\/12\/logomio.png\",\"width\":115,\"height\":82,\"caption\":\"MioMio Run\"},\"image\":{\"@id\":\"https:\/\/www.miomiorun.com\/es\/#\/schema\/logo\/image\/\"},\"sameAs\":[\"https:\/\/www.facebook.com\/miomiorun\/\",\"https:\/\/www.instagram.com\/miomiorun\/\"]}]}<\/script>\n<!-- \/ Yoast SEO plugin. -->","yoast_head_json":{"title":"Warm Longsleeved hombre - ropa interior termica - MioMioRun","description":"El maillot ajustado de manga larga mantiene el cuerpo caliente y seco en temperaturas templadas o fr\u00edas durante actividades de alta intensidad.","robots":{"index":"index","follow":"follow","max-snippet":"max-snippet:-1","max-image-preview":"max-image-preview:large","max-video-preview":"max-video-preview:-1"},"canonical":"https:\/\/www.miomiorun.com\/es\/producto\/warm-longsleeved-hombre\/","og_locale":"es_ES","og_type":"article","og_title":"Warm Longsleeved hombre - ropa interior termica - MioMioRun","og_description":"El maillot ajustado de manga larga mantiene el cuerpo caliente y seco en temperaturas templadas o fr\u00edas durante actividades de alta intensidad.","og_url":"https:\/\/www.miomiorun.com\/es\/producto\/warm-longsleeved-hombre\/","og_site_name":"MioMioRun","article_publisher":"https:\/\/www.facebook.com\/miomiorun\/","article_modified_time":"2026-05-07T09:00:27+00:00","og_image":[{"width":600,"height":600,"url":"https:\/\/www.miomiorun.com\/app\/uploads\/2024\/03\/falke-M-longsleeved-black-39611-3000.webp","type":"image\/webp"}],"twitter_card":"summary_large_image","twitter_misc":{"Est. reading time":"1 minute"},"schema":{"@context":"https:\/\/schema.org","@graph":[{"@type":"WebPage","@id":"https:\/\/www.miomiorun.com\/es\/producto\/warm-longsleeved-hombre\/","url":"https:\/\/www.miomiorun.com\/es\/producto\/warm-longsleeved-hombre\/","name":"Warm Longsleeved hombre - ropa interior termica - MioMioRun","isPartOf":{"@id":"https:\/\/www.miomiorun.com\/es\/#website"},"primaryImageOfPage":{"@id":"https:\/\/www.miomiorun.com\/es\/producto\/warm-longsleeved-hombre\/#primaryimage"},"image":{"@id":"https:\/\/www.miomiorun.com\/es\/producto\/warm-longsleeved-hombre\/#primaryimage"},"thumbnailUrl":"https:\/\/www.miomiorun.com\/app\/uploads\/2024\/03\/falke-M-longsleeved-black-39611-3000.webp","datePublished":"2023-11-02T13:07:44+00:00","dateModified":"2026-05-07T09:00:27+00:00","description":"El maillot ajustado de manga larga mantiene el cuerpo caliente y seco en temperaturas templadas o fr\u00edas durante actividades de alta intensidad.","breadcrumb":{"@id":"https:\/\/www.miomiorun.com\/es\/producto\/warm-longsleeved-hombre\/#breadcrumb"},"inLanguage":"es-ES","potentialAction":[{"@type":"ReadAction","target":["https:\/\/www.miomiorun.com\/es\/producto\/warm-longsleeved-hombre\/"]}]},{"@type":"ImageObject","inLanguage":"es-ES","@id":"https:\/\/www.miomiorun.com\/es\/producto\/warm-longsleeved-hombre\/#primaryimage","url":"https:\/\/www.miomiorun.com\/app\/uploads\/2024\/03\/falke-M-longsleeved-black-39611-3000.webp","contentUrl":"https:\/\/www.miomiorun.com\/app\/uploads\/2024\/03\/falke-M-longsleeved-black-39611-3000.webp","width":600,"height":600,"caption":"falke M longsleeved black 39611 3000"},{"@type":"BreadcrumbList","@id":"https:\/\/www.miomiorun.com\/es\/producto\/warm-longsleeved-hombre\/#breadcrumb","itemListElement":[{"@type":"ListItem","position":1,"name":"Home","item":"https:\/\/www.miomiorun.com\/es\/"},{"@type":"ListItem","position":2,"name":"Shop","item":"https:\/\/www.miomiorun.com\/shop\/"},{"@type":"ListItem","position":3,"name":"Warm Longsleeved hombre"}]},{"@type":"WebSite","@id":"https:\/\/www.miomiorun.com\/es\/#website","url":"https:\/\/www.miomiorun.com\/es\/","name":"MioMioRun","description":"Tienda 100% running y trail","publisher":{"@id":"https:\/\/www.miomiorun.com\/es\/#organization"},"potentialAction":[{"@type":"SearchAction","target":{"@type":"EntryPoint","urlTemplate":"https:\/\/www.miomiorun.com\/es\/?s={search_term_string}"},"query-input":{"@type":"PropertyValueSpecification","valueRequired":true,"valueName":"search_term_string"}}],"inLanguage":"es-ES"},{"@type":"Organization","@id":"https:\/\/www.miomiorun.com\/es\/#organization","name":"MioMio Run","url":"https:\/\/www.miomiorun.com\/es\/","logo":{"@type":"ImageObject","inLanguage":"es-ES","@id":"https:\/\/www.miomiorun.com\/es\/#\/schema\/logo\/image\/","url":"https:\/\/www.miomiorun.com\/app\/uploads\/2019\/12\/logomio.png","contentUrl":"https:\/\/www.miomiorun.com\/app\/uploads\/2019\/12\/logomio.png","width":115,"height":82,"caption":"MioMio Run"},"image":{"@id":"https:\/\/www.miomiorun.com\/es\/#\/schema\/logo\/image\/"},"sameAs":["https:\/\/www.facebook.com\/miomiorun\/","https:\/\/www.instagram.com\/miomiorun\/"]}]}},"_links":{"self":[{"href":"https:\/\/www.miomiorun.com\/es\/wp-json\/wp\/v2\/product\/288377","targetHints":{"allow":["GET"]}}],"collection":[{"href":"https:\/\/www.miomiorun.com\/es\/wp-json\/wp\/v2\/product"}],"about":[{"href":"https:\/\/www.miomiorun.com\/es\/wp-json\/wp\/v2\/types\/product"}],"wp:featuredmedia":[{"embeddable":true,"href":"https:\/\/www.miomiorun.com\/es\/wp-json\/wp\/v2\/media\/246063"}],"wp:attachment":[{"href":"https:\/\/www.miomiorun.com\/es\/wp-json\/wp\/v2\/media?parent=288377"}],"wp:term":[{"taxonomy":"product_brand","embeddable":true,"href":"https:\/\/www.miomiorun.com\/es\/wp-json\/wp\/v2\/product_brand?post=288377"},{"taxonomy":"product_cat","embeddable":true,"href":"https:\/\/www.miomiorun.com\/es\/wp-json\/wp\/v2\/product_cat?post=288377"},{"taxonomy":"product_tag","embeddable":true,"href":"https:\/\/www.miomiorun.com\/es\/wp-json\/wp\/v2\/product_tag?post=288377"}],"curies":[{"name":"wp","href":"https:\/\/api.w.org\/{rel}","templated":true}]}}