{"id":288337,"date":"2023-11-02T14:53:54","date_gmt":"2023-11-02T13:53:54","guid":{"rendered":"https:\/\/miomiorun.com\/prodotto\/t-shirt-ultralight-cool-uomo\/"},"modified":"2026-05-07T11:21:48","modified_gmt":"2026-05-07T09:21:48","slug":"t-shirt-ultralight-cool-hombre","status":"publish","type":"product","link":"https:\/\/www.miomiorun.com\/es\/producto\/t-shirt-ultralight-cool-hombre\/","title":{"rendered":"T-Shirt Ultralight Cool hombre"},"content":{"rendered":"<div class=\"tab-custom-inner-max content-wysiwyg\">\n<div class=\"product-line\">Esta ropa interior funcional ha sido dise\u00f1ada para ayudarte a ahorrar energ\u00eda en los entrenamientos m\u00e1s intensos. La ropa interior funcional <strong>Ultralight Cool<\/strong> ayuda al cuerpo a mantener baja la temperatura, lo que te permite dedicar toda tu energ\u00eda al deporte. La poliamida reciclada aleja la humedad del cuerpo y se seca r\u00e1pidamente, proporcionando una sensaci\u00f3n de frescor, sequedad y comodidad en todo momento. Gracias a su corte anat\u00f3mico y a la t\u00e9cnica de tejido sin costuras, la ropa interior se adapta perfectamente al cuerpo y proporciona una sujeci\u00f3n \u00f3ptima durante la pr\u00e1ctica deportiva.<\/div>\n<div><\/div>\n<div class=\"product-line\"><strong>Caracter\u00edsticas:<\/strong><\/div>\n<div class=\"product-line\">\n<ul>\n<li class=\"product-features-new__item\">Apto para temperaturas c\u00e1lidas a muy c\u00e1lidas<\/li>\n<li class=\"product-features-new__item\">Extremadamente ligero: peso inferior a 50 gramos<\/li>\n<li class=\"product-features-new__item\">100 % poliamida reciclada: una elecci\u00f3n consciente, sin renunciar a la ligereza, la resistencia y la durabilidad<\/li>\n<li class=\"product-features-new__item\">La poliamida garantiza la evacuaci\u00f3n de la humedad<\/li>\n<li class=\"product-features-new__item\">Tejido de punto anat\u00f3mico que garantiza la m\u00e1xima libertad de movimiento durante la pr\u00e1ctica deportiva<\/li>\n<li class=\"product-features-new__item\">Apto para actividades tanto de baja como de alta intensidad<\/li>\n<li class=\"product-features-new__item\">Corte ajustado<\/li>\n<\/ul>\n<h3>Tecnolog\u00edas:<\/h3>\n<ul class=\"product-functional-symbols-new\">\n<li class=\"product-functional-symbols-new__symbol\"><img loading=\"lazy\" decoding=\"async\" class=\"product-functional-symbols-new__image\" src=\"https:\/\/www.falke.com\/it_it\/b3b39c9b226f78e769a04f89f68a6ddf4576fbbb\/assets\/base\/staticImages\/functionalsymbols\/icon_schnellste_ruecktrocknung.svg\" alt=\"\" width=\"50\" height=\"50\">\n<div class=\"product-functional-symbols-new__content\">\n<p class=\"product-functional-symbols-new__content-name\"><strong>Secado m\u00e1s r\u00e1pido<\/strong><\/p>\n<p class=\"product-functional-symbols-new__content-description\">material de secado r\u00e1pido<\/p>\n<\/div>\n<\/li>\n<li class=\"product-functional-symbols-new__symbol\"><img loading=\"lazy\" decoding=\"async\" class=\"product-functional-symbols-new__image\" src=\"https:\/\/www.falke.com\/it_it\/b3b39c9b226f78e769a04f89f68a6ddf4576fbbb\/assets\/base\/staticImages\/functionalsymbols\/icon_cooling-effect.svg\" alt=\"\" width=\"50\" height=\"50\">\n<div class=\"product-functional-symbols-new__content\">\n<p class=\"product-functional-symbols-new__content-name\"><strong>Efecto refrescante<\/strong><\/p>\n<p class=\"product-functional-symbols-new__content-description\">Garantiza una temperatura \u00f3ptima.<\/p>\n<\/div>\n<\/li>\n<li class=\"product-functional-symbols-new__symbol\"><img loading=\"lazy\" decoding=\"async\" class=\"product-functional-symbols-new__image\" src=\"https:\/\/www.falke.com\/it_it\/b3b39c9b226f78e769a04f89f68a6ddf4576fbbb\/assets\/base\/staticImages\/functionalsymbols\/icon_feuchtigkeitsregulierend.svg\" alt=\"\" width=\"50\" height=\"50\">\n<div class=\"product-functional-symbols-new__content\">\n<p class=\"product-functional-symbols-new__content-name\"><strong>Regula la humedad<\/strong><\/p>\n<p class=\"product-functional-symbols-new__content-description\">Una sensaci\u00f3n \u00fanica y seca en la piel gracias a su capacidad para absorber la humedad.<\/p>\n<\/div>\n<\/li>\n<li class=\"product-functional-symbols-new__symbol\"><img loading=\"lazy\" decoding=\"async\" class=\"product-functional-symbols-new__image\" src=\"https:\/\/www.falke.com\/it_it\/b3b39c9b226f78e769a04f89f68a6ddf4576fbbb\/assets\/base\/staticImages\/functionalsymbols\/icon_cool.svg\" alt=\"\" width=\"50\" height=\"50\">\n<div class=\"product-functional-symbols-new__content\">\n<p class=\"product-functional-symbols-new__content-name\"><strong>Protecci\u00f3n frente a temperaturas exteriores templadas\/calientes<\/strong><\/p>\n<p class=\"product-functional-symbols-new__content-description\">\u00d3ptima evacuaci\u00f3n de la humedad y efecto refrescante.<\/p>\n<\/div>\n<\/li>\n<\/ul>\n<div id=\"tab-technology\" class=\"tab-pane active\" role=\"tabpanel\">\n<div class=\"tab-custom\">\n<div class=\"tab-items\">\n<div class=\"row\">\n<div class=\"col-xs-12 col-sm-4\">\n<div class=\"tab-item\">\n<div class=\"media media-md\"><\/div>\n<\/div>\n<\/div>\n<div class=\"col-xs-12 col-sm-4\">\n<div class=\"tab-item\">\n<div class=\"media media-md\">\n<div class=\"media-body\">\n<p>&nbsp;<\/p>\n<\/div>\n<\/div>\n<\/div>\n<\/div>\n<\/div>\n<\/div>\n<\/div>\n<\/div>\n<\/div>\n<\/div>\n","protected":false},"excerpt":{"rendered":"<ul>\n<li class=\"product-features-new__item\">Apto para temperaturas c\u00e1lidas y muy c\u00e1lidas<\/li>\n<li class=\"product-features-new__item\">Extremadamente ligero<\/li>\n<\/ul>\n","protected":false},"featured_media":244191,"template":"","meta":{"_acf_changed":false,"inline_featured_image":false},"product_brand":[],"product_cat":[24463,24459,24464],"product_tag":[23483,23607],"class_list":{"0":"post-288337","1":"product","2":"type-product","3":"status-publish","4":"has-post-thumbnail","6":"product_cat-ropa-de-hombre-es","7":"product_cat-ropa-interior-es-2","8":"product_cat-hombre","9":"product_tag-falke-es","10":"product_tag-falke-hombre","11":"pa_attivita-caminar","12":"pa_attivita-outdoor-es","13":"pa_attivita-running-es","14":"pa_attivita-trail-es","15":"pa_colore-maglietta-m-cool-yve-es","16":"pa_marca-falke-es","17":"pa_sesso-hombre","18":"pa_size-small-es","19":"pa_size-medium-es","20":"pa_size-extra-large-es","22":"first","23":"instock","24":"sale","25":"taxable","26":"shipping-taxable","27":"purchasable","28":"product-type-variable","29":"wvs-archive-product-wrapper"},"acf":[],"yoast_head":"<!-- This site is optimized with the Yoast SEO plugin v26.8 - https:\/\/yoast.com\/product\/yoast-seo-wordpress\/ -->\n<title>Uyn T-Shirt Ultralight Cool hombre - Ropa interior t\u00e9rmica - MioMioRun.com<\/title>\n<meta name=\"description\" content=\"La ropa interior funcional Ultralight Cool ayuda al cuerpo a mantener una temperatura baja, lo que te permite dedicar toda tu energ\u00eda al deporte.\" \/>\n<meta name=\"robots\" content=\"index, follow, max-snippet:-1, max-image-preview:large, max-video-preview:-1\" \/>\n<link rel=\"canonical\" href=\"https:\/\/www.miomiorun.com\/es\/producto\/t-shirt-ultralight-cool-hombre\/\" \/>\n<meta property=\"og:locale\" content=\"es_ES\" \/>\n<meta property=\"og:type\" content=\"article\" \/>\n<meta property=\"og:title\" content=\"Uyn T-Shirt Ultralight Cool hombre - Ropa interior t\u00e9rmica - MioMioRun.com\" \/>\n<meta property=\"og:description\" content=\"La ropa interior funcional Ultralight Cool ayuda al cuerpo a mantener una temperatura baja, lo que te permite dedicar toda tu energ\u00eda al deporte.\" \/>\n<meta property=\"og:url\" content=\"https:\/\/www.miomiorun.com\/es\/producto\/t-shirt-ultralight-cool-hombre\/\" \/>\n<meta property=\"og:site_name\" content=\"MioMioRun\" \/>\n<meta property=\"article:publisher\" content=\"https:\/\/www.facebook.com\/miomiorun\/\" \/>\n<meta property=\"article:modified_time\" content=\"2026-05-07T09:21:48+00:00\" \/>\n<meta property=\"og:image\" content=\"https:\/\/www.miomiorun.com\/app\/uploads\/2023\/12\/falke-Maglietta-M-cool-yve-33771-6714.jpg\" \/>\n\t<meta property=\"og:image:width\" content=\"600\" \/>\n\t<meta property=\"og:image:height\" content=\"600\" \/>\n\t<meta property=\"og:image:type\" content=\"image\/jpeg\" \/>\n<meta name=\"twitter:card\" content=\"summary_large_image\" \/>\n<meta name=\"twitter:label1\" content=\"Est. reading time\" \/>\n\t<meta name=\"twitter:data1\" content=\"1 minute\" \/>\n<script type=\"application\/ld+json\" class=\"yoast-schema-graph\">{\"@context\":\"https:\/\/schema.org\",\"@graph\":[{\"@type\":\"WebPage\",\"@id\":\"https:\/\/www.miomiorun.com\/es\/producto\/t-shirt-ultralight-cool-hombre\/\",\"url\":\"https:\/\/www.miomiorun.com\/es\/producto\/t-shirt-ultralight-cool-hombre\/\",\"name\":\"Uyn T-Shirt Ultralight Cool hombre - Ropa interior t\u00e9rmica - MioMioRun.com\",\"isPartOf\":{\"@id\":\"https:\/\/www.miomiorun.com\/es\/#website\"},\"primaryImageOfPage\":{\"@id\":\"https:\/\/www.miomiorun.com\/es\/producto\/t-shirt-ultralight-cool-hombre\/#primaryimage\"},\"image\":{\"@id\":\"https:\/\/www.miomiorun.com\/es\/producto\/t-shirt-ultralight-cool-hombre\/#primaryimage\"},\"thumbnailUrl\":\"https:\/\/www.miomiorun.com\/app\/uploads\/2023\/12\/falke-Maglietta-M-cool-yve-33771-6714.jpg\",\"datePublished\":\"2023-11-02T13:53:54+00:00\",\"dateModified\":\"2026-05-07T09:21:48+00:00\",\"description\":\"La ropa interior funcional Ultralight Cool ayuda al cuerpo a mantener una temperatura baja, lo que te permite dedicar toda tu energ\u00eda al deporte.\",\"breadcrumb\":{\"@id\":\"https:\/\/www.miomiorun.com\/es\/producto\/t-shirt-ultralight-cool-hombre\/#breadcrumb\"},\"inLanguage\":\"es-ES\",\"potentialAction\":[{\"@type\":\"ReadAction\",\"target\":[\"https:\/\/www.miomiorun.com\/es\/producto\/t-shirt-ultralight-cool-hombre\/\"]}]},{\"@type\":\"ImageObject\",\"inLanguage\":\"es-ES\",\"@id\":\"https:\/\/www.miomiorun.com\/es\/producto\/t-shirt-ultralight-cool-hombre\/#primaryimage\",\"url\":\"https:\/\/www.miomiorun.com\/app\/uploads\/2023\/12\/falke-Maglietta-M-cool-yve-33771-6714.jpg\",\"contentUrl\":\"https:\/\/www.miomiorun.com\/app\/uploads\/2023\/12\/falke-Maglietta-M-cool-yve-33771-6714.jpg\",\"width\":600,\"height\":600,\"caption\":\"falke-Maglietta-M-cool-yve-33771-6714\"},{\"@type\":\"BreadcrumbList\",\"@id\":\"https:\/\/www.miomiorun.com\/es\/producto\/t-shirt-ultralight-cool-hombre\/#breadcrumb\",\"itemListElement\":[{\"@type\":\"ListItem\",\"position\":1,\"name\":\"Home\",\"item\":\"https:\/\/www.miomiorun.com\/es\/\"},{\"@type\":\"ListItem\",\"position\":2,\"name\":\"Shop\",\"item\":\"https:\/\/www.miomiorun.com\/shop\/\"},{\"@type\":\"ListItem\",\"position\":3,\"name\":\"T-Shirt Ultralight Cool hombre\"}]},{\"@type\":\"WebSite\",\"@id\":\"https:\/\/www.miomiorun.com\/es\/#website\",\"url\":\"https:\/\/www.miomiorun.com\/es\/\",\"name\":\"MioMioRun\",\"description\":\"Tienda 100% running y trail\",\"publisher\":{\"@id\":\"https:\/\/www.miomiorun.com\/es\/#organization\"},\"potentialAction\":[{\"@type\":\"SearchAction\",\"target\":{\"@type\":\"EntryPoint\",\"urlTemplate\":\"https:\/\/www.miomiorun.com\/es\/?s={search_term_string}\"},\"query-input\":{\"@type\":\"PropertyValueSpecification\",\"valueRequired\":true,\"valueName\":\"search_term_string\"}}],\"inLanguage\":\"es-ES\"},{\"@type\":\"Organization\",\"@id\":\"https:\/\/www.miomiorun.com\/es\/#organization\",\"name\":\"MioMio Run\",\"url\":\"https:\/\/www.miomiorun.com\/es\/\",\"logo\":{\"@type\":\"ImageObject\",\"inLanguage\":\"es-ES\",\"@id\":\"https:\/\/www.miomiorun.com\/es\/#\/schema\/logo\/image\/\",\"url\":\"https:\/\/www.miomiorun.com\/app\/uploads\/2019\/12\/logomio.png\",\"contentUrl\":\"https:\/\/www.miomiorun.com\/app\/uploads\/2019\/12\/logomio.png\",\"width\":115,\"height\":82,\"caption\":\"MioMio Run\"},\"image\":{\"@id\":\"https:\/\/www.miomiorun.com\/es\/#\/schema\/logo\/image\/\"},\"sameAs\":[\"https:\/\/www.facebook.com\/miomiorun\/\",\"https:\/\/www.instagram.com\/miomiorun\/\"]}]}<\/script>\n<!-- \/ Yoast SEO plugin. -->","yoast_head_json":{"title":"Uyn T-Shirt Ultralight Cool hombre - Ropa interior t\u00e9rmica - MioMioRun.com","description":"La ropa interior funcional Ultralight Cool ayuda al cuerpo a mantener una temperatura baja, lo que te permite dedicar toda tu energ\u00eda al deporte.","robots":{"index":"index","follow":"follow","max-snippet":"max-snippet:-1","max-image-preview":"max-image-preview:large","max-video-preview":"max-video-preview:-1"},"canonical":"https:\/\/www.miomiorun.com\/es\/producto\/t-shirt-ultralight-cool-hombre\/","og_locale":"es_ES","og_type":"article","og_title":"Uyn T-Shirt Ultralight Cool hombre - Ropa interior t\u00e9rmica - MioMioRun.com","og_description":"La ropa interior funcional Ultralight Cool ayuda al cuerpo a mantener una temperatura baja, lo que te permite dedicar toda tu energ\u00eda al deporte.","og_url":"https:\/\/www.miomiorun.com\/es\/producto\/t-shirt-ultralight-cool-hombre\/","og_site_name":"MioMioRun","article_publisher":"https:\/\/www.facebook.com\/miomiorun\/","article_modified_time":"2026-05-07T09:21:48+00:00","og_image":[{"width":600,"height":600,"url":"https:\/\/www.miomiorun.com\/app\/uploads\/2023\/12\/falke-Maglietta-M-cool-yve-33771-6714.jpg","type":"image\/jpeg"}],"twitter_card":"summary_large_image","twitter_misc":{"Est. reading time":"1 minute"},"schema":{"@context":"https:\/\/schema.org","@graph":[{"@type":"WebPage","@id":"https:\/\/www.miomiorun.com\/es\/producto\/t-shirt-ultralight-cool-hombre\/","url":"https:\/\/www.miomiorun.com\/es\/producto\/t-shirt-ultralight-cool-hombre\/","name":"Uyn T-Shirt Ultralight Cool hombre - Ropa interior t\u00e9rmica - MioMioRun.com","isPartOf":{"@id":"https:\/\/www.miomiorun.com\/es\/#website"},"primaryImageOfPage":{"@id":"https:\/\/www.miomiorun.com\/es\/producto\/t-shirt-ultralight-cool-hombre\/#primaryimage"},"image":{"@id":"https:\/\/www.miomiorun.com\/es\/producto\/t-shirt-ultralight-cool-hombre\/#primaryimage"},"thumbnailUrl":"https:\/\/www.miomiorun.com\/app\/uploads\/2023\/12\/falke-Maglietta-M-cool-yve-33771-6714.jpg","datePublished":"2023-11-02T13:53:54+00:00","dateModified":"2026-05-07T09:21:48+00:00","description":"La ropa interior funcional Ultralight Cool ayuda al cuerpo a mantener una temperatura baja, lo que te permite dedicar toda tu energ\u00eda al deporte.","breadcrumb":{"@id":"https:\/\/www.miomiorun.com\/es\/producto\/t-shirt-ultralight-cool-hombre\/#breadcrumb"},"inLanguage":"es-ES","potentialAction":[{"@type":"ReadAction","target":["https:\/\/www.miomiorun.com\/es\/producto\/t-shirt-ultralight-cool-hombre\/"]}]},{"@type":"ImageObject","inLanguage":"es-ES","@id":"https:\/\/www.miomiorun.com\/es\/producto\/t-shirt-ultralight-cool-hombre\/#primaryimage","url":"https:\/\/www.miomiorun.com\/app\/uploads\/2023\/12\/falke-Maglietta-M-cool-yve-33771-6714.jpg","contentUrl":"https:\/\/www.miomiorun.com\/app\/uploads\/2023\/12\/falke-Maglietta-M-cool-yve-33771-6714.jpg","width":600,"height":600,"caption":"falke-Maglietta-M-cool-yve-33771-6714"},{"@type":"BreadcrumbList","@id":"https:\/\/www.miomiorun.com\/es\/producto\/t-shirt-ultralight-cool-hombre\/#breadcrumb","itemListElement":[{"@type":"ListItem","position":1,"name":"Home","item":"https:\/\/www.miomiorun.com\/es\/"},{"@type":"ListItem","position":2,"name":"Shop","item":"https:\/\/www.miomiorun.com\/shop\/"},{"@type":"ListItem","position":3,"name":"T-Shirt Ultralight Cool hombre"}]},{"@type":"WebSite","@id":"https:\/\/www.miomiorun.com\/es\/#website","url":"https:\/\/www.miomiorun.com\/es\/","name":"MioMioRun","description":"Tienda 100% running y trail","publisher":{"@id":"https:\/\/www.miomiorun.com\/es\/#organization"},"potentialAction":[{"@type":"SearchAction","target":{"@type":"EntryPoint","urlTemplate":"https:\/\/www.miomiorun.com\/es\/?s={search_term_string}"},"query-input":{"@type":"PropertyValueSpecification","valueRequired":true,"valueName":"search_term_string"}}],"inLanguage":"es-ES"},{"@type":"Organization","@id":"https:\/\/www.miomiorun.com\/es\/#organization","name":"MioMio Run","url":"https:\/\/www.miomiorun.com\/es\/","logo":{"@type":"ImageObject","inLanguage":"es-ES","@id":"https:\/\/www.miomiorun.com\/es\/#\/schema\/logo\/image\/","url":"https:\/\/www.miomiorun.com\/app\/uploads\/2019\/12\/logomio.png","contentUrl":"https:\/\/www.miomiorun.com\/app\/uploads\/2019\/12\/logomio.png","width":115,"height":82,"caption":"MioMio Run"},"image":{"@id":"https:\/\/www.miomiorun.com\/es\/#\/schema\/logo\/image\/"},"sameAs":["https:\/\/www.facebook.com\/miomiorun\/","https:\/\/www.instagram.com\/miomiorun\/"]}]}},"_links":{"self":[{"href":"https:\/\/www.miomiorun.com\/es\/wp-json\/wp\/v2\/product\/288337","targetHints":{"allow":["GET"]}}],"collection":[{"href":"https:\/\/www.miomiorun.com\/es\/wp-json\/wp\/v2\/product"}],"about":[{"href":"https:\/\/www.miomiorun.com\/es\/wp-json\/wp\/v2\/types\/product"}],"wp:featuredmedia":[{"embeddable":true,"href":"https:\/\/www.miomiorun.com\/es\/wp-json\/wp\/v2\/media\/244191"}],"wp:attachment":[{"href":"https:\/\/www.miomiorun.com\/es\/wp-json\/wp\/v2\/media?parent=288337"}],"wp:term":[{"taxonomy":"product_brand","embeddable":true,"href":"https:\/\/www.miomiorun.com\/es\/wp-json\/wp\/v2\/product_brand?post=288337"},{"taxonomy":"product_cat","embeddable":true,"href":"https:\/\/www.miomiorun.com\/es\/wp-json\/wp\/v2\/product_cat?post=288337"},{"taxonomy":"product_tag","embeddable":true,"href":"https:\/\/www.miomiorun.com\/es\/wp-json\/wp\/v2\/product_tag?post=288337"}],"curies":[{"name":"wp","href":"https:\/\/api.w.org\/{rel}","templated":true}]}}