{"id":288328,"date":"2023-11-02T15:21:39","date_gmt":"2023-11-02T14:21:39","guid":{"rendered":"https:\/\/miomiorun.com\/prodotto\/warm-longsleeved-donna\/"},"modified":"2026-05-07T11:26:00","modified_gmt":"2026-05-07T09:26:00","slug":"warm-longsleeved-mujer","status":"publish","type":"product","link":"https:\/\/www.miomiorun.com\/es\/producto\/warm-longsleeved-mujer\/","title":{"rendered":"Warm Longsleeved mujer"},"content":{"rendered":"<div class=\"tab-custom-inner-max content-wysiwyg\">Este maillot ajustado de manga larga mantiene el cuerpo caliente y seco en temperaturas templadas o fr\u00edas durante actividades de alta intensidad. Adem\u00e1s, la combinaci\u00f3n de materiales t\u00e9rmicos de alta calidad garantiza una excelente gesti\u00f3n de la humedad y el calor. Su ajuste perfecto asegura la m\u00e1xima libertad de movimiento gracias a las zonas flexibles en los hombros y los codos.<\/div>\n<div class=\"tab-custom-inner-max content-wysiwyg\">\n<div class=\"product-line\">\n<p><strong>Caracter\u00edsticas:<\/strong><\/p>\n<ul>\n<li>Protege de temperaturas exteriores templadas o fr\u00edas<\/li>\n<li>Mantiene el cuerpo caliente y seco durante actividades de alta intensidad<\/li>\n<li>Gesti\u00f3n perfecta de la humedad y el calor gracias a su estructura de dos capas<\/li>\n<li>Combinaci\u00f3n de materiales t\u00e9rmicos de alta calidad<\/li>\n<li>Camiseta ajustada de manga larga<\/li>\n<li>Ajuste perfecto y m\u00e1xima libertad de movimiento gracias a las zonas flexibles en los hombros y los codos<\/li>\n<\/ul>\n<h3>Funcionalidad:<\/h3>\n<ul class=\"product-functional-symbols-new\">\n<li class=\"product-functional-symbols-new__symbol\"><img loading=\"lazy\" decoding=\"async\" class=\"product-functional-symbols-new__image\" src=\"https:\/\/www.falke.com\/it_it\/b3b39c9b226f78e769a04f89f68a6ddf4576fbbb\/assets\/base\/staticImages\/functionalsymbols\/icon_feuchtigkeitsregulierend.svg\" alt=\"\" width=\"50\" height=\"50\">\n<div class=\"product-functional-symbols-new__content\">\n<p class=\"product-functional-symbols-new__content-name\"><strong>Regula la humedad<\/strong><\/p>\n<p class=\"product-functional-symbols-new__content-description\">Una sensaci\u00f3n \u00fanica y seca sobre la piel gracias a su capacidad para absorber la humedad.<\/p>\n<\/div>\n<\/li>\n<li class=\"product-functional-symbols-new__symbol\"><img loading=\"lazy\" decoding=\"async\" class=\"product-functional-symbols-new__image\" src=\"https:\/\/www.falke.com\/it_it\/b3b39c9b226f78e769a04f89f68a6ddf4576fbbb\/assets\/base\/staticImages\/functionalsymbols\/icon_schnellste_ruecktrocknung.svg\" alt=\"\" width=\"50\" height=\"50\">\n<div class=\"product-functional-symbols-new__content\">\n<p class=\"product-functional-symbols-new__content-name\"><strong>Secado m\u00e1s r\u00e1pido<\/strong><\/p>\n<p class=\"product-functional-symbols-new__content-description\">material de secado r\u00e1pido<\/p>\n<\/div>\n<\/li>\n<\/ul>\n<ul>\n<li style=\"list-style-type: none\"><\/li>\n<\/ul>\n<\/div>\n<\/div>\n","protected":false},"excerpt":{"rendered":"<ul>\n<li>Mantiene el cuerpo caliente y seco durante actividades de alta intensidad<\/li>\n<li>Gesti\u00f3n perfecta de la humedad y el calor gracias a su estructura de dos capas<\/li>\n<\/ul>\n","protected":false},"featured_media":246067,"template":"","meta":{"_acf_changed":false,"inline_featured_image":false},"product_brand":[],"product_cat":[24226,24401,24397,24402],"product_tag":[23483,23642],"class_list":{"0":"post-288328","1":"product","2":"type-product","3":"status-publish","4":"has-post-thumbnail","6":"product_cat-camiseta","7":"product_cat-ropa-de-mujer","8":"product_cat-ropa-interior","9":"product_cat-mujer","10":"product_tag-falke-es","11":"product_tag-falke-mujer","12":"pa_attivita-caminar","13":"pa_attivita-outdoor-es","14":"pa_attivita-running-es","15":"pa_attivita-trail-es","16":"pa_marca-falke-es","17":"pa_sesso-mujer","18":"pa_size-extra-small-es","19":"pa_size-small-es","20":"pa_size-medium-es","21":"pa_size-large-es","23":"first","24":"instock","25":"sale","26":"taxable","27":"shipping-taxable","28":"purchasable","29":"product-type-variable","30":"wvs-archive-product-wrapper"},"acf":[],"yoast_head":"<!-- This site is optimized with the Yoast SEO plugin v26.8 - https:\/\/yoast.com\/product\/yoast-seo-wordpress\/ -->\n<title>Uyn Warm Longsleeved mujer - Camiseta interior - MioMioRun.com<\/title>\n<meta name=\"description\" content=\"El maillot ajustado de manga larga mantiene el cuerpo caliente y seco en temperaturas templadas o fr\u00edas durante actividades de alta intensidad.\" \/>\n<meta name=\"robots\" content=\"index, follow, max-snippet:-1, max-image-preview:large, max-video-preview:-1\" \/>\n<link rel=\"canonical\" href=\"https:\/\/www.miomiorun.com\/es\/producto\/warm-longsleeved-mujer\/\" \/>\n<meta property=\"og:locale\" content=\"es_ES\" \/>\n<meta property=\"og:type\" content=\"article\" \/>\n<meta property=\"og:title\" content=\"Uyn Warm Longsleeved mujer - Camiseta interior - MioMioRun.com\" \/>\n<meta property=\"og:description\" content=\"El maillot ajustado de manga larga mantiene el cuerpo caliente y seco en temperaturas templadas o fr\u00edas durante actividades de alta intensidad.\" \/>\n<meta property=\"og:url\" content=\"https:\/\/www.miomiorun.com\/es\/producto\/warm-longsleeved-mujer\/\" \/>\n<meta property=\"og:site_name\" content=\"MioMioRun\" \/>\n<meta property=\"article:publisher\" content=\"https:\/\/www.facebook.com\/miomiorun\/\" \/>\n<meta property=\"article:modified_time\" content=\"2026-05-07T09:26:00+00:00\" \/>\n<meta property=\"og:image\" content=\"https:\/\/www.miomiorun.com\/app\/uploads\/2023\/11\/falke-W-longsleeved-black-39111-3000.webp\" \/>\n\t<meta property=\"og:image:width\" content=\"600\" \/>\n\t<meta property=\"og:image:height\" content=\"600\" \/>\n\t<meta property=\"og:image:type\" content=\"image\/webp\" \/>\n<meta name=\"twitter:card\" content=\"summary_large_image\" \/>\n<meta name=\"twitter:label1\" content=\"Est. reading time\" \/>\n\t<meta name=\"twitter:data1\" content=\"1 minute\" \/>\n<script type=\"application\/ld+json\" class=\"yoast-schema-graph\">{\"@context\":\"https:\/\/schema.org\",\"@graph\":[{\"@type\":\"WebPage\",\"@id\":\"https:\/\/www.miomiorun.com\/es\/producto\/warm-longsleeved-mujer\/\",\"url\":\"https:\/\/www.miomiorun.com\/es\/producto\/warm-longsleeved-mujer\/\",\"name\":\"Uyn Warm Longsleeved mujer - Camiseta interior - MioMioRun.com\",\"isPartOf\":{\"@id\":\"https:\/\/www.miomiorun.com\/es\/#website\"},\"primaryImageOfPage\":{\"@id\":\"https:\/\/www.miomiorun.com\/es\/producto\/warm-longsleeved-mujer\/#primaryimage\"},\"image\":{\"@id\":\"https:\/\/www.miomiorun.com\/es\/producto\/warm-longsleeved-mujer\/#primaryimage\"},\"thumbnailUrl\":\"https:\/\/www.miomiorun.com\/app\/uploads\/2023\/11\/falke-W-longsleeved-black-39111-3000.webp\",\"datePublished\":\"2023-11-02T14:21:39+00:00\",\"dateModified\":\"2026-05-07T09:26:00+00:00\",\"description\":\"El maillot ajustado de manga larga mantiene el cuerpo caliente y seco en temperaturas templadas o fr\u00edas durante actividades de alta intensidad.\",\"breadcrumb\":{\"@id\":\"https:\/\/www.miomiorun.com\/es\/producto\/warm-longsleeved-mujer\/#breadcrumb\"},\"inLanguage\":\"es-ES\",\"potentialAction\":[{\"@type\":\"ReadAction\",\"target\":[\"https:\/\/www.miomiorun.com\/es\/producto\/warm-longsleeved-mujer\/\"]}]},{\"@type\":\"ImageObject\",\"inLanguage\":\"es-ES\",\"@id\":\"https:\/\/www.miomiorun.com\/es\/producto\/warm-longsleeved-mujer\/#primaryimage\",\"url\":\"https:\/\/www.miomiorun.com\/app\/uploads\/2023\/11\/falke-W-longsleeved-black-39111-3000.webp\",\"contentUrl\":\"https:\/\/www.miomiorun.com\/app\/uploads\/2023\/11\/falke-W-longsleeved-black-39111-3000.webp\",\"width\":600,\"height\":600,\"caption\":\"falke W longsleeved black 39111 3000\"},{\"@type\":\"BreadcrumbList\",\"@id\":\"https:\/\/www.miomiorun.com\/es\/producto\/warm-longsleeved-mujer\/#breadcrumb\",\"itemListElement\":[{\"@type\":\"ListItem\",\"position\":1,\"name\":\"Home\",\"item\":\"https:\/\/www.miomiorun.com\/es\/\"},{\"@type\":\"ListItem\",\"position\":2,\"name\":\"Shop\",\"item\":\"https:\/\/www.miomiorun.com\/shop\/\"},{\"@type\":\"ListItem\",\"position\":3,\"name\":\"Warm Longsleeved mujer\"}]},{\"@type\":\"WebSite\",\"@id\":\"https:\/\/www.miomiorun.com\/es\/#website\",\"url\":\"https:\/\/www.miomiorun.com\/es\/\",\"name\":\"MioMioRun\",\"description\":\"Tienda 100% running y trail\",\"publisher\":{\"@id\":\"https:\/\/www.miomiorun.com\/es\/#organization\"},\"potentialAction\":[{\"@type\":\"SearchAction\",\"target\":{\"@type\":\"EntryPoint\",\"urlTemplate\":\"https:\/\/www.miomiorun.com\/es\/?s={search_term_string}\"},\"query-input\":{\"@type\":\"PropertyValueSpecification\",\"valueRequired\":true,\"valueName\":\"search_term_string\"}}],\"inLanguage\":\"es-ES\"},{\"@type\":\"Organization\",\"@id\":\"https:\/\/www.miomiorun.com\/es\/#organization\",\"name\":\"MioMio Run\",\"url\":\"https:\/\/www.miomiorun.com\/es\/\",\"logo\":{\"@type\":\"ImageObject\",\"inLanguage\":\"es-ES\",\"@id\":\"https:\/\/www.miomiorun.com\/es\/#\/schema\/logo\/image\/\",\"url\":\"https:\/\/www.miomiorun.com\/app\/uploads\/2019\/12\/logomio.png\",\"contentUrl\":\"https:\/\/www.miomiorun.com\/app\/uploads\/2019\/12\/logomio.png\",\"width\":115,\"height\":82,\"caption\":\"MioMio Run\"},\"image\":{\"@id\":\"https:\/\/www.miomiorun.com\/es\/#\/schema\/logo\/image\/\"},\"sameAs\":[\"https:\/\/www.facebook.com\/miomiorun\/\",\"https:\/\/www.instagram.com\/miomiorun\/\"]}]}<\/script>\n<!-- \/ Yoast SEO plugin. -->","yoast_head_json":{"title":"Uyn Warm Longsleeved mujer - Camiseta interior - MioMioRun.com","description":"El maillot ajustado de manga larga mantiene el cuerpo caliente y seco en temperaturas templadas o fr\u00edas durante actividades de alta intensidad.","robots":{"index":"index","follow":"follow","max-snippet":"max-snippet:-1","max-image-preview":"max-image-preview:large","max-video-preview":"max-video-preview:-1"},"canonical":"https:\/\/www.miomiorun.com\/es\/producto\/warm-longsleeved-mujer\/","og_locale":"es_ES","og_type":"article","og_title":"Uyn Warm Longsleeved mujer - Camiseta interior - MioMioRun.com","og_description":"El maillot ajustado de manga larga mantiene el cuerpo caliente y seco en temperaturas templadas o fr\u00edas durante actividades de alta intensidad.","og_url":"https:\/\/www.miomiorun.com\/es\/producto\/warm-longsleeved-mujer\/","og_site_name":"MioMioRun","article_publisher":"https:\/\/www.facebook.com\/miomiorun\/","article_modified_time":"2026-05-07T09:26:00+00:00","og_image":[{"width":600,"height":600,"url":"https:\/\/www.miomiorun.com\/app\/uploads\/2023\/11\/falke-W-longsleeved-black-39111-3000.webp","type":"image\/webp"}],"twitter_card":"summary_large_image","twitter_misc":{"Est. reading time":"1 minute"},"schema":{"@context":"https:\/\/schema.org","@graph":[{"@type":"WebPage","@id":"https:\/\/www.miomiorun.com\/es\/producto\/warm-longsleeved-mujer\/","url":"https:\/\/www.miomiorun.com\/es\/producto\/warm-longsleeved-mujer\/","name":"Uyn Warm Longsleeved mujer - Camiseta interior - MioMioRun.com","isPartOf":{"@id":"https:\/\/www.miomiorun.com\/es\/#website"},"primaryImageOfPage":{"@id":"https:\/\/www.miomiorun.com\/es\/producto\/warm-longsleeved-mujer\/#primaryimage"},"image":{"@id":"https:\/\/www.miomiorun.com\/es\/producto\/warm-longsleeved-mujer\/#primaryimage"},"thumbnailUrl":"https:\/\/www.miomiorun.com\/app\/uploads\/2023\/11\/falke-W-longsleeved-black-39111-3000.webp","datePublished":"2023-11-02T14:21:39+00:00","dateModified":"2026-05-07T09:26:00+00:00","description":"El maillot ajustado de manga larga mantiene el cuerpo caliente y seco en temperaturas templadas o fr\u00edas durante actividades de alta intensidad.","breadcrumb":{"@id":"https:\/\/www.miomiorun.com\/es\/producto\/warm-longsleeved-mujer\/#breadcrumb"},"inLanguage":"es-ES","potentialAction":[{"@type":"ReadAction","target":["https:\/\/www.miomiorun.com\/es\/producto\/warm-longsleeved-mujer\/"]}]},{"@type":"ImageObject","inLanguage":"es-ES","@id":"https:\/\/www.miomiorun.com\/es\/producto\/warm-longsleeved-mujer\/#primaryimage","url":"https:\/\/www.miomiorun.com\/app\/uploads\/2023\/11\/falke-W-longsleeved-black-39111-3000.webp","contentUrl":"https:\/\/www.miomiorun.com\/app\/uploads\/2023\/11\/falke-W-longsleeved-black-39111-3000.webp","width":600,"height":600,"caption":"falke W longsleeved black 39111 3000"},{"@type":"BreadcrumbList","@id":"https:\/\/www.miomiorun.com\/es\/producto\/warm-longsleeved-mujer\/#breadcrumb","itemListElement":[{"@type":"ListItem","position":1,"name":"Home","item":"https:\/\/www.miomiorun.com\/es\/"},{"@type":"ListItem","position":2,"name":"Shop","item":"https:\/\/www.miomiorun.com\/shop\/"},{"@type":"ListItem","position":3,"name":"Warm Longsleeved mujer"}]},{"@type":"WebSite","@id":"https:\/\/www.miomiorun.com\/es\/#website","url":"https:\/\/www.miomiorun.com\/es\/","name":"MioMioRun","description":"Tienda 100% running y trail","publisher":{"@id":"https:\/\/www.miomiorun.com\/es\/#organization"},"potentialAction":[{"@type":"SearchAction","target":{"@type":"EntryPoint","urlTemplate":"https:\/\/www.miomiorun.com\/es\/?s={search_term_string}"},"query-input":{"@type":"PropertyValueSpecification","valueRequired":true,"valueName":"search_term_string"}}],"inLanguage":"es-ES"},{"@type":"Organization","@id":"https:\/\/www.miomiorun.com\/es\/#organization","name":"MioMio Run","url":"https:\/\/www.miomiorun.com\/es\/","logo":{"@type":"ImageObject","inLanguage":"es-ES","@id":"https:\/\/www.miomiorun.com\/es\/#\/schema\/logo\/image\/","url":"https:\/\/www.miomiorun.com\/app\/uploads\/2019\/12\/logomio.png","contentUrl":"https:\/\/www.miomiorun.com\/app\/uploads\/2019\/12\/logomio.png","width":115,"height":82,"caption":"MioMio Run"},"image":{"@id":"https:\/\/www.miomiorun.com\/es\/#\/schema\/logo\/image\/"},"sameAs":["https:\/\/www.facebook.com\/miomiorun\/","https:\/\/www.instagram.com\/miomiorun\/"]}]}},"_links":{"self":[{"href":"https:\/\/www.miomiorun.com\/es\/wp-json\/wp\/v2\/product\/288328","targetHints":{"allow":["GET"]}}],"collection":[{"href":"https:\/\/www.miomiorun.com\/es\/wp-json\/wp\/v2\/product"}],"about":[{"href":"https:\/\/www.miomiorun.com\/es\/wp-json\/wp\/v2\/types\/product"}],"wp:featuredmedia":[{"embeddable":true,"href":"https:\/\/www.miomiorun.com\/es\/wp-json\/wp\/v2\/media\/246067"}],"wp:attachment":[{"href":"https:\/\/www.miomiorun.com\/es\/wp-json\/wp\/v2\/media?parent=288328"}],"wp:term":[{"taxonomy":"product_brand","embeddable":true,"href":"https:\/\/www.miomiorun.com\/es\/wp-json\/wp\/v2\/product_brand?post=288328"},{"taxonomy":"product_cat","embeddable":true,"href":"https:\/\/www.miomiorun.com\/es\/wp-json\/wp\/v2\/product_cat?post=288328"},{"taxonomy":"product_tag","embeddable":true,"href":"https:\/\/www.miomiorun.com\/es\/wp-json\/wp\/v2\/product_tag?post=288328"}],"curies":[{"name":"wp","href":"https:\/\/api.w.org\/{rel}","templated":true}]}}