{"id":288258,"date":"2023-11-07T12:37:53","date_gmt":"2023-11-07T11:37:53","guid":{"rendered":"https:\/\/miomiorun.com\/prodotto\/clifton-9-gtx-donna\/"},"modified":"2026-03-08T18:38:33","modified_gmt":"2026-03-08T17:38:33","slug":"clifton-9-gtx-mujer","status":"publish","type":"product","link":"https:\/\/www.miomiorun.com\/es\/producto\/clifton-9-gtx-mujer\/","title":{"rendered":"Clifton 9 Gtx mujer"},"content":{"rendered":"<div class=\"vc-row container\"><div class=\"vc-column\"><div class=\"vc-column-text\"><\/p>\n<h4>Especificaciones t\u00e9cnicas<\/h4>\n<p>Categor\u00eda: Amortiguaci\u00f3n estructurada.<br \/>\nOffset: 5 mm.<br \/>\nPeso: 235 g.<br \/>\nIdeal para: corredores y caminantes con pisada neutra que buscan un modelo con una amortiguaci\u00f3n \u00f3ptima y c\u00f3modo, capaz de neutralizar los impactos con el suelo, para carreras y caminatas de media y larga distancia, incluso en terrenos mojados.<br \/>\nPeso del atleta: 60-70 kg.<br \/>\nRitmo de carrera: medio (5-6 min\/km).<br \/>\n<a href=\"https:\/\/miomiorun.com\/es\/guia-especifica\/\">Gu\u00eda de especificaciones t\u00e9cnicas<\/a><\/p>\n<p><\/div><\/div><div class=\"vc-column\"><div class=\"vc-column-text\"><\/p>\n<div class=\"content\">\n<div class=\"content\">Hemos revisado nuestro cl\u00e1sico <strong>Clifton 9 con GORE-TEX<\/strong> Invisible Fit y elementos que mejoran la tracci\u00f3n adecuados para hacer frente a las inclemencias del tiempo, para que los corredores puedan acumular kil\u00f3metros en cualquier condici\u00f3n meteorol\u00f3gica. El primer calzado impermeable para carretera de HOKA, este modelo no teme a las salpicaduras, es reflectante en 360\u00b0 y cuenta con una estructura de malla cerrada para una protecci\u00f3n superior. Dise\u00f1ado para brillar incluso cuando el sol no lo hace, el <strong>Clifton 9 GORE-TEX<\/strong> para mujer demuestra que no existen condiciones meteorol\u00f3gicas adversas.<\/p>\n<div class=\"content\">\n<h3>CARACTER\u00cdSTICAS<\/h3>\n<ul class=\"features-container\">\n<li class=\"feature-item\">Tejido creel jacquard<\/li>\n<li class=\"feature-item\">Reflectante en 360\u00b0<\/li>\n<li class=\"feature-item\">GORE-TEX Invisible Fit con tejido exterior de poli\u00e9ster reciclado (70 %)<\/li>\n<li class=\"feature-item\">Suela de goma Durabrasion Rubber<\/li>\n<li class=\"feature-item\">Elementos que mejoran la tracci\u00f3n<\/li>\n<li class=\"feature-item\">Parte superior y cuello de malla de poli\u00e9ster reciclado (30 %)<\/li>\n<li class=\"feature-item\">Parte superior de la leng\u00fceta de malla de poli\u00e9ster reciclado (100 %)<\/li>\n<li class=\"feature-item\">Parte inferior de la leng\u00fceta de malla de poli\u00e9ster reciclado (92 %)<\/li>\n<li class=\"feature-item\">Cordones de nailon reciclado (70 %) y poli\u00e9ster reciclado (30 %)<\/li>\n<li class=\"feature-item\">Plantilla con confecci\u00f3n Strobel de poli\u00e9ster reciclado (87 %)<\/li>\n<\/ul>\n<\/div>\n<div class=\"hero-bottom-copy text-center\">\n<p><strong>Estabilidad: <\/strong><\/p>\n<p>Clifton 9 GORE-TEX con una plantilla acolchada sim\u00e9trica, sin tecnolog\u00edas ortop\u00e9dicas adicionales. Dise\u00f1ada para ofrecerte el apoyo que necesitas, sin caracter\u00edsticas superfluas.<\/p>\n<p><strong>Amortiguaci\u00f3n: <\/strong><\/p>\n<p>Clifton 9 GORE-TEX est\u00e1 dise\u00f1ado para ofrecer una amortiguaci\u00f3n protectora, al tiempo que mantiene un impulso reactivo cuando deseas aumentar la velocidad.<\/p>\n<div class=\"loveit-features\">\n<h3 class=\"phrase-title body-24-book\">Tejido creel jacquard<\/h3>\n<div class=\"phrase-caption\">Ofrece una mayor transpirabilidad<\/div>\n<h3 class=\"phrase-title body-24-book\">Reflectante en 360\u00b0<\/h3>\n<div class=\"phrase-caption\">Garantiza una mayor visibilidad<\/div>\n<h3 class=\"phrase-title body-24-book\">GORE-TEX Invisible Fit en material parcialmente reciclado<\/h3>\n<div class=\"phrase-caption\">Ofrece una ventilaci\u00f3n impermeable m\u00e1s ligera y transpirable<\/div>\n<h3 class=\"phrase-title body-24-book\">Suela de goma Durabrasion Rubber<\/h3>\n<div class=\"phrase-caption\">Garantiza una mayor tracci\u00f3n en superficies resbaladizas<\/div>\n<h3 class=\"phrase-title body-24-book\">Elementos que mejoran la tracci\u00f3n<\/h3>\n<div class=\"phrase-caption\">Ofrecen un mayor agarre al terreno<\/div>\n<\/div>\n<\/div>\n<\/div>\n<\/div>\n<p><\/div><\/div><\/div>\n","protected":false},"excerpt":{"rendered":"<ul class=\"features-container\">\n<li class=\"feature-item\">Zapato superamortiguado<\/li>\n<li>Ideal para largas caminatas<\/li>\n<li>En Gore-Tex<\/li>\n<\/ul>\n","protected":false},"featured_media":341810,"template":"","meta":{"_acf_changed":false,"inline_featured_image":false},"product_brand":[],"product_cat":[24227,24228],"product_tag":[23479,23645],"class_list":{"0":"post-288258","1":"product","2":"type-product","3":"status-publish","4":"has-post-thumbnail","6":"product_cat-calzado-femenino","7":"product_cat-neutre-es","8":"product_tag-hoka-one-one-es","9":"product_tag-hoka-mujer","10":"pa_attivita-caminar","11":"pa_attivita-lifestyle-es","12":"pa_attivita-running-es","13":"pa_colore-clifton-9-gtx-w-black-raindrop","14":"pa_colore-clifton-9-gtx-w-eggshell-khaki-es","15":"pa_marca-hoka-es","16":"pa_sesso-mujer","17":"pa_size-37-es","18":"pa_size-38-es","19":"pa_size-39-es","20":"pa_size-42-es","22":"first","23":"instock","24":"sale","25":"taxable","26":"shipping-taxable","27":"purchasable","28":"product-type-variable","29":"wvs-archive-product-wrapper"},"acf":[],"yoast_head":"<!-- This site is optimized with the Yoast SEO plugin v26.8 - https:\/\/yoast.com\/product\/yoast-seo-wordpress\/ -->\n<title>Hoka Clifton 9 Gtx mujer - zapatillas de correr - MioMioRun.com<\/title>\n<meta name=\"description\" content=\"Este modelo es resistente a las salpicaduras, es reflectante en 360\u00b0 y presenta una estructura de malla cerrada para una protecci\u00f3n superior.\" \/>\n<meta name=\"robots\" content=\"index, follow, max-snippet:-1, max-image-preview:large, max-video-preview:-1\" \/>\n<link rel=\"canonical\" href=\"https:\/\/www.miomiorun.com\/es\/producto\/clifton-9-gtx-mujer\/\" \/>\n<meta property=\"og:locale\" content=\"es_ES\" \/>\n<meta property=\"og:type\" content=\"article\" \/>\n<meta property=\"og:title\" content=\"Hoka Clifton 9 Gtx mujer - zapatillas de correr - MioMioRun.com\" \/>\n<meta property=\"og:description\" content=\"Este modelo es resistente a las salpicaduras, es reflectante en 360\u00b0 y presenta una estructura de malla cerrada para una protecci\u00f3n superior.\" \/>\n<meta property=\"og:url\" content=\"https:\/\/www.miomiorun.com\/es\/producto\/clifton-9-gtx-mujer\/\" \/>\n<meta property=\"og:site_name\" content=\"MioMioRun\" \/>\n<meta property=\"article:publisher\" content=\"https:\/\/www.facebook.com\/miomiorun\/\" \/>\n<meta property=\"article:modified_time\" content=\"2026-03-08T17:38:33+00:00\" \/>\n<meta property=\"og:image\" content=\"https:\/\/www.miomiorun.com\/app\/uploads\/2025\/09\/hoka-Clifton-9-GTX-W-grey-skies-foggy-grey-1141490F-GYSK.webp\" \/>\n\t<meta property=\"og:image:width\" content=\"720\" \/>\n\t<meta property=\"og:image:height\" content=\"720\" \/>\n\t<meta property=\"og:image:type\" content=\"image\/webp\" \/>\n<meta name=\"twitter:card\" content=\"summary_large_image\" \/>\n<meta name=\"twitter:label1\" content=\"Est. reading time\" \/>\n\t<meta name=\"twitter:data1\" content=\"2 minutes\" \/>\n<script type=\"application\/ld+json\" class=\"yoast-schema-graph\">{\"@context\":\"https:\/\/schema.org\",\"@graph\":[{\"@type\":\"WebPage\",\"@id\":\"https:\/\/www.miomiorun.com\/es\/producto\/clifton-9-gtx-mujer\/\",\"url\":\"https:\/\/www.miomiorun.com\/es\/producto\/clifton-9-gtx-mujer\/\",\"name\":\"Hoka Clifton 9 Gtx mujer - zapatillas de correr - MioMioRun.com\",\"isPartOf\":{\"@id\":\"https:\/\/www.miomiorun.com\/es\/#website\"},\"primaryImageOfPage\":{\"@id\":\"https:\/\/www.miomiorun.com\/es\/producto\/clifton-9-gtx-mujer\/#primaryimage\"},\"image\":{\"@id\":\"https:\/\/www.miomiorun.com\/es\/producto\/clifton-9-gtx-mujer\/#primaryimage\"},\"thumbnailUrl\":\"https:\/\/www.miomiorun.com\/app\/uploads\/2025\/09\/hoka-Clifton-9-GTX-W-grey-skies-foggy-grey-1141490F-GYSK.webp\",\"datePublished\":\"2023-11-07T11:37:53+00:00\",\"dateModified\":\"2026-03-08T17:38:33+00:00\",\"description\":\"Este modelo es resistente a las salpicaduras, es reflectante en 360\u00b0 y presenta una estructura de malla cerrada para una protecci\u00f3n superior.\",\"breadcrumb\":{\"@id\":\"https:\/\/www.miomiorun.com\/es\/producto\/clifton-9-gtx-mujer\/#breadcrumb\"},\"inLanguage\":\"es-ES\",\"potentialAction\":[{\"@type\":\"ReadAction\",\"target\":[\"https:\/\/www.miomiorun.com\/es\/producto\/clifton-9-gtx-mujer\/\"]}]},{\"@type\":\"ImageObject\",\"inLanguage\":\"es-ES\",\"@id\":\"https:\/\/www.miomiorun.com\/es\/producto\/clifton-9-gtx-mujer\/#primaryimage\",\"url\":\"https:\/\/www.miomiorun.com\/app\/uploads\/2025\/09\/hoka-Clifton-9-GTX-W-grey-skies-foggy-grey-1141490F-GYSK.webp\",\"contentUrl\":\"https:\/\/www.miomiorun.com\/app\/uploads\/2025\/09\/hoka-Clifton-9-GTX-W-grey-skies-foggy-grey-1141490F-GYSK.webp\",\"width\":720,\"height\":720,\"caption\":\"hoka Clifton 9 GTX W grey skies foggy grey 1141490F GYSK\"},{\"@type\":\"BreadcrumbList\",\"@id\":\"https:\/\/www.miomiorun.com\/es\/producto\/clifton-9-gtx-mujer\/#breadcrumb\",\"itemListElement\":[{\"@type\":\"ListItem\",\"position\":1,\"name\":\"Home\",\"item\":\"https:\/\/www.miomiorun.com\/es\/\"},{\"@type\":\"ListItem\",\"position\":2,\"name\":\"Shop\",\"item\":\"https:\/\/www.miomiorun.com\/shop\/\"},{\"@type\":\"ListItem\",\"position\":3,\"name\":\"Clifton 9 Gtx mujer\"}]},{\"@type\":\"WebSite\",\"@id\":\"https:\/\/www.miomiorun.com\/es\/#website\",\"url\":\"https:\/\/www.miomiorun.com\/es\/\",\"name\":\"MioMioRun\",\"description\":\"Tienda 100% running y trail\",\"publisher\":{\"@id\":\"https:\/\/www.miomiorun.com\/es\/#organization\"},\"potentialAction\":[{\"@type\":\"SearchAction\",\"target\":{\"@type\":\"EntryPoint\",\"urlTemplate\":\"https:\/\/www.miomiorun.com\/es\/?s={search_term_string}\"},\"query-input\":{\"@type\":\"PropertyValueSpecification\",\"valueRequired\":true,\"valueName\":\"search_term_string\"}}],\"inLanguage\":\"es-ES\"},{\"@type\":\"Organization\",\"@id\":\"https:\/\/www.miomiorun.com\/es\/#organization\",\"name\":\"MioMio Run\",\"url\":\"https:\/\/www.miomiorun.com\/es\/\",\"logo\":{\"@type\":\"ImageObject\",\"inLanguage\":\"es-ES\",\"@id\":\"https:\/\/www.miomiorun.com\/es\/#\/schema\/logo\/image\/\",\"url\":\"https:\/\/www.miomiorun.com\/app\/uploads\/2019\/12\/logomio.png\",\"contentUrl\":\"https:\/\/www.miomiorun.com\/app\/uploads\/2019\/12\/logomio.png\",\"width\":115,\"height\":82,\"caption\":\"MioMio Run\"},\"image\":{\"@id\":\"https:\/\/www.miomiorun.com\/es\/#\/schema\/logo\/image\/\"},\"sameAs\":[\"https:\/\/www.facebook.com\/miomiorun\/\",\"https:\/\/www.instagram.com\/miomiorun\/\"]}]}<\/script>\n<!-- \/ Yoast SEO plugin. -->","yoast_head_json":{"title":"Hoka Clifton 9 Gtx mujer - zapatillas de correr - MioMioRun.com","description":"Este modelo es resistente a las salpicaduras, es reflectante en 360\u00b0 y presenta una estructura de malla cerrada para una protecci\u00f3n superior.","robots":{"index":"index","follow":"follow","max-snippet":"max-snippet:-1","max-image-preview":"max-image-preview:large","max-video-preview":"max-video-preview:-1"},"canonical":"https:\/\/www.miomiorun.com\/es\/producto\/clifton-9-gtx-mujer\/","og_locale":"es_ES","og_type":"article","og_title":"Hoka Clifton 9 Gtx mujer - zapatillas de correr - MioMioRun.com","og_description":"Este modelo es resistente a las salpicaduras, es reflectante en 360\u00b0 y presenta una estructura de malla cerrada para una protecci\u00f3n superior.","og_url":"https:\/\/www.miomiorun.com\/es\/producto\/clifton-9-gtx-mujer\/","og_site_name":"MioMioRun","article_publisher":"https:\/\/www.facebook.com\/miomiorun\/","article_modified_time":"2026-03-08T17:38:33+00:00","og_image":[{"width":720,"height":720,"url":"https:\/\/www.miomiorun.com\/app\/uploads\/2025\/09\/hoka-Clifton-9-GTX-W-grey-skies-foggy-grey-1141490F-GYSK.webp","type":"image\/webp"}],"twitter_card":"summary_large_image","twitter_misc":{"Est. reading time":"2 minutes"},"schema":{"@context":"https:\/\/schema.org","@graph":[{"@type":"WebPage","@id":"https:\/\/www.miomiorun.com\/es\/producto\/clifton-9-gtx-mujer\/","url":"https:\/\/www.miomiorun.com\/es\/producto\/clifton-9-gtx-mujer\/","name":"Hoka Clifton 9 Gtx mujer - zapatillas de correr - MioMioRun.com","isPartOf":{"@id":"https:\/\/www.miomiorun.com\/es\/#website"},"primaryImageOfPage":{"@id":"https:\/\/www.miomiorun.com\/es\/producto\/clifton-9-gtx-mujer\/#primaryimage"},"image":{"@id":"https:\/\/www.miomiorun.com\/es\/producto\/clifton-9-gtx-mujer\/#primaryimage"},"thumbnailUrl":"https:\/\/www.miomiorun.com\/app\/uploads\/2025\/09\/hoka-Clifton-9-GTX-W-grey-skies-foggy-grey-1141490F-GYSK.webp","datePublished":"2023-11-07T11:37:53+00:00","dateModified":"2026-03-08T17:38:33+00:00","description":"Este modelo es resistente a las salpicaduras, es reflectante en 360\u00b0 y presenta una estructura de malla cerrada para una protecci\u00f3n superior.","breadcrumb":{"@id":"https:\/\/www.miomiorun.com\/es\/producto\/clifton-9-gtx-mujer\/#breadcrumb"},"inLanguage":"es-ES","potentialAction":[{"@type":"ReadAction","target":["https:\/\/www.miomiorun.com\/es\/producto\/clifton-9-gtx-mujer\/"]}]},{"@type":"ImageObject","inLanguage":"es-ES","@id":"https:\/\/www.miomiorun.com\/es\/producto\/clifton-9-gtx-mujer\/#primaryimage","url":"https:\/\/www.miomiorun.com\/app\/uploads\/2025\/09\/hoka-Clifton-9-GTX-W-grey-skies-foggy-grey-1141490F-GYSK.webp","contentUrl":"https:\/\/www.miomiorun.com\/app\/uploads\/2025\/09\/hoka-Clifton-9-GTX-W-grey-skies-foggy-grey-1141490F-GYSK.webp","width":720,"height":720,"caption":"hoka Clifton 9 GTX W grey skies foggy grey 1141490F GYSK"},{"@type":"BreadcrumbList","@id":"https:\/\/www.miomiorun.com\/es\/producto\/clifton-9-gtx-mujer\/#breadcrumb","itemListElement":[{"@type":"ListItem","position":1,"name":"Home","item":"https:\/\/www.miomiorun.com\/es\/"},{"@type":"ListItem","position":2,"name":"Shop","item":"https:\/\/www.miomiorun.com\/shop\/"},{"@type":"ListItem","position":3,"name":"Clifton 9 Gtx mujer"}]},{"@type":"WebSite","@id":"https:\/\/www.miomiorun.com\/es\/#website","url":"https:\/\/www.miomiorun.com\/es\/","name":"MioMioRun","description":"Tienda 100% running y trail","publisher":{"@id":"https:\/\/www.miomiorun.com\/es\/#organization"},"potentialAction":[{"@type":"SearchAction","target":{"@type":"EntryPoint","urlTemplate":"https:\/\/www.miomiorun.com\/es\/?s={search_term_string}"},"query-input":{"@type":"PropertyValueSpecification","valueRequired":true,"valueName":"search_term_string"}}],"inLanguage":"es-ES"},{"@type":"Organization","@id":"https:\/\/www.miomiorun.com\/es\/#organization","name":"MioMio Run","url":"https:\/\/www.miomiorun.com\/es\/","logo":{"@type":"ImageObject","inLanguage":"es-ES","@id":"https:\/\/www.miomiorun.com\/es\/#\/schema\/logo\/image\/","url":"https:\/\/www.miomiorun.com\/app\/uploads\/2019\/12\/logomio.png","contentUrl":"https:\/\/www.miomiorun.com\/app\/uploads\/2019\/12\/logomio.png","width":115,"height":82,"caption":"MioMio Run"},"image":{"@id":"https:\/\/www.miomiorun.com\/es\/#\/schema\/logo\/image\/"},"sameAs":["https:\/\/www.facebook.com\/miomiorun\/","https:\/\/www.instagram.com\/miomiorun\/"]}]}},"_links":{"self":[{"href":"https:\/\/www.miomiorun.com\/es\/wp-json\/wp\/v2\/product\/288258","targetHints":{"allow":["GET"]}}],"collection":[{"href":"https:\/\/www.miomiorun.com\/es\/wp-json\/wp\/v2\/product"}],"about":[{"href":"https:\/\/www.miomiorun.com\/es\/wp-json\/wp\/v2\/types\/product"}],"wp:featuredmedia":[{"embeddable":true,"href":"https:\/\/www.miomiorun.com\/es\/wp-json\/wp\/v2\/media\/341810"}],"wp:attachment":[{"href":"https:\/\/www.miomiorun.com\/es\/wp-json\/wp\/v2\/media?parent=288258"}],"wp:term":[{"taxonomy":"product_brand","embeddable":true,"href":"https:\/\/www.miomiorun.com\/es\/wp-json\/wp\/v2\/product_brand?post=288258"},{"taxonomy":"product_cat","embeddable":true,"href":"https:\/\/www.miomiorun.com\/es\/wp-json\/wp\/v2\/product_cat?post=288258"},{"taxonomy":"product_tag","embeddable":true,"href":"https:\/\/www.miomiorun.com\/es\/wp-json\/wp\/v2\/product_tag?post=288258"}],"curies":[{"name":"wp","href":"https:\/\/api.w.org\/{rel}","templated":true}]}}