{"id":288232,"date":"2023-11-03T18:33:25","date_gmt":"2023-11-03T17:33:25","guid":{"rendered":"https:\/\/miomiorun.com\/prodotto\/steve-p-canottiera-uomo\/"},"modified":"2026-05-07T11:28:47","modified_gmt":"2026-05-07T09:28:47","slug":"steve-p-canottiera-hombre","status":"publish","type":"product","link":"https:\/\/www.miomiorun.com\/es\/producto\/steve-p-canottiera-hombre\/","title":{"rendered":"Steve P. Canottiera hombre"},"content":{"rendered":"<p id=\"tw-target-text\" class=\"tw-data-text tw-text-large XcVN5d tw-ta\" dir=\"ltr\" data-placeholder=\"Traduzione\"><strong>Cuando, el 2 de julio de 1974, Steve Prefontaine vino a Mil\u00e1n para participar en el meeting de atletismo, los chicos del Pro Patria le regalaron una camiseta sin mangas negra. Steve se encari\u00f1\u00f3 con esa camiseta y, llev\u00e1ndola puesta, gan\u00f3 su \u00faltima carrera en la pista de Eugene, en Oreg\u00f3n. El nuestro es un merecido homenaje a uno de los mejores atletas de todos los tiempos, \u00a1uno que corr\u00eda a lo grande!<\/strong><\/p>\n<h3 class=\"title-description\">Caracter\u00edsticas<\/h3>\n<div>\n<ul>\n<li>&nbsp;Camiseta t\u00e9cnica, ligera y transpirable.<\/li>\n<li>Confeccionada en tejido Micromesh, suave como la seda.<\/li>\n<li>Ideal para una vuelta a la pista o un concierto punk.<\/li>\n<\/ul>\n<h3>Instrucciones de lavado<\/h3>\n<div>\n<p>Los productos Wild Tee est\u00e1n hechos para durar, su cuidado es muy sencillo: lavar del rev\u00e9s, en lavadora, con un programa para prendas deportivas, sin suavizante, a una temperatura m\u00e1xima de 40 \u00b0C, secar al aire.<\/p>\n<h3>Instrucciones de lavado<\/h3>\n<div>\n<p>Los productos Wild Tee est\u00e1n hechos para durar, su cuidado es muy sencillo: lavar del rev\u00e9s, en lavadora, con un programa para ropa deportiva, sin suavizante, a una temperatura m\u00e1xima de 40 \u00b0C, secar al aire.<\/p>\n<\/div>\n<\/div>\n<\/div>\n<p>&nbsp;<\/p>\n","protected":false},"excerpt":{"rendered":"<ul>\n<li>Camiseta sin mangas ligera<\/li>\n<li>Ideal para llevar en cualquier ocasi\u00f3n<\/li>\n<\/ul>\n","protected":false},"featured_media":229188,"template":"","meta":{"_acf_changed":false,"inline_featured_image":false},"product_brand":[],"product_cat":[24461,24463,24464],"product_tag":[23527,23571],"class_list":{"0":"post-288232","1":"product","2":"type-product","3":"status-publish","4":"has-post-thumbnail","6":"product_cat-chalecos-es-2","7":"product_cat-ropa-de-hombre-es","8":"product_cat-hombre","9":"product_tag-wild-tee-es","10":"product_tag-wlid-tee-hombre","11":"pa_attivita-caminar","12":"pa_attivita-running-es","13":"pa_marca-wild-tee-es","14":"pa_sesso-hombre","15":"pa_size-small-es","16":"pa_size-medium-es","17":"pa_size-large-es","18":"pa_size-extra-large-es","20":"first","21":"instock","22":"sale","23":"taxable","24":"shipping-taxable","25":"purchasable","26":"product-type-variable","27":"wvs-archive-product-wrapper"},"acf":[],"yoast_head":"<!-- This site is optimized with the Yoast SEO plugin v26.8 - https:\/\/yoast.com\/product\/yoast-seo-wordpress\/ -->\n<title>Wild TeeSteve P. Canottiera hombre - Camiseta sin mangas correr - MioMioRun<\/title>\n<meta name=\"description\" content=\"Steve P.Tank es una camiseta t\u00e9cnica, ligera y transpirable. Confeccionada en tejido Micromesh, suave como la seda. Ideal para dar una vuelta por la pista.\" \/>\n<meta name=\"robots\" content=\"index, follow, max-snippet:-1, max-image-preview:large, max-video-preview:-1\" \/>\n<link rel=\"canonical\" href=\"https:\/\/www.miomiorun.com\/es\/producto\/steve-p-canottiera-hombre\/\" \/>\n<meta property=\"og:locale\" content=\"es_ES\" \/>\n<meta property=\"og:type\" content=\"article\" \/>\n<meta property=\"og:title\" content=\"Wild TeeSteve P. Canottiera hombre - Camiseta sin mangas correr - MioMioRun\" \/>\n<meta property=\"og:description\" content=\"Steve P.Tank es una camiseta t\u00e9cnica, ligera y transpirable. Confeccionada en tejido Micromesh, suave como la seda. Ideal para dar una vuelta por la pista.\" \/>\n<meta property=\"og:url\" content=\"https:\/\/www.miomiorun.com\/es\/producto\/steve-p-canottiera-hombre\/\" \/>\n<meta property=\"og:site_name\" content=\"MioMioRun\" \/>\n<meta property=\"article:publisher\" content=\"https:\/\/www.facebook.com\/miomiorun\/\" \/>\n<meta property=\"article:modified_time\" content=\"2026-05-07T09:28:47+00:00\" \/>\n<meta property=\"og:image\" content=\"https:\/\/www.miomiorun.com\/app\/uploads\/2019\/12\/RUN-WILD-CANOTTIERA-TECNICA.jpg\" \/>\n\t<meta property=\"og:image:width\" content=\"600\" \/>\n\t<meta property=\"og:image:height\" content=\"600\" \/>\n\t<meta property=\"og:image:type\" content=\"image\/jpeg\" \/>\n<meta name=\"twitter:card\" content=\"summary_large_image\" \/>\n<meta name=\"twitter:label1\" content=\"Est. reading time\" \/>\n\t<meta name=\"twitter:data1\" content=\"1 minute\" \/>\n<script type=\"application\/ld+json\" class=\"yoast-schema-graph\">{\"@context\":\"https:\/\/schema.org\",\"@graph\":[{\"@type\":\"WebPage\",\"@id\":\"https:\/\/www.miomiorun.com\/es\/producto\/steve-p-canottiera-hombre\/\",\"url\":\"https:\/\/www.miomiorun.com\/es\/producto\/steve-p-canottiera-hombre\/\",\"name\":\"Wild TeeSteve P. Canottiera hombre - Camiseta sin mangas correr - MioMioRun\",\"isPartOf\":{\"@id\":\"https:\/\/www.miomiorun.com\/es\/#website\"},\"primaryImageOfPage\":{\"@id\":\"https:\/\/www.miomiorun.com\/es\/producto\/steve-p-canottiera-hombre\/#primaryimage\"},\"image\":{\"@id\":\"https:\/\/www.miomiorun.com\/es\/producto\/steve-p-canottiera-hombre\/#primaryimage\"},\"thumbnailUrl\":\"https:\/\/www.miomiorun.com\/app\/uploads\/2019\/12\/RUN-WILD-CANOTTIERA-TECNICA.jpg\",\"datePublished\":\"2023-11-03T17:33:25+00:00\",\"dateModified\":\"2026-05-07T09:28:47+00:00\",\"description\":\"Steve P.Tank es una camiseta t\u00e9cnica, ligera y transpirable. Confeccionada en tejido Micromesh, suave como la seda. Ideal para dar una vuelta por la pista.\",\"breadcrumb\":{\"@id\":\"https:\/\/www.miomiorun.com\/es\/producto\/steve-p-canottiera-hombre\/#breadcrumb\"},\"inLanguage\":\"es-ES\",\"potentialAction\":[{\"@type\":\"ReadAction\",\"target\":[\"https:\/\/www.miomiorun.com\/es\/producto\/steve-p-canottiera-hombre\/\"]}]},{\"@type\":\"ImageObject\",\"inLanguage\":\"es-ES\",\"@id\":\"https:\/\/www.miomiorun.com\/es\/producto\/steve-p-canottiera-hombre\/#primaryimage\",\"url\":\"https:\/\/www.miomiorun.com\/app\/uploads\/2019\/12\/RUN-WILD-CANOTTIERA-TECNICA.jpg\",\"contentUrl\":\"https:\/\/www.miomiorun.com\/app\/uploads\/2019\/12\/RUN-WILD-CANOTTIERA-TECNICA.jpg\",\"width\":600,\"height\":600,\"caption\":\"RUN-WILD-CANOTTIERA-TECNICA\"},{\"@type\":\"BreadcrumbList\",\"@id\":\"https:\/\/www.miomiorun.com\/es\/producto\/steve-p-canottiera-hombre\/#breadcrumb\",\"itemListElement\":[{\"@type\":\"ListItem\",\"position\":1,\"name\":\"Home\",\"item\":\"https:\/\/www.miomiorun.com\/es\/\"},{\"@type\":\"ListItem\",\"position\":2,\"name\":\"Shop\",\"item\":\"https:\/\/www.miomiorun.com\/shop\/\"},{\"@type\":\"ListItem\",\"position\":3,\"name\":\"Steve P. Canottiera hombre\"}]},{\"@type\":\"WebSite\",\"@id\":\"https:\/\/www.miomiorun.com\/es\/#website\",\"url\":\"https:\/\/www.miomiorun.com\/es\/\",\"name\":\"MioMioRun\",\"description\":\"Tienda 100% running y trail\",\"publisher\":{\"@id\":\"https:\/\/www.miomiorun.com\/es\/#organization\"},\"potentialAction\":[{\"@type\":\"SearchAction\",\"target\":{\"@type\":\"EntryPoint\",\"urlTemplate\":\"https:\/\/www.miomiorun.com\/es\/?s={search_term_string}\"},\"query-input\":{\"@type\":\"PropertyValueSpecification\",\"valueRequired\":true,\"valueName\":\"search_term_string\"}}],\"inLanguage\":\"es-ES\"},{\"@type\":\"Organization\",\"@id\":\"https:\/\/www.miomiorun.com\/es\/#organization\",\"name\":\"MioMio Run\",\"url\":\"https:\/\/www.miomiorun.com\/es\/\",\"logo\":{\"@type\":\"ImageObject\",\"inLanguage\":\"es-ES\",\"@id\":\"https:\/\/www.miomiorun.com\/es\/#\/schema\/logo\/image\/\",\"url\":\"https:\/\/www.miomiorun.com\/app\/uploads\/2019\/12\/logomio.png\",\"contentUrl\":\"https:\/\/www.miomiorun.com\/app\/uploads\/2019\/12\/logomio.png\",\"width\":115,\"height\":82,\"caption\":\"MioMio Run\"},\"image\":{\"@id\":\"https:\/\/www.miomiorun.com\/es\/#\/schema\/logo\/image\/\"},\"sameAs\":[\"https:\/\/www.facebook.com\/miomiorun\/\",\"https:\/\/www.instagram.com\/miomiorun\/\"]}]}<\/script>\n<!-- \/ Yoast SEO plugin. -->","yoast_head_json":{"title":"Wild TeeSteve P. Canottiera hombre - Camiseta sin mangas correr - MioMioRun","description":"Steve P.Tank es una camiseta t\u00e9cnica, ligera y transpirable. Confeccionada en tejido Micromesh, suave como la seda. Ideal para dar una vuelta por la pista.","robots":{"index":"index","follow":"follow","max-snippet":"max-snippet:-1","max-image-preview":"max-image-preview:large","max-video-preview":"max-video-preview:-1"},"canonical":"https:\/\/www.miomiorun.com\/es\/producto\/steve-p-canottiera-hombre\/","og_locale":"es_ES","og_type":"article","og_title":"Wild TeeSteve P. Canottiera hombre - Camiseta sin mangas correr - MioMioRun","og_description":"Steve P.Tank es una camiseta t\u00e9cnica, ligera y transpirable. Confeccionada en tejido Micromesh, suave como la seda. Ideal para dar una vuelta por la pista.","og_url":"https:\/\/www.miomiorun.com\/es\/producto\/steve-p-canottiera-hombre\/","og_site_name":"MioMioRun","article_publisher":"https:\/\/www.facebook.com\/miomiorun\/","article_modified_time":"2026-05-07T09:28:47+00:00","og_image":[{"width":600,"height":600,"url":"https:\/\/www.miomiorun.com\/app\/uploads\/2019\/12\/RUN-WILD-CANOTTIERA-TECNICA.jpg","type":"image\/jpeg"}],"twitter_card":"summary_large_image","twitter_misc":{"Est. reading time":"1 minute"},"schema":{"@context":"https:\/\/schema.org","@graph":[{"@type":"WebPage","@id":"https:\/\/www.miomiorun.com\/es\/producto\/steve-p-canottiera-hombre\/","url":"https:\/\/www.miomiorun.com\/es\/producto\/steve-p-canottiera-hombre\/","name":"Wild TeeSteve P. Canottiera hombre - Camiseta sin mangas correr - MioMioRun","isPartOf":{"@id":"https:\/\/www.miomiorun.com\/es\/#website"},"primaryImageOfPage":{"@id":"https:\/\/www.miomiorun.com\/es\/producto\/steve-p-canottiera-hombre\/#primaryimage"},"image":{"@id":"https:\/\/www.miomiorun.com\/es\/producto\/steve-p-canottiera-hombre\/#primaryimage"},"thumbnailUrl":"https:\/\/www.miomiorun.com\/app\/uploads\/2019\/12\/RUN-WILD-CANOTTIERA-TECNICA.jpg","datePublished":"2023-11-03T17:33:25+00:00","dateModified":"2026-05-07T09:28:47+00:00","description":"Steve P.Tank es una camiseta t\u00e9cnica, ligera y transpirable. Confeccionada en tejido Micromesh, suave como la seda. Ideal para dar una vuelta por la pista.","breadcrumb":{"@id":"https:\/\/www.miomiorun.com\/es\/producto\/steve-p-canottiera-hombre\/#breadcrumb"},"inLanguage":"es-ES","potentialAction":[{"@type":"ReadAction","target":["https:\/\/www.miomiorun.com\/es\/producto\/steve-p-canottiera-hombre\/"]}]},{"@type":"ImageObject","inLanguage":"es-ES","@id":"https:\/\/www.miomiorun.com\/es\/producto\/steve-p-canottiera-hombre\/#primaryimage","url":"https:\/\/www.miomiorun.com\/app\/uploads\/2019\/12\/RUN-WILD-CANOTTIERA-TECNICA.jpg","contentUrl":"https:\/\/www.miomiorun.com\/app\/uploads\/2019\/12\/RUN-WILD-CANOTTIERA-TECNICA.jpg","width":600,"height":600,"caption":"RUN-WILD-CANOTTIERA-TECNICA"},{"@type":"BreadcrumbList","@id":"https:\/\/www.miomiorun.com\/es\/producto\/steve-p-canottiera-hombre\/#breadcrumb","itemListElement":[{"@type":"ListItem","position":1,"name":"Home","item":"https:\/\/www.miomiorun.com\/es\/"},{"@type":"ListItem","position":2,"name":"Shop","item":"https:\/\/www.miomiorun.com\/shop\/"},{"@type":"ListItem","position":3,"name":"Steve P. Canottiera hombre"}]},{"@type":"WebSite","@id":"https:\/\/www.miomiorun.com\/es\/#website","url":"https:\/\/www.miomiorun.com\/es\/","name":"MioMioRun","description":"Tienda 100% running y trail","publisher":{"@id":"https:\/\/www.miomiorun.com\/es\/#organization"},"potentialAction":[{"@type":"SearchAction","target":{"@type":"EntryPoint","urlTemplate":"https:\/\/www.miomiorun.com\/es\/?s={search_term_string}"},"query-input":{"@type":"PropertyValueSpecification","valueRequired":true,"valueName":"search_term_string"}}],"inLanguage":"es-ES"},{"@type":"Organization","@id":"https:\/\/www.miomiorun.com\/es\/#organization","name":"MioMio Run","url":"https:\/\/www.miomiorun.com\/es\/","logo":{"@type":"ImageObject","inLanguage":"es-ES","@id":"https:\/\/www.miomiorun.com\/es\/#\/schema\/logo\/image\/","url":"https:\/\/www.miomiorun.com\/app\/uploads\/2019\/12\/logomio.png","contentUrl":"https:\/\/www.miomiorun.com\/app\/uploads\/2019\/12\/logomio.png","width":115,"height":82,"caption":"MioMio Run"},"image":{"@id":"https:\/\/www.miomiorun.com\/es\/#\/schema\/logo\/image\/"},"sameAs":["https:\/\/www.facebook.com\/miomiorun\/","https:\/\/www.instagram.com\/miomiorun\/"]}]}},"_links":{"self":[{"href":"https:\/\/www.miomiorun.com\/es\/wp-json\/wp\/v2\/product\/288232","targetHints":{"allow":["GET"]}}],"collection":[{"href":"https:\/\/www.miomiorun.com\/es\/wp-json\/wp\/v2\/product"}],"about":[{"href":"https:\/\/www.miomiorun.com\/es\/wp-json\/wp\/v2\/types\/product"}],"wp:featuredmedia":[{"embeddable":true,"href":"https:\/\/www.miomiorun.com\/es\/wp-json\/wp\/v2\/media\/229188"}],"wp:attachment":[{"href":"https:\/\/www.miomiorun.com\/es\/wp-json\/wp\/v2\/media?parent=288232"}],"wp:term":[{"taxonomy":"product_brand","embeddable":true,"href":"https:\/\/www.miomiorun.com\/es\/wp-json\/wp\/v2\/product_brand?post=288232"},{"taxonomy":"product_cat","embeddable":true,"href":"https:\/\/www.miomiorun.com\/es\/wp-json\/wp\/v2\/product_cat?post=288232"},{"taxonomy":"product_tag","embeddable":true,"href":"https:\/\/www.miomiorun.com\/es\/wp-json\/wp\/v2\/product_tag?post=288232"}],"curies":[{"name":"wp","href":"https:\/\/api.w.org\/{rel}","templated":true}]}}