{"id":288108,"date":"2023-11-08T17:02:03","date_gmt":"2023-11-08T16:02:03","guid":{"rendered":"https:\/\/miomiorun.com\/prodotto\/race-verde-acqua-maglietta-donna\/"},"modified":"2026-05-08T18:25:00","modified_gmt":"2026-05-08T16:25:00","slug":"race-verde-acqua-camiseta-mujer","status":"publish","type":"product","link":"https:\/\/www.miomiorun.com\/es\/producto\/race-verde-acqua-camiseta-mujer\/","title":{"rendered":"Race Verde Acqua Maglietta mujer"},"content":{"rendered":"<h3>Puro rendimiento. Tejido altamente t\u00e9cnico, reciclado y fabricado en Italia. Estructura de tejido 3D para una transpiraci\u00f3n excepcional del sudor. Nuevo corte ergon\u00f3mico. Colecci\u00f3n Race: para llevarte m\u00e1s all\u00e1 del l\u00edmite.<\/h3>\n<h3 class=\"title-description\">Caracter\u00edsticas<\/h3>\n<div>\n<ul>\n<li>La colecci\u00f3n Race representa, sin duda, los productos t\u00e9cnicamente m\u00e1s sofisticados de nuestra producci\u00f3n.<\/li>\n<li>Son los m\u00e1s ligeros y los m\u00e1s transpirables.<\/li>\n<li>Fabricados \u00edntegramente con tejido reciclado Made in Italy.<\/li>\n<li>Dise\u00f1ados para los retos m\u00e1s exigentes, da igual si es tu primera o tu cent\u00e9sima carrera. <\/li>\n<\/ul>\n<h3>Composici\u00f3n<\/h3>\n<div>93 % poli\u00e9ster reciclado, 7 % elastano reciclado<\/div>\n<\/div>\n<h3><\/h3>\n<h2><\/h2>\n<p>&nbsp;<\/p>\n","protected":false},"excerpt":{"rendered":"<ul>\n<li>Una de las camisetas m\u00e1s ligeras y transpirables.<\/li>\n<li>Ideal para cualquier entrenamiento<\/li>\n<\/ul>\n","protected":false},"featured_media":244369,"template":"","meta":{"_acf_changed":false,"inline_featured_image":false},"product_brand":[],"product_cat":[24226,24401,24402],"product_tag":[23527,23624],"class_list":{"0":"post-288108","1":"product","2":"type-product","3":"status-publish","4":"has-post-thumbnail","6":"product_cat-camiseta","7":"product_cat-ropa-de-mujer","8":"product_cat-mujer","9":"product_tag-wild-tee-es","10":"product_tag-wild-tee-mujer","11":"pa_attivita-caminar","12":"pa_attivita-running-es","13":"pa_attivita-trail-es","14":"pa_marca-wild-tee-es","15":"pa_sesso-mujer","16":"pa_size-extra-small-es","17":"pa_size-small-es","18":"pa_size-medium-es","19":"pa_size-large-es","21":"first","22":"instock","23":"sale","24":"taxable","25":"shipping-taxable","26":"purchasable","27":"product-type-variable","28":"wvs-archive-product-wrapper"},"acf":[],"yoast_head":"<!-- This site is optimized with the Yoast SEO plugin v26.8 - https:\/\/yoast.com\/product\/yoast-seo-wordpress\/ -->\n<title>Wild TeeRace Verde Acqua Maglietta mujer - camiseta - MioMioRun<\/title>\n<meta name=\"description\" content=\"La colecci\u00f3n Race representa, sin lugar a dudas, los productos m\u00e1s sofisticados t\u00e9cnicamente de nuestra gama. Son los m\u00e1s ligeros y los m\u00e1s transpirables\" \/>\n<meta name=\"robots\" content=\"index, follow, max-snippet:-1, max-image-preview:large, max-video-preview:-1\" \/>\n<link rel=\"canonical\" href=\"https:\/\/www.miomiorun.com\/es\/producto\/race-verde-acqua-camiseta-mujer\/\" \/>\n<meta property=\"og:locale\" content=\"es_ES\" \/>\n<meta property=\"og:type\" content=\"article\" \/>\n<meta property=\"og:title\" content=\"Wild TeeRace Verde Acqua Maglietta mujer - camiseta - MioMioRun\" \/>\n<meta property=\"og:description\" content=\"La colecci\u00f3n Race representa, sin lugar a dudas, los productos m\u00e1s sofisticados t\u00e9cnicamente de nuestra gama. Son los m\u00e1s ligeros y los m\u00e1s transpirables\" \/>\n<meta property=\"og:url\" content=\"https:\/\/www.miomiorun.com\/es\/producto\/race-verde-acqua-camiseta-mujer\/\" \/>\n<meta property=\"og:site_name\" content=\"MioMioRun\" \/>\n<meta property=\"article:publisher\" content=\"https:\/\/www.facebook.com\/miomiorun\/\" \/>\n<meta property=\"article:modified_time\" content=\"2026-05-08T16:25:00+00:00\" \/>\n<meta property=\"og:image\" content=\"https:\/\/www.miomiorun.com\/app\/uploads\/2023\/11\/wild-tee-race-verde-acqua-maglietta-donna-WT013WT159.jpg\" \/>\n\t<meta property=\"og:image:width\" content=\"600\" \/>\n\t<meta property=\"og:image:height\" content=\"600\" \/>\n\t<meta property=\"og:image:type\" content=\"image\/jpeg\" \/>\n<meta name=\"twitter:card\" content=\"summary_large_image\" \/>\n<meta name=\"twitter:label1\" content=\"Est. reading time\" \/>\n\t<meta name=\"twitter:data1\" content=\"1 minute\" \/>\n<script type=\"application\/ld+json\" class=\"yoast-schema-graph\">{\"@context\":\"https:\/\/schema.org\",\"@graph\":[{\"@type\":\"WebPage\",\"@id\":\"https:\/\/www.miomiorun.com\/es\/producto\/race-verde-acqua-camiseta-mujer\/\",\"url\":\"https:\/\/www.miomiorun.com\/es\/producto\/race-verde-acqua-camiseta-mujer\/\",\"name\":\"Wild TeeRace Verde Acqua Maglietta mujer - camiseta - MioMioRun\",\"isPartOf\":{\"@id\":\"https:\/\/www.miomiorun.com\/es\/#website\"},\"primaryImageOfPage\":{\"@id\":\"https:\/\/www.miomiorun.com\/es\/producto\/race-verde-acqua-camiseta-mujer\/#primaryimage\"},\"image\":{\"@id\":\"https:\/\/www.miomiorun.com\/es\/producto\/race-verde-acqua-camiseta-mujer\/#primaryimage\"},\"thumbnailUrl\":\"https:\/\/www.miomiorun.com\/app\/uploads\/2023\/11\/wild-tee-race-verde-acqua-maglietta-donna-WT013WT159.jpg\",\"datePublished\":\"2023-11-08T16:02:03+00:00\",\"dateModified\":\"2026-05-08T16:25:00+00:00\",\"description\":\"La colecci\u00f3n Race representa, sin lugar a dudas, los productos m\u00e1s sofisticados t\u00e9cnicamente de nuestra gama. Son los m\u00e1s ligeros y los m\u00e1s transpirables\",\"breadcrumb\":{\"@id\":\"https:\/\/www.miomiorun.com\/es\/producto\/race-verde-acqua-camiseta-mujer\/#breadcrumb\"},\"inLanguage\":\"es-ES\",\"potentialAction\":[{\"@type\":\"ReadAction\",\"target\":[\"https:\/\/www.miomiorun.com\/es\/producto\/race-verde-acqua-camiseta-mujer\/\"]}]},{\"@type\":\"ImageObject\",\"inLanguage\":\"es-ES\",\"@id\":\"https:\/\/www.miomiorun.com\/es\/producto\/race-verde-acqua-camiseta-mujer\/#primaryimage\",\"url\":\"https:\/\/www.miomiorun.com\/app\/uploads\/2023\/11\/wild-tee-race-verde-acqua-maglietta-donna-WT013WT159.jpg\",\"contentUrl\":\"https:\/\/www.miomiorun.com\/app\/uploads\/2023\/11\/wild-tee-race-verde-acqua-maglietta-donna-WT013WT159.jpg\",\"width\":600,\"height\":600,\"caption\":\"wild-tee-race-verde-acqua-maglietta-donna-WT013WT159\"},{\"@type\":\"BreadcrumbList\",\"@id\":\"https:\/\/www.miomiorun.com\/es\/producto\/race-verde-acqua-camiseta-mujer\/#breadcrumb\",\"itemListElement\":[{\"@type\":\"ListItem\",\"position\":1,\"name\":\"Home\",\"item\":\"https:\/\/www.miomiorun.com\/es\/\"},{\"@type\":\"ListItem\",\"position\":2,\"name\":\"Shop\",\"item\":\"https:\/\/www.miomiorun.com\/shop\/\"},{\"@type\":\"ListItem\",\"position\":3,\"name\":\"Race Verde Acqua Maglietta mujer\"}]},{\"@type\":\"WebSite\",\"@id\":\"https:\/\/www.miomiorun.com\/es\/#website\",\"url\":\"https:\/\/www.miomiorun.com\/es\/\",\"name\":\"MioMioRun\",\"description\":\"Tienda 100% running y trail\",\"publisher\":{\"@id\":\"https:\/\/www.miomiorun.com\/es\/#organization\"},\"potentialAction\":[{\"@type\":\"SearchAction\",\"target\":{\"@type\":\"EntryPoint\",\"urlTemplate\":\"https:\/\/www.miomiorun.com\/es\/?s={search_term_string}\"},\"query-input\":{\"@type\":\"PropertyValueSpecification\",\"valueRequired\":true,\"valueName\":\"search_term_string\"}}],\"inLanguage\":\"es-ES\"},{\"@type\":\"Organization\",\"@id\":\"https:\/\/www.miomiorun.com\/es\/#organization\",\"name\":\"MioMio Run\",\"url\":\"https:\/\/www.miomiorun.com\/es\/\",\"logo\":{\"@type\":\"ImageObject\",\"inLanguage\":\"es-ES\",\"@id\":\"https:\/\/www.miomiorun.com\/es\/#\/schema\/logo\/image\/\",\"url\":\"https:\/\/www.miomiorun.com\/app\/uploads\/2019\/12\/logomio.png\",\"contentUrl\":\"https:\/\/www.miomiorun.com\/app\/uploads\/2019\/12\/logomio.png\",\"width\":115,\"height\":82,\"caption\":\"MioMio Run\"},\"image\":{\"@id\":\"https:\/\/www.miomiorun.com\/es\/#\/schema\/logo\/image\/\"},\"sameAs\":[\"https:\/\/www.facebook.com\/miomiorun\/\",\"https:\/\/www.instagram.com\/miomiorun\/\"]}]}<\/script>\n<!-- \/ Yoast SEO plugin. -->","yoast_head_json":{"title":"Wild TeeRace Verde Acqua Maglietta mujer - camiseta - MioMioRun","description":"La colecci\u00f3n Race representa, sin lugar a dudas, los productos m\u00e1s sofisticados t\u00e9cnicamente de nuestra gama. Son los m\u00e1s ligeros y los m\u00e1s transpirables","robots":{"index":"index","follow":"follow","max-snippet":"max-snippet:-1","max-image-preview":"max-image-preview:large","max-video-preview":"max-video-preview:-1"},"canonical":"https:\/\/www.miomiorun.com\/es\/producto\/race-verde-acqua-camiseta-mujer\/","og_locale":"es_ES","og_type":"article","og_title":"Wild TeeRace Verde Acqua Maglietta mujer - camiseta - MioMioRun","og_description":"La colecci\u00f3n Race representa, sin lugar a dudas, los productos m\u00e1s sofisticados t\u00e9cnicamente de nuestra gama. Son los m\u00e1s ligeros y los m\u00e1s transpirables","og_url":"https:\/\/www.miomiorun.com\/es\/producto\/race-verde-acqua-camiseta-mujer\/","og_site_name":"MioMioRun","article_publisher":"https:\/\/www.facebook.com\/miomiorun\/","article_modified_time":"2026-05-08T16:25:00+00:00","og_image":[{"width":600,"height":600,"url":"https:\/\/www.miomiorun.com\/app\/uploads\/2023\/11\/wild-tee-race-verde-acqua-maglietta-donna-WT013WT159.jpg","type":"image\/jpeg"}],"twitter_card":"summary_large_image","twitter_misc":{"Est. reading time":"1 minute"},"schema":{"@context":"https:\/\/schema.org","@graph":[{"@type":"WebPage","@id":"https:\/\/www.miomiorun.com\/es\/producto\/race-verde-acqua-camiseta-mujer\/","url":"https:\/\/www.miomiorun.com\/es\/producto\/race-verde-acqua-camiseta-mujer\/","name":"Wild TeeRace Verde Acqua Maglietta mujer - camiseta - MioMioRun","isPartOf":{"@id":"https:\/\/www.miomiorun.com\/es\/#website"},"primaryImageOfPage":{"@id":"https:\/\/www.miomiorun.com\/es\/producto\/race-verde-acqua-camiseta-mujer\/#primaryimage"},"image":{"@id":"https:\/\/www.miomiorun.com\/es\/producto\/race-verde-acqua-camiseta-mujer\/#primaryimage"},"thumbnailUrl":"https:\/\/www.miomiorun.com\/app\/uploads\/2023\/11\/wild-tee-race-verde-acqua-maglietta-donna-WT013WT159.jpg","datePublished":"2023-11-08T16:02:03+00:00","dateModified":"2026-05-08T16:25:00+00:00","description":"La colecci\u00f3n Race representa, sin lugar a dudas, los productos m\u00e1s sofisticados t\u00e9cnicamente de nuestra gama. Son los m\u00e1s ligeros y los m\u00e1s transpirables","breadcrumb":{"@id":"https:\/\/www.miomiorun.com\/es\/producto\/race-verde-acqua-camiseta-mujer\/#breadcrumb"},"inLanguage":"es-ES","potentialAction":[{"@type":"ReadAction","target":["https:\/\/www.miomiorun.com\/es\/producto\/race-verde-acqua-camiseta-mujer\/"]}]},{"@type":"ImageObject","inLanguage":"es-ES","@id":"https:\/\/www.miomiorun.com\/es\/producto\/race-verde-acqua-camiseta-mujer\/#primaryimage","url":"https:\/\/www.miomiorun.com\/app\/uploads\/2023\/11\/wild-tee-race-verde-acqua-maglietta-donna-WT013WT159.jpg","contentUrl":"https:\/\/www.miomiorun.com\/app\/uploads\/2023\/11\/wild-tee-race-verde-acqua-maglietta-donna-WT013WT159.jpg","width":600,"height":600,"caption":"wild-tee-race-verde-acqua-maglietta-donna-WT013WT159"},{"@type":"BreadcrumbList","@id":"https:\/\/www.miomiorun.com\/es\/producto\/race-verde-acqua-camiseta-mujer\/#breadcrumb","itemListElement":[{"@type":"ListItem","position":1,"name":"Home","item":"https:\/\/www.miomiorun.com\/es\/"},{"@type":"ListItem","position":2,"name":"Shop","item":"https:\/\/www.miomiorun.com\/shop\/"},{"@type":"ListItem","position":3,"name":"Race Verde Acqua Maglietta mujer"}]},{"@type":"WebSite","@id":"https:\/\/www.miomiorun.com\/es\/#website","url":"https:\/\/www.miomiorun.com\/es\/","name":"MioMioRun","description":"Tienda 100% running y trail","publisher":{"@id":"https:\/\/www.miomiorun.com\/es\/#organization"},"potentialAction":[{"@type":"SearchAction","target":{"@type":"EntryPoint","urlTemplate":"https:\/\/www.miomiorun.com\/es\/?s={search_term_string}"},"query-input":{"@type":"PropertyValueSpecification","valueRequired":true,"valueName":"search_term_string"}}],"inLanguage":"es-ES"},{"@type":"Organization","@id":"https:\/\/www.miomiorun.com\/es\/#organization","name":"MioMio Run","url":"https:\/\/www.miomiorun.com\/es\/","logo":{"@type":"ImageObject","inLanguage":"es-ES","@id":"https:\/\/www.miomiorun.com\/es\/#\/schema\/logo\/image\/","url":"https:\/\/www.miomiorun.com\/app\/uploads\/2019\/12\/logomio.png","contentUrl":"https:\/\/www.miomiorun.com\/app\/uploads\/2019\/12\/logomio.png","width":115,"height":82,"caption":"MioMio Run"},"image":{"@id":"https:\/\/www.miomiorun.com\/es\/#\/schema\/logo\/image\/"},"sameAs":["https:\/\/www.facebook.com\/miomiorun\/","https:\/\/www.instagram.com\/miomiorun\/"]}]}},"_links":{"self":[{"href":"https:\/\/www.miomiorun.com\/es\/wp-json\/wp\/v2\/product\/288108","targetHints":{"allow":["GET"]}}],"collection":[{"href":"https:\/\/www.miomiorun.com\/es\/wp-json\/wp\/v2\/product"}],"about":[{"href":"https:\/\/www.miomiorun.com\/es\/wp-json\/wp\/v2\/types\/product"}],"wp:featuredmedia":[{"embeddable":true,"href":"https:\/\/www.miomiorun.com\/es\/wp-json\/wp\/v2\/media\/244369"}],"wp:attachment":[{"href":"https:\/\/www.miomiorun.com\/es\/wp-json\/wp\/v2\/media?parent=288108"}],"wp:term":[{"taxonomy":"product_brand","embeddable":true,"href":"https:\/\/www.miomiorun.com\/es\/wp-json\/wp\/v2\/product_brand?post=288108"},{"taxonomy":"product_cat","embeddable":true,"href":"https:\/\/www.miomiorun.com\/es\/wp-json\/wp\/v2\/product_cat?post=288108"},{"taxonomy":"product_tag","embeddable":true,"href":"https:\/\/www.miomiorun.com\/es\/wp-json\/wp\/v2\/product_tag?post=288108"}],"curies":[{"name":"wp","href":"https:\/\/api.w.org\/{rel}","templated":true}]}}