{"id":288065,"date":"2023-11-09T14:06:20","date_gmt":"2023-11-09T13:06:20","guid":{"rendered":"https:\/\/miomiorun.com\/prodotto\/orchidea-canottiera-donna\/"},"modified":"2026-05-07T11:53:25","modified_gmt":"2026-05-07T09:53:25","slug":"orchidea-camiseta-sin-mangas-mujer","status":"publish","type":"product","link":"https:\/\/www.miomiorun.com\/es\/producto\/orchidea-camiseta-sin-mangas-mujer\/","title":{"rendered":"Orchidea camiseta sin mangas mujer"},"content":{"rendered":"<h2>Partimos de un lienzo en blanco y unos cuantos p\u00e9talos de orqu\u00eddea. El resultado es una explosi\u00f3n de colores que recoge todos los matices de esta flor en una textura m\u00e1gica que irradia a la vez delicadeza y energ\u00eda. No pod\u00edan faltar nuestro logotipo y un estampado geom\u00e9trico para completar la composici\u00f3n.<\/h2>\n<div class=\"description-product\">\n<h3 class=\"title-description\">Caracter\u00edsticas<\/h3>\n<div>\n<ul>\n<li>Camiseta sin mangas t\u00e9cnica, ligera y transpirable.<\/li>\n<li>Confeccionada en tejido Micromesh, suave como la seda.<\/li>\n<li>Perfecta para la monta\u00f1a o para tomar un aperitivo con los amigos.<\/li>\n<li>Su gramaje la hace ideal tambi\u00e9n para carreras de trail y ultratrail: transpirable para los momentos m\u00e1s calurosos, con la cobertura suficiente cuando hace fresco.<\/li>\n<li>El estampado del dise\u00f1o se realiza mediante sublimaci\u00f3n: no se deteriora ni se decolora.<\/li>\n<\/ul>\n<div class=\"istruzioni\">\n<h3>Instrucciones de lavado<\/h3>\n<div>\n<p>Los productos Wild Tee est\u00e1n hechos para durar, y su cuidado es muy sencillo: lavar del rev\u00e9s, en lavadora, con un programa para prendas deportivas, sin suavizante, a una temperatura m\u00e1xima de 40 \u00b0C, y secar al aire.<\/p>\n<div class=\"tab-composizione \">\n<h3>Composici\u00f3n<\/h3>\n<div>100 % PES con estampado por sublimaci\u00f3n total.<\/div>\n<\/div>\n<\/div>\n<\/div>\n<\/div>\n<\/div>\n","protected":false},"excerpt":{"rendered":"<ul>\n<li>Camiseta sin mangas superligera<\/li>\n<li>Perfecta para la monta\u00f1a<\/li>\n<\/ul>\n","protected":false},"featured_media":244377,"template":"","meta":{"_acf_changed":false,"inline_featured_image":false},"product_brand":[],"product_cat":[24399,24401,24402],"product_tag":[23527,23624],"class_list":{"0":"post-288065","1":"product","2":"type-product","3":"status-publish","4":"has-post-thumbnail","6":"product_cat-chalecos","7":"product_cat-ropa-de-mujer","8":"product_cat-mujer","9":"product_tag-wild-tee-es","10":"product_tag-wild-tee-mujer","11":"pa_attivita-caminar","12":"pa_attivita-running-es","13":"pa_attivita-trail-es","14":"pa_marca-wild-tee-es","15":"pa_sesso-mujer","16":"pa_size-extra-small-es","17":"pa_size-medium-es","19":"first","20":"instock","21":"sale","22":"taxable","23":"shipping-taxable","24":"purchasable","25":"product-type-variable","26":"wvs-archive-product-wrapper"},"acf":[],"yoast_head":"<!-- This site is optimized with the Yoast SEO plugin v26.8 - https:\/\/yoast.com\/product\/yoast-seo-wordpress\/ -->\n<title>Wild TeeOrchidea camiseta sin mangas mujer - correr - MioMioRun<\/title>\n<meta name=\"description\" content=\"T\u00e9cnica, ligera y transpirable. Confeccionada en tejido Micromesh, suave como la seda. Perfecta para la monta\u00f1a o para tomar un aperitivo con los amigos.\" \/>\n<meta name=\"robots\" content=\"index, follow, max-snippet:-1, max-image-preview:large, max-video-preview:-1\" \/>\n<link rel=\"canonical\" href=\"https:\/\/www.miomiorun.com\/es\/producto\/orchidea-camiseta-sin-mangas-mujer\/\" \/>\n<meta property=\"og:locale\" content=\"es_ES\" \/>\n<meta property=\"og:type\" content=\"article\" \/>\n<meta property=\"og:title\" content=\"Wild TeeOrchidea camiseta sin mangas mujer - correr - MioMioRun\" \/>\n<meta property=\"og:description\" content=\"T\u00e9cnica, ligera y transpirable. Confeccionada en tejido Micromesh, suave como la seda. Perfecta para la monta\u00f1a o para tomar un aperitivo con los amigos.\" \/>\n<meta property=\"og:url\" content=\"https:\/\/www.miomiorun.com\/es\/producto\/orchidea-camiseta-sin-mangas-mujer\/\" \/>\n<meta property=\"og:site_name\" content=\"MioMioRun\" \/>\n<meta property=\"article:publisher\" content=\"https:\/\/www.facebook.com\/miomiorun\/\" \/>\n<meta property=\"article:modified_time\" content=\"2026-05-07T09:53:25+00:00\" \/>\n<meta property=\"og:image\" content=\"https:\/\/www.miomiorun.com\/app\/uploads\/2023\/11\/wild-tee-orchidea-canotta-donna-WT019WT156.jpg\" \/>\n\t<meta property=\"og:image:width\" content=\"600\" \/>\n\t<meta property=\"og:image:height\" content=\"600\" \/>\n\t<meta property=\"og:image:type\" content=\"image\/jpeg\" \/>\n<meta name=\"twitter:card\" content=\"summary_large_image\" \/>\n<meta name=\"twitter:label1\" content=\"Est. reading time\" \/>\n\t<meta name=\"twitter:data1\" content=\"1 minute\" \/>\n<script type=\"application\/ld+json\" class=\"yoast-schema-graph\">{\"@context\":\"https:\/\/schema.org\",\"@graph\":[{\"@type\":\"WebPage\",\"@id\":\"https:\/\/www.miomiorun.com\/es\/producto\/orchidea-camiseta-sin-mangas-mujer\/\",\"url\":\"https:\/\/www.miomiorun.com\/es\/producto\/orchidea-camiseta-sin-mangas-mujer\/\",\"name\":\"Wild TeeOrchidea camiseta sin mangas mujer - correr - MioMioRun\",\"isPartOf\":{\"@id\":\"https:\/\/www.miomiorun.com\/es\/#website\"},\"primaryImageOfPage\":{\"@id\":\"https:\/\/www.miomiorun.com\/es\/producto\/orchidea-camiseta-sin-mangas-mujer\/#primaryimage\"},\"image\":{\"@id\":\"https:\/\/www.miomiorun.com\/es\/producto\/orchidea-camiseta-sin-mangas-mujer\/#primaryimage\"},\"thumbnailUrl\":\"https:\/\/www.miomiorun.com\/app\/uploads\/2023\/11\/wild-tee-orchidea-canotta-donna-WT019WT156.jpg\",\"datePublished\":\"2023-11-09T13:06:20+00:00\",\"dateModified\":\"2026-05-07T09:53:25+00:00\",\"description\":\"T\u00e9cnica, ligera y transpirable. Confeccionada en tejido Micromesh, suave como la seda. Perfecta para la monta\u00f1a o para tomar un aperitivo con los amigos.\",\"breadcrumb\":{\"@id\":\"https:\/\/www.miomiorun.com\/es\/producto\/orchidea-camiseta-sin-mangas-mujer\/#breadcrumb\"},\"inLanguage\":\"es-ES\",\"potentialAction\":[{\"@type\":\"ReadAction\",\"target\":[\"https:\/\/www.miomiorun.com\/es\/producto\/orchidea-camiseta-sin-mangas-mujer\/\"]}]},{\"@type\":\"ImageObject\",\"inLanguage\":\"es-ES\",\"@id\":\"https:\/\/www.miomiorun.com\/es\/producto\/orchidea-camiseta-sin-mangas-mujer\/#primaryimage\",\"url\":\"https:\/\/www.miomiorun.com\/app\/uploads\/2023\/11\/wild-tee-orchidea-canotta-donna-WT019WT156.jpg\",\"contentUrl\":\"https:\/\/www.miomiorun.com\/app\/uploads\/2023\/11\/wild-tee-orchidea-canotta-donna-WT019WT156.jpg\",\"width\":600,\"height\":600,\"caption\":\"wild-tee-orchidea-canotta-donna-WT019WT156\"},{\"@type\":\"BreadcrumbList\",\"@id\":\"https:\/\/www.miomiorun.com\/es\/producto\/orchidea-camiseta-sin-mangas-mujer\/#breadcrumb\",\"itemListElement\":[{\"@type\":\"ListItem\",\"position\":1,\"name\":\"Home\",\"item\":\"https:\/\/www.miomiorun.com\/es\/\"},{\"@type\":\"ListItem\",\"position\":2,\"name\":\"Shop\",\"item\":\"https:\/\/www.miomiorun.com\/shop\/\"},{\"@type\":\"ListItem\",\"position\":3,\"name\":\"Orchidea camiseta sin mangas mujer\"}]},{\"@type\":\"WebSite\",\"@id\":\"https:\/\/www.miomiorun.com\/es\/#website\",\"url\":\"https:\/\/www.miomiorun.com\/es\/\",\"name\":\"MioMioRun\",\"description\":\"Tienda 100% running y trail\",\"publisher\":{\"@id\":\"https:\/\/www.miomiorun.com\/es\/#organization\"},\"potentialAction\":[{\"@type\":\"SearchAction\",\"target\":{\"@type\":\"EntryPoint\",\"urlTemplate\":\"https:\/\/www.miomiorun.com\/es\/?s={search_term_string}\"},\"query-input\":{\"@type\":\"PropertyValueSpecification\",\"valueRequired\":true,\"valueName\":\"search_term_string\"}}],\"inLanguage\":\"es-ES\"},{\"@type\":\"Organization\",\"@id\":\"https:\/\/www.miomiorun.com\/es\/#organization\",\"name\":\"MioMio Run\",\"url\":\"https:\/\/www.miomiorun.com\/es\/\",\"logo\":{\"@type\":\"ImageObject\",\"inLanguage\":\"es-ES\",\"@id\":\"https:\/\/www.miomiorun.com\/es\/#\/schema\/logo\/image\/\",\"url\":\"https:\/\/www.miomiorun.com\/app\/uploads\/2019\/12\/logomio.png\",\"contentUrl\":\"https:\/\/www.miomiorun.com\/app\/uploads\/2019\/12\/logomio.png\",\"width\":115,\"height\":82,\"caption\":\"MioMio Run\"},\"image\":{\"@id\":\"https:\/\/www.miomiorun.com\/es\/#\/schema\/logo\/image\/\"},\"sameAs\":[\"https:\/\/www.facebook.com\/miomiorun\/\",\"https:\/\/www.instagram.com\/miomiorun\/\"]}]}<\/script>\n<!-- \/ Yoast SEO plugin. -->","yoast_head_json":{"title":"Wild TeeOrchidea camiseta sin mangas mujer - correr - MioMioRun","description":"T\u00e9cnica, ligera y transpirable. Confeccionada en tejido Micromesh, suave como la seda. Perfecta para la monta\u00f1a o para tomar un aperitivo con los amigos.","robots":{"index":"index","follow":"follow","max-snippet":"max-snippet:-1","max-image-preview":"max-image-preview:large","max-video-preview":"max-video-preview:-1"},"canonical":"https:\/\/www.miomiorun.com\/es\/producto\/orchidea-camiseta-sin-mangas-mujer\/","og_locale":"es_ES","og_type":"article","og_title":"Wild TeeOrchidea camiseta sin mangas mujer - correr - MioMioRun","og_description":"T\u00e9cnica, ligera y transpirable. Confeccionada en tejido Micromesh, suave como la seda. Perfecta para la monta\u00f1a o para tomar un aperitivo con los amigos.","og_url":"https:\/\/www.miomiorun.com\/es\/producto\/orchidea-camiseta-sin-mangas-mujer\/","og_site_name":"MioMioRun","article_publisher":"https:\/\/www.facebook.com\/miomiorun\/","article_modified_time":"2026-05-07T09:53:25+00:00","og_image":[{"width":600,"height":600,"url":"https:\/\/www.miomiorun.com\/app\/uploads\/2023\/11\/wild-tee-orchidea-canotta-donna-WT019WT156.jpg","type":"image\/jpeg"}],"twitter_card":"summary_large_image","twitter_misc":{"Est. reading time":"1 minute"},"schema":{"@context":"https:\/\/schema.org","@graph":[{"@type":"WebPage","@id":"https:\/\/www.miomiorun.com\/es\/producto\/orchidea-camiseta-sin-mangas-mujer\/","url":"https:\/\/www.miomiorun.com\/es\/producto\/orchidea-camiseta-sin-mangas-mujer\/","name":"Wild TeeOrchidea camiseta sin mangas mujer - correr - MioMioRun","isPartOf":{"@id":"https:\/\/www.miomiorun.com\/es\/#website"},"primaryImageOfPage":{"@id":"https:\/\/www.miomiorun.com\/es\/producto\/orchidea-camiseta-sin-mangas-mujer\/#primaryimage"},"image":{"@id":"https:\/\/www.miomiorun.com\/es\/producto\/orchidea-camiseta-sin-mangas-mujer\/#primaryimage"},"thumbnailUrl":"https:\/\/www.miomiorun.com\/app\/uploads\/2023\/11\/wild-tee-orchidea-canotta-donna-WT019WT156.jpg","datePublished":"2023-11-09T13:06:20+00:00","dateModified":"2026-05-07T09:53:25+00:00","description":"T\u00e9cnica, ligera y transpirable. Confeccionada en tejido Micromesh, suave como la seda. Perfecta para la monta\u00f1a o para tomar un aperitivo con los amigos.","breadcrumb":{"@id":"https:\/\/www.miomiorun.com\/es\/producto\/orchidea-camiseta-sin-mangas-mujer\/#breadcrumb"},"inLanguage":"es-ES","potentialAction":[{"@type":"ReadAction","target":["https:\/\/www.miomiorun.com\/es\/producto\/orchidea-camiseta-sin-mangas-mujer\/"]}]},{"@type":"ImageObject","inLanguage":"es-ES","@id":"https:\/\/www.miomiorun.com\/es\/producto\/orchidea-camiseta-sin-mangas-mujer\/#primaryimage","url":"https:\/\/www.miomiorun.com\/app\/uploads\/2023\/11\/wild-tee-orchidea-canotta-donna-WT019WT156.jpg","contentUrl":"https:\/\/www.miomiorun.com\/app\/uploads\/2023\/11\/wild-tee-orchidea-canotta-donna-WT019WT156.jpg","width":600,"height":600,"caption":"wild-tee-orchidea-canotta-donna-WT019WT156"},{"@type":"BreadcrumbList","@id":"https:\/\/www.miomiorun.com\/es\/producto\/orchidea-camiseta-sin-mangas-mujer\/#breadcrumb","itemListElement":[{"@type":"ListItem","position":1,"name":"Home","item":"https:\/\/www.miomiorun.com\/es\/"},{"@type":"ListItem","position":2,"name":"Shop","item":"https:\/\/www.miomiorun.com\/shop\/"},{"@type":"ListItem","position":3,"name":"Orchidea camiseta sin mangas mujer"}]},{"@type":"WebSite","@id":"https:\/\/www.miomiorun.com\/es\/#website","url":"https:\/\/www.miomiorun.com\/es\/","name":"MioMioRun","description":"Tienda 100% running y trail","publisher":{"@id":"https:\/\/www.miomiorun.com\/es\/#organization"},"potentialAction":[{"@type":"SearchAction","target":{"@type":"EntryPoint","urlTemplate":"https:\/\/www.miomiorun.com\/es\/?s={search_term_string}"},"query-input":{"@type":"PropertyValueSpecification","valueRequired":true,"valueName":"search_term_string"}}],"inLanguage":"es-ES"},{"@type":"Organization","@id":"https:\/\/www.miomiorun.com\/es\/#organization","name":"MioMio Run","url":"https:\/\/www.miomiorun.com\/es\/","logo":{"@type":"ImageObject","inLanguage":"es-ES","@id":"https:\/\/www.miomiorun.com\/es\/#\/schema\/logo\/image\/","url":"https:\/\/www.miomiorun.com\/app\/uploads\/2019\/12\/logomio.png","contentUrl":"https:\/\/www.miomiorun.com\/app\/uploads\/2019\/12\/logomio.png","width":115,"height":82,"caption":"MioMio Run"},"image":{"@id":"https:\/\/www.miomiorun.com\/es\/#\/schema\/logo\/image\/"},"sameAs":["https:\/\/www.facebook.com\/miomiorun\/","https:\/\/www.instagram.com\/miomiorun\/"]}]}},"_links":{"self":[{"href":"https:\/\/www.miomiorun.com\/es\/wp-json\/wp\/v2\/product\/288065","targetHints":{"allow":["GET"]}}],"collection":[{"href":"https:\/\/www.miomiorun.com\/es\/wp-json\/wp\/v2\/product"}],"about":[{"href":"https:\/\/www.miomiorun.com\/es\/wp-json\/wp\/v2\/types\/product"}],"wp:featuredmedia":[{"embeddable":true,"href":"https:\/\/www.miomiorun.com\/es\/wp-json\/wp\/v2\/media\/244377"}],"wp:attachment":[{"href":"https:\/\/www.miomiorun.com\/es\/wp-json\/wp\/v2\/media?parent=288065"}],"wp:term":[{"taxonomy":"product_brand","embeddable":true,"href":"https:\/\/www.miomiorun.com\/es\/wp-json\/wp\/v2\/product_brand?post=288065"},{"taxonomy":"product_cat","embeddable":true,"href":"https:\/\/www.miomiorun.com\/es\/wp-json\/wp\/v2\/product_cat?post=288065"},{"taxonomy":"product_tag","embeddable":true,"href":"https:\/\/www.miomiorun.com\/es\/wp-json\/wp\/v2\/product_tag?post=288065"}],"curies":[{"name":"wp","href":"https:\/\/api.w.org\/{rel}","templated":true}]}}