{"id":288044,"date":"2023-11-09T15:25:17","date_gmt":"2023-11-09T14:25:17","guid":{"rendered":"https:\/\/miomiorun.com\/prodotto\/cappello-endurance-led\/"},"modified":"2026-02-25T11:11:30","modified_gmt":"2026-02-25T10:11:30","slug":"gorra-endurance-led","status":"publish","type":"product","link":"https:\/\/www.miomiorun.com\/es\/producto\/gorra-endurance-led\/","title":{"rendered":"Gorra Endurance LED"},"content":{"rendered":"<div class=\"description-product\">\n<div>\n<p class=\"\" data-start=\"122\" data-end=\"537\">Desde hace m\u00e1s de cinco a\u00f1os, la gorra Endurance LED es la compa\u00f1era m\u00e1s fiel en cualquier aventura: ultraligera, compacta y siempre lista para acompa\u00f1arte a cualquier parte. Esta nueva versi\u00f3n destaca por su color LED degradado de morado a azul y por sus gr\u00e1ficos inspirados en las profundidades del bosque. Un accesorio esencial para quienes viven el running con estilo y funcionalidad, dise\u00f1ado para ofrecer comodidad, transpirabilidad y practicidad en cualquier condici\u00f3n. <\/p>\n<p class=\"\" data-start=\"539\" data-end=\"570\"><strong data-start=\"539\" data-end=\"570\">Caracter\u00edsticas principales:<\/strong><\/p>\n<ul data-start=\"571\" data-end=\"1000\">\n<li class=\"\" data-start=\"571\" data-end=\"640\">\n<p class=\"\" data-start=\"573\" data-end=\"640\">Cierre trasero ajustable para un ajuste personalizado<\/p>\n<\/li>\n<li class=\"\" data-start=\"641\" data-end=\"703\">\n<p class=\"\" data-start=\"643\" data-end=\"703\">Visera flexible acolchada, perfecta para una comodidad m\u00e1xima<\/p>\n<\/li>\n<li class=\"\" data-start=\"704\" data-end=\"766\">\n<p class=\"\" data-start=\"706\" data-end=\"766\">Paneles frontales y superiores estampados con gr\u00e1ficos Foresta<\/p>\n<\/li>\n<li class=\"\" data-start=\"767\" data-end=\"844\">\n<p class=\"\" data-start=\"769\" data-end=\"844\">Paneles laterales de malla gris transpirable, con logotipos Wild Tee bordados<\/p>\n<\/li>\n<li class=\"\" data-start=\"845\" data-end=\"875\">\n<p class=\"\" data-start=\"847\" data-end=\"875\">Banda interna para el sudor<\/p>\n<\/li>\n<li class=\"\" data-start=\"876\" data-end=\"914\">\n<p class=\"\" data-start=\"878\" data-end=\"914\">Extremadamente ligero (solo 25 g)<\/p>\n<\/li>\n<li class=\"\" data-start=\"915\" data-end=\"969\">\n<p class=\"\" data-start=\"917\" data-end=\"969\">Totalmente plegable y lavable a m\u00e1quina<\/p>\n<\/li>\n<li class=\"\" data-start=\"970\" data-end=\"1000\">\n<p class=\"\" data-start=\"972\" data-end=\"1000\">Talla \u00fanica, apto para todos<\/p>\n<\/li>\n<\/ul>\n<p class=\"\" data-start=\"1002\" data-end=\"1139\">Perfecto para tus salidas por senderos, entrenamientos intensos o simplemente para aportar un toque de estilo outdoor a tu rutina diaria.<\/p>\n<div class=\"istruzioni\">\n<div class=\"tab-composizione \">\n<h3><\/h3>\n<h3><\/h3>\n<\/div>\n<div>\n<p>&nbsp;<\/p>\n<\/div>\n<\/div>\n<\/div>\n<\/div>\n<p>&nbsp;<\/p>\n<p>&nbsp;<\/p>\n<p>&nbsp;<\/p>\n","protected":false},"excerpt":{"rendered":"<ul class=\"m-long-description__features\">\n<li class=\"\" data-start=\"571\" data-end=\"640\">\n<p class=\"\" data-start=\"573\" data-end=\"640\">Cierre trasero ajustable para un ajuste personalizado<\/p>\n<\/li>\n<li class=\"\" data-start=\"641\" data-end=\"703\">\n<p class=\"\" data-start=\"643\" data-end=\"703\">Visera flexible acolchada, perfecta para una comodidad m\u00e1xima<\/p>\n<\/li>\n<li class=\"\" data-start=\"704\" data-end=\"766\">\n<p class=\"\" data-start=\"706\" data-end=\"766\">Paneles frontal y superior estampados con gr\u00e1ficos Foresta<\/p>\n<\/li>\n<\/ul>\n","protected":false},"featured_media":244391,"template":"","meta":{"_acf_changed":false,"inline_featured_image":false},"product_brand":[],"product_cat":[24205,24221,24222],"product_tag":[23527],"class_list":{"0":"post-288044","1":"product","2":"type-product","3":"status-publish","4":"has-post-thumbnail","6":"product_cat-accesorios","7":"product_cat-calefaccion","8":"product_cat-sombreros-gorras","9":"product_tag-wild-tee-es","10":"pa_attivita-caminar","11":"pa_attivita-outdoor-es","12":"pa_attivita-running-es","13":"pa_attivita-trail-es","14":"pa_marca-wild-tee-es","15":"pa_sesso-hombre","16":"pa_sesso-mujer","18":"first","19":"instock","20":"sale","21":"taxable","22":"shipping-taxable","23":"purchasable","24":"product-type-simple"},"acf":[],"yoast_head":"<!-- This site is optimized with the Yoast SEO plugin v26.8 - https:\/\/yoast.com\/product\/yoast-seo-wordpress\/ -->\n<title>Wild TeeGorra Endurance LED - Gorra para correr - MioMioRun.com<\/title>\n<meta name=\"description\" content=\"Gorra Endurance ultraligera de 25 g con dise\u00f1o Foresta y nuevo color LED. Transpirable, ajustable, plegable y lavable a m\u00e1quina.\" \/>\n<meta name=\"robots\" content=\"index, follow, max-snippet:-1, max-image-preview:large, max-video-preview:-1\" \/>\n<link rel=\"canonical\" href=\"https:\/\/www.miomiorun.com\/es\/producto\/gorra-endurance-led\/\" \/>\n<meta property=\"og:locale\" content=\"es_ES\" \/>\n<meta property=\"og:type\" content=\"article\" \/>\n<meta property=\"og:title\" content=\"Wild TeeGorra Endurance LED - Gorra para correr - MioMioRun.com\" \/>\n<meta property=\"og:description\" content=\"Gorra Endurance ultraligera de 25 g con dise\u00f1o Foresta y nuevo color LED. Transpirable, ajustable, plegable y lavable a m\u00e1quina.\" \/>\n<meta property=\"og:url\" content=\"https:\/\/www.miomiorun.com\/es\/producto\/gorra-endurance-led\/\" \/>\n<meta property=\"og:site_name\" content=\"MioMioRun\" \/>\n<meta property=\"article:publisher\" content=\"https:\/\/www.facebook.com\/miomiorun\/\" \/>\n<meta property=\"article:modified_time\" content=\"2026-02-25T10:11:30+00:00\" \/>\n<meta property=\"og:image\" content=\"https:\/\/www.miomiorun.com\/app\/uploads\/2023\/11\/wild-tee-cappello-endurance-LED-WT090WT13-L.jpg\" \/>\n\t<meta property=\"og:image:width\" content=\"600\" \/>\n\t<meta property=\"og:image:height\" content=\"600\" \/>\n\t<meta property=\"og:image:type\" content=\"image\/jpeg\" \/>\n<meta name=\"twitter:card\" content=\"summary_large_image\" \/>\n<meta name=\"twitter:label1\" content=\"Est. reading time\" \/>\n\t<meta name=\"twitter:data1\" content=\"1 minute\" \/>\n<script type=\"application\/ld+json\" class=\"yoast-schema-graph\">{\"@context\":\"https:\/\/schema.org\",\"@graph\":[{\"@type\":\"WebPage\",\"@id\":\"https:\/\/www.miomiorun.com\/es\/producto\/gorra-endurance-led\/\",\"url\":\"https:\/\/www.miomiorun.com\/es\/producto\/gorra-endurance-led\/\",\"name\":\"Wild TeeGorra Endurance LED - Gorra para correr - MioMioRun.com\",\"isPartOf\":{\"@id\":\"https:\/\/www.miomiorun.com\/es\/#website\"},\"primaryImageOfPage\":{\"@id\":\"https:\/\/www.miomiorun.com\/es\/producto\/gorra-endurance-led\/#primaryimage\"},\"image\":{\"@id\":\"https:\/\/www.miomiorun.com\/es\/producto\/gorra-endurance-led\/#primaryimage\"},\"thumbnailUrl\":\"https:\/\/www.miomiorun.com\/app\/uploads\/2023\/11\/wild-tee-cappello-endurance-LED-WT090WT13-L.jpg\",\"datePublished\":\"2023-11-09T14:25:17+00:00\",\"dateModified\":\"2026-02-25T10:11:30+00:00\",\"description\":\"Gorra Endurance ultraligera de 25 g con dise\u00f1o Foresta y nuevo color LED. Transpirable, ajustable, plegable y lavable a m\u00e1quina.\",\"breadcrumb\":{\"@id\":\"https:\/\/www.miomiorun.com\/es\/producto\/gorra-endurance-led\/#breadcrumb\"},\"inLanguage\":\"es-ES\",\"potentialAction\":[{\"@type\":\"ReadAction\",\"target\":[\"https:\/\/www.miomiorun.com\/es\/producto\/gorra-endurance-led\/\"]}]},{\"@type\":\"ImageObject\",\"inLanguage\":\"es-ES\",\"@id\":\"https:\/\/www.miomiorun.com\/es\/producto\/gorra-endurance-led\/#primaryimage\",\"url\":\"https:\/\/www.miomiorun.com\/app\/uploads\/2023\/11\/wild-tee-cappello-endurance-LED-WT090WT13-L.jpg\",\"contentUrl\":\"https:\/\/www.miomiorun.com\/app\/uploads\/2023\/11\/wild-tee-cappello-endurance-LED-WT090WT13-L.jpg\",\"width\":600,\"height\":600,\"caption\":\"wild-tee-cappello-endurance-LED-WT090WT13-L\"},{\"@type\":\"BreadcrumbList\",\"@id\":\"https:\/\/www.miomiorun.com\/es\/producto\/gorra-endurance-led\/#breadcrumb\",\"itemListElement\":[{\"@type\":\"ListItem\",\"position\":1,\"name\":\"Home\",\"item\":\"https:\/\/www.miomiorun.com\/es\/\"},{\"@type\":\"ListItem\",\"position\":2,\"name\":\"Shop\",\"item\":\"https:\/\/www.miomiorun.com\/shop\/\"},{\"@type\":\"ListItem\",\"position\":3,\"name\":\"Gorra Endurance LED\"}]},{\"@type\":\"WebSite\",\"@id\":\"https:\/\/www.miomiorun.com\/es\/#website\",\"url\":\"https:\/\/www.miomiorun.com\/es\/\",\"name\":\"MioMioRun\",\"description\":\"Tienda 100% running y trail\",\"publisher\":{\"@id\":\"https:\/\/www.miomiorun.com\/es\/#organization\"},\"potentialAction\":[{\"@type\":\"SearchAction\",\"target\":{\"@type\":\"EntryPoint\",\"urlTemplate\":\"https:\/\/www.miomiorun.com\/es\/?s={search_term_string}\"},\"query-input\":{\"@type\":\"PropertyValueSpecification\",\"valueRequired\":true,\"valueName\":\"search_term_string\"}}],\"inLanguage\":\"es-ES\"},{\"@type\":\"Organization\",\"@id\":\"https:\/\/www.miomiorun.com\/es\/#organization\",\"name\":\"MioMio Run\",\"url\":\"https:\/\/www.miomiorun.com\/es\/\",\"logo\":{\"@type\":\"ImageObject\",\"inLanguage\":\"es-ES\",\"@id\":\"https:\/\/www.miomiorun.com\/es\/#\/schema\/logo\/image\/\",\"url\":\"https:\/\/www.miomiorun.com\/app\/uploads\/2019\/12\/logomio.png\",\"contentUrl\":\"https:\/\/www.miomiorun.com\/app\/uploads\/2019\/12\/logomio.png\",\"width\":115,\"height\":82,\"caption\":\"MioMio Run\"},\"image\":{\"@id\":\"https:\/\/www.miomiorun.com\/es\/#\/schema\/logo\/image\/\"},\"sameAs\":[\"https:\/\/www.facebook.com\/miomiorun\/\",\"https:\/\/www.instagram.com\/miomiorun\/\"]}]}<\/script>\n<!-- \/ Yoast SEO plugin. -->","yoast_head_json":{"title":"Wild TeeGorra Endurance LED - Gorra para correr - MioMioRun.com","description":"Gorra Endurance ultraligera de 25 g con dise\u00f1o Foresta y nuevo color LED. Transpirable, ajustable, plegable y lavable a m\u00e1quina.","robots":{"index":"index","follow":"follow","max-snippet":"max-snippet:-1","max-image-preview":"max-image-preview:large","max-video-preview":"max-video-preview:-1"},"canonical":"https:\/\/www.miomiorun.com\/es\/producto\/gorra-endurance-led\/","og_locale":"es_ES","og_type":"article","og_title":"Wild TeeGorra Endurance LED - Gorra para correr - MioMioRun.com","og_description":"Gorra Endurance ultraligera de 25 g con dise\u00f1o Foresta y nuevo color LED. Transpirable, ajustable, plegable y lavable a m\u00e1quina.","og_url":"https:\/\/www.miomiorun.com\/es\/producto\/gorra-endurance-led\/","og_site_name":"MioMioRun","article_publisher":"https:\/\/www.facebook.com\/miomiorun\/","article_modified_time":"2026-02-25T10:11:30+00:00","og_image":[{"width":600,"height":600,"url":"https:\/\/www.miomiorun.com\/app\/uploads\/2023\/11\/wild-tee-cappello-endurance-LED-WT090WT13-L.jpg","type":"image\/jpeg"}],"twitter_card":"summary_large_image","twitter_misc":{"Est. reading time":"1 minute"},"schema":{"@context":"https:\/\/schema.org","@graph":[{"@type":"WebPage","@id":"https:\/\/www.miomiorun.com\/es\/producto\/gorra-endurance-led\/","url":"https:\/\/www.miomiorun.com\/es\/producto\/gorra-endurance-led\/","name":"Wild TeeGorra Endurance LED - Gorra para correr - MioMioRun.com","isPartOf":{"@id":"https:\/\/www.miomiorun.com\/es\/#website"},"primaryImageOfPage":{"@id":"https:\/\/www.miomiorun.com\/es\/producto\/gorra-endurance-led\/#primaryimage"},"image":{"@id":"https:\/\/www.miomiorun.com\/es\/producto\/gorra-endurance-led\/#primaryimage"},"thumbnailUrl":"https:\/\/www.miomiorun.com\/app\/uploads\/2023\/11\/wild-tee-cappello-endurance-LED-WT090WT13-L.jpg","datePublished":"2023-11-09T14:25:17+00:00","dateModified":"2026-02-25T10:11:30+00:00","description":"Gorra Endurance ultraligera de 25 g con dise\u00f1o Foresta y nuevo color LED. Transpirable, ajustable, plegable y lavable a m\u00e1quina.","breadcrumb":{"@id":"https:\/\/www.miomiorun.com\/es\/producto\/gorra-endurance-led\/#breadcrumb"},"inLanguage":"es-ES","potentialAction":[{"@type":"ReadAction","target":["https:\/\/www.miomiorun.com\/es\/producto\/gorra-endurance-led\/"]}]},{"@type":"ImageObject","inLanguage":"es-ES","@id":"https:\/\/www.miomiorun.com\/es\/producto\/gorra-endurance-led\/#primaryimage","url":"https:\/\/www.miomiorun.com\/app\/uploads\/2023\/11\/wild-tee-cappello-endurance-LED-WT090WT13-L.jpg","contentUrl":"https:\/\/www.miomiorun.com\/app\/uploads\/2023\/11\/wild-tee-cappello-endurance-LED-WT090WT13-L.jpg","width":600,"height":600,"caption":"wild-tee-cappello-endurance-LED-WT090WT13-L"},{"@type":"BreadcrumbList","@id":"https:\/\/www.miomiorun.com\/es\/producto\/gorra-endurance-led\/#breadcrumb","itemListElement":[{"@type":"ListItem","position":1,"name":"Home","item":"https:\/\/www.miomiorun.com\/es\/"},{"@type":"ListItem","position":2,"name":"Shop","item":"https:\/\/www.miomiorun.com\/shop\/"},{"@type":"ListItem","position":3,"name":"Gorra Endurance LED"}]},{"@type":"WebSite","@id":"https:\/\/www.miomiorun.com\/es\/#website","url":"https:\/\/www.miomiorun.com\/es\/","name":"MioMioRun","description":"Tienda 100% running y trail","publisher":{"@id":"https:\/\/www.miomiorun.com\/es\/#organization"},"potentialAction":[{"@type":"SearchAction","target":{"@type":"EntryPoint","urlTemplate":"https:\/\/www.miomiorun.com\/es\/?s={search_term_string}"},"query-input":{"@type":"PropertyValueSpecification","valueRequired":true,"valueName":"search_term_string"}}],"inLanguage":"es-ES"},{"@type":"Organization","@id":"https:\/\/www.miomiorun.com\/es\/#organization","name":"MioMio Run","url":"https:\/\/www.miomiorun.com\/es\/","logo":{"@type":"ImageObject","inLanguage":"es-ES","@id":"https:\/\/www.miomiorun.com\/es\/#\/schema\/logo\/image\/","url":"https:\/\/www.miomiorun.com\/app\/uploads\/2019\/12\/logomio.png","contentUrl":"https:\/\/www.miomiorun.com\/app\/uploads\/2019\/12\/logomio.png","width":115,"height":82,"caption":"MioMio Run"},"image":{"@id":"https:\/\/www.miomiorun.com\/es\/#\/schema\/logo\/image\/"},"sameAs":["https:\/\/www.facebook.com\/miomiorun\/","https:\/\/www.instagram.com\/miomiorun\/"]}]}},"_links":{"self":[{"href":"https:\/\/www.miomiorun.com\/es\/wp-json\/wp\/v2\/product\/288044","targetHints":{"allow":["GET"]}}],"collection":[{"href":"https:\/\/www.miomiorun.com\/es\/wp-json\/wp\/v2\/product"}],"about":[{"href":"https:\/\/www.miomiorun.com\/es\/wp-json\/wp\/v2\/types\/product"}],"wp:featuredmedia":[{"embeddable":true,"href":"https:\/\/www.miomiorun.com\/es\/wp-json\/wp\/v2\/media\/244391"}],"wp:attachment":[{"href":"https:\/\/www.miomiorun.com\/es\/wp-json\/wp\/v2\/media?parent=288044"}],"wp:term":[{"taxonomy":"product_brand","embeddable":true,"href":"https:\/\/www.miomiorun.com\/es\/wp-json\/wp\/v2\/product_brand?post=288044"},{"taxonomy":"product_cat","embeddable":true,"href":"https:\/\/www.miomiorun.com\/es\/wp-json\/wp\/v2\/product_cat?post=288044"},{"taxonomy":"product_tag","embeddable":true,"href":"https:\/\/www.miomiorun.com\/es\/wp-json\/wp\/v2\/product_tag?post=288044"}],"curies":[{"name":"wp","href":"https:\/\/api.w.org\/{rel}","templated":true}]}}