{"id":288036,"date":"2023-11-09T15:47:54","date_gmt":"2023-11-09T14:47:54","guid":{"rendered":"https:\/\/miomiorun.com\/prodotto\/lean-plus\/"},"modified":"2026-05-07T12:00:22","modified_gmt":"2026-05-07T10:00:22","slug":"lean-plus","status":"publish","type":"product","link":"https:\/\/www.miomiorun.com\/es\/producto\/lean-plus\/","title":{"rendered":"Lean Plus"},"content":{"rendered":"<p>La banda para el brazo <strong>Nike Lean Plus<\/strong> te permite llevar el tel\u00e9fono siempre a mano sin tener que usar las manos, est\u00e9s donde est\u00e9s: en el gimnasio, en la pista o en la calle. El acceso a la pantalla t\u00e1ctil est\u00e1 garantizado gracias a la ventana protectora, mientras que las aberturas estrat\u00e9gicas permiten acceder a los botones, al conector y a la c\u00e1mara, lo que la convierte en una banda de una practicidad excepcional.<\/p>\n<p><strong>Caracter\u00edsticas:<\/strong><\/p>\n<ul>\n<li>Funda para el brazo para el tel\u00e9fono<\/li>\n<li>Pr\u00e1ctica<\/li>\n<\/ul>\n","protected":false},"excerpt":{"rendered":"<ul>\n<li>&nbsp;Soporte para el m\u00f3vil con brazo<\/li>\n<li>Ideal para correr y escuchar m\u00fasica<\/li>\n<\/ul>\n","protected":false},"featured_media":246059,"template":"","meta":{"_acf_changed":false,"inline_featured_image":false},"product_brand":[],"product_cat":[24205,24419],"product_tag":[23506],"class_list":{"0":"post-288036","1":"product","2":"type-product","3":"status-publish","4":"has-post-thumbnail","6":"product_cat-accesorios","7":"product_cat-varios","8":"product_tag-nike-es","9":"pa_attivita-caminar","10":"pa_attivita-fitness-es","11":"pa_attivita-running-es","12":"pa_colore-lean-arm-band-plus-bk-bk-sl-es","13":"pa_colore-lean-arm-band-plus-vt-bk-sl-es","14":"pa_marca-nike-es","15":"pa_sesso-hombre","16":"pa_sesso-mujer","18":"first","19":"instock","20":"sale","21":"taxable","22":"shipping-taxable","23":"purchasable","24":"product-type-variable","25":"wvs-archive-product-wrapper"},"acf":[],"yoast_head":"<!-- This site is optimized with the Yoast SEO plugin v26.8 - https:\/\/yoast.com\/product\/yoast-seo-wordpress\/ -->\n<title>NikeLean Plus - Banda para el brazo MioMioRun<\/title>\n<meta name=\"description\" content=\"Lean Plus te permite tener el tel\u00e9fono siempre a mano sin tener que usar las manos, est\u00e9s donde est\u00e9s: en el gimnasio, en la pista o en la calle.\" \/>\n<meta name=\"robots\" content=\"index, follow, max-snippet:-1, max-image-preview:large, max-video-preview:-1\" \/>\n<link rel=\"canonical\" href=\"https:\/\/www.miomiorun.com\/es\/producto\/lean-plus\/\" \/>\n<meta property=\"og:locale\" content=\"es_ES\" \/>\n<meta property=\"og:type\" content=\"article\" \/>\n<meta property=\"og:title\" content=\"NikeLean Plus - Banda para el brazo MioMioRun\" \/>\n<meta property=\"og:description\" content=\"Lean Plus te permite tener el tel\u00e9fono siempre a mano sin tener que usar las manos, est\u00e9s donde est\u00e9s: en el gimnasio, en la pista o en la calle.\" \/>\n<meta property=\"og:url\" content=\"https:\/\/www.miomiorun.com\/es\/producto\/lean-plus\/\" \/>\n<meta property=\"og:site_name\" content=\"MioMioRun\" \/>\n<meta property=\"article:publisher\" content=\"https:\/\/www.facebook.com\/miomiorun\/\" \/>\n<meta property=\"article:modified_time\" content=\"2026-05-07T10:00:22+00:00\" \/>\n<meta property=\"og:image\" content=\"https:\/\/www.miomiorun.com\/app\/uploads\/2023\/11\/nike-LEAN-ARM-BAND-PLUS-BK-BK-SL-NRN760820S.webp\" \/>\n\t<meta property=\"og:image:width\" content=\"600\" \/>\n\t<meta property=\"og:image:height\" content=\"600\" \/>\n\t<meta property=\"og:image:type\" content=\"image\/webp\" \/>\n<meta name=\"twitter:card\" content=\"summary_large_image\" \/>\n<script type=\"application\/ld+json\" class=\"yoast-schema-graph\">{\"@context\":\"https:\/\/schema.org\",\"@graph\":[{\"@type\":\"WebPage\",\"@id\":\"https:\/\/www.miomiorun.com\/es\/producto\/lean-plus\/\",\"url\":\"https:\/\/www.miomiorun.com\/es\/producto\/lean-plus\/\",\"name\":\"NikeLean Plus - Banda para el brazo MioMioRun\",\"isPartOf\":{\"@id\":\"https:\/\/www.miomiorun.com\/es\/#website\"},\"primaryImageOfPage\":{\"@id\":\"https:\/\/www.miomiorun.com\/es\/producto\/lean-plus\/#primaryimage\"},\"image\":{\"@id\":\"https:\/\/www.miomiorun.com\/es\/producto\/lean-plus\/#primaryimage\"},\"thumbnailUrl\":\"https:\/\/www.miomiorun.com\/app\/uploads\/2023\/11\/nike-LEAN-ARM-BAND-PLUS-BK-BK-SL-NRN760820S.webp\",\"datePublished\":\"2023-11-09T14:47:54+00:00\",\"dateModified\":\"2026-05-07T10:00:22+00:00\",\"description\":\"Lean Plus te permite tener el tel\u00e9fono siempre a mano sin tener que usar las manos, est\u00e9s donde est\u00e9s: en el gimnasio, en la pista o en la calle.\",\"breadcrumb\":{\"@id\":\"https:\/\/www.miomiorun.com\/es\/producto\/lean-plus\/#breadcrumb\"},\"inLanguage\":\"es-ES\",\"potentialAction\":[{\"@type\":\"ReadAction\",\"target\":[\"https:\/\/www.miomiorun.com\/es\/producto\/lean-plus\/\"]}]},{\"@type\":\"ImageObject\",\"inLanguage\":\"es-ES\",\"@id\":\"https:\/\/www.miomiorun.com\/es\/producto\/lean-plus\/#primaryimage\",\"url\":\"https:\/\/www.miomiorun.com\/app\/uploads\/2023\/11\/nike-LEAN-ARM-BAND-PLUS-BK-BK-SL-NRN760820S.webp\",\"contentUrl\":\"https:\/\/www.miomiorun.com\/app\/uploads\/2023\/11\/nike-LEAN-ARM-BAND-PLUS-BK-BK-SL-NRN760820S.webp\",\"width\":600,\"height\":600,\"caption\":\"nike LEAN ARM BAND PLUS BK BK SL NRN760820S\"},{\"@type\":\"BreadcrumbList\",\"@id\":\"https:\/\/www.miomiorun.com\/es\/producto\/lean-plus\/#breadcrumb\",\"itemListElement\":[{\"@type\":\"ListItem\",\"position\":1,\"name\":\"Home\",\"item\":\"https:\/\/www.miomiorun.com\/es\/\"},{\"@type\":\"ListItem\",\"position\":2,\"name\":\"Shop\",\"item\":\"https:\/\/www.miomiorun.com\/shop\/\"},{\"@type\":\"ListItem\",\"position\":3,\"name\":\"Lean Plus\"}]},{\"@type\":\"WebSite\",\"@id\":\"https:\/\/www.miomiorun.com\/es\/#website\",\"url\":\"https:\/\/www.miomiorun.com\/es\/\",\"name\":\"MioMioRun\",\"description\":\"Tienda 100% running y trail\",\"publisher\":{\"@id\":\"https:\/\/www.miomiorun.com\/es\/#organization\"},\"potentialAction\":[{\"@type\":\"SearchAction\",\"target\":{\"@type\":\"EntryPoint\",\"urlTemplate\":\"https:\/\/www.miomiorun.com\/es\/?s={search_term_string}\"},\"query-input\":{\"@type\":\"PropertyValueSpecification\",\"valueRequired\":true,\"valueName\":\"search_term_string\"}}],\"inLanguage\":\"es-ES\"},{\"@type\":\"Organization\",\"@id\":\"https:\/\/www.miomiorun.com\/es\/#organization\",\"name\":\"MioMio Run\",\"url\":\"https:\/\/www.miomiorun.com\/es\/\",\"logo\":{\"@type\":\"ImageObject\",\"inLanguage\":\"es-ES\",\"@id\":\"https:\/\/www.miomiorun.com\/es\/#\/schema\/logo\/image\/\",\"url\":\"https:\/\/www.miomiorun.com\/app\/uploads\/2019\/12\/logomio.png\",\"contentUrl\":\"https:\/\/www.miomiorun.com\/app\/uploads\/2019\/12\/logomio.png\",\"width\":115,\"height\":82,\"caption\":\"MioMio Run\"},\"image\":{\"@id\":\"https:\/\/www.miomiorun.com\/es\/#\/schema\/logo\/image\/\"},\"sameAs\":[\"https:\/\/www.facebook.com\/miomiorun\/\",\"https:\/\/www.instagram.com\/miomiorun\/\"]}]}<\/script>\n<!-- \/ Yoast SEO plugin. -->","yoast_head_json":{"title":"NikeLean Plus - Banda para el brazo MioMioRun","description":"Lean Plus te permite tener el tel\u00e9fono siempre a mano sin tener que usar las manos, est\u00e9s donde est\u00e9s: en el gimnasio, en la pista o en la calle.","robots":{"index":"index","follow":"follow","max-snippet":"max-snippet:-1","max-image-preview":"max-image-preview:large","max-video-preview":"max-video-preview:-1"},"canonical":"https:\/\/www.miomiorun.com\/es\/producto\/lean-plus\/","og_locale":"es_ES","og_type":"article","og_title":"NikeLean Plus - Banda para el brazo MioMioRun","og_description":"Lean Plus te permite tener el tel\u00e9fono siempre a mano sin tener que usar las manos, est\u00e9s donde est\u00e9s: en el gimnasio, en la pista o en la calle.","og_url":"https:\/\/www.miomiorun.com\/es\/producto\/lean-plus\/","og_site_name":"MioMioRun","article_publisher":"https:\/\/www.facebook.com\/miomiorun\/","article_modified_time":"2026-05-07T10:00:22+00:00","og_image":[{"width":600,"height":600,"url":"https:\/\/www.miomiorun.com\/app\/uploads\/2023\/11\/nike-LEAN-ARM-BAND-PLUS-BK-BK-SL-NRN760820S.webp","type":"image\/webp"}],"twitter_card":"summary_large_image","schema":{"@context":"https:\/\/schema.org","@graph":[{"@type":"WebPage","@id":"https:\/\/www.miomiorun.com\/es\/producto\/lean-plus\/","url":"https:\/\/www.miomiorun.com\/es\/producto\/lean-plus\/","name":"NikeLean Plus - Banda para el brazo MioMioRun","isPartOf":{"@id":"https:\/\/www.miomiorun.com\/es\/#website"},"primaryImageOfPage":{"@id":"https:\/\/www.miomiorun.com\/es\/producto\/lean-plus\/#primaryimage"},"image":{"@id":"https:\/\/www.miomiorun.com\/es\/producto\/lean-plus\/#primaryimage"},"thumbnailUrl":"https:\/\/www.miomiorun.com\/app\/uploads\/2023\/11\/nike-LEAN-ARM-BAND-PLUS-BK-BK-SL-NRN760820S.webp","datePublished":"2023-11-09T14:47:54+00:00","dateModified":"2026-05-07T10:00:22+00:00","description":"Lean Plus te permite tener el tel\u00e9fono siempre a mano sin tener que usar las manos, est\u00e9s donde est\u00e9s: en el gimnasio, en la pista o en la calle.","breadcrumb":{"@id":"https:\/\/www.miomiorun.com\/es\/producto\/lean-plus\/#breadcrumb"},"inLanguage":"es-ES","potentialAction":[{"@type":"ReadAction","target":["https:\/\/www.miomiorun.com\/es\/producto\/lean-plus\/"]}]},{"@type":"ImageObject","inLanguage":"es-ES","@id":"https:\/\/www.miomiorun.com\/es\/producto\/lean-plus\/#primaryimage","url":"https:\/\/www.miomiorun.com\/app\/uploads\/2023\/11\/nike-LEAN-ARM-BAND-PLUS-BK-BK-SL-NRN760820S.webp","contentUrl":"https:\/\/www.miomiorun.com\/app\/uploads\/2023\/11\/nike-LEAN-ARM-BAND-PLUS-BK-BK-SL-NRN760820S.webp","width":600,"height":600,"caption":"nike LEAN ARM BAND PLUS BK BK SL NRN760820S"},{"@type":"BreadcrumbList","@id":"https:\/\/www.miomiorun.com\/es\/producto\/lean-plus\/#breadcrumb","itemListElement":[{"@type":"ListItem","position":1,"name":"Home","item":"https:\/\/www.miomiorun.com\/es\/"},{"@type":"ListItem","position":2,"name":"Shop","item":"https:\/\/www.miomiorun.com\/shop\/"},{"@type":"ListItem","position":3,"name":"Lean Plus"}]},{"@type":"WebSite","@id":"https:\/\/www.miomiorun.com\/es\/#website","url":"https:\/\/www.miomiorun.com\/es\/","name":"MioMioRun","description":"Tienda 100% running y trail","publisher":{"@id":"https:\/\/www.miomiorun.com\/es\/#organization"},"potentialAction":[{"@type":"SearchAction","target":{"@type":"EntryPoint","urlTemplate":"https:\/\/www.miomiorun.com\/es\/?s={search_term_string}"},"query-input":{"@type":"PropertyValueSpecification","valueRequired":true,"valueName":"search_term_string"}}],"inLanguage":"es-ES"},{"@type":"Organization","@id":"https:\/\/www.miomiorun.com\/es\/#organization","name":"MioMio Run","url":"https:\/\/www.miomiorun.com\/es\/","logo":{"@type":"ImageObject","inLanguage":"es-ES","@id":"https:\/\/www.miomiorun.com\/es\/#\/schema\/logo\/image\/","url":"https:\/\/www.miomiorun.com\/app\/uploads\/2019\/12\/logomio.png","contentUrl":"https:\/\/www.miomiorun.com\/app\/uploads\/2019\/12\/logomio.png","width":115,"height":82,"caption":"MioMio Run"},"image":{"@id":"https:\/\/www.miomiorun.com\/es\/#\/schema\/logo\/image\/"},"sameAs":["https:\/\/www.facebook.com\/miomiorun\/","https:\/\/www.instagram.com\/miomiorun\/"]}]}},"_links":{"self":[{"href":"https:\/\/www.miomiorun.com\/es\/wp-json\/wp\/v2\/product\/288036","targetHints":{"allow":["GET"]}}],"collection":[{"href":"https:\/\/www.miomiorun.com\/es\/wp-json\/wp\/v2\/product"}],"about":[{"href":"https:\/\/www.miomiorun.com\/es\/wp-json\/wp\/v2\/types\/product"}],"wp:featuredmedia":[{"embeddable":true,"href":"https:\/\/www.miomiorun.com\/es\/wp-json\/wp\/v2\/media\/246059"}],"wp:attachment":[{"href":"https:\/\/www.miomiorun.com\/es\/wp-json\/wp\/v2\/media?parent=288036"}],"wp:term":[{"taxonomy":"product_brand","embeddable":true,"href":"https:\/\/www.miomiorun.com\/es\/wp-json\/wp\/v2\/product_brand?post=288036"},{"taxonomy":"product_cat","embeddable":true,"href":"https:\/\/www.miomiorun.com\/es\/wp-json\/wp\/v2\/product_cat?post=288036"},{"taxonomy":"product_tag","embeddable":true,"href":"https:\/\/www.miomiorun.com\/es\/wp-json\/wp\/v2\/product_tag?post=288036"}],"curies":[{"name":"wp","href":"https:\/\/api.w.org\/{rel}","templated":true}]}}