{"id":288020,"date":"2023-11-10T18:59:50","date_gmt":"2023-11-10T17:59:50","guid":{"rendered":"https:\/\/miomiorun.com\/prodotto\/slim-waistpack\/"},"modified":"2026-05-07T12:01:16","modified_gmt":"2026-05-07T10:01:16","slug":"slim-waistpack","status":"publish","type":"product","link":"https:\/\/www.miomiorun.com\/es\/producto\/slim-waistpack\/","title":{"rendered":"Slim Waistpack"},"content":{"rendered":"<h2 style=\"text-align: center\">Cuando necesites un poco de espacio extra mientras te desplazas, ll\u00e9vate contigo la ri\u00f1onera de Nike.<\/h2>\n<p><strong>Slim Waistpack<\/strong>: ya sea colgada del hombro o en la cintura, esta maravilla ligera te permite llevar contigo todo lo necesario para correr por la ciudad o por el barrio.<\/p>\n<p><strong>Caracter\u00edsticas:<\/strong><\/p>\n<ul>\n<li>Su dise\u00f1o ligero y contorneado est\u00e1 pensado para seguir tus movimientos sin distracciones.<\/li>\n<li>El cintur\u00f3n ajustable con un solo bot\u00f3n est\u00e1 dise\u00f1ado para abrochar y desabrochar f\u00e1cilmente la ri\u00f1onera.<\/li>\n<li>El bolsillo expandible ofrece el espacio justo para los peque\u00f1os objetos imprescindibles, como llaves, documentos o la tarjeta de cr\u00e9dito para tomarte un caf\u00e9 durante el recorrido.<\/li>\n<\/ul>\n<p>&nbsp;<\/p>\n","protected":false},"excerpt":{"rendered":"<ul>\n<li>Ri\u00f1onera ideal para practicar actividades al aire libre.<\/li>\n<li>Cintur\u00f3n ajustable<\/li>\n<\/ul>\n","protected":false},"featured_media":244397,"template":"","meta":{"_acf_changed":false,"inline_featured_image":false},"product_brand":[],"product_cat":[24205,24409,24426],"product_tag":[23506,23589,23637],"class_list":{"0":"post-288020","1":"product","2":"type-product","3":"status-publish","4":"has-post-thumbnail","6":"product_cat-accesorios","7":"product_cat-cinturones-es","8":"product_cat-mochilas-y-cinturones-es","9":"product_tag-nike-es","10":"product_tag-nike-hombre","11":"product_tag-nike-mujer","12":"pa_attivita-caminar","13":"pa_attivita-running-es","14":"pa_marca-nike-es","15":"pa_sesso-hombre","16":"pa_sesso-mujer","18":"first","19":"instock","20":"sale","21":"taxable","22":"shipping-taxable","23":"purchasable","24":"product-type-simple"},"acf":[],"yoast_head":"<!-- This site is optimized with the Yoast SEO plugin v26.8 - https:\/\/yoast.com\/product\/yoast-seo-wordpress\/ -->\n<title>NikeSlim Waistpack - ri\u00f1onera para correr MioMioRun .comNike<\/title>\n<meta name=\"description\" content=\"Slim Waistpack: ya sea colgada del hombro o en la cintura, esta maravilla de ligereza te permite llevar contigo todo lo necesario para correr por la ciudad\" \/>\n<meta name=\"robots\" content=\"index, follow, max-snippet:-1, max-image-preview:large, max-video-preview:-1\" \/>\n<link rel=\"canonical\" href=\"https:\/\/www.miomiorun.com\/es\/producto\/slim-waistpack\/\" \/>\n<meta property=\"og:locale\" content=\"es_ES\" \/>\n<meta property=\"og:type\" content=\"article\" \/>\n<meta property=\"og:title\" content=\"NikeSlim Waistpack - ri\u00f1onera para correr MioMioRun .comNike\" \/>\n<meta property=\"og:description\" content=\"Slim Waistpack: ya sea colgada del hombro o en la cintura, esta maravilla de ligereza te permite llevar contigo todo lo necesario para correr por la ciudad\" \/>\n<meta property=\"og:url\" content=\"https:\/\/www.miomiorun.com\/es\/producto\/slim-waistpack\/\" \/>\n<meta property=\"og:site_name\" content=\"MioMioRun\" \/>\n<meta property=\"article:publisher\" content=\"https:\/\/www.facebook.com\/miomiorun\/\" \/>\n<meta property=\"article:modified_time\" content=\"2026-05-07T10:01:16+00:00\" \/>\n<meta property=\"og:image\" content=\"https:\/\/www.miomiorun.com\/app\/uploads\/2023\/11\/nike-slim-waistpack-BK-BK-SL-N10036940820S.jpg\" \/>\n\t<meta property=\"og:image:width\" content=\"600\" \/>\n\t<meta property=\"og:image:height\" content=\"600\" \/>\n\t<meta property=\"og:image:type\" content=\"image\/jpeg\" \/>\n<meta name=\"twitter:card\" content=\"summary_large_image\" \/>\n<meta name=\"twitter:label1\" content=\"Est. reading time\" \/>\n\t<meta name=\"twitter:data1\" content=\"1 minute\" \/>\n<script type=\"application\/ld+json\" class=\"yoast-schema-graph\">{\"@context\":\"https:\/\/schema.org\",\"@graph\":[{\"@type\":\"WebPage\",\"@id\":\"https:\/\/www.miomiorun.com\/es\/producto\/slim-waistpack\/\",\"url\":\"https:\/\/www.miomiorun.com\/es\/producto\/slim-waistpack\/\",\"name\":\"NikeSlim Waistpack - ri\u00f1onera para correr MioMioRun .comNike\",\"isPartOf\":{\"@id\":\"https:\/\/www.miomiorun.com\/es\/#website\"},\"primaryImageOfPage\":{\"@id\":\"https:\/\/www.miomiorun.com\/es\/producto\/slim-waistpack\/#primaryimage\"},\"image\":{\"@id\":\"https:\/\/www.miomiorun.com\/es\/producto\/slim-waistpack\/#primaryimage\"},\"thumbnailUrl\":\"https:\/\/www.miomiorun.com\/app\/uploads\/2023\/11\/nike-slim-waistpack-BK-BK-SL-N10036940820S.jpg\",\"datePublished\":\"2023-11-10T17:59:50+00:00\",\"dateModified\":\"2026-05-07T10:01:16+00:00\",\"description\":\"Slim Waistpack: ya sea colgada del hombro o en la cintura, esta maravilla de ligereza te permite llevar contigo todo lo necesario para correr por la ciudad\",\"breadcrumb\":{\"@id\":\"https:\/\/www.miomiorun.com\/es\/producto\/slim-waistpack\/#breadcrumb\"},\"inLanguage\":\"es-ES\",\"potentialAction\":[{\"@type\":\"ReadAction\",\"target\":[\"https:\/\/www.miomiorun.com\/es\/producto\/slim-waistpack\/\"]}]},{\"@type\":\"ImageObject\",\"inLanguage\":\"es-ES\",\"@id\":\"https:\/\/www.miomiorun.com\/es\/producto\/slim-waistpack\/#primaryimage\",\"url\":\"https:\/\/www.miomiorun.com\/app\/uploads\/2023\/11\/nike-slim-waistpack-BK-BK-SL-N10036940820S.jpg\",\"contentUrl\":\"https:\/\/www.miomiorun.com\/app\/uploads\/2023\/11\/nike-slim-waistpack-BK-BK-SL-N10036940820S.jpg\",\"width\":600,\"height\":600,\"caption\":\"nike-slim-waistpack-BK-BK-SL-N10036940820S\"},{\"@type\":\"BreadcrumbList\",\"@id\":\"https:\/\/www.miomiorun.com\/es\/producto\/slim-waistpack\/#breadcrumb\",\"itemListElement\":[{\"@type\":\"ListItem\",\"position\":1,\"name\":\"Home\",\"item\":\"https:\/\/www.miomiorun.com\/es\/\"},{\"@type\":\"ListItem\",\"position\":2,\"name\":\"Shop\",\"item\":\"https:\/\/www.miomiorun.com\/shop\/\"},{\"@type\":\"ListItem\",\"position\":3,\"name\":\"Slim Waistpack\"}]},{\"@type\":\"WebSite\",\"@id\":\"https:\/\/www.miomiorun.com\/es\/#website\",\"url\":\"https:\/\/www.miomiorun.com\/es\/\",\"name\":\"MioMioRun\",\"description\":\"Tienda 100% running y trail\",\"publisher\":{\"@id\":\"https:\/\/www.miomiorun.com\/es\/#organization\"},\"potentialAction\":[{\"@type\":\"SearchAction\",\"target\":{\"@type\":\"EntryPoint\",\"urlTemplate\":\"https:\/\/www.miomiorun.com\/es\/?s={search_term_string}\"},\"query-input\":{\"@type\":\"PropertyValueSpecification\",\"valueRequired\":true,\"valueName\":\"search_term_string\"}}],\"inLanguage\":\"es-ES\"},{\"@type\":\"Organization\",\"@id\":\"https:\/\/www.miomiorun.com\/es\/#organization\",\"name\":\"MioMio Run\",\"url\":\"https:\/\/www.miomiorun.com\/es\/\",\"logo\":{\"@type\":\"ImageObject\",\"inLanguage\":\"es-ES\",\"@id\":\"https:\/\/www.miomiorun.com\/es\/#\/schema\/logo\/image\/\",\"url\":\"https:\/\/www.miomiorun.com\/app\/uploads\/2019\/12\/logomio.png\",\"contentUrl\":\"https:\/\/www.miomiorun.com\/app\/uploads\/2019\/12\/logomio.png\",\"width\":115,\"height\":82,\"caption\":\"MioMio Run\"},\"image\":{\"@id\":\"https:\/\/www.miomiorun.com\/es\/#\/schema\/logo\/image\/\"},\"sameAs\":[\"https:\/\/www.facebook.com\/miomiorun\/\",\"https:\/\/www.instagram.com\/miomiorun\/\"]}]}<\/script>\n<!-- \/ Yoast SEO plugin. -->","yoast_head_json":{"title":"NikeSlim Waistpack - ri\u00f1onera para correr MioMioRun .comNike","description":"Slim Waistpack: ya sea colgada del hombro o en la cintura, esta maravilla de ligereza te permite llevar contigo todo lo necesario para correr por la ciudad","robots":{"index":"index","follow":"follow","max-snippet":"max-snippet:-1","max-image-preview":"max-image-preview:large","max-video-preview":"max-video-preview:-1"},"canonical":"https:\/\/www.miomiorun.com\/es\/producto\/slim-waistpack\/","og_locale":"es_ES","og_type":"article","og_title":"NikeSlim Waistpack - ri\u00f1onera para correr MioMioRun .comNike","og_description":"Slim Waistpack: ya sea colgada del hombro o en la cintura, esta maravilla de ligereza te permite llevar contigo todo lo necesario para correr por la ciudad","og_url":"https:\/\/www.miomiorun.com\/es\/producto\/slim-waistpack\/","og_site_name":"MioMioRun","article_publisher":"https:\/\/www.facebook.com\/miomiorun\/","article_modified_time":"2026-05-07T10:01:16+00:00","og_image":[{"width":600,"height":600,"url":"https:\/\/www.miomiorun.com\/app\/uploads\/2023\/11\/nike-slim-waistpack-BK-BK-SL-N10036940820S.jpg","type":"image\/jpeg"}],"twitter_card":"summary_large_image","twitter_misc":{"Est. reading time":"1 minute"},"schema":{"@context":"https:\/\/schema.org","@graph":[{"@type":"WebPage","@id":"https:\/\/www.miomiorun.com\/es\/producto\/slim-waistpack\/","url":"https:\/\/www.miomiorun.com\/es\/producto\/slim-waistpack\/","name":"NikeSlim Waistpack - ri\u00f1onera para correr MioMioRun .comNike","isPartOf":{"@id":"https:\/\/www.miomiorun.com\/es\/#website"},"primaryImageOfPage":{"@id":"https:\/\/www.miomiorun.com\/es\/producto\/slim-waistpack\/#primaryimage"},"image":{"@id":"https:\/\/www.miomiorun.com\/es\/producto\/slim-waistpack\/#primaryimage"},"thumbnailUrl":"https:\/\/www.miomiorun.com\/app\/uploads\/2023\/11\/nike-slim-waistpack-BK-BK-SL-N10036940820S.jpg","datePublished":"2023-11-10T17:59:50+00:00","dateModified":"2026-05-07T10:01:16+00:00","description":"Slim Waistpack: ya sea colgada del hombro o en la cintura, esta maravilla de ligereza te permite llevar contigo todo lo necesario para correr por la ciudad","breadcrumb":{"@id":"https:\/\/www.miomiorun.com\/es\/producto\/slim-waistpack\/#breadcrumb"},"inLanguage":"es-ES","potentialAction":[{"@type":"ReadAction","target":["https:\/\/www.miomiorun.com\/es\/producto\/slim-waistpack\/"]}]},{"@type":"ImageObject","inLanguage":"es-ES","@id":"https:\/\/www.miomiorun.com\/es\/producto\/slim-waistpack\/#primaryimage","url":"https:\/\/www.miomiorun.com\/app\/uploads\/2023\/11\/nike-slim-waistpack-BK-BK-SL-N10036940820S.jpg","contentUrl":"https:\/\/www.miomiorun.com\/app\/uploads\/2023\/11\/nike-slim-waistpack-BK-BK-SL-N10036940820S.jpg","width":600,"height":600,"caption":"nike-slim-waistpack-BK-BK-SL-N10036940820S"},{"@type":"BreadcrumbList","@id":"https:\/\/www.miomiorun.com\/es\/producto\/slim-waistpack\/#breadcrumb","itemListElement":[{"@type":"ListItem","position":1,"name":"Home","item":"https:\/\/www.miomiorun.com\/es\/"},{"@type":"ListItem","position":2,"name":"Shop","item":"https:\/\/www.miomiorun.com\/shop\/"},{"@type":"ListItem","position":3,"name":"Slim Waistpack"}]},{"@type":"WebSite","@id":"https:\/\/www.miomiorun.com\/es\/#website","url":"https:\/\/www.miomiorun.com\/es\/","name":"MioMioRun","description":"Tienda 100% running y trail","publisher":{"@id":"https:\/\/www.miomiorun.com\/es\/#organization"},"potentialAction":[{"@type":"SearchAction","target":{"@type":"EntryPoint","urlTemplate":"https:\/\/www.miomiorun.com\/es\/?s={search_term_string}"},"query-input":{"@type":"PropertyValueSpecification","valueRequired":true,"valueName":"search_term_string"}}],"inLanguage":"es-ES"},{"@type":"Organization","@id":"https:\/\/www.miomiorun.com\/es\/#organization","name":"MioMio Run","url":"https:\/\/www.miomiorun.com\/es\/","logo":{"@type":"ImageObject","inLanguage":"es-ES","@id":"https:\/\/www.miomiorun.com\/es\/#\/schema\/logo\/image\/","url":"https:\/\/www.miomiorun.com\/app\/uploads\/2019\/12\/logomio.png","contentUrl":"https:\/\/www.miomiorun.com\/app\/uploads\/2019\/12\/logomio.png","width":115,"height":82,"caption":"MioMio Run"},"image":{"@id":"https:\/\/www.miomiorun.com\/es\/#\/schema\/logo\/image\/"},"sameAs":["https:\/\/www.facebook.com\/miomiorun\/","https:\/\/www.instagram.com\/miomiorun\/"]}]}},"_links":{"self":[{"href":"https:\/\/www.miomiorun.com\/es\/wp-json\/wp\/v2\/product\/288020","targetHints":{"allow":["GET"]}}],"collection":[{"href":"https:\/\/www.miomiorun.com\/es\/wp-json\/wp\/v2\/product"}],"about":[{"href":"https:\/\/www.miomiorun.com\/es\/wp-json\/wp\/v2\/types\/product"}],"wp:featuredmedia":[{"embeddable":true,"href":"https:\/\/www.miomiorun.com\/es\/wp-json\/wp\/v2\/media\/244397"}],"wp:attachment":[{"href":"https:\/\/www.miomiorun.com\/es\/wp-json\/wp\/v2\/media?parent=288020"}],"wp:term":[{"taxonomy":"product_brand","embeddable":true,"href":"https:\/\/www.miomiorun.com\/es\/wp-json\/wp\/v2\/product_brand?post=288020"},{"taxonomy":"product_cat","embeddable":true,"href":"https:\/\/www.miomiorun.com\/es\/wp-json\/wp\/v2\/product_cat?post=288020"},{"taxonomy":"product_tag","embeddable":true,"href":"https:\/\/www.miomiorun.com\/es\/wp-json\/wp\/v2\/product_tag?post=288020"}],"curies":[{"name":"wp","href":"https:\/\/api.w.org\/{rel}","templated":true}]}}