{"id":287954,"date":"2023-10-05T11:03:14","date_gmt":"2023-10-05T09:03:14","guid":{"rendered":"https:\/\/miomiorun.com\/prodotto\/openrun-pro\/"},"modified":"2026-05-08T21:50:37","modified_gmt":"2026-05-08T19:50:37","slug":"openrun-pro","status":"publish","type":"product","link":"https:\/\/www.miomiorun.com\/es\/producto\/openrun-pro\/","title":{"rendered":"OpenRun Pro"},"content":{"rendered":"<p><div class=\"vc-row container\"><div class=\"vc-column\"><div class=\"vc-column-text\"><\/p>\n<div style=\"width: 1920px;\" class=\"wp-video\"><video class=\"wp-video-shortcode\" id=\"video-287954-1\" width=\"1920\" height=\"820\" loop autoplay preload=\"metadata\" controls=\"controls\"><source type=\"video\/mp4\" src=\"https:\/\/miomiorun.com\/wp-content\/uploads\/2023\/10\/Openrun_pro_banner__1.8.mp4?_=1\" \/><a href=\"https:\/\/miomiorun.com\/wp-content\/uploads\/2023\/10\/Openrun_pro_banner__1.8.mp4\">https:\/\/miomiorun.com\/wp-content\/uploads\/2023\/10\/Openrun_pro_banner__1.8.mp4<\/a><\/video><\/div>\n<p><\/div><div style=\"height:32px\" class=\"vc-empty-space\"><\/div><div class=\"vc-column-text\"><strong>OpenRun Pro<\/strong>, nuestros auriculares deportivos de gama alta con una calidad de audio sin precedentes. La tecnolog\u00eda mejorada, que incluye graves potenciados, 10 horas de m\u00fasica y llamadas, la funci\u00f3n de carga r\u00e1pida y nuestro caracter\u00edstico dise\u00f1o de oreja abierta que conoces y te encanta, est\u00e1 lista para redefinir todo lo que sab\u00edas sobre la escucha de oreja abierta.<\/p>\n<h2 class=\"item-title\">Tecnolog\u00eda TurboPitch\u2122 de Shokz<\/h2>\n<div class=\"item-text\">Los auriculares est\u00e1n dise\u00f1ados para ofrecer un sonido superior. Los auriculares OpenRun Pro se han dise\u00f1ado con la novena generaci\u00f3n de tecnolog\u00eda de conducci\u00f3n \u00f3sea para proporcionar un sonido n\u00edtido y claro en las frecuencias medias y altas, adem\u00e1s de dos unidades CoreCushion (refuerzos para los graves) situadas dentro de los transductores, que garantizan que se escuche cada nota, cada latido y cada sonido. <\/div>\n<div>\n<h2 class=\"item-title\">10 horas de m\u00fasica y llamadas<\/h2>\n<div class=\"item-text\">Los auriculares OpenRun Pro ofrecen 10 horas de m\u00fasica y llamadas, para mantener la energ\u00eda durante las largas sesiones de entrenamiento.<\/div>\n<div>\n<div class=\"item\">\n<div class=\"text-wrapper\">\n<h2 class=\"item-title\">Resistentes al agua IP55<\/h2>\n<div class=\"item-text\">Con un grado de protecci\u00f3n IP55 que resiste el polvo y la humedad, los auriculares OpenRun Pro son tan resistentes que pueden soportar carreras bajo la lluvia, el sudor o condiciones dif\u00edciles.<\/div>\n<div class=\"item-text\"><\/div>\n<\/div>\n<\/div>\n<div class=\"item\">\n<div class=\"text-wrapper\">\n<h2 class=\"item-title\">Doble micr\u00f3fono con supresi\u00f3n de ruido<\/h2>\n<div class=\"item-text\">Para responder a las llamadas, independientemente del lugar en el que est\u00e9s entrenando. Los auriculares OpenRun Pro est\u00e1n equipados con un doble micr\u00f3fono con supresi\u00f3n de ruido para llamadas n\u00edtidas en ambos sentidos.<\/div>\n<div>\n<div class=\"item\">\n<div class=\"text-wrapper\">\n<h2 class=\"item-title\">Carga r\u00e1pida<\/h2>\n<div class=\"item-text\">Una carga r\u00e1pida de 5 minutos proporciona 1,5 horas de autonom\u00eda de escucha para estar siempre conectado.<\/div>\n<div class=\"item-text\"><\/div>\n<\/div>\n<\/div>\n<div class=\"item\">\n<div class=\"text-wrapper\">\n<h2 class=\"item-title\">Caracter\u00edstica distintiva de Shokz Open-Ear<br \/>\nCaracter\u00edsticas: Seguridad<\/h2>\n<div class=\"item-text\">Con OpenRun Pro puedes alcanzar tus objetivos de entrenamiento sin perder de vista el tr\u00e1fico, los peatones, los ciclistas y mucho m\u00e1s. Disfruta de la tranquilidad mientras montas en bicicleta, corres y te enfrentas a cualquier competici\u00f3n, reduciendo exponencialmente los accidentes de tr\u00e1fico cuando corres por la carretera.<\/div>\n<div>\n<h2 class=\"item-title\">Ajuste seguro<\/h2>\n<div class=\"item-text\">El soporte envolvente de titanio garantiza un ajuste seguro que se mantiene en su sitio durante cualquier entrenamiento, carrera o competici\u00f3n.<\/div>\n<\/div>\n<\/div>\n<\/div>\n<\/div>\n<\/div>\n<\/div>\n<\/div>\n<\/div>\n<p><\/div><\/div><\/div><div class=\"vc-row container\"><div class=\"vc-column\"><\/div><\/div><\/p>\n","protected":false},"excerpt":{"rendered":"<ul>\n<li class=\"title fadein-0 fadein-01-mb\">Comodidad con el o\u00eddo al aire.<\/li>\n<li>Resistente al agua.<\/li>\n<li>TECNOLOG\u00cdA DE CONDUCCI\u00d3N \u00d3SEA.<\/li>\n<\/ul>\n","protected":false},"featured_media":243407,"template":"","meta":{"_acf_changed":false,"inline_featured_image":false},"product_brand":[],"product_cat":[24205,24207],"product_tag":[23543],"class_list":{"0":"post-287954","1":"product","2":"type-product","3":"status-publish","4":"has-post-thumbnail","6":"product_cat-accesorios","7":"product_cat-auriculares","8":"product_tag-shokz-es","9":"pa_attivita-caminar","10":"pa_attivita-fitness-es","11":"pa_attivita-lifestyle-es","12":"pa_attivita-outdoor-es","13":"pa_attivita-running-es","14":"pa_attivita-trail-es","15":"pa_colore-openrun-pro-beige-es","16":"pa_colore-openrun-pro-black-es","17":"pa_colore-openrun-pro-blue-es","18":"pa_colore-openrun-pro-pink-es","19":"pa_marca-shokz-es","20":"pa_sesso-hombre","21":"pa_sesso-mujer","23":"first","24":"instock","25":"sale","26":"taxable","27":"shipping-taxable","28":"purchasable","29":"product-type-variable","30":"wvs-archive-product-wrapper"},"acf":[],"yoast_head":"<!-- This site is optimized with the Yoast SEO plugin v26.8 - https:\/\/yoast.com\/product\/yoast-seo-wordpress\/ -->\n<title>Shokz OpenRun Pro - auriculares para correr - MioMioRun<\/title>\n<meta name=\"description\" content=\"OpenRun Pro, nuestros auriculares deportivos de gama alta con una calidad de sonido sin precedentes. Tecnolog\u00eda mejorada, que incluye graves potenciados\" \/>\n<meta name=\"robots\" content=\"index, follow, max-snippet:-1, max-image-preview:large, max-video-preview:-1\" \/>\n<link rel=\"canonical\" href=\"https:\/\/www.miomiorun.com\/es\/producto\/openrun-pro\/\" \/>\n<meta property=\"og:locale\" content=\"es_ES\" \/>\n<meta property=\"og:type\" content=\"article\" \/>\n<meta property=\"og:title\" content=\"Shokz OpenRun Pro - auriculares para correr - MioMioRun\" \/>\n<meta property=\"og:description\" content=\"OpenRun Pro, nuestros auriculares deportivos de gama alta con una calidad de sonido sin precedentes. Tecnolog\u00eda mejorada, que incluye graves potenciados\" \/>\n<meta property=\"og:url\" content=\"https:\/\/www.miomiorun.com\/es\/producto\/openrun-pro\/\" \/>\n<meta property=\"og:site_name\" content=\"MioMioRun\" \/>\n<meta property=\"article:publisher\" content=\"https:\/\/www.facebook.com\/miomiorun\/\" \/>\n<meta property=\"article:modified_time\" content=\"2026-05-08T19:50:37+00:00\" \/>\n<meta property=\"og:image\" content=\"https:\/\/www.miomiorun.com\/app\/uploads\/2023\/10\/shokz-openrun-pro-black-S810BK.jpg\" \/>\n\t<meta property=\"og:image:width\" content=\"600\" \/>\n\t<meta property=\"og:image:height\" content=\"600\" \/>\n\t<meta property=\"og:image:type\" content=\"image\/jpeg\" \/>\n<meta name=\"twitter:card\" content=\"summary_large_image\" \/>\n<meta name=\"twitter:label1\" content=\"Est. reading time\" \/>\n\t<meta name=\"twitter:data1\" content=\"2 minutes\" \/>\n<script type=\"application\/ld+json\" class=\"yoast-schema-graph\">{\"@context\":\"https:\/\/schema.org\",\"@graph\":[{\"@type\":\"WebPage\",\"@id\":\"https:\/\/www.miomiorun.com\/es\/producto\/openrun-pro\/\",\"url\":\"https:\/\/www.miomiorun.com\/es\/producto\/openrun-pro\/\",\"name\":\"Shokz OpenRun Pro - auriculares para correr - MioMioRun\",\"isPartOf\":{\"@id\":\"https:\/\/www.miomiorun.com\/es\/#website\"},\"primaryImageOfPage\":{\"@id\":\"https:\/\/www.miomiorun.com\/es\/producto\/openrun-pro\/#primaryimage\"},\"image\":{\"@id\":\"https:\/\/www.miomiorun.com\/es\/producto\/openrun-pro\/#primaryimage\"},\"thumbnailUrl\":\"https:\/\/www.miomiorun.com\/app\/uploads\/2023\/10\/shokz-openrun-pro-black-S810BK.jpg\",\"datePublished\":\"2023-10-05T09:03:14+00:00\",\"dateModified\":\"2026-05-08T19:50:37+00:00\",\"description\":\"OpenRun Pro, nuestros auriculares deportivos de gama alta con una calidad de sonido sin precedentes. Tecnolog\u00eda mejorada, que incluye graves potenciados\",\"breadcrumb\":{\"@id\":\"https:\/\/www.miomiorun.com\/es\/producto\/openrun-pro\/#breadcrumb\"},\"inLanguage\":\"es-ES\",\"potentialAction\":[{\"@type\":\"ReadAction\",\"target\":[\"https:\/\/www.miomiorun.com\/es\/producto\/openrun-pro\/\"]}]},{\"@type\":\"ImageObject\",\"inLanguage\":\"es-ES\",\"@id\":\"https:\/\/www.miomiorun.com\/es\/producto\/openrun-pro\/#primaryimage\",\"url\":\"https:\/\/www.miomiorun.com\/app\/uploads\/2023\/10\/shokz-openrun-pro-black-S810BK.jpg\",\"contentUrl\":\"https:\/\/www.miomiorun.com\/app\/uploads\/2023\/10\/shokz-openrun-pro-black-S810BK.jpg\",\"width\":600,\"height\":600,\"caption\":\"shokz-openrun-pro-black-S810BK\"},{\"@type\":\"BreadcrumbList\",\"@id\":\"https:\/\/www.miomiorun.com\/es\/producto\/openrun-pro\/#breadcrumb\",\"itemListElement\":[{\"@type\":\"ListItem\",\"position\":1,\"name\":\"Home\",\"item\":\"https:\/\/www.miomiorun.com\/es\/\"},{\"@type\":\"ListItem\",\"position\":2,\"name\":\"Shop\",\"item\":\"https:\/\/www.miomiorun.com\/shop\/\"},{\"@type\":\"ListItem\",\"position\":3,\"name\":\"OpenRun Pro\"}]},{\"@type\":\"WebSite\",\"@id\":\"https:\/\/www.miomiorun.com\/es\/#website\",\"url\":\"https:\/\/www.miomiorun.com\/es\/\",\"name\":\"MioMioRun\",\"description\":\"Tienda 100% running y trail\",\"publisher\":{\"@id\":\"https:\/\/www.miomiorun.com\/es\/#organization\"},\"potentialAction\":[{\"@type\":\"SearchAction\",\"target\":{\"@type\":\"EntryPoint\",\"urlTemplate\":\"https:\/\/www.miomiorun.com\/es\/?s={search_term_string}\"},\"query-input\":{\"@type\":\"PropertyValueSpecification\",\"valueRequired\":true,\"valueName\":\"search_term_string\"}}],\"inLanguage\":\"es-ES\"},{\"@type\":\"Organization\",\"@id\":\"https:\/\/www.miomiorun.com\/es\/#organization\",\"name\":\"MioMio Run\",\"url\":\"https:\/\/www.miomiorun.com\/es\/\",\"logo\":{\"@type\":\"ImageObject\",\"inLanguage\":\"es-ES\",\"@id\":\"https:\/\/www.miomiorun.com\/es\/#\/schema\/logo\/image\/\",\"url\":\"https:\/\/www.miomiorun.com\/app\/uploads\/2019\/12\/logomio.png\",\"contentUrl\":\"https:\/\/www.miomiorun.com\/app\/uploads\/2019\/12\/logomio.png\",\"width\":115,\"height\":82,\"caption\":\"MioMio Run\"},\"image\":{\"@id\":\"https:\/\/www.miomiorun.com\/es\/#\/schema\/logo\/image\/\"},\"sameAs\":[\"https:\/\/www.facebook.com\/miomiorun\/\",\"https:\/\/www.instagram.com\/miomiorun\/\"]}]}<\/script>\n<!-- \/ Yoast SEO plugin. -->","yoast_head_json":{"title":"Shokz OpenRun Pro - auriculares para correr - MioMioRun","description":"OpenRun Pro, nuestros auriculares deportivos de gama alta con una calidad de sonido sin precedentes. Tecnolog\u00eda mejorada, que incluye graves potenciados","robots":{"index":"index","follow":"follow","max-snippet":"max-snippet:-1","max-image-preview":"max-image-preview:large","max-video-preview":"max-video-preview:-1"},"canonical":"https:\/\/www.miomiorun.com\/es\/producto\/openrun-pro\/","og_locale":"es_ES","og_type":"article","og_title":"Shokz OpenRun Pro - auriculares para correr - MioMioRun","og_description":"OpenRun Pro, nuestros auriculares deportivos de gama alta con una calidad de sonido sin precedentes. Tecnolog\u00eda mejorada, que incluye graves potenciados","og_url":"https:\/\/www.miomiorun.com\/es\/producto\/openrun-pro\/","og_site_name":"MioMioRun","article_publisher":"https:\/\/www.facebook.com\/miomiorun\/","article_modified_time":"2026-05-08T19:50:37+00:00","og_image":[{"width":600,"height":600,"url":"https:\/\/www.miomiorun.com\/app\/uploads\/2023\/10\/shokz-openrun-pro-black-S810BK.jpg","type":"image\/jpeg"}],"twitter_card":"summary_large_image","twitter_misc":{"Est. reading time":"2 minutes"},"schema":{"@context":"https:\/\/schema.org","@graph":[{"@type":"WebPage","@id":"https:\/\/www.miomiorun.com\/es\/producto\/openrun-pro\/","url":"https:\/\/www.miomiorun.com\/es\/producto\/openrun-pro\/","name":"Shokz OpenRun Pro - auriculares para correr - MioMioRun","isPartOf":{"@id":"https:\/\/www.miomiorun.com\/es\/#website"},"primaryImageOfPage":{"@id":"https:\/\/www.miomiorun.com\/es\/producto\/openrun-pro\/#primaryimage"},"image":{"@id":"https:\/\/www.miomiorun.com\/es\/producto\/openrun-pro\/#primaryimage"},"thumbnailUrl":"https:\/\/www.miomiorun.com\/app\/uploads\/2023\/10\/shokz-openrun-pro-black-S810BK.jpg","datePublished":"2023-10-05T09:03:14+00:00","dateModified":"2026-05-08T19:50:37+00:00","description":"OpenRun Pro, nuestros auriculares deportivos de gama alta con una calidad de sonido sin precedentes. Tecnolog\u00eda mejorada, que incluye graves potenciados","breadcrumb":{"@id":"https:\/\/www.miomiorun.com\/es\/producto\/openrun-pro\/#breadcrumb"},"inLanguage":"es-ES","potentialAction":[{"@type":"ReadAction","target":["https:\/\/www.miomiorun.com\/es\/producto\/openrun-pro\/"]}]},{"@type":"ImageObject","inLanguage":"es-ES","@id":"https:\/\/www.miomiorun.com\/es\/producto\/openrun-pro\/#primaryimage","url":"https:\/\/www.miomiorun.com\/app\/uploads\/2023\/10\/shokz-openrun-pro-black-S810BK.jpg","contentUrl":"https:\/\/www.miomiorun.com\/app\/uploads\/2023\/10\/shokz-openrun-pro-black-S810BK.jpg","width":600,"height":600,"caption":"shokz-openrun-pro-black-S810BK"},{"@type":"BreadcrumbList","@id":"https:\/\/www.miomiorun.com\/es\/producto\/openrun-pro\/#breadcrumb","itemListElement":[{"@type":"ListItem","position":1,"name":"Home","item":"https:\/\/www.miomiorun.com\/es\/"},{"@type":"ListItem","position":2,"name":"Shop","item":"https:\/\/www.miomiorun.com\/shop\/"},{"@type":"ListItem","position":3,"name":"OpenRun Pro"}]},{"@type":"WebSite","@id":"https:\/\/www.miomiorun.com\/es\/#website","url":"https:\/\/www.miomiorun.com\/es\/","name":"MioMioRun","description":"Tienda 100% running y trail","publisher":{"@id":"https:\/\/www.miomiorun.com\/es\/#organization"},"potentialAction":[{"@type":"SearchAction","target":{"@type":"EntryPoint","urlTemplate":"https:\/\/www.miomiorun.com\/es\/?s={search_term_string}"},"query-input":{"@type":"PropertyValueSpecification","valueRequired":true,"valueName":"search_term_string"}}],"inLanguage":"es-ES"},{"@type":"Organization","@id":"https:\/\/www.miomiorun.com\/es\/#organization","name":"MioMio Run","url":"https:\/\/www.miomiorun.com\/es\/","logo":{"@type":"ImageObject","inLanguage":"es-ES","@id":"https:\/\/www.miomiorun.com\/es\/#\/schema\/logo\/image\/","url":"https:\/\/www.miomiorun.com\/app\/uploads\/2019\/12\/logomio.png","contentUrl":"https:\/\/www.miomiorun.com\/app\/uploads\/2019\/12\/logomio.png","width":115,"height":82,"caption":"MioMio Run"},"image":{"@id":"https:\/\/www.miomiorun.com\/es\/#\/schema\/logo\/image\/"},"sameAs":["https:\/\/www.facebook.com\/miomiorun\/","https:\/\/www.instagram.com\/miomiorun\/"]}]}},"_links":{"self":[{"href":"https:\/\/www.miomiorun.com\/es\/wp-json\/wp\/v2\/product\/287954","targetHints":{"allow":["GET"]}}],"collection":[{"href":"https:\/\/www.miomiorun.com\/es\/wp-json\/wp\/v2\/product"}],"about":[{"href":"https:\/\/www.miomiorun.com\/es\/wp-json\/wp\/v2\/types\/product"}],"wp:featuredmedia":[{"embeddable":true,"href":"https:\/\/www.miomiorun.com\/es\/wp-json\/wp\/v2\/media\/243407"}],"wp:attachment":[{"href":"https:\/\/www.miomiorun.com\/es\/wp-json\/wp\/v2\/media?parent=287954"}],"wp:term":[{"taxonomy":"product_brand","embeddable":true,"href":"https:\/\/www.miomiorun.com\/es\/wp-json\/wp\/v2\/product_brand?post=287954"},{"taxonomy":"product_cat","embeddable":true,"href":"https:\/\/www.miomiorun.com\/es\/wp-json\/wp\/v2\/product_cat?post=287954"},{"taxonomy":"product_tag","embeddable":true,"href":"https:\/\/www.miomiorun.com\/es\/wp-json\/wp\/v2\/product_tag?post=287954"}],"curies":[{"name":"wp","href":"https:\/\/api.w.org\/{rel}","templated":true}]}}