{"id":287908,"date":"2023-10-03T12:11:24","date_gmt":"2023-10-03T10:11:24","guid":{"rendered":"https:\/\/miomiorun.com\/prodotto\/ultra-raptor-ii-jr-gtx\/"},"modified":"2026-05-08T21:50:32","modified_gmt":"2026-05-08T19:50:32","slug":"ultra-raptor-ii-jr-gtx","status":"publish","type":"product","link":"https:\/\/www.miomiorun.com\/es\/producto\/ultra-raptor-ii-jr-gtx\/","title":{"rendered":"Ultra Raptor II JR Gtx"},"content":{"rendered":"<table style=\"border-collapse: collapse;width: 100%\">\n<tbody>\n<tr>\n<td style=\"width: 33.3333%;vertical-align: top;text-align: center\">\n<h4>Especificaciones t\u00e9cnicas<\/h4>\n<p>Categor\u00eda: Amortiguaci\u00f3n estructurada<br \/>\nDesnivel: 4 mm<br \/>\nIdeal para: j\u00f3venes que necesitan una zapatilla con buena amortiguaci\u00f3n y una estructura s\u00f3lida para recorrer senderos de monta\u00f1a. Ideal para los primeros pasos en el trail o para ni\u00f1os que ya se inclinan por recorrer distancias medias-largas.<br \/>\n<a href=\"https:\/\/miomiorun.com\/guida-alle-specifiche-tecniche\/\">Gu\u00eda de especificaciones t\u00e9cnicas<\/a><\/td>\n<td style=\"width: 66.6666%;vertical-align: top;text-align: center\">\n<p class=\"product-name\" data-qa=\"productName\"><strong>Ultra Raptor II GTX <\/strong>Junior es el calzado con membrana GORE-TEX impermeable y transpirable dedicado al senderismo y pensado para los m\u00e1s peque\u00f1os. Perfecto para el uso diario y para correr o pasear por terrenos de tierra. La parte superior es de malla transpirable con refuerzos de microfibra termoadhesiva y borde antiabrasi\u00f3n para mayor ligereza y m\u00e1xima protecci\u00f3n contra los impactos. La plantilla Ortholite\u00ae Hybrid est\u00e1 fabricada con componentes reciclados del ciclo de producci\u00f3n y todos los materiales del calzado son aptos para veganos. La suela de la mezcla FriXion\u00ae Blu ofrece un excelente agarre y durabilidad. Dedicado a nuestros peque\u00f1os Velociraptor.<\/p>\n<p data-qa=\"productName\"><strong>Caracter\u00edsticas:<\/strong><\/p>\n<div class=\"description-techspecs__items\">\n<ul class=\"features-container\">\n<li class=\"feature-item\">Empeine de malla<\/li>\n<li class=\"feature-item\">Cierre r\u00e1pido<\/li>\n<li class=\"feature-item\">Entresuela de ca\u00f1a de az\u00facar reciclada al 30 %<\/li>\n<li class=\"feature-item\">Suela de goma resistente<\/li>\n<\/ul>\n<p><img decoding=\"async\" src=\"https:\/\/www.lasportiva.com\/media\/techinfo_icons\/friction-blue.png\"><\/p>\n<p>Las mezclas <strong>La Sportiva FriXion\u00ae<\/strong> se han creado con el objetivo de desarrollar bandas de rodadura con diferentes par\u00e1metros de agarre y durabilidad en funci\u00f3n del tipo de uso y del terreno en el que se utilizan las zapatillas La Sportiva.<\/p>\n<p><img decoding=\"async\" src=\"https:\/\/www.lasportiva.com\/media\/techinfo_icons\/impact-brake-system.png\"><\/p>\n<p><strong>Innovador sistema aplicado a la suela que absorbe el impacto, ayuda a la tracci\u00f3n y proporciona agarre en la frenada.<\/strong><br \/>\nConcebido y desarrollado por el centro de Investigaci\u00f3n y Desarrollo de La Sportiva, ofrece ventajas reales durante la carrera al reducir el impacto negativo con el terreno. La disposici\u00f3n particular de los tacos hace que algunos de ellos entren en contacto primero con el terreno, suavizando el apoyo de la suela.<\/p>\n<p><img decoding=\"async\" src=\"https:\/\/www.lasportiva.com\/media\/techinfo_icons\/GORETEX1.png\"><\/p>\n<p>El calzado dise\u00f1ado con la tecnolog\u00eda GORE-TEX Extended Comfort es ideal tanto en interiores como al aire libre, con temperaturas moderadas y m\u00e1s elevadas, o durante actividades de alto impacto aer\u00f3bico.<\/p>\n<p>Son impermeables a largo plazo con una transpirabilidad \u00f3ptima y garantizan una protecci\u00f3n duradera contra las inclemencias del tiempo. El agua no penetra en el interior, mientras que el sudor sale f\u00e1cilmente.<\/p>\n<p>Gracias a su construcci\u00f3n sin aislamiento, son la soluci\u00f3n perfecta para lograr un excelente confort clim\u00e1tico al eliminar el exceso de calor.<\/p>\n<p><img decoding=\"async\" src=\"https:\/\/www.lasportiva.com\/media\/techinfo_icons\/laspo6.png\"><\/p>\n<p>Los 3 modelos de Laspokids favorecen el desarrollo del ni\u00f1o a trav\u00e9s de tecnolog\u00edas pensadas para estimular de forma natural su crecimiento f\u00edsico y mental, gracias a soluciones que fomentan la libertad, la propiocepci\u00f3n, la interacci\u00f3n con el entorno y el \u00abconfort sensorial\u00bb.<br \/>\nCarrera, escalada y senderismo: 3 productos para 3 de los momentos m\u00e1s divertidos de un d\u00eda en la monta\u00f1a en compa\u00f1\u00eda de LaspoBoy y LaspoGirl: los simp\u00e1ticos personajes que, con los poderes de sus zapatillas, nos gu\u00edan al descubrimiento de la naturaleza y los deportes de monta\u00f1a.<\/p>\n<\/div>\n<\/td>\n<\/tr>\n<\/tbody>\n<\/table>\n<p>&nbsp;<\/p>\n","protected":false},"excerpt":{"rendered":"<ul>\n<li>Zapatillas para ni\u00f1os amantes de la monta\u00f1a.<\/li>\n<li>Con una amortiguaci\u00f3n excelente y un agarre \u00f3ptimo.<\/li>\n<\/ul>\n","protected":false},"featured_media":243301,"template":"","meta":{"_acf_changed":false,"inline_featured_image":false},"product_brand":[],"product_cat":[24405,24406,24407],"product_tag":[23598,24198,24197],"class_list":{"0":"post-287908","1":"product","2":"type-product","3":"status-publish","4":"has-post-thumbnail","6":"product_cat-zapatos-chica","7":"product_cat-zapatos-chico","8":"product_cat-chico","9":"product_tag-la-sportiva-es","10":"product_tag-la-sportiva-chica","11":"product_tag-la-sportiva-chico","12":"pa_attivita-caminar","13":"pa_attivita-outdoor-es","14":"pa_colore-ultra-raptor-ii-gtx-jr-papaya-sangria-es","15":"pa_colore-ultra-raptor-ii-jr-gtx-lagoon-cherry-tomato-es","16":"pa_marca-la-sportiva-es","17":"pa_sesso-hombre","18":"pa_sesso-mujer","19":"pa_size-31-es","20":"pa_size-32-es","21":"pa_size-33-es","22":"pa_size-34-es","23":"pa_size-35-es","24":"pa_size-36-es","25":"pa_size-37-es","26":"pa_size-38-es","28":"first","29":"instock","30":"sale","31":"taxable","32":"shipping-taxable","33":"purchasable","34":"product-type-variable","35":"wvs-archive-product-wrapper"},"acf":[],"yoast_head":"<!-- This site is optimized with the Yoast SEO plugin v26.8 - https:\/\/yoast.com\/product\/yoast-seo-wordpress\/ -->\n<title>La SportivaUltra Raptor II JR Gtx -zapatillas de running para ni\u00f1os - MioMioRun<\/title>\n<meta name=\"description\" content=\"Calzado con membrana GORE-TEX impermeable y transpirable, ideal para el senderismo y el tiempo libre, dise\u00f1ado para los m\u00e1s peque\u00f1os.\" \/>\n<meta name=\"robots\" content=\"index, follow, max-snippet:-1, max-image-preview:large, max-video-preview:-1\" \/>\n<link rel=\"canonical\" href=\"https:\/\/www.miomiorun.com\/es\/producto\/ultra-raptor-ii-jr-gtx\/\" \/>\n<meta property=\"og:locale\" content=\"es_ES\" \/>\n<meta property=\"og:type\" content=\"article\" \/>\n<meta property=\"og:title\" content=\"La SportivaUltra Raptor II JR Gtx -zapatillas de running para ni\u00f1os - MioMioRun\" \/>\n<meta property=\"og:description\" content=\"Calzado con membrana GORE-TEX impermeable y transpirable, ideal para el senderismo y el tiempo libre, dise\u00f1ado para los m\u00e1s peque\u00f1os.\" \/>\n<meta property=\"og:url\" content=\"https:\/\/www.miomiorun.com\/es\/producto\/ultra-raptor-ii-jr-gtx\/\" \/>\n<meta property=\"og:site_name\" content=\"MioMioRun\" \/>\n<meta property=\"article:publisher\" content=\"https:\/\/www.facebook.com\/miomiorun\/\" \/>\n<meta property=\"article:modified_time\" content=\"2026-05-08T19:50:32+00:00\" \/>\n<meta property=\"og:image\" content=\"https:\/\/www.miomiorun.com\/app\/uploads\/2023\/10\/la-sportiva-Ultra-Raptor-II-JR-Gtx-lagoon-cherry-tomato-34O638322.jpg\" \/>\n\t<meta property=\"og:image:width\" content=\"600\" \/>\n\t<meta property=\"og:image:height\" content=\"600\" \/>\n\t<meta property=\"og:image:type\" content=\"image\/jpeg\" \/>\n<meta name=\"twitter:card\" content=\"summary_large_image\" \/>\n<meta name=\"twitter:label1\" content=\"Est. reading time\" \/>\n\t<meta name=\"twitter:data1\" content=\"3 minutes\" \/>\n<script type=\"application\/ld+json\" class=\"yoast-schema-graph\">{\"@context\":\"https:\/\/schema.org\",\"@graph\":[{\"@type\":\"WebPage\",\"@id\":\"https:\/\/www.miomiorun.com\/es\/producto\/ultra-raptor-ii-jr-gtx\/\",\"url\":\"https:\/\/www.miomiorun.com\/es\/producto\/ultra-raptor-ii-jr-gtx\/\",\"name\":\"La SportivaUltra Raptor II JR Gtx -zapatillas de running para ni\u00f1os - MioMioRun\",\"isPartOf\":{\"@id\":\"https:\/\/www.miomiorun.com\/es\/#website\"},\"primaryImageOfPage\":{\"@id\":\"https:\/\/www.miomiorun.com\/es\/producto\/ultra-raptor-ii-jr-gtx\/#primaryimage\"},\"image\":{\"@id\":\"https:\/\/www.miomiorun.com\/es\/producto\/ultra-raptor-ii-jr-gtx\/#primaryimage\"},\"thumbnailUrl\":\"https:\/\/www.miomiorun.com\/app\/uploads\/2023\/10\/la-sportiva-Ultra-Raptor-II-JR-Gtx-lagoon-cherry-tomato-34O638322.jpg\",\"datePublished\":\"2023-10-03T10:11:24+00:00\",\"dateModified\":\"2026-05-08T19:50:32+00:00\",\"description\":\"Calzado con membrana GORE-TEX impermeable y transpirable, ideal para el senderismo y el tiempo libre, dise\u00f1ado para los m\u00e1s peque\u00f1os.\",\"breadcrumb\":{\"@id\":\"https:\/\/www.miomiorun.com\/es\/producto\/ultra-raptor-ii-jr-gtx\/#breadcrumb\"},\"inLanguage\":\"es-ES\",\"potentialAction\":[{\"@type\":\"ReadAction\",\"target\":[\"https:\/\/www.miomiorun.com\/es\/producto\/ultra-raptor-ii-jr-gtx\/\"]}]},{\"@type\":\"ImageObject\",\"inLanguage\":\"es-ES\",\"@id\":\"https:\/\/www.miomiorun.com\/es\/producto\/ultra-raptor-ii-jr-gtx\/#primaryimage\",\"url\":\"https:\/\/www.miomiorun.com\/app\/uploads\/2023\/10\/la-sportiva-Ultra-Raptor-II-JR-Gtx-lagoon-cherry-tomato-34O638322.jpg\",\"contentUrl\":\"https:\/\/www.miomiorun.com\/app\/uploads\/2023\/10\/la-sportiva-Ultra-Raptor-II-JR-Gtx-lagoon-cherry-tomato-34O638322.jpg\",\"width\":600,\"height\":600,\"caption\":\"la-sportiva-Ultra-Raptor-II-JR-Gtx-lagoon-cherry-tomato-34O638322\"},{\"@type\":\"BreadcrumbList\",\"@id\":\"https:\/\/www.miomiorun.com\/es\/producto\/ultra-raptor-ii-jr-gtx\/#breadcrumb\",\"itemListElement\":[{\"@type\":\"ListItem\",\"position\":1,\"name\":\"Home\",\"item\":\"https:\/\/www.miomiorun.com\/es\/\"},{\"@type\":\"ListItem\",\"position\":2,\"name\":\"Shop\",\"item\":\"https:\/\/www.miomiorun.com\/shop\/\"},{\"@type\":\"ListItem\",\"position\":3,\"name\":\"Ultra Raptor II JR Gtx\"}]},{\"@type\":\"WebSite\",\"@id\":\"https:\/\/www.miomiorun.com\/es\/#website\",\"url\":\"https:\/\/www.miomiorun.com\/es\/\",\"name\":\"MioMioRun\",\"description\":\"Tienda 100% running y trail\",\"publisher\":{\"@id\":\"https:\/\/www.miomiorun.com\/es\/#organization\"},\"potentialAction\":[{\"@type\":\"SearchAction\",\"target\":{\"@type\":\"EntryPoint\",\"urlTemplate\":\"https:\/\/www.miomiorun.com\/es\/?s={search_term_string}\"},\"query-input\":{\"@type\":\"PropertyValueSpecification\",\"valueRequired\":true,\"valueName\":\"search_term_string\"}}],\"inLanguage\":\"es-ES\"},{\"@type\":\"Organization\",\"@id\":\"https:\/\/www.miomiorun.com\/es\/#organization\",\"name\":\"MioMio Run\",\"url\":\"https:\/\/www.miomiorun.com\/es\/\",\"logo\":{\"@type\":\"ImageObject\",\"inLanguage\":\"es-ES\",\"@id\":\"https:\/\/www.miomiorun.com\/es\/#\/schema\/logo\/image\/\",\"url\":\"https:\/\/www.miomiorun.com\/app\/uploads\/2019\/12\/logomio.png\",\"contentUrl\":\"https:\/\/www.miomiorun.com\/app\/uploads\/2019\/12\/logomio.png\",\"width\":115,\"height\":82,\"caption\":\"MioMio Run\"},\"image\":{\"@id\":\"https:\/\/www.miomiorun.com\/es\/#\/schema\/logo\/image\/\"},\"sameAs\":[\"https:\/\/www.facebook.com\/miomiorun\/\",\"https:\/\/www.instagram.com\/miomiorun\/\"]}]}<\/script>\n<!-- \/ Yoast SEO plugin. -->","yoast_head_json":{"title":"La SportivaUltra Raptor II JR Gtx -zapatillas de running para ni\u00f1os - MioMioRun","description":"Calzado con membrana GORE-TEX impermeable y transpirable, ideal para el senderismo y el tiempo libre, dise\u00f1ado para los m\u00e1s peque\u00f1os.","robots":{"index":"index","follow":"follow","max-snippet":"max-snippet:-1","max-image-preview":"max-image-preview:large","max-video-preview":"max-video-preview:-1"},"canonical":"https:\/\/www.miomiorun.com\/es\/producto\/ultra-raptor-ii-jr-gtx\/","og_locale":"es_ES","og_type":"article","og_title":"La SportivaUltra Raptor II JR Gtx -zapatillas de running para ni\u00f1os - MioMioRun","og_description":"Calzado con membrana GORE-TEX impermeable y transpirable, ideal para el senderismo y el tiempo libre, dise\u00f1ado para los m\u00e1s peque\u00f1os.","og_url":"https:\/\/www.miomiorun.com\/es\/producto\/ultra-raptor-ii-jr-gtx\/","og_site_name":"MioMioRun","article_publisher":"https:\/\/www.facebook.com\/miomiorun\/","article_modified_time":"2026-05-08T19:50:32+00:00","og_image":[{"width":600,"height":600,"url":"https:\/\/www.miomiorun.com\/app\/uploads\/2023\/10\/la-sportiva-Ultra-Raptor-II-JR-Gtx-lagoon-cherry-tomato-34O638322.jpg","type":"image\/jpeg"}],"twitter_card":"summary_large_image","twitter_misc":{"Est. reading time":"3 minutes"},"schema":{"@context":"https:\/\/schema.org","@graph":[{"@type":"WebPage","@id":"https:\/\/www.miomiorun.com\/es\/producto\/ultra-raptor-ii-jr-gtx\/","url":"https:\/\/www.miomiorun.com\/es\/producto\/ultra-raptor-ii-jr-gtx\/","name":"La SportivaUltra Raptor II JR Gtx -zapatillas de running para ni\u00f1os - MioMioRun","isPartOf":{"@id":"https:\/\/www.miomiorun.com\/es\/#website"},"primaryImageOfPage":{"@id":"https:\/\/www.miomiorun.com\/es\/producto\/ultra-raptor-ii-jr-gtx\/#primaryimage"},"image":{"@id":"https:\/\/www.miomiorun.com\/es\/producto\/ultra-raptor-ii-jr-gtx\/#primaryimage"},"thumbnailUrl":"https:\/\/www.miomiorun.com\/app\/uploads\/2023\/10\/la-sportiva-Ultra-Raptor-II-JR-Gtx-lagoon-cherry-tomato-34O638322.jpg","datePublished":"2023-10-03T10:11:24+00:00","dateModified":"2026-05-08T19:50:32+00:00","description":"Calzado con membrana GORE-TEX impermeable y transpirable, ideal para el senderismo y el tiempo libre, dise\u00f1ado para los m\u00e1s peque\u00f1os.","breadcrumb":{"@id":"https:\/\/www.miomiorun.com\/es\/producto\/ultra-raptor-ii-jr-gtx\/#breadcrumb"},"inLanguage":"es-ES","potentialAction":[{"@type":"ReadAction","target":["https:\/\/www.miomiorun.com\/es\/producto\/ultra-raptor-ii-jr-gtx\/"]}]},{"@type":"ImageObject","inLanguage":"es-ES","@id":"https:\/\/www.miomiorun.com\/es\/producto\/ultra-raptor-ii-jr-gtx\/#primaryimage","url":"https:\/\/www.miomiorun.com\/app\/uploads\/2023\/10\/la-sportiva-Ultra-Raptor-II-JR-Gtx-lagoon-cherry-tomato-34O638322.jpg","contentUrl":"https:\/\/www.miomiorun.com\/app\/uploads\/2023\/10\/la-sportiva-Ultra-Raptor-II-JR-Gtx-lagoon-cherry-tomato-34O638322.jpg","width":600,"height":600,"caption":"la-sportiva-Ultra-Raptor-II-JR-Gtx-lagoon-cherry-tomato-34O638322"},{"@type":"BreadcrumbList","@id":"https:\/\/www.miomiorun.com\/es\/producto\/ultra-raptor-ii-jr-gtx\/#breadcrumb","itemListElement":[{"@type":"ListItem","position":1,"name":"Home","item":"https:\/\/www.miomiorun.com\/es\/"},{"@type":"ListItem","position":2,"name":"Shop","item":"https:\/\/www.miomiorun.com\/shop\/"},{"@type":"ListItem","position":3,"name":"Ultra Raptor II JR Gtx"}]},{"@type":"WebSite","@id":"https:\/\/www.miomiorun.com\/es\/#website","url":"https:\/\/www.miomiorun.com\/es\/","name":"MioMioRun","description":"Tienda 100% running y trail","publisher":{"@id":"https:\/\/www.miomiorun.com\/es\/#organization"},"potentialAction":[{"@type":"SearchAction","target":{"@type":"EntryPoint","urlTemplate":"https:\/\/www.miomiorun.com\/es\/?s={search_term_string}"},"query-input":{"@type":"PropertyValueSpecification","valueRequired":true,"valueName":"search_term_string"}}],"inLanguage":"es-ES"},{"@type":"Organization","@id":"https:\/\/www.miomiorun.com\/es\/#organization","name":"MioMio Run","url":"https:\/\/www.miomiorun.com\/es\/","logo":{"@type":"ImageObject","inLanguage":"es-ES","@id":"https:\/\/www.miomiorun.com\/es\/#\/schema\/logo\/image\/","url":"https:\/\/www.miomiorun.com\/app\/uploads\/2019\/12\/logomio.png","contentUrl":"https:\/\/www.miomiorun.com\/app\/uploads\/2019\/12\/logomio.png","width":115,"height":82,"caption":"MioMio Run"},"image":{"@id":"https:\/\/www.miomiorun.com\/es\/#\/schema\/logo\/image\/"},"sameAs":["https:\/\/www.facebook.com\/miomiorun\/","https:\/\/www.instagram.com\/miomiorun\/"]}]}},"_links":{"self":[{"href":"https:\/\/www.miomiorun.com\/es\/wp-json\/wp\/v2\/product\/287908","targetHints":{"allow":["GET"]}}],"collection":[{"href":"https:\/\/www.miomiorun.com\/es\/wp-json\/wp\/v2\/product"}],"about":[{"href":"https:\/\/www.miomiorun.com\/es\/wp-json\/wp\/v2\/types\/product"}],"wp:featuredmedia":[{"embeddable":true,"href":"https:\/\/www.miomiorun.com\/es\/wp-json\/wp\/v2\/media\/243301"}],"wp:attachment":[{"href":"https:\/\/www.miomiorun.com\/es\/wp-json\/wp\/v2\/media?parent=287908"}],"wp:term":[{"taxonomy":"product_brand","embeddable":true,"href":"https:\/\/www.miomiorun.com\/es\/wp-json\/wp\/v2\/product_brand?post=287908"},{"taxonomy":"product_cat","embeddable":true,"href":"https:\/\/www.miomiorun.com\/es\/wp-json\/wp\/v2\/product_cat?post=287908"},{"taxonomy":"product_tag","embeddable":true,"href":"https:\/\/www.miomiorun.com\/es\/wp-json\/wp\/v2\/product_tag?post=287908"}],"curies":[{"name":"wp","href":"https:\/\/api.w.org\/{rel}","templated":true}]}}