{"id":287894,"date":"2023-10-16T10:20:48","date_gmt":"2023-10-16T08:20:48","guid":{"rendered":"https:\/\/miomiorun.com\/prodotto\/cyklon-cross-gtx-donna\/"},"modified":"2026-04-22T16:15:00","modified_gmt":"2026-04-22T14:15:00","slug":"cyklon-cross-gtx-mujer","status":"publish","type":"product","link":"https:\/\/www.miomiorun.com\/es\/producto\/cyklon-cross-gtx-mujer\/","title":{"rendered":"Cyklon Cross Gtx mujer"},"content":{"rendered":"<div class=\"vc-row container\"><div class=\"vc-column\"><div class=\"vc-column-text\"><\/p>\n<p><strong>Especificaciones t\u00e9cnicas<\/strong><\/p>\n<p>Categor\u00eda: amortiguaci\u00f3n intermedia<br \/>\nDiferencial: 7 mm<br \/>\nPeso: 260 g<br \/>\nIdeal para: amantes del trail running en terrenos t\u00e9cnicos en distancias medias y para carreras de monta\u00f1a.<br \/>\nPeso del atleta: 60-70 kg<br \/>\nRitmo de carrera: medio-r\u00e1pido (por debajo de 5,00 min\/km)<br \/>\n<a href=\"https:\/\/miomiorun.com\/guida-alle-specifiche-tecniche\/\">Gu\u00eda de especificaciones t\u00e9cnicas<\/a><\/p>\n<p><\/div><\/div><div class=\"vc-column\"><div class=\"vc-column-text\"><strong>Cyklon Cross GTX<\/strong> para mujer es el calzado t\u00e9cnico de Mountain Running\u00ae con polaina repelente al agua integrada y sistema de cordones<strong> BOA\u00ae Fit System<\/strong>. Dise\u00f1ada para entrenamientos y competiciones todoterreno en los meses de invierno, tambi\u00e9n es apta para su uso con raquetas de nieve. La membrana <strong>GORE-TEX<\/strong>, impermeable y transpirable, act\u00faa en sinergia con la polaina repelente al agua impidiendo la entrada de barro y nieve. La comodidad del calzado se consigue gracias al sistema \u00abEasy-in\u00bb, que facilita y agiliza las operaciones de calzado. El uso de la tecnolog\u00eda BOA\u00ae Fit System permite una mayor precisi\u00f3n y rapidez en el ajuste del volumen. La suela es de la mezcla FriXion\u00ae White, ultraadherente, y est\u00e1 preparada para el montaje de clavos AT Grip para aumentar el agarre en terrenos nevados o helados. Imprescindible para todos aquellos que aman correr y competir tambi\u00e9n en la temporada de invierno.<\/p>\n<p><strong> Cyklon Cross GTX: para tu invierno.<\/strong><\/p>\n<p><strong>Caracter\u00edsticas:<\/strong><\/p>\n<ul>\n<li>Fald\u00f3n repelente al agua de malla bi-el\u00e1stica<\/li>\n<li>Membrana impermeable GORE-TEX con tecnolog\u00eda Flex Construction<\/li>\n<li>Sistema de cierre r\u00e1pido y preciso BOA\u00ae Fit System<\/li>\n<li>Entrada \u00abEasy-in\u00bb que facilita y agiliza el calzado.<\/li>\n<li>Reflejantes en la polaina y la cinta para uso nocturno<\/li>\n<li>Suela de compuesto FriXion\u00ae White ultraadherente preparada para el montaje de clavos AT Grip para aumentar el agarre en terrenos nevados o helados<\/li>\n<\/ul>\n<p><b>Funda:<\/b><br \/>\nMalla simple bi-el\u00e1stica, repelente al agua, antideslizante y resistente a la abrasi\u00f3n + Cremallera transversal YKK\u00ae repelente al agua con revestimiento superficial<br \/>\n<b>Empeine:<\/b><br \/>\nMalla 3D resistente a la abrasi\u00f3n y al arrastre + Banda envolvente de microfibra con revestimiento antiabrasi\u00f3n + puntera de TPU.<br \/>\n<b>Forro:<\/b><br \/>\nGore\u00ae Flex Construction<br \/>\n<b>Plantilla:<\/b><br \/>\nOrtholite\u00ae Hybrid Mountain Running Ergonomic 4 mm<br \/>\n<b>Entresuela:<\/b><br \/>\nEVA inyectado amortiguador y de doble densidad con inserto estabilizador<br \/>\n<b>Suela:<\/b><br \/>\nFriXion\u00ae White ultraadherente con posibilidad de montar clavos AT Grip<\/p>\n<p><b>INFORMACI\u00d3N T\u00c9CNICA<\/b><\/p>\n<p><img decoding=\"async\" src=\"https:\/\/www.lasportiva.com\/media\/techinfo_icons\/Mud-terrain.png\" alt=\"La Sportiva\" \/><\/p>\n<p><strong>TERRENOS BASTOS:<br \/>\n<\/strong>Suelas dise\u00f1adas para correr sobre terrenos blandos y embarrados gracias al grosor, la forma y la distancia entre los tacos que componen la banda de rodadura.<\/p>\n<p><img decoding=\"async\" src=\"https:\/\/www.lasportiva.com\/media\/techinfo_icons\/Injected.png\" \/><\/p>\n<p><strong>EVA &#8211; INYECTADA<br \/>\n<\/strong>Las suelas inyectadas ofrecen un alto grado de amortiguaci\u00f3n y una gran elasticidad del material. Estas propiedades permiten recibir un impulso propulsor del terreno, lo que favorece la carrera en terrenos todoterreno. Adem\u00e1s, el EVA inyectado reduce considerablemente el efecto de aplastamiento con el paso del tiempo, lo que permite que el material mantenga las mismas caracter\u00edsticas de rendimiento a lo largo del tiempo.<\/p>\n<p><img decoding=\"async\" src=\"https:\/\/www.lasportiva.com\/media\/OrtholiteHybridBLU_75x75.png\" \/><\/p>\n<p>Los<strong> modelos de la l\u00ednea Mountain Running\u00ae<\/strong> incorporan las exclusivas plantillas ecol\u00f3gicas La Sportiva by<strong> OrthoLite\u00ae Hybrid,<\/strong> fabricadas con un 20 % de materiales reciclados derivados del ciclo de producci\u00f3n. Se trata de plantillas dise\u00f1adas tanto para el pie masculino como para el femenino, que adoptan diferentes grosores y materiales en funci\u00f3n del peso medio del usuario.<\/p>\n<p>\u2022 Ecol\u00f3gicas y lavables: contienen caucho reciclado y se pueden lavar a m\u00e1quina.<br \/>\n\u2022 M\u00e1ximo confort de calzado gracias a la ventilaci\u00f3n plantar y a las celdas de espuma de PU altamente transpirables, para un pie siempre seco y un confort clim\u00e1tico perfecto.<br \/>\n\u2022 Favorecen la evacuaci\u00f3n del sudor, manteniendo el pie seco.<br \/>\n\u2022 Gran durabilidad gracias a una tecnolog\u00eda que evita la compresi\u00f3n excesiva del material: la compresi\u00f3n a lo largo del tiempo es inferior al 5 %.<\/p>\n<p><img decoding=\"async\" src=\"https:\/\/www.lasportiva.com\/media\/techinfo_icons\/high-volume.png\" \/><\/p>\n<p><b>High Volume:<\/b><br \/>\nAjuste amplio y c\u00f3modo, ideal para entrenamientos y carreras de larga distancia.<\/p>\n<p><img decoding=\"async\" class=\"img-responsive margin-bottom-sm\" src=\"https:\/\/www.lasportiva.com\/media\/techinfo_icons\/impact-brake-system.png\" \/><\/p>\n<p><strong>Innovador sistema aplicado a la suela que absorbe el impacto, ayuda en la tracci\u00f3n y proporciona agarre en el frenado.<\/strong><br \/>\nDise\u00f1ado y desarrollado por el centro de Investigaci\u00f3n y Desarrollo de La Sportiva, ofrece ventajas reales durante la carrera al reducir el impacto negativo con el terreno. La disposici\u00f3n particular de los tacos hace que algunos de ellos entren en contacto primero con el terreno, suavizando el apoyo de la suela.<\/p>\n<p><img decoding=\"async\" class=\"img-responsive margin-bottom-sm\" src=\"https:\/\/www.lasportiva.com\/media\/techinfo_icons\/friction-white.png\" \/><\/p>\n<p>Las mezclas <strong>La Sportiva FriXion\u00ae<\/strong> se han creado con el objetivo de desarrollar suelas con diferentes par\u00e1metros de agarre y durabilidad en funci\u00f3n del tipo de uso y del terreno en el que se utilizan las zapatillas La Sportiva.<\/p>\n<p><strong>La gama FriXion<\/strong> se compone de 5 tipos de compuestos utilizados en calzado de trail running y escalada.<\/p>\n<p><img decoding=\"async\" src=\"https:\/\/www.lasportiva.com\/media\/GORETEX_Icona_75x75.png\" alt=\"\" \/><\/p>\n<p><strong>GORE\u00ae FLEX CONSTRUCTION<\/strong><\/p>\n<p><img loading=\"lazy\" decoding=\"async\" src=\"https:\/\/www.lasportiva.com\/media\/wysiwyg\/BOA_Icone_75x75.png\" alt=\"\" width=\"75\" height=\"75\" \/><\/p>\n<p><strong>SISTEMA BOA\u00ae FIT<br \/>\n<\/strong>El sistema BOA\u00ae Fit garantiza un ajuste preciso y microajustable, dise\u00f1ado para ofrecerte el<br \/>\nmejor rendimiento en las condiciones m\u00e1s dif\u00edciles.<\/p>\n<p><strong>AGILIDAD Y VELOCIDAD<\/strong><br \/>\nEl sistema BOA\u00ae Fit System permite cambios de direcci\u00f3n m\u00e1s r\u00e1pidos y potentes gracias a una conexi\u00f3n continua entre el equipo y el cuerpo.<\/p>\n<p><strong>POTENCIA Y PRECISI\u00d3N<\/strong><br \/>\nPotencia sin comprometer la precisi\u00f3n: el sistema BOA\u00ae Fit System ofrece una acci\u00f3n m\u00e1s explosiva y una precisi\u00f3n sin precedentes.<\/p>\n<p><strong>RESISTENCIA Y SALUD<\/strong><br \/>\nVe m\u00e1s all\u00e1, m\u00e1s r\u00e1pido y m\u00e1s fuerte. El sistema BOA\u00ae Fit System permite ahorrar energ\u00eda mejorando la circulaci\u00f3n y la eficiencia.<\/p>\n<p><strong>DURABILIDAD Y CALIDAD<\/strong><br \/>\nDise\u00f1ado con materiales duraderos de alta calidad y rigurosamente probado sobre el terreno, el sistema BOA\u00ae Fit System garantiza un rendimiento \u00f3ptimo en cualquier entorno.<\/div><\/div><\/div>\n","protected":false},"excerpt":{"rendered":"<ul>\n<li>cierre homog\u00e9neo con sistema BOA<\/li>\n<li>ideal para evitar la entrada de suciedad<\/li>\n<li>excelente agarre en terrenos dif\u00edciles<\/li>\n<li>MEMBRANA GTX<\/li>\n<\/ul>\n","protected":false},"featured_media":243319,"template":"","meta":{"_acf_changed":false,"inline_featured_image":false},"product_brand":[],"product_cat":[24227,24230],"product_tag":[23598,23640],"class_list":{"0":"post-287894","1":"product","2":"type-product","3":"status-publish","4":"has-post-thumbnail","6":"product_cat-calzado-femenino","7":"product_cat-trail-es","8":"product_tag-la-sportiva-es","9":"product_tag-la-sportiva-mujer","10":"pa_attivita-outdoor-es","11":"pa_attivita-trail-es","12":"pa_colore-cyklon-cross-w-gtx-black-hibiscus-es","13":"pa_marca-la-sportiva-es","14":"pa_sesso-mujer","15":"pa_size-38-es","16":"pa_size-38-5-es","18":"first","19":"instock","20":"sale","21":"taxable","22":"shipping-taxable","23":"purchasable","24":"product-type-variable","25":"wvs-archive-product-wrapper"},"acf":[],"yoast_head":"<!-- This site is optimized with the Yoast SEO plugin v26.8 - https:\/\/yoast.com\/product\/yoast-seo-wordpress\/ -->\n<title>La sportiva Cyklon Cross Gtx mujer - Zapatillas de trail para mujer - MioMioRun .com<\/title>\n<meta name=\"description\" content=\"Las Cyklon Cross GTX para mujer son unas zapatillas t\u00e9cnicas de Mountain Running\u00ae con polaina repelente al agua integrada y sistema de ajuste BOA\u00ae Fit System.\" \/>\n<meta name=\"robots\" content=\"index, follow, max-snippet:-1, max-image-preview:large, max-video-preview:-1\" \/>\n<link rel=\"canonical\" href=\"https:\/\/www.miomiorun.com\/es\/producto\/cyklon-cross-gtx-mujer\/\" \/>\n<meta property=\"og:locale\" content=\"es_ES\" \/>\n<meta property=\"og:type\" content=\"article\" \/>\n<meta property=\"og:title\" content=\"La sportiva Cyklon Cross Gtx mujer - Zapatillas de trail para mujer - MioMioRun .com\" \/>\n<meta property=\"og:description\" content=\"Las Cyklon Cross GTX para mujer son unas zapatillas t\u00e9cnicas de Mountain Running\u00ae con polaina repelente al agua integrada y sistema de ajuste BOA\u00ae Fit System.\" \/>\n<meta property=\"og:url\" content=\"https:\/\/www.miomiorun.com\/es\/producto\/cyklon-cross-gtx-mujer\/\" \/>\n<meta property=\"og:site_name\" content=\"MioMioRun\" \/>\n<meta property=\"article:publisher\" content=\"https:\/\/www.facebook.com\/miomiorun\/\" \/>\n<meta property=\"article:modified_time\" content=\"2026-04-22T14:15:00+00:00\" \/>\n<meta property=\"og:image\" content=\"https:\/\/www.miomiorun.com\/app\/uploads\/2023\/10\/la-sportiva-cyklon-cross-W-GTX-black-hibiscus-56D999402.jpg\" \/>\n\t<meta property=\"og:image:width\" content=\"600\" \/>\n\t<meta property=\"og:image:height\" content=\"600\" \/>\n\t<meta property=\"og:image:type\" content=\"image\/jpeg\" \/>\n<meta name=\"twitter:card\" content=\"summary_large_image\" \/>\n<meta name=\"twitter:label1\" content=\"Est. reading time\" \/>\n\t<meta name=\"twitter:data1\" content=\"5 minutes\" \/>\n<script type=\"application\/ld+json\" class=\"yoast-schema-graph\">{\"@context\":\"https:\/\/schema.org\",\"@graph\":[{\"@type\":\"WebPage\",\"@id\":\"https:\/\/www.miomiorun.com\/es\/producto\/cyklon-cross-gtx-mujer\/\",\"url\":\"https:\/\/www.miomiorun.com\/es\/producto\/cyklon-cross-gtx-mujer\/\",\"name\":\"La sportiva Cyklon Cross Gtx mujer - Zapatillas de trail para mujer - MioMioRun .com\",\"isPartOf\":{\"@id\":\"https:\/\/www.miomiorun.com\/es\/#website\"},\"primaryImageOfPage\":{\"@id\":\"https:\/\/www.miomiorun.com\/es\/producto\/cyklon-cross-gtx-mujer\/#primaryimage\"},\"image\":{\"@id\":\"https:\/\/www.miomiorun.com\/es\/producto\/cyklon-cross-gtx-mujer\/#primaryimage\"},\"thumbnailUrl\":\"https:\/\/www.miomiorun.com\/app\/uploads\/2023\/10\/la-sportiva-cyklon-cross-W-GTX-black-hibiscus-56D999402.jpg\",\"datePublished\":\"2023-10-16T08:20:48+00:00\",\"dateModified\":\"2026-04-22T14:15:00+00:00\",\"description\":\"Las Cyklon Cross GTX para mujer son unas zapatillas t\u00e9cnicas de Mountain Running\u00ae con polaina repelente al agua integrada y sistema de ajuste BOA\u00ae Fit System.\",\"breadcrumb\":{\"@id\":\"https:\/\/www.miomiorun.com\/es\/producto\/cyklon-cross-gtx-mujer\/#breadcrumb\"},\"inLanguage\":\"es-ES\",\"potentialAction\":[{\"@type\":\"ReadAction\",\"target\":[\"https:\/\/www.miomiorun.com\/es\/producto\/cyklon-cross-gtx-mujer\/\"]}]},{\"@type\":\"ImageObject\",\"inLanguage\":\"es-ES\",\"@id\":\"https:\/\/www.miomiorun.com\/es\/producto\/cyklon-cross-gtx-mujer\/#primaryimage\",\"url\":\"https:\/\/www.miomiorun.com\/app\/uploads\/2023\/10\/la-sportiva-cyklon-cross-W-GTX-black-hibiscus-56D999402.jpg\",\"contentUrl\":\"https:\/\/www.miomiorun.com\/app\/uploads\/2023\/10\/la-sportiva-cyklon-cross-W-GTX-black-hibiscus-56D999402.jpg\",\"width\":600,\"height\":600,\"caption\":\"la-sportiva-cyklon-cross-W-GTX-black-hibiscus-56D999402\"},{\"@type\":\"BreadcrumbList\",\"@id\":\"https:\/\/www.miomiorun.com\/es\/producto\/cyklon-cross-gtx-mujer\/#breadcrumb\",\"itemListElement\":[{\"@type\":\"ListItem\",\"position\":1,\"name\":\"Home\",\"item\":\"https:\/\/www.miomiorun.com\/es\/\"},{\"@type\":\"ListItem\",\"position\":2,\"name\":\"Shop\",\"item\":\"https:\/\/www.miomiorun.com\/shop\/\"},{\"@type\":\"ListItem\",\"position\":3,\"name\":\"Cyklon Cross Gtx mujer\"}]},{\"@type\":\"WebSite\",\"@id\":\"https:\/\/www.miomiorun.com\/es\/#website\",\"url\":\"https:\/\/www.miomiorun.com\/es\/\",\"name\":\"MioMioRun\",\"description\":\"Tienda 100% running y trail\",\"publisher\":{\"@id\":\"https:\/\/www.miomiorun.com\/es\/#organization\"},\"potentialAction\":[{\"@type\":\"SearchAction\",\"target\":{\"@type\":\"EntryPoint\",\"urlTemplate\":\"https:\/\/www.miomiorun.com\/es\/?s={search_term_string}\"},\"query-input\":{\"@type\":\"PropertyValueSpecification\",\"valueRequired\":true,\"valueName\":\"search_term_string\"}}],\"inLanguage\":\"es-ES\"},{\"@type\":\"Organization\",\"@id\":\"https:\/\/www.miomiorun.com\/es\/#organization\",\"name\":\"MioMio Run\",\"url\":\"https:\/\/www.miomiorun.com\/es\/\",\"logo\":{\"@type\":\"ImageObject\",\"inLanguage\":\"es-ES\",\"@id\":\"https:\/\/www.miomiorun.com\/es\/#\/schema\/logo\/image\/\",\"url\":\"https:\/\/www.miomiorun.com\/app\/uploads\/2019\/12\/logomio.png\",\"contentUrl\":\"https:\/\/www.miomiorun.com\/app\/uploads\/2019\/12\/logomio.png\",\"width\":115,\"height\":82,\"caption\":\"MioMio Run\"},\"image\":{\"@id\":\"https:\/\/www.miomiorun.com\/es\/#\/schema\/logo\/image\/\"},\"sameAs\":[\"https:\/\/www.facebook.com\/miomiorun\/\",\"https:\/\/www.instagram.com\/miomiorun\/\"]}]}<\/script>\n<!-- \/ Yoast SEO plugin. -->","yoast_head_json":{"title":"La sportiva Cyklon Cross Gtx mujer - Zapatillas de trail para mujer - MioMioRun .com","description":"Las Cyklon Cross GTX para mujer son unas zapatillas t\u00e9cnicas de Mountain Running\u00ae con polaina repelente al agua integrada y sistema de ajuste BOA\u00ae Fit System.","robots":{"index":"index","follow":"follow","max-snippet":"max-snippet:-1","max-image-preview":"max-image-preview:large","max-video-preview":"max-video-preview:-1"},"canonical":"https:\/\/www.miomiorun.com\/es\/producto\/cyklon-cross-gtx-mujer\/","og_locale":"es_ES","og_type":"article","og_title":"La sportiva Cyklon Cross Gtx mujer - Zapatillas de trail para mujer - MioMioRun .com","og_description":"Las Cyklon Cross GTX para mujer son unas zapatillas t\u00e9cnicas de Mountain Running\u00ae con polaina repelente al agua integrada y sistema de ajuste BOA\u00ae Fit System.","og_url":"https:\/\/www.miomiorun.com\/es\/producto\/cyklon-cross-gtx-mujer\/","og_site_name":"MioMioRun","article_publisher":"https:\/\/www.facebook.com\/miomiorun\/","article_modified_time":"2026-04-22T14:15:00+00:00","og_image":[{"width":600,"height":600,"url":"https:\/\/www.miomiorun.com\/app\/uploads\/2023\/10\/la-sportiva-cyklon-cross-W-GTX-black-hibiscus-56D999402.jpg","type":"image\/jpeg"}],"twitter_card":"summary_large_image","twitter_misc":{"Est. reading time":"5 minutes"},"schema":{"@context":"https:\/\/schema.org","@graph":[{"@type":"WebPage","@id":"https:\/\/www.miomiorun.com\/es\/producto\/cyklon-cross-gtx-mujer\/","url":"https:\/\/www.miomiorun.com\/es\/producto\/cyklon-cross-gtx-mujer\/","name":"La sportiva Cyklon Cross Gtx mujer - Zapatillas de trail para mujer - MioMioRun .com","isPartOf":{"@id":"https:\/\/www.miomiorun.com\/es\/#website"},"primaryImageOfPage":{"@id":"https:\/\/www.miomiorun.com\/es\/producto\/cyklon-cross-gtx-mujer\/#primaryimage"},"image":{"@id":"https:\/\/www.miomiorun.com\/es\/producto\/cyklon-cross-gtx-mujer\/#primaryimage"},"thumbnailUrl":"https:\/\/www.miomiorun.com\/app\/uploads\/2023\/10\/la-sportiva-cyklon-cross-W-GTX-black-hibiscus-56D999402.jpg","datePublished":"2023-10-16T08:20:48+00:00","dateModified":"2026-04-22T14:15:00+00:00","description":"Las Cyklon Cross GTX para mujer son unas zapatillas t\u00e9cnicas de Mountain Running\u00ae con polaina repelente al agua integrada y sistema de ajuste BOA\u00ae Fit System.","breadcrumb":{"@id":"https:\/\/www.miomiorun.com\/es\/producto\/cyklon-cross-gtx-mujer\/#breadcrumb"},"inLanguage":"es-ES","potentialAction":[{"@type":"ReadAction","target":["https:\/\/www.miomiorun.com\/es\/producto\/cyklon-cross-gtx-mujer\/"]}]},{"@type":"ImageObject","inLanguage":"es-ES","@id":"https:\/\/www.miomiorun.com\/es\/producto\/cyklon-cross-gtx-mujer\/#primaryimage","url":"https:\/\/www.miomiorun.com\/app\/uploads\/2023\/10\/la-sportiva-cyklon-cross-W-GTX-black-hibiscus-56D999402.jpg","contentUrl":"https:\/\/www.miomiorun.com\/app\/uploads\/2023\/10\/la-sportiva-cyklon-cross-W-GTX-black-hibiscus-56D999402.jpg","width":600,"height":600,"caption":"la-sportiva-cyklon-cross-W-GTX-black-hibiscus-56D999402"},{"@type":"BreadcrumbList","@id":"https:\/\/www.miomiorun.com\/es\/producto\/cyklon-cross-gtx-mujer\/#breadcrumb","itemListElement":[{"@type":"ListItem","position":1,"name":"Home","item":"https:\/\/www.miomiorun.com\/es\/"},{"@type":"ListItem","position":2,"name":"Shop","item":"https:\/\/www.miomiorun.com\/shop\/"},{"@type":"ListItem","position":3,"name":"Cyklon Cross Gtx mujer"}]},{"@type":"WebSite","@id":"https:\/\/www.miomiorun.com\/es\/#website","url":"https:\/\/www.miomiorun.com\/es\/","name":"MioMioRun","description":"Tienda 100% running y trail","publisher":{"@id":"https:\/\/www.miomiorun.com\/es\/#organization"},"potentialAction":[{"@type":"SearchAction","target":{"@type":"EntryPoint","urlTemplate":"https:\/\/www.miomiorun.com\/es\/?s={search_term_string}"},"query-input":{"@type":"PropertyValueSpecification","valueRequired":true,"valueName":"search_term_string"}}],"inLanguage":"es-ES"},{"@type":"Organization","@id":"https:\/\/www.miomiorun.com\/es\/#organization","name":"MioMio Run","url":"https:\/\/www.miomiorun.com\/es\/","logo":{"@type":"ImageObject","inLanguage":"es-ES","@id":"https:\/\/www.miomiorun.com\/es\/#\/schema\/logo\/image\/","url":"https:\/\/www.miomiorun.com\/app\/uploads\/2019\/12\/logomio.png","contentUrl":"https:\/\/www.miomiorun.com\/app\/uploads\/2019\/12\/logomio.png","width":115,"height":82,"caption":"MioMio Run"},"image":{"@id":"https:\/\/www.miomiorun.com\/es\/#\/schema\/logo\/image\/"},"sameAs":["https:\/\/www.facebook.com\/miomiorun\/","https:\/\/www.instagram.com\/miomiorun\/"]}]}},"_links":{"self":[{"href":"https:\/\/www.miomiorun.com\/es\/wp-json\/wp\/v2\/product\/287894","targetHints":{"allow":["GET"]}}],"collection":[{"href":"https:\/\/www.miomiorun.com\/es\/wp-json\/wp\/v2\/product"}],"about":[{"href":"https:\/\/www.miomiorun.com\/es\/wp-json\/wp\/v2\/types\/product"}],"wp:featuredmedia":[{"embeddable":true,"href":"https:\/\/www.miomiorun.com\/es\/wp-json\/wp\/v2\/media\/243319"}],"wp:attachment":[{"href":"https:\/\/www.miomiorun.com\/es\/wp-json\/wp\/v2\/media?parent=287894"}],"wp:term":[{"taxonomy":"product_brand","embeddable":true,"href":"https:\/\/www.miomiorun.com\/es\/wp-json\/wp\/v2\/product_brand?post=287894"},{"taxonomy":"product_cat","embeddable":true,"href":"https:\/\/www.miomiorun.com\/es\/wp-json\/wp\/v2\/product_cat?post=287894"},{"taxonomy":"product_tag","embeddable":true,"href":"https:\/\/www.miomiorun.com\/es\/wp-json\/wp\/v2\/product_tag?post=287894"}],"curies":[{"name":"wp","href":"https:\/\/api.w.org\/{rel}","templated":true}]}}