{"id":287891,"date":"2023-10-16T10:29:14","date_gmt":"2023-10-16T08:29:14","guid":{"rendered":"https:\/\/miomiorun.com\/prodotto\/jackal-ii-gtx-donna\/"},"modified":"2026-05-07T10:01:23","modified_gmt":"2026-05-07T08:01:23","slug":"jackal-ii-gtx-mujer","status":"publish","type":"product","link":"https:\/\/www.miomiorun.com\/es\/producto\/jackal-ii-gtx-mujer\/","title":{"rendered":"Jackal II Gtx mujer"},"content":{"rendered":"<div class=\"vc-row container\"><div class=\"vc-column\"><div class=\"vc-column-text\"><\/p>\n<p><strong>Especificaciones t\u00e9cnicas<\/strong><\/p>\n<p>Categor\u00eda: Amortiguaci\u00f3n estructurada<br \/>\nDesnivel: 7 mm<br \/>\nPeso: 275 g<br \/>\nIdeal para: corredores de trail que buscan una zapatilla de alto rendimiento y comodidad en recorridos largos y exigentes, pero tambi\u00e9n para paseos con total suavidad y confort.<br \/>\nPeso del deportista: 50-70 kg<br \/>\nRitmo de carrera: medio (5-6 min\/km)<br \/>\n<a href=\"https:\/\/miomiorun.com\/guida-alle-specifiche-tecniche\/\">Gu\u00eda de especificaciones t\u00e9cnicas<\/a><\/p>\n<p><\/div><\/div><div class=\"vc-column\"><div class=\"vc-column-text\"><\/p>\n<p class=\"page-title\"><strong><span class=\"base\" data-ui-id=\"page-title-wrapper\">Jackal II Gtx <\/span><!-- a4--><span class=\"base\" data-ui-id=\"page-title-wrapper\">para mujer es una zapatilla <\/span>de Mountain Running\u00ae con membrana <strong>Gore-Tex\u00ae<\/strong> y tecnolog\u00eda <strong>Invisible Fit<\/strong>, dise\u00f1ada para correr fuera de pista en los meses de invierno, en distancias ultralargas y entrenamientos prolongados, gracias a la excepcional amortiguaci\u00f3n que garantiza la innovadora entresuela de alto retorno de energ\u00eda Infinitoo\u2122 Technology. <\/strong><\/p>\n<h3><strong>Caracter\u00edsticas:<\/strong><\/h3>\n<ul>\n<li>Leng\u00fceta Comfort-Fit envolvente y suave para una m\u00e1xima libertad de movimiento, con construcci\u00f3n en acorde\u00f3n interior para proteger de piedras y barro<\/li>\n<li>Rock-Shield integrado en la entresuela de EVA de alta densidad para una carrera m\u00e1s estable<\/li>\n<li>Suela con compuesto FriXion\u00ae Red con tacos de grosor diferenciado Impact Brake System y ranuras FLEX<\/li>\n<li>Sujeci\u00f3n con ojales incorporados directamente en los paneles laterales de la parte superior: facilita el ajuste del volumen<\/li>\n<li>Malla lateral Net-Mesh para una m\u00e1xima transpirabilidad<\/li>\n<li>Ajuste c\u00f3modo y horma ancha dise\u00f1ada para su uso en ultra-trail<\/li>\n<li>Innovador conjunto de suela\/entresuela de EVA con almohadillas internas amortiguadoras de alto retorno de energ\u00eda Infinitoo\u2122 Technology. La inserci\u00f3n delantera aumenta la amortiguaci\u00f3n, mientras que la inserci\u00f3n trasera contribuye a la estabilizaci\u00f3n de la carrera<\/li>\n<li>Puntera protectora de TPU resistente a los golpes y a la abrasi\u00f3n<\/li>\n<\/ul>\n<p><b>Empeine:<\/b><br \/>\nMalla tipo s\u00e1ndwich (puntera y leng\u00fceta) + refuerzos de TPU termoadhesivo + paneles laterales de nailon de una sola capa + cuello de jersey el\u00e1stico<br \/>\n<b>Forro:<\/b><br \/>\nGore-Tex\u00ae Invisible Fit con certificaci\u00f3n Bluesign\u00ae<br \/>\n<b>Plantilla:<\/b><br \/>\nOrtholite\u00ae Hybrid Mountain Running\u00ae Ergonomic de 4 mm<br \/>\n<b>Entresuela:<\/b><br \/>\nDe EVA con inserciones Infinitoo\u2122 Technology + protecci\u00f3n contra rocas de EVA de alta densidad + capa adicional de plataforma de amortiguaci\u00f3n interna<br \/>\n<b>Suela:<\/b><br \/>\nMezcla dual FriXion\u00ae Red con tacos IBS laterales<\/div><\/div><\/div>\n","protected":false},"excerpt":{"rendered":"<ul>\n<li>zapatilla de trail running ideal para los meses de invierno<\/li>\n<li>excelente amortiguaci\u00f3n<\/li>\n<li>para recorridos largos<\/li>\n<\/ul>\n","protected":false},"featured_media":243323,"template":"","meta":{"_acf_changed":false,"inline_featured_image":false},"product_brand":[],"product_cat":[24227,24230],"product_tag":[23598,23640],"class_list":{"0":"post-287891","1":"product","2":"type-product","3":"status-publish","4":"has-post-thumbnail","6":"product_cat-calzado-femenino","7":"product_cat-trail-es","8":"product_tag-la-sportiva-es","9":"product_tag-la-sportiva-mujer","10":"pa_attivita-outdoor-es","11":"pa_attivita-trail-es","12":"pa_colore-jackal-ii-gtx-w-carbon-velvet-es","13":"pa_marca-la-sportiva-es","14":"pa_sesso-mujer","15":"pa_size-38-es","17":"first","18":"instock","19":"sale","20":"taxable","21":"shipping-taxable","22":"purchasable","23":"product-type-variable","24":"wvs-archive-product-wrapper"},"acf":[],"yoast_head":"<!-- This site is optimized with the Yoast SEO plugin v26.8 - https:\/\/yoast.com\/product\/yoast-seo-wordpress\/ -->\n<title>La Sportiva Jackal II Gtx mujer - Zapatillas de trail para mujer - MioMioRun .com<\/title>\n<meta name=\"description\" content=\"Unas zapatillas de Mountain Running\u00ae con membrana Gore-Tex\u00ae y tecnolog\u00eda Invisible Fit, dise\u00f1adas para correr por terrenos irregulares.\" \/>\n<meta name=\"robots\" content=\"index, follow, max-snippet:-1, max-image-preview:large, max-video-preview:-1\" \/>\n<link rel=\"canonical\" href=\"https:\/\/www.miomiorun.com\/es\/producto\/jackal-ii-gtx-mujer\/\" \/>\n<meta property=\"og:locale\" content=\"es_ES\" \/>\n<meta property=\"og:type\" content=\"article\" \/>\n<meta property=\"og:title\" content=\"La Sportiva Jackal II Gtx mujer - Zapatillas de trail para mujer - MioMioRun .com\" \/>\n<meta property=\"og:description\" content=\"Unas zapatillas de Mountain Running\u00ae con membrana Gore-Tex\u00ae y tecnolog\u00eda Invisible Fit, dise\u00f1adas para correr por terrenos irregulares.\" \/>\n<meta property=\"og:url\" content=\"https:\/\/www.miomiorun.com\/es\/producto\/jackal-ii-gtx-mujer\/\" \/>\n<meta property=\"og:site_name\" content=\"MioMioRun\" \/>\n<meta property=\"article:publisher\" content=\"https:\/\/www.facebook.com\/miomiorun\/\" \/>\n<meta property=\"article:modified_time\" content=\"2026-05-07T08:01:23+00:00\" \/>\n<meta property=\"og:image\" content=\"https:\/\/www.miomiorun.com\/app\/uploads\/2023\/10\/la-sportiva-jackal-II-GTX-W-carbon-velvet-56N900323.jpg\" \/>\n\t<meta property=\"og:image:width\" content=\"600\" \/>\n\t<meta property=\"og:image:height\" content=\"600\" \/>\n\t<meta property=\"og:image:type\" content=\"image\/jpeg\" \/>\n<meta name=\"twitter:card\" content=\"summary_large_image\" \/>\n<meta name=\"twitter:label1\" content=\"Est. reading time\" \/>\n\t<meta name=\"twitter:data1\" content=\"2 minutes\" \/>\n<script type=\"application\/ld+json\" class=\"yoast-schema-graph\">{\"@context\":\"https:\/\/schema.org\",\"@graph\":[{\"@type\":\"WebPage\",\"@id\":\"https:\/\/www.miomiorun.com\/es\/producto\/jackal-ii-gtx-mujer\/\",\"url\":\"https:\/\/www.miomiorun.com\/es\/producto\/jackal-ii-gtx-mujer\/\",\"name\":\"La Sportiva Jackal II Gtx mujer - Zapatillas de trail para mujer - MioMioRun .com\",\"isPartOf\":{\"@id\":\"https:\/\/www.miomiorun.com\/es\/#website\"},\"primaryImageOfPage\":{\"@id\":\"https:\/\/www.miomiorun.com\/es\/producto\/jackal-ii-gtx-mujer\/#primaryimage\"},\"image\":{\"@id\":\"https:\/\/www.miomiorun.com\/es\/producto\/jackal-ii-gtx-mujer\/#primaryimage\"},\"thumbnailUrl\":\"https:\/\/www.miomiorun.com\/app\/uploads\/2023\/10\/la-sportiva-jackal-II-GTX-W-carbon-velvet-56N900323.jpg\",\"datePublished\":\"2023-10-16T08:29:14+00:00\",\"dateModified\":\"2026-05-07T08:01:23+00:00\",\"description\":\"Unas zapatillas de Mountain Running\u00ae con membrana Gore-Tex\u00ae y tecnolog\u00eda Invisible Fit, dise\u00f1adas para correr por terrenos irregulares.\",\"breadcrumb\":{\"@id\":\"https:\/\/www.miomiorun.com\/es\/producto\/jackal-ii-gtx-mujer\/#breadcrumb\"},\"inLanguage\":\"es-ES\",\"potentialAction\":[{\"@type\":\"ReadAction\",\"target\":[\"https:\/\/www.miomiorun.com\/es\/producto\/jackal-ii-gtx-mujer\/\"]}]},{\"@type\":\"ImageObject\",\"inLanguage\":\"es-ES\",\"@id\":\"https:\/\/www.miomiorun.com\/es\/producto\/jackal-ii-gtx-mujer\/#primaryimage\",\"url\":\"https:\/\/www.miomiorun.com\/app\/uploads\/2023\/10\/la-sportiva-jackal-II-GTX-W-carbon-velvet-56N900323.jpg\",\"contentUrl\":\"https:\/\/www.miomiorun.com\/app\/uploads\/2023\/10\/la-sportiva-jackal-II-GTX-W-carbon-velvet-56N900323.jpg\",\"width\":600,\"height\":600,\"caption\":\"la-sportiva-jackal-II-GTX-W-carbon-velvet--56N900323\"},{\"@type\":\"BreadcrumbList\",\"@id\":\"https:\/\/www.miomiorun.com\/es\/producto\/jackal-ii-gtx-mujer\/#breadcrumb\",\"itemListElement\":[{\"@type\":\"ListItem\",\"position\":1,\"name\":\"Home\",\"item\":\"https:\/\/www.miomiorun.com\/es\/\"},{\"@type\":\"ListItem\",\"position\":2,\"name\":\"Shop\",\"item\":\"https:\/\/www.miomiorun.com\/shop\/\"},{\"@type\":\"ListItem\",\"position\":3,\"name\":\"Jackal II Gtx mujer\"}]},{\"@type\":\"WebSite\",\"@id\":\"https:\/\/www.miomiorun.com\/es\/#website\",\"url\":\"https:\/\/www.miomiorun.com\/es\/\",\"name\":\"MioMioRun\",\"description\":\"Tienda 100% running y trail\",\"publisher\":{\"@id\":\"https:\/\/www.miomiorun.com\/es\/#organization\"},\"potentialAction\":[{\"@type\":\"SearchAction\",\"target\":{\"@type\":\"EntryPoint\",\"urlTemplate\":\"https:\/\/www.miomiorun.com\/es\/?s={search_term_string}\"},\"query-input\":{\"@type\":\"PropertyValueSpecification\",\"valueRequired\":true,\"valueName\":\"search_term_string\"}}],\"inLanguage\":\"es-ES\"},{\"@type\":\"Organization\",\"@id\":\"https:\/\/www.miomiorun.com\/es\/#organization\",\"name\":\"MioMio Run\",\"url\":\"https:\/\/www.miomiorun.com\/es\/\",\"logo\":{\"@type\":\"ImageObject\",\"inLanguage\":\"es-ES\",\"@id\":\"https:\/\/www.miomiorun.com\/es\/#\/schema\/logo\/image\/\",\"url\":\"https:\/\/www.miomiorun.com\/app\/uploads\/2019\/12\/logomio.png\",\"contentUrl\":\"https:\/\/www.miomiorun.com\/app\/uploads\/2019\/12\/logomio.png\",\"width\":115,\"height\":82,\"caption\":\"MioMio Run\"},\"image\":{\"@id\":\"https:\/\/www.miomiorun.com\/es\/#\/schema\/logo\/image\/\"},\"sameAs\":[\"https:\/\/www.facebook.com\/miomiorun\/\",\"https:\/\/www.instagram.com\/miomiorun\/\"]}]}<\/script>\n<!-- \/ Yoast SEO plugin. -->","yoast_head_json":{"title":"La Sportiva Jackal II Gtx mujer - Zapatillas de trail para mujer - MioMioRun .com","description":"Unas zapatillas de Mountain Running\u00ae con membrana Gore-Tex\u00ae y tecnolog\u00eda Invisible Fit, dise\u00f1adas para correr por terrenos irregulares.","robots":{"index":"index","follow":"follow","max-snippet":"max-snippet:-1","max-image-preview":"max-image-preview:large","max-video-preview":"max-video-preview:-1"},"canonical":"https:\/\/www.miomiorun.com\/es\/producto\/jackal-ii-gtx-mujer\/","og_locale":"es_ES","og_type":"article","og_title":"La Sportiva Jackal II Gtx mujer - Zapatillas de trail para mujer - MioMioRun .com","og_description":"Unas zapatillas de Mountain Running\u00ae con membrana Gore-Tex\u00ae y tecnolog\u00eda Invisible Fit, dise\u00f1adas para correr por terrenos irregulares.","og_url":"https:\/\/www.miomiorun.com\/es\/producto\/jackal-ii-gtx-mujer\/","og_site_name":"MioMioRun","article_publisher":"https:\/\/www.facebook.com\/miomiorun\/","article_modified_time":"2026-05-07T08:01:23+00:00","og_image":[{"width":600,"height":600,"url":"https:\/\/www.miomiorun.com\/app\/uploads\/2023\/10\/la-sportiva-jackal-II-GTX-W-carbon-velvet-56N900323.jpg","type":"image\/jpeg"}],"twitter_card":"summary_large_image","twitter_misc":{"Est. reading time":"2 minutes"},"schema":{"@context":"https:\/\/schema.org","@graph":[{"@type":"WebPage","@id":"https:\/\/www.miomiorun.com\/es\/producto\/jackal-ii-gtx-mujer\/","url":"https:\/\/www.miomiorun.com\/es\/producto\/jackal-ii-gtx-mujer\/","name":"La Sportiva Jackal II Gtx mujer - Zapatillas de trail para mujer - MioMioRun .com","isPartOf":{"@id":"https:\/\/www.miomiorun.com\/es\/#website"},"primaryImageOfPage":{"@id":"https:\/\/www.miomiorun.com\/es\/producto\/jackal-ii-gtx-mujer\/#primaryimage"},"image":{"@id":"https:\/\/www.miomiorun.com\/es\/producto\/jackal-ii-gtx-mujer\/#primaryimage"},"thumbnailUrl":"https:\/\/www.miomiorun.com\/app\/uploads\/2023\/10\/la-sportiva-jackal-II-GTX-W-carbon-velvet-56N900323.jpg","datePublished":"2023-10-16T08:29:14+00:00","dateModified":"2026-05-07T08:01:23+00:00","description":"Unas zapatillas de Mountain Running\u00ae con membrana Gore-Tex\u00ae y tecnolog\u00eda Invisible Fit, dise\u00f1adas para correr por terrenos irregulares.","breadcrumb":{"@id":"https:\/\/www.miomiorun.com\/es\/producto\/jackal-ii-gtx-mujer\/#breadcrumb"},"inLanguage":"es-ES","potentialAction":[{"@type":"ReadAction","target":["https:\/\/www.miomiorun.com\/es\/producto\/jackal-ii-gtx-mujer\/"]}]},{"@type":"ImageObject","inLanguage":"es-ES","@id":"https:\/\/www.miomiorun.com\/es\/producto\/jackal-ii-gtx-mujer\/#primaryimage","url":"https:\/\/www.miomiorun.com\/app\/uploads\/2023\/10\/la-sportiva-jackal-II-GTX-W-carbon-velvet-56N900323.jpg","contentUrl":"https:\/\/www.miomiorun.com\/app\/uploads\/2023\/10\/la-sportiva-jackal-II-GTX-W-carbon-velvet-56N900323.jpg","width":600,"height":600,"caption":"la-sportiva-jackal-II-GTX-W-carbon-velvet--56N900323"},{"@type":"BreadcrumbList","@id":"https:\/\/www.miomiorun.com\/es\/producto\/jackal-ii-gtx-mujer\/#breadcrumb","itemListElement":[{"@type":"ListItem","position":1,"name":"Home","item":"https:\/\/www.miomiorun.com\/es\/"},{"@type":"ListItem","position":2,"name":"Shop","item":"https:\/\/www.miomiorun.com\/shop\/"},{"@type":"ListItem","position":3,"name":"Jackal II Gtx mujer"}]},{"@type":"WebSite","@id":"https:\/\/www.miomiorun.com\/es\/#website","url":"https:\/\/www.miomiorun.com\/es\/","name":"MioMioRun","description":"Tienda 100% running y trail","publisher":{"@id":"https:\/\/www.miomiorun.com\/es\/#organization"},"potentialAction":[{"@type":"SearchAction","target":{"@type":"EntryPoint","urlTemplate":"https:\/\/www.miomiorun.com\/es\/?s={search_term_string}"},"query-input":{"@type":"PropertyValueSpecification","valueRequired":true,"valueName":"search_term_string"}}],"inLanguage":"es-ES"},{"@type":"Organization","@id":"https:\/\/www.miomiorun.com\/es\/#organization","name":"MioMio Run","url":"https:\/\/www.miomiorun.com\/es\/","logo":{"@type":"ImageObject","inLanguage":"es-ES","@id":"https:\/\/www.miomiorun.com\/es\/#\/schema\/logo\/image\/","url":"https:\/\/www.miomiorun.com\/app\/uploads\/2019\/12\/logomio.png","contentUrl":"https:\/\/www.miomiorun.com\/app\/uploads\/2019\/12\/logomio.png","width":115,"height":82,"caption":"MioMio Run"},"image":{"@id":"https:\/\/www.miomiorun.com\/es\/#\/schema\/logo\/image\/"},"sameAs":["https:\/\/www.facebook.com\/miomiorun\/","https:\/\/www.instagram.com\/miomiorun\/"]}]}},"_links":{"self":[{"href":"https:\/\/www.miomiorun.com\/es\/wp-json\/wp\/v2\/product\/287891","targetHints":{"allow":["GET"]}}],"collection":[{"href":"https:\/\/www.miomiorun.com\/es\/wp-json\/wp\/v2\/product"}],"about":[{"href":"https:\/\/www.miomiorun.com\/es\/wp-json\/wp\/v2\/types\/product"}],"wp:featuredmedia":[{"embeddable":true,"href":"https:\/\/www.miomiorun.com\/es\/wp-json\/wp\/v2\/media\/243323"}],"wp:attachment":[{"href":"https:\/\/www.miomiorun.com\/es\/wp-json\/wp\/v2\/media?parent=287891"}],"wp:term":[{"taxonomy":"product_brand","embeddable":true,"href":"https:\/\/www.miomiorun.com\/es\/wp-json\/wp\/v2\/product_brand?post=287891"},{"taxonomy":"product_cat","embeddable":true,"href":"https:\/\/www.miomiorun.com\/es\/wp-json\/wp\/v2\/product_cat?post=287891"},{"taxonomy":"product_tag","embeddable":true,"href":"https:\/\/www.miomiorun.com\/es\/wp-json\/wp\/v2\/product_tag?post=287891"}],"curies":[{"name":"wp","href":"https:\/\/api.w.org\/{rel}","templated":true}]}}