{"id":287762,"date":"2023-10-16T18:01:13","date_gmt":"2023-10-16T16:01:13","guid":{"rendered":"https:\/\/miomiorun.com\/prodotto\/stinson-7-donna\/"},"modified":"2026-03-08T09:39:47","modified_gmt":"2026-03-08T08:39:47","slug":"stinson-7-mujer","status":"publish","type":"product","link":"https:\/\/www.miomiorun.com\/es\/producto\/stinson-7-mujer\/","title":{"rendered":"Stinson 7 mujer"},"content":{"rendered":"<div class=\"vc-row container\"><div class=\"vc-column\"><div class=\"vc-column-text\"><\/p>\n<p><strong>Especificaciones t\u00e9cnicas<\/strong><\/p>\n<p>Categor\u00eda: amortiguaci\u00f3n superior.<br \/>\nOffset: 5 mm.<br \/>\nPeso: 365 g.<br \/>\nIdeal para: corredores amantes del trail running que buscan un modelo bien amortiguado y estable, capaz de utilizarse en distancias largas y medias, tanto en monta\u00f1a como en caminos de tierra y asfalto.<br \/>\nPeso del atleta: &gt;80 kg<br \/>\nRitmo de carrera: medio (5,00 min\/km)<br \/>\n<a href=\"https:\/\/miomiorun.com\/es\/guia-especifica\/\">Gu\u00eda de especificaciones t\u00e9cnicas<\/a><\/p>\n<p><\/div><\/div><div class=\"vc-column\"><div class=\"vc-column-text\"><\/p>\n<p class=\"content\">Si tienes pensado llevarte solo un par de zapatillas para tu pr\u00f3xima aventura, elige estas. Famosas por su versatilidad, que permite utilizarlas tanto en carretera como en trail, las <strong>Stinson 7<\/strong> para mujer son la combinaci\u00f3n perfecta de amortiguaci\u00f3n suave y tracci\u00f3n vers\u00e1til. Stinson est\u00e1 dise\u00f1ado para afrontar cualquier terreno: te dar\u00e1s cuenta de que el asfalto, los senderos y la grava no suponen ning\u00fan problema para la base estabilizadora H-Frame\u2122, el refuerzo de goma en la puntera y la suela multidireccional.<br \/>\n<strong>Caracter\u00edsticas:<\/strong><\/p>\n<ul class=\"features-container\">\n<li class=\"feature-item\">Refuerzo resistente en la puntera<\/li>\n<li class=\"feature-item\">Malla jacquard t\u00e9cnica<\/li>\n<li class=\"feature-item\">H-Frame\u2122 estabilizador<\/li>\n<li class=\"feature-item\">Active Foot Frame\u2122 profundo<\/li>\n<li class=\"feature-item\">Suela multidireccional<\/li>\n<li class=\"feature-item\">Plantilla de poli\u00e9ster reciclado (87 %)<\/li>\n<li class=\"feature-item\">Forro del cuello del pie de poli\u00e9ster reciclado (40 %)<\/li>\n<li class=\"feature-item\">Tejido superior de la plantilla de poli\u00e9ster reciclado (100 %)<\/li>\n<\/ul>\n<p><strong>\u00bfQu\u00e9 hay de nuevo?<\/strong><\/p>\n<p>Los amantes de la aventura apreciar\u00e1n las espumas m\u00e1s suaves, el nuevo H-Frame\u2122, el Active Foot Frame\u2122 m\u00e1s profundo, la altura superior de la suela y la tracci\u00f3n mejorada de Stinson.<\/p>\n<h2 class=\"card-title mb-3\"><span title=\"\" data-toggle=\"tooltip\" data-placement=\"bottom\" data-title=\"Alcune scarpe hanno un supporto integrato superiore, pensato per gli iperpronatori; altre sono in minima parte ortopediche, progettate per garantire ammortizzazione senza ostacolarti.\" data-original-title=\"\"><span class=\"techspec-bar-title\">Estabilidad<\/span><\/span><\/h2>\n<p class=\"tech-spec-product-msg active\">Las Stinson 7 incorporan la tecnolog\u00eda J-Frame\u2122, dise\u00f1ada para evitar una flexi\u00f3n excesiva hacia el interior, o hiperpronaci\u00f3n, sin corregir en exceso tu pisada.<\/p>\n<h2 class=\"card-title mb-3\"><span title=\"\" data-toggle=\"tooltip\" data-placement=\"bottom\" data-title=\"Tutte le nostre calzature presentano un\u2019intersuola ammortizzata, progettata per ridurre l\u2019impatto e garantire supporto. La quantit\u00e0 di ammortizzazione e quanto sia compatta o morbida varia da modello a modello.\" data-original-title=\"\"><span class=\"techspec-bar-title\">Amortiguaci\u00f3n<\/span><\/span><\/h2>\n<p class=\"tech-spec-product-msg active\">Las Stinson 7 cuentan con una capa superior de amortiguaci\u00f3n m\u00e1s alta y suave, dise\u00f1ada para un impacto y una experiencia de uso m\u00e1s suaves.<\/p>\n<p><\/div><\/div><\/div>\n","protected":false},"excerpt":{"rendered":"<ul>\n<li>Zapatilla superamortiguada.<\/li>\n<li>Ideal para pronadores.<\/li>\n<li>Ideal para usar en cualquier terreno.<\/li>\n<\/ul>\n","protected":false},"featured_media":383425,"template":"","meta":{"_acf_changed":false,"inline_featured_image":false},"product_brand":[],"product_cat":[24227,24229,24230],"product_tag":[23479,23645],"class_list":{"0":"post-287762","1":"product","2":"type-product","3":"status-publish","4":"has-post-thumbnail","6":"product_cat-calzado-femenino","7":"product_cat-establos","8":"product_cat-trail-es","9":"product_tag-hoka-one-one-es","10":"product_tag-hoka-mujer","11":"pa_attivita-caminar","12":"pa_attivita-outdoor-es","13":"pa_attivita-trail-es","14":"pa_colore-stinson-7-w-anchor-gull-es","15":"pa_colore-stinson-7-w-rosemary-fragrant-lilac-es","16":"pa_marca-hoka-es","17":"pa_sesso-mujer","18":"pa_size-38-es","19":"pa_size-42-es","21":"first","22":"instock","23":"sale","24":"taxable","25":"shipping-taxable","26":"purchasable","27":"product-type-variable","28":"wvs-archive-product-wrapper"},"acf":[],"yoast_head":"<!-- This site is optimized with the Yoast SEO plugin v26.8 - https:\/\/yoast.com\/product\/yoast-seo-wordpress\/ -->\n<title>HokaStinson 7 mujer -Zapatillas de trail estables- MioMioRun<\/title>\n<meta name=\"description\" content=\"Stinson 7 representa la combinaci\u00f3n perfecta entre amortiguaci\u00f3n suave y tracci\u00f3n vers\u00e1til. Stinson est\u00e1 dise\u00f1ada para afrontar cualquier terreno.\" \/>\n<meta name=\"robots\" content=\"index, follow, max-snippet:-1, max-image-preview:large, max-video-preview:-1\" \/>\n<link rel=\"canonical\" href=\"https:\/\/www.miomiorun.com\/es\/producto\/stinson-7-mujer\/\" \/>\n<meta property=\"og:locale\" content=\"es_ES\" \/>\n<meta property=\"og:type\" content=\"article\" \/>\n<meta property=\"og:title\" content=\"HokaStinson 7 mujer -Zapatillas de trail estables- MioMioRun\" \/>\n<meta property=\"og:description\" content=\"Stinson 7 representa la combinaci\u00f3n perfecta entre amortiguaci\u00f3n suave y tracci\u00f3n vers\u00e1til. Stinson est\u00e1 dise\u00f1ada para afrontar cualquier terreno.\" \/>\n<meta property=\"og:url\" content=\"https:\/\/www.miomiorun.com\/es\/producto\/stinson-7-mujer\/\" \/>\n<meta property=\"og:site_name\" content=\"MioMioRun\" \/>\n<meta property=\"article:publisher\" content=\"https:\/\/www.facebook.com\/miomiorun\/\" \/>\n<meta property=\"article:modified_time\" content=\"2026-03-08T08:39:47+00:00\" \/>\n<meta property=\"og:image\" content=\"https:\/\/www.miomiorun.com\/app\/uploads\/2025\/12\/hoka-Stinson-7-W-rosemary-fragrant-lilac-1141531-RMRY.webp\" \/>\n\t<meta property=\"og:image:width\" content=\"720\" \/>\n\t<meta property=\"og:image:height\" content=\"720\" \/>\n\t<meta property=\"og:image:type\" content=\"image\/webp\" \/>\n<meta name=\"twitter:card\" content=\"summary_large_image\" \/>\n<meta name=\"twitter:label1\" content=\"Est. reading time\" \/>\n\t<meta name=\"twitter:data1\" content=\"2 minutes\" \/>\n<script type=\"application\/ld+json\" class=\"yoast-schema-graph\">{\"@context\":\"https:\/\/schema.org\",\"@graph\":[{\"@type\":\"WebPage\",\"@id\":\"https:\/\/www.miomiorun.com\/es\/producto\/stinson-7-mujer\/\",\"url\":\"https:\/\/www.miomiorun.com\/es\/producto\/stinson-7-mujer\/\",\"name\":\"HokaStinson 7 mujer -Zapatillas de trail estables- MioMioRun\",\"isPartOf\":{\"@id\":\"https:\/\/www.miomiorun.com\/es\/#website\"},\"primaryImageOfPage\":{\"@id\":\"https:\/\/www.miomiorun.com\/es\/producto\/stinson-7-mujer\/#primaryimage\"},\"image\":{\"@id\":\"https:\/\/www.miomiorun.com\/es\/producto\/stinson-7-mujer\/#primaryimage\"},\"thumbnailUrl\":\"https:\/\/www.miomiorun.com\/app\/uploads\/2025\/12\/hoka-Stinson-7-W-rosemary-fragrant-lilac-1141531-RMRY.webp\",\"datePublished\":\"2023-10-16T16:01:13+00:00\",\"dateModified\":\"2026-03-08T08:39:47+00:00\",\"description\":\"Stinson 7 representa la combinaci\u00f3n perfecta entre amortiguaci\u00f3n suave y tracci\u00f3n vers\u00e1til. Stinson est\u00e1 dise\u00f1ada para afrontar cualquier terreno.\",\"breadcrumb\":{\"@id\":\"https:\/\/www.miomiorun.com\/es\/producto\/stinson-7-mujer\/#breadcrumb\"},\"inLanguage\":\"es-ES\",\"potentialAction\":[{\"@type\":\"ReadAction\",\"target\":[\"https:\/\/www.miomiorun.com\/es\/producto\/stinson-7-mujer\/\"]}]},{\"@type\":\"ImageObject\",\"inLanguage\":\"es-ES\",\"@id\":\"https:\/\/www.miomiorun.com\/es\/producto\/stinson-7-mujer\/#primaryimage\",\"url\":\"https:\/\/www.miomiorun.com\/app\/uploads\/2025\/12\/hoka-Stinson-7-W-rosemary-fragrant-lilac-1141531-RMRY.webp\",\"contentUrl\":\"https:\/\/www.miomiorun.com\/app\/uploads\/2025\/12\/hoka-Stinson-7-W-rosemary-fragrant-lilac-1141531-RMRY.webp\",\"width\":720,\"height\":720,\"caption\":\"hoka Stinson 7 W rosemary fragrant lilac 1141531 RMRY\"},{\"@type\":\"BreadcrumbList\",\"@id\":\"https:\/\/www.miomiorun.com\/es\/producto\/stinson-7-mujer\/#breadcrumb\",\"itemListElement\":[{\"@type\":\"ListItem\",\"position\":1,\"name\":\"Home\",\"item\":\"https:\/\/www.miomiorun.com\/es\/\"},{\"@type\":\"ListItem\",\"position\":2,\"name\":\"Shop\",\"item\":\"https:\/\/www.miomiorun.com\/shop\/\"},{\"@type\":\"ListItem\",\"position\":3,\"name\":\"Stinson 7 mujer\"}]},{\"@type\":\"WebSite\",\"@id\":\"https:\/\/www.miomiorun.com\/es\/#website\",\"url\":\"https:\/\/www.miomiorun.com\/es\/\",\"name\":\"MioMioRun\",\"description\":\"Tienda 100% running y trail\",\"publisher\":{\"@id\":\"https:\/\/www.miomiorun.com\/es\/#organization\"},\"potentialAction\":[{\"@type\":\"SearchAction\",\"target\":{\"@type\":\"EntryPoint\",\"urlTemplate\":\"https:\/\/www.miomiorun.com\/es\/?s={search_term_string}\"},\"query-input\":{\"@type\":\"PropertyValueSpecification\",\"valueRequired\":true,\"valueName\":\"search_term_string\"}}],\"inLanguage\":\"es-ES\"},{\"@type\":\"Organization\",\"@id\":\"https:\/\/www.miomiorun.com\/es\/#organization\",\"name\":\"MioMio Run\",\"url\":\"https:\/\/www.miomiorun.com\/es\/\",\"logo\":{\"@type\":\"ImageObject\",\"inLanguage\":\"es-ES\",\"@id\":\"https:\/\/www.miomiorun.com\/es\/#\/schema\/logo\/image\/\",\"url\":\"https:\/\/www.miomiorun.com\/app\/uploads\/2019\/12\/logomio.png\",\"contentUrl\":\"https:\/\/www.miomiorun.com\/app\/uploads\/2019\/12\/logomio.png\",\"width\":115,\"height\":82,\"caption\":\"MioMio Run\"},\"image\":{\"@id\":\"https:\/\/www.miomiorun.com\/es\/#\/schema\/logo\/image\/\"},\"sameAs\":[\"https:\/\/www.facebook.com\/miomiorun\/\",\"https:\/\/www.instagram.com\/miomiorun\/\"]}]}<\/script>\n<!-- \/ Yoast SEO plugin. -->","yoast_head_json":{"title":"HokaStinson 7 mujer -Zapatillas de trail estables- MioMioRun","description":"Stinson 7 representa la combinaci\u00f3n perfecta entre amortiguaci\u00f3n suave y tracci\u00f3n vers\u00e1til. Stinson est\u00e1 dise\u00f1ada para afrontar cualquier terreno.","robots":{"index":"index","follow":"follow","max-snippet":"max-snippet:-1","max-image-preview":"max-image-preview:large","max-video-preview":"max-video-preview:-1"},"canonical":"https:\/\/www.miomiorun.com\/es\/producto\/stinson-7-mujer\/","og_locale":"es_ES","og_type":"article","og_title":"HokaStinson 7 mujer -Zapatillas de trail estables- MioMioRun","og_description":"Stinson 7 representa la combinaci\u00f3n perfecta entre amortiguaci\u00f3n suave y tracci\u00f3n vers\u00e1til. Stinson est\u00e1 dise\u00f1ada para afrontar cualquier terreno.","og_url":"https:\/\/www.miomiorun.com\/es\/producto\/stinson-7-mujer\/","og_site_name":"MioMioRun","article_publisher":"https:\/\/www.facebook.com\/miomiorun\/","article_modified_time":"2026-03-08T08:39:47+00:00","og_image":[{"width":720,"height":720,"url":"https:\/\/www.miomiorun.com\/app\/uploads\/2025\/12\/hoka-Stinson-7-W-rosemary-fragrant-lilac-1141531-RMRY.webp","type":"image\/webp"}],"twitter_card":"summary_large_image","twitter_misc":{"Est. reading time":"2 minutes"},"schema":{"@context":"https:\/\/schema.org","@graph":[{"@type":"WebPage","@id":"https:\/\/www.miomiorun.com\/es\/producto\/stinson-7-mujer\/","url":"https:\/\/www.miomiorun.com\/es\/producto\/stinson-7-mujer\/","name":"HokaStinson 7 mujer -Zapatillas de trail estables- MioMioRun","isPartOf":{"@id":"https:\/\/www.miomiorun.com\/es\/#website"},"primaryImageOfPage":{"@id":"https:\/\/www.miomiorun.com\/es\/producto\/stinson-7-mujer\/#primaryimage"},"image":{"@id":"https:\/\/www.miomiorun.com\/es\/producto\/stinson-7-mujer\/#primaryimage"},"thumbnailUrl":"https:\/\/www.miomiorun.com\/app\/uploads\/2025\/12\/hoka-Stinson-7-W-rosemary-fragrant-lilac-1141531-RMRY.webp","datePublished":"2023-10-16T16:01:13+00:00","dateModified":"2026-03-08T08:39:47+00:00","description":"Stinson 7 representa la combinaci\u00f3n perfecta entre amortiguaci\u00f3n suave y tracci\u00f3n vers\u00e1til. Stinson est\u00e1 dise\u00f1ada para afrontar cualquier terreno.","breadcrumb":{"@id":"https:\/\/www.miomiorun.com\/es\/producto\/stinson-7-mujer\/#breadcrumb"},"inLanguage":"es-ES","potentialAction":[{"@type":"ReadAction","target":["https:\/\/www.miomiorun.com\/es\/producto\/stinson-7-mujer\/"]}]},{"@type":"ImageObject","inLanguage":"es-ES","@id":"https:\/\/www.miomiorun.com\/es\/producto\/stinson-7-mujer\/#primaryimage","url":"https:\/\/www.miomiorun.com\/app\/uploads\/2025\/12\/hoka-Stinson-7-W-rosemary-fragrant-lilac-1141531-RMRY.webp","contentUrl":"https:\/\/www.miomiorun.com\/app\/uploads\/2025\/12\/hoka-Stinson-7-W-rosemary-fragrant-lilac-1141531-RMRY.webp","width":720,"height":720,"caption":"hoka Stinson 7 W rosemary fragrant lilac 1141531 RMRY"},{"@type":"BreadcrumbList","@id":"https:\/\/www.miomiorun.com\/es\/producto\/stinson-7-mujer\/#breadcrumb","itemListElement":[{"@type":"ListItem","position":1,"name":"Home","item":"https:\/\/www.miomiorun.com\/es\/"},{"@type":"ListItem","position":2,"name":"Shop","item":"https:\/\/www.miomiorun.com\/shop\/"},{"@type":"ListItem","position":3,"name":"Stinson 7 mujer"}]},{"@type":"WebSite","@id":"https:\/\/www.miomiorun.com\/es\/#website","url":"https:\/\/www.miomiorun.com\/es\/","name":"MioMioRun","description":"Tienda 100% running y trail","publisher":{"@id":"https:\/\/www.miomiorun.com\/es\/#organization"},"potentialAction":[{"@type":"SearchAction","target":{"@type":"EntryPoint","urlTemplate":"https:\/\/www.miomiorun.com\/es\/?s={search_term_string}"},"query-input":{"@type":"PropertyValueSpecification","valueRequired":true,"valueName":"search_term_string"}}],"inLanguage":"es-ES"},{"@type":"Organization","@id":"https:\/\/www.miomiorun.com\/es\/#organization","name":"MioMio Run","url":"https:\/\/www.miomiorun.com\/es\/","logo":{"@type":"ImageObject","inLanguage":"es-ES","@id":"https:\/\/www.miomiorun.com\/es\/#\/schema\/logo\/image\/","url":"https:\/\/www.miomiorun.com\/app\/uploads\/2019\/12\/logomio.png","contentUrl":"https:\/\/www.miomiorun.com\/app\/uploads\/2019\/12\/logomio.png","width":115,"height":82,"caption":"MioMio Run"},"image":{"@id":"https:\/\/www.miomiorun.com\/es\/#\/schema\/logo\/image\/"},"sameAs":["https:\/\/www.facebook.com\/miomiorun\/","https:\/\/www.instagram.com\/miomiorun\/"]}]}},"_links":{"self":[{"href":"https:\/\/www.miomiorun.com\/es\/wp-json\/wp\/v2\/product\/287762","targetHints":{"allow":["GET"]}}],"collection":[{"href":"https:\/\/www.miomiorun.com\/es\/wp-json\/wp\/v2\/product"}],"about":[{"href":"https:\/\/www.miomiorun.com\/es\/wp-json\/wp\/v2\/types\/product"}],"wp:featuredmedia":[{"embeddable":true,"href":"https:\/\/www.miomiorun.com\/es\/wp-json\/wp\/v2\/media\/383425"}],"wp:attachment":[{"href":"https:\/\/www.miomiorun.com\/es\/wp-json\/wp\/v2\/media?parent=287762"}],"wp:term":[{"taxonomy":"product_brand","embeddable":true,"href":"https:\/\/www.miomiorun.com\/es\/wp-json\/wp\/v2\/product_brand?post=287762"},{"taxonomy":"product_cat","embeddable":true,"href":"https:\/\/www.miomiorun.com\/es\/wp-json\/wp\/v2\/product_cat?post=287762"},{"taxonomy":"product_tag","embeddable":true,"href":"https:\/\/www.miomiorun.com\/es\/wp-json\/wp\/v2\/product_tag?post=287762"}],"curies":[{"name":"wp","href":"https:\/\/api.w.org\/{rel}","templated":true}]}}