{"id":287704,"date":"2023-10-16T18:29:02","date_gmt":"2023-10-16T16:29:02","guid":{"rendered":"https:\/\/miomiorun.com\/prodotto\/cielo-road\/"},"modified":"2026-02-25T17:47:46","modified_gmt":"2026-02-25T16:47:46","slug":"cielo-road","status":"publish","type":"product","link":"https:\/\/www.miomiorun.com\/es\/producto\/cielo-road\/","title":{"rendered":"Cielo Road"},"content":{"rendered":"<div class=\"vc-row container\"><div class=\"vc-column\"><div class=\"vc-column-text\"><\/p>\n<p><strong>Especificaciones t\u00e9cnicas<\/strong><\/p>\n<p>Categor\u00eda: pista<br \/>\nPeso: 213 g<br \/>\nIdeal para: atletas que buscan zapatillas para correr carreras de cabeza, batir sus r\u00e9cords personales y subir al podio.<br \/>\nPeso del atleta: 60-75 kg<br \/>\nPaso de carrera: r\u00e1pido &lt; 3,30 min\/km<br \/>\n<a href=\"https:\/\/miomiorun.com\/es\/guia-especifica\/\">Gu\u00eda de especificaciones t\u00e9cnicas<\/a><\/p>\n<p><\/div><\/div><div class=\"vc-column\"><div class=\"vc-column-text\"><\/p>\n<p id=\"tw-target-text\" class=\"tw-data-text tw-text-large tw-ta\" dir=\"ltr\" data-placeholder=\"Traduzione\"><strong>Baja, ultraligera, r\u00e1pida<\/strong><\/p>\n<p>Para todos aquellos que aman correr en cabeza, batir sus r\u00e9cords personales y subir al podio: esto es para vosotros. Dise\u00f1ada para corredores que se esfuerzan al m\u00e1ximo en los entrenamientos y a\u00fan m\u00e1s en las carreras, la nueva <strong>Cielo Road<\/strong> Unisex ha sido concebida para garantizar el rendimiento cl\u00e1sico de HOKA resultando pr\u00e1cticamente imperceptible bajo el pie. Zapatilla baja para carreras en carretera a un ritmo superior, este modelo ultraligero cuenta con una parte superior de malla transpirable, espuma PEBA altamente reactiva y un \u00absistema de chasis\u00bb integrado para una m\u00e1xima estabilidad del pie.<\/p>\n<h3>Estabilidad<\/h3>\n<p class=\"tech-spec-product-msg active\">Cielo Road cuenta con una plantilla amortiguada sim\u00e9trica, sin tecnolog\u00edas ortop\u00e9dicas adicionales. Dise\u00f1adas para ofrecerte el apoyo que necesitas, sin caracter\u00edsticas superfluas.<\/p>\n<h2 class=\"card-title mb-3\"><span title=\"\" data-toggle=\"tooltip\" data-placement=\"bottom\" data-title=\"Tutte le nostre calzature presentano un\u2019intersuola ammortizzata, progettata per ridurre l\u2019impatto e garantire supporto. La quantit\u00e0 di ammortizzazione e quanto sia compatta o morbida varia da modello a modello.\" data-original-title=\"\"><span class=\"techspec-bar-title\">Amortiguaci\u00f3n<\/span><\/span><\/h2>\n<p class=\"tech-spec-product-msg active\">Las Cielo Road presentan una amortiguaci\u00f3n de perfil bajo que mantiene el pie m\u00e1s cerca del suelo y utilizan un material m\u00e1s compacto, dise\u00f1ado para que el impulso sea m\u00e1s eficiente.<br \/>\n<strong>Caracter\u00edsticas:<\/strong><\/p>\n<ul class=\"features-container\">\n<li class=\"feature-item\">Parte superior de malla ligera de poli\u00e9ster reciclado (100 %)<\/li>\n<li class=\"feature-item\">Estructura plana<\/li>\n<li class=\"feature-item\">Estructura interna que ofrece sujeci\u00f3n<\/li>\n<li class=\"feature-item\">Espuma PEBA ligera y reactiva<\/li>\n<li class=\"feature-item\">Colocaci\u00f3n estrat\u00e9gica de la goma<\/li>\n<li class=\"feature-item\">Leng\u00fceta de malla de poli\u00e9ster reciclado (100 %)<\/li>\n<\/ul>\n<p><\/div><\/div><\/div><\/p>\n","protected":false},"excerpt":{"rendered":"","protected":false},"featured_media":243763,"template":"","meta":{"_acf_changed":false,"inline_featured_image":false},"product_brand":[],"product_cat":[24227,24454,24228,24453],"product_tag":[23479,23605,23645],"class_list":{"0":"post-287704","1":"product","2":"type-product","3":"status-publish","4":"has-post-thumbnail","6":"product_cat-calzado-femenino","7":"product_cat-calzado-para-hombre","8":"product_cat-neutre-es","9":"product_cat-neutre-es-3","10":"product_tag-hoka-one-one-es","11":"product_tag-hoka-hombre","12":"product_tag-hoka-mujer","13":"pa_attivita-running-es","14":"pa_colore-cielo-rd-black-multi-es","15":"pa_marca-hoka-es","16":"pa_sesso-hombre","17":"pa_sesso-mujer","18":"pa_size-38-es","20":"first","21":"instock","22":"sale","23":"taxable","24":"shipping-taxable","25":"purchasable","26":"product-type-variable","27":"wvs-archive-product-wrapper"},"acf":[],"yoast_head":"<!-- This site is optimized with the Yoast SEO plugin v26.8 - https:\/\/yoast.com\/product\/yoast-seo-wordpress\/ -->\n<title>HokaCielo Road - zapatillas de running hombre - MioMioRun.com<\/title>\n<meta name=\"description\" content=\"Cielo Road Unisex ha sido dise\u00f1ada para garantizar el rendimiento cl\u00e1sico de HOKA y resultar pr\u00e1cticamente imperceptible bajo el pie.\" \/>\n<meta name=\"robots\" content=\"index, follow, max-snippet:-1, max-image-preview:large, max-video-preview:-1\" \/>\n<link rel=\"canonical\" href=\"https:\/\/www.miomiorun.com\/es\/producto\/cielo-road\/\" \/>\n<meta property=\"og:locale\" content=\"es_ES\" \/>\n<meta property=\"og:type\" content=\"article\" \/>\n<meta property=\"og:title\" content=\"HokaCielo Road - zapatillas de running hombre - MioMioRun.com\" \/>\n<meta property=\"og:description\" content=\"Cielo Road Unisex ha sido dise\u00f1ada para garantizar el rendimiento cl\u00e1sico de HOKA y resultar pr\u00e1cticamente imperceptible bajo el pie.\" \/>\n<meta property=\"og:url\" content=\"https:\/\/www.miomiorun.com\/es\/producto\/cielo-road\/\" \/>\n<meta property=\"og:site_name\" content=\"MioMioRun\" \/>\n<meta property=\"article:publisher\" content=\"https:\/\/www.facebook.com\/miomiorun\/\" \/>\n<meta property=\"article:modified_time\" content=\"2026-02-25T16:47:46+00:00\" \/>\n<meta property=\"og:image\" content=\"https:\/\/www.miomiorun.com\/app\/uploads\/2023\/11\/hoka-one-one-cielo-rd-black-multi-1143490-BKML.jpg\" \/>\n\t<meta property=\"og:image:width\" content=\"600\" \/>\n\t<meta property=\"og:image:height\" content=\"600\" \/>\n\t<meta property=\"og:image:type\" content=\"image\/jpeg\" \/>\n<meta name=\"twitter:card\" content=\"summary_large_image\" \/>\n<meta name=\"twitter:label1\" content=\"Est. reading time\" \/>\n\t<meta name=\"twitter:data1\" content=\"2 minutes\" \/>\n<script type=\"application\/ld+json\" class=\"yoast-schema-graph\">{\"@context\":\"https:\/\/schema.org\",\"@graph\":[{\"@type\":\"WebPage\",\"@id\":\"https:\/\/www.miomiorun.com\/es\/producto\/cielo-road\/\",\"url\":\"https:\/\/www.miomiorun.com\/es\/producto\/cielo-road\/\",\"name\":\"HokaCielo Road - zapatillas de running hombre - MioMioRun.com\",\"isPartOf\":{\"@id\":\"https:\/\/www.miomiorun.com\/es\/#website\"},\"primaryImageOfPage\":{\"@id\":\"https:\/\/www.miomiorun.com\/es\/producto\/cielo-road\/#primaryimage\"},\"image\":{\"@id\":\"https:\/\/www.miomiorun.com\/es\/producto\/cielo-road\/#primaryimage\"},\"thumbnailUrl\":\"https:\/\/www.miomiorun.com\/app\/uploads\/2023\/11\/hoka-one-one-cielo-rd-black-multi-1143490-BKML.jpg\",\"datePublished\":\"2023-10-16T16:29:02+00:00\",\"dateModified\":\"2026-02-25T16:47:46+00:00\",\"description\":\"Cielo Road Unisex ha sido dise\u00f1ada para garantizar el rendimiento cl\u00e1sico de HOKA y resultar pr\u00e1cticamente imperceptible bajo el pie.\",\"breadcrumb\":{\"@id\":\"https:\/\/www.miomiorun.com\/es\/producto\/cielo-road\/#breadcrumb\"},\"inLanguage\":\"es-ES\",\"potentialAction\":[{\"@type\":\"ReadAction\",\"target\":[\"https:\/\/www.miomiorun.com\/es\/producto\/cielo-road\/\"]}]},{\"@type\":\"ImageObject\",\"inLanguage\":\"es-ES\",\"@id\":\"https:\/\/www.miomiorun.com\/es\/producto\/cielo-road\/#primaryimage\",\"url\":\"https:\/\/www.miomiorun.com\/app\/uploads\/2023\/11\/hoka-one-one-cielo-rd-black-multi-1143490-BKML.jpg\",\"contentUrl\":\"https:\/\/www.miomiorun.com\/app\/uploads\/2023\/11\/hoka-one-one-cielo-rd-black-multi-1143490-BKML.jpg\",\"width\":600,\"height\":600,\"caption\":\"hoka-one-one-cielo-rd-black-multi-1143490-BKML\"},{\"@type\":\"BreadcrumbList\",\"@id\":\"https:\/\/www.miomiorun.com\/es\/producto\/cielo-road\/#breadcrumb\",\"itemListElement\":[{\"@type\":\"ListItem\",\"position\":1,\"name\":\"Home\",\"item\":\"https:\/\/www.miomiorun.com\/es\/\"},{\"@type\":\"ListItem\",\"position\":2,\"name\":\"Shop\",\"item\":\"https:\/\/www.miomiorun.com\/shop\/\"},{\"@type\":\"ListItem\",\"position\":3,\"name\":\"Cielo Road\"}]},{\"@type\":\"WebSite\",\"@id\":\"https:\/\/www.miomiorun.com\/es\/#website\",\"url\":\"https:\/\/www.miomiorun.com\/es\/\",\"name\":\"MioMioRun\",\"description\":\"Tienda 100% running y trail\",\"publisher\":{\"@id\":\"https:\/\/www.miomiorun.com\/es\/#organization\"},\"potentialAction\":[{\"@type\":\"SearchAction\",\"target\":{\"@type\":\"EntryPoint\",\"urlTemplate\":\"https:\/\/www.miomiorun.com\/es\/?s={search_term_string}\"},\"query-input\":{\"@type\":\"PropertyValueSpecification\",\"valueRequired\":true,\"valueName\":\"search_term_string\"}}],\"inLanguage\":\"es-ES\"},{\"@type\":\"Organization\",\"@id\":\"https:\/\/www.miomiorun.com\/es\/#organization\",\"name\":\"MioMio Run\",\"url\":\"https:\/\/www.miomiorun.com\/es\/\",\"logo\":{\"@type\":\"ImageObject\",\"inLanguage\":\"es-ES\",\"@id\":\"https:\/\/www.miomiorun.com\/es\/#\/schema\/logo\/image\/\",\"url\":\"https:\/\/www.miomiorun.com\/app\/uploads\/2019\/12\/logomio.png\",\"contentUrl\":\"https:\/\/www.miomiorun.com\/app\/uploads\/2019\/12\/logomio.png\",\"width\":115,\"height\":82,\"caption\":\"MioMio Run\"},\"image\":{\"@id\":\"https:\/\/www.miomiorun.com\/es\/#\/schema\/logo\/image\/\"},\"sameAs\":[\"https:\/\/www.facebook.com\/miomiorun\/\",\"https:\/\/www.instagram.com\/miomiorun\/\"]}]}<\/script>\n<!-- \/ Yoast SEO plugin. -->","yoast_head_json":{"title":"HokaCielo Road - zapatillas de running hombre - MioMioRun.com","description":"Cielo Road Unisex ha sido dise\u00f1ada para garantizar el rendimiento cl\u00e1sico de HOKA y resultar pr\u00e1cticamente imperceptible bajo el pie.","robots":{"index":"index","follow":"follow","max-snippet":"max-snippet:-1","max-image-preview":"max-image-preview:large","max-video-preview":"max-video-preview:-1"},"canonical":"https:\/\/www.miomiorun.com\/es\/producto\/cielo-road\/","og_locale":"es_ES","og_type":"article","og_title":"HokaCielo Road - zapatillas de running hombre - MioMioRun.com","og_description":"Cielo Road Unisex ha sido dise\u00f1ada para garantizar el rendimiento cl\u00e1sico de HOKA y resultar pr\u00e1cticamente imperceptible bajo el pie.","og_url":"https:\/\/www.miomiorun.com\/es\/producto\/cielo-road\/","og_site_name":"MioMioRun","article_publisher":"https:\/\/www.facebook.com\/miomiorun\/","article_modified_time":"2026-02-25T16:47:46+00:00","og_image":[{"width":600,"height":600,"url":"https:\/\/www.miomiorun.com\/app\/uploads\/2023\/11\/hoka-one-one-cielo-rd-black-multi-1143490-BKML.jpg","type":"image\/jpeg"}],"twitter_card":"summary_large_image","twitter_misc":{"Est. reading time":"2 minutes"},"schema":{"@context":"https:\/\/schema.org","@graph":[{"@type":"WebPage","@id":"https:\/\/www.miomiorun.com\/es\/producto\/cielo-road\/","url":"https:\/\/www.miomiorun.com\/es\/producto\/cielo-road\/","name":"HokaCielo Road - zapatillas de running hombre - MioMioRun.com","isPartOf":{"@id":"https:\/\/www.miomiorun.com\/es\/#website"},"primaryImageOfPage":{"@id":"https:\/\/www.miomiorun.com\/es\/producto\/cielo-road\/#primaryimage"},"image":{"@id":"https:\/\/www.miomiorun.com\/es\/producto\/cielo-road\/#primaryimage"},"thumbnailUrl":"https:\/\/www.miomiorun.com\/app\/uploads\/2023\/11\/hoka-one-one-cielo-rd-black-multi-1143490-BKML.jpg","datePublished":"2023-10-16T16:29:02+00:00","dateModified":"2026-02-25T16:47:46+00:00","description":"Cielo Road Unisex ha sido dise\u00f1ada para garantizar el rendimiento cl\u00e1sico de HOKA y resultar pr\u00e1cticamente imperceptible bajo el pie.","breadcrumb":{"@id":"https:\/\/www.miomiorun.com\/es\/producto\/cielo-road\/#breadcrumb"},"inLanguage":"es-ES","potentialAction":[{"@type":"ReadAction","target":["https:\/\/www.miomiorun.com\/es\/producto\/cielo-road\/"]}]},{"@type":"ImageObject","inLanguage":"es-ES","@id":"https:\/\/www.miomiorun.com\/es\/producto\/cielo-road\/#primaryimage","url":"https:\/\/www.miomiorun.com\/app\/uploads\/2023\/11\/hoka-one-one-cielo-rd-black-multi-1143490-BKML.jpg","contentUrl":"https:\/\/www.miomiorun.com\/app\/uploads\/2023\/11\/hoka-one-one-cielo-rd-black-multi-1143490-BKML.jpg","width":600,"height":600,"caption":"hoka-one-one-cielo-rd-black-multi-1143490-BKML"},{"@type":"BreadcrumbList","@id":"https:\/\/www.miomiorun.com\/es\/producto\/cielo-road\/#breadcrumb","itemListElement":[{"@type":"ListItem","position":1,"name":"Home","item":"https:\/\/www.miomiorun.com\/es\/"},{"@type":"ListItem","position":2,"name":"Shop","item":"https:\/\/www.miomiorun.com\/shop\/"},{"@type":"ListItem","position":3,"name":"Cielo Road"}]},{"@type":"WebSite","@id":"https:\/\/www.miomiorun.com\/es\/#website","url":"https:\/\/www.miomiorun.com\/es\/","name":"MioMioRun","description":"Tienda 100% running y trail","publisher":{"@id":"https:\/\/www.miomiorun.com\/es\/#organization"},"potentialAction":[{"@type":"SearchAction","target":{"@type":"EntryPoint","urlTemplate":"https:\/\/www.miomiorun.com\/es\/?s={search_term_string}"},"query-input":{"@type":"PropertyValueSpecification","valueRequired":true,"valueName":"search_term_string"}}],"inLanguage":"es-ES"},{"@type":"Organization","@id":"https:\/\/www.miomiorun.com\/es\/#organization","name":"MioMio Run","url":"https:\/\/www.miomiorun.com\/es\/","logo":{"@type":"ImageObject","inLanguage":"es-ES","@id":"https:\/\/www.miomiorun.com\/es\/#\/schema\/logo\/image\/","url":"https:\/\/www.miomiorun.com\/app\/uploads\/2019\/12\/logomio.png","contentUrl":"https:\/\/www.miomiorun.com\/app\/uploads\/2019\/12\/logomio.png","width":115,"height":82,"caption":"MioMio Run"},"image":{"@id":"https:\/\/www.miomiorun.com\/es\/#\/schema\/logo\/image\/"},"sameAs":["https:\/\/www.facebook.com\/miomiorun\/","https:\/\/www.instagram.com\/miomiorun\/"]}]}},"_links":{"self":[{"href":"https:\/\/www.miomiorun.com\/es\/wp-json\/wp\/v2\/product\/287704","targetHints":{"allow":["GET"]}}],"collection":[{"href":"https:\/\/www.miomiorun.com\/es\/wp-json\/wp\/v2\/product"}],"about":[{"href":"https:\/\/www.miomiorun.com\/es\/wp-json\/wp\/v2\/types\/product"}],"wp:featuredmedia":[{"embeddable":true,"href":"https:\/\/www.miomiorun.com\/es\/wp-json\/wp\/v2\/media\/243763"}],"wp:attachment":[{"href":"https:\/\/www.miomiorun.com\/es\/wp-json\/wp\/v2\/media?parent=287704"}],"wp:term":[{"taxonomy":"product_brand","embeddable":true,"href":"https:\/\/www.miomiorun.com\/es\/wp-json\/wp\/v2\/product_brand?post=287704"},{"taxonomy":"product_cat","embeddable":true,"href":"https:\/\/www.miomiorun.com\/es\/wp-json\/wp\/v2\/product_cat?post=287704"},{"taxonomy":"product_tag","embeddable":true,"href":"https:\/\/www.miomiorun.com\/es\/wp-json\/wp\/v2\/product_tag?post=287704"}],"curies":[{"name":"wp","href":"https:\/\/api.w.org\/{rel}","templated":true}]}}