{"id":287573,"date":"2023-10-25T11:36:06","date_gmt":"2023-10-25T09:36:06","guid":{"rendered":"https:\/\/miomiorun.com\/prodotto\/peregrine-12-bambino\/"},"modified":"2026-03-17T12:13:56","modified_gmt":"2026-03-17T11:13:56","slug":"peregrine-12-chico","status":"publish","type":"product","link":"https:\/\/www.miomiorun.com\/es\/producto\/peregrine-12-chico\/","title":{"rendered":"Peregrine 12 chico"},"content":{"rendered":"<div class=\"vc-row container\"><div class=\"vc-column\"><div class=\"vc-column-text\"><\/p>\n<h4>Especificaciones t\u00e9cnicas<\/h4>\n<p>Categor\u00eda: Amortiguaci\u00f3n estructurada<br \/>\nDesnivel: 8 mm<br \/>\nIdeal para: j\u00f3venes que necesitan un calzado con buena amortiguaci\u00f3n y una buena estructura. Ideal para los primeros pasos en la pr\u00e1ctica deportiva o para j\u00f3venes que ya se inclinan por recorrer distancias medias-largas en la monta\u00f1a.<br \/>\n<a href=\"https:\/\/miomiorun.com\/es\/guia-especifica\/\">Gu\u00eda de especificaciones t\u00e9cnicas<\/a><\/p>\n<p><\/div><\/div><div class=\"vc-column\"><div class=\"vc-column-text\"><\/p>\n<div class=\"description\">\n<p>La parte superior repelente al agua hace que esta zapatilla sea adecuada para senderos en cualquier condici\u00f3n, mientras que la duradera suela de goma y la puntera reforzada prolongan su vida \u00fatil para muchas m\u00e1s caminatas.<\/p>\n<p>Nuestra resistente <strong>Peregrine 12<\/strong> para ni\u00f1o es apta para cualquier terreno y cuenta adem\u00e1s con un sistema de cierre alternativo, para un calzado r\u00e1pido y pr\u00e1ctico.<\/p>\n<p><strong>Caracter\u00edsticas:<\/strong><\/p>\n<div class=\"description\">\n<ul>\n<li>Parte superior con tratamiento repelente al agua DWR para mayor protecci\u00f3n<\/li>\n<li>Empeine de piel y malla<\/li>\n<li>Disponible con cierre tradicional con cordones y cierre alternativo para facilitar el calzado<\/li>\n<li>Puntera reforzada para una mayor durabilidad<\/li>\n<li>Forro 100 % PET reciclado<\/li>\n<li>Revestimiento antiolor<\/li>\n<li>Suela robusta y duradera que no deja huellas, para un agarre duradero en todo tipo de terrenos<\/li>\n<\/ul>\n<p>&nbsp;<\/p>\n<\/div>\n<\/div>\n<p><\/div><\/div><\/div>\n","protected":false},"excerpt":{"rendered":"<ul>\n<li>Ideales para la monta\u00f1a<\/li>\n<li>Amortiguaci\u00f3n excelente y gran agarre<\/li>\n<\/ul>\n","protected":false},"featured_media":243617,"template":"","meta":{"_acf_changed":false,"inline_featured_image":false},"product_brand":[],"product_cat":[24406,24407],"product_tag":[23578,24193],"class_list":{"0":"post-287573","1":"product","2":"type-product","3":"status-publish","4":"has-post-thumbnail","6":"product_cat-zapatos-chico","7":"product_cat-chico","8":"product_tag-saucony-es","9":"product_tag-saucony-chico","10":"pa_attivita-caminar","11":"pa_attivita-outdoor-es","12":"pa_colore-peregrine-12-shld-black-slime-es","13":"pa_marca-saucony-es","14":"pa_sesso-hombre","15":"pa_size-35-es","16":"pa_size-37-5-es","18":"first","19":"instock","20":"sale","21":"taxable","22":"shipping-taxable","23":"purchasable","24":"product-type-variable","25":"wvs-archive-product-wrapper"},"acf":[],"yoast_head":"<!-- This site is optimized with the Yoast SEO plugin v26.8 - https:\/\/yoast.com\/product\/yoast-seo-wordpress\/ -->\n<title>Saucony Peregrine 12 chico - zapatillas de running para ni\u00f1os - MioMioRun<\/title>\n<meta name=\"description\" content=\"Nuestra resistente Peregrine 12 para ni\u00f1o es apta para cualquier terreno y cuenta adem\u00e1s con un sistema de cierre alternativo, para un ajuste r\u00e1pido y pr\u00e1ctico.\" \/>\n<meta name=\"robots\" content=\"index, follow, max-snippet:-1, max-image-preview:large, max-video-preview:-1\" \/>\n<link rel=\"canonical\" href=\"https:\/\/www.miomiorun.com\/es\/producto\/peregrine-12-chico\/\" \/>\n<meta property=\"og:locale\" content=\"es_ES\" \/>\n<meta property=\"og:type\" content=\"article\" \/>\n<meta property=\"og:title\" content=\"Saucony Peregrine 12 chico - zapatillas de running para ni\u00f1os - MioMioRun\" \/>\n<meta property=\"og:description\" content=\"Nuestra resistente Peregrine 12 para ni\u00f1o es apta para cualquier terreno y cuenta adem\u00e1s con un sistema de cierre alternativo, para un ajuste r\u00e1pido y pr\u00e1ctico.\" \/>\n<meta property=\"og:url\" content=\"https:\/\/www.miomiorun.com\/es\/producto\/peregrine-12-chico\/\" \/>\n<meta property=\"og:site_name\" content=\"MioMioRun\" \/>\n<meta property=\"article:publisher\" content=\"https:\/\/www.facebook.com\/miomiorun\/\" \/>\n<meta property=\"article:modified_time\" content=\"2026-03-17T11:13:56+00:00\" \/>\n<meta property=\"og:image\" content=\"https:\/\/www.miomiorun.com\/app\/uploads\/2023\/10\/saucony-peregrine-12-shld-black-slime-SK267297.jpg\" \/>\n\t<meta property=\"og:image:width\" content=\"600\" \/>\n\t<meta property=\"og:image:height\" content=\"600\" \/>\n\t<meta property=\"og:image:type\" content=\"image\/jpeg\" \/>\n<meta name=\"twitter:card\" content=\"summary_large_image\" \/>\n<meta name=\"twitter:label1\" content=\"Est. reading time\" \/>\n\t<meta name=\"twitter:data1\" content=\"1 minute\" \/>\n<script type=\"application\/ld+json\" class=\"yoast-schema-graph\">{\"@context\":\"https:\/\/schema.org\",\"@graph\":[{\"@type\":\"WebPage\",\"@id\":\"https:\/\/www.miomiorun.com\/es\/producto\/peregrine-12-chico\/\",\"url\":\"https:\/\/www.miomiorun.com\/es\/producto\/peregrine-12-chico\/\",\"name\":\"Saucony Peregrine 12 chico - zapatillas de running para ni\u00f1os - MioMioRun\",\"isPartOf\":{\"@id\":\"https:\/\/www.miomiorun.com\/es\/#website\"},\"primaryImageOfPage\":{\"@id\":\"https:\/\/www.miomiorun.com\/es\/producto\/peregrine-12-chico\/#primaryimage\"},\"image\":{\"@id\":\"https:\/\/www.miomiorun.com\/es\/producto\/peregrine-12-chico\/#primaryimage\"},\"thumbnailUrl\":\"https:\/\/www.miomiorun.com\/app\/uploads\/2023\/10\/saucony-peregrine-12-shld-black-slime-SK267297.jpg\",\"datePublished\":\"2023-10-25T09:36:06+00:00\",\"dateModified\":\"2026-03-17T11:13:56+00:00\",\"description\":\"Nuestra resistente Peregrine 12 para ni\u00f1o es apta para cualquier terreno y cuenta adem\u00e1s con un sistema de cierre alternativo, para un ajuste r\u00e1pido y pr\u00e1ctico.\",\"breadcrumb\":{\"@id\":\"https:\/\/www.miomiorun.com\/es\/producto\/peregrine-12-chico\/#breadcrumb\"},\"inLanguage\":\"es-ES\",\"potentialAction\":[{\"@type\":\"ReadAction\",\"target\":[\"https:\/\/www.miomiorun.com\/es\/producto\/peregrine-12-chico\/\"]}]},{\"@type\":\"ImageObject\",\"inLanguage\":\"es-ES\",\"@id\":\"https:\/\/www.miomiorun.com\/es\/producto\/peregrine-12-chico\/#primaryimage\",\"url\":\"https:\/\/www.miomiorun.com\/app\/uploads\/2023\/10\/saucony-peregrine-12-shld-black-slime-SK267297.jpg\",\"contentUrl\":\"https:\/\/www.miomiorun.com\/app\/uploads\/2023\/10\/saucony-peregrine-12-shld-black-slime-SK267297.jpg\",\"width\":600,\"height\":600,\"caption\":\"saucony-peregrine-12-shld-black-slime-SK267297\"},{\"@type\":\"BreadcrumbList\",\"@id\":\"https:\/\/www.miomiorun.com\/es\/producto\/peregrine-12-chico\/#breadcrumb\",\"itemListElement\":[{\"@type\":\"ListItem\",\"position\":1,\"name\":\"Home\",\"item\":\"https:\/\/www.miomiorun.com\/es\/\"},{\"@type\":\"ListItem\",\"position\":2,\"name\":\"Shop\",\"item\":\"https:\/\/www.miomiorun.com\/shop\/\"},{\"@type\":\"ListItem\",\"position\":3,\"name\":\"Peregrine 12 chico\"}]},{\"@type\":\"WebSite\",\"@id\":\"https:\/\/www.miomiorun.com\/es\/#website\",\"url\":\"https:\/\/www.miomiorun.com\/es\/\",\"name\":\"MioMioRun\",\"description\":\"Tienda 100% running y trail\",\"publisher\":{\"@id\":\"https:\/\/www.miomiorun.com\/es\/#organization\"},\"potentialAction\":[{\"@type\":\"SearchAction\",\"target\":{\"@type\":\"EntryPoint\",\"urlTemplate\":\"https:\/\/www.miomiorun.com\/es\/?s={search_term_string}\"},\"query-input\":{\"@type\":\"PropertyValueSpecification\",\"valueRequired\":true,\"valueName\":\"search_term_string\"}}],\"inLanguage\":\"es-ES\"},{\"@type\":\"Organization\",\"@id\":\"https:\/\/www.miomiorun.com\/es\/#organization\",\"name\":\"MioMio Run\",\"url\":\"https:\/\/www.miomiorun.com\/es\/\",\"logo\":{\"@type\":\"ImageObject\",\"inLanguage\":\"es-ES\",\"@id\":\"https:\/\/www.miomiorun.com\/es\/#\/schema\/logo\/image\/\",\"url\":\"https:\/\/www.miomiorun.com\/app\/uploads\/2019\/12\/logomio.png\",\"contentUrl\":\"https:\/\/www.miomiorun.com\/app\/uploads\/2019\/12\/logomio.png\",\"width\":115,\"height\":82,\"caption\":\"MioMio Run\"},\"image\":{\"@id\":\"https:\/\/www.miomiorun.com\/es\/#\/schema\/logo\/image\/\"},\"sameAs\":[\"https:\/\/www.facebook.com\/miomiorun\/\",\"https:\/\/www.instagram.com\/miomiorun\/\"]}]}<\/script>\n<!-- \/ Yoast SEO plugin. -->","yoast_head_json":{"title":"Saucony Peregrine 12 chico - zapatillas de running para ni\u00f1os - MioMioRun","description":"Nuestra resistente Peregrine 12 para ni\u00f1o es apta para cualquier terreno y cuenta adem\u00e1s con un sistema de cierre alternativo, para un ajuste r\u00e1pido y pr\u00e1ctico.","robots":{"index":"index","follow":"follow","max-snippet":"max-snippet:-1","max-image-preview":"max-image-preview:large","max-video-preview":"max-video-preview:-1"},"canonical":"https:\/\/www.miomiorun.com\/es\/producto\/peregrine-12-chico\/","og_locale":"es_ES","og_type":"article","og_title":"Saucony Peregrine 12 chico - zapatillas de running para ni\u00f1os - MioMioRun","og_description":"Nuestra resistente Peregrine 12 para ni\u00f1o es apta para cualquier terreno y cuenta adem\u00e1s con un sistema de cierre alternativo, para un ajuste r\u00e1pido y pr\u00e1ctico.","og_url":"https:\/\/www.miomiorun.com\/es\/producto\/peregrine-12-chico\/","og_site_name":"MioMioRun","article_publisher":"https:\/\/www.facebook.com\/miomiorun\/","article_modified_time":"2026-03-17T11:13:56+00:00","og_image":[{"width":600,"height":600,"url":"https:\/\/www.miomiorun.com\/app\/uploads\/2023\/10\/saucony-peregrine-12-shld-black-slime-SK267297.jpg","type":"image\/jpeg"}],"twitter_card":"summary_large_image","twitter_misc":{"Est. reading time":"1 minute"},"schema":{"@context":"https:\/\/schema.org","@graph":[{"@type":"WebPage","@id":"https:\/\/www.miomiorun.com\/es\/producto\/peregrine-12-chico\/","url":"https:\/\/www.miomiorun.com\/es\/producto\/peregrine-12-chico\/","name":"Saucony Peregrine 12 chico - zapatillas de running para ni\u00f1os - MioMioRun","isPartOf":{"@id":"https:\/\/www.miomiorun.com\/es\/#website"},"primaryImageOfPage":{"@id":"https:\/\/www.miomiorun.com\/es\/producto\/peregrine-12-chico\/#primaryimage"},"image":{"@id":"https:\/\/www.miomiorun.com\/es\/producto\/peregrine-12-chico\/#primaryimage"},"thumbnailUrl":"https:\/\/www.miomiorun.com\/app\/uploads\/2023\/10\/saucony-peregrine-12-shld-black-slime-SK267297.jpg","datePublished":"2023-10-25T09:36:06+00:00","dateModified":"2026-03-17T11:13:56+00:00","description":"Nuestra resistente Peregrine 12 para ni\u00f1o es apta para cualquier terreno y cuenta adem\u00e1s con un sistema de cierre alternativo, para un ajuste r\u00e1pido y pr\u00e1ctico.","breadcrumb":{"@id":"https:\/\/www.miomiorun.com\/es\/producto\/peregrine-12-chico\/#breadcrumb"},"inLanguage":"es-ES","potentialAction":[{"@type":"ReadAction","target":["https:\/\/www.miomiorun.com\/es\/producto\/peregrine-12-chico\/"]}]},{"@type":"ImageObject","inLanguage":"es-ES","@id":"https:\/\/www.miomiorun.com\/es\/producto\/peregrine-12-chico\/#primaryimage","url":"https:\/\/www.miomiorun.com\/app\/uploads\/2023\/10\/saucony-peregrine-12-shld-black-slime-SK267297.jpg","contentUrl":"https:\/\/www.miomiorun.com\/app\/uploads\/2023\/10\/saucony-peregrine-12-shld-black-slime-SK267297.jpg","width":600,"height":600,"caption":"saucony-peregrine-12-shld-black-slime-SK267297"},{"@type":"BreadcrumbList","@id":"https:\/\/www.miomiorun.com\/es\/producto\/peregrine-12-chico\/#breadcrumb","itemListElement":[{"@type":"ListItem","position":1,"name":"Home","item":"https:\/\/www.miomiorun.com\/es\/"},{"@type":"ListItem","position":2,"name":"Shop","item":"https:\/\/www.miomiorun.com\/shop\/"},{"@type":"ListItem","position":3,"name":"Peregrine 12 chico"}]},{"@type":"WebSite","@id":"https:\/\/www.miomiorun.com\/es\/#website","url":"https:\/\/www.miomiorun.com\/es\/","name":"MioMioRun","description":"Tienda 100% running y trail","publisher":{"@id":"https:\/\/www.miomiorun.com\/es\/#organization"},"potentialAction":[{"@type":"SearchAction","target":{"@type":"EntryPoint","urlTemplate":"https:\/\/www.miomiorun.com\/es\/?s={search_term_string}"},"query-input":{"@type":"PropertyValueSpecification","valueRequired":true,"valueName":"search_term_string"}}],"inLanguage":"es-ES"},{"@type":"Organization","@id":"https:\/\/www.miomiorun.com\/es\/#organization","name":"MioMio Run","url":"https:\/\/www.miomiorun.com\/es\/","logo":{"@type":"ImageObject","inLanguage":"es-ES","@id":"https:\/\/www.miomiorun.com\/es\/#\/schema\/logo\/image\/","url":"https:\/\/www.miomiorun.com\/app\/uploads\/2019\/12\/logomio.png","contentUrl":"https:\/\/www.miomiorun.com\/app\/uploads\/2019\/12\/logomio.png","width":115,"height":82,"caption":"MioMio Run"},"image":{"@id":"https:\/\/www.miomiorun.com\/es\/#\/schema\/logo\/image\/"},"sameAs":["https:\/\/www.facebook.com\/miomiorun\/","https:\/\/www.instagram.com\/miomiorun\/"]}]}},"_links":{"self":[{"href":"https:\/\/www.miomiorun.com\/es\/wp-json\/wp\/v2\/product\/287573","targetHints":{"allow":["GET"]}}],"collection":[{"href":"https:\/\/www.miomiorun.com\/es\/wp-json\/wp\/v2\/product"}],"about":[{"href":"https:\/\/www.miomiorun.com\/es\/wp-json\/wp\/v2\/types\/product"}],"wp:featuredmedia":[{"embeddable":true,"href":"https:\/\/www.miomiorun.com\/es\/wp-json\/wp\/v2\/media\/243617"}],"wp:attachment":[{"href":"https:\/\/www.miomiorun.com\/es\/wp-json\/wp\/v2\/media?parent=287573"}],"wp:term":[{"taxonomy":"product_brand","embeddable":true,"href":"https:\/\/www.miomiorun.com\/es\/wp-json\/wp\/v2\/product_brand?post=287573"},{"taxonomy":"product_cat","embeddable":true,"href":"https:\/\/www.miomiorun.com\/es\/wp-json\/wp\/v2\/product_cat?post=287573"},{"taxonomy":"product_tag","embeddable":true,"href":"https:\/\/www.miomiorun.com\/es\/wp-json\/wp\/v2\/product_tag?post=287573"}],"curies":[{"name":"wp","href":"https:\/\/api.w.org\/{rel}","templated":true}]}}