{"id":287505,"date":"2023-10-26T14:52:35","date_gmt":"2023-10-26T12:52:35","guid":{"rendered":"https:\/\/miomiorun.com\/prodotto\/active-extreme-x-boxer-uomo\/"},"modified":"2026-04-22T16:08:01","modified_gmt":"2026-04-22T14:08:01","slug":"active-extreme-x-boxer-hombre","status":"publish","type":"product","link":"https:\/\/www.miomiorun.com\/es\/producto\/active-extreme-x-boxer-hombre\/","title":{"rendered":"Active Extreme X Boxer hombre"},"content":{"rendered":"<p><strong>Active Extreme X Boxer<\/strong> son unos calzoncillos de alta gama, dise\u00f1ados para competiciones y entrenamientos de alta intensidad en condiciones de fr\u00edo.<\/p>\n<p>Esta prenda de alto rendimiento combina el ligero poli\u00e9ster SEAQUAL, la tecnolog\u00eda Coolmax Air y el poli\u00e9ster reciclado para garantizar una gesti\u00f3n excepcional de la temperatura corporal durante las actividades de alta intensidad. Adem\u00e1s, la prenda cuenta con un dise\u00f1o de tejido tipo gofre para mejorar la evacuaci\u00f3n de la humedad y la comodidad. Su gran elasticidad y su corte ergon\u00f3mico garantizan una libertad de movimiento \u00f3ptima. Una prenda de eficacia probada para los atletas de \u00e9lite y los h\u00e9roes del d\u00eda a d\u00eda.<\/p>\n<h3>Tejido ecol\u00f3gico SEAQUAL<\/h3>\n<p>La iniciativa <strong>SEAQUAL<\/strong> combate la contaminaci\u00f3n por pl\u00e1sticos y contribuye a limpiar los oc\u00e9anos de residuos marinos, impulsando a la sociedad hacia la circularidad. Fruto de nuestra ambici\u00f3n de asumir la plena responsabilidad de toda la cadena de valor, los boxers Active Extreme X Wind est\u00e1n fabricados con pl\u00e1stico marino reciclado, un material 100 % reciclado. El tejido reciclado SEAQUAL no solo es ecol\u00f3gico, sino que tambi\u00e9n ofrece una transpirabilidad y ventilaci\u00f3n excepcionales.<\/p>\n<h3>Tecnolog\u00eda Coolmax Air<\/h3>\n<p>Los tejidos <strong>Coolmax Air Technology<\/strong> est\u00e1n dise\u00f1ados para optimizar la regulaci\u00f3n natural de la temperatura corporal tanto en condiciones de fr\u00edo como de calor. Gracias a las fibras de poli\u00e9ster con una exclusiva secci\u00f3n transversal en forma de h\u00e9lice, el tejido ofrece una excelente termorregulaci\u00f3n para un rendimiento \u00f3ptimo. Las pruebas han demostrado que las prendas confeccionadas con la tecnolog\u00eda Coolmax Air ofrecen una gesti\u00f3n superior de la temperatura corporal, una gran comodidad y un magn\u00edfico efecto de secado r\u00e1pido.<\/p>\n<h3>Caracter\u00edsticas:<\/h3>\n<ul>\n<li>Tejido fino, ligero y el\u00e1stico<\/li>\n<li>Poli\u00e9ster SEAQUAL fabricado a partir de pl\u00e1stico reciclado<\/li>\n<li>Tecnolog\u00eda Coolmax Air<\/li>\n<li>Dise\u00f1o de punto waffle para una m\u00e1xima evacuaci\u00f3n de la humedad y el m\u00e1ximo confort<\/li>\n<li>Costuras flatlock que se adaptan a los movimientos del cuerpo<\/li>\n<li>Corte ajustado<\/li>\n<li>Evacuaci\u00f3n de la humedad: 5 sobre 5<\/li>\n<li>Nivel de actividad: 5 sobre 5<\/li>\n<li>Temperatura: de -5 \u00baC a +10 \u00baC<\/li>\n<\/ul>\n<p>&nbsp;<\/p>\n<p>&nbsp;<\/p>\n","protected":false},"excerpt":{"rendered":"<ul>\n<li>ropa interior ideal para hacer deporte<\/li>\n<li>ligera y el\u00e1stica<\/li>\n<\/ul>\n","protected":false},"featured_media":243871,"template":"","meta":{"_acf_changed":false,"inline_featured_image":false},"product_brand":[],"product_cat":[24463,24459,24464],"product_tag":[23553,23663],"class_list":{"0":"post-287505","1":"product","2":"type-product","3":"status-publish","4":"has-post-thumbnail","6":"product_cat-ropa-de-hombre-es","7":"product_cat-ropa-interior-es-2","8":"product_cat-hombre","9":"product_tag-craft-es","10":"product_tag-craft-hombre","11":"pa_attivita-caminar","12":"pa_attivita-fitness-es","13":"pa_attivita-lifestyle-es","14":"pa_attivita-outdoor-es","15":"pa_attivita-running-es","16":"pa_attivita-trail-es","17":"pa_colore-active-extreme-x-boxer-black-es","18":"pa_marca-craft-es","19":"pa_sesso-hombre","20":"pa_size-small-es","22":"first","23":"instock","24":"sale","25":"taxable","26":"shipping-taxable","27":"purchasable","28":"product-type-variable","29":"wvs-archive-product-wrapper"},"acf":[],"yoast_head":"<!-- This site is optimized with the Yoast SEO plugin v26.8 - https:\/\/yoast.com\/product\/yoast-seo-wordpress\/ -->\n<title>Craft Active Extreme X Boxer hombre -Ropa interior para hombre - MioMioRun<\/title>\n<meta name=\"description\" content=\"Los Active Extreme X Boxer son unos calzoncillos deportivos de alta gama, dise\u00f1ados para competiciones y entrenamientos de alta intensidad en condiciones de fr\u00edo.\" \/>\n<meta name=\"robots\" content=\"index, follow, max-snippet:-1, max-image-preview:large, max-video-preview:-1\" \/>\n<link rel=\"canonical\" href=\"https:\/\/www.miomiorun.com\/es\/producto\/active-extreme-x-boxer-hombre\/\" \/>\n<meta property=\"og:locale\" content=\"es_ES\" \/>\n<meta property=\"og:type\" content=\"article\" \/>\n<meta property=\"og:title\" content=\"Craft Active Extreme X Boxer hombre -Ropa interior para hombre - MioMioRun\" \/>\n<meta property=\"og:description\" content=\"Los Active Extreme X Boxer son unos calzoncillos deportivos de alta gama, dise\u00f1ados para competiciones y entrenamientos de alta intensidad en condiciones de fr\u00edo.\" \/>\n<meta property=\"og:url\" content=\"https:\/\/www.miomiorun.com\/es\/producto\/active-extreme-x-boxer-hombre\/\" \/>\n<meta property=\"og:site_name\" content=\"MioMioRun\" \/>\n<meta property=\"article:publisher\" content=\"https:\/\/www.facebook.com\/miomiorun\/\" \/>\n<meta property=\"article:modified_time\" content=\"2026-04-22T14:08:01+00:00\" \/>\n<meta property=\"og:image\" content=\"https:\/\/www.miomiorun.com\/app\/uploads\/2023\/11\/craft-Active-extreme-X-boxer-black-1909682-999000.jpg\" \/>\n\t<meta property=\"og:image:width\" content=\"600\" \/>\n\t<meta property=\"og:image:height\" content=\"600\" \/>\n\t<meta property=\"og:image:type\" content=\"image\/jpeg\" \/>\n<meta name=\"twitter:card\" content=\"summary_large_image\" \/>\n<meta name=\"twitter:label1\" content=\"Est. reading time\" \/>\n\t<meta name=\"twitter:data1\" content=\"2 minutes\" \/>\n<script type=\"application\/ld+json\" class=\"yoast-schema-graph\">{\"@context\":\"https:\/\/schema.org\",\"@graph\":[{\"@type\":\"WebPage\",\"@id\":\"https:\/\/www.miomiorun.com\/es\/producto\/active-extreme-x-boxer-hombre\/\",\"url\":\"https:\/\/www.miomiorun.com\/es\/producto\/active-extreme-x-boxer-hombre\/\",\"name\":\"Craft Active Extreme X Boxer hombre -Ropa interior para hombre - MioMioRun\",\"isPartOf\":{\"@id\":\"https:\/\/www.miomiorun.com\/es\/#website\"},\"primaryImageOfPage\":{\"@id\":\"https:\/\/www.miomiorun.com\/es\/producto\/active-extreme-x-boxer-hombre\/#primaryimage\"},\"image\":{\"@id\":\"https:\/\/www.miomiorun.com\/es\/producto\/active-extreme-x-boxer-hombre\/#primaryimage\"},\"thumbnailUrl\":\"https:\/\/www.miomiorun.com\/app\/uploads\/2023\/11\/craft-Active-extreme-X-boxer-black-1909682-999000.jpg\",\"datePublished\":\"2023-10-26T12:52:35+00:00\",\"dateModified\":\"2026-04-22T14:08:01+00:00\",\"description\":\"Los Active Extreme X Boxer son unos calzoncillos deportivos de alta gama, dise\u00f1ados para competiciones y entrenamientos de alta intensidad en condiciones de fr\u00edo.\",\"breadcrumb\":{\"@id\":\"https:\/\/www.miomiorun.com\/es\/producto\/active-extreme-x-boxer-hombre\/#breadcrumb\"},\"inLanguage\":\"es-ES\",\"potentialAction\":[{\"@type\":\"ReadAction\",\"target\":[\"https:\/\/www.miomiorun.com\/es\/producto\/active-extreme-x-boxer-hombre\/\"]}]},{\"@type\":\"ImageObject\",\"inLanguage\":\"es-ES\",\"@id\":\"https:\/\/www.miomiorun.com\/es\/producto\/active-extreme-x-boxer-hombre\/#primaryimage\",\"url\":\"https:\/\/www.miomiorun.com\/app\/uploads\/2023\/11\/craft-Active-extreme-X-boxer-black-1909682-999000.jpg\",\"contentUrl\":\"https:\/\/www.miomiorun.com\/app\/uploads\/2023\/11\/craft-Active-extreme-X-boxer-black-1909682-999000.jpg\",\"width\":600,\"height\":600,\"caption\":\"craft-Active-extreme-X-boxer-black-1909682-999000\"},{\"@type\":\"BreadcrumbList\",\"@id\":\"https:\/\/www.miomiorun.com\/es\/producto\/active-extreme-x-boxer-hombre\/#breadcrumb\",\"itemListElement\":[{\"@type\":\"ListItem\",\"position\":1,\"name\":\"Home\",\"item\":\"https:\/\/www.miomiorun.com\/es\/\"},{\"@type\":\"ListItem\",\"position\":2,\"name\":\"Shop\",\"item\":\"https:\/\/www.miomiorun.com\/shop\/\"},{\"@type\":\"ListItem\",\"position\":3,\"name\":\"Active Extreme X Boxer hombre\"}]},{\"@type\":\"WebSite\",\"@id\":\"https:\/\/www.miomiorun.com\/es\/#website\",\"url\":\"https:\/\/www.miomiorun.com\/es\/\",\"name\":\"MioMioRun\",\"description\":\"Tienda 100% running y trail\",\"publisher\":{\"@id\":\"https:\/\/www.miomiorun.com\/es\/#organization\"},\"potentialAction\":[{\"@type\":\"SearchAction\",\"target\":{\"@type\":\"EntryPoint\",\"urlTemplate\":\"https:\/\/www.miomiorun.com\/es\/?s={search_term_string}\"},\"query-input\":{\"@type\":\"PropertyValueSpecification\",\"valueRequired\":true,\"valueName\":\"search_term_string\"}}],\"inLanguage\":\"es-ES\"},{\"@type\":\"Organization\",\"@id\":\"https:\/\/www.miomiorun.com\/es\/#organization\",\"name\":\"MioMio Run\",\"url\":\"https:\/\/www.miomiorun.com\/es\/\",\"logo\":{\"@type\":\"ImageObject\",\"inLanguage\":\"es-ES\",\"@id\":\"https:\/\/www.miomiorun.com\/es\/#\/schema\/logo\/image\/\",\"url\":\"https:\/\/www.miomiorun.com\/app\/uploads\/2019\/12\/logomio.png\",\"contentUrl\":\"https:\/\/www.miomiorun.com\/app\/uploads\/2019\/12\/logomio.png\",\"width\":115,\"height\":82,\"caption\":\"MioMio Run\"},\"image\":{\"@id\":\"https:\/\/www.miomiorun.com\/es\/#\/schema\/logo\/image\/\"},\"sameAs\":[\"https:\/\/www.facebook.com\/miomiorun\/\",\"https:\/\/www.instagram.com\/miomiorun\/\"]}]}<\/script>\n<!-- \/ Yoast SEO plugin. -->","yoast_head_json":{"title":"Craft Active Extreme X Boxer hombre -Ropa interior para hombre - MioMioRun","description":"Los Active Extreme X Boxer son unos calzoncillos deportivos de alta gama, dise\u00f1ados para competiciones y entrenamientos de alta intensidad en condiciones de fr\u00edo.","robots":{"index":"index","follow":"follow","max-snippet":"max-snippet:-1","max-image-preview":"max-image-preview:large","max-video-preview":"max-video-preview:-1"},"canonical":"https:\/\/www.miomiorun.com\/es\/producto\/active-extreme-x-boxer-hombre\/","og_locale":"es_ES","og_type":"article","og_title":"Craft Active Extreme X Boxer hombre -Ropa interior para hombre - MioMioRun","og_description":"Los Active Extreme X Boxer son unos calzoncillos deportivos de alta gama, dise\u00f1ados para competiciones y entrenamientos de alta intensidad en condiciones de fr\u00edo.","og_url":"https:\/\/www.miomiorun.com\/es\/producto\/active-extreme-x-boxer-hombre\/","og_site_name":"MioMioRun","article_publisher":"https:\/\/www.facebook.com\/miomiorun\/","article_modified_time":"2026-04-22T14:08:01+00:00","og_image":[{"width":600,"height":600,"url":"https:\/\/www.miomiorun.com\/app\/uploads\/2023\/11\/craft-Active-extreme-X-boxer-black-1909682-999000.jpg","type":"image\/jpeg"}],"twitter_card":"summary_large_image","twitter_misc":{"Est. reading time":"2 minutes"},"schema":{"@context":"https:\/\/schema.org","@graph":[{"@type":"WebPage","@id":"https:\/\/www.miomiorun.com\/es\/producto\/active-extreme-x-boxer-hombre\/","url":"https:\/\/www.miomiorun.com\/es\/producto\/active-extreme-x-boxer-hombre\/","name":"Craft Active Extreme X Boxer hombre -Ropa interior para hombre - MioMioRun","isPartOf":{"@id":"https:\/\/www.miomiorun.com\/es\/#website"},"primaryImageOfPage":{"@id":"https:\/\/www.miomiorun.com\/es\/producto\/active-extreme-x-boxer-hombre\/#primaryimage"},"image":{"@id":"https:\/\/www.miomiorun.com\/es\/producto\/active-extreme-x-boxer-hombre\/#primaryimage"},"thumbnailUrl":"https:\/\/www.miomiorun.com\/app\/uploads\/2023\/11\/craft-Active-extreme-X-boxer-black-1909682-999000.jpg","datePublished":"2023-10-26T12:52:35+00:00","dateModified":"2026-04-22T14:08:01+00:00","description":"Los Active Extreme X Boxer son unos calzoncillos deportivos de alta gama, dise\u00f1ados para competiciones y entrenamientos de alta intensidad en condiciones de fr\u00edo.","breadcrumb":{"@id":"https:\/\/www.miomiorun.com\/es\/producto\/active-extreme-x-boxer-hombre\/#breadcrumb"},"inLanguage":"es-ES","potentialAction":[{"@type":"ReadAction","target":["https:\/\/www.miomiorun.com\/es\/producto\/active-extreme-x-boxer-hombre\/"]}]},{"@type":"ImageObject","inLanguage":"es-ES","@id":"https:\/\/www.miomiorun.com\/es\/producto\/active-extreme-x-boxer-hombre\/#primaryimage","url":"https:\/\/www.miomiorun.com\/app\/uploads\/2023\/11\/craft-Active-extreme-X-boxer-black-1909682-999000.jpg","contentUrl":"https:\/\/www.miomiorun.com\/app\/uploads\/2023\/11\/craft-Active-extreme-X-boxer-black-1909682-999000.jpg","width":600,"height":600,"caption":"craft-Active-extreme-X-boxer-black-1909682-999000"},{"@type":"BreadcrumbList","@id":"https:\/\/www.miomiorun.com\/es\/producto\/active-extreme-x-boxer-hombre\/#breadcrumb","itemListElement":[{"@type":"ListItem","position":1,"name":"Home","item":"https:\/\/www.miomiorun.com\/es\/"},{"@type":"ListItem","position":2,"name":"Shop","item":"https:\/\/www.miomiorun.com\/shop\/"},{"@type":"ListItem","position":3,"name":"Active Extreme X Boxer hombre"}]},{"@type":"WebSite","@id":"https:\/\/www.miomiorun.com\/es\/#website","url":"https:\/\/www.miomiorun.com\/es\/","name":"MioMioRun","description":"Tienda 100% running y trail","publisher":{"@id":"https:\/\/www.miomiorun.com\/es\/#organization"},"potentialAction":[{"@type":"SearchAction","target":{"@type":"EntryPoint","urlTemplate":"https:\/\/www.miomiorun.com\/es\/?s={search_term_string}"},"query-input":{"@type":"PropertyValueSpecification","valueRequired":true,"valueName":"search_term_string"}}],"inLanguage":"es-ES"},{"@type":"Organization","@id":"https:\/\/www.miomiorun.com\/es\/#organization","name":"MioMio Run","url":"https:\/\/www.miomiorun.com\/es\/","logo":{"@type":"ImageObject","inLanguage":"es-ES","@id":"https:\/\/www.miomiorun.com\/es\/#\/schema\/logo\/image\/","url":"https:\/\/www.miomiorun.com\/app\/uploads\/2019\/12\/logomio.png","contentUrl":"https:\/\/www.miomiorun.com\/app\/uploads\/2019\/12\/logomio.png","width":115,"height":82,"caption":"MioMio Run"},"image":{"@id":"https:\/\/www.miomiorun.com\/es\/#\/schema\/logo\/image\/"},"sameAs":["https:\/\/www.facebook.com\/miomiorun\/","https:\/\/www.instagram.com\/miomiorun\/"]}]}},"_links":{"self":[{"href":"https:\/\/www.miomiorun.com\/es\/wp-json\/wp\/v2\/product\/287505","targetHints":{"allow":["GET"]}}],"collection":[{"href":"https:\/\/www.miomiorun.com\/es\/wp-json\/wp\/v2\/product"}],"about":[{"href":"https:\/\/www.miomiorun.com\/es\/wp-json\/wp\/v2\/types\/product"}],"wp:featuredmedia":[{"embeddable":true,"href":"https:\/\/www.miomiorun.com\/es\/wp-json\/wp\/v2\/media\/243871"}],"wp:attachment":[{"href":"https:\/\/www.miomiorun.com\/es\/wp-json\/wp\/v2\/media?parent=287505"}],"wp:term":[{"taxonomy":"product_brand","embeddable":true,"href":"https:\/\/www.miomiorun.com\/es\/wp-json\/wp\/v2\/product_brand?post=287505"},{"taxonomy":"product_cat","embeddable":true,"href":"https:\/\/www.miomiorun.com\/es\/wp-json\/wp\/v2\/product_cat?post=287505"},{"taxonomy":"product_tag","embeddable":true,"href":"https:\/\/www.miomiorun.com\/es\/wp-json\/wp\/v2\/product_tag?post=287505"}],"curies":[{"name":"wp","href":"https:\/\/api.w.org\/{rel}","templated":true}]}}