{"id":287467,"date":"2023-10-26T15:42:29","date_gmt":"2023-10-26T13:42:29","guid":{"rendered":"https:\/\/miomiorun.com\/prodotto\/adv-subz-ls-2-donna\/"},"modified":"2026-05-07T10:15:24","modified_gmt":"2026-05-07T08:15:24","slug":"adv-subz-ls-2-mujer","status":"publish","type":"product","link":"https:\/\/www.miomiorun.com\/es\/producto\/adv-subz-ls-2-mujer\/","title":{"rendered":"ADV SubZ LS 2 mujer"},"content":{"rendered":"<p id=\"tw-target-text\" class=\"tw-data-text tw-text-large XcVN5d tw-ta\" dir=\"ltr\" data-placeholder=\"Traduzione\"><span class=\"Y2IQFc\" lang=\"it\"><strong>ADV SubZ LS 2<\/strong> para mujer es un jersey con zonas clim\u00e1ticas que garantizan una termorregulaci\u00f3n \u00f3ptima. El jersey presenta un corte 3D espec\u00edfico para el deporte que ofrece la m\u00e1xima comodidad. El hilo utilizado es ligero y c\u00e1lido, lo que garantiza una termorregulaci\u00f3n \u00f3ptima.<br \/>\n<\/span><\/p>\n<p id=\"tw-target-text\" class=\"tw-data-text tw-text-large XcVN5d tw-ta\" dir=\"ltr\" data-placeholder=\"Traduzione\"><strong><span class=\"Y2IQFc\" lang=\"it\">Caracter\u00edsticas:<\/span><\/strong><\/p>\n<ul>\n<li>Jersey de cuello alto.<\/li>\n<li>Corte espec\u00edfico para el deporte en tejido de punto 3D para una comodidad m\u00e1xima.<\/li>\n<li>Hilo t\u00e9rmico ligero y c\u00e1lido para una termorregulaci\u00f3n \u00f3ptima.<\/li>\n<li>Cuerpo sin costuras.<\/li>\n<li>Orificios para el pulgar.<\/li>\n<\/ul>\n","protected":false},"excerpt":{"rendered":"<ul class=\"product-features__list\">\n<li class=\"product-features__list-item\">Cuello alto<\/li>\n<li class=\"product-features__list-item\">Orificios para el pulgar<\/li>\n<li class=\"product-features__list-item\">Insertos de malla<\/li>\n<\/ul>\n","protected":false},"featured_media":243885,"template":"","meta":{"_acf_changed":false,"inline_featured_image":false},"product_brand":[],"product_cat":[24422,24420,24244],"product_tag":[23553,23659],"class_list":{"0":"post-287467","1":"product","2":"type-product","3":"status-publish","4":"has-post-thumbnail","6":"product_cat-camisetas-es","7":"product_cat-ropa-de-mujer-es","8":"product_cat-ofertas-para-mujeres","9":"product_tag-craft-es","10":"product_tag-craft-mujer","11":"pa_attivita-caminar","12":"pa_attivita-running-es","13":"pa_colore-adv-subz-ls-2-w-bark-es","14":"pa_colore-adv-subz-ls-2-w-cosmo-es","15":"pa_marca-craft-es","16":"pa_sesso-mujer","17":"pa_size-extra-small-es","18":"pa_size-small-es","19":"pa_size-medium-es","21":"first","22":"instock","23":"sale","24":"taxable","25":"shipping-taxable","26":"purchasable","27":"product-type-variable","28":"wvs-archive-product-wrapper"},"acf":[],"yoast_head":"<!-- This site is optimized with the Yoast SEO plugin v26.8 - https:\/\/yoast.com\/product\/yoast-seo-wordpress\/ -->\n<title>Craft ADV SubZ LS 2 mujer - su\u00e9ter de mujer - MioMioRun.com<\/title>\n<meta name=\"description\" content=\"El ADV SubZ LS 2 para mujer es un maillot con dise\u00f1o \u00abbodymapped\u00bb y zonas clim\u00e1ticas para una termorregulaci\u00f3n \u00f3ptima. El maillot tiene un corte 3D\" \/>\n<meta name=\"robots\" content=\"index, follow, max-snippet:-1, max-image-preview:large, max-video-preview:-1\" \/>\n<link rel=\"canonical\" href=\"https:\/\/www.miomiorun.com\/es\/producto\/adv-subz-ls-2-mujer\/\" \/>\n<meta property=\"og:locale\" content=\"es_ES\" \/>\n<meta property=\"og:type\" content=\"article\" \/>\n<meta property=\"og:title\" content=\"Craft ADV SubZ LS 2 mujer - su\u00e9ter de mujer - MioMioRun.com\" \/>\n<meta property=\"og:description\" content=\"El ADV SubZ LS 2 para mujer es un maillot con dise\u00f1o \u00abbodymapped\u00bb y zonas clim\u00e1ticas para una termorregulaci\u00f3n \u00f3ptima. El maillot tiene un corte 3D\" \/>\n<meta property=\"og:url\" content=\"https:\/\/www.miomiorun.com\/es\/producto\/adv-subz-ls-2-mujer\/\" \/>\n<meta property=\"og:site_name\" content=\"MioMioRun\" \/>\n<meta property=\"article:publisher\" content=\"https:\/\/www.facebook.com\/miomiorun\/\" \/>\n<meta property=\"article:modified_time\" content=\"2026-05-07T08:15:24+00:00\" \/>\n<meta property=\"og:image\" content=\"https:\/\/www.miomiorun.com\/app\/uploads\/2023\/11\/craft-ADV-subz-LS-2-W-cosmo-1913625-840000.jpg\" \/>\n\t<meta property=\"og:image:width\" content=\"600\" \/>\n\t<meta property=\"og:image:height\" content=\"600\" \/>\n\t<meta property=\"og:image:type\" content=\"image\/jpeg\" \/>\n<meta name=\"twitter:card\" content=\"summary_large_image\" \/>\n<script type=\"application\/ld+json\" class=\"yoast-schema-graph\">{\"@context\":\"https:\/\/schema.org\",\"@graph\":[{\"@type\":\"WebPage\",\"@id\":\"https:\/\/www.miomiorun.com\/es\/producto\/adv-subz-ls-2-mujer\/\",\"url\":\"https:\/\/www.miomiorun.com\/es\/producto\/adv-subz-ls-2-mujer\/\",\"name\":\"Craft ADV SubZ LS 2 mujer - su\u00e9ter de mujer - MioMioRun.com\",\"isPartOf\":{\"@id\":\"https:\/\/www.miomiorun.com\/es\/#website\"},\"primaryImageOfPage\":{\"@id\":\"https:\/\/www.miomiorun.com\/es\/producto\/adv-subz-ls-2-mujer\/#primaryimage\"},\"image\":{\"@id\":\"https:\/\/www.miomiorun.com\/es\/producto\/adv-subz-ls-2-mujer\/#primaryimage\"},\"thumbnailUrl\":\"https:\/\/www.miomiorun.com\/app\/uploads\/2023\/11\/craft-ADV-subz-LS-2-W-cosmo-1913625-840000.jpg\",\"datePublished\":\"2023-10-26T13:42:29+00:00\",\"dateModified\":\"2026-05-07T08:15:24+00:00\",\"description\":\"El ADV SubZ LS 2 para mujer es un maillot con dise\u00f1o \u00abbodymapped\u00bb y zonas clim\u00e1ticas para una termorregulaci\u00f3n \u00f3ptima. El maillot tiene un corte 3D\",\"breadcrumb\":{\"@id\":\"https:\/\/www.miomiorun.com\/es\/producto\/adv-subz-ls-2-mujer\/#breadcrumb\"},\"inLanguage\":\"es-ES\",\"potentialAction\":[{\"@type\":\"ReadAction\",\"target\":[\"https:\/\/www.miomiorun.com\/es\/producto\/adv-subz-ls-2-mujer\/\"]}]},{\"@type\":\"ImageObject\",\"inLanguage\":\"es-ES\",\"@id\":\"https:\/\/www.miomiorun.com\/es\/producto\/adv-subz-ls-2-mujer\/#primaryimage\",\"url\":\"https:\/\/www.miomiorun.com\/app\/uploads\/2023\/11\/craft-ADV-subz-LS-2-W-cosmo-1913625-840000.jpg\",\"contentUrl\":\"https:\/\/www.miomiorun.com\/app\/uploads\/2023\/11\/craft-ADV-subz-LS-2-W-cosmo-1913625-840000.jpg\",\"width\":600,\"height\":600,\"caption\":\"craft-ADV-subz-LS-2-W-cosmo-1913625-840000\"},{\"@type\":\"BreadcrumbList\",\"@id\":\"https:\/\/www.miomiorun.com\/es\/producto\/adv-subz-ls-2-mujer\/#breadcrumb\",\"itemListElement\":[{\"@type\":\"ListItem\",\"position\":1,\"name\":\"Home\",\"item\":\"https:\/\/www.miomiorun.com\/es\/\"},{\"@type\":\"ListItem\",\"position\":2,\"name\":\"Shop\",\"item\":\"https:\/\/www.miomiorun.com\/shop\/\"},{\"@type\":\"ListItem\",\"position\":3,\"name\":\"ADV SubZ LS 2 mujer\"}]},{\"@type\":\"WebSite\",\"@id\":\"https:\/\/www.miomiorun.com\/es\/#website\",\"url\":\"https:\/\/www.miomiorun.com\/es\/\",\"name\":\"MioMioRun\",\"description\":\"Tienda 100% running y trail\",\"publisher\":{\"@id\":\"https:\/\/www.miomiorun.com\/es\/#organization\"},\"potentialAction\":[{\"@type\":\"SearchAction\",\"target\":{\"@type\":\"EntryPoint\",\"urlTemplate\":\"https:\/\/www.miomiorun.com\/es\/?s={search_term_string}\"},\"query-input\":{\"@type\":\"PropertyValueSpecification\",\"valueRequired\":true,\"valueName\":\"search_term_string\"}}],\"inLanguage\":\"es-ES\"},{\"@type\":\"Organization\",\"@id\":\"https:\/\/www.miomiorun.com\/es\/#organization\",\"name\":\"MioMio Run\",\"url\":\"https:\/\/www.miomiorun.com\/es\/\",\"logo\":{\"@type\":\"ImageObject\",\"inLanguage\":\"es-ES\",\"@id\":\"https:\/\/www.miomiorun.com\/es\/#\/schema\/logo\/image\/\",\"url\":\"https:\/\/www.miomiorun.com\/app\/uploads\/2019\/12\/logomio.png\",\"contentUrl\":\"https:\/\/www.miomiorun.com\/app\/uploads\/2019\/12\/logomio.png\",\"width\":115,\"height\":82,\"caption\":\"MioMio Run\"},\"image\":{\"@id\":\"https:\/\/www.miomiorun.com\/es\/#\/schema\/logo\/image\/\"},\"sameAs\":[\"https:\/\/www.facebook.com\/miomiorun\/\",\"https:\/\/www.instagram.com\/miomiorun\/\"]}]}<\/script>\n<!-- \/ Yoast SEO plugin. -->","yoast_head_json":{"title":"Craft ADV SubZ LS 2 mujer - su\u00e9ter de mujer - MioMioRun.com","description":"El ADV SubZ LS 2 para mujer es un maillot con dise\u00f1o \u00abbodymapped\u00bb y zonas clim\u00e1ticas para una termorregulaci\u00f3n \u00f3ptima. El maillot tiene un corte 3D","robots":{"index":"index","follow":"follow","max-snippet":"max-snippet:-1","max-image-preview":"max-image-preview:large","max-video-preview":"max-video-preview:-1"},"canonical":"https:\/\/www.miomiorun.com\/es\/producto\/adv-subz-ls-2-mujer\/","og_locale":"es_ES","og_type":"article","og_title":"Craft ADV SubZ LS 2 mujer - su\u00e9ter de mujer - MioMioRun.com","og_description":"El ADV SubZ LS 2 para mujer es un maillot con dise\u00f1o \u00abbodymapped\u00bb y zonas clim\u00e1ticas para una termorregulaci\u00f3n \u00f3ptima. El maillot tiene un corte 3D","og_url":"https:\/\/www.miomiorun.com\/es\/producto\/adv-subz-ls-2-mujer\/","og_site_name":"MioMioRun","article_publisher":"https:\/\/www.facebook.com\/miomiorun\/","article_modified_time":"2026-05-07T08:15:24+00:00","og_image":[{"width":600,"height":600,"url":"https:\/\/www.miomiorun.com\/app\/uploads\/2023\/11\/craft-ADV-subz-LS-2-W-cosmo-1913625-840000.jpg","type":"image\/jpeg"}],"twitter_card":"summary_large_image","schema":{"@context":"https:\/\/schema.org","@graph":[{"@type":"WebPage","@id":"https:\/\/www.miomiorun.com\/es\/producto\/adv-subz-ls-2-mujer\/","url":"https:\/\/www.miomiorun.com\/es\/producto\/adv-subz-ls-2-mujer\/","name":"Craft ADV SubZ LS 2 mujer - su\u00e9ter de mujer - MioMioRun.com","isPartOf":{"@id":"https:\/\/www.miomiorun.com\/es\/#website"},"primaryImageOfPage":{"@id":"https:\/\/www.miomiorun.com\/es\/producto\/adv-subz-ls-2-mujer\/#primaryimage"},"image":{"@id":"https:\/\/www.miomiorun.com\/es\/producto\/adv-subz-ls-2-mujer\/#primaryimage"},"thumbnailUrl":"https:\/\/www.miomiorun.com\/app\/uploads\/2023\/11\/craft-ADV-subz-LS-2-W-cosmo-1913625-840000.jpg","datePublished":"2023-10-26T13:42:29+00:00","dateModified":"2026-05-07T08:15:24+00:00","description":"El ADV SubZ LS 2 para mujer es un maillot con dise\u00f1o \u00abbodymapped\u00bb y zonas clim\u00e1ticas para una termorregulaci\u00f3n \u00f3ptima. El maillot tiene un corte 3D","breadcrumb":{"@id":"https:\/\/www.miomiorun.com\/es\/producto\/adv-subz-ls-2-mujer\/#breadcrumb"},"inLanguage":"es-ES","potentialAction":[{"@type":"ReadAction","target":["https:\/\/www.miomiorun.com\/es\/producto\/adv-subz-ls-2-mujer\/"]}]},{"@type":"ImageObject","inLanguage":"es-ES","@id":"https:\/\/www.miomiorun.com\/es\/producto\/adv-subz-ls-2-mujer\/#primaryimage","url":"https:\/\/www.miomiorun.com\/app\/uploads\/2023\/11\/craft-ADV-subz-LS-2-W-cosmo-1913625-840000.jpg","contentUrl":"https:\/\/www.miomiorun.com\/app\/uploads\/2023\/11\/craft-ADV-subz-LS-2-W-cosmo-1913625-840000.jpg","width":600,"height":600,"caption":"craft-ADV-subz-LS-2-W-cosmo-1913625-840000"},{"@type":"BreadcrumbList","@id":"https:\/\/www.miomiorun.com\/es\/producto\/adv-subz-ls-2-mujer\/#breadcrumb","itemListElement":[{"@type":"ListItem","position":1,"name":"Home","item":"https:\/\/www.miomiorun.com\/es\/"},{"@type":"ListItem","position":2,"name":"Shop","item":"https:\/\/www.miomiorun.com\/shop\/"},{"@type":"ListItem","position":3,"name":"ADV SubZ LS 2 mujer"}]},{"@type":"WebSite","@id":"https:\/\/www.miomiorun.com\/es\/#website","url":"https:\/\/www.miomiorun.com\/es\/","name":"MioMioRun","description":"Tienda 100% running y trail","publisher":{"@id":"https:\/\/www.miomiorun.com\/es\/#organization"},"potentialAction":[{"@type":"SearchAction","target":{"@type":"EntryPoint","urlTemplate":"https:\/\/www.miomiorun.com\/es\/?s={search_term_string}"},"query-input":{"@type":"PropertyValueSpecification","valueRequired":true,"valueName":"search_term_string"}}],"inLanguage":"es-ES"},{"@type":"Organization","@id":"https:\/\/www.miomiorun.com\/es\/#organization","name":"MioMio Run","url":"https:\/\/www.miomiorun.com\/es\/","logo":{"@type":"ImageObject","inLanguage":"es-ES","@id":"https:\/\/www.miomiorun.com\/es\/#\/schema\/logo\/image\/","url":"https:\/\/www.miomiorun.com\/app\/uploads\/2019\/12\/logomio.png","contentUrl":"https:\/\/www.miomiorun.com\/app\/uploads\/2019\/12\/logomio.png","width":115,"height":82,"caption":"MioMio Run"},"image":{"@id":"https:\/\/www.miomiorun.com\/es\/#\/schema\/logo\/image\/"},"sameAs":["https:\/\/www.facebook.com\/miomiorun\/","https:\/\/www.instagram.com\/miomiorun\/"]}]}},"_links":{"self":[{"href":"https:\/\/www.miomiorun.com\/es\/wp-json\/wp\/v2\/product\/287467","targetHints":{"allow":["GET"]}}],"collection":[{"href":"https:\/\/www.miomiorun.com\/es\/wp-json\/wp\/v2\/product"}],"about":[{"href":"https:\/\/www.miomiorun.com\/es\/wp-json\/wp\/v2\/types\/product"}],"wp:featuredmedia":[{"embeddable":true,"href":"https:\/\/www.miomiorun.com\/es\/wp-json\/wp\/v2\/media\/243885"}],"wp:attachment":[{"href":"https:\/\/www.miomiorun.com\/es\/wp-json\/wp\/v2\/media?parent=287467"}],"wp:term":[{"taxonomy":"product_brand","embeddable":true,"href":"https:\/\/www.miomiorun.com\/es\/wp-json\/wp\/v2\/product_brand?post=287467"},{"taxonomy":"product_cat","embeddable":true,"href":"https:\/\/www.miomiorun.com\/es\/wp-json\/wp\/v2\/product_cat?post=287467"},{"taxonomy":"product_tag","embeddable":true,"href":"https:\/\/www.miomiorun.com\/es\/wp-json\/wp\/v2\/product_tag?post=287467"}],"curies":[{"name":"wp","href":"https:\/\/api.w.org\/{rel}","templated":true}]}}