{"id":287451,"date":"2023-10-27T16:56:34","date_gmt":"2023-10-27T14:56:34","guid":{"rendered":"https:\/\/miomiorun.com\/prodotto\/adv-subz-ls-2-uomo\/"},"modified":"2026-05-08T19:30:12","modified_gmt":"2026-05-08T17:30:12","slug":"adv-subz-ls-2-hombre","status":"publish","type":"product","link":"https:\/\/www.miomiorun.com\/es\/producto\/adv-subz-ls-2-hombre\/","title":{"rendered":"ADV SubZ LS 2 hombre"},"content":{"rendered":"<p id=\"tw-target-text\" class=\"tw-data-text tw-text-large XcVN5d tw-ta\" dir=\"ltr\" data-placeholder=\"Traduzione\"><span class=\"Y2IQFc\" lang=\"it\"><strong>ADV SubZ LS 2<\/strong> para hombre es un jersey con zonas clim\u00e1ticas que garantizan una termorregulaci\u00f3n \u00f3ptima. El jersey presenta un corte 3D espec\u00edfico para el deporte que ofrece la m\u00e1xima comodidad. El hilo utilizado es ligero y c\u00e1lido, lo que garantiza una termorregulaci\u00f3n \u00f3ptima.<br \/>\n<\/span><\/p>\n<p id=\"tw-target-text\" class=\"tw-data-text tw-text-large XcVN5d tw-ta\" dir=\"ltr\" data-placeholder=\"Traduzione\"><strong><span class=\"Y2IQFc\" lang=\"it\">Caracter\u00edsticas:<\/span><\/strong><\/p>\n<ul>\n<li>Jersey de cuello alto.<\/li>\n<li>Corte espec\u00edfico para el deporte en tejido de punto 3D para una comodidad m\u00e1xima.<\/li>\n<li>Hilo t\u00e9rmico ligero y c\u00e1lido para una termorregulaci\u00f3n \u00f3ptima.<\/li>\n<li>Cuerpo sin costuras.<\/li>\n<li>Agujeros para el pulgar.<\/li>\n<\/ul>\n<p>&nbsp;<\/p>\n<p>&nbsp;<\/p>\n","protected":false},"excerpt":{"rendered":"<ul>\n<li class=\"product-features__list-item\">Cuello alto<\/li>\n<li class=\"product-features__list-item\">Aberturas para los pulgares<\/li>\n<li class=\"product-features__list-item\">Inserciones de malla<\/li>\n<\/ul>\n","protected":false},"featured_media":243887,"template":"","meta":{"_acf_changed":false,"inline_featured_image":false},"product_brand":[],"product_cat":[24458,24463],"product_tag":[23553,23663],"class_list":{"0":"post-287451","1":"product","2":"type-product","3":"status-publish","4":"has-post-thumbnail","6":"product_cat-camisetas-es-2","7":"product_cat-ropa-de-hombre-es","8":"product_tag-craft-es","9":"product_tag-craft-hombre","10":"pa_attivita-caminar","11":"pa_attivita-running-es","12":"pa_colore-adv-subz-ls-2-flow-es","13":"pa_colore-adv-subz-ls-2-tofu-es-2","14":"pa_marca-craft-es","15":"pa_sesso-hombre","16":"pa_size-small-es","17":"pa_size-large-es","18":"pa_size-extra-large-es","20":"first","21":"instock","22":"sale","23":"taxable","24":"shipping-taxable","25":"purchasable","26":"product-type-variable","27":"wvs-archive-product-wrapper"},"acf":[],"yoast_head":"<!-- This site is optimized with the Yoast SEO plugin v26.8 - https:\/\/yoast.com\/product\/yoast-seo-wordpress\/ -->\n<title>CraftADV SubZ LS 2 hombre - Camiseta para correr - MioMioRun<\/title>\n<meta name=\"description\" content=\"La camiseta ADV SubZ LS 2 para mujer es una prenda con dise\u00f1o \u00abbodymapped\u00bb y zonas clim\u00e1ticas para una termorregulaci\u00f3n \u00f3ptima. La camiseta tiene un corte 3D.\" \/>\n<meta name=\"robots\" content=\"index, follow, max-snippet:-1, max-image-preview:large, max-video-preview:-1\" \/>\n<link rel=\"canonical\" href=\"https:\/\/www.miomiorun.com\/es\/producto\/adv-subz-ls-2-hombre\/\" \/>\n<meta property=\"og:locale\" content=\"es_ES\" \/>\n<meta property=\"og:type\" content=\"article\" \/>\n<meta property=\"og:title\" content=\"CraftADV SubZ LS 2 hombre - Camiseta para correr - MioMioRun\" \/>\n<meta property=\"og:description\" content=\"La camiseta ADV SubZ LS 2 para mujer es una prenda con dise\u00f1o \u00abbodymapped\u00bb y zonas clim\u00e1ticas para una termorregulaci\u00f3n \u00f3ptima. La camiseta tiene un corte 3D.\" \/>\n<meta property=\"og:url\" content=\"https:\/\/www.miomiorun.com\/es\/producto\/adv-subz-ls-2-hombre\/\" \/>\n<meta property=\"og:site_name\" content=\"MioMioRun\" \/>\n<meta property=\"article:publisher\" content=\"https:\/\/www.facebook.com\/miomiorun\/\" \/>\n<meta property=\"article:modified_time\" content=\"2026-05-08T17:30:12+00:00\" \/>\n<meta property=\"og:image\" content=\"https:\/\/www.miomiorun.com\/app\/uploads\/2023\/11\/craft-ADV-subz-LS-2-flow-1913616-362000.jpg\" \/>\n\t<meta property=\"og:image:width\" content=\"600\" \/>\n\t<meta property=\"og:image:height\" content=\"600\" \/>\n\t<meta property=\"og:image:type\" content=\"image\/jpeg\" \/>\n<meta name=\"twitter:card\" content=\"summary_large_image\" \/>\n<script type=\"application\/ld+json\" class=\"yoast-schema-graph\">{\"@context\":\"https:\/\/schema.org\",\"@graph\":[{\"@type\":\"WebPage\",\"@id\":\"https:\/\/www.miomiorun.com\/es\/producto\/adv-subz-ls-2-hombre\/\",\"url\":\"https:\/\/www.miomiorun.com\/es\/producto\/adv-subz-ls-2-hombre\/\",\"name\":\"CraftADV SubZ LS 2 hombre - Camiseta para correr - MioMioRun\",\"isPartOf\":{\"@id\":\"https:\/\/www.miomiorun.com\/es\/#website\"},\"primaryImageOfPage\":{\"@id\":\"https:\/\/www.miomiorun.com\/es\/producto\/adv-subz-ls-2-hombre\/#primaryimage\"},\"image\":{\"@id\":\"https:\/\/www.miomiorun.com\/es\/producto\/adv-subz-ls-2-hombre\/#primaryimage\"},\"thumbnailUrl\":\"https:\/\/www.miomiorun.com\/app\/uploads\/2023\/11\/craft-ADV-subz-LS-2-flow-1913616-362000.jpg\",\"datePublished\":\"2023-10-27T14:56:34+00:00\",\"dateModified\":\"2026-05-08T17:30:12+00:00\",\"description\":\"La camiseta ADV SubZ LS 2 para mujer es una prenda con dise\u00f1o \u00abbodymapped\u00bb y zonas clim\u00e1ticas para una termorregulaci\u00f3n \u00f3ptima. La camiseta tiene un corte 3D.\",\"breadcrumb\":{\"@id\":\"https:\/\/www.miomiorun.com\/es\/producto\/adv-subz-ls-2-hombre\/#breadcrumb\"},\"inLanguage\":\"es-ES\",\"potentialAction\":[{\"@type\":\"ReadAction\",\"target\":[\"https:\/\/www.miomiorun.com\/es\/producto\/adv-subz-ls-2-hombre\/\"]}]},{\"@type\":\"ImageObject\",\"inLanguage\":\"es-ES\",\"@id\":\"https:\/\/www.miomiorun.com\/es\/producto\/adv-subz-ls-2-hombre\/#primaryimage\",\"url\":\"https:\/\/www.miomiorun.com\/app\/uploads\/2023\/11\/craft-ADV-subz-LS-2-flow-1913616-362000.jpg\",\"contentUrl\":\"https:\/\/www.miomiorun.com\/app\/uploads\/2023\/11\/craft-ADV-subz-LS-2-flow-1913616-362000.jpg\",\"width\":600,\"height\":600,\"caption\":\"craft-ADV-subz-LS-2-flow-1913616-362000\"},{\"@type\":\"BreadcrumbList\",\"@id\":\"https:\/\/www.miomiorun.com\/es\/producto\/adv-subz-ls-2-hombre\/#breadcrumb\",\"itemListElement\":[{\"@type\":\"ListItem\",\"position\":1,\"name\":\"Home\",\"item\":\"https:\/\/www.miomiorun.com\/es\/\"},{\"@type\":\"ListItem\",\"position\":2,\"name\":\"Shop\",\"item\":\"https:\/\/www.miomiorun.com\/shop\/\"},{\"@type\":\"ListItem\",\"position\":3,\"name\":\"ADV SubZ LS 2 hombre\"}]},{\"@type\":\"WebSite\",\"@id\":\"https:\/\/www.miomiorun.com\/es\/#website\",\"url\":\"https:\/\/www.miomiorun.com\/es\/\",\"name\":\"MioMioRun\",\"description\":\"Tienda 100% running y trail\",\"publisher\":{\"@id\":\"https:\/\/www.miomiorun.com\/es\/#organization\"},\"potentialAction\":[{\"@type\":\"SearchAction\",\"target\":{\"@type\":\"EntryPoint\",\"urlTemplate\":\"https:\/\/www.miomiorun.com\/es\/?s={search_term_string}\"},\"query-input\":{\"@type\":\"PropertyValueSpecification\",\"valueRequired\":true,\"valueName\":\"search_term_string\"}}],\"inLanguage\":\"es-ES\"},{\"@type\":\"Organization\",\"@id\":\"https:\/\/www.miomiorun.com\/es\/#organization\",\"name\":\"MioMio Run\",\"url\":\"https:\/\/www.miomiorun.com\/es\/\",\"logo\":{\"@type\":\"ImageObject\",\"inLanguage\":\"es-ES\",\"@id\":\"https:\/\/www.miomiorun.com\/es\/#\/schema\/logo\/image\/\",\"url\":\"https:\/\/www.miomiorun.com\/app\/uploads\/2019\/12\/logomio.png\",\"contentUrl\":\"https:\/\/www.miomiorun.com\/app\/uploads\/2019\/12\/logomio.png\",\"width\":115,\"height\":82,\"caption\":\"MioMio Run\"},\"image\":{\"@id\":\"https:\/\/www.miomiorun.com\/es\/#\/schema\/logo\/image\/\"},\"sameAs\":[\"https:\/\/www.facebook.com\/miomiorun\/\",\"https:\/\/www.instagram.com\/miomiorun\/\"]}]}<\/script>\n<!-- \/ Yoast SEO plugin. -->","yoast_head_json":{"title":"CraftADV SubZ LS 2 hombre - Camiseta para correr - MioMioRun","description":"La camiseta ADV SubZ LS 2 para mujer es una prenda con dise\u00f1o \u00abbodymapped\u00bb y zonas clim\u00e1ticas para una termorregulaci\u00f3n \u00f3ptima. La camiseta tiene un corte 3D.","robots":{"index":"index","follow":"follow","max-snippet":"max-snippet:-1","max-image-preview":"max-image-preview:large","max-video-preview":"max-video-preview:-1"},"canonical":"https:\/\/www.miomiorun.com\/es\/producto\/adv-subz-ls-2-hombre\/","og_locale":"es_ES","og_type":"article","og_title":"CraftADV SubZ LS 2 hombre - Camiseta para correr - MioMioRun","og_description":"La camiseta ADV SubZ LS 2 para mujer es una prenda con dise\u00f1o \u00abbodymapped\u00bb y zonas clim\u00e1ticas para una termorregulaci\u00f3n \u00f3ptima. La camiseta tiene un corte 3D.","og_url":"https:\/\/www.miomiorun.com\/es\/producto\/adv-subz-ls-2-hombre\/","og_site_name":"MioMioRun","article_publisher":"https:\/\/www.facebook.com\/miomiorun\/","article_modified_time":"2026-05-08T17:30:12+00:00","og_image":[{"width":600,"height":600,"url":"https:\/\/www.miomiorun.com\/app\/uploads\/2023\/11\/craft-ADV-subz-LS-2-flow-1913616-362000.jpg","type":"image\/jpeg"}],"twitter_card":"summary_large_image","schema":{"@context":"https:\/\/schema.org","@graph":[{"@type":"WebPage","@id":"https:\/\/www.miomiorun.com\/es\/producto\/adv-subz-ls-2-hombre\/","url":"https:\/\/www.miomiorun.com\/es\/producto\/adv-subz-ls-2-hombre\/","name":"CraftADV SubZ LS 2 hombre - Camiseta para correr - MioMioRun","isPartOf":{"@id":"https:\/\/www.miomiorun.com\/es\/#website"},"primaryImageOfPage":{"@id":"https:\/\/www.miomiorun.com\/es\/producto\/adv-subz-ls-2-hombre\/#primaryimage"},"image":{"@id":"https:\/\/www.miomiorun.com\/es\/producto\/adv-subz-ls-2-hombre\/#primaryimage"},"thumbnailUrl":"https:\/\/www.miomiorun.com\/app\/uploads\/2023\/11\/craft-ADV-subz-LS-2-flow-1913616-362000.jpg","datePublished":"2023-10-27T14:56:34+00:00","dateModified":"2026-05-08T17:30:12+00:00","description":"La camiseta ADV SubZ LS 2 para mujer es una prenda con dise\u00f1o \u00abbodymapped\u00bb y zonas clim\u00e1ticas para una termorregulaci\u00f3n \u00f3ptima. La camiseta tiene un corte 3D.","breadcrumb":{"@id":"https:\/\/www.miomiorun.com\/es\/producto\/adv-subz-ls-2-hombre\/#breadcrumb"},"inLanguage":"es-ES","potentialAction":[{"@type":"ReadAction","target":["https:\/\/www.miomiorun.com\/es\/producto\/adv-subz-ls-2-hombre\/"]}]},{"@type":"ImageObject","inLanguage":"es-ES","@id":"https:\/\/www.miomiorun.com\/es\/producto\/adv-subz-ls-2-hombre\/#primaryimage","url":"https:\/\/www.miomiorun.com\/app\/uploads\/2023\/11\/craft-ADV-subz-LS-2-flow-1913616-362000.jpg","contentUrl":"https:\/\/www.miomiorun.com\/app\/uploads\/2023\/11\/craft-ADV-subz-LS-2-flow-1913616-362000.jpg","width":600,"height":600,"caption":"craft-ADV-subz-LS-2-flow-1913616-362000"},{"@type":"BreadcrumbList","@id":"https:\/\/www.miomiorun.com\/es\/producto\/adv-subz-ls-2-hombre\/#breadcrumb","itemListElement":[{"@type":"ListItem","position":1,"name":"Home","item":"https:\/\/www.miomiorun.com\/es\/"},{"@type":"ListItem","position":2,"name":"Shop","item":"https:\/\/www.miomiorun.com\/shop\/"},{"@type":"ListItem","position":3,"name":"ADV SubZ LS 2 hombre"}]},{"@type":"WebSite","@id":"https:\/\/www.miomiorun.com\/es\/#website","url":"https:\/\/www.miomiorun.com\/es\/","name":"MioMioRun","description":"Tienda 100% running y trail","publisher":{"@id":"https:\/\/www.miomiorun.com\/es\/#organization"},"potentialAction":[{"@type":"SearchAction","target":{"@type":"EntryPoint","urlTemplate":"https:\/\/www.miomiorun.com\/es\/?s={search_term_string}"},"query-input":{"@type":"PropertyValueSpecification","valueRequired":true,"valueName":"search_term_string"}}],"inLanguage":"es-ES"},{"@type":"Organization","@id":"https:\/\/www.miomiorun.com\/es\/#organization","name":"MioMio Run","url":"https:\/\/www.miomiorun.com\/es\/","logo":{"@type":"ImageObject","inLanguage":"es-ES","@id":"https:\/\/www.miomiorun.com\/es\/#\/schema\/logo\/image\/","url":"https:\/\/www.miomiorun.com\/app\/uploads\/2019\/12\/logomio.png","contentUrl":"https:\/\/www.miomiorun.com\/app\/uploads\/2019\/12\/logomio.png","width":115,"height":82,"caption":"MioMio Run"},"image":{"@id":"https:\/\/www.miomiorun.com\/es\/#\/schema\/logo\/image\/"},"sameAs":["https:\/\/www.facebook.com\/miomiorun\/","https:\/\/www.instagram.com\/miomiorun\/"]}]}},"_links":{"self":[{"href":"https:\/\/www.miomiorun.com\/es\/wp-json\/wp\/v2\/product\/287451","targetHints":{"allow":["GET"]}}],"collection":[{"href":"https:\/\/www.miomiorun.com\/es\/wp-json\/wp\/v2\/product"}],"about":[{"href":"https:\/\/www.miomiorun.com\/es\/wp-json\/wp\/v2\/types\/product"}],"wp:featuredmedia":[{"embeddable":true,"href":"https:\/\/www.miomiorun.com\/es\/wp-json\/wp\/v2\/media\/243887"}],"wp:attachment":[{"href":"https:\/\/www.miomiorun.com\/es\/wp-json\/wp\/v2\/media?parent=287451"}],"wp:term":[{"taxonomy":"product_brand","embeddable":true,"href":"https:\/\/www.miomiorun.com\/es\/wp-json\/wp\/v2\/product_brand?post=287451"},{"taxonomy":"product_cat","embeddable":true,"href":"https:\/\/www.miomiorun.com\/es\/wp-json\/wp\/v2\/product_cat?post=287451"},{"taxonomy":"product_tag","embeddable":true,"href":"https:\/\/www.miomiorun.com\/es\/wp-json\/wp\/v2\/product_tag?post=287451"}],"curies":[{"name":"wp","href":"https:\/\/api.w.org\/{rel}","templated":true}]}}