{"id":287329,"date":"2023-10-30T13:16:38","date_gmt":"2023-10-30T12:16:38","guid":{"rendered":"https:\/\/miomiorun.com\/prodotto\/adv-essence-run-tights-donna\/"},"modified":"2026-04-22T12:13:33","modified_gmt":"2026-04-22T10:13:33","slug":"adv-essence-run-tights-mujer","status":"publish","type":"product","link":"https:\/\/www.miomiorun.com\/es\/producto\/adv-essence-run-tights-mujer\/","title":{"rendered":"ADV Essence Run Tights mujer"},"content":{"rendered":"<div id=\"tw-target-text-container\" class=\"tw-ta-container F0azHf tw-nfl\">\n<p><strong>Las mallas ADV Essence Run<\/strong> para mujer son unas mallas altamente funcionales para correr y entrenar, confeccionadas en un suave tejido de punto de poli\u00e9ster reciclado y elast\u00e1n con una excelente elasticidad. Cuentan con una amplia banda en la cintura con cord\u00f3n ajustable para garantizar un ajuste y una comodidad \u00f3ptimos durante los entrenamientos m\u00e1s intensos.<\/p>\n<p><strong>Caracter\u00edsticas:<\/strong><\/p>\n<ul>\n<li>Tejido jersey suave de poli\u00e9ster reciclado y elast\u00e1n<\/li>\n<li>Cintura ancha con cord\u00f3n ajustable<\/li>\n<li>Gran bolsillo para el tel\u00e9fono en la parte trasera de la cintura<\/li>\n<li>Bolsillo para las llaves en la parte interior de la cintura<\/li>\n<li>Cremallera en la parte inferior de las perneras<\/li>\n<li>Impresiones reflectantes<\/li>\n<li>Vida media<\/li>\n<\/ul>\n<\/div>\n","protected":false},"excerpt":{"rendered":"<ul>\n<li>mallas ideales para correr<\/li>\n<li>con bolsillos para llevar las llaves y el m\u00f3vil<\/li>\n<\/ul>\n","protected":false},"featured_media":243929,"template":"","meta":{"_acf_changed":false,"inline_featured_image":false},"product_brand":[],"product_cat":[24225,24401],"product_tag":[23553,23659],"class_list":{"0":"post-287329","1":"product","2":"type-product","3":"status-publish","4":"has-post-thumbnail","6":"product_cat-pantalones-largos","7":"product_cat-ropa-de-mujer","8":"product_tag-craft-es","9":"product_tag-craft-mujer","10":"pa_attivita-caminar","11":"pa_attivita-fitness-es","12":"pa_attivita-running-es","13":"pa_colore-adv-essence-run-tights-w-bark-multi-es","14":"pa_colore-adv-essence-run-tights-w-black","15":"pa_marca-craft-es","16":"pa_sesso-mujer","17":"pa_size-extra-small-es","18":"pa_size-small-es","19":"pa_size-medium-es","20":"pa_size-large-es","22":"first","23":"instock","24":"sale","25":"taxable","26":"shipping-taxable","27":"purchasable","28":"product-type-variable","29":"wvs-archive-product-wrapper"},"acf":[],"yoast_head":"<!-- This site is optimized with the Yoast SEO plugin v26.8 - https:\/\/yoast.com\/product\/yoast-seo-wordpress\/ -->\n<title>Craft ADV Essence Run Tights mujer -leggings mujer - MioMioRun<\/title>\n<meta name=\"description\" content=\"Las mallas ADV Essence Run para mujer son unas mallas altamente funcionales para correr y entrenar, confeccionadas en un suave tejido de punto de poli\u00e9ster reciclado\" \/>\n<meta name=\"robots\" content=\"index, follow, max-snippet:-1, max-image-preview:large, max-video-preview:-1\" \/>\n<link rel=\"canonical\" href=\"https:\/\/www.miomiorun.com\/es\/producto\/adv-essence-run-tights-mujer\/\" \/>\n<meta property=\"og:locale\" content=\"es_ES\" \/>\n<meta property=\"og:type\" content=\"article\" \/>\n<meta property=\"og:title\" content=\"Craft ADV Essence Run Tights mujer -leggings mujer - MioMioRun\" \/>\n<meta property=\"og:description\" content=\"Las mallas ADV Essence Run para mujer son unas mallas altamente funcionales para correr y entrenar, confeccionadas en un suave tejido de punto de poli\u00e9ster reciclado\" \/>\n<meta property=\"og:url\" content=\"https:\/\/www.miomiorun.com\/es\/producto\/adv-essence-run-tights-mujer\/\" \/>\n<meta property=\"og:site_name\" content=\"MioMioRun\" \/>\n<meta property=\"article:publisher\" content=\"https:\/\/www.facebook.com\/miomiorun\/\" \/>\n<meta property=\"article:modified_time\" content=\"2026-04-22T10:13:33+00:00\" \/>\n<meta property=\"og:image\" content=\"https:\/\/www.miomiorun.com\/app\/uploads\/2023\/11\/craft-ADV-essence-run-tights-W-black-1911917-999000.jpg\" \/>\n\t<meta property=\"og:image:width\" content=\"600\" \/>\n\t<meta property=\"og:image:height\" content=\"600\" \/>\n\t<meta property=\"og:image:type\" content=\"image\/jpeg\" \/>\n<meta name=\"twitter:card\" content=\"summary_large_image\" \/>\n<meta name=\"twitter:label1\" content=\"Est. reading time\" \/>\n\t<meta name=\"twitter:data1\" content=\"1 minute\" \/>\n<script type=\"application\/ld+json\" class=\"yoast-schema-graph\">{\"@context\":\"https:\/\/schema.org\",\"@graph\":[{\"@type\":\"WebPage\",\"@id\":\"https:\/\/www.miomiorun.com\/es\/producto\/adv-essence-run-tights-mujer\/\",\"url\":\"https:\/\/www.miomiorun.com\/es\/producto\/adv-essence-run-tights-mujer\/\",\"name\":\"Craft ADV Essence Run Tights mujer -leggings mujer - MioMioRun\",\"isPartOf\":{\"@id\":\"https:\/\/www.miomiorun.com\/es\/#website\"},\"primaryImageOfPage\":{\"@id\":\"https:\/\/www.miomiorun.com\/es\/producto\/adv-essence-run-tights-mujer\/#primaryimage\"},\"image\":{\"@id\":\"https:\/\/www.miomiorun.com\/es\/producto\/adv-essence-run-tights-mujer\/#primaryimage\"},\"thumbnailUrl\":\"https:\/\/www.miomiorun.com\/app\/uploads\/2023\/11\/craft-ADV-essence-run-tights-W-black-1911917-999000.jpg\",\"datePublished\":\"2023-10-30T12:16:38+00:00\",\"dateModified\":\"2026-04-22T10:13:33+00:00\",\"description\":\"Las mallas ADV Essence Run para mujer son unas mallas altamente funcionales para correr y entrenar, confeccionadas en un suave tejido de punto de poli\u00e9ster reciclado\",\"breadcrumb\":{\"@id\":\"https:\/\/www.miomiorun.com\/es\/producto\/adv-essence-run-tights-mujer\/#breadcrumb\"},\"inLanguage\":\"es-ES\",\"potentialAction\":[{\"@type\":\"ReadAction\",\"target\":[\"https:\/\/www.miomiorun.com\/es\/producto\/adv-essence-run-tights-mujer\/\"]}]},{\"@type\":\"ImageObject\",\"inLanguage\":\"es-ES\",\"@id\":\"https:\/\/www.miomiorun.com\/es\/producto\/adv-essence-run-tights-mujer\/#primaryimage\",\"url\":\"https:\/\/www.miomiorun.com\/app\/uploads\/2023\/11\/craft-ADV-essence-run-tights-W-black-1911917-999000.jpg\",\"contentUrl\":\"https:\/\/www.miomiorun.com\/app\/uploads\/2023\/11\/craft-ADV-essence-run-tights-W-black-1911917-999000.jpg\",\"width\":600,\"height\":600,\"caption\":\"craft-ADV-essence-run-tights-W-black-1911917-999000\"},{\"@type\":\"BreadcrumbList\",\"@id\":\"https:\/\/www.miomiorun.com\/es\/producto\/adv-essence-run-tights-mujer\/#breadcrumb\",\"itemListElement\":[{\"@type\":\"ListItem\",\"position\":1,\"name\":\"Home\",\"item\":\"https:\/\/www.miomiorun.com\/es\/\"},{\"@type\":\"ListItem\",\"position\":2,\"name\":\"Shop\",\"item\":\"https:\/\/www.miomiorun.com\/shop\/\"},{\"@type\":\"ListItem\",\"position\":3,\"name\":\"ADV Essence Run Tights mujer\"}]},{\"@type\":\"WebSite\",\"@id\":\"https:\/\/www.miomiorun.com\/es\/#website\",\"url\":\"https:\/\/www.miomiorun.com\/es\/\",\"name\":\"MioMioRun\",\"description\":\"Tienda 100% running y trail\",\"publisher\":{\"@id\":\"https:\/\/www.miomiorun.com\/es\/#organization\"},\"potentialAction\":[{\"@type\":\"SearchAction\",\"target\":{\"@type\":\"EntryPoint\",\"urlTemplate\":\"https:\/\/www.miomiorun.com\/es\/?s={search_term_string}\"},\"query-input\":{\"@type\":\"PropertyValueSpecification\",\"valueRequired\":true,\"valueName\":\"search_term_string\"}}],\"inLanguage\":\"es-ES\"},{\"@type\":\"Organization\",\"@id\":\"https:\/\/www.miomiorun.com\/es\/#organization\",\"name\":\"MioMio Run\",\"url\":\"https:\/\/www.miomiorun.com\/es\/\",\"logo\":{\"@type\":\"ImageObject\",\"inLanguage\":\"es-ES\",\"@id\":\"https:\/\/www.miomiorun.com\/es\/#\/schema\/logo\/image\/\",\"url\":\"https:\/\/www.miomiorun.com\/app\/uploads\/2019\/12\/logomio.png\",\"contentUrl\":\"https:\/\/www.miomiorun.com\/app\/uploads\/2019\/12\/logomio.png\",\"width\":115,\"height\":82,\"caption\":\"MioMio Run\"},\"image\":{\"@id\":\"https:\/\/www.miomiorun.com\/es\/#\/schema\/logo\/image\/\"},\"sameAs\":[\"https:\/\/www.facebook.com\/miomiorun\/\",\"https:\/\/www.instagram.com\/miomiorun\/\"]}]}<\/script>\n<!-- \/ Yoast SEO plugin. -->","yoast_head_json":{"title":"Craft ADV Essence Run Tights mujer -leggings mujer - MioMioRun","description":"Las mallas ADV Essence Run para mujer son unas mallas altamente funcionales para correr y entrenar, confeccionadas en un suave tejido de punto de poli\u00e9ster reciclado","robots":{"index":"index","follow":"follow","max-snippet":"max-snippet:-1","max-image-preview":"max-image-preview:large","max-video-preview":"max-video-preview:-1"},"canonical":"https:\/\/www.miomiorun.com\/es\/producto\/adv-essence-run-tights-mujer\/","og_locale":"es_ES","og_type":"article","og_title":"Craft ADV Essence Run Tights mujer -leggings mujer - MioMioRun","og_description":"Las mallas ADV Essence Run para mujer son unas mallas altamente funcionales para correr y entrenar, confeccionadas en un suave tejido de punto de poli\u00e9ster reciclado","og_url":"https:\/\/www.miomiorun.com\/es\/producto\/adv-essence-run-tights-mujer\/","og_site_name":"MioMioRun","article_publisher":"https:\/\/www.facebook.com\/miomiorun\/","article_modified_time":"2026-04-22T10:13:33+00:00","og_image":[{"width":600,"height":600,"url":"https:\/\/www.miomiorun.com\/app\/uploads\/2023\/11\/craft-ADV-essence-run-tights-W-black-1911917-999000.jpg","type":"image\/jpeg"}],"twitter_card":"summary_large_image","twitter_misc":{"Est. reading time":"1 minute"},"schema":{"@context":"https:\/\/schema.org","@graph":[{"@type":"WebPage","@id":"https:\/\/www.miomiorun.com\/es\/producto\/adv-essence-run-tights-mujer\/","url":"https:\/\/www.miomiorun.com\/es\/producto\/adv-essence-run-tights-mujer\/","name":"Craft ADV Essence Run Tights mujer -leggings mujer - MioMioRun","isPartOf":{"@id":"https:\/\/www.miomiorun.com\/es\/#website"},"primaryImageOfPage":{"@id":"https:\/\/www.miomiorun.com\/es\/producto\/adv-essence-run-tights-mujer\/#primaryimage"},"image":{"@id":"https:\/\/www.miomiorun.com\/es\/producto\/adv-essence-run-tights-mujer\/#primaryimage"},"thumbnailUrl":"https:\/\/www.miomiorun.com\/app\/uploads\/2023\/11\/craft-ADV-essence-run-tights-W-black-1911917-999000.jpg","datePublished":"2023-10-30T12:16:38+00:00","dateModified":"2026-04-22T10:13:33+00:00","description":"Las mallas ADV Essence Run para mujer son unas mallas altamente funcionales para correr y entrenar, confeccionadas en un suave tejido de punto de poli\u00e9ster reciclado","breadcrumb":{"@id":"https:\/\/www.miomiorun.com\/es\/producto\/adv-essence-run-tights-mujer\/#breadcrumb"},"inLanguage":"es-ES","potentialAction":[{"@type":"ReadAction","target":["https:\/\/www.miomiorun.com\/es\/producto\/adv-essence-run-tights-mujer\/"]}]},{"@type":"ImageObject","inLanguage":"es-ES","@id":"https:\/\/www.miomiorun.com\/es\/producto\/adv-essence-run-tights-mujer\/#primaryimage","url":"https:\/\/www.miomiorun.com\/app\/uploads\/2023\/11\/craft-ADV-essence-run-tights-W-black-1911917-999000.jpg","contentUrl":"https:\/\/www.miomiorun.com\/app\/uploads\/2023\/11\/craft-ADV-essence-run-tights-W-black-1911917-999000.jpg","width":600,"height":600,"caption":"craft-ADV-essence-run-tights-W-black-1911917-999000"},{"@type":"BreadcrumbList","@id":"https:\/\/www.miomiorun.com\/es\/producto\/adv-essence-run-tights-mujer\/#breadcrumb","itemListElement":[{"@type":"ListItem","position":1,"name":"Home","item":"https:\/\/www.miomiorun.com\/es\/"},{"@type":"ListItem","position":2,"name":"Shop","item":"https:\/\/www.miomiorun.com\/shop\/"},{"@type":"ListItem","position":3,"name":"ADV Essence Run Tights mujer"}]},{"@type":"WebSite","@id":"https:\/\/www.miomiorun.com\/es\/#website","url":"https:\/\/www.miomiorun.com\/es\/","name":"MioMioRun","description":"Tienda 100% running y trail","publisher":{"@id":"https:\/\/www.miomiorun.com\/es\/#organization"},"potentialAction":[{"@type":"SearchAction","target":{"@type":"EntryPoint","urlTemplate":"https:\/\/www.miomiorun.com\/es\/?s={search_term_string}"},"query-input":{"@type":"PropertyValueSpecification","valueRequired":true,"valueName":"search_term_string"}}],"inLanguage":"es-ES"},{"@type":"Organization","@id":"https:\/\/www.miomiorun.com\/es\/#organization","name":"MioMio Run","url":"https:\/\/www.miomiorun.com\/es\/","logo":{"@type":"ImageObject","inLanguage":"es-ES","@id":"https:\/\/www.miomiorun.com\/es\/#\/schema\/logo\/image\/","url":"https:\/\/www.miomiorun.com\/app\/uploads\/2019\/12\/logomio.png","contentUrl":"https:\/\/www.miomiorun.com\/app\/uploads\/2019\/12\/logomio.png","width":115,"height":82,"caption":"MioMio Run"},"image":{"@id":"https:\/\/www.miomiorun.com\/es\/#\/schema\/logo\/image\/"},"sameAs":["https:\/\/www.facebook.com\/miomiorun\/","https:\/\/www.instagram.com\/miomiorun\/"]}]}},"_links":{"self":[{"href":"https:\/\/www.miomiorun.com\/es\/wp-json\/wp\/v2\/product\/287329","targetHints":{"allow":["GET"]}}],"collection":[{"href":"https:\/\/www.miomiorun.com\/es\/wp-json\/wp\/v2\/product"}],"about":[{"href":"https:\/\/www.miomiorun.com\/es\/wp-json\/wp\/v2\/types\/product"}],"wp:featuredmedia":[{"embeddable":true,"href":"https:\/\/www.miomiorun.com\/es\/wp-json\/wp\/v2\/media\/243929"}],"wp:attachment":[{"href":"https:\/\/www.miomiorun.com\/es\/wp-json\/wp\/v2\/media?parent=287329"}],"wp:term":[{"taxonomy":"product_brand","embeddable":true,"href":"https:\/\/www.miomiorun.com\/es\/wp-json\/wp\/v2\/product_brand?post=287329"},{"taxonomy":"product_cat","embeddable":true,"href":"https:\/\/www.miomiorun.com\/es\/wp-json\/wp\/v2\/product_cat?post=287329"},{"taxonomy":"product_tag","embeddable":true,"href":"https:\/\/www.miomiorun.com\/es\/wp-json\/wp\/v2\/product_tag?post=287329"}],"curies":[{"name":"wp","href":"https:\/\/api.w.org\/{rel}","templated":true}]}}