{"id":287165,"date":"2023-06-24T17:01:40","date_gmt":"2023-06-24T15:01:40","guid":{"rendered":"https:\/\/miomiorun.com\/prodotto\/leki-spin-shark-sl-2\/"},"modified":"2025-12-02T19:20:58","modified_gmt":"2025-12-02T18:20:58","slug":"leki-spin-shark-sl-2","status":"publish","type":"product","link":"https:\/\/www.miomiorun.com\/es\/producto\/leki-spin-shark-sl-2\/","title":{"rendered":"Leki Spin Shark SL"},"content":{"rendered":"<p>Este bast\u00f3n de dos piezas para marcha n\u00f3rdica, fabricado en aluminio templado HTS 5.5, te sostiene en cualquier terreno. La empu\u00f1adura de corcho bicomponente, combinada con el Trigger Shark 2.0 y la correa de malla transpirable, garantiza una conexi\u00f3n perfecta con el bast\u00f3n. La correa se puede desmontar de la empu\u00f1adura en un instante. Gracias al sistema de ajuste Speed Lock+, se puede ajustar f\u00e1cilmente entre 100 y 130 cm.<\/p>\n<p><img loading=\"lazy\" decoding=\"async\" class=\"\" src=\"https:\/\/res.cloudinary.com\/leki-lenhart-gmbh\/iu\/c_fit,h_840,w_600\/f_auto\/q_auto\/media\/d7\/57\/d9\/1643288579\/Shark%20System%20Schwarz_Logo?_a=AAAH2AI\" width=\"411\" height=\"24\" data-src=\"https:\/\/res.cloudinary.com\/leki-lenhart-gmbh\/iu\/c_fit,h_840,w_600\/f_auto\/q_auto\/media\/d7\/57\/d9\/1643288579\/Shark%20System%20Schwarz_Logo?_a=AAAH2AI\"><\/p>\n<p>El sistema Shark ofrece una transmisi\u00f3n \u00f3ptima de la fuerza, ya que conecta la mano directamente con el bast\u00f3n. Permite enganchar y desenganchar r\u00e1pidamente el mango. Todas las correas y guantes Shark son compatibles con los bastones Shark.<\/p>\n<h3>Shark 2.0<\/h3>\n<p>Empu\u00f1adura vers\u00e1til para diversas actividades deportivas. Ofrece una transmisi\u00f3n perfecta de la fuerza y un f\u00e1cil manejo. Ideal para practicar esqu\u00ed de fondo y marcha n\u00f3rdica. Pero tambi\u00e9n en el esqu\u00ed de ruedas y el trail running, este todoterreno ha dado excelentes resultados.<\/p>\n<h3>Shark Power Strap<\/h3>\n<p>Correa con un corte perfecto y ajustable individualmente para la marcha n\u00f3rdica.<\/p>\n<h3>Aluminio<\/h3>\n<p>Aluminio HTS (Heat Treated Shaft) 5.5<\/p>\n<h3>Speed Lock Plus<\/h3>\n<p>El sistema de ajuste funciona como una abrazadera externa que permite un f\u00e1cil ajuste y garantiza la m\u00e1xima fuerza de sujeci\u00f3n.<\/p>\n<h3>Arandela Nordic<\/h3>\n<p>Placa compacta para marcha n\u00f3rdica. Protege contra el hundimiento en terrenos h\u00famedos y se puede sustituir f\u00e1cilmente a mano.<\/p>\n<h3>Flex Tip<\/h3>\n<p>Punta robusta para un uso preciso del bast\u00f3n y un agarre perfecto en casi todo tipo de terrenos.<\/p>\n<h3>Powergrip Pad<\/h3>\n<p>La almohadilla Powergrip, fabricada en material vulcanizado, garantiza un agarre \u00f3ptimo en caminos y carreteras asfaltadas.<\/p>\n<h3>Caracter\u00edsticas<\/h3>\n<table class=\"table product-detail-properties-table\">\n<tbody>\n<tr class=\"properties-row\">\n<th class=\"properties-label\">Actividad:<\/th>\n<td class=\"properties-value\">Marcha n\u00f3rdica<\/td>\n<\/tr>\n<tr class=\"properties-row\">\n<th class=\"properties-label\">Rango de edad:<\/th>\n<td class=\"properties-value\">Adultos<\/td>\n<\/tr>\n<tr class=\"properties-row\">\n<th class=\"properties-label\">G\u00e9nero:<\/th>\n<td class=\"properties-value\">Unisex<\/td>\n<\/tr>\n<tr class=\"properties-row\">\n<th class=\"properties-label\">Rango de tallas:<\/th>\n<td class=\"properties-value\">Sin tallas<\/td>\n<\/tr>\n<tr class=\"properties-row\">\n<th class=\"properties-label\">Construcci\u00f3n:<\/th>\n<td class=\"properties-value\">Vario (infinitamente ajustable)<\/td>\n<\/tr>\n<tr class=\"properties-row\">\n<th class=\"properties-label\">Tama\u00f1o del embalaje:<\/th>\n<td class=\"properties-value\">96 cm<\/td>\n<\/tr>\n<tr class=\"properties-row\">\n<th class=\"properties-label\">Peso:<\/th>\n<td class=\"properties-value\">208 g<\/td>\n<\/tr>\n<tr class=\"properties-row\">\n<th class=\"properties-label\">Di\u00e1metro:<\/th>\n<td class=\"properties-value\">16|14 mm<\/td>\n<\/tr>\n<tr class=\"properties-row\">\n<th class=\"properties-label\">Sistema de agarre:<\/th>\n<td class=\"properties-value\">Shark System<\/td>\n<\/tr>\n<tr class=\"properties-row\">\n<th class=\"properties-label\">Geometr\u00eda del tubo:<\/th>\n<td class=\"properties-value\">Sin perfil<\/td>\n<\/tr>\n<tr class=\"properties-row\">\n<th class=\"properties-label\">Forma del tubo:<\/th>\n<td class=\"properties-value\">Cil\u00edndrica<\/td>\n<\/tr>\n<tr class=\"properties-row\">\n<th class=\"properties-label\">Empu\u00f1adura:<\/th>\n<td class=\"properties-value\">Shark 2.0<\/td>\n<\/tr>\n<tr class=\"properties-row\">\n<th class=\"properties-label\">Correa:<\/th>\n<td class=\"properties-value\">Shark Power Trigger Strap<\/td>\n<\/tr>\n<tr class=\"properties-row\">\n<th class=\"properties-label\">Material del tubo:<\/th>\n<td class=\"properties-value\">Aluminio (HTS 5.5)<\/td>\n<\/tr>\n<tr class=\"properties-row\">\n<th class=\"properties-label\">Parte superior del tubo:<\/th>\n<td class=\"properties-value\">Aluminio<\/td>\n<\/tr>\n<tr class=\"properties-row\">\n<th class=\"properties-label\">Parte inferior del tubo:<\/th>\n<td class=\"properties-value\">Aluminio<\/td>\n<\/tr>\n<tr class=\"properties-row\">\n<th class=\"properties-label\">Sistema de ajuste:<\/th>\n<td class=\"properties-value\">Speed Lock plus<\/td>\n<\/tr>\n<tr class=\"properties-row\">\n<th class=\"properties-label\">Arandela:<\/th>\n<td class=\"properties-value\">Nordic<\/td>\n<\/tr>\n<tr class=\"properties-row\">\n<th class=\"properties-label\">Punta:<\/th>\n<td class=\"properties-value\">Flex Tip<\/td>\n<\/tr>\n<tr class=\"properties-row\">\n<th class=\"properties-label\">Tama\u00f1o de la punta:<\/th>\n<td class=\"properties-value\">Kurz<\/td>\n<\/tr>\n<tr class=\"properties-row\">\n<th class=\"properties-label\">Almohadilla de goma:<\/th>\n<td class=\"properties-value\">Powergrip Pad<\/td>\n<\/tr>\n<\/tbody>\n<\/table>\n","protected":false},"excerpt":{"rendered":"<p>Este bast\u00f3n de dos piezas para marcha n\u00f3rdica, fabricado en aluminio templado HTS 5.5, te sostiene en cualquier terreno. La empu\u00f1adura de corcho bicomponente, combinada con el Trigger Shark 2.0 y la correa de malla transpirable, garantiza una conexi\u00f3n perfecta con el bast\u00f3n. La correa se puede desmontar de la empu\u00f1adura en un instante. Gracias &hellip; <a href=\"https:\/\/www.miomiorun.com\/es\/producto\/leki-spin-shark-sl-2\/\">Continued<\/a><\/p>\n","protected":false},"featured_media":241857,"template":"","meta":{"_acf_changed":false,"inline_featured_image":false},"product_brand":[],"product_cat":[24206],"product_tag":[23595],"class_list":{"0":"post-287165","1":"product","2":"type-product","3":"status-publish","4":"has-post-thumbnail","6":"product_cat-bastones","7":"product_tag-leki-es","8":"pa_attivita-outdoor-es","9":"pa_marca-leki-es","10":"pa_sesso-mujer","12":"first","13":"instock","14":"sale","15":"taxable","16":"shipping-taxable","17":"purchasable","18":"product-type-simple"},"acf":[],"yoast_head":"<!-- This site is optimized with the Yoast SEO plugin v26.8 - https:\/\/yoast.com\/product\/yoast-seo-wordpress\/ -->\n<title>Leki Spin Shark SL - Bast\u00f3n para correr - MioMioRun.com<\/title>\n<meta name=\"description\" content=\"Este bast\u00f3n de Nordic Walking de dos piezas en aluminio templado HTS 5.5 te ayuda en cualquier terreno. Se puede ajustar f\u00e1cilmente de 100 a 130 cm.\" \/>\n<meta name=\"robots\" content=\"index, follow, max-snippet:-1, max-image-preview:large, max-video-preview:-1\" \/>\n<link rel=\"canonical\" href=\"https:\/\/www.miomiorun.com\/es\/producto\/leki-spin-shark-sl-2\/\" \/>\n<meta property=\"og:locale\" content=\"es_ES\" \/>\n<meta property=\"og:type\" content=\"article\" \/>\n<meta property=\"og:title\" content=\"Leki Spin Shark SL - Bast\u00f3n para correr - MioMioRun.com\" \/>\n<meta property=\"og:description\" content=\"Este bast\u00f3n de Nordic Walking de dos piezas en aluminio templado HTS 5.5 te ayuda en cualquier terreno. Se puede ajustar f\u00e1cilmente de 100 a 130 cm.\" \/>\n<meta property=\"og:url\" content=\"https:\/\/www.miomiorun.com\/es\/producto\/leki-spin-shark-sl-2\/\" \/>\n<meta property=\"og:site_name\" content=\"MioMioRun\" \/>\n<meta property=\"article:publisher\" content=\"https:\/\/www.facebook.com\/miomiorun\/\" \/>\n<meta property=\"article:modified_time\" content=\"2025-12-02T18:20:58+00:00\" \/>\n<meta property=\"og:image\" content=\"https:\/\/www.miomiorun.com\/app\/uploads\/2023\/06\/leki-spin-shark-SL-65326142.jpg\" \/>\n\t<meta property=\"og:image:width\" content=\"600\" \/>\n\t<meta property=\"og:image:height\" content=\"600\" \/>\n\t<meta property=\"og:image:type\" content=\"image\/jpeg\" \/>\n<meta name=\"twitter:card\" content=\"summary_large_image\" \/>\n<meta name=\"twitter:label1\" content=\"Est. reading time\" \/>\n\t<meta name=\"twitter:data1\" content=\"2 minutes\" \/>\n<script type=\"application\/ld+json\" class=\"yoast-schema-graph\">{\"@context\":\"https:\/\/schema.org\",\"@graph\":[{\"@type\":\"WebPage\",\"@id\":\"https:\/\/www.miomiorun.com\/es\/producto\/leki-spin-shark-sl-2\/\",\"url\":\"https:\/\/www.miomiorun.com\/es\/producto\/leki-spin-shark-sl-2\/\",\"name\":\"Leki Spin Shark SL - Bast\u00f3n para correr - MioMioRun.com\",\"isPartOf\":{\"@id\":\"https:\/\/www.miomiorun.com\/es\/#website\"},\"primaryImageOfPage\":{\"@id\":\"https:\/\/www.miomiorun.com\/es\/producto\/leki-spin-shark-sl-2\/#primaryimage\"},\"image\":{\"@id\":\"https:\/\/www.miomiorun.com\/es\/producto\/leki-spin-shark-sl-2\/#primaryimage\"},\"thumbnailUrl\":\"https:\/\/www.miomiorun.com\/app\/uploads\/2023\/06\/leki-spin-shark-SL-65326142.jpg\",\"datePublished\":\"2023-06-24T15:01:40+00:00\",\"dateModified\":\"2025-12-02T18:20:58+00:00\",\"description\":\"Este bast\u00f3n de Nordic Walking de dos piezas en aluminio templado HTS 5.5 te ayuda en cualquier terreno. Se puede ajustar f\u00e1cilmente de 100 a 130 cm.\",\"breadcrumb\":{\"@id\":\"https:\/\/www.miomiorun.com\/es\/producto\/leki-spin-shark-sl-2\/#breadcrumb\"},\"inLanguage\":\"es-ES\",\"potentialAction\":[{\"@type\":\"ReadAction\",\"target\":[\"https:\/\/www.miomiorun.com\/es\/producto\/leki-spin-shark-sl-2\/\"]}]},{\"@type\":\"ImageObject\",\"inLanguage\":\"es-ES\",\"@id\":\"https:\/\/www.miomiorun.com\/es\/producto\/leki-spin-shark-sl-2\/#primaryimage\",\"url\":\"https:\/\/www.miomiorun.com\/app\/uploads\/2023\/06\/leki-spin-shark-SL-65326142.jpg\",\"contentUrl\":\"https:\/\/www.miomiorun.com\/app\/uploads\/2023\/06\/leki-spin-shark-SL-65326142.jpg\",\"width\":600,\"height\":600,\"caption\":\"leki-spin-shark-SL-65326142\"},{\"@type\":\"BreadcrumbList\",\"@id\":\"https:\/\/www.miomiorun.com\/es\/producto\/leki-spin-shark-sl-2\/#breadcrumb\",\"itemListElement\":[{\"@type\":\"ListItem\",\"position\":1,\"name\":\"Home\",\"item\":\"https:\/\/www.miomiorun.com\/es\/\"},{\"@type\":\"ListItem\",\"position\":2,\"name\":\"Shop\",\"item\":\"https:\/\/www.miomiorun.com\/shop\/\"},{\"@type\":\"ListItem\",\"position\":3,\"name\":\"Leki Spin Shark SL\"}]},{\"@type\":\"WebSite\",\"@id\":\"https:\/\/www.miomiorun.com\/es\/#website\",\"url\":\"https:\/\/www.miomiorun.com\/es\/\",\"name\":\"MioMioRun\",\"description\":\"Tienda 100% running y trail\",\"publisher\":{\"@id\":\"https:\/\/www.miomiorun.com\/es\/#organization\"},\"potentialAction\":[{\"@type\":\"SearchAction\",\"target\":{\"@type\":\"EntryPoint\",\"urlTemplate\":\"https:\/\/www.miomiorun.com\/es\/?s={search_term_string}\"},\"query-input\":{\"@type\":\"PropertyValueSpecification\",\"valueRequired\":true,\"valueName\":\"search_term_string\"}}],\"inLanguage\":\"es-ES\"},{\"@type\":\"Organization\",\"@id\":\"https:\/\/www.miomiorun.com\/es\/#organization\",\"name\":\"MioMio Run\",\"url\":\"https:\/\/www.miomiorun.com\/es\/\",\"logo\":{\"@type\":\"ImageObject\",\"inLanguage\":\"es-ES\",\"@id\":\"https:\/\/www.miomiorun.com\/es\/#\/schema\/logo\/image\/\",\"url\":\"https:\/\/www.miomiorun.com\/app\/uploads\/2019\/12\/logomio.png\",\"contentUrl\":\"https:\/\/www.miomiorun.com\/app\/uploads\/2019\/12\/logomio.png\",\"width\":115,\"height\":82,\"caption\":\"MioMio Run\"},\"image\":{\"@id\":\"https:\/\/www.miomiorun.com\/es\/#\/schema\/logo\/image\/\"},\"sameAs\":[\"https:\/\/www.facebook.com\/miomiorun\/\",\"https:\/\/www.instagram.com\/miomiorun\/\"]}]}<\/script>\n<!-- \/ Yoast SEO plugin. -->","yoast_head_json":{"title":"Leki Spin Shark SL - Bast\u00f3n para correr - MioMioRun.com","description":"Este bast\u00f3n de Nordic Walking de dos piezas en aluminio templado HTS 5.5 te ayuda en cualquier terreno. Se puede ajustar f\u00e1cilmente de 100 a 130 cm.","robots":{"index":"index","follow":"follow","max-snippet":"max-snippet:-1","max-image-preview":"max-image-preview:large","max-video-preview":"max-video-preview:-1"},"canonical":"https:\/\/www.miomiorun.com\/es\/producto\/leki-spin-shark-sl-2\/","og_locale":"es_ES","og_type":"article","og_title":"Leki Spin Shark SL - Bast\u00f3n para correr - MioMioRun.com","og_description":"Este bast\u00f3n de Nordic Walking de dos piezas en aluminio templado HTS 5.5 te ayuda en cualquier terreno. Se puede ajustar f\u00e1cilmente de 100 a 130 cm.","og_url":"https:\/\/www.miomiorun.com\/es\/producto\/leki-spin-shark-sl-2\/","og_site_name":"MioMioRun","article_publisher":"https:\/\/www.facebook.com\/miomiorun\/","article_modified_time":"2025-12-02T18:20:58+00:00","og_image":[{"width":600,"height":600,"url":"https:\/\/www.miomiorun.com\/app\/uploads\/2023\/06\/leki-spin-shark-SL-65326142.jpg","type":"image\/jpeg"}],"twitter_card":"summary_large_image","twitter_misc":{"Est. reading time":"2 minutes"},"schema":{"@context":"https:\/\/schema.org","@graph":[{"@type":"WebPage","@id":"https:\/\/www.miomiorun.com\/es\/producto\/leki-spin-shark-sl-2\/","url":"https:\/\/www.miomiorun.com\/es\/producto\/leki-spin-shark-sl-2\/","name":"Leki Spin Shark SL - Bast\u00f3n para correr - MioMioRun.com","isPartOf":{"@id":"https:\/\/www.miomiorun.com\/es\/#website"},"primaryImageOfPage":{"@id":"https:\/\/www.miomiorun.com\/es\/producto\/leki-spin-shark-sl-2\/#primaryimage"},"image":{"@id":"https:\/\/www.miomiorun.com\/es\/producto\/leki-spin-shark-sl-2\/#primaryimage"},"thumbnailUrl":"https:\/\/www.miomiorun.com\/app\/uploads\/2023\/06\/leki-spin-shark-SL-65326142.jpg","datePublished":"2023-06-24T15:01:40+00:00","dateModified":"2025-12-02T18:20:58+00:00","description":"Este bast\u00f3n de Nordic Walking de dos piezas en aluminio templado HTS 5.5 te ayuda en cualquier terreno. Se puede ajustar f\u00e1cilmente de 100 a 130 cm.","breadcrumb":{"@id":"https:\/\/www.miomiorun.com\/es\/producto\/leki-spin-shark-sl-2\/#breadcrumb"},"inLanguage":"es-ES","potentialAction":[{"@type":"ReadAction","target":["https:\/\/www.miomiorun.com\/es\/producto\/leki-spin-shark-sl-2\/"]}]},{"@type":"ImageObject","inLanguage":"es-ES","@id":"https:\/\/www.miomiorun.com\/es\/producto\/leki-spin-shark-sl-2\/#primaryimage","url":"https:\/\/www.miomiorun.com\/app\/uploads\/2023\/06\/leki-spin-shark-SL-65326142.jpg","contentUrl":"https:\/\/www.miomiorun.com\/app\/uploads\/2023\/06\/leki-spin-shark-SL-65326142.jpg","width":600,"height":600,"caption":"leki-spin-shark-SL-65326142"},{"@type":"BreadcrumbList","@id":"https:\/\/www.miomiorun.com\/es\/producto\/leki-spin-shark-sl-2\/#breadcrumb","itemListElement":[{"@type":"ListItem","position":1,"name":"Home","item":"https:\/\/www.miomiorun.com\/es\/"},{"@type":"ListItem","position":2,"name":"Shop","item":"https:\/\/www.miomiorun.com\/shop\/"},{"@type":"ListItem","position":3,"name":"Leki Spin Shark SL"}]},{"@type":"WebSite","@id":"https:\/\/www.miomiorun.com\/es\/#website","url":"https:\/\/www.miomiorun.com\/es\/","name":"MioMioRun","description":"Tienda 100% running y trail","publisher":{"@id":"https:\/\/www.miomiorun.com\/es\/#organization"},"potentialAction":[{"@type":"SearchAction","target":{"@type":"EntryPoint","urlTemplate":"https:\/\/www.miomiorun.com\/es\/?s={search_term_string}"},"query-input":{"@type":"PropertyValueSpecification","valueRequired":true,"valueName":"search_term_string"}}],"inLanguage":"es-ES"},{"@type":"Organization","@id":"https:\/\/www.miomiorun.com\/es\/#organization","name":"MioMio Run","url":"https:\/\/www.miomiorun.com\/es\/","logo":{"@type":"ImageObject","inLanguage":"es-ES","@id":"https:\/\/www.miomiorun.com\/es\/#\/schema\/logo\/image\/","url":"https:\/\/www.miomiorun.com\/app\/uploads\/2019\/12\/logomio.png","contentUrl":"https:\/\/www.miomiorun.com\/app\/uploads\/2019\/12\/logomio.png","width":115,"height":82,"caption":"MioMio Run"},"image":{"@id":"https:\/\/www.miomiorun.com\/es\/#\/schema\/logo\/image\/"},"sameAs":["https:\/\/www.facebook.com\/miomiorun\/","https:\/\/www.instagram.com\/miomiorun\/"]}]}},"_links":{"self":[{"href":"https:\/\/www.miomiorun.com\/es\/wp-json\/wp\/v2\/product\/287165","targetHints":{"allow":["GET"]}}],"collection":[{"href":"https:\/\/www.miomiorun.com\/es\/wp-json\/wp\/v2\/product"}],"about":[{"href":"https:\/\/www.miomiorun.com\/es\/wp-json\/wp\/v2\/types\/product"}],"wp:featuredmedia":[{"embeddable":true,"href":"https:\/\/www.miomiorun.com\/es\/wp-json\/wp\/v2\/media\/241857"}],"wp:attachment":[{"href":"https:\/\/www.miomiorun.com\/es\/wp-json\/wp\/v2\/media?parent=287165"}],"wp:term":[{"taxonomy":"product_brand","embeddable":true,"href":"https:\/\/www.miomiorun.com\/es\/wp-json\/wp\/v2\/product_brand?post=287165"},{"taxonomy":"product_cat","embeddable":true,"href":"https:\/\/www.miomiorun.com\/es\/wp-json\/wp\/v2\/product_cat?post=287165"},{"taxonomy":"product_tag","embeddable":true,"href":"https:\/\/www.miomiorun.com\/es\/wp-json\/wp\/v2\/product_tag?post=287165"}],"curies":[{"name":"wp","href":"https:\/\/api.w.org\/{rel}","templated":true}]}}