{"id":287150,"date":"2023-07-11T14:36:39","date_gmt":"2023-07-11T12:36:39","guid":{"rendered":"https:\/\/miomiorun.com\/prodotto\/method-7-8-tight-donna\/"},"modified":"2026-05-06T18:41:24","modified_gmt":"2026-05-06T16:41:24","slug":"method-7-8-tight-mujer","status":"publish","type":"product","link":"https:\/\/www.miomiorun.com\/es\/producto\/method-7-8-tight-mujer\/","title":{"rendered":"Method 7\/8 tight mujer"},"content":{"rendered":"<h3>Las mallas Method 7\/8 combinan comodidad durante la carrera y libertad de movimiento.<\/h3>\n<p>Su corte moderno es ajustado y perfectamente ligero, mientras que su elasticidad aporta comodidad para acumular kil\u00f3metros sin distracciones.<\/p>\n<p>&nbsp;<\/p>\n<p><strong>IDEAL PARA:<\/strong><\/p>\n<p><img loading=\"lazy\" decoding=\"async\" class=\"a-responsive-image__img\" src=\"https:\/\/www.brooksrunning.com\/on\/demandware.static\/-\/Sites-brooks-master-catalog\/default\/dw733fa591\/specs\/PDP-BestFor-FTW-APP-All-Day-Wear.svg\" alt=\"\" width=\"38\" height=\"38\"> entrenamiento<\/p>\n<p>&nbsp;<\/p>\n<p><strong>CARACTER\u00cdSTICAS:<\/strong><\/p>\n<ul class=\"m-long-description__features\">\n<li class=\"m-long-description__feature\">Corte moderno<\/li>\n<li class=\"m-long-description__feature\">Tejido suave que ofrece sujeci\u00f3n<\/li>\n<li class=\"m-long-description__feature\">Espacio para guardar lo necesario<\/li>\n<\/ul>\n<div class=\"o-feature-callout__feature-copy\">\n<div class=\"o-feature-callout__feature-copy\">\n<h3 class=\"a-type-h4 o-feature-callout__feature-eyebrow\">Ajuste que proporciona bienestar<\/h3>\n<h2 class=\"a-type-h3--big o-feature-callout__feature-header\">Nuevo ajuste moderno<\/h2>\n<p class=\"a-type-p o-feature-callout__feature-body\">Las mallas tienen una cintura m\u00e1s alta para un mejor ajuste, mientras que las costuras m\u00ednimas garantizan una gran ligereza.<\/p>\n<ul class=\"o-feature-callout__feature-list\">\n<li class=\"a-type-p o-feature-callout__feature-list-item\"><span class=\"a-type-p o-feature-callout__feature-list-item-text\">El tejido DriLayer\u00ae HorsePower, liso y compresivo, ofrece un ajuste ce\u00f1ido y perfecto. <\/span><\/li>\n<\/ul>\n<\/div>\n<div class=\"o-feature-callout__feature-copy\">\n<h3 class=\"a-type-h4 o-feature-callout__feature-eyebrow\">Libertad de movimiento<\/h3>\n<h2 class=\"a-type-h3--big o-feature-callout__feature-header\">Tejido suave que ofrece sujeci\u00f3n<\/h2>\n<p class=\"a-type-p o-feature-callout__feature-body\">El tejido transpirable y ligero ofrece la compresi\u00f3n adecuada para una agradable sensaci\u00f3n de sujeci\u00f3n.<\/p>\n<\/div>\n<\/div>\n<div><\/div>\n<h3 class=\"o-feature-callout__feature-copy\">Hablando de bolsillos<\/h3>\n<div class=\"o-feature-callout__feature-copy\">\n<div class=\"o-feature-callout__feature-copy\">\n<h2 class=\"a-type-h3--big o-feature-callout__feature-header\">Espacio para guardar lo necesario<\/h2>\n<p class=\"o-feature-callout__feature-copy\">Lleva contigo todo lo que necesitas gracias a los dos bolsillos laterales y al bolsillo trasero, ideal para guardar el smartphone.<\/p>\n<\/div>\n<\/div>\n","protected":false},"excerpt":{"rendered":"<ul class=\"m-long-description__features\">\n<li class=\"m-long-description__feature\">pantal\u00f3n ligeramente compresivo<\/li>\n<li>con bolsillos<\/li>\n<li>tejido el\u00e1stico<\/li>\n<\/ul>\n","protected":false},"featured_media":242047,"template":"","meta":{"_acf_changed":false,"inline_featured_image":false},"product_brand":[],"product_cat":[24225,24401,24402],"product_tag":[23463,23664],"class_list":{"0":"post-287150","1":"product","2":"type-product","3":"status-publish","4":"has-post-thumbnail","6":"product_cat-pantalones-largos","7":"product_cat-ropa-de-mujer","8":"product_cat-mujer","9":"product_tag-brooks-es","10":"product_tag-brooks-mujer","11":"pa_attivita-caminar","12":"pa_attivita-fitness-es","13":"pa_attivita-running-es","14":"pa_colore-method-7-8-tight-w-black-es","15":"pa_colore-method-7-8-tight-w-fast-floral-print-es","16":"pa_marca-brooks-es","17":"pa_sesso-mujer","18":"pa_size-extra-small-es","19":"pa_size-small-es","20":"pa_size-medium-es","22":"first","23":"instock","24":"sale","25":"taxable","26":"shipping-taxable","27":"purchasable","28":"product-type-variable","29":"wvs-archive-product-wrapper"},"acf":[],"yoast_head":"<!-- This site is optimized with the Yoast SEO plugin v26.8 - https:\/\/yoast.com\/product\/yoast-seo-wordpress\/ -->\n<title>Brooks Method 7\/8 tight mujer - pantalones 7\/8 - MioMioRun<\/title>\n<meta name=\"description\" content=\"Las mallas Method 7\/8 combinan comodidad al correr y libertad de movimiento. Su corte moderno es ajustado y perfectamente ligero.\" \/>\n<meta name=\"robots\" content=\"index, follow, max-snippet:-1, max-image-preview:large, max-video-preview:-1\" \/>\n<link rel=\"canonical\" href=\"https:\/\/www.miomiorun.com\/es\/producto\/method-7-8-tight-mujer\/\" \/>\n<meta property=\"og:locale\" content=\"es_ES\" \/>\n<meta property=\"og:type\" content=\"article\" \/>\n<meta property=\"og:title\" content=\"Brooks Method 7\/8 tight mujer - pantalones 7\/8 - MioMioRun\" \/>\n<meta property=\"og:description\" content=\"Las mallas Method 7\/8 combinan comodidad al correr y libertad de movimiento. Su corte moderno es ajustado y perfectamente ligero.\" \/>\n<meta property=\"og:url\" content=\"https:\/\/www.miomiorun.com\/es\/producto\/method-7-8-tight-mujer\/\" \/>\n<meta property=\"og:site_name\" content=\"MioMioRun\" \/>\n<meta property=\"article:publisher\" content=\"https:\/\/www.facebook.com\/miomiorun\/\" \/>\n<meta property=\"article:modified_time\" content=\"2026-05-06T16:41:24+00:00\" \/>\n<meta property=\"og:image\" content=\"https:\/\/www.miomiorun.com\/app\/uploads\/2023\/07\/brooks-method-7-8-tight-W-black-221524001.jpg\" \/>\n\t<meta property=\"og:image:width\" content=\"600\" \/>\n\t<meta property=\"og:image:height\" content=\"600\" \/>\n\t<meta property=\"og:image:type\" content=\"image\/jpeg\" \/>\n<meta name=\"twitter:card\" content=\"summary_large_image\" \/>\n<meta name=\"twitter:label1\" content=\"Est. reading time\" \/>\n\t<meta name=\"twitter:data1\" content=\"1 minute\" \/>\n<script type=\"application\/ld+json\" class=\"yoast-schema-graph\">{\"@context\":\"https:\/\/schema.org\",\"@graph\":[{\"@type\":\"WebPage\",\"@id\":\"https:\/\/www.miomiorun.com\/es\/producto\/method-7-8-tight-mujer\/\",\"url\":\"https:\/\/www.miomiorun.com\/es\/producto\/method-7-8-tight-mujer\/\",\"name\":\"Brooks Method 7\/8 tight mujer - pantalones 7\/8 - MioMioRun\",\"isPartOf\":{\"@id\":\"https:\/\/www.miomiorun.com\/es\/#website\"},\"primaryImageOfPage\":{\"@id\":\"https:\/\/www.miomiorun.com\/es\/producto\/method-7-8-tight-mujer\/#primaryimage\"},\"image\":{\"@id\":\"https:\/\/www.miomiorun.com\/es\/producto\/method-7-8-tight-mujer\/#primaryimage\"},\"thumbnailUrl\":\"https:\/\/www.miomiorun.com\/app\/uploads\/2023\/07\/brooks-method-7-8-tight-W-black-221524001.jpg\",\"datePublished\":\"2023-07-11T12:36:39+00:00\",\"dateModified\":\"2026-05-06T16:41:24+00:00\",\"description\":\"Las mallas Method 7\/8 combinan comodidad al correr y libertad de movimiento. Su corte moderno es ajustado y perfectamente ligero.\",\"breadcrumb\":{\"@id\":\"https:\/\/www.miomiorun.com\/es\/producto\/method-7-8-tight-mujer\/#breadcrumb\"},\"inLanguage\":\"es-ES\",\"potentialAction\":[{\"@type\":\"ReadAction\",\"target\":[\"https:\/\/www.miomiorun.com\/es\/producto\/method-7-8-tight-mujer\/\"]}]},{\"@type\":\"ImageObject\",\"inLanguage\":\"es-ES\",\"@id\":\"https:\/\/www.miomiorun.com\/es\/producto\/method-7-8-tight-mujer\/#primaryimage\",\"url\":\"https:\/\/www.miomiorun.com\/app\/uploads\/2023\/07\/brooks-method-7-8-tight-W-black-221524001.jpg\",\"contentUrl\":\"https:\/\/www.miomiorun.com\/app\/uploads\/2023\/07\/brooks-method-7-8-tight-W-black-221524001.jpg\",\"width\":600,\"height\":600,\"caption\":\"brooks-method-7-8-tight-W-black-221524001\"},{\"@type\":\"BreadcrumbList\",\"@id\":\"https:\/\/www.miomiorun.com\/es\/producto\/method-7-8-tight-mujer\/#breadcrumb\",\"itemListElement\":[{\"@type\":\"ListItem\",\"position\":1,\"name\":\"Home\",\"item\":\"https:\/\/www.miomiorun.com\/es\/\"},{\"@type\":\"ListItem\",\"position\":2,\"name\":\"Shop\",\"item\":\"https:\/\/www.miomiorun.com\/shop\/\"},{\"@type\":\"ListItem\",\"position\":3,\"name\":\"Method 7\/8 tight mujer\"}]},{\"@type\":\"WebSite\",\"@id\":\"https:\/\/www.miomiorun.com\/es\/#website\",\"url\":\"https:\/\/www.miomiorun.com\/es\/\",\"name\":\"MioMioRun\",\"description\":\"Tienda 100% running y trail\",\"publisher\":{\"@id\":\"https:\/\/www.miomiorun.com\/es\/#organization\"},\"potentialAction\":[{\"@type\":\"SearchAction\",\"target\":{\"@type\":\"EntryPoint\",\"urlTemplate\":\"https:\/\/www.miomiorun.com\/es\/?s={search_term_string}\"},\"query-input\":{\"@type\":\"PropertyValueSpecification\",\"valueRequired\":true,\"valueName\":\"search_term_string\"}}],\"inLanguage\":\"es-ES\"},{\"@type\":\"Organization\",\"@id\":\"https:\/\/www.miomiorun.com\/es\/#organization\",\"name\":\"MioMio Run\",\"url\":\"https:\/\/www.miomiorun.com\/es\/\",\"logo\":{\"@type\":\"ImageObject\",\"inLanguage\":\"es-ES\",\"@id\":\"https:\/\/www.miomiorun.com\/es\/#\/schema\/logo\/image\/\",\"url\":\"https:\/\/www.miomiorun.com\/app\/uploads\/2019\/12\/logomio.png\",\"contentUrl\":\"https:\/\/www.miomiorun.com\/app\/uploads\/2019\/12\/logomio.png\",\"width\":115,\"height\":82,\"caption\":\"MioMio Run\"},\"image\":{\"@id\":\"https:\/\/www.miomiorun.com\/es\/#\/schema\/logo\/image\/\"},\"sameAs\":[\"https:\/\/www.facebook.com\/miomiorun\/\",\"https:\/\/www.instagram.com\/miomiorun\/\"]}]}<\/script>\n<!-- \/ Yoast SEO plugin. -->","yoast_head_json":{"title":"Brooks Method 7\/8 tight mujer - pantalones 7\/8 - MioMioRun","description":"Las mallas Method 7\/8 combinan comodidad al correr y libertad de movimiento. Su corte moderno es ajustado y perfectamente ligero.","robots":{"index":"index","follow":"follow","max-snippet":"max-snippet:-1","max-image-preview":"max-image-preview:large","max-video-preview":"max-video-preview:-1"},"canonical":"https:\/\/www.miomiorun.com\/es\/producto\/method-7-8-tight-mujer\/","og_locale":"es_ES","og_type":"article","og_title":"Brooks Method 7\/8 tight mujer - pantalones 7\/8 - MioMioRun","og_description":"Las mallas Method 7\/8 combinan comodidad al correr y libertad de movimiento. Su corte moderno es ajustado y perfectamente ligero.","og_url":"https:\/\/www.miomiorun.com\/es\/producto\/method-7-8-tight-mujer\/","og_site_name":"MioMioRun","article_publisher":"https:\/\/www.facebook.com\/miomiorun\/","article_modified_time":"2026-05-06T16:41:24+00:00","og_image":[{"width":600,"height":600,"url":"https:\/\/www.miomiorun.com\/app\/uploads\/2023\/07\/brooks-method-7-8-tight-W-black-221524001.jpg","type":"image\/jpeg"}],"twitter_card":"summary_large_image","twitter_misc":{"Est. reading time":"1 minute"},"schema":{"@context":"https:\/\/schema.org","@graph":[{"@type":"WebPage","@id":"https:\/\/www.miomiorun.com\/es\/producto\/method-7-8-tight-mujer\/","url":"https:\/\/www.miomiorun.com\/es\/producto\/method-7-8-tight-mujer\/","name":"Brooks Method 7\/8 tight mujer - pantalones 7\/8 - MioMioRun","isPartOf":{"@id":"https:\/\/www.miomiorun.com\/es\/#website"},"primaryImageOfPage":{"@id":"https:\/\/www.miomiorun.com\/es\/producto\/method-7-8-tight-mujer\/#primaryimage"},"image":{"@id":"https:\/\/www.miomiorun.com\/es\/producto\/method-7-8-tight-mujer\/#primaryimage"},"thumbnailUrl":"https:\/\/www.miomiorun.com\/app\/uploads\/2023\/07\/brooks-method-7-8-tight-W-black-221524001.jpg","datePublished":"2023-07-11T12:36:39+00:00","dateModified":"2026-05-06T16:41:24+00:00","description":"Las mallas Method 7\/8 combinan comodidad al correr y libertad de movimiento. Su corte moderno es ajustado y perfectamente ligero.","breadcrumb":{"@id":"https:\/\/www.miomiorun.com\/es\/producto\/method-7-8-tight-mujer\/#breadcrumb"},"inLanguage":"es-ES","potentialAction":[{"@type":"ReadAction","target":["https:\/\/www.miomiorun.com\/es\/producto\/method-7-8-tight-mujer\/"]}]},{"@type":"ImageObject","inLanguage":"es-ES","@id":"https:\/\/www.miomiorun.com\/es\/producto\/method-7-8-tight-mujer\/#primaryimage","url":"https:\/\/www.miomiorun.com\/app\/uploads\/2023\/07\/brooks-method-7-8-tight-W-black-221524001.jpg","contentUrl":"https:\/\/www.miomiorun.com\/app\/uploads\/2023\/07\/brooks-method-7-8-tight-W-black-221524001.jpg","width":600,"height":600,"caption":"brooks-method-7-8-tight-W-black-221524001"},{"@type":"BreadcrumbList","@id":"https:\/\/www.miomiorun.com\/es\/producto\/method-7-8-tight-mujer\/#breadcrumb","itemListElement":[{"@type":"ListItem","position":1,"name":"Home","item":"https:\/\/www.miomiorun.com\/es\/"},{"@type":"ListItem","position":2,"name":"Shop","item":"https:\/\/www.miomiorun.com\/shop\/"},{"@type":"ListItem","position":3,"name":"Method 7\/8 tight mujer"}]},{"@type":"WebSite","@id":"https:\/\/www.miomiorun.com\/es\/#website","url":"https:\/\/www.miomiorun.com\/es\/","name":"MioMioRun","description":"Tienda 100% running y trail","publisher":{"@id":"https:\/\/www.miomiorun.com\/es\/#organization"},"potentialAction":[{"@type":"SearchAction","target":{"@type":"EntryPoint","urlTemplate":"https:\/\/www.miomiorun.com\/es\/?s={search_term_string}"},"query-input":{"@type":"PropertyValueSpecification","valueRequired":true,"valueName":"search_term_string"}}],"inLanguage":"es-ES"},{"@type":"Organization","@id":"https:\/\/www.miomiorun.com\/es\/#organization","name":"MioMio Run","url":"https:\/\/www.miomiorun.com\/es\/","logo":{"@type":"ImageObject","inLanguage":"es-ES","@id":"https:\/\/www.miomiorun.com\/es\/#\/schema\/logo\/image\/","url":"https:\/\/www.miomiorun.com\/app\/uploads\/2019\/12\/logomio.png","contentUrl":"https:\/\/www.miomiorun.com\/app\/uploads\/2019\/12\/logomio.png","width":115,"height":82,"caption":"MioMio Run"},"image":{"@id":"https:\/\/www.miomiorun.com\/es\/#\/schema\/logo\/image\/"},"sameAs":["https:\/\/www.facebook.com\/miomiorun\/","https:\/\/www.instagram.com\/miomiorun\/"]}]}},"_links":{"self":[{"href":"https:\/\/www.miomiorun.com\/es\/wp-json\/wp\/v2\/product\/287150","targetHints":{"allow":["GET"]}}],"collection":[{"href":"https:\/\/www.miomiorun.com\/es\/wp-json\/wp\/v2\/product"}],"about":[{"href":"https:\/\/www.miomiorun.com\/es\/wp-json\/wp\/v2\/types\/product"}],"wp:featuredmedia":[{"embeddable":true,"href":"https:\/\/www.miomiorun.com\/es\/wp-json\/wp\/v2\/media\/242047"}],"wp:attachment":[{"href":"https:\/\/www.miomiorun.com\/es\/wp-json\/wp\/v2\/media?parent=287150"}],"wp:term":[{"taxonomy":"product_brand","embeddable":true,"href":"https:\/\/www.miomiorun.com\/es\/wp-json\/wp\/v2\/product_brand?post=287150"},{"taxonomy":"product_cat","embeddable":true,"href":"https:\/\/www.miomiorun.com\/es\/wp-json\/wp\/v2\/product_cat?post=287150"},{"taxonomy":"product_tag","embeddable":true,"href":"https:\/\/www.miomiorun.com\/es\/wp-json\/wp\/v2\/product_tag?post=287150"}],"curies":[{"name":"wp","href":"https:\/\/api.w.org\/{rel}","templated":true}]}}